{"id":294,"date":"2025-08-25T07:20:51","date_gmt":"2025-08-25T11:20:51","guid":{"rendered":"https:\/\/4575d4bec0.nxcli.io\/apac\/australia\/?page_id=294"},"modified":"2025-12-22T01:22:17","modified_gmt":"2025-12-22T06:22:17","slug":"flashlight-care","status":"publish","type":"page","link":"https:\/\/eveready.com\/apac\/vietnam\/about-eveready\/flashlight-care\/","title":{"rendered":"C\u00c1CH B\u1ea2O QU\u1ea2N \u0110\u00c8N PIN"},"content":{"rendered":"\t\t<div data-elementor-type=\"wp-page\" data-elementor-id=\"294\" class=\"elementor elementor-294\" data-elementor-post-type=\"page\">\n\t\t\t\t<div class=\"elementor-element elementor-element-700e413 e-con-full e-flex e-con e-parent\" data-id=\"700e413\" data-element_type=\"container\" data-e-type=\"container\">\n\t\t<div class=\"elementor-element elementor-element-dac3694 e-con-full e-flex e-con e-child\" data-id=\"dac3694\" data-element_type=\"container\" data-e-type=\"container\">\n\t\t\t\t<div class=\"elementor-element elementor-element-10c0037 elementor-widget elementor-widget-image\" data-id=\"10c0037\" data-element_type=\"widget\" data-e-type=\"widget\" data-widget_type=\"image.default\">\n\t\t\t\t\t\t\t\t\t\t\t\t\t\t\t<img fetchpriority=\"high\" decoding=\"async\" width=\"1500\" height=\"650\" src=\"https:\/\/eveready.com\/apac\/vietnam\/wp-content\/uploads\/sites\/4\/2025\/09\/subbanner.png\" class=\"attachment-full size-full wp-image-3648\" alt=\"\" srcset=\"https:\/\/eveready.com\/apac\/vietnam\/wp-content\/uploads\/sites\/4\/2025\/09\/subbanner.png 1500w, https:\/\/eveready.com\/apac\/vietnam\/wp-content\/uploads\/sites\/4\/2025\/09\/subbanner-300x130.png 300w, https:\/\/eveready.com\/apac\/vietnam\/wp-content\/uploads\/sites\/4\/2025\/09\/subbanner-1024x444.png 1024w, https:\/\/eveready.com\/apac\/vietnam\/wp-content\/uploads\/sites\/4\/2025\/09\/subbanner-150x65.png 150w, https:\/\/eveready.com\/apac\/vietnam\/wp-content\/uploads\/sites\/4\/2025\/09\/subbanner-768x333.png 768w, https:\/\/eveready.com\/apac\/vietnam\/wp-content\/uploads\/sites\/4\/2025\/09\/subbanner-600x260.png 600w\" sizes=\"(max-width: 1500px) 100vw, 1500px\" \/>\t\t\t\t\t\t\t\t\t\t\t\t\t\t\t<\/div>\n\t\t<div class=\"elementor-element elementor-element-d1be883 e-con-full e-flex e-con e-child\" data-id=\"d1be883\" data-element_type=\"container\" data-e-type=\"container\">\n\t\t\t\t<div class=\"elementor-element elementor-element-057c318 yellow-heading elementor-widget elementor-widget-heading\" data-id=\"057c318\" data-element_type=\"widget\" data-e-type=\"widget\" data-widget_type=\"heading.default\">\n\t\t\t\t\t<h2 class=\"elementor-heading-title elementor-size-default\">C\u00c1CH B\u1ea2O QU\u1ea2N<\/h2>\t\t\t\t<\/div>\n\t\t\t\t<div class=\"elementor-element elementor-element-6403f62 elementor-widget-divider--view-line elementor-widget elementor-widget-divider\" data-id=\"6403f62\" data-element_type=\"widget\" data-e-type=\"widget\" data-widget_type=\"divider.default\">\n\t\t\t\t\t\t\t<div class=\"elementor-divider\">\n\t\t\t<span class=\"elementor-divider-separator\">\n\t\t\t\t\t\t<\/span>\n\t\t<\/div>\n\t\t\t\t\t\t<\/div>\n\t\t\t\t<div class=\"elementor-element elementor-element-d196292 white-heading elementor-widget elementor-widget-heading\" data-id=\"d196292\" data-element_type=\"widget\" data-e-type=\"widget\" data-widget_type=\"heading.default\">\n\t\t\t\t\t<h2 class=\"elementor-heading-title elementor-size-default\"> \u0110\u00c8N PIN<\/h2>\t\t\t\t<\/div>\n\t\t\t\t<\/div>\n\t\t\t\t<\/div>\n\t\t\t\t<\/div>\n\t\t<div class=\"elementor-element elementor-element-be94206 e-flex e-con-boxed e-con e-parent\" data-id=\"be94206\" data-element_type=\"container\" data-e-type=\"container\">\n\t\t\t\t\t<div class=\"e-con-inner\">\n\t\t\t\t<div class=\"elementor-element elementor-element-6d45777 elementor-widget elementor-widget-heading\" data-id=\"6d45777\" data-element_type=\"widget\" data-e-type=\"widget\" data-widget_type=\"heading.default\">\n\t\t\t\t\t<h3 class=\"elementor-heading-title elementor-size-default\">NH\u1eeeNG \u0110I\u1ec0U N\u00caN TH\u1ef0C HI\u1ec6N<\/h3>\t\t\t\t<\/div>\n\t\t\t\t<div class=\"elementor-element elementor-element-74e1ca0 elementor-list-item-link-full_width elementor-widget elementor-widget-icon-list\" data-id=\"74e1ca0\" data-element_type=\"widget\" data-e-type=\"widget\" data-widget_type=\"icon-list.default\">\n\t\t\t\t\t\t\t<ul class=\"elementor-icon-list-items\">\n\t\t\t\t\t\t\t<li class=\"elementor-icon-list-item\">\n\t\t\t\t\t\t\t\t\t\t\t<span class=\"elementor-icon-list-icon\">\n\t\t\t\t\t\t\t<svg aria-hidden=\"true\" class=\"e-font-icon-svg e-fas-circle\" viewBox=\"0 0 512 512\" xmlns=\"http:\/\/www.w3.org\/2000\/svg\"><path d=\"M256 8C119 8 8 119 8 256s111 248 248 248 248-111 248-248S393 8 256 8z\"><\/path><\/svg>\t\t\t\t\t\t<\/span>\n\t\t\t\t\t\t\t\t\t\t<span class=\"elementor-icon-list-text\">N\u00caN c\u1ea5t gi\u1eef \u0111\u00e8n pin \u1edf n\u01a1i kh\u00f4 r\u00e1o, m\u00e1t m\u1ebb, thu\u1eadn ti\u1ec7n v\u00e0 d\u1ec5 d\u00e0ng l\u1ea5y trong tr\u01b0\u1eddng h\u1ee3p kh\u1ea9n c\u1ea5p ho\u1eb7c m\u1ea5t \u0111i\u1ec7n.<\/span>\n\t\t\t\t\t\t\t\t\t<\/li>\n\t\t\t\t\t\t\t\t<li class=\"elementor-icon-list-item\">\n\t\t\t\t\t\t\t\t\t\t\t<span class=\"elementor-icon-list-icon\">\n\t\t\t\t\t\t\t<svg aria-hidden=\"true\" class=\"e-font-icon-svg e-fas-circle\" viewBox=\"0 0 512 512\" xmlns=\"http:\/\/www.w3.org\/2000\/svg\"><path d=\"M256 8C119 8 8 119 8 256s111 248 248 248 248-111 248-248S393 8 256 8z\"><\/path><\/svg>\t\t\t\t\t\t<\/span>\n\t\t\t\t\t\t\t\t\t\t<span class=\"elementor-icon-list-text\">N\u00caN thay pin cho \u0111\u00e8n pin ho\u1eb7c \u0111\u00e8n l\u1ed3ng v\u00e0i th\u00e1ng m\u1ed9t l\u1ea7n n\u1ebfu kh\u00f4ng s\u1eed d\u1ee5ng trong th\u1eddi gian d\u00e0i. \u0110i\u1ec1u n\u00e0y \u0111\u1ea3m b\u1ea3o \u0111\u00e8n lu\u00f4n c\u00f3 pin m\u1edbi ho\u1ea1t \u0111\u1ed9ng t\u1ed1t v\u00e0 ng\u0103n ng\u1eeba hi\u1ec7n t\u01b0\u1ee3ng r\u00f2 r\u1ec9 pin.<\/span>\n\t\t\t\t\t\t\t\t\t<\/li>\n\t\t\t\t\t\t\t\t<li class=\"elementor-icon-list-item\">\n\t\t\t\t\t\t\t\t\t\t\t<span class=\"elementor-icon-list-icon\">\n\t\t\t\t\t\t\t<svg aria-hidden=\"true\" class=\"e-font-icon-svg e-fas-circle\" viewBox=\"0 0 512 512\" xmlns=\"http:\/\/www.w3.org\/2000\/svg\"><path d=\"M256 8C119 8 8 119 8 256s111 248 248 248 248-111 248-248S393 8 256 8z\"><\/path><\/svg>\t\t\t\t\t\t<\/span>\n\t\t\t\t\t\t\t\t\t\t<span class=\"elementor-icon-list-text\">N\u00caN c\u1ea5t gi\u1eef \u0111\u00e8n pin \u1edf nhi\u1ec1u v\u1ecb tr\u00ed kh\u00e1c nhau trong nh\u00e0 v\u00e0 tr\u00ean xe - trong t\u1ee7 ho\u1eb7c ng\u0103n k\u00e9o, g\u1ea7n gi\u01b0\u1eddng ng\u1ee7, v\u00e0 trong h\u1ed9c \u0111\u1ef1ng \u0111\u1ef1ng \u0111\u1ed3 xe h\u01a1i - \u0111\u1ec3 ph\u00f2ng c\u00e1c t\u00ecnh hu\u1ed1ng kh\u1ea9n c\u1ea5p.<\/span>\n\t\t\t\t\t\t\t\t\t<\/li>\n\t\t\t\t\t\t\t\t<li class=\"elementor-icon-list-item\">\n\t\t\t\t\t\t\t\t\t\t\t<span class=\"elementor-icon-list-icon\">\n\t\t\t\t\t\t\t<svg aria-hidden=\"true\" class=\"e-font-icon-svg e-fas-circle\" viewBox=\"0 0 512 512\" xmlns=\"http:\/\/www.w3.org\/2000\/svg\"><path d=\"M256 8C119 8 8 119 8 256s111 248 248 248 248-111 248-248S393 8 256 8z\"><\/path><\/svg>\t\t\t\t\t\t<\/span>\n\t\t\t\t\t\t\t\t\t\t<span class=\"elementor-icon-list-text\">N\u00caN \u0111\u1eb7t \u0111\u00e8n pin \u1edf nhi\u1ec1u \u0111\u1ecba \u0111i\u1ec3m trong nh\u00e0 v\u00e0 tr\u00ean xe - trong t\u1ee7 ho\u1eb7c ng\u0103n k\u00e9o, g\u1ea7n gi\u01b0\u1eddng \u0111\u1ec3 \u1ee9ng ph\u00f3 c\u00e1c t\u00ecnh hu\u1ed1ng kh\u1ea9n c\u1ea5p t\u1ea1i nh\u00e0 v\u00e0 trong h\u1ed9c \u0111\u1ef1ng \u0111\u1ed3 xe h\u01a1i.<\/span>\n\t\t\t\t\t\t\t\t\t<\/li>\n\t\t\t\t\t\t\t\t<li class=\"elementor-icon-list-item\">\n\t\t\t\t\t\t\t\t\t\t\t<span class=\"elementor-icon-list-icon\">\n\t\t\t\t\t\t\t<svg aria-hidden=\"true\" class=\"e-font-icon-svg e-fas-circle\" viewBox=\"0 0 512 512\" xmlns=\"http:\/\/www.w3.org\/2000\/svg\"><path d=\"M256 8C119 8 8 119 8 256s111 248 248 248 248-111 248-248S393 8 256 8z\"><\/path><\/svg>\t\t\t\t\t\t<\/span>\n\t\t\t\t\t\t\t\t\t\t<span class=\"elementor-icon-list-text\">N\u00caN \u0111\u1ec3 m\u1ed9t v\u1ec9 pin Eveready\u00ae m\u1edbi nguy\u00ean seal b\u00ean c\u1ea1nh \u0111\u00e8n pin. Nhi\u1ec1u gia \u0111\u00ecnh th\u01b0\u1eddng g\u1eb7p t\u00ecnh tr\u1ea1ng pin kh\u00f4ng \u0111\u01b0\u1ee3c thay th\u01b0\u1eddng xuy\u00ean ho\u1eb7c tr\u1ebb em \u0111\u00e3 l\u1ea5y pin ra \u0111\u1ec3 d\u00f9ng cho c\u00e1c m\u00f3n \u0111\u1ed3 ch\u01a1i. \u0110\u1ec3 m\u1ed9t v\u1ec9 pin ch\u01b0a m\u1edf n\u01a1i b\u1ea1n c\u1ea5t \u0111\u00e8n pin gi\u00fap b\u1ea1n y\u00ean t\u00e2m r\u1eb1ng m\u00ecnh s\u1ebd kh\u00f4ng bao gi\u1edd b\u1ecb b\u1ecf l\u1ea1i trong b\u00f3ng t\u1ed1i.<\/span>\n\t\t\t\t\t\t\t\t\t<\/li>\n\t\t\t\t\t\t<\/ul>\n\t\t\t\t\t\t<\/div>\n\t\t\t\t<div class=\"elementor-element elementor-element-92c93b3 elementor-widget elementor-widget-heading\" data-id=\"92c93b3\" data-element_type=\"widget\" data-e-type=\"widget\" data-widget_type=\"heading.default\">\n\t\t\t\t\t<h3 class=\"elementor-heading-title elementor-size-default\">NH\u1eeeNG \u0110I\u1ec0U C\u1ea6N TR\u00c1NH<\/h3>\t\t\t\t<\/div>\n\t\t\t\t<div class=\"elementor-element elementor-element-54f2d78 elementor-list-item-link-full_width elementor-widget elementor-widget-icon-list\" data-id=\"54f2d78\" data-element_type=\"widget\" data-e-type=\"widget\" data-widget_type=\"icon-list.default\">\n\t\t\t\t\t\t\t<ul class=\"elementor-icon-list-items\">\n\t\t\t\t\t\t\t<li class=\"elementor-icon-list-item\">\n\t\t\t\t\t\t\t\t\t\t\t<span class=\"elementor-icon-list-icon\">\n\t\t\t\t\t\t\t<svg aria-hidden=\"true\" class=\"e-font-icon-svg e-fas-circle\" viewBox=\"0 0 512 512\" xmlns=\"http:\/\/www.w3.org\/2000\/svg\"><path d=\"M256 8C119 8 8 119 8 256s111 248 248 248 248-111 248-248S393 8 256 8z\"><\/path><\/svg>\t\t\t\t\t\t<\/span>\n\t\t\t\t\t\t\t\t\t\t<span class=\"elementor-icon-list-text\">KH\u00d4NG c\u1ea5t \u0111\u00e8n pin \u1edf n\u01a1i c\u00f3 nhi\u1ec7t \u0111\u1ed9 cao. \u0110i\u1ec1u n\u00e0y c\u00f3 th\u1ec3 \u0111\u1ea9y nhanh c\u00e1c v\u1ea5n \u0111\u1ec1 g\u00e2y h\u01b0 h\u1ea1i trong \u0111\u00e8n pin, bao g\u1ed3m kh\u1ea3 n\u0103ng r\u00f2 r\u1ec9 pin.<\/span>\n\t\t\t\t\t\t\t\t\t<\/li>\n\t\t\t\t\t\t\t\t<li class=\"elementor-icon-list-item\">\n\t\t\t\t\t\t\t\t\t\t\t<span class=\"elementor-icon-list-icon\">\n\t\t\t\t\t\t\t<svg aria-hidden=\"true\" class=\"e-font-icon-svg e-fas-circle\" viewBox=\"0 0 512 512\" xmlns=\"http:\/\/www.w3.org\/2000\/svg\"><path d=\"M256 8C119 8 8 119 8 256s111 248 248 248 248-111 248-248S393 8 256 8z\"><\/path><\/svg>\t\t\t\t\t\t<\/span>\n\t\t\t\t\t\t\t\t\t\t<span class=\"elementor-icon-list-text\">KH\u00d4NG \u0111\u1ec3 \u0111\u00e8n pin d\u01b0\u1edbi gh\u1ebf xe h\u01a1i, ho\u1eb7c d\u01b0\u1edbi \u00e1nh n\u1eafng tr\u1ef1c ti\u1ebfp<\/span>\n\t\t\t\t\t\t\t\t\t<\/li>\n\t\t\t\t\t\t<\/ul>\n\t\t\t\t\t\t<\/div>\n\t\t\t\t\t<\/div>\n\t\t\t\t<\/div>\n\t\t\t\t<\/div>\n\t\t","protected":false},"excerpt":{"rendered":"<p>C\u00c1CH B\u1ea2O QU\u1ea2N \u0110\u00c8N PIN NH\u1eeeNG \u0110I\u1ec0U N\u00caN TH\u1ef0C HI\u1ec6N N\u00caN c\u1ea5t gi\u1eef \u0111\u00e8n pin \u1edf n\u01a1i kh\u00f4 r\u00e1o, m\u00e1t m\u1ebb, thu\u1eadn ti\u1ec7n v\u00e0 d\u1ec5 d\u00e0ng l\u1ea5y trong tr\u01b0\u1eddng h\u1ee3p kh\u1ea9n c\u1ea5p ho\u1eb7c m\u1ea5t \u0111i\u1ec7n. N\u00caN thay pin cho \u0111\u00e8n pin ho\u1eb7c \u0111\u00e8n l\u1ed3ng v\u00e0i th\u00e1ng m\u1ed9t l\u1ea7n n\u1ebfu kh\u00f4ng s\u1eed d\u1ee5ng trong th\u1eddi gian [&hellip;]<\/p>\n","protected":false},"author":1,"featured_media":0,"parent":90,"menu_order":0,"comment_status":"closed","ping_status":"closed","template":"","meta":{"_acf_changed":false,"footnotes":""},"class_list":["post-294","page","type-page","status-publish","hentry"],"acf":[],"yoast_head":"<!-- This site is optimized with the Yoast SEO plugin v27.2 - https:\/\/yoast.com\/product\/yoast-seo-wordpress\/ -->\n<title>C\u00c1CH B\u1ea2O QU\u1ea2N \u0110\u00c8N PIN - Eveready Vietnam<\/title>\n<meta name=\"robots\" content=\"index, follow, max-snippet:-1, max-image-preview:large, max-video-preview:-1\" \/>\n<link rel=\"canonical\" href=\"https:\/\/eveready.com\/apac\/vietnam\/about-eveready\/flashlight-care\/\" \/>\n<meta property=\"og:locale\" content=\"en_US\" \/>\n<meta property=\"og:type\" content=\"article\" \/>\n<meta property=\"og:title\" content=\"C\u00c1CH B\u1ea2O QU\u1ea2N \u0110\u00c8N PIN - Eveready Vietnam\" \/>\n<meta property=\"og:description\" content=\"C\u00c1CH B\u1ea2O QU\u1ea2N \u0110\u00c8N PIN NH\u1eeeNG \u0110I\u1ec0U N\u00caN TH\u1ef0C HI\u1ec6N N\u00caN c\u1ea5t gi\u1eef \u0111\u00e8n pin \u1edf n\u01a1i kh\u00f4 r\u00e1o, m\u00e1t m\u1ebb, thu\u1eadn ti\u1ec7n v\u00e0 d\u1ec5 d\u00e0ng l\u1ea5y trong tr\u01b0\u1eddng h\u1ee3p kh\u1ea9n c\u1ea5p ho\u1eb7c m\u1ea5t \u0111i\u1ec7n. N\u00caN thay pin cho \u0111\u00e8n pin ho\u1eb7c \u0111\u00e8n l\u1ed3ng v\u00e0i th\u00e1ng m\u1ed9t l\u1ea7n n\u1ebfu kh\u00f4ng s\u1eed d\u1ee5ng trong th\u1eddi gian [&hellip;]\" \/>\n<meta property=\"og:url\" content=\"https:\/\/eveready.com\/apac\/vietnam\/about-eveready\/flashlight-care\/\" \/>\n<meta property=\"og:site_name\" content=\"Eveready Vietnam\" \/>\n<meta property=\"article:modified_time\" content=\"2025-12-22T06:22:17+00:00\" \/>\n<meta property=\"og:image\" content=\"https:\/\/eveready.com\/apac\/vietnam\/wp-content\/uploads\/sites\/4\/2025\/09\/subbanner.png\" \/>\n\t<meta property=\"og:image:width\" content=\"1500\" \/>\n\t<meta property=\"og:image:height\" content=\"650\" \/>\n\t<meta property=\"og:image:type\" content=\"image\/png\" \/>\n<meta name=\"twitter:card\" content=\"summary_large_image\" \/>\n<meta name=\"twitter:label1\" content=\"Est. reading time\" \/>\n\t<meta name=\"twitter:data1\" content=\"2 minutes\" \/>\n<script type=\"application\/ld+json\" class=\"yoast-schema-graph\">{\"@context\":\"https:\/\/schema.org\",\"@graph\":[{\"@type\":\"WebPage\",\"@id\":\"https:\/\/eveready.com\/apac\/vietnam\/about-eveready\/flashlight-care\/\",\"url\":\"https:\/\/eveready.com\/apac\/vietnam\/about-eveready\/flashlight-care\/\",\"name\":\"C\u00c1CH B\u1ea2O QU\u1ea2N \u0110\u00c8N PIN - Eveready Vietnam\",\"isPartOf\":{\"@id\":\"https:\/\/eveready.com\/apac\/vietnam\/#website\"},\"primaryImageOfPage\":{\"@id\":\"https:\/\/eveready.com\/apac\/vietnam\/about-eveready\/flashlight-care\/#primaryimage\"},\"image\":{\"@id\":\"https:\/\/eveready.com\/apac\/vietnam\/about-eveready\/flashlight-care\/#primaryimage\"},\"thumbnailUrl\":\"https:\/\/eveready.com\/apac\/vietnam\/wp-content\/uploads\/sites\/4\/2025\/09\/subbanner.png\",\"datePublished\":\"2025-08-25T11:20:51+00:00\",\"dateModified\":\"2025-12-22T06:22:17+00:00\",\"breadcrumb\":{\"@id\":\"https:\/\/eveready.com\/apac\/vietnam\/about-eveready\/flashlight-care\/#breadcrumb\"},\"inLanguage\":\"en-US\",\"potentialAction\":[{\"@type\":\"ReadAction\",\"target\":[\"https:\/\/eveready.com\/apac\/vietnam\/about-eveready\/flashlight-care\/\"]}]},{\"@type\":\"ImageObject\",\"inLanguage\":\"en-US\",\"@id\":\"https:\/\/eveready.com\/apac\/vietnam\/about-eveready\/flashlight-care\/#primaryimage\",\"url\":\"https:\/\/eveready.com\/apac\/vietnam\/wp-content\/uploads\/sites\/4\/2025\/09\/subbanner.png\",\"contentUrl\":\"https:\/\/eveready.com\/apac\/vietnam\/wp-content\/uploads\/sites\/4\/2025\/09\/subbanner.png\",\"width\":1500,\"height\":650},{\"@type\":\"BreadcrumbList\",\"@id\":\"https:\/\/eveready.com\/apac\/vietnam\/about-eveready\/flashlight-care\/#breadcrumb\",\"itemListElement\":[{\"@type\":\"ListItem\",\"position\":1,\"name\":\"Home\",\"item\":\"https:\/\/eveready.com\/apac\/vietnam\/\"},{\"@type\":\"ListItem\",\"position\":2,\"name\":\"V\u1ec0 CH\u00daNG T\u00d4I\",\"item\":\"https:\/\/eveready.com\/apac\/vietnam\/about-eveready\/\"},{\"@type\":\"ListItem\",\"position\":3,\"name\":\"C\u00c1CH B\u1ea2O QU\u1ea2N \u0110\u00c8N PIN\"}]},{\"@type\":\"WebSite\",\"@id\":\"https:\/\/eveready.com\/apac\/vietnam\/#website\",\"url\":\"https:\/\/eveready.com\/apac\/vietnam\/\",\"name\":\"Eveready Vietnam\",\"description\":\"\",\"publisher\":{\"@id\":\"https:\/\/eveready.com\/apac\/vietnam\/#organization\"},\"potentialAction\":[{\"@type\":\"SearchAction\",\"target\":{\"@type\":\"EntryPoint\",\"urlTemplate\":\"https:\/\/eveready.com\/apac\/vietnam\/?s={search_term_string}\"},\"query-input\":{\"@type\":\"PropertyValueSpecification\",\"valueRequired\":true,\"valueName\":\"search_term_string\"}}],\"inLanguage\":\"en-US\"},{\"@type\":\"Organization\",\"@id\":\"https:\/\/eveready.com\/apac\/vietnam\/#organization\",\"name\":\"Eveready Vietnam\",\"url\":\"https:\/\/eveready.com\/apac\/vietnam\/\",\"logo\":{\"@type\":\"ImageObject\",\"inLanguage\":\"en-US\",\"@id\":\"https:\/\/eveready.com\/apac\/vietnam\/#\/schema\/logo\/image\/\",\"url\":\"https:\/\/eveready.com\/apac\/vietnam\/wp-content\/uploads\/sites\/4\/2025\/08\/logo-eveready.png\",\"contentUrl\":\"https:\/\/eveready.com\/apac\/vietnam\/wp-content\/uploads\/sites\/4\/2025\/08\/logo-eveready.png\",\"width\":855,\"height\":220,\"caption\":\"Eveready Vietnam\"},\"image\":{\"@id\":\"https:\/\/eveready.com\/apac\/vietnam\/#\/schema\/logo\/image\/\"}}]}<\/script>\n<!-- \/ Yoast SEO plugin. -->","yoast_head_json":{"title":"C\u00c1CH B\u1ea2O QU\u1ea2N \u0110\u00c8N PIN - Eveready Vietnam","robots":{"index":"index","follow":"follow","max-snippet":"max-snippet:-1","max-image-preview":"max-image-preview:large","max-video-preview":"max-video-preview:-1"},"canonical":"https:\/\/eveready.com\/apac\/vietnam\/about-eveready\/flashlight-care\/","og_locale":"en_US","og_type":"article","og_title":"C\u00c1CH B\u1ea2O QU\u1ea2N \u0110\u00c8N PIN - Eveready Vietnam","og_description":"C\u00c1CH B\u1ea2O QU\u1ea2N \u0110\u00c8N PIN NH\u1eeeNG \u0110I\u1ec0U N\u00caN TH\u1ef0C HI\u1ec6N N\u00caN c\u1ea5t gi\u1eef \u0111\u00e8n pin \u1edf n\u01a1i kh\u00f4 r\u00e1o, m\u00e1t m\u1ebb, thu\u1eadn ti\u1ec7n v\u00e0 d\u1ec5 d\u00e0ng l\u1ea5y trong tr\u01b0\u1eddng h\u1ee3p kh\u1ea9n c\u1ea5p ho\u1eb7c m\u1ea5t \u0111i\u1ec7n. N\u00caN thay pin cho \u0111\u00e8n pin ho\u1eb7c \u0111\u00e8n l\u1ed3ng v\u00e0i th\u00e1ng m\u1ed9t l\u1ea7n n\u1ebfu kh\u00f4ng s\u1eed d\u1ee5ng trong th\u1eddi gian [&hellip;]","og_url":"https:\/\/eveready.com\/apac\/vietnam\/about-eveready\/flashlight-care\/","og_site_name":"Eveready Vietnam","article_modified_time":"2025-12-22T06:22:17+00:00","og_image":[{"width":1500,"height":650,"url":"https:\/\/eveready.com\/apac\/vietnam\/wp-content\/uploads\/sites\/4\/2025\/09\/subbanner.png","type":"image\/png"}],"twitter_card":"summary_large_image","twitter_misc":{"Est. reading time":"2 minutes"},"schema":{"@context":"https:\/\/schema.org","@graph":[{"@type":"WebPage","@id":"https:\/\/eveready.com\/apac\/vietnam\/about-eveready\/flashlight-care\/","url":"https:\/\/eveready.com\/apac\/vietnam\/about-eveready\/flashlight-care\/","name":"C\u00c1CH B\u1ea2O QU\u1ea2N \u0110\u00c8N PIN - Eveready Vietnam","isPartOf":{"@id":"https:\/\/eveready.com\/apac\/vietnam\/#website"},"primaryImageOfPage":{"@id":"https:\/\/eveready.com\/apac\/vietnam\/about-eveready\/flashlight-care\/#primaryimage"},"image":{"@id":"https:\/\/eveready.com\/apac\/vietnam\/about-eveready\/flashlight-care\/#primaryimage"},"thumbnailUrl":"https:\/\/eveready.com\/apac\/vietnam\/wp-content\/uploads\/sites\/4\/2025\/09\/subbanner.png","datePublished":"2025-08-25T11:20:51+00:00","dateModified":"2025-12-22T06:22:17+00:00","breadcrumb":{"@id":"https:\/\/eveready.com\/apac\/vietnam\/about-eveready\/flashlight-care\/#breadcrumb"},"inLanguage":"en-US","potentialAction":[{"@type":"ReadAction","target":["https:\/\/eveready.com\/apac\/vietnam\/about-eveready\/flashlight-care\/"]}]},{"@type":"ImageObject","inLanguage":"en-US","@id":"https:\/\/eveready.com\/apac\/vietnam\/about-eveready\/flashlight-care\/#primaryimage","url":"https:\/\/eveready.com\/apac\/vietnam\/wp-content\/uploads\/sites\/4\/2025\/09\/subbanner.png","contentUrl":"https:\/\/eveready.com\/apac\/vietnam\/wp-content\/uploads\/sites\/4\/2025\/09\/subbanner.png","width":1500,"height":650},{"@type":"BreadcrumbList","@id":"https:\/\/eveready.com\/apac\/vietnam\/about-eveready\/flashlight-care\/#breadcrumb","itemListElement":[{"@type":"ListItem","position":1,"name":"Home","item":"https:\/\/eveready.com\/apac\/vietnam\/"},{"@type":"ListItem","position":2,"name":"V\u1ec0 CH\u00daNG T\u00d4I","item":"https:\/\/eveready.com\/apac\/vietnam\/about-eveready\/"},{"@type":"ListItem","position":3,"name":"C\u00c1CH B\u1ea2O QU\u1ea2N \u0110\u00c8N PIN"}]},{"@type":"WebSite","@id":"https:\/\/eveready.com\/apac\/vietnam\/#website","url":"https:\/\/eveready.com\/apac\/vietnam\/","name":"Eveready Vietnam","description":"","publisher":{"@id":"https:\/\/eveready.com\/apac\/vietnam\/#organization"},"potentialAction":[{"@type":"SearchAction","target":{"@type":"EntryPoint","urlTemplate":"https:\/\/eveready.com\/apac\/vietnam\/?s={search_term_string}"},"query-input":{"@type":"PropertyValueSpecification","valueRequired":true,"valueName":"search_term_string"}}],"inLanguage":"en-US"},{"@type":"Organization","@id":"https:\/\/eveready.com\/apac\/vietnam\/#organization","name":"Eveready Vietnam","url":"https:\/\/eveready.com\/apac\/vietnam\/","logo":{"@type":"ImageObject","inLanguage":"en-US","@id":"https:\/\/eveready.com\/apac\/vietnam\/#\/schema\/logo\/image\/","url":"https:\/\/eveready.com\/apac\/vietnam\/wp-content\/uploads\/sites\/4\/2025\/08\/logo-eveready.png","contentUrl":"https:\/\/eveready.com\/apac\/vietnam\/wp-content\/uploads\/sites\/4\/2025\/08\/logo-eveready.png","width":855,"height":220,"caption":"Eveready Vietnam"},"image":{"@id":"https:\/\/eveready.com\/apac\/vietnam\/#\/schema\/logo\/image\/"}}]}},"_links":{"self":[{"href":"https:\/\/eveready.com\/apac\/vietnam\/wp-json\/wp\/v2\/pages\/294","targetHints":{"allow":["GET"]}}],"collection":[{"href":"https:\/\/eveready.com\/apac\/vietnam\/wp-json\/wp\/v2\/pages"}],"about":[{"href":"https:\/\/eveready.com\/apac\/vietnam\/wp-json\/wp\/v2\/types\/page"}],"author":[{"embeddable":true,"href":"https:\/\/eveready.com\/apac\/vietnam\/wp-json\/wp\/v2\/users\/1"}],"replies":[{"embeddable":true,"href":"https:\/\/eveready.com\/apac\/vietnam\/wp-json\/wp\/v2\/comments?post=294"}],"version-history":[{"count":16,"href":"https:\/\/eveready.com\/apac\/vietnam\/wp-json\/wp\/v2\/pages\/294\/revisions"}],"predecessor-version":[{"id":5074,"href":"https:\/\/eveready.com\/apac\/vietnam\/wp-json\/wp\/v2\/pages\/294\/revisions\/5074"}],"up":[{"embeddable":true,"href":"https:\/\/eveready.com\/apac\/vietnam\/wp-json\/wp\/v2\/pages\/90"}],"wp:attachment":[{"href":"https:\/\/eveready.com\/apac\/vietnam\/wp-json\/wp\/v2\/media?parent=294"}],"curies":[{"name":"wp","href":"https:\/\/api.w.org\/{rel}","templated":true}]}}