{"id":4442,"date":"2025-10-23T01:34:32","date_gmt":"2025-10-23T05:34:32","guid":{"rendered":"https:\/\/eveready.com\/apac\/vietnam\/?post_type=product&#038;p=4442"},"modified":"2025-11-20T06:22:14","modified_gmt":"2025-11-20T11:22:14","slug":"eveready-super-heavy-duty-9v","status":"publish","type":"product","link":"https:\/\/eveready.com\/apac\/vietnam\/product\/eveready-super-heavy-duty-9v\/","title":{"rendered":"Pin Eveready\u00ae Super Heavy Duty\u2122 9V"},"content":{"rendered":"<p><strong>T\u00ednh n\u0103ng v\u00e0 L\u1ee3i \u00edch<\/strong><\/p>\n<ul>\n<li>Pin Carbon-K\u1ebdm Eveready\u00ae Super Heavy Duty\u2122 9 Volt, v\u1ec9 1 vi\u00ean<\/li>\n<li>Ngu\u1ed3n n\u0103ng l\u01b0\u1ee3ng \u0111\u00e1ng tin c\u1eady cho \u0111\u1ed3ng h\u1ed3, \u0111\u00e8n pin, radio v\u00e0 nhi\u1ec1u thi\u1ebft b\u1ecb kh\u00e1c<\/li>\n<li>B\u1ea3o qu\u1ea3n \u0111\u01b0\u1ee3c \u0111\u1ebfn 3 n\u0103m m\u00e0 v\u1eabn s\u1eb5n s\u00e0ng s\u1eed d\u1ee5ng khi kh\u00f4ng d\u00f9ng \u0111\u1ebfn<\/li>\n<li>Ho\u00e0n to\u00e0n kh\u00f4ng b\u1ed5 sung th\u1ee7y ng\u00e2n v\u00e0 cadmium<\/li>\n<li>Con d\u1ea5u ch\u1ea5t l\u01b0\u1ee3ng \u0111\u1ea3m b\u1ea3o ngu\u1ed3n n\u0103ng l\u01b0\u1ee3ng \u0111\u00e1ng tin c\u1eady<\/li>\n<\/ul>\n","protected":false},"excerpt":{"rendered":"<p>Pin Eveready\u00ae Super Heavy Duty\u2122 \u0111\u01b0\u1ee3c thi\u1ebft k\u1ebf chuy\u00ean bi\u1ec7t \u0111\u1ec3 cung c\u1ea5p ngu\u1ed3n n\u0103ng l\u01b0\u1ee3ng \u1ed5n \u0111\u1ecbnh v\u00e0 \u0111\u00e1ng tin c\u1eady. L\u00f5i pin \u0111\u01b0\u1ee3c l\u00e0m t\u1eeb carbon zinc, b\u00ean ngo\u00e0i b\u1ecdc l\u1edbp v\u1ecf kim lo\u1ea1i ch\u1eafc ch\u1eafn mang l\u1ea1i \u0111\u1ed9 b\u1ec1n cao c\u00f9ng kh\u1ea3 n\u0103ng b\u1ea3o v\u1ec7 t\u1ed1t. Pin Eveready\u00ae n\u00e0y ch\u00ednh l\u00e0 l\u1ef1a ch\u1ecdn l\u00fd t\u01b0\u1edfng cho \u0111\u1ed3ng h\u1ed3, \u0111\u00e8n pin, radio v\u00e0 nh\u1eefng thi\u1ebft b\u1ecb ti\u00eau th\u1ee5 \u00edt n\u0103ng l\u01b0\u1ee3ng kh\u00e1c. Pin kh\u00f4ng ch\u1ee9a b\u1ea5t k\u1ef3 l\u01b0\u1ee3ng th\u1ee7y ng\u00e2n hay cadmium b\u1ed5 sung n\u00e0o, \u0111\u1ed3ng th\u1eddi ho\u1ea1t \u0111\u1ed9ng \u1ed5n \u0111\u1ecbnh trong kho\u1ea3ng nhi\u1ec7t \u0111\u1ed9 t\u1eeb 5\u00b0C \u0111\u1ebfn 55\u00b0C.<\/p>\n","protected":false},"featured_media":4443,"comment_status":"open","ping_status":"closed","template":"","meta":{"_acf_changed":false},"product_brand":[],"product_cat":[36,38],"product_tag":[],"class_list":{"0":"post-4442","1":"product","2":"type-product","3":"status-publish","4":"has-post-thumbnail","6":"product_cat-batteries","7":"product_cat-eveready-super-heavy-duty","9":"first","10":"instock","11":"shipping-taxable","12":"product-type-simple"},"acf":[],"yoast_head":"<!-- This site is optimized with the Yoast SEO plugin v27.2 - https:\/\/yoast.com\/product\/yoast-seo-wordpress\/ -->\n<title>Pin Eveready\u00ae Super Heavy Duty\u2122 9V - Eveready Vietnam<\/title>\n<meta name=\"robots\" content=\"index, follow, max-snippet:-1, max-image-preview:large, max-video-preview:-1\" \/>\n<link rel=\"canonical\" href=\"https:\/\/eveready.com\/apac\/vietnam\/product\/eveready-super-heavy-duty-9v\/\" \/>\n<meta property=\"og:locale\" content=\"en_US\" \/>\n<meta property=\"og:type\" content=\"article\" \/>\n<meta property=\"og:title\" content=\"Pin Eveready\u00ae Super Heavy Duty\u2122 9V - Eveready Vietnam\" \/>\n<meta property=\"og:description\" content=\"Pin Eveready\u00ae Super Heavy Duty\u2122 \u0111\u01b0\u1ee3c thi\u1ebft k\u1ebf chuy\u00ean bi\u1ec7t \u0111\u1ec3 cung c\u1ea5p ngu\u1ed3n n\u0103ng l\u01b0\u1ee3ng \u1ed5n \u0111\u1ecbnh v\u00e0 \u0111\u00e1ng tin c\u1eady. L\u00f5i pin \u0111\u01b0\u1ee3c l\u00e0m t\u1eeb carbon zinc, b\u00ean ngo\u00e0i b\u1ecdc l\u1edbp v\u1ecf kim lo\u1ea1i ch\u1eafc ch\u1eafn mang l\u1ea1i \u0111\u1ed9 b\u1ec1n cao c\u00f9ng kh\u1ea3 n\u0103ng b\u1ea3o v\u1ec7 t\u1ed1t. Pin Eveready\u00ae n\u00e0y ch\u00ednh l\u00e0 l\u1ef1a ch\u1ecdn l\u00fd t\u01b0\u1edfng cho \u0111\u1ed3ng h\u1ed3, \u0111\u00e8n pin, radio v\u00e0 nh\u1eefng thi\u1ebft b\u1ecb ti\u00eau th\u1ee5 \u00edt n\u0103ng l\u01b0\u1ee3ng kh\u00e1c. Pin kh\u00f4ng ch\u1ee9a b\u1ea5t k\u1ef3 l\u01b0\u1ee3ng th\u1ee7y ng\u00e2n hay cadmium b\u1ed5 sung n\u00e0o, \u0111\u1ed3ng th\u1eddi ho\u1ea1t \u0111\u1ed9ng \u1ed5n \u0111\u1ecbnh trong kho\u1ea3ng nhi\u1ec7t \u0111\u1ed9 t\u1eeb 5\u00b0C \u0111\u1ebfn 55\u00b0C.\" \/>\n<meta property=\"og:url\" content=\"https:\/\/eveready.com\/apac\/vietnam\/product\/eveready-super-heavy-duty-9v\/\" \/>\n<meta property=\"og:site_name\" content=\"Eveready Vietnam\" \/>\n<meta property=\"article:modified_time\" content=\"2025-11-20T11:22:14+00:00\" \/>\n<meta property=\"og:image\" content=\"https:\/\/eveready.com\/apac\/vietnam\/wp-content\/uploads\/sites\/4\/2025\/10\/EVR-SHD-9V.jpg\" \/>\n\t<meta property=\"og:image:width\" content=\"800\" \/>\n\t<meta property=\"og:image:height\" content=\"800\" \/>\n\t<meta property=\"og:image:type\" content=\"image\/jpeg\" \/>\n<meta name=\"twitter:card\" content=\"summary_large_image\" \/>\n<meta name=\"twitter:label1\" content=\"Est. reading time\" \/>\n\t<meta name=\"twitter:data1\" content=\"1 minute\" \/>\n<script type=\"application\/ld+json\" class=\"yoast-schema-graph\">{\"@context\":\"https:\/\/schema.org\",\"@graph\":[{\"@type\":\"WebPage\",\"@id\":\"https:\/\/eveready.com\/apac\/vietnam\/product\/eveready-super-heavy-duty-9v\/\",\"url\":\"https:\/\/eveready.com\/apac\/vietnam\/product\/eveready-super-heavy-duty-9v\/\",\"name\":\"Pin Eveready\u00ae Super Heavy Duty\u2122 9V - Eveready Vietnam\",\"isPartOf\":{\"@id\":\"https:\/\/eveready.com\/apac\/vietnam\/#website\"},\"primaryImageOfPage\":{\"@id\":\"https:\/\/eveready.com\/apac\/vietnam\/product\/eveready-super-heavy-duty-9v\/#primaryimage\"},\"image\":{\"@id\":\"https:\/\/eveready.com\/apac\/vietnam\/product\/eveready-super-heavy-duty-9v\/#primaryimage\"},\"thumbnailUrl\":\"https:\/\/eveready.com\/apac\/vietnam\/wp-content\/uploads\/sites\/4\/2025\/10\/EVR-SHD-9V.jpg\",\"datePublished\":\"2025-10-23T05:34:32+00:00\",\"dateModified\":\"2025-11-20T11:22:14+00:00\",\"breadcrumb\":{\"@id\":\"https:\/\/eveready.com\/apac\/vietnam\/product\/eveready-super-heavy-duty-9v\/#breadcrumb\"},\"inLanguage\":\"en-US\",\"potentialAction\":[{\"@type\":\"ReadAction\",\"target\":[\"https:\/\/eveready.com\/apac\/vietnam\/product\/eveready-super-heavy-duty-9v\/\"]}]},{\"@type\":\"ImageObject\",\"inLanguage\":\"en-US\",\"@id\":\"https:\/\/eveready.com\/apac\/vietnam\/product\/eveready-super-heavy-duty-9v\/#primaryimage\",\"url\":\"https:\/\/eveready.com\/apac\/vietnam\/wp-content\/uploads\/sites\/4\/2025\/10\/EVR-SHD-9V.jpg\",\"contentUrl\":\"https:\/\/eveready.com\/apac\/vietnam\/wp-content\/uploads\/sites\/4\/2025\/10\/EVR-SHD-9V.jpg\",\"width\":800,\"height\":800},{\"@type\":\"BreadcrumbList\",\"@id\":\"https:\/\/eveready.com\/apac\/vietnam\/product\/eveready-super-heavy-duty-9v\/#breadcrumb\",\"itemListElement\":[{\"@type\":\"ListItem\",\"position\":1,\"name\":\"Home\",\"item\":\"https:\/\/eveready.com\/apac\/vietnam\/\"},{\"@type\":\"ListItem\",\"position\":2,\"name\":\"Products\",\"item\":\"https:\/\/eveready.com\/apac\/vietnam\/shop\/\"},{\"@type\":\"ListItem\",\"position\":3,\"name\":\"Pin Eveready\u00ae Super Heavy Duty\u2122 9V\"}]},{\"@type\":\"WebSite\",\"@id\":\"https:\/\/eveready.com\/apac\/vietnam\/#website\",\"url\":\"https:\/\/eveready.com\/apac\/vietnam\/\",\"name\":\"Eveready Vietnam\",\"description\":\"\",\"publisher\":{\"@id\":\"https:\/\/eveready.com\/apac\/vietnam\/#organization\"},\"potentialAction\":[{\"@type\":\"SearchAction\",\"target\":{\"@type\":\"EntryPoint\",\"urlTemplate\":\"https:\/\/eveready.com\/apac\/vietnam\/?s={search_term_string}\"},\"query-input\":{\"@type\":\"PropertyValueSpecification\",\"valueRequired\":true,\"valueName\":\"search_term_string\"}}],\"inLanguage\":\"en-US\"},{\"@type\":\"Organization\",\"@id\":\"https:\/\/eveready.com\/apac\/vietnam\/#organization\",\"name\":\"Eveready Vietnam\",\"url\":\"https:\/\/eveready.com\/apac\/vietnam\/\",\"logo\":{\"@type\":\"ImageObject\",\"inLanguage\":\"en-US\",\"@id\":\"https:\/\/eveready.com\/apac\/vietnam\/#\/schema\/logo\/image\/\",\"url\":\"https:\/\/eveready.com\/apac\/vietnam\/wp-content\/uploads\/sites\/4\/2025\/08\/logo-eveready.png\",\"contentUrl\":\"https:\/\/eveready.com\/apac\/vietnam\/wp-content\/uploads\/sites\/4\/2025\/08\/logo-eveready.png\",\"width\":855,\"height\":220,\"caption\":\"Eveready Vietnam\"},\"image\":{\"@id\":\"https:\/\/eveready.com\/apac\/vietnam\/#\/schema\/logo\/image\/\"}}]}<\/script>\n<!-- \/ Yoast SEO plugin. -->","yoast_head_json":{"title":"Pin Eveready\u00ae Super Heavy Duty\u2122 9V - Eveready Vietnam","robots":{"index":"index","follow":"follow","max-snippet":"max-snippet:-1","max-image-preview":"max-image-preview:large","max-video-preview":"max-video-preview:-1"},"canonical":"https:\/\/eveready.com\/apac\/vietnam\/product\/eveready-super-heavy-duty-9v\/","og_locale":"en_US","og_type":"article","og_title":"Pin Eveready\u00ae Super Heavy Duty\u2122 9V - Eveready Vietnam","og_description":"Pin Eveready\u00ae Super Heavy Duty\u2122 \u0111\u01b0\u1ee3c thi\u1ebft k\u1ebf chuy\u00ean bi\u1ec7t \u0111\u1ec3 cung c\u1ea5p ngu\u1ed3n n\u0103ng l\u01b0\u1ee3ng \u1ed5n \u0111\u1ecbnh v\u00e0 \u0111\u00e1ng tin c\u1eady. L\u00f5i pin \u0111\u01b0\u1ee3c l\u00e0m t\u1eeb carbon zinc, b\u00ean ngo\u00e0i b\u1ecdc l\u1edbp v\u1ecf kim lo\u1ea1i ch\u1eafc ch\u1eafn mang l\u1ea1i \u0111\u1ed9 b\u1ec1n cao c\u00f9ng kh\u1ea3 n\u0103ng b\u1ea3o v\u1ec7 t\u1ed1t. Pin Eveready\u00ae n\u00e0y ch\u00ednh l\u00e0 l\u1ef1a ch\u1ecdn l\u00fd t\u01b0\u1edfng cho \u0111\u1ed3ng h\u1ed3, \u0111\u00e8n pin, radio v\u00e0 nh\u1eefng thi\u1ebft b\u1ecb ti\u00eau th\u1ee5 \u00edt n\u0103ng l\u01b0\u1ee3ng kh\u00e1c. Pin kh\u00f4ng ch\u1ee9a b\u1ea5t k\u1ef3 l\u01b0\u1ee3ng th\u1ee7y ng\u00e2n hay cadmium b\u1ed5 sung n\u00e0o, \u0111\u1ed3ng th\u1eddi ho\u1ea1t \u0111\u1ed9ng \u1ed5n \u0111\u1ecbnh trong kho\u1ea3ng nhi\u1ec7t \u0111\u1ed9 t\u1eeb 5\u00b0C \u0111\u1ebfn 55\u00b0C.","og_url":"https:\/\/eveready.com\/apac\/vietnam\/product\/eveready-super-heavy-duty-9v\/","og_site_name":"Eveready Vietnam","article_modified_time":"2025-11-20T11:22:14+00:00","og_image":[{"width":800,"height":800,"url":"https:\/\/eveready.com\/apac\/vietnam\/wp-content\/uploads\/sites\/4\/2025\/10\/EVR-SHD-9V.jpg","type":"image\/jpeg"}],"twitter_card":"summary_large_image","twitter_misc":{"Est. reading time":"1 minute"},"schema":{"@context":"https:\/\/schema.org","@graph":[{"@type":"WebPage","@id":"https:\/\/eveready.com\/apac\/vietnam\/product\/eveready-super-heavy-duty-9v\/","url":"https:\/\/eveready.com\/apac\/vietnam\/product\/eveready-super-heavy-duty-9v\/","name":"Pin Eveready\u00ae Super Heavy Duty\u2122 9V - Eveready Vietnam","isPartOf":{"@id":"https:\/\/eveready.com\/apac\/vietnam\/#website"},"primaryImageOfPage":{"@id":"https:\/\/eveready.com\/apac\/vietnam\/product\/eveready-super-heavy-duty-9v\/#primaryimage"},"image":{"@id":"https:\/\/eveready.com\/apac\/vietnam\/product\/eveready-super-heavy-duty-9v\/#primaryimage"},"thumbnailUrl":"https:\/\/eveready.com\/apac\/vietnam\/wp-content\/uploads\/sites\/4\/2025\/10\/EVR-SHD-9V.jpg","datePublished":"2025-10-23T05:34:32+00:00","dateModified":"2025-11-20T11:22:14+00:00","breadcrumb":{"@id":"https:\/\/eveready.com\/apac\/vietnam\/product\/eveready-super-heavy-duty-9v\/#breadcrumb"},"inLanguage":"en-US","potentialAction":[{"@type":"ReadAction","target":["https:\/\/eveready.com\/apac\/vietnam\/product\/eveready-super-heavy-duty-9v\/"]}]},{"@type":"ImageObject","inLanguage":"en-US","@id":"https:\/\/eveready.com\/apac\/vietnam\/product\/eveready-super-heavy-duty-9v\/#primaryimage","url":"https:\/\/eveready.com\/apac\/vietnam\/wp-content\/uploads\/sites\/4\/2025\/10\/EVR-SHD-9V.jpg","contentUrl":"https:\/\/eveready.com\/apac\/vietnam\/wp-content\/uploads\/sites\/4\/2025\/10\/EVR-SHD-9V.jpg","width":800,"height":800},{"@type":"BreadcrumbList","@id":"https:\/\/eveready.com\/apac\/vietnam\/product\/eveready-super-heavy-duty-9v\/#breadcrumb","itemListElement":[{"@type":"ListItem","position":1,"name":"Home","item":"https:\/\/eveready.com\/apac\/vietnam\/"},{"@type":"ListItem","position":2,"name":"Products","item":"https:\/\/eveready.com\/apac\/vietnam\/shop\/"},{"@type":"ListItem","position":3,"name":"Pin Eveready\u00ae Super Heavy Duty\u2122 9V"}]},{"@type":"WebSite","@id":"https:\/\/eveready.com\/apac\/vietnam\/#website","url":"https:\/\/eveready.com\/apac\/vietnam\/","name":"Eveready Vietnam","description":"","publisher":{"@id":"https:\/\/eveready.com\/apac\/vietnam\/#organization"},"potentialAction":[{"@type":"SearchAction","target":{"@type":"EntryPoint","urlTemplate":"https:\/\/eveready.com\/apac\/vietnam\/?s={search_term_string}"},"query-input":{"@type":"PropertyValueSpecification","valueRequired":true,"valueName":"search_term_string"}}],"inLanguage":"en-US"},{"@type":"Organization","@id":"https:\/\/eveready.com\/apac\/vietnam\/#organization","name":"Eveready Vietnam","url":"https:\/\/eveready.com\/apac\/vietnam\/","logo":{"@type":"ImageObject","inLanguage":"en-US","@id":"https:\/\/eveready.com\/apac\/vietnam\/#\/schema\/logo\/image\/","url":"https:\/\/eveready.com\/apac\/vietnam\/wp-content\/uploads\/sites\/4\/2025\/08\/logo-eveready.png","contentUrl":"https:\/\/eveready.com\/apac\/vietnam\/wp-content\/uploads\/sites\/4\/2025\/08\/logo-eveready.png","width":855,"height":220,"caption":"Eveready Vietnam"},"image":{"@id":"https:\/\/eveready.com\/apac\/vietnam\/#\/schema\/logo\/image\/"}}]}},"_links":{"self":[{"href":"https:\/\/eveready.com\/apac\/vietnam\/wp-json\/wp\/v2\/product\/4442","targetHints":{"allow":["GET"]}}],"collection":[{"href":"https:\/\/eveready.com\/apac\/vietnam\/wp-json\/wp\/v2\/product"}],"about":[{"href":"https:\/\/eveready.com\/apac\/vietnam\/wp-json\/wp\/v2\/types\/product"}],"replies":[{"embeddable":true,"href":"https:\/\/eveready.com\/apac\/vietnam\/wp-json\/wp\/v2\/comments?post=4442"}],"wp:featuredmedia":[{"embeddable":true,"href":"https:\/\/eveready.com\/apac\/vietnam\/wp-json\/wp\/v2\/media\/4443"}],"wp:attachment":[{"href":"https:\/\/eveready.com\/apac\/vietnam\/wp-json\/wp\/v2\/media?parent=4442"}],"wp:term":[{"taxonomy":"product_brand","embeddable":true,"href":"https:\/\/eveready.com\/apac\/vietnam\/wp-json\/wp\/v2\/product_brand?post=4442"},{"taxonomy":"product_cat","embeddable":true,"href":"https:\/\/eveready.com\/apac\/vietnam\/wp-json\/wp\/v2\/product_cat?post=4442"},{"taxonomy":"product_tag","embeddable":true,"href":"https:\/\/eveready.com\/apac\/vietnam\/wp-json\/wp\/v2\/product_tag?post=4442"}],"curies":[{"name":"wp","href":"https:\/\/api.w.org\/{rel}","templated":true}]}}