{"id":4445,"date":"2025-10-23T02:30:54","date_gmt":"2025-10-23T06:30:54","guid":{"rendered":"https:\/\/eveready.com\/apac\/vietnam\/?post_type=product&#038;p=4445"},"modified":"2025-11-20T00:52:23","modified_gmt":"2025-11-20T05:52:23","slug":"eveready-super-heavy-duty-c","status":"publish","type":"product","link":"https:\/\/eveready.com\/apac\/vietnam\/product\/eveready-super-heavy-duty-c\/","title":{"rendered":"Pin Eveready\u00ae Super Heavy Duty\u2122 C"},"content":{"rendered":"<p><strong>T\u00ednh n\u0103ng v\u00e0 L\u1ee3i \u00edch<\/strong><\/p>\n<ul>\n<li>V\u1ec9 2 vi\u00ean pin Eveready\u00ae Super Heavy Duty\u2122 C, Carbon-K\u1ebdm<\/li>\n<li>C\u00f3 th\u1ec3 b\u1ea3o qu\u1ea3n \u0111\u01b0\u1ee3c \u0111\u1ebfn 3 n\u0103m<\/li>\n<li>Ho\u00e0n to\u00e0n kh\u00f4ng b\u1ed5 sung th\u1ee7y ng\u00e2n v\u00e0 cadmium<\/li>\n<li>Thi\u1ebft k\u1ebf ch\u1ed1ng r\u00f2 r\u1ec9<\/li>\n<li>\u0110i\u1ec7n \u00e1p 1.5V<\/li>\n<\/ul>\n\n","protected":false},"excerpt":{"rendered":"<p>Eveready\u00ae Super Heavy Duty\u2122 l\u00e0 gi\u1ea3i ph\u00e1p pin Carbon-K\u1ebdm c\u00f3 gi\u00e1 c\u1ea3 ph\u1ea3i ch\u0103ng, cung c\u1ea5p ngu\u1ed3n n\u0103ng l\u01b0\u1ee3ng \u0111\u00e1p \u1ee9ng nh\u1eefng nhu c\u1ea7u c\u01a1 b\u1ea3n c\u1ee7a b\u1ea1n v\u00e0 gia \u0111\u00ecnh. Th\u01b0\u01a1ng hi\u1ec7u Eveready\u00ae Super Heavy Duty\u2122 mang \u0111\u1ebfn d\u00f2ng s\u1ea3n ph\u1ea9m ho\u00e0n ch\u1ec9nh v\u1edbi \u0111\u1ea7y \u0111\u1ee7 c\u00e1c k\u00edch c\u1ee1 AA, AAA, C, D v\u00e0 9v &#8211; t\u1ea5t c\u1ea3 \u0111\u1ec1u l\u00e0 nh\u1eefng l\u1ef1a ch\u1ecdn ti\u1ebft ki\u1ec7m cho \u0111\u1ed3ng h\u1ed3, \u0111\u00e8n pin, radio c\u00f9ng c\u00e1c thi\u1ebft b\u1ecb ti\u00eau th\u1ee5 \u00edt n\u0103ng l\u01b0\u1ee3ng kh\u00e1c. T\u1eeb n\u0103m 1896 \u0111\u1ebfn nay, pin Eveready\u00ae \u0111\u00e3 li\u00ean t\u1ee5c cung c\u1ea5p ngu\u1ed3n n\u0103ng l\u01b0\u1ee3ng di \u0111\u1ed9ng \u0111\u00e1ng tin c\u1eady. Cho m\u1ecdi gia \u0111\u00ecnh, \u1edf m\u1ecdi n\u01a1i, trong m\u1ecdi ng\u00e0y. Eveready\u00ae for Life.<\/p>\n","protected":false},"featured_media":4446,"comment_status":"open","ping_status":"closed","template":"","meta":{"_acf_changed":false},"product_brand":[],"product_cat":[36,38],"product_tag":[],"class_list":{"0":"post-4445","1":"product","2":"type-product","3":"status-publish","4":"has-post-thumbnail","6":"product_cat-batteries","7":"product_cat-eveready-super-heavy-duty","9":"first","10":"instock","11":"shipping-taxable","12":"product-type-simple"},"acf":[],"yoast_head":"<!-- This site is optimized with the Yoast SEO plugin v27.2 - https:\/\/yoast.com\/product\/yoast-seo-wordpress\/ -->\n<title>Pin Eveready\u00ae Super Heavy Duty\u2122 C - Eveready Vietnam<\/title>\n<meta name=\"robots\" content=\"index, follow, max-snippet:-1, max-image-preview:large, max-video-preview:-1\" \/>\n<link rel=\"canonical\" href=\"https:\/\/eveready.com\/apac\/vietnam\/product\/eveready-super-heavy-duty-c\/\" \/>\n<meta property=\"og:locale\" content=\"en_US\" \/>\n<meta property=\"og:type\" content=\"article\" \/>\n<meta property=\"og:title\" content=\"Pin Eveready\u00ae Super Heavy Duty\u2122 C - Eveready Vietnam\" \/>\n<meta property=\"og:description\" content=\"Eveready\u00ae Super Heavy Duty\u2122 l\u00e0 gi\u1ea3i ph\u00e1p pin Carbon-K\u1ebdm c\u00f3 gi\u00e1 c\u1ea3 ph\u1ea3i ch\u0103ng, cung c\u1ea5p ngu\u1ed3n n\u0103ng l\u01b0\u1ee3ng \u0111\u00e1p \u1ee9ng nh\u1eefng nhu c\u1ea7u c\u01a1 b\u1ea3n c\u1ee7a b\u1ea1n v\u00e0 gia \u0111\u00ecnh. Th\u01b0\u01a1ng hi\u1ec7u Eveready\u00ae Super Heavy Duty\u2122 mang \u0111\u1ebfn d\u00f2ng s\u1ea3n ph\u1ea9m ho\u00e0n ch\u1ec9nh v\u1edbi \u0111\u1ea7y \u0111\u1ee7 c\u00e1c k\u00edch c\u1ee1 AA, AAA, C, D v\u00e0 9v - t\u1ea5t c\u1ea3 \u0111\u1ec1u l\u00e0 nh\u1eefng l\u1ef1a ch\u1ecdn ti\u1ebft ki\u1ec7m cho \u0111\u1ed3ng h\u1ed3, \u0111\u00e8n pin, radio c\u00f9ng c\u00e1c thi\u1ebft b\u1ecb ti\u00eau th\u1ee5 \u00edt n\u0103ng l\u01b0\u1ee3ng kh\u00e1c. T\u1eeb n\u0103m 1896 \u0111\u1ebfn nay, pin Eveready\u00ae \u0111\u00e3 li\u00ean t\u1ee5c cung c\u1ea5p ngu\u1ed3n n\u0103ng l\u01b0\u1ee3ng di \u0111\u1ed9ng \u0111\u00e1ng tin c\u1eady. Cho m\u1ecdi gia \u0111\u00ecnh, \u1edf m\u1ecdi n\u01a1i, trong m\u1ecdi ng\u00e0y. Eveready\u00ae for Life.\" \/>\n<meta property=\"og:url\" content=\"https:\/\/eveready.com\/apac\/vietnam\/product\/eveready-super-heavy-duty-c\/\" \/>\n<meta property=\"og:site_name\" content=\"Eveready Vietnam\" \/>\n<meta property=\"article:modified_time\" content=\"2025-11-20T05:52:23+00:00\" \/>\n<meta property=\"og:image\" content=\"https:\/\/eveready.com\/apac\/vietnam\/wp-content\/uploads\/sites\/4\/2025\/10\/EVR-SHD-C-2.png\" \/>\n\t<meta property=\"og:image:width\" content=\"800\" \/>\n\t<meta property=\"og:image:height\" content=\"800\" \/>\n\t<meta property=\"og:image:type\" content=\"image\/png\" \/>\n<meta name=\"twitter:card\" content=\"summary_large_image\" \/>\n<script type=\"application\/ld+json\" class=\"yoast-schema-graph\">{\"@context\":\"https:\/\/schema.org\",\"@graph\":[{\"@type\":\"WebPage\",\"@id\":\"https:\/\/eveready.com\/apac\/vietnam\/product\/eveready-super-heavy-duty-c\/\",\"url\":\"https:\/\/eveready.com\/apac\/vietnam\/product\/eveready-super-heavy-duty-c\/\",\"name\":\"Pin Eveready\u00ae Super Heavy Duty\u2122 C - Eveready Vietnam\",\"isPartOf\":{\"@id\":\"https:\/\/eveready.com\/apac\/vietnam\/#website\"},\"primaryImageOfPage\":{\"@id\":\"https:\/\/eveready.com\/apac\/vietnam\/product\/eveready-super-heavy-duty-c\/#primaryimage\"},\"image\":{\"@id\":\"https:\/\/eveready.com\/apac\/vietnam\/product\/eveready-super-heavy-duty-c\/#primaryimage\"},\"thumbnailUrl\":\"https:\/\/eveready.com\/apac\/vietnam\/wp-content\/uploads\/sites\/4\/2025\/10\/EVR-SHD-C-2.png\",\"datePublished\":\"2025-10-23T06:30:54+00:00\",\"dateModified\":\"2025-11-20T05:52:23+00:00\",\"breadcrumb\":{\"@id\":\"https:\/\/eveready.com\/apac\/vietnam\/product\/eveready-super-heavy-duty-c\/#breadcrumb\"},\"inLanguage\":\"en-US\",\"potentialAction\":[{\"@type\":\"ReadAction\",\"target\":[\"https:\/\/eveready.com\/apac\/vietnam\/product\/eveready-super-heavy-duty-c\/\"]}]},{\"@type\":\"ImageObject\",\"inLanguage\":\"en-US\",\"@id\":\"https:\/\/eveready.com\/apac\/vietnam\/product\/eveready-super-heavy-duty-c\/#primaryimage\",\"url\":\"https:\/\/eveready.com\/apac\/vietnam\/wp-content\/uploads\/sites\/4\/2025\/10\/EVR-SHD-C-2.png\",\"contentUrl\":\"https:\/\/eveready.com\/apac\/vietnam\/wp-content\/uploads\/sites\/4\/2025\/10\/EVR-SHD-C-2.png\",\"width\":800,\"height\":800},{\"@type\":\"BreadcrumbList\",\"@id\":\"https:\/\/eveready.com\/apac\/vietnam\/product\/eveready-super-heavy-duty-c\/#breadcrumb\",\"itemListElement\":[{\"@type\":\"ListItem\",\"position\":1,\"name\":\"Home\",\"item\":\"https:\/\/eveready.com\/apac\/vietnam\/\"},{\"@type\":\"ListItem\",\"position\":2,\"name\":\"Products\",\"item\":\"https:\/\/eveready.com\/apac\/vietnam\/shop\/\"},{\"@type\":\"ListItem\",\"position\":3,\"name\":\"Pin Eveready\u00ae Super Heavy Duty\u2122 C\"}]},{\"@type\":\"WebSite\",\"@id\":\"https:\/\/eveready.com\/apac\/vietnam\/#website\",\"url\":\"https:\/\/eveready.com\/apac\/vietnam\/\",\"name\":\"Eveready Vietnam\",\"description\":\"\",\"publisher\":{\"@id\":\"https:\/\/eveready.com\/apac\/vietnam\/#organization\"},\"potentialAction\":[{\"@type\":\"SearchAction\",\"target\":{\"@type\":\"EntryPoint\",\"urlTemplate\":\"https:\/\/eveready.com\/apac\/vietnam\/?s={search_term_string}\"},\"query-input\":{\"@type\":\"PropertyValueSpecification\",\"valueRequired\":true,\"valueName\":\"search_term_string\"}}],\"inLanguage\":\"en-US\"},{\"@type\":\"Organization\",\"@id\":\"https:\/\/eveready.com\/apac\/vietnam\/#organization\",\"name\":\"Eveready Vietnam\",\"url\":\"https:\/\/eveready.com\/apac\/vietnam\/\",\"logo\":{\"@type\":\"ImageObject\",\"inLanguage\":\"en-US\",\"@id\":\"https:\/\/eveready.com\/apac\/vietnam\/#\/schema\/logo\/image\/\",\"url\":\"https:\/\/eveready.com\/apac\/vietnam\/wp-content\/uploads\/sites\/4\/2025\/08\/logo-eveready.png\",\"contentUrl\":\"https:\/\/eveready.com\/apac\/vietnam\/wp-content\/uploads\/sites\/4\/2025\/08\/logo-eveready.png\",\"width\":855,\"height\":220,\"caption\":\"Eveready Vietnam\"},\"image\":{\"@id\":\"https:\/\/eveready.com\/apac\/vietnam\/#\/schema\/logo\/image\/\"}}]}<\/script>\n<!-- \/ Yoast SEO plugin. -->","yoast_head_json":{"title":"Pin Eveready\u00ae Super Heavy Duty\u2122 C - Eveready Vietnam","robots":{"index":"index","follow":"follow","max-snippet":"max-snippet:-1","max-image-preview":"max-image-preview:large","max-video-preview":"max-video-preview:-1"},"canonical":"https:\/\/eveready.com\/apac\/vietnam\/product\/eveready-super-heavy-duty-c\/","og_locale":"en_US","og_type":"article","og_title":"Pin Eveready\u00ae Super Heavy Duty\u2122 C - Eveready Vietnam","og_description":"Eveready\u00ae Super Heavy Duty\u2122 l\u00e0 gi\u1ea3i ph\u00e1p pin Carbon-K\u1ebdm c\u00f3 gi\u00e1 c\u1ea3 ph\u1ea3i ch\u0103ng, cung c\u1ea5p ngu\u1ed3n n\u0103ng l\u01b0\u1ee3ng \u0111\u00e1p \u1ee9ng nh\u1eefng nhu c\u1ea7u c\u01a1 b\u1ea3n c\u1ee7a b\u1ea1n v\u00e0 gia \u0111\u00ecnh. Th\u01b0\u01a1ng hi\u1ec7u Eveready\u00ae Super Heavy Duty\u2122 mang \u0111\u1ebfn d\u00f2ng s\u1ea3n ph\u1ea9m ho\u00e0n ch\u1ec9nh v\u1edbi \u0111\u1ea7y \u0111\u1ee7 c\u00e1c k\u00edch c\u1ee1 AA, AAA, C, D v\u00e0 9v - t\u1ea5t c\u1ea3 \u0111\u1ec1u l\u00e0 nh\u1eefng l\u1ef1a ch\u1ecdn ti\u1ebft ki\u1ec7m cho \u0111\u1ed3ng h\u1ed3, \u0111\u00e8n pin, radio c\u00f9ng c\u00e1c thi\u1ebft b\u1ecb ti\u00eau th\u1ee5 \u00edt n\u0103ng l\u01b0\u1ee3ng kh\u00e1c. T\u1eeb n\u0103m 1896 \u0111\u1ebfn nay, pin Eveready\u00ae \u0111\u00e3 li\u00ean t\u1ee5c cung c\u1ea5p ngu\u1ed3n n\u0103ng l\u01b0\u1ee3ng di \u0111\u1ed9ng \u0111\u00e1ng tin c\u1eady. Cho m\u1ecdi gia \u0111\u00ecnh, \u1edf m\u1ecdi n\u01a1i, trong m\u1ecdi ng\u00e0y. Eveready\u00ae for Life.","og_url":"https:\/\/eveready.com\/apac\/vietnam\/product\/eveready-super-heavy-duty-c\/","og_site_name":"Eveready Vietnam","article_modified_time":"2025-11-20T05:52:23+00:00","og_image":[{"width":800,"height":800,"url":"https:\/\/eveready.com\/apac\/vietnam\/wp-content\/uploads\/sites\/4\/2025\/10\/EVR-SHD-C-2.png","type":"image\/png"}],"twitter_card":"summary_large_image","schema":{"@context":"https:\/\/schema.org","@graph":[{"@type":"WebPage","@id":"https:\/\/eveready.com\/apac\/vietnam\/product\/eveready-super-heavy-duty-c\/","url":"https:\/\/eveready.com\/apac\/vietnam\/product\/eveready-super-heavy-duty-c\/","name":"Pin Eveready\u00ae Super Heavy Duty\u2122 C - Eveready Vietnam","isPartOf":{"@id":"https:\/\/eveready.com\/apac\/vietnam\/#website"},"primaryImageOfPage":{"@id":"https:\/\/eveready.com\/apac\/vietnam\/product\/eveready-super-heavy-duty-c\/#primaryimage"},"image":{"@id":"https:\/\/eveready.com\/apac\/vietnam\/product\/eveready-super-heavy-duty-c\/#primaryimage"},"thumbnailUrl":"https:\/\/eveready.com\/apac\/vietnam\/wp-content\/uploads\/sites\/4\/2025\/10\/EVR-SHD-C-2.png","datePublished":"2025-10-23T06:30:54+00:00","dateModified":"2025-11-20T05:52:23+00:00","breadcrumb":{"@id":"https:\/\/eveready.com\/apac\/vietnam\/product\/eveready-super-heavy-duty-c\/#breadcrumb"},"inLanguage":"en-US","potentialAction":[{"@type":"ReadAction","target":["https:\/\/eveready.com\/apac\/vietnam\/product\/eveready-super-heavy-duty-c\/"]}]},{"@type":"ImageObject","inLanguage":"en-US","@id":"https:\/\/eveready.com\/apac\/vietnam\/product\/eveready-super-heavy-duty-c\/#primaryimage","url":"https:\/\/eveready.com\/apac\/vietnam\/wp-content\/uploads\/sites\/4\/2025\/10\/EVR-SHD-C-2.png","contentUrl":"https:\/\/eveready.com\/apac\/vietnam\/wp-content\/uploads\/sites\/4\/2025\/10\/EVR-SHD-C-2.png","width":800,"height":800},{"@type":"BreadcrumbList","@id":"https:\/\/eveready.com\/apac\/vietnam\/product\/eveready-super-heavy-duty-c\/#breadcrumb","itemListElement":[{"@type":"ListItem","position":1,"name":"Home","item":"https:\/\/eveready.com\/apac\/vietnam\/"},{"@type":"ListItem","position":2,"name":"Products","item":"https:\/\/eveready.com\/apac\/vietnam\/shop\/"},{"@type":"ListItem","position":3,"name":"Pin Eveready\u00ae Super Heavy Duty\u2122 C"}]},{"@type":"WebSite","@id":"https:\/\/eveready.com\/apac\/vietnam\/#website","url":"https:\/\/eveready.com\/apac\/vietnam\/","name":"Eveready Vietnam","description":"","publisher":{"@id":"https:\/\/eveready.com\/apac\/vietnam\/#organization"},"potentialAction":[{"@type":"SearchAction","target":{"@type":"EntryPoint","urlTemplate":"https:\/\/eveready.com\/apac\/vietnam\/?s={search_term_string}"},"query-input":{"@type":"PropertyValueSpecification","valueRequired":true,"valueName":"search_term_string"}}],"inLanguage":"en-US"},{"@type":"Organization","@id":"https:\/\/eveready.com\/apac\/vietnam\/#organization","name":"Eveready Vietnam","url":"https:\/\/eveready.com\/apac\/vietnam\/","logo":{"@type":"ImageObject","inLanguage":"en-US","@id":"https:\/\/eveready.com\/apac\/vietnam\/#\/schema\/logo\/image\/","url":"https:\/\/eveready.com\/apac\/vietnam\/wp-content\/uploads\/sites\/4\/2025\/08\/logo-eveready.png","contentUrl":"https:\/\/eveready.com\/apac\/vietnam\/wp-content\/uploads\/sites\/4\/2025\/08\/logo-eveready.png","width":855,"height":220,"caption":"Eveready Vietnam"},"image":{"@id":"https:\/\/eveready.com\/apac\/vietnam\/#\/schema\/logo\/image\/"}}]}},"_links":{"self":[{"href":"https:\/\/eveready.com\/apac\/vietnam\/wp-json\/wp\/v2\/product\/4445","targetHints":{"allow":["GET"]}}],"collection":[{"href":"https:\/\/eveready.com\/apac\/vietnam\/wp-json\/wp\/v2\/product"}],"about":[{"href":"https:\/\/eveready.com\/apac\/vietnam\/wp-json\/wp\/v2\/types\/product"}],"replies":[{"embeddable":true,"href":"https:\/\/eveready.com\/apac\/vietnam\/wp-json\/wp\/v2\/comments?post=4445"}],"wp:featuredmedia":[{"embeddable":true,"href":"https:\/\/eveready.com\/apac\/vietnam\/wp-json\/wp\/v2\/media\/4446"}],"wp:attachment":[{"href":"https:\/\/eveready.com\/apac\/vietnam\/wp-json\/wp\/v2\/media?parent=4445"}],"wp:term":[{"taxonomy":"product_brand","embeddable":true,"href":"https:\/\/eveready.com\/apac\/vietnam\/wp-json\/wp\/v2\/product_brand?post=4445"},{"taxonomy":"product_cat","embeddable":true,"href":"https:\/\/eveready.com\/apac\/vietnam\/wp-json\/wp\/v2\/product_cat?post=4445"},{"taxonomy":"product_tag","embeddable":true,"href":"https:\/\/eveready.com\/apac\/vietnam\/wp-json\/wp\/v2\/product_tag?post=4445"}],"curies":[{"name":"wp","href":"https:\/\/api.w.org\/{rel}","templated":true}]}}