{"id":4461,"date":"2025-10-23T04:09:57","date_gmt":"2025-10-23T08:09:57","guid":{"rendered":"https:\/\/eveready.com\/apac\/vietnam\/?post_type=product&#038;p=4461"},"modified":"2026-01-28T08:43:06","modified_gmt":"2026-01-28T13:43:06","slug":"eveready-heavy-duty-aaa","status":"publish","type":"product","link":"https:\/\/eveready.com\/apac\/vietnam\/product\/eveready-heavy-duty-aaa\/","title":{"rendered":"Pin Eveready\u00ae Heavy Duty AA\u200b\u200bA"},"content":{"rendered":"<p><strong>T\u00ednh n\u0103ng v\u00e0 L\u1ee3i \u00edch<\/strong><\/p>\n<ul>\n<li>V\u1ec9 4 vi\u00ean pin Eveready\u00ae Heavy Duty AAA, Carbon-K\u1ebdm<\/li>\n<li>C\u00f3 th\u1ec3 b\u1ea3o qu\u1ea3n \u0111\u01b0\u1ee3c \u0111\u1ebfn 3 n\u0103m<\/li>\n<li>Ho\u00e0n to\u00e0n kh\u00f4ng b\u1ed5 sung th\u1ee7y ng\u00e2n v\u00e0 cadmium<\/li>\n<li>Thi\u1ebft k\u1ebf ch\u1ed1ng r\u00f2 r\u1ec9<\/li>\n<li>\u0110i\u1ec7n \u00e1p 1.5V<\/li>\n<\/ul>\n","protected":false},"excerpt":{"rendered":"<p>H\u00e3y s\u1eed d\u1ee5ng Eveready\u00ae \u0111\u1ec3 cung c\u1ea5p n\u0103ng l\u01b0\u1ee3ng cho c\u00e1c thi\u1ebft b\u1ecb h\u00e0ng ng\u00e0y c\u1ee7a b\u1ea1n. Pin AAA Eveready\u00ae Heavy Duty cung c\u1ea5p ngu\u1ed3n n\u0103ng l\u01b0\u1ee3ng \u0111\u00e1ng tin c\u1eady v\u00e0 s\u1eb5n s\u00e0ng s\u1eed d\u1ee5ng sau khi b\u1ea3o qu\u1ea3n \u0111\u1ebfn 3 n\u0103m. H\u00e3y s\u1eed d\u1ee5ng Eveready\u00ae \u0111\u1ec3 cung c\u1ea5p n\u0103ng l\u01b0\u1ee3ng cho nh\u1eefng thi\u1ebft b\u1ecb b\u1ea1n d\u00f9ng m\u1ed7i ng\u00e0y.<\/p>\n","protected":false},"featured_media":3287,"comment_status":"open","ping_status":"closed","template":"","meta":{"_acf_changed":false},"product_brand":[],"product_cat":[36,58],"product_tag":[],"class_list":{"0":"post-4461","1":"product","2":"type-product","3":"status-publish","4":"has-post-thumbnail","6":"product_cat-batteries","7":"product_cat-eveready-heavy-duty","9":"first","10":"instock","11":"shipping-taxable","12":"product-type-simple"},"acf":[],"yoast_head":"<!-- This site is optimized with the Yoast SEO plugin v27.2 - https:\/\/yoast.com\/product\/yoast-seo-wordpress\/ -->\n<title>Pin Eveready\u00ae Heavy Duty AA\u200b\u200bA - Eveready Vietnam<\/title>\n<meta name=\"robots\" content=\"index, follow, max-snippet:-1, max-image-preview:large, max-video-preview:-1\" \/>\n<link rel=\"canonical\" href=\"https:\/\/eveready.com\/apac\/vietnam\/product\/eveready-heavy-duty-aaa\/\" \/>\n<meta property=\"og:locale\" content=\"en_US\" \/>\n<meta property=\"og:type\" content=\"article\" \/>\n<meta property=\"og:title\" content=\"Pin Eveready\u00ae Heavy Duty AA\u200b\u200bA - Eveready Vietnam\" \/>\n<meta property=\"og:description\" content=\"H\u00e3y s\u1eed d\u1ee5ng Eveready\u00ae \u0111\u1ec3 cung c\u1ea5p n\u0103ng l\u01b0\u1ee3ng cho c\u00e1c thi\u1ebft b\u1ecb h\u00e0ng ng\u00e0y c\u1ee7a b\u1ea1n. Pin AAA Eveready\u00ae Heavy Duty cung c\u1ea5p ngu\u1ed3n n\u0103ng l\u01b0\u1ee3ng \u0111\u00e1ng tin c\u1eady v\u00e0 s\u1eb5n s\u00e0ng s\u1eed d\u1ee5ng sau khi b\u1ea3o qu\u1ea3n \u0111\u1ebfn 3 n\u0103m. H\u00e3y s\u1eed d\u1ee5ng Eveready\u00ae \u0111\u1ec3 cung c\u1ea5p n\u0103ng l\u01b0\u1ee3ng cho nh\u1eefng thi\u1ebft b\u1ecb b\u1ea1n d\u00f9ng m\u1ed7i ng\u00e0y.\" \/>\n<meta property=\"og:url\" content=\"https:\/\/eveready.com\/apac\/vietnam\/product\/eveready-heavy-duty-aaa\/\" \/>\n<meta property=\"og:site_name\" content=\"Eveready Vietnam\" \/>\n<meta property=\"article:modified_time\" content=\"2026-01-28T13:43:06+00:00\" \/>\n<meta property=\"og:image\" content=\"https:\/\/eveready.com\/apac\/vietnam\/wp-content\/uploads\/sites\/4\/2025\/09\/EVR-HD-AAa.png\" \/>\n\t<meta property=\"og:image:width\" content=\"800\" \/>\n\t<meta property=\"og:image:height\" content=\"800\" \/>\n\t<meta property=\"og:image:type\" content=\"image\/png\" \/>\n<meta name=\"twitter:card\" content=\"summary_large_image\" \/>\n<meta name=\"twitter:label1\" content=\"Est. reading time\" \/>\n\t<meta name=\"twitter:data1\" content=\"1 minute\" \/>\n<script type=\"application\/ld+json\" class=\"yoast-schema-graph\">{\"@context\":\"https:\/\/schema.org\",\"@graph\":[{\"@type\":\"WebPage\",\"@id\":\"https:\/\/eveready.com\/apac\/vietnam\/product\/eveready-heavy-duty-aaa\/\",\"url\":\"https:\/\/eveready.com\/apac\/vietnam\/product\/eveready-heavy-duty-aaa\/\",\"name\":\"Pin Eveready\u00ae Heavy Duty AA\u200b\u200bA - Eveready Vietnam\",\"isPartOf\":{\"@id\":\"https:\/\/eveready.com\/apac\/vietnam\/#website\"},\"primaryImageOfPage\":{\"@id\":\"https:\/\/eveready.com\/apac\/vietnam\/product\/eveready-heavy-duty-aaa\/#primaryimage\"},\"image\":{\"@id\":\"https:\/\/eveready.com\/apac\/vietnam\/product\/eveready-heavy-duty-aaa\/#primaryimage\"},\"thumbnailUrl\":\"https:\/\/eveready.com\/apac\/vietnam\/wp-content\/uploads\/sites\/4\/2025\/09\/EVR-HD-AAa.png\",\"datePublished\":\"2025-10-23T08:09:57+00:00\",\"dateModified\":\"2026-01-28T13:43:06+00:00\",\"breadcrumb\":{\"@id\":\"https:\/\/eveready.com\/apac\/vietnam\/product\/eveready-heavy-duty-aaa\/#breadcrumb\"},\"inLanguage\":\"en-US\",\"potentialAction\":[{\"@type\":\"ReadAction\",\"target\":[\"https:\/\/eveready.com\/apac\/vietnam\/product\/eveready-heavy-duty-aaa\/\"]}]},{\"@type\":\"ImageObject\",\"inLanguage\":\"en-US\",\"@id\":\"https:\/\/eveready.com\/apac\/vietnam\/product\/eveready-heavy-duty-aaa\/#primaryimage\",\"url\":\"https:\/\/eveready.com\/apac\/vietnam\/wp-content\/uploads\/sites\/4\/2025\/09\/EVR-HD-AAa.png\",\"contentUrl\":\"https:\/\/eveready.com\/apac\/vietnam\/wp-content\/uploads\/sites\/4\/2025\/09\/EVR-HD-AAa.png\",\"width\":800,\"height\":800},{\"@type\":\"BreadcrumbList\",\"@id\":\"https:\/\/eveready.com\/apac\/vietnam\/product\/eveready-heavy-duty-aaa\/#breadcrumb\",\"itemListElement\":[{\"@type\":\"ListItem\",\"position\":1,\"name\":\"Home\",\"item\":\"https:\/\/eveready.com\/apac\/vietnam\/\"},{\"@type\":\"ListItem\",\"position\":2,\"name\":\"Products\",\"item\":\"https:\/\/eveready.com\/apac\/vietnam\/shop\/\"},{\"@type\":\"ListItem\",\"position\":3,\"name\":\"Pin Eveready\u00ae Heavy Duty AA\u200b\u200bA\"}]},{\"@type\":\"WebSite\",\"@id\":\"https:\/\/eveready.com\/apac\/vietnam\/#website\",\"url\":\"https:\/\/eveready.com\/apac\/vietnam\/\",\"name\":\"Eveready Vietnam\",\"description\":\"\",\"publisher\":{\"@id\":\"https:\/\/eveready.com\/apac\/vietnam\/#organization\"},\"potentialAction\":[{\"@type\":\"SearchAction\",\"target\":{\"@type\":\"EntryPoint\",\"urlTemplate\":\"https:\/\/eveready.com\/apac\/vietnam\/?s={search_term_string}\"},\"query-input\":{\"@type\":\"PropertyValueSpecification\",\"valueRequired\":true,\"valueName\":\"search_term_string\"}}],\"inLanguage\":\"en-US\"},{\"@type\":\"Organization\",\"@id\":\"https:\/\/eveready.com\/apac\/vietnam\/#organization\",\"name\":\"Eveready Vietnam\",\"url\":\"https:\/\/eveready.com\/apac\/vietnam\/\",\"logo\":{\"@type\":\"ImageObject\",\"inLanguage\":\"en-US\",\"@id\":\"https:\/\/eveready.com\/apac\/vietnam\/#\/schema\/logo\/image\/\",\"url\":\"https:\/\/eveready.com\/apac\/vietnam\/wp-content\/uploads\/sites\/4\/2025\/08\/logo-eveready.png\",\"contentUrl\":\"https:\/\/eveready.com\/apac\/vietnam\/wp-content\/uploads\/sites\/4\/2025\/08\/logo-eveready.png\",\"width\":855,\"height\":220,\"caption\":\"Eveready Vietnam\"},\"image\":{\"@id\":\"https:\/\/eveready.com\/apac\/vietnam\/#\/schema\/logo\/image\/\"}}]}<\/script>\n<!-- \/ Yoast SEO plugin. -->","yoast_head_json":{"title":"Pin Eveready\u00ae Heavy Duty AA\u200b\u200bA - Eveready Vietnam","robots":{"index":"index","follow":"follow","max-snippet":"max-snippet:-1","max-image-preview":"max-image-preview:large","max-video-preview":"max-video-preview:-1"},"canonical":"https:\/\/eveready.com\/apac\/vietnam\/product\/eveready-heavy-duty-aaa\/","og_locale":"en_US","og_type":"article","og_title":"Pin Eveready\u00ae Heavy Duty AA\u200b\u200bA - Eveready Vietnam","og_description":"H\u00e3y s\u1eed d\u1ee5ng Eveready\u00ae \u0111\u1ec3 cung c\u1ea5p n\u0103ng l\u01b0\u1ee3ng cho c\u00e1c thi\u1ebft b\u1ecb h\u00e0ng ng\u00e0y c\u1ee7a b\u1ea1n. Pin AAA Eveready\u00ae Heavy Duty cung c\u1ea5p ngu\u1ed3n n\u0103ng l\u01b0\u1ee3ng \u0111\u00e1ng tin c\u1eady v\u00e0 s\u1eb5n s\u00e0ng s\u1eed d\u1ee5ng sau khi b\u1ea3o qu\u1ea3n \u0111\u1ebfn 3 n\u0103m. H\u00e3y s\u1eed d\u1ee5ng Eveready\u00ae \u0111\u1ec3 cung c\u1ea5p n\u0103ng l\u01b0\u1ee3ng cho nh\u1eefng thi\u1ebft b\u1ecb b\u1ea1n d\u00f9ng m\u1ed7i ng\u00e0y.","og_url":"https:\/\/eveready.com\/apac\/vietnam\/product\/eveready-heavy-duty-aaa\/","og_site_name":"Eveready Vietnam","article_modified_time":"2026-01-28T13:43:06+00:00","og_image":[{"width":800,"height":800,"url":"https:\/\/eveready.com\/apac\/vietnam\/wp-content\/uploads\/sites\/4\/2025\/09\/EVR-HD-AAa.png","type":"image\/png"}],"twitter_card":"summary_large_image","twitter_misc":{"Est. reading time":"1 minute"},"schema":{"@context":"https:\/\/schema.org","@graph":[{"@type":"WebPage","@id":"https:\/\/eveready.com\/apac\/vietnam\/product\/eveready-heavy-duty-aaa\/","url":"https:\/\/eveready.com\/apac\/vietnam\/product\/eveready-heavy-duty-aaa\/","name":"Pin Eveready\u00ae Heavy Duty AA\u200b\u200bA - Eveready Vietnam","isPartOf":{"@id":"https:\/\/eveready.com\/apac\/vietnam\/#website"},"primaryImageOfPage":{"@id":"https:\/\/eveready.com\/apac\/vietnam\/product\/eveready-heavy-duty-aaa\/#primaryimage"},"image":{"@id":"https:\/\/eveready.com\/apac\/vietnam\/product\/eveready-heavy-duty-aaa\/#primaryimage"},"thumbnailUrl":"https:\/\/eveready.com\/apac\/vietnam\/wp-content\/uploads\/sites\/4\/2025\/09\/EVR-HD-AAa.png","datePublished":"2025-10-23T08:09:57+00:00","dateModified":"2026-01-28T13:43:06+00:00","breadcrumb":{"@id":"https:\/\/eveready.com\/apac\/vietnam\/product\/eveready-heavy-duty-aaa\/#breadcrumb"},"inLanguage":"en-US","potentialAction":[{"@type":"ReadAction","target":["https:\/\/eveready.com\/apac\/vietnam\/product\/eveready-heavy-duty-aaa\/"]}]},{"@type":"ImageObject","inLanguage":"en-US","@id":"https:\/\/eveready.com\/apac\/vietnam\/product\/eveready-heavy-duty-aaa\/#primaryimage","url":"https:\/\/eveready.com\/apac\/vietnam\/wp-content\/uploads\/sites\/4\/2025\/09\/EVR-HD-AAa.png","contentUrl":"https:\/\/eveready.com\/apac\/vietnam\/wp-content\/uploads\/sites\/4\/2025\/09\/EVR-HD-AAa.png","width":800,"height":800},{"@type":"BreadcrumbList","@id":"https:\/\/eveready.com\/apac\/vietnam\/product\/eveready-heavy-duty-aaa\/#breadcrumb","itemListElement":[{"@type":"ListItem","position":1,"name":"Home","item":"https:\/\/eveready.com\/apac\/vietnam\/"},{"@type":"ListItem","position":2,"name":"Products","item":"https:\/\/eveready.com\/apac\/vietnam\/shop\/"},{"@type":"ListItem","position":3,"name":"Pin Eveready\u00ae Heavy Duty AA\u200b\u200bA"}]},{"@type":"WebSite","@id":"https:\/\/eveready.com\/apac\/vietnam\/#website","url":"https:\/\/eveready.com\/apac\/vietnam\/","name":"Eveready Vietnam","description":"","publisher":{"@id":"https:\/\/eveready.com\/apac\/vietnam\/#organization"},"potentialAction":[{"@type":"SearchAction","target":{"@type":"EntryPoint","urlTemplate":"https:\/\/eveready.com\/apac\/vietnam\/?s={search_term_string}"},"query-input":{"@type":"PropertyValueSpecification","valueRequired":true,"valueName":"search_term_string"}}],"inLanguage":"en-US"},{"@type":"Organization","@id":"https:\/\/eveready.com\/apac\/vietnam\/#organization","name":"Eveready Vietnam","url":"https:\/\/eveready.com\/apac\/vietnam\/","logo":{"@type":"ImageObject","inLanguage":"en-US","@id":"https:\/\/eveready.com\/apac\/vietnam\/#\/schema\/logo\/image\/","url":"https:\/\/eveready.com\/apac\/vietnam\/wp-content\/uploads\/sites\/4\/2025\/08\/logo-eveready.png","contentUrl":"https:\/\/eveready.com\/apac\/vietnam\/wp-content\/uploads\/sites\/4\/2025\/08\/logo-eveready.png","width":855,"height":220,"caption":"Eveready Vietnam"},"image":{"@id":"https:\/\/eveready.com\/apac\/vietnam\/#\/schema\/logo\/image\/"}}]}},"_links":{"self":[{"href":"https:\/\/eveready.com\/apac\/vietnam\/wp-json\/wp\/v2\/product\/4461","targetHints":{"allow":["GET"]}}],"collection":[{"href":"https:\/\/eveready.com\/apac\/vietnam\/wp-json\/wp\/v2\/product"}],"about":[{"href":"https:\/\/eveready.com\/apac\/vietnam\/wp-json\/wp\/v2\/types\/product"}],"replies":[{"embeddable":true,"href":"https:\/\/eveready.com\/apac\/vietnam\/wp-json\/wp\/v2\/comments?post=4461"}],"wp:featuredmedia":[{"embeddable":true,"href":"https:\/\/eveready.com\/apac\/vietnam\/wp-json\/wp\/v2\/media\/3287"}],"wp:attachment":[{"href":"https:\/\/eveready.com\/apac\/vietnam\/wp-json\/wp\/v2\/media?parent=4461"}],"wp:term":[{"taxonomy":"product_brand","embeddable":true,"href":"https:\/\/eveready.com\/apac\/vietnam\/wp-json\/wp\/v2\/product_brand?post=4461"},{"taxonomy":"product_cat","embeddable":true,"href":"https:\/\/eveready.com\/apac\/vietnam\/wp-json\/wp\/v2\/product_cat?post=4461"},{"taxonomy":"product_tag","embeddable":true,"href":"https:\/\/eveready.com\/apac\/vietnam\/wp-json\/wp\/v2\/product_tag?post=4461"}],"curies":[{"name":"wp","href":"https:\/\/api.w.org\/{rel}","templated":true}]}}