{"id":4472,"date":"2025-10-23T04:43:38","date_gmt":"2025-10-23T08:43:38","guid":{"rendered":"https:\/\/eveready.com\/apac\/vietnam\/?post_type=product&#038;p=4472"},"modified":"2025-12-08T00:55:35","modified_gmt":"2025-12-08T05:55:35","slug":"eveready-heavy-duty-9v","status":"publish","type":"product","link":"https:\/\/eveready.com\/apac\/vietnam\/product\/eveready-heavy-duty-9v\/","title":{"rendered":"Pin Eveready\u00ae Heavy Duty 9V"},"content":{"rendered":"<p><strong>T\u00ednh n\u0103ng v\u00e0 L\u1ee3i \u00edch<\/strong><\/p>\n<ul>\n<li>V\u1ec9 1 vi\u00ean pin Eveready\u00ae Heavy Duty 9V<\/li>\n<li>Ngu\u1ed3n n\u0103ng l\u01b0\u1ee3ng \u0111\u00e1ng tin c\u1eady cho c\u00e1c thi\u1ebft b\u1ecb c\u1ee7a b\u1ea1n<\/li>\n<li>Pin Eveready\u00ae Heavy Duty cung c\u1ea5p n\u0103ng l\u01b0\u1ee3ng cho c\u00e1c thi\u1ebft b\u1ecb h\u00e0ng ng\u00e0y c\u1ee7a b\u1ea1n nh\u01b0 \u0111\u1ed3ng h\u1ed3, radio v\u00e0 \u0111\u1ed3 ch\u01a1i<\/li>\n<li>Pin Eveready\u00ae Heavy Duty 9V s\u1eb5n s\u00e0ng s\u1eed d\u1ee5ng sau khi b\u1ea3o qu\u1ea3n \u0111\u1ebfn 3 n\u0103m<\/li>\n<li>\u0110\u01b0\u1ee3c ch\u1ebf t\u1ea1o v\u1edbi thi\u1ebft k\u1ebf ch\u1ed1ng r\u00f2 r\u1ec9<\/li>\n<li>Pin Eveready\u00ae Heavy Duty ho\u00e0n to\u00e0n kh\u00f4ng b\u1ed5 sung th\u1ee7y ng\u00e2n v\u00e0 cadmium<\/li>\n<li>Eveready\u00ae \u0111\u00e3 duy tr\u00ec ho\u1ea1t \u0111\u1ed9ng m\u1ea1nh m\u1ebd trong h\u01a1n 125 n\u0103m<\/li>\n<\/ul>\n","protected":false},"excerpt":{"rendered":"<p>Thi\u1ebfu \u0111i\u1ec7n? Mi\u1ec5n b\u00e0n. H\u00e3y d\u1ef1 tr\u1eef s\u1eb5n lo\u1ea1i pin c\u00f3 ngu\u1ed3n n\u0103ng l\u01b0\u1ee3ng \u0111\u00e1ng tin c\u1eady &#8211; Eveready\u00ae Heavy Duty. Pin 9V Eveready\u00ae Heavy Duty \u0111\u01b0\u1ee3c ch\u1ebf t\u1ea1o v\u1edbi thi\u1ebft k\u1ebf ch\u1ed1ng r\u00f2 r\u1ec9. H\u00e3y s\u1eed d\u1ee5ng ch\u00fang \u0111\u1ec3 cung c\u1ea5p n\u0103ng l\u01b0\u1ee3ng cho c\u00e1c thi\u1ebft b\u1ecb y\u00eau th\u00edch c\u1ee7a gia \u0111\u00ecnh b\u1ea1n. N\u1ea1p \u0111\u1ea7y n\u0103ng l\u01b0\u1ee3ng v\u1edbi Eveready\u00ae ngay h\u00f4m nay.<\/p>\n","protected":false},"featured_media":3302,"comment_status":"open","ping_status":"closed","template":"","meta":{"_acf_changed":false},"product_brand":[],"product_cat":[36,58],"product_tag":[],"class_list":{"0":"post-4472","1":"product","2":"type-product","3":"status-publish","4":"has-post-thumbnail","6":"product_cat-batteries","7":"product_cat-eveready-heavy-duty","9":"first","10":"instock","11":"shipping-taxable","12":"product-type-simple"},"acf":[],"yoast_head":"<!-- This site is optimized with the Yoast SEO plugin v27.2 - https:\/\/yoast.com\/product\/yoast-seo-wordpress\/ -->\n<title>Pin Eveready\u00ae Heavy Duty 9V - Eveready Vietnam<\/title>\n<meta name=\"robots\" content=\"index, follow, max-snippet:-1, max-image-preview:large, max-video-preview:-1\" \/>\n<link rel=\"canonical\" href=\"https:\/\/eveready.com\/apac\/vietnam\/product\/eveready-heavy-duty-9v\/\" \/>\n<meta property=\"og:locale\" content=\"en_US\" \/>\n<meta property=\"og:type\" content=\"article\" \/>\n<meta property=\"og:title\" content=\"Pin Eveready\u00ae Heavy Duty 9V - Eveready Vietnam\" \/>\n<meta property=\"og:description\" content=\"Thi\u1ebfu \u0111i\u1ec7n? Mi\u1ec5n b\u00e0n. H\u00e3y d\u1ef1 tr\u1eef s\u1eb5n lo\u1ea1i pin c\u00f3 ngu\u1ed3n n\u0103ng l\u01b0\u1ee3ng \u0111\u00e1ng tin c\u1eady - Eveready\u00ae Heavy Duty. Pin 9V Eveready\u00ae Heavy Duty \u0111\u01b0\u1ee3c ch\u1ebf t\u1ea1o v\u1edbi thi\u1ebft k\u1ebf ch\u1ed1ng r\u00f2 r\u1ec9. H\u00e3y s\u1eed d\u1ee5ng ch\u00fang \u0111\u1ec3 cung c\u1ea5p n\u0103ng l\u01b0\u1ee3ng cho c\u00e1c thi\u1ebft b\u1ecb y\u00eau th\u00edch c\u1ee7a gia \u0111\u00ecnh b\u1ea1n. N\u1ea1p \u0111\u1ea7y n\u0103ng l\u01b0\u1ee3ng v\u1edbi Eveready\u00ae ngay h\u00f4m nay.\" \/>\n<meta property=\"og:url\" content=\"https:\/\/eveready.com\/apac\/vietnam\/product\/eveready-heavy-duty-9v\/\" \/>\n<meta property=\"og:site_name\" content=\"Eveready Vietnam\" \/>\n<meta property=\"article:modified_time\" content=\"2025-12-08T05:55:35+00:00\" \/>\n<meta property=\"og:image\" content=\"https:\/\/eveready.com\/apac\/vietnam\/wp-content\/uploads\/sites\/4\/2025\/09\/EVR-HD-9V.png\" \/>\n\t<meta property=\"og:image:width\" content=\"800\" \/>\n\t<meta property=\"og:image:height\" content=\"800\" \/>\n\t<meta property=\"og:image:type\" content=\"image\/png\" \/>\n<meta name=\"twitter:card\" content=\"summary_large_image\" \/>\n<meta name=\"twitter:label1\" content=\"Est. reading time\" \/>\n\t<meta name=\"twitter:data1\" content=\"1 minute\" \/>\n<script type=\"application\/ld+json\" class=\"yoast-schema-graph\">{\"@context\":\"https:\/\/schema.org\",\"@graph\":[{\"@type\":\"WebPage\",\"@id\":\"https:\/\/eveready.com\/apac\/vietnam\/product\/eveready-heavy-duty-9v\/\",\"url\":\"https:\/\/eveready.com\/apac\/vietnam\/product\/eveready-heavy-duty-9v\/\",\"name\":\"Pin Eveready\u00ae Heavy Duty 9V - Eveready Vietnam\",\"isPartOf\":{\"@id\":\"https:\/\/eveready.com\/apac\/vietnam\/#website\"},\"primaryImageOfPage\":{\"@id\":\"https:\/\/eveready.com\/apac\/vietnam\/product\/eveready-heavy-duty-9v\/#primaryimage\"},\"image\":{\"@id\":\"https:\/\/eveready.com\/apac\/vietnam\/product\/eveready-heavy-duty-9v\/#primaryimage\"},\"thumbnailUrl\":\"https:\/\/eveready.com\/apac\/vietnam\/wp-content\/uploads\/sites\/4\/2025\/09\/EVR-HD-9V.png\",\"datePublished\":\"2025-10-23T08:43:38+00:00\",\"dateModified\":\"2025-12-08T05:55:35+00:00\",\"breadcrumb\":{\"@id\":\"https:\/\/eveready.com\/apac\/vietnam\/product\/eveready-heavy-duty-9v\/#breadcrumb\"},\"inLanguage\":\"en-US\",\"potentialAction\":[{\"@type\":\"ReadAction\",\"target\":[\"https:\/\/eveready.com\/apac\/vietnam\/product\/eveready-heavy-duty-9v\/\"]}]},{\"@type\":\"ImageObject\",\"inLanguage\":\"en-US\",\"@id\":\"https:\/\/eveready.com\/apac\/vietnam\/product\/eveready-heavy-duty-9v\/#primaryimage\",\"url\":\"https:\/\/eveready.com\/apac\/vietnam\/wp-content\/uploads\/sites\/4\/2025\/09\/EVR-HD-9V.png\",\"contentUrl\":\"https:\/\/eveready.com\/apac\/vietnam\/wp-content\/uploads\/sites\/4\/2025\/09\/EVR-HD-9V.png\",\"width\":800,\"height\":800},{\"@type\":\"BreadcrumbList\",\"@id\":\"https:\/\/eveready.com\/apac\/vietnam\/product\/eveready-heavy-duty-9v\/#breadcrumb\",\"itemListElement\":[{\"@type\":\"ListItem\",\"position\":1,\"name\":\"Home\",\"item\":\"https:\/\/eveready.com\/apac\/vietnam\/\"},{\"@type\":\"ListItem\",\"position\":2,\"name\":\"Products\",\"item\":\"https:\/\/eveready.com\/apac\/vietnam\/shop\/\"},{\"@type\":\"ListItem\",\"position\":3,\"name\":\"Pin Eveready\u00ae Heavy Duty 9V\"}]},{\"@type\":\"WebSite\",\"@id\":\"https:\/\/eveready.com\/apac\/vietnam\/#website\",\"url\":\"https:\/\/eveready.com\/apac\/vietnam\/\",\"name\":\"Eveready Vietnam\",\"description\":\"\",\"publisher\":{\"@id\":\"https:\/\/eveready.com\/apac\/vietnam\/#organization\"},\"potentialAction\":[{\"@type\":\"SearchAction\",\"target\":{\"@type\":\"EntryPoint\",\"urlTemplate\":\"https:\/\/eveready.com\/apac\/vietnam\/?s={search_term_string}\"},\"query-input\":{\"@type\":\"PropertyValueSpecification\",\"valueRequired\":true,\"valueName\":\"search_term_string\"}}],\"inLanguage\":\"en-US\"},{\"@type\":\"Organization\",\"@id\":\"https:\/\/eveready.com\/apac\/vietnam\/#organization\",\"name\":\"Eveready Vietnam\",\"url\":\"https:\/\/eveready.com\/apac\/vietnam\/\",\"logo\":{\"@type\":\"ImageObject\",\"inLanguage\":\"en-US\",\"@id\":\"https:\/\/eveready.com\/apac\/vietnam\/#\/schema\/logo\/image\/\",\"url\":\"https:\/\/eveready.com\/apac\/vietnam\/wp-content\/uploads\/sites\/4\/2025\/08\/logo-eveready.png\",\"contentUrl\":\"https:\/\/eveready.com\/apac\/vietnam\/wp-content\/uploads\/sites\/4\/2025\/08\/logo-eveready.png\",\"width\":855,\"height\":220,\"caption\":\"Eveready Vietnam\"},\"image\":{\"@id\":\"https:\/\/eveready.com\/apac\/vietnam\/#\/schema\/logo\/image\/\"}}]}<\/script>\n<!-- \/ Yoast SEO plugin. -->","yoast_head_json":{"title":"Pin Eveready\u00ae Heavy Duty 9V - Eveready Vietnam","robots":{"index":"index","follow":"follow","max-snippet":"max-snippet:-1","max-image-preview":"max-image-preview:large","max-video-preview":"max-video-preview:-1"},"canonical":"https:\/\/eveready.com\/apac\/vietnam\/product\/eveready-heavy-duty-9v\/","og_locale":"en_US","og_type":"article","og_title":"Pin Eveready\u00ae Heavy Duty 9V - Eveready Vietnam","og_description":"Thi\u1ebfu \u0111i\u1ec7n? Mi\u1ec5n b\u00e0n. H\u00e3y d\u1ef1 tr\u1eef s\u1eb5n lo\u1ea1i pin c\u00f3 ngu\u1ed3n n\u0103ng l\u01b0\u1ee3ng \u0111\u00e1ng tin c\u1eady - Eveready\u00ae Heavy Duty. Pin 9V Eveready\u00ae Heavy Duty \u0111\u01b0\u1ee3c ch\u1ebf t\u1ea1o v\u1edbi thi\u1ebft k\u1ebf ch\u1ed1ng r\u00f2 r\u1ec9. H\u00e3y s\u1eed d\u1ee5ng ch\u00fang \u0111\u1ec3 cung c\u1ea5p n\u0103ng l\u01b0\u1ee3ng cho c\u00e1c thi\u1ebft b\u1ecb y\u00eau th\u00edch c\u1ee7a gia \u0111\u00ecnh b\u1ea1n. N\u1ea1p \u0111\u1ea7y n\u0103ng l\u01b0\u1ee3ng v\u1edbi Eveready\u00ae ngay h\u00f4m nay.","og_url":"https:\/\/eveready.com\/apac\/vietnam\/product\/eveready-heavy-duty-9v\/","og_site_name":"Eveready Vietnam","article_modified_time":"2025-12-08T05:55:35+00:00","og_image":[{"width":800,"height":800,"url":"https:\/\/eveready.com\/apac\/vietnam\/wp-content\/uploads\/sites\/4\/2025\/09\/EVR-HD-9V.png","type":"image\/png"}],"twitter_card":"summary_large_image","twitter_misc":{"Est. reading time":"1 minute"},"schema":{"@context":"https:\/\/schema.org","@graph":[{"@type":"WebPage","@id":"https:\/\/eveready.com\/apac\/vietnam\/product\/eveready-heavy-duty-9v\/","url":"https:\/\/eveready.com\/apac\/vietnam\/product\/eveready-heavy-duty-9v\/","name":"Pin Eveready\u00ae Heavy Duty 9V - Eveready Vietnam","isPartOf":{"@id":"https:\/\/eveready.com\/apac\/vietnam\/#website"},"primaryImageOfPage":{"@id":"https:\/\/eveready.com\/apac\/vietnam\/product\/eveready-heavy-duty-9v\/#primaryimage"},"image":{"@id":"https:\/\/eveready.com\/apac\/vietnam\/product\/eveready-heavy-duty-9v\/#primaryimage"},"thumbnailUrl":"https:\/\/eveready.com\/apac\/vietnam\/wp-content\/uploads\/sites\/4\/2025\/09\/EVR-HD-9V.png","datePublished":"2025-10-23T08:43:38+00:00","dateModified":"2025-12-08T05:55:35+00:00","breadcrumb":{"@id":"https:\/\/eveready.com\/apac\/vietnam\/product\/eveready-heavy-duty-9v\/#breadcrumb"},"inLanguage":"en-US","potentialAction":[{"@type":"ReadAction","target":["https:\/\/eveready.com\/apac\/vietnam\/product\/eveready-heavy-duty-9v\/"]}]},{"@type":"ImageObject","inLanguage":"en-US","@id":"https:\/\/eveready.com\/apac\/vietnam\/product\/eveready-heavy-duty-9v\/#primaryimage","url":"https:\/\/eveready.com\/apac\/vietnam\/wp-content\/uploads\/sites\/4\/2025\/09\/EVR-HD-9V.png","contentUrl":"https:\/\/eveready.com\/apac\/vietnam\/wp-content\/uploads\/sites\/4\/2025\/09\/EVR-HD-9V.png","width":800,"height":800},{"@type":"BreadcrumbList","@id":"https:\/\/eveready.com\/apac\/vietnam\/product\/eveready-heavy-duty-9v\/#breadcrumb","itemListElement":[{"@type":"ListItem","position":1,"name":"Home","item":"https:\/\/eveready.com\/apac\/vietnam\/"},{"@type":"ListItem","position":2,"name":"Products","item":"https:\/\/eveready.com\/apac\/vietnam\/shop\/"},{"@type":"ListItem","position":3,"name":"Pin Eveready\u00ae Heavy Duty 9V"}]},{"@type":"WebSite","@id":"https:\/\/eveready.com\/apac\/vietnam\/#website","url":"https:\/\/eveready.com\/apac\/vietnam\/","name":"Eveready Vietnam","description":"","publisher":{"@id":"https:\/\/eveready.com\/apac\/vietnam\/#organization"},"potentialAction":[{"@type":"SearchAction","target":{"@type":"EntryPoint","urlTemplate":"https:\/\/eveready.com\/apac\/vietnam\/?s={search_term_string}"},"query-input":{"@type":"PropertyValueSpecification","valueRequired":true,"valueName":"search_term_string"}}],"inLanguage":"en-US"},{"@type":"Organization","@id":"https:\/\/eveready.com\/apac\/vietnam\/#organization","name":"Eveready Vietnam","url":"https:\/\/eveready.com\/apac\/vietnam\/","logo":{"@type":"ImageObject","inLanguage":"en-US","@id":"https:\/\/eveready.com\/apac\/vietnam\/#\/schema\/logo\/image\/","url":"https:\/\/eveready.com\/apac\/vietnam\/wp-content\/uploads\/sites\/4\/2025\/08\/logo-eveready.png","contentUrl":"https:\/\/eveready.com\/apac\/vietnam\/wp-content\/uploads\/sites\/4\/2025\/08\/logo-eveready.png","width":855,"height":220,"caption":"Eveready Vietnam"},"image":{"@id":"https:\/\/eveready.com\/apac\/vietnam\/#\/schema\/logo\/image\/"}}]}},"_links":{"self":[{"href":"https:\/\/eveready.com\/apac\/vietnam\/wp-json\/wp\/v2\/product\/4472","targetHints":{"allow":["GET"]}}],"collection":[{"href":"https:\/\/eveready.com\/apac\/vietnam\/wp-json\/wp\/v2\/product"}],"about":[{"href":"https:\/\/eveready.com\/apac\/vietnam\/wp-json\/wp\/v2\/types\/product"}],"replies":[{"embeddable":true,"href":"https:\/\/eveready.com\/apac\/vietnam\/wp-json\/wp\/v2\/comments?post=4472"}],"wp:featuredmedia":[{"embeddable":true,"href":"https:\/\/eveready.com\/apac\/vietnam\/wp-json\/wp\/v2\/media\/3302"}],"wp:attachment":[{"href":"https:\/\/eveready.com\/apac\/vietnam\/wp-json\/wp\/v2\/media?parent=4472"}],"wp:term":[{"taxonomy":"product_brand","embeddable":true,"href":"https:\/\/eveready.com\/apac\/vietnam\/wp-json\/wp\/v2\/product_brand?post=4472"},{"taxonomy":"product_cat","embeddable":true,"href":"https:\/\/eveready.com\/apac\/vietnam\/wp-json\/wp\/v2\/product_cat?post=4472"},{"taxonomy":"product_tag","embeddable":true,"href":"https:\/\/eveready.com\/apac\/vietnam\/wp-json\/wp\/v2\/product_tag?post=4472"}],"curies":[{"name":"wp","href":"https:\/\/api.w.org\/{rel}","templated":true}]}}