{"id":4473,"date":"2025-10-23T04:52:25","date_gmt":"2025-10-23T08:52:25","guid":{"rendered":"https:\/\/eveready.com\/apac\/vietnam\/?post_type=product&#038;p=4473"},"modified":"2026-02-13T01:32:57","modified_gmt":"2026-02-13T06:32:57","slug":"eveready-general-purpose-aa","status":"publish","type":"product","link":"https:\/\/eveready.com\/apac\/vietnam\/product\/eveready-general-purpose-aa\/","title":{"rendered":"Eveready\u00ae General Purpose AA"},"content":{"rendered":"<p><strong>T\u00ednh n\u0103ng v\u00e0 L\u1ee3i \u00edch<\/strong><\/p>\n<ul>\n<li>Thi\u1ebft k\u1ebf ch\u1ed1ng r\u00f2 r\u1ec9<\/li>\n<li>K\u1ebdm Carbon<\/li>\n<li>Ch\u1ea5t l\u01b0\u1ee3ng \u0111\u00e1ng tin c\u1eady, gi\u00e1 c\u1ea3 ph\u1ea3i ch\u0103ng<\/li>\n<li>L\u00fd t\u01b0\u1edfng cho c\u00e1c thi\u1ebft b\u1ecb ti\u00eau th\u1ee5 n\u0103ng l\u01b0\u1ee3ng th\u1ea5p<\/li>\n<li>C\u0169ng c\u00f3 s\u1eb5n lo\u1ea1i SW4<\/li>\n<\/ul>\n","protected":false},"excerpt":{"rendered":"<p>T\u00ednh n\u0103ng v\u00e0 L\u1ee3i \u00edch Thi\u1ebft k\u1ebf ch\u1ed1ng r\u00f2 r\u1ec9 K\u1ebdm Carbon Ch\u1ea5t l\u01b0\u1ee3ng \u0111\u00e1ng tin c\u1eady, gi\u00e1 c\u1ea3 ph\u1ea3i ch\u0103ng L\u00fd t\u01b0\u1edfng cho c\u00e1c thi\u1ebft b\u1ecb ti\u00eau th\u1ee5 n\u0103ng l\u01b0\u1ee3ng th\u1ea5p C\u0169ng c\u00f3 s\u1eb5n lo\u1ea1i SW4<\/p>\n","protected":false},"featured_media":4934,"comment_status":"open","ping_status":"closed","template":"","meta":{"_acf_changed":false},"product_brand":[],"product_cat":[63],"product_tag":[],"class_list":{"0":"post-4473","1":"product","2":"type-product","3":"status-publish","4":"has-post-thumbnail","6":"product_cat-eveready-general-purpose","8":"first","9":"instock","10":"shipping-taxable","11":"product-type-simple"},"acf":[],"yoast_head":"<!-- This site is optimized with the Yoast SEO plugin v27.2 - https:\/\/yoast.com\/product\/yoast-seo-wordpress\/ -->\n<title>Eveready\u00ae General Purpose AA - Eveready Vietnam<\/title>\n<meta name=\"robots\" content=\"index, follow, max-snippet:-1, max-image-preview:large, max-video-preview:-1\" \/>\n<link rel=\"canonical\" href=\"https:\/\/eveready.com\/apac\/vietnam\/product\/eveready-general-purpose-aa\/\" \/>\n<meta property=\"og:locale\" content=\"en_US\" \/>\n<meta property=\"og:type\" content=\"article\" \/>\n<meta property=\"og:title\" content=\"Eveready\u00ae General Purpose AA - Eveready Vietnam\" \/>\n<meta property=\"og:description\" content=\"T\u00ednh n\u0103ng v\u00e0 L\u1ee3i \u00edch Thi\u1ebft k\u1ebf ch\u1ed1ng r\u00f2 r\u1ec9 K\u1ebdm Carbon Ch\u1ea5t l\u01b0\u1ee3ng \u0111\u00e1ng tin c\u1eady, gi\u00e1 c\u1ea3 ph\u1ea3i ch\u0103ng L\u00fd t\u01b0\u1edfng cho c\u00e1c thi\u1ebft b\u1ecb ti\u00eau th\u1ee5 n\u0103ng l\u01b0\u1ee3ng th\u1ea5p C\u0169ng c\u00f3 s\u1eb5n lo\u1ea1i SW4\" \/>\n<meta property=\"og:url\" content=\"https:\/\/eveready.com\/apac\/vietnam\/product\/eveready-general-purpose-aa\/\" \/>\n<meta property=\"og:site_name\" content=\"Eveready Vietnam\" \/>\n<meta property=\"article:modified_time\" content=\"2026-02-13T06:32:57+00:00\" \/>\n<meta property=\"og:image\" content=\"https:\/\/eveready.com\/apac\/vietnam\/wp-content\/uploads\/sites\/4\/2025\/10\/General-purpose-aa.png\" \/>\n\t<meta property=\"og:image:width\" content=\"800\" \/>\n\t<meta property=\"og:image:height\" content=\"800\" \/>\n\t<meta property=\"og:image:type\" content=\"image\/png\" \/>\n<meta name=\"twitter:card\" content=\"summary_large_image\" \/>\n<meta name=\"twitter:label1\" content=\"Est. reading time\" \/>\n\t<meta name=\"twitter:data1\" content=\"1 minute\" \/>\n<script type=\"application\/ld+json\" class=\"yoast-schema-graph\">{\"@context\":\"https:\/\/schema.org\",\"@graph\":[{\"@type\":\"WebPage\",\"@id\":\"https:\/\/eveready.com\/apac\/vietnam\/product\/eveready-general-purpose-aa\/\",\"url\":\"https:\/\/eveready.com\/apac\/vietnam\/product\/eveready-general-purpose-aa\/\",\"name\":\"Eveready\u00ae General Purpose AA - Eveready Vietnam\",\"isPartOf\":{\"@id\":\"https:\/\/eveready.com\/apac\/vietnam\/#website\"},\"primaryImageOfPage\":{\"@id\":\"https:\/\/eveready.com\/apac\/vietnam\/product\/eveready-general-purpose-aa\/#primaryimage\"},\"image\":{\"@id\":\"https:\/\/eveready.com\/apac\/vietnam\/product\/eveready-general-purpose-aa\/#primaryimage\"},\"thumbnailUrl\":\"https:\/\/eveready.com\/apac\/vietnam\/wp-content\/uploads\/sites\/4\/2025\/10\/General-purpose-aa.png\",\"datePublished\":\"2025-10-23T08:52:25+00:00\",\"dateModified\":\"2026-02-13T06:32:57+00:00\",\"breadcrumb\":{\"@id\":\"https:\/\/eveready.com\/apac\/vietnam\/product\/eveready-general-purpose-aa\/#breadcrumb\"},\"inLanguage\":\"en-US\",\"potentialAction\":[{\"@type\":\"ReadAction\",\"target\":[\"https:\/\/eveready.com\/apac\/vietnam\/product\/eveready-general-purpose-aa\/\"]}]},{\"@type\":\"ImageObject\",\"inLanguage\":\"en-US\",\"@id\":\"https:\/\/eveready.com\/apac\/vietnam\/product\/eveready-general-purpose-aa\/#primaryimage\",\"url\":\"https:\/\/eveready.com\/apac\/vietnam\/wp-content\/uploads\/sites\/4\/2025\/10\/General-purpose-aa.png\",\"contentUrl\":\"https:\/\/eveready.com\/apac\/vietnam\/wp-content\/uploads\/sites\/4\/2025\/10\/General-purpose-aa.png\",\"width\":800,\"height\":800},{\"@type\":\"BreadcrumbList\",\"@id\":\"https:\/\/eveready.com\/apac\/vietnam\/product\/eveready-general-purpose-aa\/#breadcrumb\",\"itemListElement\":[{\"@type\":\"ListItem\",\"position\":1,\"name\":\"Home\",\"item\":\"https:\/\/eveready.com\/apac\/vietnam\/\"},{\"@type\":\"ListItem\",\"position\":2,\"name\":\"Products\",\"item\":\"https:\/\/eveready.com\/apac\/vietnam\/shop\/\"},{\"@type\":\"ListItem\",\"position\":3,\"name\":\"Eveready\u00ae General Purpose AA\"}]},{\"@type\":\"WebSite\",\"@id\":\"https:\/\/eveready.com\/apac\/vietnam\/#website\",\"url\":\"https:\/\/eveready.com\/apac\/vietnam\/\",\"name\":\"Eveready Vietnam\",\"description\":\"\",\"publisher\":{\"@id\":\"https:\/\/eveready.com\/apac\/vietnam\/#organization\"},\"potentialAction\":[{\"@type\":\"SearchAction\",\"target\":{\"@type\":\"EntryPoint\",\"urlTemplate\":\"https:\/\/eveready.com\/apac\/vietnam\/?s={search_term_string}\"},\"query-input\":{\"@type\":\"PropertyValueSpecification\",\"valueRequired\":true,\"valueName\":\"search_term_string\"}}],\"inLanguage\":\"en-US\"},{\"@type\":\"Organization\",\"@id\":\"https:\/\/eveready.com\/apac\/vietnam\/#organization\",\"name\":\"Eveready Vietnam\",\"url\":\"https:\/\/eveready.com\/apac\/vietnam\/\",\"logo\":{\"@type\":\"ImageObject\",\"inLanguage\":\"en-US\",\"@id\":\"https:\/\/eveready.com\/apac\/vietnam\/#\/schema\/logo\/image\/\",\"url\":\"https:\/\/eveready.com\/apac\/vietnam\/wp-content\/uploads\/sites\/4\/2025\/08\/logo-eveready.png\",\"contentUrl\":\"https:\/\/eveready.com\/apac\/vietnam\/wp-content\/uploads\/sites\/4\/2025\/08\/logo-eveready.png\",\"width\":855,\"height\":220,\"caption\":\"Eveready Vietnam\"},\"image\":{\"@id\":\"https:\/\/eveready.com\/apac\/vietnam\/#\/schema\/logo\/image\/\"}}]}<\/script>\n<!-- \/ Yoast SEO plugin. -->","yoast_head_json":{"title":"Eveready\u00ae General Purpose AA - Eveready Vietnam","robots":{"index":"index","follow":"follow","max-snippet":"max-snippet:-1","max-image-preview":"max-image-preview:large","max-video-preview":"max-video-preview:-1"},"canonical":"https:\/\/eveready.com\/apac\/vietnam\/product\/eveready-general-purpose-aa\/","og_locale":"en_US","og_type":"article","og_title":"Eveready\u00ae General Purpose AA - Eveready Vietnam","og_description":"T\u00ednh n\u0103ng v\u00e0 L\u1ee3i \u00edch Thi\u1ebft k\u1ebf ch\u1ed1ng r\u00f2 r\u1ec9 K\u1ebdm Carbon Ch\u1ea5t l\u01b0\u1ee3ng \u0111\u00e1ng tin c\u1eady, gi\u00e1 c\u1ea3 ph\u1ea3i ch\u0103ng L\u00fd t\u01b0\u1edfng cho c\u00e1c thi\u1ebft b\u1ecb ti\u00eau th\u1ee5 n\u0103ng l\u01b0\u1ee3ng th\u1ea5p C\u0169ng c\u00f3 s\u1eb5n lo\u1ea1i SW4","og_url":"https:\/\/eveready.com\/apac\/vietnam\/product\/eveready-general-purpose-aa\/","og_site_name":"Eveready Vietnam","article_modified_time":"2026-02-13T06:32:57+00:00","og_image":[{"width":800,"height":800,"url":"https:\/\/eveready.com\/apac\/vietnam\/wp-content\/uploads\/sites\/4\/2025\/10\/General-purpose-aa.png","type":"image\/png"}],"twitter_card":"summary_large_image","twitter_misc":{"Est. reading time":"1 minute"},"schema":{"@context":"https:\/\/schema.org","@graph":[{"@type":"WebPage","@id":"https:\/\/eveready.com\/apac\/vietnam\/product\/eveready-general-purpose-aa\/","url":"https:\/\/eveready.com\/apac\/vietnam\/product\/eveready-general-purpose-aa\/","name":"Eveready\u00ae General Purpose AA - Eveready Vietnam","isPartOf":{"@id":"https:\/\/eveready.com\/apac\/vietnam\/#website"},"primaryImageOfPage":{"@id":"https:\/\/eveready.com\/apac\/vietnam\/product\/eveready-general-purpose-aa\/#primaryimage"},"image":{"@id":"https:\/\/eveready.com\/apac\/vietnam\/product\/eveready-general-purpose-aa\/#primaryimage"},"thumbnailUrl":"https:\/\/eveready.com\/apac\/vietnam\/wp-content\/uploads\/sites\/4\/2025\/10\/General-purpose-aa.png","datePublished":"2025-10-23T08:52:25+00:00","dateModified":"2026-02-13T06:32:57+00:00","breadcrumb":{"@id":"https:\/\/eveready.com\/apac\/vietnam\/product\/eveready-general-purpose-aa\/#breadcrumb"},"inLanguage":"en-US","potentialAction":[{"@type":"ReadAction","target":["https:\/\/eveready.com\/apac\/vietnam\/product\/eveready-general-purpose-aa\/"]}]},{"@type":"ImageObject","inLanguage":"en-US","@id":"https:\/\/eveready.com\/apac\/vietnam\/product\/eveready-general-purpose-aa\/#primaryimage","url":"https:\/\/eveready.com\/apac\/vietnam\/wp-content\/uploads\/sites\/4\/2025\/10\/General-purpose-aa.png","contentUrl":"https:\/\/eveready.com\/apac\/vietnam\/wp-content\/uploads\/sites\/4\/2025\/10\/General-purpose-aa.png","width":800,"height":800},{"@type":"BreadcrumbList","@id":"https:\/\/eveready.com\/apac\/vietnam\/product\/eveready-general-purpose-aa\/#breadcrumb","itemListElement":[{"@type":"ListItem","position":1,"name":"Home","item":"https:\/\/eveready.com\/apac\/vietnam\/"},{"@type":"ListItem","position":2,"name":"Products","item":"https:\/\/eveready.com\/apac\/vietnam\/shop\/"},{"@type":"ListItem","position":3,"name":"Eveready\u00ae General Purpose AA"}]},{"@type":"WebSite","@id":"https:\/\/eveready.com\/apac\/vietnam\/#website","url":"https:\/\/eveready.com\/apac\/vietnam\/","name":"Eveready Vietnam","description":"","publisher":{"@id":"https:\/\/eveready.com\/apac\/vietnam\/#organization"},"potentialAction":[{"@type":"SearchAction","target":{"@type":"EntryPoint","urlTemplate":"https:\/\/eveready.com\/apac\/vietnam\/?s={search_term_string}"},"query-input":{"@type":"PropertyValueSpecification","valueRequired":true,"valueName":"search_term_string"}}],"inLanguage":"en-US"},{"@type":"Organization","@id":"https:\/\/eveready.com\/apac\/vietnam\/#organization","name":"Eveready Vietnam","url":"https:\/\/eveready.com\/apac\/vietnam\/","logo":{"@type":"ImageObject","inLanguage":"en-US","@id":"https:\/\/eveready.com\/apac\/vietnam\/#\/schema\/logo\/image\/","url":"https:\/\/eveready.com\/apac\/vietnam\/wp-content\/uploads\/sites\/4\/2025\/08\/logo-eveready.png","contentUrl":"https:\/\/eveready.com\/apac\/vietnam\/wp-content\/uploads\/sites\/4\/2025\/08\/logo-eveready.png","width":855,"height":220,"caption":"Eveready Vietnam"},"image":{"@id":"https:\/\/eveready.com\/apac\/vietnam\/#\/schema\/logo\/image\/"}}]}},"_links":{"self":[{"href":"https:\/\/eveready.com\/apac\/vietnam\/wp-json\/wp\/v2\/product\/4473","targetHints":{"allow":["GET"]}}],"collection":[{"href":"https:\/\/eveready.com\/apac\/vietnam\/wp-json\/wp\/v2\/product"}],"about":[{"href":"https:\/\/eveready.com\/apac\/vietnam\/wp-json\/wp\/v2\/types\/product"}],"replies":[{"embeddable":true,"href":"https:\/\/eveready.com\/apac\/vietnam\/wp-json\/wp\/v2\/comments?post=4473"}],"wp:featuredmedia":[{"embeddable":true,"href":"https:\/\/eveready.com\/apac\/vietnam\/wp-json\/wp\/v2\/media\/4934"}],"wp:attachment":[{"href":"https:\/\/eveready.com\/apac\/vietnam\/wp-json\/wp\/v2\/media?parent=4473"}],"wp:term":[{"taxonomy":"product_brand","embeddable":true,"href":"https:\/\/eveready.com\/apac\/vietnam\/wp-json\/wp\/v2\/product_brand?post=4473"},{"taxonomy":"product_cat","embeddable":true,"href":"https:\/\/eveready.com\/apac\/vietnam\/wp-json\/wp\/v2\/product_cat?post=4473"},{"taxonomy":"product_tag","embeddable":true,"href":"https:\/\/eveready.com\/apac\/vietnam\/wp-json\/wp\/v2\/product_tag?post=4473"}],"curies":[{"name":"wp","href":"https:\/\/api.w.org\/{rel}","templated":true}]}}