{"id":294,"date":"2025-08-25T07:20:51","date_gmt":"2025-08-25T11:20:51","guid":{"rendered":"https:\/\/4575d4bec0.nxcli.io\/apac\/australia\/?page_id=294"},"modified":"2026-03-11T02:30:39","modified_gmt":"2026-03-11T06:30:39","slug":"flashlight-care","status":"publish","type":"page","link":"https:\/\/eveready.com\/eu\/france\/about-eveready\/flashlight-care\/","title":{"rendered":"ENTRETIEN DES TORCHES"},"content":{"rendered":"\t\t<div data-elementor-type=\"wp-page\" data-elementor-id=\"294\" class=\"elementor elementor-294\" data-elementor-post-type=\"page\">\n\t\t\t\t<div class=\"elementor-element elementor-element-700e413 e-con-full e-flex e-con e-parent\" data-id=\"700e413\" data-element_type=\"container\" data-e-type=\"container\">\n\t\t<div class=\"elementor-element elementor-element-dac3694 e-con-full e-flex e-con e-child\" data-id=\"dac3694\" data-element_type=\"container\" data-e-type=\"container\">\n\t\t\t\t<div class=\"elementor-element elementor-element-10c0037 elementor-widget elementor-widget-image\" data-id=\"10c0037\" data-element_type=\"widget\" data-e-type=\"widget\" data-widget_type=\"image.default\">\n\t\t\t\t\t\t\t\t\t\t\t\t\t\t\t<img fetchpriority=\"high\" decoding=\"async\" width=\"1500\" height=\"650\" src=\"https:\/\/eveready.com\/eu\/france\/wp-content\/uploads\/sites\/3\/2025\/09\/subbanner.png\" class=\"attachment-full size-full wp-image-3648\" alt=\"\" srcset=\"https:\/\/eveready.com\/eu\/france\/wp-content\/uploads\/sites\/3\/2025\/09\/subbanner.png 1500w, https:\/\/eveready.com\/eu\/france\/wp-content\/uploads\/sites\/3\/2025\/09\/subbanner-300x130.png 300w, https:\/\/eveready.com\/eu\/france\/wp-content\/uploads\/sites\/3\/2025\/09\/subbanner-1024x444.png 1024w, https:\/\/eveready.com\/eu\/france\/wp-content\/uploads\/sites\/3\/2025\/09\/subbanner-150x65.png 150w, https:\/\/eveready.com\/eu\/france\/wp-content\/uploads\/sites\/3\/2025\/09\/subbanner-768x333.png 768w, https:\/\/eveready.com\/eu\/france\/wp-content\/uploads\/sites\/3\/2025\/09\/subbanner-600x260.png 600w\" sizes=\"(max-width: 1500px) 100vw, 1500px\" \/>\t\t\t\t\t\t\t\t\t\t\t\t\t\t\t<\/div>\n\t\t<div class=\"elementor-element elementor-element-d1be883 e-con-full e-flex e-con e-child\" data-id=\"d1be883\" data-element_type=\"container\" data-e-type=\"container\">\n\t\t\t\t<div class=\"elementor-element elementor-element-057c318 yellow-heading elementor-widget elementor-widget-heading\" data-id=\"057c318\" data-element_type=\"widget\" data-e-type=\"widget\" data-widget_type=\"heading.default\">\n\t\t\t\t\t<h2 class=\"elementor-heading-title elementor-size-default\">ENTRETIEN<\/h2>\t\t\t\t<\/div>\n\t\t\t\t<div class=\"elementor-element elementor-element-6403f62 elementor-widget-divider--view-line elementor-widget elementor-widget-divider\" data-id=\"6403f62\" data-element_type=\"widget\" data-e-type=\"widget\" data-widget_type=\"divider.default\">\n\t\t\t\t\t\t\t<div class=\"elementor-divider\">\n\t\t\t<span class=\"elementor-divider-separator\">\n\t\t\t\t\t\t<\/span>\n\t\t<\/div>\n\t\t\t\t\t\t<\/div>\n\t\t\t\t<div class=\"elementor-element elementor-element-d196292 white-heading elementor-widget elementor-widget-heading\" data-id=\"d196292\" data-element_type=\"widget\" data-e-type=\"widget\" data-widget_type=\"heading.default\">\n\t\t\t\t\t<h2 class=\"elementor-heading-title elementor-size-default\"> DES TORCHES<\/h2>\t\t\t\t<\/div>\n\t\t\t\t<\/div>\n\t\t\t\t<\/div>\n\t\t\t\t<\/div>\n\t\t<div class=\"elementor-element elementor-element-be94206 e-flex e-con-boxed e-con e-parent\" data-id=\"be94206\" data-element_type=\"container\" data-e-type=\"container\">\n\t\t\t\t\t<div class=\"e-con-inner\">\n\t\t\t\t<div class=\"elementor-element elementor-element-6d45777 elementor-widget elementor-widget-heading\" data-id=\"6d45777\" data-element_type=\"widget\" data-e-type=\"widget\" data-widget_type=\"heading.default\">\n\t\t\t\t\t<h3 class=\"elementor-heading-title elementor-size-default\">\u00c0 FAIRE<\/h3>\t\t\t\t<\/div>\n\t\t\t\t<div class=\"elementor-element elementor-element-74e1ca0 elementor-list-item-link-full_width elementor-widget elementor-widget-icon-list\" data-id=\"74e1ca0\" data-element_type=\"widget\" data-e-type=\"widget\" data-widget_type=\"icon-list.default\">\n\t\t\t\t\t\t\t<ul class=\"elementor-icon-list-items\">\n\t\t\t\t\t\t\t<li class=\"elementor-icon-list-item\">\n\t\t\t\t\t\t\t\t\t\t\t<span class=\"elementor-icon-list-icon\">\n\t\t\t\t\t\t\t<svg aria-hidden=\"true\" class=\"e-font-icon-svg e-fas-circle\" viewBox=\"0 0 512 512\" xmlns=\"http:\/\/www.w3.org\/2000\/svg\"><path d=\"M256 8C119 8 8 119 8 256s111 248 248 248 248-111 248-248S393 8 256 8z\"><\/path><\/svg>\t\t\t\t\t\t<\/span>\n\t\t\t\t\t\t\t\t\t\t<span class=\"elementor-icon-list-text\">CONSERVEZ votre lampe de poche dans un endroit frais et sec, id\u00e9alement dans un emplacement strat\u00e9gique et facile d'acc\u00e8s en cas d'urgence ou de panne de courant.<\/span>\n\t\t\t\t\t\t\t\t\t<\/li>\n\t\t\t\t\t\t\t\t<li class=\"elementor-icon-list-item\">\n\t\t\t\t\t\t\t\t\t\t\t<span class=\"elementor-icon-list-icon\">\n\t\t\t\t\t\t\t<svg aria-hidden=\"true\" class=\"e-font-icon-svg e-fas-circle\" viewBox=\"0 0 512 512\" xmlns=\"http:\/\/www.w3.org\/2000\/svg\"><path d=\"M256 8C119 8 8 119 8 256s111 248 248 248 248-111 248-248S393 8 256 8z\"><\/path><\/svg>\t\t\t\t\t\t<\/span>\n\t\t\t\t\t\t\t\t\t\t<span class=\"elementor-icon-list-text\">REMPLACEZ les piles de votre lampe ou de votre lanterne tous les quelques mois si vous ne l'utilisez pas pendant une p\u00e9riode prolong\u00e9e. Cela garantit d'avoir des piles neuves en \u00e9tat de marche et pr\u00e9vient tout risque de fuite.<\/span>\n\t\t\t\t\t\t\t\t\t<\/li>\n\t\t\t\t\t\t\t\t<li class=\"elementor-icon-list-item\">\n\t\t\t\t\t\t\t\t\t\t\t<span class=\"elementor-icon-list-icon\">\n\t\t\t\t\t\t\t<svg aria-hidden=\"true\" class=\"e-font-icon-svg e-fas-circle\" viewBox=\"0 0 512 512\" xmlns=\"http:\/\/www.w3.org\/2000\/svg\"><path d=\"M256 8C119 8 8 119 8 256s111 248 248 248 248-111 248-248S393 8 256 8z\"><\/path><\/svg>\t\t\t\t\t\t<\/span>\n\t\t\t\t\t\t\t\t\t\t<span class=\"elementor-icon-list-text\">DISPOSEZ des lampes de poche \u00e0 plusieurs endroits dans votre maison et votre voiture : dans un placard ou un tiroir, pr\u00e8s de votre lit et dans votre bo\u00eete \u00e0 gants, afin d'\u00eatre pr\u00eat pour toute situation d'urgence.<\/span>\n\t\t\t\t\t\t\t\t\t<\/li>\n\t\t\t\t\t\t\t\t<li class=\"elementor-icon-list-item\">\n\t\t\t\t\t\t\t\t\t\t\t<span class=\"elementor-icon-list-icon\">\n\t\t\t\t\t\t\t<svg aria-hidden=\"true\" class=\"e-font-icon-svg e-fas-circle\" viewBox=\"0 0 512 512\" xmlns=\"http:\/\/www.w3.org\/2000\/svg\"><path d=\"M256 8C119 8 8 119 8 256s111 248 248 248 248-111 248-248S393 8 256 8z\"><\/path><\/svg>\t\t\t\t\t\t<\/span>\n\t\t\t\t\t\t\t\t\t\t<span class=\"elementor-icon-list-text\">GARDER des lampes \u00e0 port\u00e9e de main dans diff\u00e9rents lieux (armoire, chevet, v\u00e9hicule) permet de r\u00e9agir rapidement en cas d'incident domestique ou routier.<\/span>\n\t\t\t\t\t\t\t\t\t<\/li>\n\t\t\t\t\t\t\t\t<li class=\"elementor-icon-list-item\">\n\t\t\t\t\t\t\t\t\t\t\t<span class=\"elementor-icon-list-icon\">\n\t\t\t\t\t\t\t<svg aria-hidden=\"true\" class=\"e-font-icon-svg e-fas-circle\" viewBox=\"0 0 512 512\" xmlns=\"http:\/\/www.w3.org\/2000\/svg\"><path d=\"M256 8C119 8 8 119 8 256s111 248 248 248 248-111 248-248S393 8 256 8z\"><\/path><\/svg>\t\t\t\t\t\t<\/span>\n\t\t\t\t\t\t\t\t\t\t<span class=\"elementor-icon-list-text\">CONSERVEZ un emballage de piles Eveready\u00ae neuf \u00e0 c\u00f4t\u00e9 de votre lampe. Il arrive souvent que les piles n'aient pas \u00e9t\u00e9 chang\u00e9es \u00e0 temps ou que les enfants les aient emprunt\u00e9es pour leurs jeux. Garder un paquet scell\u00e9 l\u00e0 o\u00f9 vous rangez votre lampe vous offre la tranquillit\u00e9 d'esprit de ne jamais rester dans le noir.<\/span>\n\t\t\t\t\t\t\t\t\t<\/li>\n\t\t\t\t\t\t<\/ul>\n\t\t\t\t\t\t<\/div>\n\t\t\t\t<div class=\"elementor-element elementor-element-92c93b3 elementor-widget elementor-widget-heading\" data-id=\"92c93b3\" data-element_type=\"widget\" data-e-type=\"widget\" data-widget_type=\"heading.default\">\n\t\t\t\t\t<h3 class=\"elementor-heading-title elementor-size-default\">\u00c0 \u00c9VITER\n<\/h3>\t\t\t\t<\/div>\n\t\t\t\t<div class=\"elementor-element elementor-element-54f2d78 elementor-list-item-link-full_width elementor-widget elementor-widget-icon-list\" data-id=\"54f2d78\" data-element_type=\"widget\" data-e-type=\"widget\" data-widget_type=\"icon-list.default\">\n\t\t\t\t\t\t\t<ul class=\"elementor-icon-list-items\">\n\t\t\t\t\t\t\t<li class=\"elementor-icon-list-item\">\n\t\t\t\t\t\t\t\t\t\t\t<span class=\"elementor-icon-list-icon\">\n\t\t\t\t\t\t\t<svg aria-hidden=\"true\" class=\"e-font-icon-svg e-fas-circle\" viewBox=\"0 0 512 512\" xmlns=\"http:\/\/www.w3.org\/2000\/svg\"><path d=\"M256 8C119 8 8 119 8 256s111 248 248 248 248-111 248-248S393 8 256 8z\"><\/path><\/svg>\t\t\t\t\t\t<\/span>\n\t\t\t\t\t\t\t\t\t\t<span class=\"elementor-icon-list-text\">N'ENTREPOSEZ PAS votre lampe de poche dans des endroits soumis \u00e0 des temp\u00e9ratures \u00e9lev\u00e9es. Cela pourrait endommager les composants de votre lampe et provoquer une fuite des piles.<\/span>\n\t\t\t\t\t\t\t\t\t<\/li>\n\t\t\t\t\t\t\t\t<li class=\"elementor-icon-list-item\">\n\t\t\t\t\t\t\t\t\t\t\t<span class=\"elementor-icon-list-icon\">\n\t\t\t\t\t\t\t<svg aria-hidden=\"true\" class=\"e-font-icon-svg e-fas-circle\" viewBox=\"0 0 512 512\" xmlns=\"http:\/\/www.w3.org\/2000\/svg\"><path d=\"M256 8C119 8 8 119 8 256s111 248 248 248 248-111 248-248S393 8 256 8z\"><\/path><\/svg>\t\t\t\t\t\t<\/span>\n\t\t\t\t\t\t\t\t\t\t<span class=\"elementor-icon-list-text\"> NE LAISSEZ PAS votre lampe de poche sous un si\u00e8ge de voiture ou expos\u00e9e \u00e0 la lumi\u00e8re directe du soleil.<\/span>\n\t\t\t\t\t\t\t\t\t<\/li>\n\t\t\t\t\t\t<\/ul>\n\t\t\t\t\t\t<\/div>\n\t\t\t\t\t<\/div>\n\t\t\t\t<\/div>\n\t\t\t\t<\/div>\n\t\t","protected":false},"excerpt":{"rendered":"<p>ENTRETIEN DES TORCHES \u00c0 FAIRE CONSERVEZ votre lampe de poche dans un endroit frais et sec, id\u00e9alement dans un emplacement strat\u00e9gique et facile d&#8217;acc\u00e8s en cas d&#8217;urgence ou de panne de courant. REMPLACEZ les piles de votre lampe ou de votre lanterne tous les quelques mois si vous ne l&#8217;utilisez pas pendant une p\u00e9riode prolong\u00e9e. [&hellip;]<\/p>\n","protected":false},"author":1,"featured_media":0,"parent":90,"menu_order":0,"comment_status":"closed","ping_status":"closed","template":"","meta":{"_acf_changed":false,"footnotes":""},"class_list":["post-294","page","type-page","status-publish","hentry"],"yoast_head":"<!-- This site is optimized with the Yoast SEO plugin v27.4 - https:\/\/yoast.com\/product\/yoast-seo-wordpress\/ -->\n<title>ENTRETIEN DES TORCHES - Eveready France<\/title>\n<meta name=\"robots\" content=\"index, follow, max-snippet:-1, max-image-preview:large, max-video-preview:-1\" \/>\n<link rel=\"canonical\" href=\"https:\/\/eveready.com\/eu\/france\/about-eveready\/flashlight-care\/\" \/>\n<meta property=\"og:locale\" content=\"en_US\" \/>\n<meta property=\"og:type\" content=\"article\" \/>\n<meta property=\"og:title\" content=\"ENTRETIEN DES TORCHES - Eveready France\" \/>\n<meta property=\"og:description\" content=\"ENTRETIEN DES TORCHES \u00c0 FAIRE CONSERVEZ votre lampe de poche dans un endroit frais et sec, id\u00e9alement dans un emplacement strat\u00e9gique et facile d&#8217;acc\u00e8s en cas d&#8217;urgence ou de panne de courant. REMPLACEZ les piles de votre lampe ou de votre lanterne tous les quelques mois si vous ne l&#8217;utilisez pas pendant une p\u00e9riode prolong\u00e9e. [&hellip;]\" \/>\n<meta property=\"og:url\" content=\"https:\/\/eveready.com\/eu\/france\/about-eveready\/flashlight-care\/\" \/>\n<meta property=\"og:site_name\" content=\"Eveready France\" \/>\n<meta property=\"article:modified_time\" content=\"2026-03-11T06:30:39+00:00\" \/>\n<meta property=\"og:image\" content=\"https:\/\/eveready.com\/eu\/france\/wp-content\/uploads\/sites\/3\/2025\/09\/subbanner.png\" \/>\n\t<meta property=\"og:image:width\" content=\"1500\" \/>\n\t<meta property=\"og:image:height\" content=\"650\" \/>\n\t<meta property=\"og:image:type\" content=\"image\/png\" \/>\n<meta name=\"twitter:card\" content=\"summary_large_image\" \/>\n<script type=\"application\/ld+json\" class=\"yoast-schema-graph\">{\"@context\":\"https:\\\/\\\/schema.org\",\"@graph\":[{\"@type\":\"WebPage\",\"@id\":\"https:\\\/\\\/eveready.com\\\/eu\\\/france\\\/about-eveready\\\/flashlight-care\\\/\",\"url\":\"https:\\\/\\\/eveready.com\\\/eu\\\/france\\\/about-eveready\\\/flashlight-care\\\/\",\"name\":\"ENTRETIEN DES TORCHES - Eveready France\",\"isPartOf\":{\"@id\":\"https:\\\/\\\/eveready.com\\\/eu\\\/france\\\/#website\"},\"primaryImageOfPage\":{\"@id\":\"https:\\\/\\\/eveready.com\\\/eu\\\/france\\\/about-eveready\\\/flashlight-care\\\/#primaryimage\"},\"image\":{\"@id\":\"https:\\\/\\\/eveready.com\\\/eu\\\/france\\\/about-eveready\\\/flashlight-care\\\/#primaryimage\"},\"thumbnailUrl\":\"https:\\\/\\\/eveready.com\\\/eu\\\/france\\\/wp-content\\\/uploads\\\/sites\\\/3\\\/2025\\\/09\\\/subbanner.png\",\"datePublished\":\"2025-08-25T11:20:51+00:00\",\"dateModified\":\"2026-03-11T06:30:39+00:00\",\"breadcrumb\":{\"@id\":\"https:\\\/\\\/eveready.com\\\/eu\\\/france\\\/about-eveready\\\/flashlight-care\\\/#breadcrumb\"},\"inLanguage\":\"en-US\",\"potentialAction\":[{\"@type\":\"ReadAction\",\"target\":[\"https:\\\/\\\/eveready.com\\\/eu\\\/france\\\/about-eveready\\\/flashlight-care\\\/\"]}]},{\"@type\":\"ImageObject\",\"inLanguage\":\"en-US\",\"@id\":\"https:\\\/\\\/eveready.com\\\/eu\\\/france\\\/about-eveready\\\/flashlight-care\\\/#primaryimage\",\"url\":\"https:\\\/\\\/eveready.com\\\/eu\\\/france\\\/wp-content\\\/uploads\\\/sites\\\/3\\\/2025\\\/09\\\/subbanner.png\",\"contentUrl\":\"https:\\\/\\\/eveready.com\\\/eu\\\/france\\\/wp-content\\\/uploads\\\/sites\\\/3\\\/2025\\\/09\\\/subbanner.png\",\"width\":1500,\"height\":650},{\"@type\":\"BreadcrumbList\",\"@id\":\"https:\\\/\\\/eveready.com\\\/eu\\\/france\\\/about-eveready\\\/flashlight-care\\\/#breadcrumb\",\"itemListElement\":[{\"@type\":\"ListItem\",\"position\":1,\"name\":\"Home\",\"item\":\"https:\\\/\\\/eveready.com\\\/eu\\\/france\\\/\"},{\"@type\":\"ListItem\",\"position\":2,\"name\":\"\u00c0 propos\",\"item\":\"https:\\\/\\\/eveready.com\\\/eu\\\/france\\\/about-eveready\\\/\"},{\"@type\":\"ListItem\",\"position\":3,\"name\":\"ENTRETIEN DES TORCHES\"}]},{\"@type\":\"WebSite\",\"@id\":\"https:\\\/\\\/eveready.com\\\/eu\\\/france\\\/#website\",\"url\":\"https:\\\/\\\/eveready.com\\\/eu\\\/france\\\/\",\"name\":\"Eveready France\",\"description\":\"\",\"publisher\":{\"@id\":\"https:\\\/\\\/eveready.com\\\/eu\\\/france\\\/#organization\"},\"potentialAction\":[{\"@type\":\"SearchAction\",\"target\":{\"@type\":\"EntryPoint\",\"urlTemplate\":\"https:\\\/\\\/eveready.com\\\/eu\\\/france\\\/?s={search_term_string}\"},\"query-input\":{\"@type\":\"PropertyValueSpecification\",\"valueRequired\":true,\"valueName\":\"search_term_string\"}}],\"inLanguage\":\"en-US\"},{\"@type\":\"Organization\",\"@id\":\"https:\\\/\\\/eveready.com\\\/eu\\\/france\\\/#organization\",\"name\":\"Eveready France\",\"url\":\"https:\\\/\\\/eveready.com\\\/eu\\\/france\\\/\",\"logo\":{\"@type\":\"ImageObject\",\"inLanguage\":\"en-US\",\"@id\":\"https:\\\/\\\/eveready.com\\\/eu\\\/france\\\/#\\\/schema\\\/logo\\\/image\\\/\",\"url\":\"https:\\\/\\\/eveready.com\\\/eu\\\/france\\\/wp-content\\\/uploads\\\/sites\\\/3\\\/2025\\\/08\\\/logo-eveready.png\",\"contentUrl\":\"https:\\\/\\\/eveready.com\\\/eu\\\/france\\\/wp-content\\\/uploads\\\/sites\\\/3\\\/2025\\\/08\\\/logo-eveready.png\",\"width\":855,\"height\":220,\"caption\":\"Eveready France\"},\"image\":{\"@id\":\"https:\\\/\\\/eveready.com\\\/eu\\\/france\\\/#\\\/schema\\\/logo\\\/image\\\/\"}}]}<\/script>\n<!-- \/ Yoast SEO plugin. -->","yoast_head_json":{"title":"ENTRETIEN DES TORCHES - Eveready France","robots":{"index":"index","follow":"follow","max-snippet":"max-snippet:-1","max-image-preview":"max-image-preview:large","max-video-preview":"max-video-preview:-1"},"canonical":"https:\/\/eveready.com\/eu\/france\/about-eveready\/flashlight-care\/","og_locale":"en_US","og_type":"article","og_title":"ENTRETIEN DES TORCHES - Eveready France","og_description":"ENTRETIEN DES TORCHES \u00c0 FAIRE CONSERVEZ votre lampe de poche dans un endroit frais et sec, id\u00e9alement dans un emplacement strat\u00e9gique et facile d&#8217;acc\u00e8s en cas d&#8217;urgence ou de panne de courant. REMPLACEZ les piles de votre lampe ou de votre lanterne tous les quelques mois si vous ne l&#8217;utilisez pas pendant une p\u00e9riode prolong\u00e9e. [&hellip;]","og_url":"https:\/\/eveready.com\/eu\/france\/about-eveready\/flashlight-care\/","og_site_name":"Eveready France","article_modified_time":"2026-03-11T06:30:39+00:00","og_image":[{"width":1500,"height":650,"url":"https:\/\/eveready.com\/eu\/france\/wp-content\/uploads\/sites\/3\/2025\/09\/subbanner.png","type":"image\/png"}],"twitter_card":"summary_large_image","schema":{"@context":"https:\/\/schema.org","@graph":[{"@type":"WebPage","@id":"https:\/\/eveready.com\/eu\/france\/about-eveready\/flashlight-care\/","url":"https:\/\/eveready.com\/eu\/france\/about-eveready\/flashlight-care\/","name":"ENTRETIEN DES TORCHES - Eveready France","isPartOf":{"@id":"https:\/\/eveready.com\/eu\/france\/#website"},"primaryImageOfPage":{"@id":"https:\/\/eveready.com\/eu\/france\/about-eveready\/flashlight-care\/#primaryimage"},"image":{"@id":"https:\/\/eveready.com\/eu\/france\/about-eveready\/flashlight-care\/#primaryimage"},"thumbnailUrl":"https:\/\/eveready.com\/eu\/france\/wp-content\/uploads\/sites\/3\/2025\/09\/subbanner.png","datePublished":"2025-08-25T11:20:51+00:00","dateModified":"2026-03-11T06:30:39+00:00","breadcrumb":{"@id":"https:\/\/eveready.com\/eu\/france\/about-eveready\/flashlight-care\/#breadcrumb"},"inLanguage":"en-US","potentialAction":[{"@type":"ReadAction","target":["https:\/\/eveready.com\/eu\/france\/about-eveready\/flashlight-care\/"]}]},{"@type":"ImageObject","inLanguage":"en-US","@id":"https:\/\/eveready.com\/eu\/france\/about-eveready\/flashlight-care\/#primaryimage","url":"https:\/\/eveready.com\/eu\/france\/wp-content\/uploads\/sites\/3\/2025\/09\/subbanner.png","contentUrl":"https:\/\/eveready.com\/eu\/france\/wp-content\/uploads\/sites\/3\/2025\/09\/subbanner.png","width":1500,"height":650},{"@type":"BreadcrumbList","@id":"https:\/\/eveready.com\/eu\/france\/about-eveready\/flashlight-care\/#breadcrumb","itemListElement":[{"@type":"ListItem","position":1,"name":"Home","item":"https:\/\/eveready.com\/eu\/france\/"},{"@type":"ListItem","position":2,"name":"\u00c0 propos","item":"https:\/\/eveready.com\/eu\/france\/about-eveready\/"},{"@type":"ListItem","position":3,"name":"ENTRETIEN DES TORCHES"}]},{"@type":"WebSite","@id":"https:\/\/eveready.com\/eu\/france\/#website","url":"https:\/\/eveready.com\/eu\/france\/","name":"Eveready France","description":"","publisher":{"@id":"https:\/\/eveready.com\/eu\/france\/#organization"},"potentialAction":[{"@type":"SearchAction","target":{"@type":"EntryPoint","urlTemplate":"https:\/\/eveready.com\/eu\/france\/?s={search_term_string}"},"query-input":{"@type":"PropertyValueSpecification","valueRequired":true,"valueName":"search_term_string"}}],"inLanguage":"en-US"},{"@type":"Organization","@id":"https:\/\/eveready.com\/eu\/france\/#organization","name":"Eveready France","url":"https:\/\/eveready.com\/eu\/france\/","logo":{"@type":"ImageObject","inLanguage":"en-US","@id":"https:\/\/eveready.com\/eu\/france\/#\/schema\/logo\/image\/","url":"https:\/\/eveready.com\/eu\/france\/wp-content\/uploads\/sites\/3\/2025\/08\/logo-eveready.png","contentUrl":"https:\/\/eveready.com\/eu\/france\/wp-content\/uploads\/sites\/3\/2025\/08\/logo-eveready.png","width":855,"height":220,"caption":"Eveready France"},"image":{"@id":"https:\/\/eveready.com\/eu\/france\/#\/schema\/logo\/image\/"}}]}},"acf":[],"_links":{"self":[{"href":"https:\/\/eveready.com\/eu\/france\/wp-json\/wp\/v2\/pages\/294","targetHints":{"allow":["GET"]}}],"collection":[{"href":"https:\/\/eveready.com\/eu\/france\/wp-json\/wp\/v2\/pages"}],"about":[{"href":"https:\/\/eveready.com\/eu\/france\/wp-json\/wp\/v2\/types\/page"}],"author":[{"embeddable":true,"href":"https:\/\/eveready.com\/eu\/france\/wp-json\/wp\/v2\/users\/1"}],"replies":[{"embeddable":true,"href":"https:\/\/eveready.com\/eu\/france\/wp-json\/wp\/v2\/comments?post=294"}],"version-history":[{"count":11,"href":"https:\/\/eveready.com\/eu\/france\/wp-json\/wp\/v2\/pages\/294\/revisions"}],"predecessor-version":[{"id":5140,"href":"https:\/\/eveready.com\/eu\/france\/wp-json\/wp\/v2\/pages\/294\/revisions\/5140"}],"up":[{"embeddable":true,"href":"https:\/\/eveready.com\/eu\/france\/wp-json\/wp\/v2\/pages\/90"}],"wp:attachment":[{"href":"https:\/\/eveready.com\/eu\/france\/wp-json\/wp\/v2\/media?parent=294"}],"curies":[{"name":"wp","href":"https:\/\/api.w.org\/{rel}","templated":true}]}}