{"id":4274,"date":"2025-10-10T04:50:16","date_gmt":"2025-10-10T08:50:16","guid":{"rendered":"https:\/\/eveready.com\/eu\/france\/?post_type=product&#038;p=4274"},"modified":"2026-03-10T06:47:22","modified_gmt":"2026-03-10T10:47:22","slug":"eveready-metal-color-50","status":"publish","type":"product","link":"https:\/\/eveready.com\/eu\/france\/product\/eveready-metal-color-50\/","title":{"rendered":"EVEREADY\u00ae LAMPE EN M\u00c9TAL COLOR\u00c9 50 L"},"content":{"rendered":"<p><strong>Caract\u00e9ristiques et avantages<\/strong><\/p>\n<ul>\n<li>Une lampe torche LED Eveready\u00ae compacte et m\u00e9tallique<\/li>\n<li>Lampe de poche LED compacte offrant une autonomie impressionnante<\/li>\n<li>Pratique comme lampe de camping ou \u00e0 conserver dans votre v\u00e9hicule comme lampe de secours<\/li>\n<li>\u00c9met 50 Lumens pendant 5 heures et demie<\/li>\n<li>Corps en m\u00e9tal l\u00e9ger avec finition bronze fum\u00e9 poli et poign\u00e9e textur\u00e9e<\/li>\n<li>Dragonne de poignet incluse pour un transport facile<\/li>\n<li>Toujours fiable. Toujours pr\u00eate. EVEREADY\u00ae.<\/li>\n<\/ul>\n","protected":false},"excerpt":{"rendered":"<p>D\u00e9couvrez la petite torche qui dure vraiment longtemps : la lampe de poche LED compacte en m\u00e9tal Eveready\u00ae. Cette lampe aliment\u00e9e par pile offre un \u00e9clairage longue dur\u00e9e dans un format compact. Assez petite pour se glisser dans votre poche, cette torche est id\u00e9ale comme lampe de secours, lampe de camping ou lampe de travail LED. Une autonomie de 5 heures et demie offre une luminosit\u00e9 durable lorsque vous en avez besoin. Jusqu&#8217;\u00e0 cinq fois plus lumineuse que la technologie d&#8217;\u00e9clairage LED standard, cette torche d&#8217;ext\u00e9rieur \u00e9claire le chemin avec un faisceau atteignant jusqu&#8217;\u00e0 260 pieds. Son corps en m\u00e9tal offre une utilisation durable comme lampe de secours, et sa conception l\u00e9g\u00e8re se fixe \u00e0 votre poignet avec une dragonne pour un transport mains libres. Toujours fiable. Toujours pr\u00eate. EVEREADY\u00ae.<\/p>\n","protected":false},"featured_media":4280,"comment_status":"open","ping_status":"closed","template":"","meta":{"_acf_changed":false},"product_brand":[],"product_cat":[40,39],"product_tag":[],"class_list":{"0":"post-4274","1":"product","2":"type-product","3":"status-publish","4":"has-post-thumbnail","6":"product_cat-handheld-lights","7":"product_cat-lighting","9":"first","10":"instock","11":"shipping-taxable","12":"product-type-simple"},"yoast_head":"<!-- This site is optimized with the Yoast SEO plugin v27.4 - https:\/\/yoast.com\/product\/yoast-seo-wordpress\/ -->\n<title>EVEREADY\u00ae LAMPE EN M\u00c9TAL COLOR\u00c9 50 L - Eveready France<\/title>\n<meta name=\"robots\" content=\"index, follow, max-snippet:-1, max-image-preview:large, max-video-preview:-1\" \/>\n<link rel=\"canonical\" href=\"https:\/\/eveready.com\/eu\/france\/product\/eveready-metal-color-50\/\" \/>\n<meta property=\"og:locale\" content=\"en_US\" \/>\n<meta property=\"og:type\" content=\"article\" \/>\n<meta property=\"og:title\" content=\"EVEREADY\u00ae LAMPE EN M\u00c9TAL COLOR\u00c9 50 L - Eveready France\" \/>\n<meta property=\"og:description\" content=\"D\u00e9couvrez la petite torche qui dure vraiment longtemps : la lampe de poche LED compacte en m\u00e9tal Eveready\u00ae. Cette lampe aliment\u00e9e par pile offre un \u00e9clairage longue dur\u00e9e dans un format compact. Assez petite pour se glisser dans votre poche, cette torche est id\u00e9ale comme lampe de secours, lampe de camping ou lampe de travail LED. Une autonomie de 5 heures et demie offre une luminosit\u00e9 durable lorsque vous en avez besoin. Jusqu&#039;\u00e0 cinq fois plus lumineuse que la technologie d&#039;\u00e9clairage LED standard, cette torche d&#039;ext\u00e9rieur \u00e9claire le chemin avec un faisceau atteignant jusqu&#039;\u00e0 260 pieds. Son corps en m\u00e9tal offre une utilisation durable comme lampe de secours, et sa conception l\u00e9g\u00e8re se fixe \u00e0 votre poignet avec une dragonne pour un transport mains libres. Toujours fiable. Toujours pr\u00eate. EVEREADY\u00ae.\" \/>\n<meta property=\"og:url\" content=\"https:\/\/eveready.com\/eu\/france\/product\/eveready-metal-color-50\/\" \/>\n<meta property=\"og:site_name\" content=\"Eveready France\" \/>\n<meta property=\"article:modified_time\" content=\"2026-03-10T10:47:22+00:00\" \/>\n<meta property=\"og:image\" content=\"https:\/\/eveready.com\/eu\/france\/wp-content\/uploads\/sites\/3\/2025\/10\/Eveready\u00ae-METAL-COLOR-50.png\" \/>\n\t<meta property=\"og:image:width\" content=\"800\" \/>\n\t<meta property=\"og:image:height\" content=\"800\" \/>\n\t<meta property=\"og:image:type\" content=\"image\/png\" \/>\n<meta name=\"twitter:card\" content=\"summary_large_image\" \/>\n<script type=\"application\/ld+json\" class=\"yoast-schema-graph\">{\"@context\":\"https:\\\/\\\/schema.org\",\"@graph\":[{\"@type\":\"WebPage\",\"@id\":\"https:\\\/\\\/eveready.com\\\/eu\\\/france\\\/product\\\/eveready-metal-color-50\\\/\",\"url\":\"https:\\\/\\\/eveready.com\\\/eu\\\/france\\\/product\\\/eveready-metal-color-50\\\/\",\"name\":\"EVEREADY\u00ae LAMPE EN M\u00c9TAL COLOR\u00c9 50 L - Eveready France\",\"isPartOf\":{\"@id\":\"https:\\\/\\\/eveready.com\\\/eu\\\/france\\\/#website\"},\"primaryImageOfPage\":{\"@id\":\"https:\\\/\\\/eveready.com\\\/eu\\\/france\\\/product\\\/eveready-metal-color-50\\\/#primaryimage\"},\"image\":{\"@id\":\"https:\\\/\\\/eveready.com\\\/eu\\\/france\\\/product\\\/eveready-metal-color-50\\\/#primaryimage\"},\"thumbnailUrl\":\"https:\\\/\\\/eveready.com\\\/eu\\\/france\\\/wp-content\\\/uploads\\\/sites\\\/3\\\/2025\\\/10\\\/Eveready\u00ae-METAL-COLOR-50.png\",\"datePublished\":\"2025-10-10T08:50:16+00:00\",\"dateModified\":\"2026-03-10T10:47:22+00:00\",\"breadcrumb\":{\"@id\":\"https:\\\/\\\/eveready.com\\\/eu\\\/france\\\/product\\\/eveready-metal-color-50\\\/#breadcrumb\"},\"inLanguage\":\"en-US\",\"potentialAction\":[{\"@type\":\"ReadAction\",\"target\":[\"https:\\\/\\\/eveready.com\\\/eu\\\/france\\\/product\\\/eveready-metal-color-50\\\/\"]}]},{\"@type\":\"ImageObject\",\"inLanguage\":\"en-US\",\"@id\":\"https:\\\/\\\/eveready.com\\\/eu\\\/france\\\/product\\\/eveready-metal-color-50\\\/#primaryimage\",\"url\":\"https:\\\/\\\/eveready.com\\\/eu\\\/france\\\/wp-content\\\/uploads\\\/sites\\\/3\\\/2025\\\/10\\\/Eveready\u00ae-METAL-COLOR-50.png\",\"contentUrl\":\"https:\\\/\\\/eveready.com\\\/eu\\\/france\\\/wp-content\\\/uploads\\\/sites\\\/3\\\/2025\\\/10\\\/Eveready\u00ae-METAL-COLOR-50.png\",\"width\":800,\"height\":800,\"caption\":\"Eveready\u00ae METAL COLOR 50\"},{\"@type\":\"BreadcrumbList\",\"@id\":\"https:\\\/\\\/eveready.com\\\/eu\\\/france\\\/product\\\/eveready-metal-color-50\\\/#breadcrumb\",\"itemListElement\":[{\"@type\":\"ListItem\",\"position\":1,\"name\":\"Home\",\"item\":\"https:\\\/\\\/eveready.com\\\/eu\\\/france\\\/\"},{\"@type\":\"ListItem\",\"position\":2,\"name\":\"Products\",\"item\":\"https:\\\/\\\/eveready.com\\\/eu\\\/france\\\/shop\\\/\"},{\"@type\":\"ListItem\",\"position\":3,\"name\":\"EVEREADY\u00ae LAMPE EN M\u00c9TAL COLOR\u00c9 50 L\"}]},{\"@type\":\"WebSite\",\"@id\":\"https:\\\/\\\/eveready.com\\\/eu\\\/france\\\/#website\",\"url\":\"https:\\\/\\\/eveready.com\\\/eu\\\/france\\\/\",\"name\":\"Eveready France\",\"description\":\"\",\"publisher\":{\"@id\":\"https:\\\/\\\/eveready.com\\\/eu\\\/france\\\/#organization\"},\"potentialAction\":[{\"@type\":\"SearchAction\",\"target\":{\"@type\":\"EntryPoint\",\"urlTemplate\":\"https:\\\/\\\/eveready.com\\\/eu\\\/france\\\/?s={search_term_string}\"},\"query-input\":{\"@type\":\"PropertyValueSpecification\",\"valueRequired\":true,\"valueName\":\"search_term_string\"}}],\"inLanguage\":\"en-US\"},{\"@type\":\"Organization\",\"@id\":\"https:\\\/\\\/eveready.com\\\/eu\\\/france\\\/#organization\",\"name\":\"Eveready France\",\"url\":\"https:\\\/\\\/eveready.com\\\/eu\\\/france\\\/\",\"logo\":{\"@type\":\"ImageObject\",\"inLanguage\":\"en-US\",\"@id\":\"https:\\\/\\\/eveready.com\\\/eu\\\/france\\\/#\\\/schema\\\/logo\\\/image\\\/\",\"url\":\"https:\\\/\\\/eveready.com\\\/eu\\\/france\\\/wp-content\\\/uploads\\\/sites\\\/3\\\/2025\\\/08\\\/logo-eveready.png\",\"contentUrl\":\"https:\\\/\\\/eveready.com\\\/eu\\\/france\\\/wp-content\\\/uploads\\\/sites\\\/3\\\/2025\\\/08\\\/logo-eveready.png\",\"width\":855,\"height\":220,\"caption\":\"Eveready France\"},\"image\":{\"@id\":\"https:\\\/\\\/eveready.com\\\/eu\\\/france\\\/#\\\/schema\\\/logo\\\/image\\\/\"}}]}<\/script>\n<!-- \/ Yoast SEO plugin. -->","yoast_head_json":{"title":"EVEREADY\u00ae LAMPE EN M\u00c9TAL COLOR\u00c9 50 L - Eveready France","robots":{"index":"index","follow":"follow","max-snippet":"max-snippet:-1","max-image-preview":"max-image-preview:large","max-video-preview":"max-video-preview:-1"},"canonical":"https:\/\/eveready.com\/eu\/france\/product\/eveready-metal-color-50\/","og_locale":"en_US","og_type":"article","og_title":"EVEREADY\u00ae LAMPE EN M\u00c9TAL COLOR\u00c9 50 L - Eveready France","og_description":"D\u00e9couvrez la petite torche qui dure vraiment longtemps : la lampe de poche LED compacte en m\u00e9tal Eveready\u00ae. Cette lampe aliment\u00e9e par pile offre un \u00e9clairage longue dur\u00e9e dans un format compact. Assez petite pour se glisser dans votre poche, cette torche est id\u00e9ale comme lampe de secours, lampe de camping ou lampe de travail LED. Une autonomie de 5 heures et demie offre une luminosit\u00e9 durable lorsque vous en avez besoin. Jusqu'\u00e0 cinq fois plus lumineuse que la technologie d'\u00e9clairage LED standard, cette torche d'ext\u00e9rieur \u00e9claire le chemin avec un faisceau atteignant jusqu'\u00e0 260 pieds. Son corps en m\u00e9tal offre une utilisation durable comme lampe de secours, et sa conception l\u00e9g\u00e8re se fixe \u00e0 votre poignet avec une dragonne pour un transport mains libres. Toujours fiable. Toujours pr\u00eate. EVEREADY\u00ae.","og_url":"https:\/\/eveready.com\/eu\/france\/product\/eveready-metal-color-50\/","og_site_name":"Eveready France","article_modified_time":"2026-03-10T10:47:22+00:00","og_image":[{"width":800,"height":800,"url":"https:\/\/eveready.com\/eu\/france\/wp-content\/uploads\/sites\/3\/2025\/10\/Eveready\u00ae-METAL-COLOR-50.png","type":"image\/png"}],"twitter_card":"summary_large_image","schema":{"@context":"https:\/\/schema.org","@graph":[{"@type":"WebPage","@id":"https:\/\/eveready.com\/eu\/france\/product\/eveready-metal-color-50\/","url":"https:\/\/eveready.com\/eu\/france\/product\/eveready-metal-color-50\/","name":"EVEREADY\u00ae LAMPE EN M\u00c9TAL COLOR\u00c9 50 L - Eveready France","isPartOf":{"@id":"https:\/\/eveready.com\/eu\/france\/#website"},"primaryImageOfPage":{"@id":"https:\/\/eveready.com\/eu\/france\/product\/eveready-metal-color-50\/#primaryimage"},"image":{"@id":"https:\/\/eveready.com\/eu\/france\/product\/eveready-metal-color-50\/#primaryimage"},"thumbnailUrl":"https:\/\/eveready.com\/eu\/france\/wp-content\/uploads\/sites\/3\/2025\/10\/Eveready\u00ae-METAL-COLOR-50.png","datePublished":"2025-10-10T08:50:16+00:00","dateModified":"2026-03-10T10:47:22+00:00","breadcrumb":{"@id":"https:\/\/eveready.com\/eu\/france\/product\/eveready-metal-color-50\/#breadcrumb"},"inLanguage":"en-US","potentialAction":[{"@type":"ReadAction","target":["https:\/\/eveready.com\/eu\/france\/product\/eveready-metal-color-50\/"]}]},{"@type":"ImageObject","inLanguage":"en-US","@id":"https:\/\/eveready.com\/eu\/france\/product\/eveready-metal-color-50\/#primaryimage","url":"https:\/\/eveready.com\/eu\/france\/wp-content\/uploads\/sites\/3\/2025\/10\/Eveready\u00ae-METAL-COLOR-50.png","contentUrl":"https:\/\/eveready.com\/eu\/france\/wp-content\/uploads\/sites\/3\/2025\/10\/Eveready\u00ae-METAL-COLOR-50.png","width":800,"height":800,"caption":"Eveready\u00ae METAL COLOR 50"},{"@type":"BreadcrumbList","@id":"https:\/\/eveready.com\/eu\/france\/product\/eveready-metal-color-50\/#breadcrumb","itemListElement":[{"@type":"ListItem","position":1,"name":"Home","item":"https:\/\/eveready.com\/eu\/france\/"},{"@type":"ListItem","position":2,"name":"Products","item":"https:\/\/eveready.com\/eu\/france\/shop\/"},{"@type":"ListItem","position":3,"name":"EVEREADY\u00ae LAMPE EN M\u00c9TAL COLOR\u00c9 50 L"}]},{"@type":"WebSite","@id":"https:\/\/eveready.com\/eu\/france\/#website","url":"https:\/\/eveready.com\/eu\/france\/","name":"Eveready France","description":"","publisher":{"@id":"https:\/\/eveready.com\/eu\/france\/#organization"},"potentialAction":[{"@type":"SearchAction","target":{"@type":"EntryPoint","urlTemplate":"https:\/\/eveready.com\/eu\/france\/?s={search_term_string}"},"query-input":{"@type":"PropertyValueSpecification","valueRequired":true,"valueName":"search_term_string"}}],"inLanguage":"en-US"},{"@type":"Organization","@id":"https:\/\/eveready.com\/eu\/france\/#organization","name":"Eveready France","url":"https:\/\/eveready.com\/eu\/france\/","logo":{"@type":"ImageObject","inLanguage":"en-US","@id":"https:\/\/eveready.com\/eu\/france\/#\/schema\/logo\/image\/","url":"https:\/\/eveready.com\/eu\/france\/wp-content\/uploads\/sites\/3\/2025\/08\/logo-eveready.png","contentUrl":"https:\/\/eveready.com\/eu\/france\/wp-content\/uploads\/sites\/3\/2025\/08\/logo-eveready.png","width":855,"height":220,"caption":"Eveready France"},"image":{"@id":"https:\/\/eveready.com\/eu\/france\/#\/schema\/logo\/image\/"}}]}},"acf":[],"_links":{"self":[{"href":"https:\/\/eveready.com\/eu\/france\/wp-json\/wp\/v2\/product\/4274","targetHints":{"allow":["GET"]}}],"collection":[{"href":"https:\/\/eveready.com\/eu\/france\/wp-json\/wp\/v2\/product"}],"about":[{"href":"https:\/\/eveready.com\/eu\/france\/wp-json\/wp\/v2\/types\/product"}],"replies":[{"embeddable":true,"href":"https:\/\/eveready.com\/eu\/france\/wp-json\/wp\/v2\/comments?post=4274"}],"wp:featuredmedia":[{"embeddable":true,"href":"https:\/\/eveready.com\/eu\/france\/wp-json\/wp\/v2\/media\/4280"}],"wp:attachment":[{"href":"https:\/\/eveready.com\/eu\/france\/wp-json\/wp\/v2\/media?parent=4274"}],"wp:term":[{"taxonomy":"product_brand","embeddable":true,"href":"https:\/\/eveready.com\/eu\/france\/wp-json\/wp\/v2\/product_brand?post=4274"},{"taxonomy":"product_cat","embeddable":true,"href":"https:\/\/eveready.com\/eu\/france\/wp-json\/wp\/v2\/product_cat?post=4274"},{"taxonomy":"product_tag","embeddable":true,"href":"https:\/\/eveready.com\/eu\/france\/wp-json\/wp\/v2\/product_tag?post=4274"}],"curies":[{"name":"wp","href":"https:\/\/api.w.org\/{rel}","templated":true}]}}