{"id":4283,"date":"2025-10-10T04:53:29","date_gmt":"2025-10-10T08:53:29","guid":{"rendered":"https:\/\/eveready.com\/eu\/france\/?post_type=product&#038;p=4283"},"modified":"2026-03-10T06:52:34","modified_gmt":"2026-03-10T10:52:34","slug":"eveready-all-purpose-torch-35","status":"publish","type":"product","link":"https:\/\/eveready.com\/eu\/france\/product\/eveready-all-purpose-torch-35\/","title":{"rendered":"Eveready\u00ae ALL PURPOSE TORCH 35"},"content":{"rendered":"<p><strong>Caract\u00e9ristiques et avantages<\/strong><\/p>\n<ul>\n<li>Torche portable polyvalente Eveready\u00ae<\/li>\n<li>35 lumens<\/li>\n<li>1 mode : fort<\/li>\n<li>Autonomie : 15 heures<\/li>\n<li>Distance du faisceau : 60 m<\/li>\n<li>R\u00e9sistance aux chutes : 1 m<\/li>\n<li>Fonctionne avec 2 piles AA (incluses)<\/li>\n<li>Orifice pour dragonne<\/li>\n<\/ul>\n","protected":false},"excerpt":{"rendered":"<p>Eveready\u00ae Lampe de Poche Portable Polyvalente 2 AA &#8211; Lumineuse et fiable, cette torche EVEREADY\u00ae compacte est un excellent choix pour les besoins quotidiens. Dot\u00e9e de la technologie LED actuelle, cette lampe \u00e9claire \u00e9galement jusqu&#8217;\u00e0 5X plus que la technologie LED standard. Elle fournit des heures et des heures de lumi\u00e8re claire et uniforme pour une grande vari\u00e9t\u00e9 de t\u00e2ches m\u00e9nag\u00e8res.<\/p>\n","protected":false},"featured_media":4277,"comment_status":"open","ping_status":"closed","template":"","meta":{"_acf_changed":false},"product_brand":[],"product_cat":[40,39],"product_tag":[],"class_list":{"0":"post-4283","1":"product","2":"type-product","3":"status-publish","4":"has-post-thumbnail","6":"product_cat-handheld-lights","7":"product_cat-lighting","9":"first","10":"instock","11":"shipping-taxable","12":"product-type-simple"},"yoast_head":"<!-- This site is optimized with the Yoast SEO plugin v27.4 - https:\/\/yoast.com\/product\/yoast-seo-wordpress\/ -->\n<title>Eveready\u00ae ALL PURPOSE TORCH 35 - Eveready France<\/title>\n<meta name=\"robots\" content=\"index, follow, max-snippet:-1, max-image-preview:large, max-video-preview:-1\" \/>\n<link rel=\"canonical\" href=\"https:\/\/eveready.com\/eu\/france\/product\/eveready-all-purpose-torch-35\/\" \/>\n<meta property=\"og:locale\" content=\"en_US\" \/>\n<meta property=\"og:type\" content=\"article\" \/>\n<meta property=\"og:title\" content=\"Eveready\u00ae ALL PURPOSE TORCH 35 - Eveready France\" \/>\n<meta property=\"og:description\" content=\"Eveready\u00ae Lampe de Poche Portable Polyvalente 2 AA - Lumineuse et fiable, cette torche EVEREADY\u00ae compacte est un excellent choix pour les besoins quotidiens. Dot\u00e9e de la technologie LED actuelle, cette lampe \u00e9claire \u00e9galement jusqu&#039;\u00e0 5X plus que la technologie LED standard. Elle fournit des heures et des heures de lumi\u00e8re claire et uniforme pour une grande vari\u00e9t\u00e9 de t\u00e2ches m\u00e9nag\u00e8res.\" \/>\n<meta property=\"og:url\" content=\"https:\/\/eveready.com\/eu\/france\/product\/eveready-all-purpose-torch-35\/\" \/>\n<meta property=\"og:site_name\" content=\"Eveready France\" \/>\n<meta property=\"article:modified_time\" content=\"2026-03-10T10:52:34+00:00\" \/>\n<meta property=\"og:image\" content=\"https:\/\/eveready.com\/eu\/france\/wp-content\/uploads\/sites\/3\/2025\/10\/Eveready\u00ae-ALL-PURPOSE-TORCH-35.png\" \/>\n\t<meta property=\"og:image:width\" content=\"800\" \/>\n\t<meta property=\"og:image:height\" content=\"800\" \/>\n\t<meta property=\"og:image:type\" content=\"image\/png\" \/>\n<meta name=\"twitter:card\" content=\"summary_large_image\" \/>\n<script type=\"application\/ld+json\" class=\"yoast-schema-graph\">{\"@context\":\"https:\\\/\\\/schema.org\",\"@graph\":[{\"@type\":\"WebPage\",\"@id\":\"https:\\\/\\\/eveready.com\\\/eu\\\/france\\\/product\\\/eveready-all-purpose-torch-35\\\/\",\"url\":\"https:\\\/\\\/eveready.com\\\/eu\\\/france\\\/product\\\/eveready-all-purpose-torch-35\\\/\",\"name\":\"Eveready\u00ae ALL PURPOSE TORCH 35 - Eveready France\",\"isPartOf\":{\"@id\":\"https:\\\/\\\/eveready.com\\\/eu\\\/france\\\/#website\"},\"primaryImageOfPage\":{\"@id\":\"https:\\\/\\\/eveready.com\\\/eu\\\/france\\\/product\\\/eveready-all-purpose-torch-35\\\/#primaryimage\"},\"image\":{\"@id\":\"https:\\\/\\\/eveready.com\\\/eu\\\/france\\\/product\\\/eveready-all-purpose-torch-35\\\/#primaryimage\"},\"thumbnailUrl\":\"https:\\\/\\\/eveready.com\\\/eu\\\/france\\\/wp-content\\\/uploads\\\/sites\\\/3\\\/2025\\\/10\\\/Eveready\u00ae-ALL-PURPOSE-TORCH-35.png\",\"datePublished\":\"2025-10-10T08:53:29+00:00\",\"dateModified\":\"2026-03-10T10:52:34+00:00\",\"breadcrumb\":{\"@id\":\"https:\\\/\\\/eveready.com\\\/eu\\\/france\\\/product\\\/eveready-all-purpose-torch-35\\\/#breadcrumb\"},\"inLanguage\":\"en-US\",\"potentialAction\":[{\"@type\":\"ReadAction\",\"target\":[\"https:\\\/\\\/eveready.com\\\/eu\\\/france\\\/product\\\/eveready-all-purpose-torch-35\\\/\"]}]},{\"@type\":\"ImageObject\",\"inLanguage\":\"en-US\",\"@id\":\"https:\\\/\\\/eveready.com\\\/eu\\\/france\\\/product\\\/eveready-all-purpose-torch-35\\\/#primaryimage\",\"url\":\"https:\\\/\\\/eveready.com\\\/eu\\\/france\\\/wp-content\\\/uploads\\\/sites\\\/3\\\/2025\\\/10\\\/Eveready\u00ae-ALL-PURPOSE-TORCH-35.png\",\"contentUrl\":\"https:\\\/\\\/eveready.com\\\/eu\\\/france\\\/wp-content\\\/uploads\\\/sites\\\/3\\\/2025\\\/10\\\/Eveready\u00ae-ALL-PURPOSE-TORCH-35.png\",\"width\":800,\"height\":800,\"caption\":\"Eveready\u00ae ALL PURPOSE TORCH 35\"},{\"@type\":\"BreadcrumbList\",\"@id\":\"https:\\\/\\\/eveready.com\\\/eu\\\/france\\\/product\\\/eveready-all-purpose-torch-35\\\/#breadcrumb\",\"itemListElement\":[{\"@type\":\"ListItem\",\"position\":1,\"name\":\"Home\",\"item\":\"https:\\\/\\\/eveready.com\\\/eu\\\/france\\\/\"},{\"@type\":\"ListItem\",\"position\":2,\"name\":\"Products\",\"item\":\"https:\\\/\\\/eveready.com\\\/eu\\\/france\\\/shop\\\/\"},{\"@type\":\"ListItem\",\"position\":3,\"name\":\"Eveready\u00ae ALL PURPOSE TORCH 35\"}]},{\"@type\":\"WebSite\",\"@id\":\"https:\\\/\\\/eveready.com\\\/eu\\\/france\\\/#website\",\"url\":\"https:\\\/\\\/eveready.com\\\/eu\\\/france\\\/\",\"name\":\"Eveready France\",\"description\":\"\",\"publisher\":{\"@id\":\"https:\\\/\\\/eveready.com\\\/eu\\\/france\\\/#organization\"},\"potentialAction\":[{\"@type\":\"SearchAction\",\"target\":{\"@type\":\"EntryPoint\",\"urlTemplate\":\"https:\\\/\\\/eveready.com\\\/eu\\\/france\\\/?s={search_term_string}\"},\"query-input\":{\"@type\":\"PropertyValueSpecification\",\"valueRequired\":true,\"valueName\":\"search_term_string\"}}],\"inLanguage\":\"en-US\"},{\"@type\":\"Organization\",\"@id\":\"https:\\\/\\\/eveready.com\\\/eu\\\/france\\\/#organization\",\"name\":\"Eveready France\",\"url\":\"https:\\\/\\\/eveready.com\\\/eu\\\/france\\\/\",\"logo\":{\"@type\":\"ImageObject\",\"inLanguage\":\"en-US\",\"@id\":\"https:\\\/\\\/eveready.com\\\/eu\\\/france\\\/#\\\/schema\\\/logo\\\/image\\\/\",\"url\":\"https:\\\/\\\/eveready.com\\\/eu\\\/france\\\/wp-content\\\/uploads\\\/sites\\\/3\\\/2025\\\/08\\\/logo-eveready.png\",\"contentUrl\":\"https:\\\/\\\/eveready.com\\\/eu\\\/france\\\/wp-content\\\/uploads\\\/sites\\\/3\\\/2025\\\/08\\\/logo-eveready.png\",\"width\":855,\"height\":220,\"caption\":\"Eveready France\"},\"image\":{\"@id\":\"https:\\\/\\\/eveready.com\\\/eu\\\/france\\\/#\\\/schema\\\/logo\\\/image\\\/\"}}]}<\/script>\n<!-- \/ Yoast SEO plugin. -->","yoast_head_json":{"title":"Eveready\u00ae ALL PURPOSE TORCH 35 - Eveready France","robots":{"index":"index","follow":"follow","max-snippet":"max-snippet:-1","max-image-preview":"max-image-preview:large","max-video-preview":"max-video-preview:-1"},"canonical":"https:\/\/eveready.com\/eu\/france\/product\/eveready-all-purpose-torch-35\/","og_locale":"en_US","og_type":"article","og_title":"Eveready\u00ae ALL PURPOSE TORCH 35 - Eveready France","og_description":"Eveready\u00ae Lampe de Poche Portable Polyvalente 2 AA - Lumineuse et fiable, cette torche EVEREADY\u00ae compacte est un excellent choix pour les besoins quotidiens. Dot\u00e9e de la technologie LED actuelle, cette lampe \u00e9claire \u00e9galement jusqu'\u00e0 5X plus que la technologie LED standard. Elle fournit des heures et des heures de lumi\u00e8re claire et uniforme pour une grande vari\u00e9t\u00e9 de t\u00e2ches m\u00e9nag\u00e8res.","og_url":"https:\/\/eveready.com\/eu\/france\/product\/eveready-all-purpose-torch-35\/","og_site_name":"Eveready France","article_modified_time":"2026-03-10T10:52:34+00:00","og_image":[{"width":800,"height":800,"url":"https:\/\/eveready.com\/eu\/france\/wp-content\/uploads\/sites\/3\/2025\/10\/Eveready\u00ae-ALL-PURPOSE-TORCH-35.png","type":"image\/png"}],"twitter_card":"summary_large_image","schema":{"@context":"https:\/\/schema.org","@graph":[{"@type":"WebPage","@id":"https:\/\/eveready.com\/eu\/france\/product\/eveready-all-purpose-torch-35\/","url":"https:\/\/eveready.com\/eu\/france\/product\/eveready-all-purpose-torch-35\/","name":"Eveready\u00ae ALL PURPOSE TORCH 35 - Eveready France","isPartOf":{"@id":"https:\/\/eveready.com\/eu\/france\/#website"},"primaryImageOfPage":{"@id":"https:\/\/eveready.com\/eu\/france\/product\/eveready-all-purpose-torch-35\/#primaryimage"},"image":{"@id":"https:\/\/eveready.com\/eu\/france\/product\/eveready-all-purpose-torch-35\/#primaryimage"},"thumbnailUrl":"https:\/\/eveready.com\/eu\/france\/wp-content\/uploads\/sites\/3\/2025\/10\/Eveready\u00ae-ALL-PURPOSE-TORCH-35.png","datePublished":"2025-10-10T08:53:29+00:00","dateModified":"2026-03-10T10:52:34+00:00","breadcrumb":{"@id":"https:\/\/eveready.com\/eu\/france\/product\/eveready-all-purpose-torch-35\/#breadcrumb"},"inLanguage":"en-US","potentialAction":[{"@type":"ReadAction","target":["https:\/\/eveready.com\/eu\/france\/product\/eveready-all-purpose-torch-35\/"]}]},{"@type":"ImageObject","inLanguage":"en-US","@id":"https:\/\/eveready.com\/eu\/france\/product\/eveready-all-purpose-torch-35\/#primaryimage","url":"https:\/\/eveready.com\/eu\/france\/wp-content\/uploads\/sites\/3\/2025\/10\/Eveready\u00ae-ALL-PURPOSE-TORCH-35.png","contentUrl":"https:\/\/eveready.com\/eu\/france\/wp-content\/uploads\/sites\/3\/2025\/10\/Eveready\u00ae-ALL-PURPOSE-TORCH-35.png","width":800,"height":800,"caption":"Eveready\u00ae ALL PURPOSE TORCH 35"},{"@type":"BreadcrumbList","@id":"https:\/\/eveready.com\/eu\/france\/product\/eveready-all-purpose-torch-35\/#breadcrumb","itemListElement":[{"@type":"ListItem","position":1,"name":"Home","item":"https:\/\/eveready.com\/eu\/france\/"},{"@type":"ListItem","position":2,"name":"Products","item":"https:\/\/eveready.com\/eu\/france\/shop\/"},{"@type":"ListItem","position":3,"name":"Eveready\u00ae ALL PURPOSE TORCH 35"}]},{"@type":"WebSite","@id":"https:\/\/eveready.com\/eu\/france\/#website","url":"https:\/\/eveready.com\/eu\/france\/","name":"Eveready France","description":"","publisher":{"@id":"https:\/\/eveready.com\/eu\/france\/#organization"},"potentialAction":[{"@type":"SearchAction","target":{"@type":"EntryPoint","urlTemplate":"https:\/\/eveready.com\/eu\/france\/?s={search_term_string}"},"query-input":{"@type":"PropertyValueSpecification","valueRequired":true,"valueName":"search_term_string"}}],"inLanguage":"en-US"},{"@type":"Organization","@id":"https:\/\/eveready.com\/eu\/france\/#organization","name":"Eveready France","url":"https:\/\/eveready.com\/eu\/france\/","logo":{"@type":"ImageObject","inLanguage":"en-US","@id":"https:\/\/eveready.com\/eu\/france\/#\/schema\/logo\/image\/","url":"https:\/\/eveready.com\/eu\/france\/wp-content\/uploads\/sites\/3\/2025\/08\/logo-eveready.png","contentUrl":"https:\/\/eveready.com\/eu\/france\/wp-content\/uploads\/sites\/3\/2025\/08\/logo-eveready.png","width":855,"height":220,"caption":"Eveready France"},"image":{"@id":"https:\/\/eveready.com\/eu\/france\/#\/schema\/logo\/image\/"}}]}},"acf":[],"_links":{"self":[{"href":"https:\/\/eveready.com\/eu\/france\/wp-json\/wp\/v2\/product\/4283","targetHints":{"allow":["GET"]}}],"collection":[{"href":"https:\/\/eveready.com\/eu\/france\/wp-json\/wp\/v2\/product"}],"about":[{"href":"https:\/\/eveready.com\/eu\/france\/wp-json\/wp\/v2\/types\/product"}],"replies":[{"embeddable":true,"href":"https:\/\/eveready.com\/eu\/france\/wp-json\/wp\/v2\/comments?post=4283"}],"wp:featuredmedia":[{"embeddable":true,"href":"https:\/\/eveready.com\/eu\/france\/wp-json\/wp\/v2\/media\/4277"}],"wp:attachment":[{"href":"https:\/\/eveready.com\/eu\/france\/wp-json\/wp\/v2\/media?parent=4283"}],"wp:term":[{"taxonomy":"product_brand","embeddable":true,"href":"https:\/\/eveready.com\/eu\/france\/wp-json\/wp\/v2\/product_brand?post=4283"},{"taxonomy":"product_cat","embeddable":true,"href":"https:\/\/eveready.com\/eu\/france\/wp-json\/wp\/v2\/product_cat?post=4283"},{"taxonomy":"product_tag","embeddable":true,"href":"https:\/\/eveready.com\/eu\/france\/wp-json\/wp\/v2\/product_tag?post=4283"}],"curies":[{"name":"wp","href":"https:\/\/api.w.org\/{rel}","templated":true}]}}