{"id":4284,"date":"2025-10-10T04:55:31","date_gmt":"2025-10-10T08:55:31","guid":{"rendered":"https:\/\/eveready.com\/eu\/france\/?post_type=product&#038;p=4284"},"modified":"2026-03-10T06:55:13","modified_gmt":"2026-03-10T10:55:13","slug":"eveready-hybrid-usb-300","status":"publish","type":"product","link":"https:\/\/eveready.com\/eu\/france\/product\/eveready-hybrid-usb-300\/","title":{"rendered":"EVEREADY\u00ae HYBRIDE USB 300 L"},"content":{"rendered":"<p><strong>Caract\u00e9ristiques et avantages<\/strong><\/p>\n<ul>\n<li>Hybride : Options de charge USB et piles<\/li>\n<li>Jusqu&#8217;\u00e0 4x plus lumineux que la technologie LED standard<\/li>\n<li>Recharge compl\u00e8te en 4,5 heures.<\/li>\n<li>Mode directionnel : 40 lumens, Distance du faisceau : 850 m, Autonomie : 15 heures.<\/li>\n<li>Mode lanterne : 300 lumens, Autonomie : 2 heures.<\/li>\n<li>Fonctionne avec la batterie lithium-ion 18650 incluse ou 3 piles AA (non incluses).<\/li>\n<li>Aimant et crochet \u00e0 la base pour plus de polyvalence.<\/li>\n<li>\u00c9clairage de zone et \u00e9clairage directionnel.<\/li>\n<\/ul>\n","protected":false},"excerpt":{"rendered":"<p>Polyvalente, compacte et pratique, la lanterne hybride pliable Eveready\u00ae propose \u00e0 la fois des options de charge USB et d&#8217;alimentation par piles. Cette lanterne est lumineuse et peut servir \u00e0 divers usages sans le stress de manquer \u00e0 nouveau de piles. Il suffit de tirer vers le haut pour l&#8217;allumer et l&#8217;utiliser comme lanterne, ou d&#8217;appuyer sur le bouton pour l&#8217;utiliser comme \u00e9clairage directionnel (lumi\u00e8re blanche), \u00e9clairage de vision nocturne (lumi\u00e8re rouge), ou \u00e9clairage de signalisation d&#8217;urgence (lumi\u00e8re rouge clignotante). Les poign\u00e9es sur le dessus sont pratiques pour d\u00e9placer la lampe ; elles peuvent \u00e9galement \u00eatre utilis\u00e9es pour verrouiller la lumi\u00e8re \u00e0 l&#8217;aide du loquet lat\u00e9ral, emp\u00eachant un allumage accidentel. La poign\u00e9e lat\u00e9rale peut \u00eatre utilis\u00e9e avec l&#8217;\u00e9clairage directionnel pour la transformer en lampe de poche. Cette lanterne dispose \u00e9galement d&#8217;aimants et d&#8217;un crochet \u00e0 sa base, ce qui lui permet d&#8217;\u00eatre plac\u00e9e \u00e0 diff\u00e9rents endroits.<\/p>\n","protected":false},"featured_media":4276,"comment_status":"open","ping_status":"closed","template":"","meta":{"_acf_changed":false},"product_brand":[],"product_cat":[41,39],"product_tag":[],"class_list":{"0":"post-4284","1":"product","2":"type-product","3":"status-publish","4":"has-post-thumbnail","6":"product_cat-area-lights","7":"product_cat-lighting","9":"first","10":"instock","11":"shipping-taxable","12":"product-type-simple"},"yoast_head":"<!-- This site is optimized with the Yoast SEO plugin v27.4 - https:\/\/yoast.com\/product\/yoast-seo-wordpress\/ -->\n<title>EVEREADY\u00ae HYBRIDE USB 300 L - Eveready France<\/title>\n<meta name=\"robots\" content=\"index, follow, max-snippet:-1, max-image-preview:large, max-video-preview:-1\" \/>\n<link rel=\"canonical\" href=\"https:\/\/eveready.com\/eu\/france\/product\/eveready-hybrid-usb-300\/\" \/>\n<meta property=\"og:locale\" content=\"en_US\" \/>\n<meta property=\"og:type\" content=\"article\" \/>\n<meta property=\"og:title\" content=\"EVEREADY\u00ae HYBRIDE USB 300 L - Eveready France\" \/>\n<meta property=\"og:description\" content=\"Polyvalente, compacte et pratique, la lanterne hybride pliable Eveready\u00ae propose \u00e0 la fois des options de charge USB et d&#039;alimentation par piles. Cette lanterne est lumineuse et peut servir \u00e0 divers usages sans le stress de manquer \u00e0 nouveau de piles. Il suffit de tirer vers le haut pour l&#039;allumer et l&#039;utiliser comme lanterne, ou d&#039;appuyer sur le bouton pour l&#039;utiliser comme \u00e9clairage directionnel (lumi\u00e8re blanche), \u00e9clairage de vision nocturne (lumi\u00e8re rouge), ou \u00e9clairage de signalisation d&#039;urgence (lumi\u00e8re rouge clignotante). Les poign\u00e9es sur le dessus sont pratiques pour d\u00e9placer la lampe ; elles peuvent \u00e9galement \u00eatre utilis\u00e9es pour verrouiller la lumi\u00e8re \u00e0 l&#039;aide du loquet lat\u00e9ral, emp\u00eachant un allumage accidentel. La poign\u00e9e lat\u00e9rale peut \u00eatre utilis\u00e9e avec l&#039;\u00e9clairage directionnel pour la transformer en lampe de poche. Cette lanterne dispose \u00e9galement d&#039;aimants et d&#039;un crochet \u00e0 sa base, ce qui lui permet d&#039;\u00eatre plac\u00e9e \u00e0 diff\u00e9rents endroits.\" \/>\n<meta property=\"og:url\" content=\"https:\/\/eveready.com\/eu\/france\/product\/eveready-hybrid-usb-300\/\" \/>\n<meta property=\"og:site_name\" content=\"Eveready France\" \/>\n<meta property=\"article:modified_time\" content=\"2026-03-10T10:55:13+00:00\" \/>\n<meta property=\"og:image\" content=\"https:\/\/eveready.com\/eu\/france\/wp-content\/uploads\/sites\/3\/2025\/10\/Eveready\u00ae-HYBRID-USB-300.png\" \/>\n\t<meta property=\"og:image:width\" content=\"800\" \/>\n\t<meta property=\"og:image:height\" content=\"800\" \/>\n\t<meta property=\"og:image:type\" content=\"image\/png\" \/>\n<meta name=\"twitter:card\" content=\"summary_large_image\" \/>\n<script type=\"application\/ld+json\" class=\"yoast-schema-graph\">{\"@context\":\"https:\\\/\\\/schema.org\",\"@graph\":[{\"@type\":\"WebPage\",\"@id\":\"https:\\\/\\\/eveready.com\\\/eu\\\/france\\\/product\\\/eveready-hybrid-usb-300\\\/\",\"url\":\"https:\\\/\\\/eveready.com\\\/eu\\\/france\\\/product\\\/eveready-hybrid-usb-300\\\/\",\"name\":\"EVEREADY\u00ae HYBRIDE USB 300 L - Eveready France\",\"isPartOf\":{\"@id\":\"https:\\\/\\\/eveready.com\\\/eu\\\/france\\\/#website\"},\"primaryImageOfPage\":{\"@id\":\"https:\\\/\\\/eveready.com\\\/eu\\\/france\\\/product\\\/eveready-hybrid-usb-300\\\/#primaryimage\"},\"image\":{\"@id\":\"https:\\\/\\\/eveready.com\\\/eu\\\/france\\\/product\\\/eveready-hybrid-usb-300\\\/#primaryimage\"},\"thumbnailUrl\":\"https:\\\/\\\/eveready.com\\\/eu\\\/france\\\/wp-content\\\/uploads\\\/sites\\\/3\\\/2025\\\/10\\\/Eveready\u00ae-HYBRID-USB-300.png\",\"datePublished\":\"2025-10-10T08:55:31+00:00\",\"dateModified\":\"2026-03-10T10:55:13+00:00\",\"breadcrumb\":{\"@id\":\"https:\\\/\\\/eveready.com\\\/eu\\\/france\\\/product\\\/eveready-hybrid-usb-300\\\/#breadcrumb\"},\"inLanguage\":\"en-US\",\"potentialAction\":[{\"@type\":\"ReadAction\",\"target\":[\"https:\\\/\\\/eveready.com\\\/eu\\\/france\\\/product\\\/eveready-hybrid-usb-300\\\/\"]}]},{\"@type\":\"ImageObject\",\"inLanguage\":\"en-US\",\"@id\":\"https:\\\/\\\/eveready.com\\\/eu\\\/france\\\/product\\\/eveready-hybrid-usb-300\\\/#primaryimage\",\"url\":\"https:\\\/\\\/eveready.com\\\/eu\\\/france\\\/wp-content\\\/uploads\\\/sites\\\/3\\\/2025\\\/10\\\/Eveready\u00ae-HYBRID-USB-300.png\",\"contentUrl\":\"https:\\\/\\\/eveready.com\\\/eu\\\/france\\\/wp-content\\\/uploads\\\/sites\\\/3\\\/2025\\\/10\\\/Eveready\u00ae-HYBRID-USB-300.png\",\"width\":800,\"height\":800,\"caption\":\"Eveready\u00ae HYBRID USB 300\"},{\"@type\":\"BreadcrumbList\",\"@id\":\"https:\\\/\\\/eveready.com\\\/eu\\\/france\\\/product\\\/eveready-hybrid-usb-300\\\/#breadcrumb\",\"itemListElement\":[{\"@type\":\"ListItem\",\"position\":1,\"name\":\"Home\",\"item\":\"https:\\\/\\\/eveready.com\\\/eu\\\/france\\\/\"},{\"@type\":\"ListItem\",\"position\":2,\"name\":\"Products\",\"item\":\"https:\\\/\\\/eveready.com\\\/eu\\\/france\\\/shop\\\/\"},{\"@type\":\"ListItem\",\"position\":3,\"name\":\"EVEREADY\u00ae HYBRIDE USB 300 L\"}]},{\"@type\":\"WebSite\",\"@id\":\"https:\\\/\\\/eveready.com\\\/eu\\\/france\\\/#website\",\"url\":\"https:\\\/\\\/eveready.com\\\/eu\\\/france\\\/\",\"name\":\"Eveready France\",\"description\":\"\",\"publisher\":{\"@id\":\"https:\\\/\\\/eveready.com\\\/eu\\\/france\\\/#organization\"},\"potentialAction\":[{\"@type\":\"SearchAction\",\"target\":{\"@type\":\"EntryPoint\",\"urlTemplate\":\"https:\\\/\\\/eveready.com\\\/eu\\\/france\\\/?s={search_term_string}\"},\"query-input\":{\"@type\":\"PropertyValueSpecification\",\"valueRequired\":true,\"valueName\":\"search_term_string\"}}],\"inLanguage\":\"en-US\"},{\"@type\":\"Organization\",\"@id\":\"https:\\\/\\\/eveready.com\\\/eu\\\/france\\\/#organization\",\"name\":\"Eveready France\",\"url\":\"https:\\\/\\\/eveready.com\\\/eu\\\/france\\\/\",\"logo\":{\"@type\":\"ImageObject\",\"inLanguage\":\"en-US\",\"@id\":\"https:\\\/\\\/eveready.com\\\/eu\\\/france\\\/#\\\/schema\\\/logo\\\/image\\\/\",\"url\":\"https:\\\/\\\/eveready.com\\\/eu\\\/france\\\/wp-content\\\/uploads\\\/sites\\\/3\\\/2025\\\/08\\\/logo-eveready.png\",\"contentUrl\":\"https:\\\/\\\/eveready.com\\\/eu\\\/france\\\/wp-content\\\/uploads\\\/sites\\\/3\\\/2025\\\/08\\\/logo-eveready.png\",\"width\":855,\"height\":220,\"caption\":\"Eveready France\"},\"image\":{\"@id\":\"https:\\\/\\\/eveready.com\\\/eu\\\/france\\\/#\\\/schema\\\/logo\\\/image\\\/\"}}]}<\/script>\n<!-- \/ Yoast SEO plugin. -->","yoast_head_json":{"title":"EVEREADY\u00ae HYBRIDE USB 300 L - Eveready France","robots":{"index":"index","follow":"follow","max-snippet":"max-snippet:-1","max-image-preview":"max-image-preview:large","max-video-preview":"max-video-preview:-1"},"canonical":"https:\/\/eveready.com\/eu\/france\/product\/eveready-hybrid-usb-300\/","og_locale":"en_US","og_type":"article","og_title":"EVEREADY\u00ae HYBRIDE USB 300 L - Eveready France","og_description":"Polyvalente, compacte et pratique, la lanterne hybride pliable Eveready\u00ae propose \u00e0 la fois des options de charge USB et d'alimentation par piles. Cette lanterne est lumineuse et peut servir \u00e0 divers usages sans le stress de manquer \u00e0 nouveau de piles. Il suffit de tirer vers le haut pour l'allumer et l'utiliser comme lanterne, ou d'appuyer sur le bouton pour l'utiliser comme \u00e9clairage directionnel (lumi\u00e8re blanche), \u00e9clairage de vision nocturne (lumi\u00e8re rouge), ou \u00e9clairage de signalisation d'urgence (lumi\u00e8re rouge clignotante). Les poign\u00e9es sur le dessus sont pratiques pour d\u00e9placer la lampe ; elles peuvent \u00e9galement \u00eatre utilis\u00e9es pour verrouiller la lumi\u00e8re \u00e0 l'aide du loquet lat\u00e9ral, emp\u00eachant un allumage accidentel. La poign\u00e9e lat\u00e9rale peut \u00eatre utilis\u00e9e avec l'\u00e9clairage directionnel pour la transformer en lampe de poche. Cette lanterne dispose \u00e9galement d'aimants et d'un crochet \u00e0 sa base, ce qui lui permet d'\u00eatre plac\u00e9e \u00e0 diff\u00e9rents endroits.","og_url":"https:\/\/eveready.com\/eu\/france\/product\/eveready-hybrid-usb-300\/","og_site_name":"Eveready France","article_modified_time":"2026-03-10T10:55:13+00:00","og_image":[{"width":800,"height":800,"url":"https:\/\/eveready.com\/eu\/france\/wp-content\/uploads\/sites\/3\/2025\/10\/Eveready\u00ae-HYBRID-USB-300.png","type":"image\/png"}],"twitter_card":"summary_large_image","schema":{"@context":"https:\/\/schema.org","@graph":[{"@type":"WebPage","@id":"https:\/\/eveready.com\/eu\/france\/product\/eveready-hybrid-usb-300\/","url":"https:\/\/eveready.com\/eu\/france\/product\/eveready-hybrid-usb-300\/","name":"EVEREADY\u00ae HYBRIDE USB 300 L - Eveready France","isPartOf":{"@id":"https:\/\/eveready.com\/eu\/france\/#website"},"primaryImageOfPage":{"@id":"https:\/\/eveready.com\/eu\/france\/product\/eveready-hybrid-usb-300\/#primaryimage"},"image":{"@id":"https:\/\/eveready.com\/eu\/france\/product\/eveready-hybrid-usb-300\/#primaryimage"},"thumbnailUrl":"https:\/\/eveready.com\/eu\/france\/wp-content\/uploads\/sites\/3\/2025\/10\/Eveready\u00ae-HYBRID-USB-300.png","datePublished":"2025-10-10T08:55:31+00:00","dateModified":"2026-03-10T10:55:13+00:00","breadcrumb":{"@id":"https:\/\/eveready.com\/eu\/france\/product\/eveready-hybrid-usb-300\/#breadcrumb"},"inLanguage":"en-US","potentialAction":[{"@type":"ReadAction","target":["https:\/\/eveready.com\/eu\/france\/product\/eveready-hybrid-usb-300\/"]}]},{"@type":"ImageObject","inLanguage":"en-US","@id":"https:\/\/eveready.com\/eu\/france\/product\/eveready-hybrid-usb-300\/#primaryimage","url":"https:\/\/eveready.com\/eu\/france\/wp-content\/uploads\/sites\/3\/2025\/10\/Eveready\u00ae-HYBRID-USB-300.png","contentUrl":"https:\/\/eveready.com\/eu\/france\/wp-content\/uploads\/sites\/3\/2025\/10\/Eveready\u00ae-HYBRID-USB-300.png","width":800,"height":800,"caption":"Eveready\u00ae HYBRID USB 300"},{"@type":"BreadcrumbList","@id":"https:\/\/eveready.com\/eu\/france\/product\/eveready-hybrid-usb-300\/#breadcrumb","itemListElement":[{"@type":"ListItem","position":1,"name":"Home","item":"https:\/\/eveready.com\/eu\/france\/"},{"@type":"ListItem","position":2,"name":"Products","item":"https:\/\/eveready.com\/eu\/france\/shop\/"},{"@type":"ListItem","position":3,"name":"EVEREADY\u00ae HYBRIDE USB 300 L"}]},{"@type":"WebSite","@id":"https:\/\/eveready.com\/eu\/france\/#website","url":"https:\/\/eveready.com\/eu\/france\/","name":"Eveready France","description":"","publisher":{"@id":"https:\/\/eveready.com\/eu\/france\/#organization"},"potentialAction":[{"@type":"SearchAction","target":{"@type":"EntryPoint","urlTemplate":"https:\/\/eveready.com\/eu\/france\/?s={search_term_string}"},"query-input":{"@type":"PropertyValueSpecification","valueRequired":true,"valueName":"search_term_string"}}],"inLanguage":"en-US"},{"@type":"Organization","@id":"https:\/\/eveready.com\/eu\/france\/#organization","name":"Eveready France","url":"https:\/\/eveready.com\/eu\/france\/","logo":{"@type":"ImageObject","inLanguage":"en-US","@id":"https:\/\/eveready.com\/eu\/france\/#\/schema\/logo\/image\/","url":"https:\/\/eveready.com\/eu\/france\/wp-content\/uploads\/sites\/3\/2025\/08\/logo-eveready.png","contentUrl":"https:\/\/eveready.com\/eu\/france\/wp-content\/uploads\/sites\/3\/2025\/08\/logo-eveready.png","width":855,"height":220,"caption":"Eveready France"},"image":{"@id":"https:\/\/eveready.com\/eu\/france\/#\/schema\/logo\/image\/"}}]}},"acf":[],"_links":{"self":[{"href":"https:\/\/eveready.com\/eu\/france\/wp-json\/wp\/v2\/product\/4284","targetHints":{"allow":["GET"]}}],"collection":[{"href":"https:\/\/eveready.com\/eu\/france\/wp-json\/wp\/v2\/product"}],"about":[{"href":"https:\/\/eveready.com\/eu\/france\/wp-json\/wp\/v2\/types\/product"}],"replies":[{"embeddable":true,"href":"https:\/\/eveready.com\/eu\/france\/wp-json\/wp\/v2\/comments?post=4284"}],"wp:featuredmedia":[{"embeddable":true,"href":"https:\/\/eveready.com\/eu\/france\/wp-json\/wp\/v2\/media\/4276"}],"wp:attachment":[{"href":"https:\/\/eveready.com\/eu\/france\/wp-json\/wp\/v2\/media?parent=4284"}],"wp:term":[{"taxonomy":"product_brand","embeddable":true,"href":"https:\/\/eveready.com\/eu\/france\/wp-json\/wp\/v2\/product_brand?post=4284"},{"taxonomy":"product_cat","embeddable":true,"href":"https:\/\/eveready.com\/eu\/france\/wp-json\/wp\/v2\/product_cat?post=4284"},{"taxonomy":"product_tag","embeddable":true,"href":"https:\/\/eveready.com\/eu\/france\/wp-json\/wp\/v2\/product_tag?post=4284"}],"curies":[{"name":"wp","href":"https:\/\/api.w.org\/{rel}","templated":true}]}}