{"id":4665,"date":"2025-11-06T02:13:05","date_gmt":"2025-11-06T07:13:05","guid":{"rendered":"https:\/\/eveready.com\/eu\/france\/?post_type=product&#038;p=4665"},"modified":"2026-03-17T05:35:56","modified_gmt":"2026-03-17T09:35:56","slug":"eveready-compact-lantern","status":"publish","type":"product","link":"https:\/\/eveready.com\/eu\/france\/product\/eveready-compact-lantern\/","title":{"rendered":"Eveready\u00ae COMPACT LANTERN"},"content":{"rendered":"<p><strong>Caract\u00e9ristiques et avantages<\/strong><\/p>\n<ul>\n<li>Une lanterne LED compacte Eveready\u00ae GPAL411, offrant une lumi\u00e8re vive et longue dur\u00e9e dans un design compact<\/li>\n<li>Dot\u00e9e de la derni\u00e8re technologie d&#8217;\u00e9clairage LED, elle offre jusqu&#8217;\u00e0 250 lumens d&#8217;\u00e9clairage lumineux sur une zone \u00e0 360 degr\u00e9s, avec une autonomie allant jusqu&#8217;\u00e0 100 heures*<\/li>\n<li>Cette lanterne portable pratique est dot\u00e9e d&#8217;une poign\u00e9e sup\u00e9rieure pour un transport facile<\/li>\n<li>Utilisez-la comme lanterne de camping, \u00e9clairage d&#8217;urgence en cas de pannes de courant, et plus encore. Avec ce pack de 2, vous pouvez conserver une lanterne dans la maison et une dans le garage, ou les offrir comme cadeaux pratiques \u00e0 votre famille et vos amis<\/li>\n<li>L&#8217;Eveready\u00ae GPAL411 est une lanterne \u00e0 piles dot\u00e9e de la technologie ReadyFlex pour une \u00e9conomie d&#8217;\u00e9nergie accrue. Elle peut fonctionner avec 2 ou 4 piles AA<\/li>\n<li>Cette lanterne LED robuste est class\u00e9e IPX4 r\u00e9sistante \u00e0 l&#8217;eau et peut r\u00e9sister \u00e0 des chutes jusqu&#8217;\u00e0 1 m<\/li>\n<\/ul>\n","protected":false},"excerpt":{"rendered":"<p>Obtenez un \u00e9clairage lumineux et fiable avec un design compact gr\u00e2ce \u00e0 la lanterne LED compacte Eveready\u00ae GPAL411. L&#8217;Eveready\u00ae GPAL411 est une petite lanterne dot\u00e9e de la derni\u00e8re technologie d&#8217;\u00e9clairage LED et d&#8217;une autonomie exceptionnelle, offrant jusqu&#8217;\u00e0 250 lumens* d&#8217;\u00e9clairage lumineux \u00e0 360 degr\u00e9s pendant 100 heures.<\/p>\n<p>**Cette lanterne portable pratique dispose d&#8217;une poign\u00e9e sup\u00e9rieure pour un transport facile et est id\u00e9ale comme lanterne de camping, \u00e9clairage d&#8217;urgence en cas de panne de courant, et plus encore. Avec ce lot de 2, vous pouvez garder une lanterne dans la maison et une dans le garage, ou les offrir comme cadeaux pratiques \u00e0 votre famille et vos amis. L&#8217;Eveready\u00ae GPAL411 est une lanterne \u00e0 piles dot\u00e9e de la technologie ReadyFlex pour une \u00e9conomie d&#8217;\u00e9nergie accrue ; elle peut fonctionner avec 2 ou 4 piles AA. Con\u00e7ue pour toutes les aventures, cette lanterne LED robuste est \u00e9tanche (IPX4) et peut r\u00e9sister aux chutes jusqu&#8217;\u00e0 1 m.<\/p>\n<p>( *\u00c9mission de lumi\u00e8re mesur\u00e9e \u00e0 partir de la LED. Cette valeur ne s&#8217;applique qu&#8217;\u00e0 la LED. Le rendement lumineux r\u00e9el de l&#8217;appareil peut varier.<br \/>\n**Point final d\u00e9termin\u00e9 \u00e0 1 % de la valeur initiale.)<\/p>\n","protected":false},"featured_media":4666,"comment_status":"open","ping_status":"closed","template":"","meta":{"_acf_changed":false},"product_brand":[],"product_cat":[41,39],"product_tag":[],"class_list":{"0":"post-4665","1":"product","2":"type-product","3":"status-publish","4":"has-post-thumbnail","6":"product_cat-area-lights","7":"product_cat-lighting","9":"first","10":"instock","11":"shipping-taxable","12":"product-type-simple"},"yoast_head":"<!-- This site is optimized with the Yoast SEO plugin v27.4 - https:\/\/yoast.com\/product\/yoast-seo-wordpress\/ -->\n<title>Eveready\u00ae COMPACT LANTERN - Eveready France<\/title>\n<meta name=\"robots\" content=\"index, follow, max-snippet:-1, max-image-preview:large, max-video-preview:-1\" \/>\n<link rel=\"canonical\" href=\"https:\/\/eveready.com\/eu\/france\/product\/eveready-compact-lantern\/\" \/>\n<meta property=\"og:locale\" content=\"en_US\" \/>\n<meta property=\"og:type\" content=\"article\" \/>\n<meta property=\"og:title\" content=\"Eveready\u00ae COMPACT LANTERN - Eveready France\" \/>\n<meta property=\"og:description\" content=\"Obtenez un \u00e9clairage lumineux et fiable avec un design compact gr\u00e2ce \u00e0 la lanterne LED compacte Eveready\u00ae GPAL411. L&#039;Eveready\u00ae GPAL411 est une petite lanterne dot\u00e9e de la derni\u00e8re technologie d&#039;\u00e9clairage LED et d&#039;une autonomie exceptionnelle, offrant jusqu&#039;\u00e0 250 lumens* d&#039;\u00e9clairage lumineux \u00e0 360 degr\u00e9s pendant 100 heures.  **Cette lanterne portable pratique dispose d&#039;une poign\u00e9e sup\u00e9rieure pour un transport facile et est id\u00e9ale comme lanterne de camping, \u00e9clairage d&#039;urgence en cas de panne de courant, et plus encore. Avec ce lot de 2, vous pouvez garder une lanterne dans la maison et une dans le garage, ou les offrir comme cadeaux pratiques \u00e0 votre famille et vos amis. L&#039;Eveready\u00ae GPAL411 est une lanterne \u00e0 piles dot\u00e9e de la technologie ReadyFlex pour une \u00e9conomie d&#039;\u00e9nergie accrue ; elle peut fonctionner avec 2 ou 4 piles AA. Con\u00e7ue pour toutes les aventures, cette lanterne LED robuste est \u00e9tanche (IPX4) et peut r\u00e9sister aux chutes jusqu&#039;\u00e0 1 m.  ( *\u00c9mission de lumi\u00e8re mesur\u00e9e \u00e0 partir de la LED. Cette valeur ne s&#039;applique qu&#039;\u00e0 la LED. Le rendement lumineux r\u00e9el de l&#039;appareil peut varier. **Point final d\u00e9termin\u00e9 \u00e0 1 % de la valeur initiale.)\" \/>\n<meta property=\"og:url\" content=\"https:\/\/eveready.com\/eu\/france\/product\/eveready-compact-lantern\/\" \/>\n<meta property=\"og:site_name\" content=\"Eveready France\" \/>\n<meta property=\"article:modified_time\" content=\"2026-03-17T09:35:56+00:00\" \/>\n<meta property=\"og:image\" content=\"https:\/\/eveready.com\/eu\/france\/wp-content\/uploads\/sites\/3\/2025\/11\/COMPACT-LANTERN.jpg\" \/>\n\t<meta property=\"og:image:width\" content=\"800\" \/>\n\t<meta property=\"og:image:height\" content=\"800\" \/>\n\t<meta property=\"og:image:type\" content=\"image\/jpeg\" \/>\n<meta name=\"twitter:card\" content=\"summary_large_image\" \/>\n<script type=\"application\/ld+json\" class=\"yoast-schema-graph\">{\"@context\":\"https:\\\/\\\/schema.org\",\"@graph\":[{\"@type\":\"WebPage\",\"@id\":\"https:\\\/\\\/eveready.com\\\/eu\\\/france\\\/product\\\/eveready-compact-lantern\\\/\",\"url\":\"https:\\\/\\\/eveready.com\\\/eu\\\/france\\\/product\\\/eveready-compact-lantern\\\/\",\"name\":\"Eveready\u00ae COMPACT LANTERN - Eveready France\",\"isPartOf\":{\"@id\":\"https:\\\/\\\/eveready.com\\\/eu\\\/france\\\/#website\"},\"primaryImageOfPage\":{\"@id\":\"https:\\\/\\\/eveready.com\\\/eu\\\/france\\\/product\\\/eveready-compact-lantern\\\/#primaryimage\"},\"image\":{\"@id\":\"https:\\\/\\\/eveready.com\\\/eu\\\/france\\\/product\\\/eveready-compact-lantern\\\/#primaryimage\"},\"thumbnailUrl\":\"https:\\\/\\\/eveready.com\\\/eu\\\/france\\\/wp-content\\\/uploads\\\/sites\\\/3\\\/2025\\\/11\\\/COMPACT-LANTERN.jpg\",\"datePublished\":\"2025-11-06T07:13:05+00:00\",\"dateModified\":\"2026-03-17T09:35:56+00:00\",\"breadcrumb\":{\"@id\":\"https:\\\/\\\/eveready.com\\\/eu\\\/france\\\/product\\\/eveready-compact-lantern\\\/#breadcrumb\"},\"inLanguage\":\"en-US\",\"potentialAction\":[{\"@type\":\"ReadAction\",\"target\":[\"https:\\\/\\\/eveready.com\\\/eu\\\/france\\\/product\\\/eveready-compact-lantern\\\/\"]}]},{\"@type\":\"ImageObject\",\"inLanguage\":\"en-US\",\"@id\":\"https:\\\/\\\/eveready.com\\\/eu\\\/france\\\/product\\\/eveready-compact-lantern\\\/#primaryimage\",\"url\":\"https:\\\/\\\/eveready.com\\\/eu\\\/france\\\/wp-content\\\/uploads\\\/sites\\\/3\\\/2025\\\/11\\\/COMPACT-LANTERN.jpg\",\"contentUrl\":\"https:\\\/\\\/eveready.com\\\/eu\\\/france\\\/wp-content\\\/uploads\\\/sites\\\/3\\\/2025\\\/11\\\/COMPACT-LANTERN.jpg\",\"width\":800,\"height\":800,\"caption\":\"COMPACT LANTERN\"},{\"@type\":\"BreadcrumbList\",\"@id\":\"https:\\\/\\\/eveready.com\\\/eu\\\/france\\\/product\\\/eveready-compact-lantern\\\/#breadcrumb\",\"itemListElement\":[{\"@type\":\"ListItem\",\"position\":1,\"name\":\"Home\",\"item\":\"https:\\\/\\\/eveready.com\\\/eu\\\/france\\\/\"},{\"@type\":\"ListItem\",\"position\":2,\"name\":\"Products\",\"item\":\"https:\\\/\\\/eveready.com\\\/eu\\\/france\\\/shop\\\/\"},{\"@type\":\"ListItem\",\"position\":3,\"name\":\"Eveready\u00ae COMPACT LANTERN\"}]},{\"@type\":\"WebSite\",\"@id\":\"https:\\\/\\\/eveready.com\\\/eu\\\/france\\\/#website\",\"url\":\"https:\\\/\\\/eveready.com\\\/eu\\\/france\\\/\",\"name\":\"Eveready France\",\"description\":\"\",\"publisher\":{\"@id\":\"https:\\\/\\\/eveready.com\\\/eu\\\/france\\\/#organization\"},\"potentialAction\":[{\"@type\":\"SearchAction\",\"target\":{\"@type\":\"EntryPoint\",\"urlTemplate\":\"https:\\\/\\\/eveready.com\\\/eu\\\/france\\\/?s={search_term_string}\"},\"query-input\":{\"@type\":\"PropertyValueSpecification\",\"valueRequired\":true,\"valueName\":\"search_term_string\"}}],\"inLanguage\":\"en-US\"},{\"@type\":\"Organization\",\"@id\":\"https:\\\/\\\/eveready.com\\\/eu\\\/france\\\/#organization\",\"name\":\"Eveready France\",\"url\":\"https:\\\/\\\/eveready.com\\\/eu\\\/france\\\/\",\"logo\":{\"@type\":\"ImageObject\",\"inLanguage\":\"en-US\",\"@id\":\"https:\\\/\\\/eveready.com\\\/eu\\\/france\\\/#\\\/schema\\\/logo\\\/image\\\/\",\"url\":\"https:\\\/\\\/eveready.com\\\/eu\\\/france\\\/wp-content\\\/uploads\\\/sites\\\/3\\\/2025\\\/08\\\/logo-eveready.png\",\"contentUrl\":\"https:\\\/\\\/eveready.com\\\/eu\\\/france\\\/wp-content\\\/uploads\\\/sites\\\/3\\\/2025\\\/08\\\/logo-eveready.png\",\"width\":855,\"height\":220,\"caption\":\"Eveready France\"},\"image\":{\"@id\":\"https:\\\/\\\/eveready.com\\\/eu\\\/france\\\/#\\\/schema\\\/logo\\\/image\\\/\"}}]}<\/script>\n<!-- \/ Yoast SEO plugin. -->","yoast_head_json":{"title":"Eveready\u00ae COMPACT LANTERN - Eveready France","robots":{"index":"index","follow":"follow","max-snippet":"max-snippet:-1","max-image-preview":"max-image-preview:large","max-video-preview":"max-video-preview:-1"},"canonical":"https:\/\/eveready.com\/eu\/france\/product\/eveready-compact-lantern\/","og_locale":"en_US","og_type":"article","og_title":"Eveready\u00ae COMPACT LANTERN - Eveready France","og_description":"Obtenez un \u00e9clairage lumineux et fiable avec un design compact gr\u00e2ce \u00e0 la lanterne LED compacte Eveready\u00ae GPAL411. L'Eveready\u00ae GPAL411 est une petite lanterne dot\u00e9e de la derni\u00e8re technologie d'\u00e9clairage LED et d'une autonomie exceptionnelle, offrant jusqu'\u00e0 250 lumens* d'\u00e9clairage lumineux \u00e0 360 degr\u00e9s pendant 100 heures.  **Cette lanterne portable pratique dispose d'une poign\u00e9e sup\u00e9rieure pour un transport facile et est id\u00e9ale comme lanterne de camping, \u00e9clairage d'urgence en cas de panne de courant, et plus encore. Avec ce lot de 2, vous pouvez garder une lanterne dans la maison et une dans le garage, ou les offrir comme cadeaux pratiques \u00e0 votre famille et vos amis. L'Eveready\u00ae GPAL411 est une lanterne \u00e0 piles dot\u00e9e de la technologie ReadyFlex pour une \u00e9conomie d'\u00e9nergie accrue ; elle peut fonctionner avec 2 ou 4 piles AA. Con\u00e7ue pour toutes les aventures, cette lanterne LED robuste est \u00e9tanche (IPX4) et peut r\u00e9sister aux chutes jusqu'\u00e0 1 m.  ( *\u00c9mission de lumi\u00e8re mesur\u00e9e \u00e0 partir de la LED. Cette valeur ne s'applique qu'\u00e0 la LED. Le rendement lumineux r\u00e9el de l'appareil peut varier. **Point final d\u00e9termin\u00e9 \u00e0 1 % de la valeur initiale.)","og_url":"https:\/\/eveready.com\/eu\/france\/product\/eveready-compact-lantern\/","og_site_name":"Eveready France","article_modified_time":"2026-03-17T09:35:56+00:00","og_image":[{"width":800,"height":800,"url":"https:\/\/eveready.com\/eu\/france\/wp-content\/uploads\/sites\/3\/2025\/11\/COMPACT-LANTERN.jpg","type":"image\/jpeg"}],"twitter_card":"summary_large_image","schema":{"@context":"https:\/\/schema.org","@graph":[{"@type":"WebPage","@id":"https:\/\/eveready.com\/eu\/france\/product\/eveready-compact-lantern\/","url":"https:\/\/eveready.com\/eu\/france\/product\/eveready-compact-lantern\/","name":"Eveready\u00ae COMPACT LANTERN - Eveready France","isPartOf":{"@id":"https:\/\/eveready.com\/eu\/france\/#website"},"primaryImageOfPage":{"@id":"https:\/\/eveready.com\/eu\/france\/product\/eveready-compact-lantern\/#primaryimage"},"image":{"@id":"https:\/\/eveready.com\/eu\/france\/product\/eveready-compact-lantern\/#primaryimage"},"thumbnailUrl":"https:\/\/eveready.com\/eu\/france\/wp-content\/uploads\/sites\/3\/2025\/11\/COMPACT-LANTERN.jpg","datePublished":"2025-11-06T07:13:05+00:00","dateModified":"2026-03-17T09:35:56+00:00","breadcrumb":{"@id":"https:\/\/eveready.com\/eu\/france\/product\/eveready-compact-lantern\/#breadcrumb"},"inLanguage":"en-US","potentialAction":[{"@type":"ReadAction","target":["https:\/\/eveready.com\/eu\/france\/product\/eveready-compact-lantern\/"]}]},{"@type":"ImageObject","inLanguage":"en-US","@id":"https:\/\/eveready.com\/eu\/france\/product\/eveready-compact-lantern\/#primaryimage","url":"https:\/\/eveready.com\/eu\/france\/wp-content\/uploads\/sites\/3\/2025\/11\/COMPACT-LANTERN.jpg","contentUrl":"https:\/\/eveready.com\/eu\/france\/wp-content\/uploads\/sites\/3\/2025\/11\/COMPACT-LANTERN.jpg","width":800,"height":800,"caption":"COMPACT LANTERN"},{"@type":"BreadcrumbList","@id":"https:\/\/eveready.com\/eu\/france\/product\/eveready-compact-lantern\/#breadcrumb","itemListElement":[{"@type":"ListItem","position":1,"name":"Home","item":"https:\/\/eveready.com\/eu\/france\/"},{"@type":"ListItem","position":2,"name":"Products","item":"https:\/\/eveready.com\/eu\/france\/shop\/"},{"@type":"ListItem","position":3,"name":"Eveready\u00ae COMPACT LANTERN"}]},{"@type":"WebSite","@id":"https:\/\/eveready.com\/eu\/france\/#website","url":"https:\/\/eveready.com\/eu\/france\/","name":"Eveready France","description":"","publisher":{"@id":"https:\/\/eveready.com\/eu\/france\/#organization"},"potentialAction":[{"@type":"SearchAction","target":{"@type":"EntryPoint","urlTemplate":"https:\/\/eveready.com\/eu\/france\/?s={search_term_string}"},"query-input":{"@type":"PropertyValueSpecification","valueRequired":true,"valueName":"search_term_string"}}],"inLanguage":"en-US"},{"@type":"Organization","@id":"https:\/\/eveready.com\/eu\/france\/#organization","name":"Eveready France","url":"https:\/\/eveready.com\/eu\/france\/","logo":{"@type":"ImageObject","inLanguage":"en-US","@id":"https:\/\/eveready.com\/eu\/france\/#\/schema\/logo\/image\/","url":"https:\/\/eveready.com\/eu\/france\/wp-content\/uploads\/sites\/3\/2025\/08\/logo-eveready.png","contentUrl":"https:\/\/eveready.com\/eu\/france\/wp-content\/uploads\/sites\/3\/2025\/08\/logo-eveready.png","width":855,"height":220,"caption":"Eveready France"},"image":{"@id":"https:\/\/eveready.com\/eu\/france\/#\/schema\/logo\/image\/"}}]}},"acf":[],"_links":{"self":[{"href":"https:\/\/eveready.com\/eu\/france\/wp-json\/wp\/v2\/product\/4665","targetHints":{"allow":["GET"]}}],"collection":[{"href":"https:\/\/eveready.com\/eu\/france\/wp-json\/wp\/v2\/product"}],"about":[{"href":"https:\/\/eveready.com\/eu\/france\/wp-json\/wp\/v2\/types\/product"}],"replies":[{"embeddable":true,"href":"https:\/\/eveready.com\/eu\/france\/wp-json\/wp\/v2\/comments?post=4665"}],"wp:featuredmedia":[{"embeddable":true,"href":"https:\/\/eveready.com\/eu\/france\/wp-json\/wp\/v2\/media\/4666"}],"wp:attachment":[{"href":"https:\/\/eveready.com\/eu\/france\/wp-json\/wp\/v2\/media?parent=4665"}],"wp:term":[{"taxonomy":"product_brand","embeddable":true,"href":"https:\/\/eveready.com\/eu\/france\/wp-json\/wp\/v2\/product_brand?post=4665"},{"taxonomy":"product_cat","embeddable":true,"href":"https:\/\/eveready.com\/eu\/france\/wp-json\/wp\/v2\/product_cat?post=4665"},{"taxonomy":"product_tag","embeddable":true,"href":"https:\/\/eveready.com\/eu\/france\/wp-json\/wp\/v2\/product_tag?post=4665"}],"curies":[{"name":"wp","href":"https:\/\/api.w.org\/{rel}","templated":true}]}}