{"id":4692,"date":"2025-11-17T05:01:11","date_gmt":"2025-11-17T10:01:11","guid":{"rendered":"https:\/\/eveready.com\/eu\/france\/?post_type=product&#038;p=4692"},"modified":"2026-03-10T07:03:47","modified_gmt":"2026-03-10T11:03:47","slug":"eveready-compact-headlamp","status":"publish","type":"product","link":"https:\/\/eveready.com\/eu\/france\/product\/eveready-compact-headlamp\/","title":{"rendered":"EVEREADY\u00ae LAMPE FRONTALE COMPACTE"},"content":{"rendered":"<p><strong>Caract\u00e9ristiques et avantages<\/strong><\/p>\n<ul>\n<li>Compacte et l\u00e9g\u00e8re<\/li>\n<li>Bandeau confortable, r\u00e9glable, amovible et lavable<\/li>\n<li>Interrupteur \u00e0 bouton-poussoir facile d&#8217;acc\u00e8s<\/li>\n<li>Robuste<\/li>\n<\/ul>\n","protected":false},"excerpt":{"rendered":"<p>Il existe une opportunit\u00e9 de croissance pour les lampes frontales en raison d&#8217;un faible taux d&#8217;\u00e9quipement des foyers. Une proposition de valeur \u00e0 prix attractif pour encourager l&#8217;essai du produit. Les consommateurs soucieux de leur budget recherchent une lampe frontale de marque, abordable et d&#8217;une qualit\u00e9 fiable.<\/p>\n","protected":false},"featured_media":4693,"comment_status":"open","ping_status":"closed","template":"","meta":{"_acf_changed":false},"product_brand":[],"product_cat":[62,39],"product_tag":[],"class_list":{"0":"post-4692","1":"product","2":"type-product","3":"status-publish","4":"has-post-thumbnail","6":"product_cat-hands-free","7":"product_cat-lighting","9":"first","10":"instock","11":"shipping-taxable","12":"product-type-simple"},"yoast_head":"<!-- This site is optimized with the Yoast SEO plugin v27.4 - https:\/\/yoast.com\/product\/yoast-seo-wordpress\/ -->\n<title>EVEREADY\u00ae LAMPE FRONTALE COMPACTE - Eveready France<\/title>\n<meta name=\"robots\" content=\"index, follow, max-snippet:-1, max-image-preview:large, max-video-preview:-1\" \/>\n<link rel=\"canonical\" href=\"https:\/\/eveready.com\/eu\/france\/product\/eveready-compact-headlamp\/\" \/>\n<meta property=\"og:locale\" content=\"en_US\" \/>\n<meta property=\"og:type\" content=\"article\" \/>\n<meta property=\"og:title\" content=\"EVEREADY\u00ae LAMPE FRONTALE COMPACTE - Eveready France\" \/>\n<meta property=\"og:description\" content=\"Il existe une opportunit\u00e9 de croissance pour les lampes frontales en raison d&#039;un faible taux d&#039;\u00e9quipement des foyers. Une proposition de valeur \u00e0 prix attractif pour encourager l&#039;essai du produit. Les consommateurs soucieux de leur budget recherchent une lampe frontale de marque, abordable et d&#039;une qualit\u00e9 fiable.\" \/>\n<meta property=\"og:url\" content=\"https:\/\/eveready.com\/eu\/france\/product\/eveready-compact-headlamp\/\" \/>\n<meta property=\"og:site_name\" content=\"Eveready France\" \/>\n<meta property=\"article:modified_time\" content=\"2026-03-10T11:03:47+00:00\" \/>\n<meta property=\"og:image\" content=\"https:\/\/eveready.com\/eu\/france\/wp-content\/uploads\/sites\/3\/2025\/11\/Eveready\u00ae-COMPACT-HEADLAMP.png\" \/>\n\t<meta property=\"og:image:width\" content=\"800\" \/>\n\t<meta property=\"og:image:height\" content=\"800\" \/>\n\t<meta property=\"og:image:type\" content=\"image\/png\" \/>\n<meta name=\"twitter:card\" content=\"summary_large_image\" \/>\n<script type=\"application\/ld+json\" class=\"yoast-schema-graph\">{\"@context\":\"https:\\\/\\\/schema.org\",\"@graph\":[{\"@type\":\"WebPage\",\"@id\":\"https:\\\/\\\/eveready.com\\\/eu\\\/france\\\/product\\\/eveready-compact-headlamp\\\/\",\"url\":\"https:\\\/\\\/eveready.com\\\/eu\\\/france\\\/product\\\/eveready-compact-headlamp\\\/\",\"name\":\"EVEREADY\u00ae LAMPE FRONTALE COMPACTE - Eveready France\",\"isPartOf\":{\"@id\":\"https:\\\/\\\/eveready.com\\\/eu\\\/france\\\/#website\"},\"primaryImageOfPage\":{\"@id\":\"https:\\\/\\\/eveready.com\\\/eu\\\/france\\\/product\\\/eveready-compact-headlamp\\\/#primaryimage\"},\"image\":{\"@id\":\"https:\\\/\\\/eveready.com\\\/eu\\\/france\\\/product\\\/eveready-compact-headlamp\\\/#primaryimage\"},\"thumbnailUrl\":\"https:\\\/\\\/eveready.com\\\/eu\\\/france\\\/wp-content\\\/uploads\\\/sites\\\/3\\\/2025\\\/11\\\/Eveready\u00ae-COMPACT-HEADLAMP.png\",\"datePublished\":\"2025-11-17T10:01:11+00:00\",\"dateModified\":\"2026-03-10T11:03:47+00:00\",\"breadcrumb\":{\"@id\":\"https:\\\/\\\/eveready.com\\\/eu\\\/france\\\/product\\\/eveready-compact-headlamp\\\/#breadcrumb\"},\"inLanguage\":\"en-US\",\"potentialAction\":[{\"@type\":\"ReadAction\",\"target\":[\"https:\\\/\\\/eveready.com\\\/eu\\\/france\\\/product\\\/eveready-compact-headlamp\\\/\"]}]},{\"@type\":\"ImageObject\",\"inLanguage\":\"en-US\",\"@id\":\"https:\\\/\\\/eveready.com\\\/eu\\\/france\\\/product\\\/eveready-compact-headlamp\\\/#primaryimage\",\"url\":\"https:\\\/\\\/eveready.com\\\/eu\\\/france\\\/wp-content\\\/uploads\\\/sites\\\/3\\\/2025\\\/11\\\/Eveready\u00ae-COMPACT-HEADLAMP.png\",\"contentUrl\":\"https:\\\/\\\/eveready.com\\\/eu\\\/france\\\/wp-content\\\/uploads\\\/sites\\\/3\\\/2025\\\/11\\\/Eveready\u00ae-COMPACT-HEADLAMP.png\",\"width\":800,\"height\":800,\"caption\":\"Eveready\u00ae COMPACT HEADLAMP\"},{\"@type\":\"BreadcrumbList\",\"@id\":\"https:\\\/\\\/eveready.com\\\/eu\\\/france\\\/product\\\/eveready-compact-headlamp\\\/#breadcrumb\",\"itemListElement\":[{\"@type\":\"ListItem\",\"position\":1,\"name\":\"Home\",\"item\":\"https:\\\/\\\/eveready.com\\\/eu\\\/france\\\/\"},{\"@type\":\"ListItem\",\"position\":2,\"name\":\"Products\",\"item\":\"https:\\\/\\\/eveready.com\\\/eu\\\/france\\\/shop\\\/\"},{\"@type\":\"ListItem\",\"position\":3,\"name\":\"EVEREADY\u00ae LAMPE FRONTALE COMPACTE\"}]},{\"@type\":\"WebSite\",\"@id\":\"https:\\\/\\\/eveready.com\\\/eu\\\/france\\\/#website\",\"url\":\"https:\\\/\\\/eveready.com\\\/eu\\\/france\\\/\",\"name\":\"Eveready France\",\"description\":\"\",\"publisher\":{\"@id\":\"https:\\\/\\\/eveready.com\\\/eu\\\/france\\\/#organization\"},\"potentialAction\":[{\"@type\":\"SearchAction\",\"target\":{\"@type\":\"EntryPoint\",\"urlTemplate\":\"https:\\\/\\\/eveready.com\\\/eu\\\/france\\\/?s={search_term_string}\"},\"query-input\":{\"@type\":\"PropertyValueSpecification\",\"valueRequired\":true,\"valueName\":\"search_term_string\"}}],\"inLanguage\":\"en-US\"},{\"@type\":\"Organization\",\"@id\":\"https:\\\/\\\/eveready.com\\\/eu\\\/france\\\/#organization\",\"name\":\"Eveready France\",\"url\":\"https:\\\/\\\/eveready.com\\\/eu\\\/france\\\/\",\"logo\":{\"@type\":\"ImageObject\",\"inLanguage\":\"en-US\",\"@id\":\"https:\\\/\\\/eveready.com\\\/eu\\\/france\\\/#\\\/schema\\\/logo\\\/image\\\/\",\"url\":\"https:\\\/\\\/eveready.com\\\/eu\\\/france\\\/wp-content\\\/uploads\\\/sites\\\/3\\\/2025\\\/08\\\/logo-eveready.png\",\"contentUrl\":\"https:\\\/\\\/eveready.com\\\/eu\\\/france\\\/wp-content\\\/uploads\\\/sites\\\/3\\\/2025\\\/08\\\/logo-eveready.png\",\"width\":855,\"height\":220,\"caption\":\"Eveready France\"},\"image\":{\"@id\":\"https:\\\/\\\/eveready.com\\\/eu\\\/france\\\/#\\\/schema\\\/logo\\\/image\\\/\"}}]}<\/script>\n<!-- \/ Yoast SEO plugin. -->","yoast_head_json":{"title":"EVEREADY\u00ae LAMPE FRONTALE COMPACTE - Eveready France","robots":{"index":"index","follow":"follow","max-snippet":"max-snippet:-1","max-image-preview":"max-image-preview:large","max-video-preview":"max-video-preview:-1"},"canonical":"https:\/\/eveready.com\/eu\/france\/product\/eveready-compact-headlamp\/","og_locale":"en_US","og_type":"article","og_title":"EVEREADY\u00ae LAMPE FRONTALE COMPACTE - Eveready France","og_description":"Il existe une opportunit\u00e9 de croissance pour les lampes frontales en raison d'un faible taux d'\u00e9quipement des foyers. Une proposition de valeur \u00e0 prix attractif pour encourager l'essai du produit. Les consommateurs soucieux de leur budget recherchent une lampe frontale de marque, abordable et d'une qualit\u00e9 fiable.","og_url":"https:\/\/eveready.com\/eu\/france\/product\/eveready-compact-headlamp\/","og_site_name":"Eveready France","article_modified_time":"2026-03-10T11:03:47+00:00","og_image":[{"width":800,"height":800,"url":"https:\/\/eveready.com\/eu\/france\/wp-content\/uploads\/sites\/3\/2025\/11\/Eveready\u00ae-COMPACT-HEADLAMP.png","type":"image\/png"}],"twitter_card":"summary_large_image","schema":{"@context":"https:\/\/schema.org","@graph":[{"@type":"WebPage","@id":"https:\/\/eveready.com\/eu\/france\/product\/eveready-compact-headlamp\/","url":"https:\/\/eveready.com\/eu\/france\/product\/eveready-compact-headlamp\/","name":"EVEREADY\u00ae LAMPE FRONTALE COMPACTE - Eveready France","isPartOf":{"@id":"https:\/\/eveready.com\/eu\/france\/#website"},"primaryImageOfPage":{"@id":"https:\/\/eveready.com\/eu\/france\/product\/eveready-compact-headlamp\/#primaryimage"},"image":{"@id":"https:\/\/eveready.com\/eu\/france\/product\/eveready-compact-headlamp\/#primaryimage"},"thumbnailUrl":"https:\/\/eveready.com\/eu\/france\/wp-content\/uploads\/sites\/3\/2025\/11\/Eveready\u00ae-COMPACT-HEADLAMP.png","datePublished":"2025-11-17T10:01:11+00:00","dateModified":"2026-03-10T11:03:47+00:00","breadcrumb":{"@id":"https:\/\/eveready.com\/eu\/france\/product\/eveready-compact-headlamp\/#breadcrumb"},"inLanguage":"en-US","potentialAction":[{"@type":"ReadAction","target":["https:\/\/eveready.com\/eu\/france\/product\/eveready-compact-headlamp\/"]}]},{"@type":"ImageObject","inLanguage":"en-US","@id":"https:\/\/eveready.com\/eu\/france\/product\/eveready-compact-headlamp\/#primaryimage","url":"https:\/\/eveready.com\/eu\/france\/wp-content\/uploads\/sites\/3\/2025\/11\/Eveready\u00ae-COMPACT-HEADLAMP.png","contentUrl":"https:\/\/eveready.com\/eu\/france\/wp-content\/uploads\/sites\/3\/2025\/11\/Eveready\u00ae-COMPACT-HEADLAMP.png","width":800,"height":800,"caption":"Eveready\u00ae COMPACT HEADLAMP"},{"@type":"BreadcrumbList","@id":"https:\/\/eveready.com\/eu\/france\/product\/eveready-compact-headlamp\/#breadcrumb","itemListElement":[{"@type":"ListItem","position":1,"name":"Home","item":"https:\/\/eveready.com\/eu\/france\/"},{"@type":"ListItem","position":2,"name":"Products","item":"https:\/\/eveready.com\/eu\/france\/shop\/"},{"@type":"ListItem","position":3,"name":"EVEREADY\u00ae LAMPE FRONTALE COMPACTE"}]},{"@type":"WebSite","@id":"https:\/\/eveready.com\/eu\/france\/#website","url":"https:\/\/eveready.com\/eu\/france\/","name":"Eveready France","description":"","publisher":{"@id":"https:\/\/eveready.com\/eu\/france\/#organization"},"potentialAction":[{"@type":"SearchAction","target":{"@type":"EntryPoint","urlTemplate":"https:\/\/eveready.com\/eu\/france\/?s={search_term_string}"},"query-input":{"@type":"PropertyValueSpecification","valueRequired":true,"valueName":"search_term_string"}}],"inLanguage":"en-US"},{"@type":"Organization","@id":"https:\/\/eveready.com\/eu\/france\/#organization","name":"Eveready France","url":"https:\/\/eveready.com\/eu\/france\/","logo":{"@type":"ImageObject","inLanguage":"en-US","@id":"https:\/\/eveready.com\/eu\/france\/#\/schema\/logo\/image\/","url":"https:\/\/eveready.com\/eu\/france\/wp-content\/uploads\/sites\/3\/2025\/08\/logo-eveready.png","contentUrl":"https:\/\/eveready.com\/eu\/france\/wp-content\/uploads\/sites\/3\/2025\/08\/logo-eveready.png","width":855,"height":220,"caption":"Eveready France"},"image":{"@id":"https:\/\/eveready.com\/eu\/france\/#\/schema\/logo\/image\/"}}]}},"acf":[],"_links":{"self":[{"href":"https:\/\/eveready.com\/eu\/france\/wp-json\/wp\/v2\/product\/4692","targetHints":{"allow":["GET"]}}],"collection":[{"href":"https:\/\/eveready.com\/eu\/france\/wp-json\/wp\/v2\/product"}],"about":[{"href":"https:\/\/eveready.com\/eu\/france\/wp-json\/wp\/v2\/types\/product"}],"replies":[{"embeddable":true,"href":"https:\/\/eveready.com\/eu\/france\/wp-json\/wp\/v2\/comments?post=4692"}],"wp:featuredmedia":[{"embeddable":true,"href":"https:\/\/eveready.com\/eu\/france\/wp-json\/wp\/v2\/media\/4693"}],"wp:attachment":[{"href":"https:\/\/eveready.com\/eu\/france\/wp-json\/wp\/v2\/media?parent=4692"}],"wp:term":[{"taxonomy":"product_brand","embeddable":true,"href":"https:\/\/eveready.com\/eu\/france\/wp-json\/wp\/v2\/product_brand?post=4692"},{"taxonomy":"product_cat","embeddable":true,"href":"https:\/\/eveready.com\/eu\/france\/wp-json\/wp\/v2\/product_cat?post=4692"},{"taxonomy":"product_tag","embeddable":true,"href":"https:\/\/eveready.com\/eu\/france\/wp-json\/wp\/v2\/product_tag?post=4692"}],"curies":[{"name":"wp","href":"https:\/\/api.w.org\/{rel}","templated":true}]}}