{"id":4186,"date":"2025-10-09T07:59:06","date_gmt":"2025-10-09T11:59:06","guid":{"rendered":"https:\/\/eveready.com\/eu\/germany\/?post_type=product&#038;p=4186"},"modified":"2026-03-16T06:37:03","modified_gmt":"2026-03-16T10:37:03","slug":"eveready-super-heavy-duty-aaa","status":"publish","type":"product","link":"https:\/\/eveready.com\/eu\/germany\/product\/eveready-super-heavy-duty-aaa\/","title":{"rendered":"EVEREADY\u00ae SUPER HEAVY DUTY\u2122 AAA"},"content":{"rendered":"<p><strong>Eigenschaften &amp; Vorteile<\/strong><\/p>\n<ul>\n<li>8er-Pack<\/li>\n<li>Der EVEREADY\u00ae Super Heavy Duty\u2122 Vorteil: Bew\u00e4hrte Qualit\u00e4t und ein attraktiver Preis f\u00fcr Familien und preisbewusste Kunden weltweit<\/li>\n<li>Mit EVEREADY\u00ae l\u00e4uft\u2019s!<\/li>\n<li>Gute Leistung zum attraktiven Preis<\/li>\n<li>Die kluge und bew\u00e4hrte Wahl f\u00fcr Familien<\/li>\n<li>Bis zu 3 Jahre lagerf\u00e4hig bei Lagerung<\/li>\n<li>Allgemeine Merkmale \u2013 Chemie: Zink-Mangandioxid (Zn\/MnO\u2082), auch bekannt als Zink-Kohle<\/li>\n<li>Ohne Zusatz von Quecksilber oder Cadmium. Ideal f\u00fcr: Ger\u00e4te mit geringem Energiebedarf (z. B. Laternen, Rauchmelder, Radios)<\/li>\n<li>Verf\u00fcgbare Gr\u00f6\u00dfen: AA, AAA, C und D<\/li>\n<li>Garantierter Auslaufschutz<\/li>\n<\/ul>\n","protected":false},"excerpt":{"rendered":"<p>EVEREADY\u00ae Super Heavy Duty\u2122 ist die preiswerte Zink-Kohle-L\u00f6sung f\u00fcr den t\u00e4glichen Grundbedarf Ihrer Familie. Die Marke EVEREADY\u00ae Super Heavy Duty\u2122 bietet ein vollst\u00e4ndiges Sortiment an AA-, AAA-, C- und D-Batterien. Sie sind die wirtschaftliche Wahl f\u00fcr Uhren, Taschenlampen, Radios und andere Ger\u00e4te mit geringem Energieverbrauch. Seit 1896 liefern EVEREADY\u00ae Batterien zuverl\u00e4ssige Energie f\u00fcr unterwegs \u2013 f\u00fcr jede Familie, \u00fcberall und jeden Tag. EVEREADY\u00ae f\u00fcr immer.<\/p>\n<p>* Bis zu 3 Jahre lagerf\u00e4hig<br \/>\n** Ohne Zusatz von Quecksilber oder Cadmium \u2013 Qualit\u00e4tssiegel f\u00fcr bew\u00e4hrte Power<br \/>\n* Basierend auf Standard-Leistungstests nach IEC<br \/>\n** Bei Nichtgebrauch<\/p>\n","protected":false},"featured_media":4191,"comment_status":"open","ping_status":"closed","template":"","meta":{"_acf_changed":false},"product_brand":[],"product_cat":[36,38],"product_tag":[],"class_list":{"0":"post-4186","1":"product","2":"type-product","3":"status-publish","4":"has-post-thumbnail","6":"product_cat-batteries","7":"product_cat-eveready-super-heavy-duty","9":"first","10":"instock","11":"shipping-taxable","12":"product-type-simple"},"yoast_head":"<!-- This site is optimized with the Yoast SEO plugin v27.4 - https:\/\/yoast.com\/product\/yoast-seo-wordpress\/ -->\n<title>EVEREADY\u00ae SUPER HEAVY DUTY\u2122 AAA - Eveready Germany<\/title>\n<meta name=\"robots\" content=\"index, follow, max-snippet:-1, max-image-preview:large, max-video-preview:-1\" \/>\n<link rel=\"canonical\" href=\"https:\/\/eveready.com\/eu\/germany\/product\/eveready-super-heavy-duty-aaa\/\" \/>\n<meta property=\"og:locale\" content=\"en_US\" \/>\n<meta property=\"og:type\" content=\"article\" \/>\n<meta property=\"og:title\" content=\"EVEREADY\u00ae SUPER HEAVY DUTY\u2122 AAA - Eveready Germany\" \/>\n<meta property=\"og:description\" content=\"EVEREADY\u00ae Super Heavy Duty\u2122 ist die preiswerte Zink-Kohle-L\u00f6sung f\u00fcr den t\u00e4glichen Grundbedarf Ihrer Familie. Die Marke EVEREADY\u00ae Super Heavy Duty\u2122 bietet ein vollst\u00e4ndiges Sortiment an AA-, AAA-, C- und D-Batterien. Sie sind die wirtschaftliche Wahl f\u00fcr Uhren, Taschenlampen, Radios und andere Ger\u00e4te mit geringem Energieverbrauch. Seit 1896 liefern EVEREADY\u00ae Batterien zuverl\u00e4ssige Energie f\u00fcr unterwegs \u2013 f\u00fcr jede Familie, \u00fcberall und jeden Tag. EVEREADY\u00ae f\u00fcr immer.  * Bis zu 3 Jahre lagerf\u00e4hig ** Ohne Zusatz von Quecksilber oder Cadmium \u2013 Qualit\u00e4tssiegel f\u00fcr bew\u00e4hrte Power * Basierend auf Standard-Leistungstests nach IEC ** Bei Nichtgebrauch\" \/>\n<meta property=\"og:url\" content=\"https:\/\/eveready.com\/eu\/germany\/product\/eveready-super-heavy-duty-aaa\/\" \/>\n<meta property=\"og:site_name\" content=\"Eveready Germany\" \/>\n<meta property=\"article:modified_time\" content=\"2026-03-16T10:37:03+00:00\" \/>\n<meta property=\"og:image\" content=\"https:\/\/eveready.com\/eu\/germany\/wp-content\/uploads\/sites\/11\/2025\/10\/Eveready\u00ae-Super-Heavey-Duty-AAA-8.png\" \/>\n\t<meta property=\"og:image:width\" content=\"800\" \/>\n\t<meta property=\"og:image:height\" content=\"800\" \/>\n\t<meta property=\"og:image:type\" content=\"image\/png\" \/>\n<meta name=\"twitter:card\" content=\"summary_large_image\" \/>\n<script type=\"application\/ld+json\" class=\"yoast-schema-graph\">{\"@context\":\"https:\\\/\\\/schema.org\",\"@graph\":[{\"@type\":\"WebPage\",\"@id\":\"https:\\\/\\\/eveready.com\\\/eu\\\/germany\\\/product\\\/eveready-super-heavy-duty-aaa\\\/\",\"url\":\"https:\\\/\\\/eveready.com\\\/eu\\\/germany\\\/product\\\/eveready-super-heavy-duty-aaa\\\/\",\"name\":\"EVEREADY\u00ae SUPER HEAVY DUTY\u2122 AAA - Eveready Germany\",\"isPartOf\":{\"@id\":\"https:\\\/\\\/eveready.com\\\/eu\\\/germany\\\/#website\"},\"primaryImageOfPage\":{\"@id\":\"https:\\\/\\\/eveready.com\\\/eu\\\/germany\\\/product\\\/eveready-super-heavy-duty-aaa\\\/#primaryimage\"},\"image\":{\"@id\":\"https:\\\/\\\/eveready.com\\\/eu\\\/germany\\\/product\\\/eveready-super-heavy-duty-aaa\\\/#primaryimage\"},\"thumbnailUrl\":\"https:\\\/\\\/eveready.com\\\/eu\\\/germany\\\/wp-content\\\/uploads\\\/sites\\\/11\\\/2025\\\/10\\\/Eveready\u00ae-Super-Heavey-Duty-AAA-8.png\",\"datePublished\":\"2025-10-09T11:59:06+00:00\",\"dateModified\":\"2026-03-16T10:37:03+00:00\",\"breadcrumb\":{\"@id\":\"https:\\\/\\\/eveready.com\\\/eu\\\/germany\\\/product\\\/eveready-super-heavy-duty-aaa\\\/#breadcrumb\"},\"inLanguage\":\"en-US\",\"potentialAction\":[{\"@type\":\"ReadAction\",\"target\":[\"https:\\\/\\\/eveready.com\\\/eu\\\/germany\\\/product\\\/eveready-super-heavy-duty-aaa\\\/\"]}]},{\"@type\":\"ImageObject\",\"inLanguage\":\"en-US\",\"@id\":\"https:\\\/\\\/eveready.com\\\/eu\\\/germany\\\/product\\\/eveready-super-heavy-duty-aaa\\\/#primaryimage\",\"url\":\"https:\\\/\\\/eveready.com\\\/eu\\\/germany\\\/wp-content\\\/uploads\\\/sites\\\/11\\\/2025\\\/10\\\/Eveready\u00ae-Super-Heavey-Duty-AAA-8.png\",\"contentUrl\":\"https:\\\/\\\/eveready.com\\\/eu\\\/germany\\\/wp-content\\\/uploads\\\/sites\\\/11\\\/2025\\\/10\\\/Eveready\u00ae-Super-Heavey-Duty-AAA-8.png\",\"width\":800,\"height\":800,\"caption\":\"*Eveready\u00ae Super Heavy Duty\u2122 AAA 8pack\"},{\"@type\":\"BreadcrumbList\",\"@id\":\"https:\\\/\\\/eveready.com\\\/eu\\\/germany\\\/product\\\/eveready-super-heavy-duty-aaa\\\/#breadcrumb\",\"itemListElement\":[{\"@type\":\"ListItem\",\"position\":1,\"name\":\"Home\",\"item\":\"https:\\\/\\\/eveready.com\\\/eu\\\/germany\\\/\"},{\"@type\":\"ListItem\",\"position\":2,\"name\":\"Products\",\"item\":\"https:\\\/\\\/eveready.com\\\/eu\\\/germany\\\/shop\\\/\"},{\"@type\":\"ListItem\",\"position\":3,\"name\":\"EVEREADY\u00ae SUPER HEAVY DUTY\u2122 AAA\"}]},{\"@type\":\"WebSite\",\"@id\":\"https:\\\/\\\/eveready.com\\\/eu\\\/germany\\\/#website\",\"url\":\"https:\\\/\\\/eveready.com\\\/eu\\\/germany\\\/\",\"name\":\"Eveready Germany\",\"description\":\"\",\"publisher\":{\"@id\":\"https:\\\/\\\/eveready.com\\\/eu\\\/germany\\\/#organization\"},\"potentialAction\":[{\"@type\":\"SearchAction\",\"target\":{\"@type\":\"EntryPoint\",\"urlTemplate\":\"https:\\\/\\\/eveready.com\\\/eu\\\/germany\\\/?s={search_term_string}\"},\"query-input\":{\"@type\":\"PropertyValueSpecification\",\"valueRequired\":true,\"valueName\":\"search_term_string\"}}],\"inLanguage\":\"en-US\"},{\"@type\":\"Organization\",\"@id\":\"https:\\\/\\\/eveready.com\\\/eu\\\/germany\\\/#organization\",\"name\":\"Eveready Germany\",\"url\":\"https:\\\/\\\/eveready.com\\\/eu\\\/germany\\\/\",\"logo\":{\"@type\":\"ImageObject\",\"inLanguage\":\"en-US\",\"@id\":\"https:\\\/\\\/eveready.com\\\/eu\\\/germany\\\/#\\\/schema\\\/logo\\\/image\\\/\",\"url\":\"https:\\\/\\\/eveready.com\\\/eu\\\/germany\\\/wp-content\\\/uploads\\\/sites\\\/11\\\/2025\\\/08\\\/logo-eveready.png\",\"contentUrl\":\"https:\\\/\\\/eveready.com\\\/eu\\\/germany\\\/wp-content\\\/uploads\\\/sites\\\/11\\\/2025\\\/08\\\/logo-eveready.png\",\"width\":855,\"height\":220,\"caption\":\"Eveready Germany\"},\"image\":{\"@id\":\"https:\\\/\\\/eveready.com\\\/eu\\\/germany\\\/#\\\/schema\\\/logo\\\/image\\\/\"}}]}<\/script>\n<!-- \/ Yoast SEO plugin. -->","yoast_head_json":{"title":"EVEREADY\u00ae SUPER HEAVY DUTY\u2122 AAA - Eveready Germany","robots":{"index":"index","follow":"follow","max-snippet":"max-snippet:-1","max-image-preview":"max-image-preview:large","max-video-preview":"max-video-preview:-1"},"canonical":"https:\/\/eveready.com\/eu\/germany\/product\/eveready-super-heavy-duty-aaa\/","og_locale":"en_US","og_type":"article","og_title":"EVEREADY\u00ae SUPER HEAVY DUTY\u2122 AAA - Eveready Germany","og_description":"EVEREADY\u00ae Super Heavy Duty\u2122 ist die preiswerte Zink-Kohle-L\u00f6sung f\u00fcr den t\u00e4glichen Grundbedarf Ihrer Familie. Die Marke EVEREADY\u00ae Super Heavy Duty\u2122 bietet ein vollst\u00e4ndiges Sortiment an AA-, AAA-, C- und D-Batterien. Sie sind die wirtschaftliche Wahl f\u00fcr Uhren, Taschenlampen, Radios und andere Ger\u00e4te mit geringem Energieverbrauch. Seit 1896 liefern EVEREADY\u00ae Batterien zuverl\u00e4ssige Energie f\u00fcr unterwegs \u2013 f\u00fcr jede Familie, \u00fcberall und jeden Tag. EVEREADY\u00ae f\u00fcr immer.  * Bis zu 3 Jahre lagerf\u00e4hig ** Ohne Zusatz von Quecksilber oder Cadmium \u2013 Qualit\u00e4tssiegel f\u00fcr bew\u00e4hrte Power * Basierend auf Standard-Leistungstests nach IEC ** Bei Nichtgebrauch","og_url":"https:\/\/eveready.com\/eu\/germany\/product\/eveready-super-heavy-duty-aaa\/","og_site_name":"Eveready Germany","article_modified_time":"2026-03-16T10:37:03+00:00","og_image":[{"width":800,"height":800,"url":"https:\/\/eveready.com\/eu\/germany\/wp-content\/uploads\/sites\/11\/2025\/10\/Eveready\u00ae-Super-Heavey-Duty-AAA-8.png","type":"image\/png"}],"twitter_card":"summary_large_image","schema":{"@context":"https:\/\/schema.org","@graph":[{"@type":"WebPage","@id":"https:\/\/eveready.com\/eu\/germany\/product\/eveready-super-heavy-duty-aaa\/","url":"https:\/\/eveready.com\/eu\/germany\/product\/eveready-super-heavy-duty-aaa\/","name":"EVEREADY\u00ae SUPER HEAVY DUTY\u2122 AAA - Eveready Germany","isPartOf":{"@id":"https:\/\/eveready.com\/eu\/germany\/#website"},"primaryImageOfPage":{"@id":"https:\/\/eveready.com\/eu\/germany\/product\/eveready-super-heavy-duty-aaa\/#primaryimage"},"image":{"@id":"https:\/\/eveready.com\/eu\/germany\/product\/eveready-super-heavy-duty-aaa\/#primaryimage"},"thumbnailUrl":"https:\/\/eveready.com\/eu\/germany\/wp-content\/uploads\/sites\/11\/2025\/10\/Eveready\u00ae-Super-Heavey-Duty-AAA-8.png","datePublished":"2025-10-09T11:59:06+00:00","dateModified":"2026-03-16T10:37:03+00:00","breadcrumb":{"@id":"https:\/\/eveready.com\/eu\/germany\/product\/eveready-super-heavy-duty-aaa\/#breadcrumb"},"inLanguage":"en-US","potentialAction":[{"@type":"ReadAction","target":["https:\/\/eveready.com\/eu\/germany\/product\/eveready-super-heavy-duty-aaa\/"]}]},{"@type":"ImageObject","inLanguage":"en-US","@id":"https:\/\/eveready.com\/eu\/germany\/product\/eveready-super-heavy-duty-aaa\/#primaryimage","url":"https:\/\/eveready.com\/eu\/germany\/wp-content\/uploads\/sites\/11\/2025\/10\/Eveready\u00ae-Super-Heavey-Duty-AAA-8.png","contentUrl":"https:\/\/eveready.com\/eu\/germany\/wp-content\/uploads\/sites\/11\/2025\/10\/Eveready\u00ae-Super-Heavey-Duty-AAA-8.png","width":800,"height":800,"caption":"*Eveready\u00ae Super Heavy Duty\u2122 AAA 8pack"},{"@type":"BreadcrumbList","@id":"https:\/\/eveready.com\/eu\/germany\/product\/eveready-super-heavy-duty-aaa\/#breadcrumb","itemListElement":[{"@type":"ListItem","position":1,"name":"Home","item":"https:\/\/eveready.com\/eu\/germany\/"},{"@type":"ListItem","position":2,"name":"Products","item":"https:\/\/eveready.com\/eu\/germany\/shop\/"},{"@type":"ListItem","position":3,"name":"EVEREADY\u00ae SUPER HEAVY DUTY\u2122 AAA"}]},{"@type":"WebSite","@id":"https:\/\/eveready.com\/eu\/germany\/#website","url":"https:\/\/eveready.com\/eu\/germany\/","name":"Eveready Germany","description":"","publisher":{"@id":"https:\/\/eveready.com\/eu\/germany\/#organization"},"potentialAction":[{"@type":"SearchAction","target":{"@type":"EntryPoint","urlTemplate":"https:\/\/eveready.com\/eu\/germany\/?s={search_term_string}"},"query-input":{"@type":"PropertyValueSpecification","valueRequired":true,"valueName":"search_term_string"}}],"inLanguage":"en-US"},{"@type":"Organization","@id":"https:\/\/eveready.com\/eu\/germany\/#organization","name":"Eveready Germany","url":"https:\/\/eveready.com\/eu\/germany\/","logo":{"@type":"ImageObject","inLanguage":"en-US","@id":"https:\/\/eveready.com\/eu\/germany\/#\/schema\/logo\/image\/","url":"https:\/\/eveready.com\/eu\/germany\/wp-content\/uploads\/sites\/11\/2025\/08\/logo-eveready.png","contentUrl":"https:\/\/eveready.com\/eu\/germany\/wp-content\/uploads\/sites\/11\/2025\/08\/logo-eveready.png","width":855,"height":220,"caption":"Eveready Germany"},"image":{"@id":"https:\/\/eveready.com\/eu\/germany\/#\/schema\/logo\/image\/"}}]}},"acf":[],"_links":{"self":[{"href":"https:\/\/eveready.com\/eu\/germany\/wp-json\/wp\/v2\/product\/4186","targetHints":{"allow":["GET"]}}],"collection":[{"href":"https:\/\/eveready.com\/eu\/germany\/wp-json\/wp\/v2\/product"}],"about":[{"href":"https:\/\/eveready.com\/eu\/germany\/wp-json\/wp\/v2\/types\/product"}],"replies":[{"embeddable":true,"href":"https:\/\/eveready.com\/eu\/germany\/wp-json\/wp\/v2\/comments?post=4186"}],"wp:featuredmedia":[{"embeddable":true,"href":"https:\/\/eveready.com\/eu\/germany\/wp-json\/wp\/v2\/media\/4191"}],"wp:attachment":[{"href":"https:\/\/eveready.com\/eu\/germany\/wp-json\/wp\/v2\/media?parent=4186"}],"wp:term":[{"taxonomy":"product_brand","embeddable":true,"href":"https:\/\/eveready.com\/eu\/germany\/wp-json\/wp\/v2\/product_brand?post=4186"},{"taxonomy":"product_cat","embeddable":true,"href":"https:\/\/eveready.com\/eu\/germany\/wp-json\/wp\/v2\/product_cat?post=4186"},{"taxonomy":"product_tag","embeddable":true,"href":"https:\/\/eveready.com\/eu\/germany\/wp-json\/wp\/v2\/product_tag?post=4186"}],"curies":[{"name":"wp","href":"https:\/\/api.w.org\/{rel}","templated":true}]}}