{"id":4282,"date":"2025-10-10T04:53:50","date_gmt":"2025-10-10T08:53:50","guid":{"rendered":"https:\/\/eveready.com\/eu\/germany\/?post_type=product&#038;p=4282"},"modified":"2026-03-16T07:48:45","modified_gmt":"2026-03-16T11:48:45","slug":"eveready-value-rechargable-200","status":"publish","type":"product","link":"https:\/\/eveready.com\/eu\/germany\/product\/eveready-value-rechargable-200\/","title":{"rendered":"EVEREADY\u00ae VALUE RECHARGABLE 200 \u2013 AKKU-STIRNLAMPE"},"content":{"rendered":"<p><strong>Eigenschaften &amp; Vorteile<\/strong><\/p>\n<ul>\n<li style=\"text-align: left;\">Eveready\u00ae LED-Akku-Stirnlampe, 200 Lumen, IPX4 spritzwassergesch\u00fctzt<\/li>\n<li style=\"text-align: left;\">200 Lumen Leuchtkraft<\/li>\n<li style=\"text-align: left;\">3 Modi: Hoch, Niedrig, Rotlicht<\/li>\n<li style=\"text-align: left;\">2 Stunden Laufzeit<\/li>\n<li style=\"text-align: left;\">50 m Leuchtweite<\/li>\n<li style=\"text-align: left;\">IPX4 spritzwassergesch\u00fctzt<\/li>\n<\/ul>\n","protected":false},"excerpt":{"rendered":"<p>Eveready\u00ae Value Akku-Stirnlampe: Kompakt, komfortabel, zuverl\u00e4ssig und einfach zu bedienen \u2013 diese Akku-Stirnlampe ist die intelligente, freih\u00e4ndige L\u00f6sung f\u00fcr alle Aktivit\u00e4ten im Innen- und Au\u00dfenbereich. Dank ihres schlanken Designs ist sie ideal f\u00fcr Outdoor-Aktivit\u00e4ten geeignet, w\u00e4hrend ihre starke Leuchtkraft perfekt f\u00fcr jedes Indoor- oder Heimwerker-Projekt ist. Diese Leuchte verf\u00fcgt \u00fcber drei Lichtmodi (Hoch, Niedrig, Rotlicht) und wird inklusive Akku sowie Micro-USB-Ladekabel geliefert. Sobald die Energie zur Neige geht, kann sie einfach \u00fcber eine Powerbank, ein Kfz-Ladeger\u00e4t oder eine andere USB-Stromquelle aufgeladen werden \u2013 es m\u00fcssen keine zus\u00e4tzlichen Batterien gekauft werden. Die robuste Bauweise und das verstellbare Kopfband machen sie zu einer vielseitigen und verl\u00e4sslichen Wahl.<\/p>\n","protected":false},"featured_media":4278,"comment_status":"open","ping_status":"closed","template":"","meta":{"_acf_changed":false},"product_brand":[],"product_cat":[62,39],"product_tag":[],"class_list":{"0":"post-4282","1":"product","2":"type-product","3":"status-publish","4":"has-post-thumbnail","6":"product_cat-hands-free","7":"product_cat-lighting","9":"first","10":"instock","11":"shipping-taxable","12":"product-type-simple"},"yoast_head":"<!-- This site is optimized with the Yoast SEO plugin v27.4 - https:\/\/yoast.com\/product\/yoast-seo-wordpress\/ -->\n<title>EVEREADY\u00ae VALUE RECHARGABLE 200 \u2013 AKKU-STIRNLAMPE - Eveready Germany<\/title>\n<meta name=\"robots\" content=\"index, follow, max-snippet:-1, max-image-preview:large, max-video-preview:-1\" \/>\n<link rel=\"canonical\" href=\"https:\/\/eveready.com\/eu\/germany\/product\/eveready-value-rechargable-200\/\" \/>\n<meta property=\"og:locale\" content=\"en_US\" \/>\n<meta property=\"og:type\" content=\"article\" \/>\n<meta property=\"og:title\" content=\"EVEREADY\u00ae VALUE RECHARGABLE 200 \u2013 AKKU-STIRNLAMPE - Eveready Germany\" \/>\n<meta property=\"og:description\" content=\"Eveready\u00ae Value Akku-Stirnlampe: Kompakt, komfortabel, zuverl\u00e4ssig und einfach zu bedienen \u2013 diese Akku-Stirnlampe ist die intelligente, freih\u00e4ndige L\u00f6sung f\u00fcr alle Aktivit\u00e4ten im Innen- und Au\u00dfenbereich. Dank ihres schlanken Designs ist sie ideal f\u00fcr Outdoor-Aktivit\u00e4ten geeignet, w\u00e4hrend ihre starke Leuchtkraft perfekt f\u00fcr jedes Indoor- oder Heimwerker-Projekt ist. Diese Leuchte verf\u00fcgt \u00fcber drei Lichtmodi (Hoch, Niedrig, Rotlicht) und wird inklusive Akku sowie Micro-USB-Ladekabel geliefert. Sobald die Energie zur Neige geht, kann sie einfach \u00fcber eine Powerbank, ein Kfz-Ladeger\u00e4t oder eine andere USB-Stromquelle aufgeladen werden \u2013 es m\u00fcssen keine zus\u00e4tzlichen Batterien gekauft werden. Die robuste Bauweise und das verstellbare Kopfband machen sie zu einer vielseitigen und verl\u00e4sslichen Wahl.\" \/>\n<meta property=\"og:url\" content=\"https:\/\/eveready.com\/eu\/germany\/product\/eveready-value-rechargable-200\/\" \/>\n<meta property=\"og:site_name\" content=\"Eveready Germany\" \/>\n<meta property=\"article:modified_time\" content=\"2026-03-16T11:48:45+00:00\" \/>\n<meta property=\"og:image\" content=\"https:\/\/eveready.com\/eu\/germany\/wp-content\/uploads\/sites\/11\/2025\/10\/Eveready\u00ae-VALUE-RECHARGABLE-200.png\" \/>\n\t<meta property=\"og:image:width\" content=\"800\" \/>\n\t<meta property=\"og:image:height\" content=\"800\" \/>\n\t<meta property=\"og:image:type\" content=\"image\/png\" \/>\n<meta name=\"twitter:card\" content=\"summary_large_image\" \/>\n<script type=\"application\/ld+json\" class=\"yoast-schema-graph\">{\"@context\":\"https:\\\/\\\/schema.org\",\"@graph\":[{\"@type\":\"WebPage\",\"@id\":\"https:\\\/\\\/eveready.com\\\/eu\\\/germany\\\/product\\\/eveready-value-rechargable-200\\\/\",\"url\":\"https:\\\/\\\/eveready.com\\\/eu\\\/germany\\\/product\\\/eveready-value-rechargable-200\\\/\",\"name\":\"EVEREADY\u00ae VALUE RECHARGABLE 200 \u2013 AKKU-STIRNLAMPE - Eveready Germany\",\"isPartOf\":{\"@id\":\"https:\\\/\\\/eveready.com\\\/eu\\\/germany\\\/#website\"},\"primaryImageOfPage\":{\"@id\":\"https:\\\/\\\/eveready.com\\\/eu\\\/germany\\\/product\\\/eveready-value-rechargable-200\\\/#primaryimage\"},\"image\":{\"@id\":\"https:\\\/\\\/eveready.com\\\/eu\\\/germany\\\/product\\\/eveready-value-rechargable-200\\\/#primaryimage\"},\"thumbnailUrl\":\"https:\\\/\\\/eveready.com\\\/eu\\\/germany\\\/wp-content\\\/uploads\\\/sites\\\/11\\\/2025\\\/10\\\/Eveready\u00ae-VALUE-RECHARGABLE-200.png\",\"datePublished\":\"2025-10-10T08:53:50+00:00\",\"dateModified\":\"2026-03-16T11:48:45+00:00\",\"breadcrumb\":{\"@id\":\"https:\\\/\\\/eveready.com\\\/eu\\\/germany\\\/product\\\/eveready-value-rechargable-200\\\/#breadcrumb\"},\"inLanguage\":\"en-US\",\"potentialAction\":[{\"@type\":\"ReadAction\",\"target\":[\"https:\\\/\\\/eveready.com\\\/eu\\\/germany\\\/product\\\/eveready-value-rechargable-200\\\/\"]}]},{\"@type\":\"ImageObject\",\"inLanguage\":\"en-US\",\"@id\":\"https:\\\/\\\/eveready.com\\\/eu\\\/germany\\\/product\\\/eveready-value-rechargable-200\\\/#primaryimage\",\"url\":\"https:\\\/\\\/eveready.com\\\/eu\\\/germany\\\/wp-content\\\/uploads\\\/sites\\\/11\\\/2025\\\/10\\\/Eveready\u00ae-VALUE-RECHARGABLE-200.png\",\"contentUrl\":\"https:\\\/\\\/eveready.com\\\/eu\\\/germany\\\/wp-content\\\/uploads\\\/sites\\\/11\\\/2025\\\/10\\\/Eveready\u00ae-VALUE-RECHARGABLE-200.png\",\"width\":800,\"height\":800},{\"@type\":\"BreadcrumbList\",\"@id\":\"https:\\\/\\\/eveready.com\\\/eu\\\/germany\\\/product\\\/eveready-value-rechargable-200\\\/#breadcrumb\",\"itemListElement\":[{\"@type\":\"ListItem\",\"position\":1,\"name\":\"Home\",\"item\":\"https:\\\/\\\/eveready.com\\\/eu\\\/germany\\\/\"},{\"@type\":\"ListItem\",\"position\":2,\"name\":\"Products\",\"item\":\"https:\\\/\\\/eveready.com\\\/eu\\\/germany\\\/shop\\\/\"},{\"@type\":\"ListItem\",\"position\":3,\"name\":\"EVEREADY\u00ae VALUE RECHARGABLE 200 \u2013 AKKU-STIRNLAMPE\"}]},{\"@type\":\"WebSite\",\"@id\":\"https:\\\/\\\/eveready.com\\\/eu\\\/germany\\\/#website\",\"url\":\"https:\\\/\\\/eveready.com\\\/eu\\\/germany\\\/\",\"name\":\"Eveready Germany\",\"description\":\"\",\"publisher\":{\"@id\":\"https:\\\/\\\/eveready.com\\\/eu\\\/germany\\\/#organization\"},\"potentialAction\":[{\"@type\":\"SearchAction\",\"target\":{\"@type\":\"EntryPoint\",\"urlTemplate\":\"https:\\\/\\\/eveready.com\\\/eu\\\/germany\\\/?s={search_term_string}\"},\"query-input\":{\"@type\":\"PropertyValueSpecification\",\"valueRequired\":true,\"valueName\":\"search_term_string\"}}],\"inLanguage\":\"en-US\"},{\"@type\":\"Organization\",\"@id\":\"https:\\\/\\\/eveready.com\\\/eu\\\/germany\\\/#organization\",\"name\":\"Eveready Germany\",\"url\":\"https:\\\/\\\/eveready.com\\\/eu\\\/germany\\\/\",\"logo\":{\"@type\":\"ImageObject\",\"inLanguage\":\"en-US\",\"@id\":\"https:\\\/\\\/eveready.com\\\/eu\\\/germany\\\/#\\\/schema\\\/logo\\\/image\\\/\",\"url\":\"https:\\\/\\\/eveready.com\\\/eu\\\/germany\\\/wp-content\\\/uploads\\\/sites\\\/11\\\/2025\\\/08\\\/logo-eveready.png\",\"contentUrl\":\"https:\\\/\\\/eveready.com\\\/eu\\\/germany\\\/wp-content\\\/uploads\\\/sites\\\/11\\\/2025\\\/08\\\/logo-eveready.png\",\"width\":855,\"height\":220,\"caption\":\"Eveready Germany\"},\"image\":{\"@id\":\"https:\\\/\\\/eveready.com\\\/eu\\\/germany\\\/#\\\/schema\\\/logo\\\/image\\\/\"}}]}<\/script>\n<!-- \/ Yoast SEO plugin. -->","yoast_head_json":{"title":"EVEREADY\u00ae VALUE RECHARGABLE 200 \u2013 AKKU-STIRNLAMPE - Eveready Germany","robots":{"index":"index","follow":"follow","max-snippet":"max-snippet:-1","max-image-preview":"max-image-preview:large","max-video-preview":"max-video-preview:-1"},"canonical":"https:\/\/eveready.com\/eu\/germany\/product\/eveready-value-rechargable-200\/","og_locale":"en_US","og_type":"article","og_title":"EVEREADY\u00ae VALUE RECHARGABLE 200 \u2013 AKKU-STIRNLAMPE - Eveready Germany","og_description":"Eveready\u00ae Value Akku-Stirnlampe: Kompakt, komfortabel, zuverl\u00e4ssig und einfach zu bedienen \u2013 diese Akku-Stirnlampe ist die intelligente, freih\u00e4ndige L\u00f6sung f\u00fcr alle Aktivit\u00e4ten im Innen- und Au\u00dfenbereich. Dank ihres schlanken Designs ist sie ideal f\u00fcr Outdoor-Aktivit\u00e4ten geeignet, w\u00e4hrend ihre starke Leuchtkraft perfekt f\u00fcr jedes Indoor- oder Heimwerker-Projekt ist. Diese Leuchte verf\u00fcgt \u00fcber drei Lichtmodi (Hoch, Niedrig, Rotlicht) und wird inklusive Akku sowie Micro-USB-Ladekabel geliefert. Sobald die Energie zur Neige geht, kann sie einfach \u00fcber eine Powerbank, ein Kfz-Ladeger\u00e4t oder eine andere USB-Stromquelle aufgeladen werden \u2013 es m\u00fcssen keine zus\u00e4tzlichen Batterien gekauft werden. Die robuste Bauweise und das verstellbare Kopfband machen sie zu einer vielseitigen und verl\u00e4sslichen Wahl.","og_url":"https:\/\/eveready.com\/eu\/germany\/product\/eveready-value-rechargable-200\/","og_site_name":"Eveready Germany","article_modified_time":"2026-03-16T11:48:45+00:00","og_image":[{"width":800,"height":800,"url":"https:\/\/eveready.com\/eu\/germany\/wp-content\/uploads\/sites\/11\/2025\/10\/Eveready\u00ae-VALUE-RECHARGABLE-200.png","type":"image\/png"}],"twitter_card":"summary_large_image","schema":{"@context":"https:\/\/schema.org","@graph":[{"@type":"WebPage","@id":"https:\/\/eveready.com\/eu\/germany\/product\/eveready-value-rechargable-200\/","url":"https:\/\/eveready.com\/eu\/germany\/product\/eveready-value-rechargable-200\/","name":"EVEREADY\u00ae VALUE RECHARGABLE 200 \u2013 AKKU-STIRNLAMPE - Eveready Germany","isPartOf":{"@id":"https:\/\/eveready.com\/eu\/germany\/#website"},"primaryImageOfPage":{"@id":"https:\/\/eveready.com\/eu\/germany\/product\/eveready-value-rechargable-200\/#primaryimage"},"image":{"@id":"https:\/\/eveready.com\/eu\/germany\/product\/eveready-value-rechargable-200\/#primaryimage"},"thumbnailUrl":"https:\/\/eveready.com\/eu\/germany\/wp-content\/uploads\/sites\/11\/2025\/10\/Eveready\u00ae-VALUE-RECHARGABLE-200.png","datePublished":"2025-10-10T08:53:50+00:00","dateModified":"2026-03-16T11:48:45+00:00","breadcrumb":{"@id":"https:\/\/eveready.com\/eu\/germany\/product\/eveready-value-rechargable-200\/#breadcrumb"},"inLanguage":"en-US","potentialAction":[{"@type":"ReadAction","target":["https:\/\/eveready.com\/eu\/germany\/product\/eveready-value-rechargable-200\/"]}]},{"@type":"ImageObject","inLanguage":"en-US","@id":"https:\/\/eveready.com\/eu\/germany\/product\/eveready-value-rechargable-200\/#primaryimage","url":"https:\/\/eveready.com\/eu\/germany\/wp-content\/uploads\/sites\/11\/2025\/10\/Eveready\u00ae-VALUE-RECHARGABLE-200.png","contentUrl":"https:\/\/eveready.com\/eu\/germany\/wp-content\/uploads\/sites\/11\/2025\/10\/Eveready\u00ae-VALUE-RECHARGABLE-200.png","width":800,"height":800},{"@type":"BreadcrumbList","@id":"https:\/\/eveready.com\/eu\/germany\/product\/eveready-value-rechargable-200\/#breadcrumb","itemListElement":[{"@type":"ListItem","position":1,"name":"Home","item":"https:\/\/eveready.com\/eu\/germany\/"},{"@type":"ListItem","position":2,"name":"Products","item":"https:\/\/eveready.com\/eu\/germany\/shop\/"},{"@type":"ListItem","position":3,"name":"EVEREADY\u00ae VALUE RECHARGABLE 200 \u2013 AKKU-STIRNLAMPE"}]},{"@type":"WebSite","@id":"https:\/\/eveready.com\/eu\/germany\/#website","url":"https:\/\/eveready.com\/eu\/germany\/","name":"Eveready Germany","description":"","publisher":{"@id":"https:\/\/eveready.com\/eu\/germany\/#organization"},"potentialAction":[{"@type":"SearchAction","target":{"@type":"EntryPoint","urlTemplate":"https:\/\/eveready.com\/eu\/germany\/?s={search_term_string}"},"query-input":{"@type":"PropertyValueSpecification","valueRequired":true,"valueName":"search_term_string"}}],"inLanguage":"en-US"},{"@type":"Organization","@id":"https:\/\/eveready.com\/eu\/germany\/#organization","name":"Eveready Germany","url":"https:\/\/eveready.com\/eu\/germany\/","logo":{"@type":"ImageObject","inLanguage":"en-US","@id":"https:\/\/eveready.com\/eu\/germany\/#\/schema\/logo\/image\/","url":"https:\/\/eveready.com\/eu\/germany\/wp-content\/uploads\/sites\/11\/2025\/08\/logo-eveready.png","contentUrl":"https:\/\/eveready.com\/eu\/germany\/wp-content\/uploads\/sites\/11\/2025\/08\/logo-eveready.png","width":855,"height":220,"caption":"Eveready Germany"},"image":{"@id":"https:\/\/eveready.com\/eu\/germany\/#\/schema\/logo\/image\/"}}]}},"acf":[],"_links":{"self":[{"href":"https:\/\/eveready.com\/eu\/germany\/wp-json\/wp\/v2\/product\/4282","targetHints":{"allow":["GET"]}}],"collection":[{"href":"https:\/\/eveready.com\/eu\/germany\/wp-json\/wp\/v2\/product"}],"about":[{"href":"https:\/\/eveready.com\/eu\/germany\/wp-json\/wp\/v2\/types\/product"}],"replies":[{"embeddable":true,"href":"https:\/\/eveready.com\/eu\/germany\/wp-json\/wp\/v2\/comments?post=4282"}],"wp:featuredmedia":[{"embeddable":true,"href":"https:\/\/eveready.com\/eu\/germany\/wp-json\/wp\/v2\/media\/4278"}],"wp:attachment":[{"href":"https:\/\/eveready.com\/eu\/germany\/wp-json\/wp\/v2\/media?parent=4282"}],"wp:term":[{"taxonomy":"product_brand","embeddable":true,"href":"https:\/\/eveready.com\/eu\/germany\/wp-json\/wp\/v2\/product_brand?post=4282"},{"taxonomy":"product_cat","embeddable":true,"href":"https:\/\/eveready.com\/eu\/germany\/wp-json\/wp\/v2\/product_cat?post=4282"},{"taxonomy":"product_tag","embeddable":true,"href":"https:\/\/eveready.com\/eu\/germany\/wp-json\/wp\/v2\/product_tag?post=4282"}],"curies":[{"name":"wp","href":"https:\/\/api.w.org\/{rel}","templated":true}]}}