{"id":4694,"date":"2025-11-17T05:12:07","date_gmt":"2025-11-17T10:12:07","guid":{"rendered":"https:\/\/eveready.com\/eu\/germany\/?post_type=product&#038;p=4694"},"modified":"2026-03-16T07:36:12","modified_gmt":"2026-03-16T11:36:12","slug":"eveready-floating-flashlight","status":"publish","type":"product","link":"https:\/\/eveready.com\/eu\/germany\/product\/eveready-floating-flashlight\/","title":{"rendered":"Eveready\u00ae FLOATING FLASHLIGHT"},"content":{"rendered":"<p><strong>Eigenschaften &amp; Vorteile<\/strong><\/p>\n<ul>\n<li>Schwimmf\u00e4hig<\/li>\n<li>Wasserdicht<\/li>\n<li>Reflektierende Fl\u00e4chen f\u00fcr hohe Sichtbarkeit<\/li>\n<li>Kompakt &amp; leicht<\/li>\n<li>Robust &amp; langlebig<\/li>\n<li>Extra lange Laufzeit<\/li>\n<\/ul>\n","protected":false},"excerpt":{"rendered":"<p>Taschenlampen stellen das gr\u00f6\u00dfte und am schnellsten wachsende Segment in der Kategorie \u201eTragbare Beleuchtung\u201c dar. Preisbewusste Kunden suchen gezielt nach schwimmf\u00e4higen und wasserdichten Leuchten \u2013 insbesondere in K\u00fcstenregionen, die h\u00e4ufig von St\u00fcrmen und \u00dcberschwemmungen betroffen sind.<\/p>\n","protected":false},"featured_media":4695,"comment_status":"open","ping_status":"closed","template":"","meta":{"_acf_changed":false},"product_brand":[],"product_cat":[40,39],"product_tag":[],"class_list":{"0":"post-4694","1":"product","2":"type-product","3":"status-publish","4":"has-post-thumbnail","6":"product_cat-handheld-lights","7":"product_cat-lighting","9":"first","10":"instock","11":"shipping-taxable","12":"product-type-simple"},"yoast_head":"<!-- This site is optimized with the Yoast SEO plugin v27.4 - https:\/\/yoast.com\/product\/yoast-seo-wordpress\/ -->\n<title>Eveready\u00ae FLOATING FLASHLIGHT - Eveready Germany<\/title>\n<meta name=\"robots\" content=\"index, follow, max-snippet:-1, max-image-preview:large, max-video-preview:-1\" \/>\n<link rel=\"canonical\" href=\"https:\/\/eveready.com\/eu\/germany\/product\/eveready-floating-flashlight\/\" \/>\n<meta property=\"og:locale\" content=\"en_US\" \/>\n<meta property=\"og:type\" content=\"article\" \/>\n<meta property=\"og:title\" content=\"Eveready\u00ae FLOATING FLASHLIGHT - Eveready Germany\" \/>\n<meta property=\"og:description\" content=\"Taschenlampen stellen das gr\u00f6\u00dfte und am schnellsten wachsende Segment in der Kategorie \u201eTragbare Beleuchtung\u201c dar. Preisbewusste Kunden suchen gezielt nach schwimmf\u00e4higen und wasserdichten Leuchten \u2013 insbesondere in K\u00fcstenregionen, die h\u00e4ufig von St\u00fcrmen und \u00dcberschwemmungen betroffen sind.\" \/>\n<meta property=\"og:url\" content=\"https:\/\/eveready.com\/eu\/germany\/product\/eveready-floating-flashlight\/\" \/>\n<meta property=\"og:site_name\" content=\"Eveready Germany\" \/>\n<meta property=\"article:modified_time\" content=\"2026-03-16T11:36:12+00:00\" \/>\n<meta property=\"og:image\" content=\"https:\/\/eveready.com\/eu\/germany\/wp-content\/uploads\/sites\/11\/2025\/11\/Eveready\u00ae-FLOATING-FLASHLIGHT.png\" \/>\n\t<meta property=\"og:image:width\" content=\"800\" \/>\n\t<meta property=\"og:image:height\" content=\"800\" \/>\n\t<meta property=\"og:image:type\" content=\"image\/png\" \/>\n<meta name=\"twitter:card\" content=\"summary_large_image\" \/>\n<script type=\"application\/ld+json\" class=\"yoast-schema-graph\">{\"@context\":\"https:\\\/\\\/schema.org\",\"@graph\":[{\"@type\":\"WebPage\",\"@id\":\"https:\\\/\\\/eveready.com\\\/eu\\\/germany\\\/product\\\/eveready-floating-flashlight\\\/\",\"url\":\"https:\\\/\\\/eveready.com\\\/eu\\\/germany\\\/product\\\/eveready-floating-flashlight\\\/\",\"name\":\"Eveready\u00ae FLOATING FLASHLIGHT - Eveready Germany\",\"isPartOf\":{\"@id\":\"https:\\\/\\\/eveready.com\\\/eu\\\/germany\\\/#website\"},\"primaryImageOfPage\":{\"@id\":\"https:\\\/\\\/eveready.com\\\/eu\\\/germany\\\/product\\\/eveready-floating-flashlight\\\/#primaryimage\"},\"image\":{\"@id\":\"https:\\\/\\\/eveready.com\\\/eu\\\/germany\\\/product\\\/eveready-floating-flashlight\\\/#primaryimage\"},\"thumbnailUrl\":\"https:\\\/\\\/eveready.com\\\/eu\\\/germany\\\/wp-content\\\/uploads\\\/sites\\\/11\\\/2025\\\/11\\\/Eveready\u00ae-FLOATING-FLASHLIGHT.png\",\"datePublished\":\"2025-11-17T10:12:07+00:00\",\"dateModified\":\"2026-03-16T11:36:12+00:00\",\"breadcrumb\":{\"@id\":\"https:\\\/\\\/eveready.com\\\/eu\\\/germany\\\/product\\\/eveready-floating-flashlight\\\/#breadcrumb\"},\"inLanguage\":\"en-US\",\"potentialAction\":[{\"@type\":\"ReadAction\",\"target\":[\"https:\\\/\\\/eveready.com\\\/eu\\\/germany\\\/product\\\/eveready-floating-flashlight\\\/\"]}]},{\"@type\":\"ImageObject\",\"inLanguage\":\"en-US\",\"@id\":\"https:\\\/\\\/eveready.com\\\/eu\\\/germany\\\/product\\\/eveready-floating-flashlight\\\/#primaryimage\",\"url\":\"https:\\\/\\\/eveready.com\\\/eu\\\/germany\\\/wp-content\\\/uploads\\\/sites\\\/11\\\/2025\\\/11\\\/Eveready\u00ae-FLOATING-FLASHLIGHT.png\",\"contentUrl\":\"https:\\\/\\\/eveready.com\\\/eu\\\/germany\\\/wp-content\\\/uploads\\\/sites\\\/11\\\/2025\\\/11\\\/Eveready\u00ae-FLOATING-FLASHLIGHT.png\",\"width\":800,\"height\":800},{\"@type\":\"BreadcrumbList\",\"@id\":\"https:\\\/\\\/eveready.com\\\/eu\\\/germany\\\/product\\\/eveready-floating-flashlight\\\/#breadcrumb\",\"itemListElement\":[{\"@type\":\"ListItem\",\"position\":1,\"name\":\"Home\",\"item\":\"https:\\\/\\\/eveready.com\\\/eu\\\/germany\\\/\"},{\"@type\":\"ListItem\",\"position\":2,\"name\":\"Products\",\"item\":\"https:\\\/\\\/eveready.com\\\/eu\\\/germany\\\/shop\\\/\"},{\"@type\":\"ListItem\",\"position\":3,\"name\":\"Eveready\u00ae FLOATING FLASHLIGHT\"}]},{\"@type\":\"WebSite\",\"@id\":\"https:\\\/\\\/eveready.com\\\/eu\\\/germany\\\/#website\",\"url\":\"https:\\\/\\\/eveready.com\\\/eu\\\/germany\\\/\",\"name\":\"Eveready Germany\",\"description\":\"\",\"publisher\":{\"@id\":\"https:\\\/\\\/eveready.com\\\/eu\\\/germany\\\/#organization\"},\"potentialAction\":[{\"@type\":\"SearchAction\",\"target\":{\"@type\":\"EntryPoint\",\"urlTemplate\":\"https:\\\/\\\/eveready.com\\\/eu\\\/germany\\\/?s={search_term_string}\"},\"query-input\":{\"@type\":\"PropertyValueSpecification\",\"valueRequired\":true,\"valueName\":\"search_term_string\"}}],\"inLanguage\":\"en-US\"},{\"@type\":\"Organization\",\"@id\":\"https:\\\/\\\/eveready.com\\\/eu\\\/germany\\\/#organization\",\"name\":\"Eveready Germany\",\"url\":\"https:\\\/\\\/eveready.com\\\/eu\\\/germany\\\/\",\"logo\":{\"@type\":\"ImageObject\",\"inLanguage\":\"en-US\",\"@id\":\"https:\\\/\\\/eveready.com\\\/eu\\\/germany\\\/#\\\/schema\\\/logo\\\/image\\\/\",\"url\":\"https:\\\/\\\/eveready.com\\\/eu\\\/germany\\\/wp-content\\\/uploads\\\/sites\\\/11\\\/2025\\\/08\\\/logo-eveready.png\",\"contentUrl\":\"https:\\\/\\\/eveready.com\\\/eu\\\/germany\\\/wp-content\\\/uploads\\\/sites\\\/11\\\/2025\\\/08\\\/logo-eveready.png\",\"width\":855,\"height\":220,\"caption\":\"Eveready Germany\"},\"image\":{\"@id\":\"https:\\\/\\\/eveready.com\\\/eu\\\/germany\\\/#\\\/schema\\\/logo\\\/image\\\/\"}}]}<\/script>\n<!-- \/ Yoast SEO plugin. -->","yoast_head_json":{"title":"Eveready\u00ae FLOATING FLASHLIGHT - Eveready Germany","robots":{"index":"index","follow":"follow","max-snippet":"max-snippet:-1","max-image-preview":"max-image-preview:large","max-video-preview":"max-video-preview:-1"},"canonical":"https:\/\/eveready.com\/eu\/germany\/product\/eveready-floating-flashlight\/","og_locale":"en_US","og_type":"article","og_title":"Eveready\u00ae FLOATING FLASHLIGHT - Eveready Germany","og_description":"Taschenlampen stellen das gr\u00f6\u00dfte und am schnellsten wachsende Segment in der Kategorie \u201eTragbare Beleuchtung\u201c dar. Preisbewusste Kunden suchen gezielt nach schwimmf\u00e4higen und wasserdichten Leuchten \u2013 insbesondere in K\u00fcstenregionen, die h\u00e4ufig von St\u00fcrmen und \u00dcberschwemmungen betroffen sind.","og_url":"https:\/\/eveready.com\/eu\/germany\/product\/eveready-floating-flashlight\/","og_site_name":"Eveready Germany","article_modified_time":"2026-03-16T11:36:12+00:00","og_image":[{"width":800,"height":800,"url":"https:\/\/eveready.com\/eu\/germany\/wp-content\/uploads\/sites\/11\/2025\/11\/Eveready\u00ae-FLOATING-FLASHLIGHT.png","type":"image\/png"}],"twitter_card":"summary_large_image","schema":{"@context":"https:\/\/schema.org","@graph":[{"@type":"WebPage","@id":"https:\/\/eveready.com\/eu\/germany\/product\/eveready-floating-flashlight\/","url":"https:\/\/eveready.com\/eu\/germany\/product\/eveready-floating-flashlight\/","name":"Eveready\u00ae FLOATING FLASHLIGHT - Eveready Germany","isPartOf":{"@id":"https:\/\/eveready.com\/eu\/germany\/#website"},"primaryImageOfPage":{"@id":"https:\/\/eveready.com\/eu\/germany\/product\/eveready-floating-flashlight\/#primaryimage"},"image":{"@id":"https:\/\/eveready.com\/eu\/germany\/product\/eveready-floating-flashlight\/#primaryimage"},"thumbnailUrl":"https:\/\/eveready.com\/eu\/germany\/wp-content\/uploads\/sites\/11\/2025\/11\/Eveready\u00ae-FLOATING-FLASHLIGHT.png","datePublished":"2025-11-17T10:12:07+00:00","dateModified":"2026-03-16T11:36:12+00:00","breadcrumb":{"@id":"https:\/\/eveready.com\/eu\/germany\/product\/eveready-floating-flashlight\/#breadcrumb"},"inLanguage":"en-US","potentialAction":[{"@type":"ReadAction","target":["https:\/\/eveready.com\/eu\/germany\/product\/eveready-floating-flashlight\/"]}]},{"@type":"ImageObject","inLanguage":"en-US","@id":"https:\/\/eveready.com\/eu\/germany\/product\/eveready-floating-flashlight\/#primaryimage","url":"https:\/\/eveready.com\/eu\/germany\/wp-content\/uploads\/sites\/11\/2025\/11\/Eveready\u00ae-FLOATING-FLASHLIGHT.png","contentUrl":"https:\/\/eveready.com\/eu\/germany\/wp-content\/uploads\/sites\/11\/2025\/11\/Eveready\u00ae-FLOATING-FLASHLIGHT.png","width":800,"height":800},{"@type":"BreadcrumbList","@id":"https:\/\/eveready.com\/eu\/germany\/product\/eveready-floating-flashlight\/#breadcrumb","itemListElement":[{"@type":"ListItem","position":1,"name":"Home","item":"https:\/\/eveready.com\/eu\/germany\/"},{"@type":"ListItem","position":2,"name":"Products","item":"https:\/\/eveready.com\/eu\/germany\/shop\/"},{"@type":"ListItem","position":3,"name":"Eveready\u00ae FLOATING FLASHLIGHT"}]},{"@type":"WebSite","@id":"https:\/\/eveready.com\/eu\/germany\/#website","url":"https:\/\/eveready.com\/eu\/germany\/","name":"Eveready Germany","description":"","publisher":{"@id":"https:\/\/eveready.com\/eu\/germany\/#organization"},"potentialAction":[{"@type":"SearchAction","target":{"@type":"EntryPoint","urlTemplate":"https:\/\/eveready.com\/eu\/germany\/?s={search_term_string}"},"query-input":{"@type":"PropertyValueSpecification","valueRequired":true,"valueName":"search_term_string"}}],"inLanguage":"en-US"},{"@type":"Organization","@id":"https:\/\/eveready.com\/eu\/germany\/#organization","name":"Eveready Germany","url":"https:\/\/eveready.com\/eu\/germany\/","logo":{"@type":"ImageObject","inLanguage":"en-US","@id":"https:\/\/eveready.com\/eu\/germany\/#\/schema\/logo\/image\/","url":"https:\/\/eveready.com\/eu\/germany\/wp-content\/uploads\/sites\/11\/2025\/08\/logo-eveready.png","contentUrl":"https:\/\/eveready.com\/eu\/germany\/wp-content\/uploads\/sites\/11\/2025\/08\/logo-eveready.png","width":855,"height":220,"caption":"Eveready Germany"},"image":{"@id":"https:\/\/eveready.com\/eu\/germany\/#\/schema\/logo\/image\/"}}]}},"acf":[],"_links":{"self":[{"href":"https:\/\/eveready.com\/eu\/germany\/wp-json\/wp\/v2\/product\/4694","targetHints":{"allow":["GET"]}}],"collection":[{"href":"https:\/\/eveready.com\/eu\/germany\/wp-json\/wp\/v2\/product"}],"about":[{"href":"https:\/\/eveready.com\/eu\/germany\/wp-json\/wp\/v2\/types\/product"}],"replies":[{"embeddable":true,"href":"https:\/\/eveready.com\/eu\/germany\/wp-json\/wp\/v2\/comments?post=4694"}],"wp:featuredmedia":[{"embeddable":true,"href":"https:\/\/eveready.com\/eu\/germany\/wp-json\/wp\/v2\/media\/4695"}],"wp:attachment":[{"href":"https:\/\/eveready.com\/eu\/germany\/wp-json\/wp\/v2\/media?parent=4694"}],"wp:term":[{"taxonomy":"product_brand","embeddable":true,"href":"https:\/\/eveready.com\/eu\/germany\/wp-json\/wp\/v2\/product_brand?post=4694"},{"taxonomy":"product_cat","embeddable":true,"href":"https:\/\/eveready.com\/eu\/germany\/wp-json\/wp\/v2\/product_cat?post=4694"},{"taxonomy":"product_tag","embeddable":true,"href":"https:\/\/eveready.com\/eu\/germany\/wp-json\/wp\/v2\/product_tag?post=4694"}],"curies":[{"name":"wp","href":"https:\/\/api.w.org\/{rel}","templated":true}]}}