{"id":4694,"date":"2025-11-17T05:12:07","date_gmt":"2025-11-17T10:12:07","guid":{"rendered":"https:\/\/eveready.com\/eu\/italy\/?post_type=product&#038;p=4694"},"modified":"2026-03-13T04:26:35","modified_gmt":"2026-03-13T08:26:35","slug":"eveready-floating-flashlight","status":"publish","type":"product","link":"https:\/\/eveready.com\/eu\/italy\/product\/eveready-floating-flashlight\/","title":{"rendered":"EVEREADY\u00ae TORCIA GALLEGGIANTE"},"content":{"rendered":"<p><strong>Caratteristiche e Vantaggi<\/strong><\/p>\n<ul>\n<li>Galleggiante<\/li>\n<li>Impermeabile<\/li>\n<li>Pannelli riflettenti ad alta visibilit\u00e0<\/li>\n<li>Compatta e leggera<\/li>\n<li>Resistente<\/li>\n<li>Lunga autonomia<\/li>\n<\/ul>\n","protected":false},"excerpt":{"rendered":"<p>Il segmento delle torce portatili \u00e8 il pi\u00f9 ampio e quello con la crescita pi\u00f9 rapida nella categoria dell&#8217;Illuminazione Portatile. I consumatori attenti al risparmio cercano torce galleggianti e impermeabili, in particolare nei mercati costieri soggetti a tempeste e alluvioni.<\/p>\n","protected":false},"featured_media":4695,"comment_status":"open","ping_status":"closed","template":"","meta":{"_acf_changed":false},"product_brand":[],"product_cat":[40,39],"product_tag":[],"class_list":{"0":"post-4694","1":"product","2":"type-product","3":"status-publish","4":"has-post-thumbnail","6":"product_cat-handheld-lights","7":"product_cat-lighting","9":"first","10":"instock","11":"shipping-taxable","12":"product-type-simple"},"yoast_head":"<!-- This site is optimized with the Yoast SEO plugin v27.4 - https:\/\/yoast.com\/product\/yoast-seo-wordpress\/ -->\n<title>EVEREADY\u00ae TORCIA GALLEGGIANTE - Eveready Italy<\/title>\n<meta name=\"robots\" content=\"index, follow, max-snippet:-1, max-image-preview:large, max-video-preview:-1\" \/>\n<link rel=\"canonical\" href=\"https:\/\/eveready.com\/eu\/italy\/product\/eveready-floating-flashlight\/\" \/>\n<meta property=\"og:locale\" content=\"en_US\" \/>\n<meta property=\"og:type\" content=\"article\" \/>\n<meta property=\"og:title\" content=\"EVEREADY\u00ae TORCIA GALLEGGIANTE - Eveready Italy\" \/>\n<meta property=\"og:description\" content=\"Il segmento delle torce portatili \u00e8 il pi\u00f9 ampio e quello con la crescita pi\u00f9 rapida nella categoria dell&#039;Illuminazione Portatile. I consumatori attenti al risparmio cercano torce galleggianti e impermeabili, in particolare nei mercati costieri soggetti a tempeste e alluvioni.\" \/>\n<meta property=\"og:url\" content=\"https:\/\/eveready.com\/eu\/italy\/product\/eveready-floating-flashlight\/\" \/>\n<meta property=\"og:site_name\" content=\"Eveready Italy\" \/>\n<meta property=\"article:modified_time\" content=\"2026-03-13T08:26:35+00:00\" \/>\n<meta property=\"og:image\" content=\"https:\/\/eveready.com\/eu\/italy\/wp-content\/uploads\/sites\/10\/2025\/11\/Eveready\u00ae-FLOATING-FLASHLIGHT.png\" \/>\n\t<meta property=\"og:image:width\" content=\"800\" \/>\n\t<meta property=\"og:image:height\" content=\"800\" \/>\n\t<meta property=\"og:image:type\" content=\"image\/png\" \/>\n<meta name=\"twitter:card\" content=\"summary_large_image\" \/>\n<script type=\"application\/ld+json\" class=\"yoast-schema-graph\">{\"@context\":\"https:\\\/\\\/schema.org\",\"@graph\":[{\"@type\":\"WebPage\",\"@id\":\"https:\\\/\\\/eveready.com\\\/eu\\\/italy\\\/product\\\/eveready-floating-flashlight\\\/\",\"url\":\"https:\\\/\\\/eveready.com\\\/eu\\\/italy\\\/product\\\/eveready-floating-flashlight\\\/\",\"name\":\"EVEREADY\u00ae TORCIA GALLEGGIANTE - Eveready Italy\",\"isPartOf\":{\"@id\":\"https:\\\/\\\/eveready.com\\\/eu\\\/italy\\\/#website\"},\"primaryImageOfPage\":{\"@id\":\"https:\\\/\\\/eveready.com\\\/eu\\\/italy\\\/product\\\/eveready-floating-flashlight\\\/#primaryimage\"},\"image\":{\"@id\":\"https:\\\/\\\/eveready.com\\\/eu\\\/italy\\\/product\\\/eveready-floating-flashlight\\\/#primaryimage\"},\"thumbnailUrl\":\"https:\\\/\\\/eveready.com\\\/eu\\\/italy\\\/wp-content\\\/uploads\\\/sites\\\/10\\\/2025\\\/11\\\/Eveready\u00ae-FLOATING-FLASHLIGHT.png\",\"datePublished\":\"2025-11-17T10:12:07+00:00\",\"dateModified\":\"2026-03-13T08:26:35+00:00\",\"breadcrumb\":{\"@id\":\"https:\\\/\\\/eveready.com\\\/eu\\\/italy\\\/product\\\/eveready-floating-flashlight\\\/#breadcrumb\"},\"inLanguage\":\"en-US\",\"potentialAction\":[{\"@type\":\"ReadAction\",\"target\":[\"https:\\\/\\\/eveready.com\\\/eu\\\/italy\\\/product\\\/eveready-floating-flashlight\\\/\"]}]},{\"@type\":\"ImageObject\",\"inLanguage\":\"en-US\",\"@id\":\"https:\\\/\\\/eveready.com\\\/eu\\\/italy\\\/product\\\/eveready-floating-flashlight\\\/#primaryimage\",\"url\":\"https:\\\/\\\/eveready.com\\\/eu\\\/italy\\\/wp-content\\\/uploads\\\/sites\\\/10\\\/2025\\\/11\\\/Eveready\u00ae-FLOATING-FLASHLIGHT.png\",\"contentUrl\":\"https:\\\/\\\/eveready.com\\\/eu\\\/italy\\\/wp-content\\\/uploads\\\/sites\\\/10\\\/2025\\\/11\\\/Eveready\u00ae-FLOATING-FLASHLIGHT.png\",\"width\":800,\"height\":800},{\"@type\":\"BreadcrumbList\",\"@id\":\"https:\\\/\\\/eveready.com\\\/eu\\\/italy\\\/product\\\/eveready-floating-flashlight\\\/#breadcrumb\",\"itemListElement\":[{\"@type\":\"ListItem\",\"position\":1,\"name\":\"Home\",\"item\":\"https:\\\/\\\/eveready.com\\\/eu\\\/italy\\\/\"},{\"@type\":\"ListItem\",\"position\":2,\"name\":\"Products\",\"item\":\"https:\\\/\\\/eveready.com\\\/eu\\\/italy\\\/shop\\\/\"},{\"@type\":\"ListItem\",\"position\":3,\"name\":\"EVEREADY\u00ae TORCIA GALLEGGIANTE\"}]},{\"@type\":\"WebSite\",\"@id\":\"https:\\\/\\\/eveready.com\\\/eu\\\/italy\\\/#website\",\"url\":\"https:\\\/\\\/eveready.com\\\/eu\\\/italy\\\/\",\"name\":\"Eveready Italy\",\"description\":\"\",\"publisher\":{\"@id\":\"https:\\\/\\\/eveready.com\\\/eu\\\/italy\\\/#organization\"},\"potentialAction\":[{\"@type\":\"SearchAction\",\"target\":{\"@type\":\"EntryPoint\",\"urlTemplate\":\"https:\\\/\\\/eveready.com\\\/eu\\\/italy\\\/?s={search_term_string}\"},\"query-input\":{\"@type\":\"PropertyValueSpecification\",\"valueRequired\":true,\"valueName\":\"search_term_string\"}}],\"inLanguage\":\"en-US\"},{\"@type\":\"Organization\",\"@id\":\"https:\\\/\\\/eveready.com\\\/eu\\\/italy\\\/#organization\",\"name\":\"Eveready Italy\",\"url\":\"https:\\\/\\\/eveready.com\\\/eu\\\/italy\\\/\",\"logo\":{\"@type\":\"ImageObject\",\"inLanguage\":\"en-US\",\"@id\":\"https:\\\/\\\/eveready.com\\\/eu\\\/italy\\\/#\\\/schema\\\/logo\\\/image\\\/\",\"url\":\"https:\\\/\\\/eveready.com\\\/eu\\\/italy\\\/wp-content\\\/uploads\\\/sites\\\/10\\\/2025\\\/08\\\/logo-eveready.png\",\"contentUrl\":\"https:\\\/\\\/eveready.com\\\/eu\\\/italy\\\/wp-content\\\/uploads\\\/sites\\\/10\\\/2025\\\/08\\\/logo-eveready.png\",\"width\":855,\"height\":220,\"caption\":\"Eveready Italy\"},\"image\":{\"@id\":\"https:\\\/\\\/eveready.com\\\/eu\\\/italy\\\/#\\\/schema\\\/logo\\\/image\\\/\"}}]}<\/script>\n<!-- \/ Yoast SEO plugin. -->","yoast_head_json":{"title":"EVEREADY\u00ae TORCIA GALLEGGIANTE - Eveready Italy","robots":{"index":"index","follow":"follow","max-snippet":"max-snippet:-1","max-image-preview":"max-image-preview:large","max-video-preview":"max-video-preview:-1"},"canonical":"https:\/\/eveready.com\/eu\/italy\/product\/eveready-floating-flashlight\/","og_locale":"en_US","og_type":"article","og_title":"EVEREADY\u00ae TORCIA GALLEGGIANTE - Eveready Italy","og_description":"Il segmento delle torce portatili \u00e8 il pi\u00f9 ampio e quello con la crescita pi\u00f9 rapida nella categoria dell'Illuminazione Portatile. I consumatori attenti al risparmio cercano torce galleggianti e impermeabili, in particolare nei mercati costieri soggetti a tempeste e alluvioni.","og_url":"https:\/\/eveready.com\/eu\/italy\/product\/eveready-floating-flashlight\/","og_site_name":"Eveready Italy","article_modified_time":"2026-03-13T08:26:35+00:00","og_image":[{"width":800,"height":800,"url":"https:\/\/eveready.com\/eu\/italy\/wp-content\/uploads\/sites\/10\/2025\/11\/Eveready\u00ae-FLOATING-FLASHLIGHT.png","type":"image\/png"}],"twitter_card":"summary_large_image","schema":{"@context":"https:\/\/schema.org","@graph":[{"@type":"WebPage","@id":"https:\/\/eveready.com\/eu\/italy\/product\/eveready-floating-flashlight\/","url":"https:\/\/eveready.com\/eu\/italy\/product\/eveready-floating-flashlight\/","name":"EVEREADY\u00ae TORCIA GALLEGGIANTE - Eveready Italy","isPartOf":{"@id":"https:\/\/eveready.com\/eu\/italy\/#website"},"primaryImageOfPage":{"@id":"https:\/\/eveready.com\/eu\/italy\/product\/eveready-floating-flashlight\/#primaryimage"},"image":{"@id":"https:\/\/eveready.com\/eu\/italy\/product\/eveready-floating-flashlight\/#primaryimage"},"thumbnailUrl":"https:\/\/eveready.com\/eu\/italy\/wp-content\/uploads\/sites\/10\/2025\/11\/Eveready\u00ae-FLOATING-FLASHLIGHT.png","datePublished":"2025-11-17T10:12:07+00:00","dateModified":"2026-03-13T08:26:35+00:00","breadcrumb":{"@id":"https:\/\/eveready.com\/eu\/italy\/product\/eveready-floating-flashlight\/#breadcrumb"},"inLanguage":"en-US","potentialAction":[{"@type":"ReadAction","target":["https:\/\/eveready.com\/eu\/italy\/product\/eveready-floating-flashlight\/"]}]},{"@type":"ImageObject","inLanguage":"en-US","@id":"https:\/\/eveready.com\/eu\/italy\/product\/eveready-floating-flashlight\/#primaryimage","url":"https:\/\/eveready.com\/eu\/italy\/wp-content\/uploads\/sites\/10\/2025\/11\/Eveready\u00ae-FLOATING-FLASHLIGHT.png","contentUrl":"https:\/\/eveready.com\/eu\/italy\/wp-content\/uploads\/sites\/10\/2025\/11\/Eveready\u00ae-FLOATING-FLASHLIGHT.png","width":800,"height":800},{"@type":"BreadcrumbList","@id":"https:\/\/eveready.com\/eu\/italy\/product\/eveready-floating-flashlight\/#breadcrumb","itemListElement":[{"@type":"ListItem","position":1,"name":"Home","item":"https:\/\/eveready.com\/eu\/italy\/"},{"@type":"ListItem","position":2,"name":"Products","item":"https:\/\/eveready.com\/eu\/italy\/shop\/"},{"@type":"ListItem","position":3,"name":"EVEREADY\u00ae TORCIA GALLEGGIANTE"}]},{"@type":"WebSite","@id":"https:\/\/eveready.com\/eu\/italy\/#website","url":"https:\/\/eveready.com\/eu\/italy\/","name":"Eveready Italy","description":"","publisher":{"@id":"https:\/\/eveready.com\/eu\/italy\/#organization"},"potentialAction":[{"@type":"SearchAction","target":{"@type":"EntryPoint","urlTemplate":"https:\/\/eveready.com\/eu\/italy\/?s={search_term_string}"},"query-input":{"@type":"PropertyValueSpecification","valueRequired":true,"valueName":"search_term_string"}}],"inLanguage":"en-US"},{"@type":"Organization","@id":"https:\/\/eveready.com\/eu\/italy\/#organization","name":"Eveready Italy","url":"https:\/\/eveready.com\/eu\/italy\/","logo":{"@type":"ImageObject","inLanguage":"en-US","@id":"https:\/\/eveready.com\/eu\/italy\/#\/schema\/logo\/image\/","url":"https:\/\/eveready.com\/eu\/italy\/wp-content\/uploads\/sites\/10\/2025\/08\/logo-eveready.png","contentUrl":"https:\/\/eveready.com\/eu\/italy\/wp-content\/uploads\/sites\/10\/2025\/08\/logo-eveready.png","width":855,"height":220,"caption":"Eveready Italy"},"image":{"@id":"https:\/\/eveready.com\/eu\/italy\/#\/schema\/logo\/image\/"}}]}},"acf":[],"_links":{"self":[{"href":"https:\/\/eveready.com\/eu\/italy\/wp-json\/wp\/v2\/product\/4694","targetHints":{"allow":["GET"]}}],"collection":[{"href":"https:\/\/eveready.com\/eu\/italy\/wp-json\/wp\/v2\/product"}],"about":[{"href":"https:\/\/eveready.com\/eu\/italy\/wp-json\/wp\/v2\/types\/product"}],"replies":[{"embeddable":true,"href":"https:\/\/eveready.com\/eu\/italy\/wp-json\/wp\/v2\/comments?post=4694"}],"wp:featuredmedia":[{"embeddable":true,"href":"https:\/\/eveready.com\/eu\/italy\/wp-json\/wp\/v2\/media\/4695"}],"wp:attachment":[{"href":"https:\/\/eveready.com\/eu\/italy\/wp-json\/wp\/v2\/media?parent=4694"}],"wp:term":[{"taxonomy":"product_brand","embeddable":true,"href":"https:\/\/eveready.com\/eu\/italy\/wp-json\/wp\/v2\/product_brand?post=4694"},{"taxonomy":"product_cat","embeddable":true,"href":"https:\/\/eveready.com\/eu\/italy\/wp-json\/wp\/v2\/product_cat?post=4694"},{"taxonomy":"product_tag","embeddable":true,"href":"https:\/\/eveready.com\/eu\/italy\/wp-json\/wp\/v2\/product_tag?post=4694"}],"curies":[{"name":"wp","href":"https:\/\/api.w.org\/{rel}","templated":true}]}}