{"id":294,"date":"2025-08-25T07:20:51","date_gmt":"2025-08-25T11:20:51","guid":{"rendered":"https:\/\/4575d4bec0.nxcli.io\/apac\/australia\/?page_id=294"},"modified":"2026-03-18T02:11:12","modified_gmt":"2026-03-18T06:11:12","slug":"flashlight-care","status":"publish","type":"page","link":"https:\/\/eveready.com\/eu\/poland\/about-eveready\/flashlight-care\/","title":{"rendered":"Flashlight Care"},"content":{"rendered":"\t\t<div data-elementor-type=\"wp-page\" data-elementor-id=\"294\" class=\"elementor elementor-294\" data-elementor-post-type=\"page\">\n\t\t\t\t<div class=\"elementor-element elementor-element-700e413 e-con-full e-flex e-con e-parent\" data-id=\"700e413\" data-element_type=\"container\" data-e-type=\"container\">\n\t\t<div class=\"elementor-element elementor-element-dac3694 e-con-full e-flex e-con e-child\" data-id=\"dac3694\" data-element_type=\"container\" data-e-type=\"container\">\n\t\t\t\t<div class=\"elementor-element elementor-element-10c0037 elementor-widget elementor-widget-image\" data-id=\"10c0037\" data-element_type=\"widget\" data-e-type=\"widget\" data-widget_type=\"image.default\">\n\t\t\t\t\t\t\t\t\t\t\t\t\t\t\t<img fetchpriority=\"high\" decoding=\"async\" width=\"1500\" height=\"650\" src=\"https:\/\/eveready.com\/eu\/poland\/wp-content\/uploads\/sites\/4\/2025\/09\/subbanner.png\" class=\"attachment-full size-full wp-image-3648\" alt=\"\" srcset=\"https:\/\/eveready.com\/eu\/poland\/wp-content\/uploads\/sites\/4\/2025\/09\/subbanner.png 1500w, https:\/\/eveready.com\/eu\/poland\/wp-content\/uploads\/sites\/4\/2025\/09\/subbanner-300x130.png 300w, https:\/\/eveready.com\/eu\/poland\/wp-content\/uploads\/sites\/4\/2025\/09\/subbanner-1024x444.png 1024w, https:\/\/eveready.com\/eu\/poland\/wp-content\/uploads\/sites\/4\/2025\/09\/subbanner-150x65.png 150w, https:\/\/eveready.com\/eu\/poland\/wp-content\/uploads\/sites\/4\/2025\/09\/subbanner-768x333.png 768w, https:\/\/eveready.com\/eu\/poland\/wp-content\/uploads\/sites\/4\/2025\/09\/subbanner-600x260.png 600w\" sizes=\"(max-width: 1500px) 100vw, 1500px\" \/>\t\t\t\t\t\t\t\t\t\t\t\t\t\t\t<\/div>\n\t\t<div class=\"elementor-element elementor-element-d1be883 e-con-full e-flex e-con e-child\" data-id=\"d1be883\" data-element_type=\"container\" data-e-type=\"container\">\n\t\t\t\t<div class=\"elementor-element elementor-element-057c318 yellow-heading elementor-widget elementor-widget-heading\" data-id=\"057c318\" data-element_type=\"widget\" data-e-type=\"widget\" data-widget_type=\"heading.default\">\n\t\t\t\t\t<h2 class=\"elementor-heading-title elementor-size-default\">KONSERWACJA <\/h2>\t\t\t\t<\/div>\n\t\t\t\t<div class=\"elementor-element elementor-element-6403f62 elementor-widget-divider--view-line elementor-widget elementor-widget-divider\" data-id=\"6403f62\" data-element_type=\"widget\" data-e-type=\"widget\" data-widget_type=\"divider.default\">\n\t\t\t\t\t\t\t<div class=\"elementor-divider\">\n\t\t\t<span class=\"elementor-divider-separator\">\n\t\t\t\t\t\t<\/span>\n\t\t<\/div>\n\t\t\t\t\t\t<\/div>\n\t\t\t\t<div class=\"elementor-element elementor-element-d196292 white-heading elementor-widget elementor-widget-heading\" data-id=\"d196292\" data-element_type=\"widget\" data-e-type=\"widget\" data-widget_type=\"heading.default\">\n\t\t\t\t\t<h2 class=\"elementor-heading-title elementor-size-default\">LATAREK<\/h2>\t\t\t\t<\/div>\n\t\t\t\t<\/div>\n\t\t\t\t<\/div>\n\t\t\t\t<\/div>\n\t\t<div class=\"elementor-element elementor-element-be94206 e-flex e-con-boxed e-con e-parent\" data-id=\"be94206\" data-element_type=\"container\" data-e-type=\"container\">\n\t\t\t\t\t<div class=\"e-con-inner\">\n\t\t\t\t<div class=\"elementor-element elementor-element-6d45777 elementor-widget elementor-widget-heading\" data-id=\"6d45777\" data-element_type=\"widget\" data-e-type=\"widget\" data-widget_type=\"heading.default\">\n\t\t\t\t\t<h3 class=\"elementor-heading-title elementor-size-default\">CO ROBI\u0106<\/h3>\t\t\t\t<\/div>\n\t\t\t\t<div class=\"elementor-element elementor-element-74e1ca0 elementor-list-item-link-full_width elementor-widget elementor-widget-icon-list\" data-id=\"74e1ca0\" data-element_type=\"widget\" data-e-type=\"widget\" data-widget_type=\"icon-list.default\">\n\t\t\t\t\t\t\t<ul class=\"elementor-icon-list-items\">\n\t\t\t\t\t\t\t<li class=\"elementor-icon-list-item\">\n\t\t\t\t\t\t\t\t\t\t\t<span class=\"elementor-icon-list-icon\">\n\t\t\t\t\t\t\t<svg aria-hidden=\"true\" class=\"e-font-icon-svg e-fas-circle\" viewBox=\"0 0 512 512\" xmlns=\"http:\/\/www.w3.org\/2000\/svg\"><path d=\"M256 8C119 8 8 119 8 256s111 248 248 248 248-111 248-248S393 8 256 8z\"><\/path><\/svg>\t\t\t\t\t\t<\/span>\n\t\t\t\t\t\t\t\t\t\t<span class=\"elementor-icon-list-text\">PRZECHOWUJ latark\u0119 w suchym i ch\u0142odnym miejscu, kt\u00f3re jest \u0142atwo dost\u0119pne na wypadek sytuacji awaryjnej lub przerwy w dostawie pr\u0105du.<\/span>\n\t\t\t\t\t\t\t\t\t<\/li>\n\t\t\t\t\t\t\t\t<li class=\"elementor-icon-list-item\">\n\t\t\t\t\t\t\t\t\t\t\t<span class=\"elementor-icon-list-icon\">\n\t\t\t\t\t\t\t<svg aria-hidden=\"true\" class=\"e-font-icon-svg e-fas-circle\" viewBox=\"0 0 512 512\" xmlns=\"http:\/\/www.w3.org\/2000\/svg\"><path d=\"M256 8C119 8 8 119 8 256s111 248 248 248 248-111 248-248S393 8 256 8z\"><\/path><\/svg>\t\t\t\t\t\t<\/span>\n\t\t\t\t\t\t\t\t\t\t<span class=\"elementor-icon-list-text\">WYMIENIAJ baterie w latarce lub lampie co kilka miesi\u0119cy, je\u015bli urz\u0105dzenie nie jest u\u017cywane przez d\u0142u\u017cszy czas. Gwarantuje to sprawno\u015b\u0107 baterii i zapobiega ich wyciekowi.<\/span>\n\t\t\t\t\t\t\t\t\t<\/li>\n\t\t\t\t\t\t\t\t<li class=\"elementor-icon-list-item\">\n\t\t\t\t\t\t\t\t\t\t\t<span class=\"elementor-icon-list-icon\">\n\t\t\t\t\t\t\t<svg aria-hidden=\"true\" class=\"e-font-icon-svg e-fas-circle\" viewBox=\"0 0 512 512\" xmlns=\"http:\/\/www.w3.org\/2000\/svg\"><path d=\"M256 8C119 8 8 119 8 256s111 248 248 248 248-111 248-248S393 8 256 8z\"><\/path><\/svg>\t\t\t\t\t\t<\/span>\n\t\t\t\t\t\t\t\t\t\t<span class=\"elementor-icon-list-text\">MIEJ latarki w kilku miejscach w domu i samochodzie \u2013 w szafce, szufladzie, przy \u0142\u00f3\u017cku oraz w schowku samochodowym \u2013 aby zawsze by\u0142y pod r\u0119k\u0105 w razie potrzeby.<\/span>\n\t\t\t\t\t\t\t\t\t<\/li>\n\t\t\t\t\t\t\t\t<li class=\"elementor-icon-list-item\">\n\t\t\t\t\t\t\t\t\t\t\t<span class=\"elementor-icon-list-icon\">\n\t\t\t\t\t\t\t<svg aria-hidden=\"true\" class=\"e-font-icon-svg e-fas-circle\" viewBox=\"0 0 512 512\" xmlns=\"http:\/\/www.w3.org\/2000\/svg\"><path d=\"M256 8C119 8 8 119 8 256s111 248 248 248 248-111 248-248S393 8 256 8z\"><\/path><\/svg>\t\t\t\t\t\t<\/span>\n\t\t\t\t\t\t\t\t\t\t<span class=\"elementor-icon-list-text\">TRZYMAJ nowe opakowanie baterii Eveready\u00ae obok latarki. Cz\u0119sto zdarza si\u0119, \u017ce baterie w urz\u0105dzeniu s\u0105 wyczerpane lub zosta\u0142y wyj\u0119te przez dzieci do zabawek. Nieotwarte opakowanie zapasowe to pewno\u015b\u0107, \u017ce nigdy nie zostaniesz w ciemno\u015bci.<\/span>\n\t\t\t\t\t\t\t\t\t<\/li>\n\t\t\t\t\t\t<\/ul>\n\t\t\t\t\t\t<\/div>\n\t\t\t\t<div class=\"elementor-element elementor-element-92c93b3 elementor-widget elementor-widget-heading\" data-id=\"92c93b3\" data-element_type=\"widget\" data-e-type=\"widget\" data-widget_type=\"heading.default\">\n\t\t\t\t\t<h3 class=\"elementor-heading-title elementor-size-default\">CZEGO UNIKA\u0106\n<\/h3>\t\t\t\t<\/div>\n\t\t\t\t<div class=\"elementor-element elementor-element-54f2d78 elementor-list-item-link-full_width elementor-widget elementor-widget-icon-list\" data-id=\"54f2d78\" data-element_type=\"widget\" data-e-type=\"widget\" data-widget_type=\"icon-list.default\">\n\t\t\t\t\t\t\t<ul class=\"elementor-icon-list-items\">\n\t\t\t\t\t\t\t<li class=\"elementor-icon-list-item\">\n\t\t\t\t\t\t\t\t\t\t\t<span class=\"elementor-icon-list-icon\">\n\t\t\t\t\t\t\t<svg aria-hidden=\"true\" class=\"e-font-icon-svg e-fas-circle\" viewBox=\"0 0 512 512\" xmlns=\"http:\/\/www.w3.org\/2000\/svg\"><path d=\"M256 8C119 8 8 119 8 256s111 248 248 248 248-111 248-248S393 8 256 8z\"><\/path><\/svg>\t\t\t\t\t\t<\/span>\n\t\t\t\t\t\t\t\t\t\t<span class=\"elementor-icon-list-text\">NIE PRZECHOWUJ latarki w wysokich temperaturach. Mo\u017ce to przyspieszy\u0107 wyst\u0105pienie usterek urz\u0105dzenia, w tym doprowadzi\u0107 do wycieku elektrolitu z baterii.<\/span>\n\t\t\t\t\t\t\t\t\t<\/li>\n\t\t\t\t\t\t\t\t<li class=\"elementor-icon-list-item\">\n\t\t\t\t\t\t\t\t\t\t\t<span class=\"elementor-icon-list-icon\">\n\t\t\t\t\t\t\t<svg aria-hidden=\"true\" class=\"e-font-icon-svg e-fas-circle\" viewBox=\"0 0 512 512\" xmlns=\"http:\/\/www.w3.org\/2000\/svg\"><path d=\"M256 8C119 8 8 119 8 256s111 248 248 248 248-111 248-248S393 8 256 8z\"><\/path><\/svg>\t\t\t\t\t\t<\/span>\n\t\t\t\t\t\t\t\t\t\t<span class=\"elementor-icon-list-text\">NIE ZOSTAWIAJ latarki pod siedzeniem w samochodzie ani w miejscu nara\u017conym na bezpo\u015brednie dzia\u0142anie promieni s\u0142onecznych.<\/span>\n\t\t\t\t\t\t\t\t\t<\/li>\n\t\t\t\t\t\t<\/ul>\n\t\t\t\t\t\t<\/div>\n\t\t\t\t\t<\/div>\n\t\t\t\t<\/div>\n\t\t\t\t<\/div>\n\t\t","protected":false},"excerpt":{"rendered":"<p>KONSERWACJA LATAREK CO ROBI\u0106 PRZECHOWUJ latark\u0119 w suchym i ch\u0142odnym miejscu, kt\u00f3re jest \u0142atwo dost\u0119pne na wypadek sytuacji awaryjnej lub przerwy w dostawie pr\u0105du. WYMIENIAJ baterie w latarce lub lampie co kilka miesi\u0119cy, je\u015bli urz\u0105dzenie nie jest u\u017cywane przez d\u0142u\u017cszy czas. Gwarantuje to sprawno\u015b\u0107 baterii i zapobiega ich wyciekowi. MIEJ latarki w kilku miejscach w [&hellip;]<\/p>\n","protected":false},"author":1,"featured_media":0,"parent":90,"menu_order":0,"comment_status":"closed","ping_status":"closed","template":"","meta":{"_acf_changed":false,"footnotes":""},"class_list":["post-294","page","type-page","status-publish","hentry"],"yoast_head":"<!-- This site is optimized with the Yoast SEO plugin v27.4 - https:\/\/yoast.com\/product\/yoast-seo-wordpress\/ -->\n<title>Flashlight Care - Eveready Poland<\/title>\n<meta name=\"robots\" content=\"index, follow, max-snippet:-1, max-image-preview:large, max-video-preview:-1\" \/>\n<link rel=\"canonical\" href=\"https:\/\/eveready.com\/eu\/poland\/about-eveready\/flashlight-care\/\" \/>\n<meta property=\"og:locale\" content=\"en_US\" \/>\n<meta property=\"og:type\" content=\"article\" \/>\n<meta property=\"og:title\" content=\"Flashlight Care - Eveready Poland\" \/>\n<meta property=\"og:description\" content=\"KONSERWACJA LATAREK CO ROBI\u0106 PRZECHOWUJ latark\u0119 w suchym i ch\u0142odnym miejscu, kt\u00f3re jest \u0142atwo dost\u0119pne na wypadek sytuacji awaryjnej lub przerwy w dostawie pr\u0105du. WYMIENIAJ baterie w latarce lub lampie co kilka miesi\u0119cy, je\u015bli urz\u0105dzenie nie jest u\u017cywane przez d\u0142u\u017cszy czas. Gwarantuje to sprawno\u015b\u0107 baterii i zapobiega ich wyciekowi. MIEJ latarki w kilku miejscach w [&hellip;]\" \/>\n<meta property=\"og:url\" content=\"https:\/\/eveready.com\/eu\/poland\/about-eveready\/flashlight-care\/\" \/>\n<meta property=\"og:site_name\" content=\"Eveready Poland\" \/>\n<meta property=\"article:modified_time\" content=\"2026-03-18T06:11:12+00:00\" \/>\n<meta property=\"og:image\" content=\"https:\/\/eveready.com\/eu\/poland\/wp-content\/uploads\/sites\/4\/2025\/09\/subbanner.png\" \/>\n\t<meta property=\"og:image:width\" content=\"1500\" \/>\n\t<meta property=\"og:image:height\" content=\"650\" \/>\n\t<meta property=\"og:image:type\" content=\"image\/png\" \/>\n<meta name=\"twitter:card\" content=\"summary_large_image\" \/>\n<script type=\"application\/ld+json\" class=\"yoast-schema-graph\">{\"@context\":\"https:\\\/\\\/schema.org\",\"@graph\":[{\"@type\":\"WebPage\",\"@id\":\"https:\\\/\\\/eveready.com\\\/eu\\\/poland\\\/about-eveready\\\/flashlight-care\\\/\",\"url\":\"https:\\\/\\\/eveready.com\\\/eu\\\/poland\\\/about-eveready\\\/flashlight-care\\\/\",\"name\":\"Flashlight Care - Eveready Poland\",\"isPartOf\":{\"@id\":\"https:\\\/\\\/eveready.com\\\/eu\\\/poland\\\/#website\"},\"primaryImageOfPage\":{\"@id\":\"https:\\\/\\\/eveready.com\\\/eu\\\/poland\\\/about-eveready\\\/flashlight-care\\\/#primaryimage\"},\"image\":{\"@id\":\"https:\\\/\\\/eveready.com\\\/eu\\\/poland\\\/about-eveready\\\/flashlight-care\\\/#primaryimage\"},\"thumbnailUrl\":\"https:\\\/\\\/eveready.com\\\/eu\\\/poland\\\/wp-content\\\/uploads\\\/sites\\\/4\\\/2025\\\/09\\\/subbanner.png\",\"datePublished\":\"2025-08-25T11:20:51+00:00\",\"dateModified\":\"2026-03-18T06:11:12+00:00\",\"breadcrumb\":{\"@id\":\"https:\\\/\\\/eveready.com\\\/eu\\\/poland\\\/about-eveready\\\/flashlight-care\\\/#breadcrumb\"},\"inLanguage\":\"en-US\",\"potentialAction\":[{\"@type\":\"ReadAction\",\"target\":[\"https:\\\/\\\/eveready.com\\\/eu\\\/poland\\\/about-eveready\\\/flashlight-care\\\/\"]}]},{\"@type\":\"ImageObject\",\"inLanguage\":\"en-US\",\"@id\":\"https:\\\/\\\/eveready.com\\\/eu\\\/poland\\\/about-eveready\\\/flashlight-care\\\/#primaryimage\",\"url\":\"https:\\\/\\\/eveready.com\\\/eu\\\/poland\\\/wp-content\\\/uploads\\\/sites\\\/4\\\/2025\\\/09\\\/subbanner.png\",\"contentUrl\":\"https:\\\/\\\/eveready.com\\\/eu\\\/poland\\\/wp-content\\\/uploads\\\/sites\\\/4\\\/2025\\\/09\\\/subbanner.png\",\"width\":1500,\"height\":650},{\"@type\":\"BreadcrumbList\",\"@id\":\"https:\\\/\\\/eveready.com\\\/eu\\\/poland\\\/about-eveready\\\/flashlight-care\\\/#breadcrumb\",\"itemListElement\":[{\"@type\":\"ListItem\",\"position\":1,\"name\":\"Home\",\"item\":\"https:\\\/\\\/eveready.com\\\/eu\\\/poland\\\/\"},{\"@type\":\"ListItem\",\"position\":2,\"name\":\"O nas\",\"item\":\"https:\\\/\\\/eveready.com\\\/eu\\\/poland\\\/about-eveready\\\/\"},{\"@type\":\"ListItem\",\"position\":3,\"name\":\"Flashlight Care\"}]},{\"@type\":\"WebSite\",\"@id\":\"https:\\\/\\\/eveready.com\\\/eu\\\/poland\\\/#website\",\"url\":\"https:\\\/\\\/eveready.com\\\/eu\\\/poland\\\/\",\"name\":\"Eveready Poland\",\"description\":\"\",\"publisher\":{\"@id\":\"https:\\\/\\\/eveready.com\\\/eu\\\/poland\\\/#organization\"},\"potentialAction\":[{\"@type\":\"SearchAction\",\"target\":{\"@type\":\"EntryPoint\",\"urlTemplate\":\"https:\\\/\\\/eveready.com\\\/eu\\\/poland\\\/?s={search_term_string}\"},\"query-input\":{\"@type\":\"PropertyValueSpecification\",\"valueRequired\":true,\"valueName\":\"search_term_string\"}}],\"inLanguage\":\"en-US\"},{\"@type\":\"Organization\",\"@id\":\"https:\\\/\\\/eveready.com\\\/eu\\\/poland\\\/#organization\",\"name\":\"Eveready Poland\",\"url\":\"https:\\\/\\\/eveready.com\\\/eu\\\/poland\\\/\",\"logo\":{\"@type\":\"ImageObject\",\"inLanguage\":\"en-US\",\"@id\":\"https:\\\/\\\/eveready.com\\\/eu\\\/poland\\\/#\\\/schema\\\/logo\\\/image\\\/\",\"url\":\"https:\\\/\\\/eveready.com\\\/eu\\\/poland\\\/wp-content\\\/uploads\\\/sites\\\/4\\\/2025\\\/08\\\/logo-eveready.png\",\"contentUrl\":\"https:\\\/\\\/eveready.com\\\/eu\\\/poland\\\/wp-content\\\/uploads\\\/sites\\\/4\\\/2025\\\/08\\\/logo-eveready.png\",\"width\":855,\"height\":220,\"caption\":\"Eveready Poland\"},\"image\":{\"@id\":\"https:\\\/\\\/eveready.com\\\/eu\\\/poland\\\/#\\\/schema\\\/logo\\\/image\\\/\"}}]}<\/script>\n<!-- \/ Yoast SEO plugin. -->","yoast_head_json":{"title":"Flashlight Care - Eveready Poland","robots":{"index":"index","follow":"follow","max-snippet":"max-snippet:-1","max-image-preview":"max-image-preview:large","max-video-preview":"max-video-preview:-1"},"canonical":"https:\/\/eveready.com\/eu\/poland\/about-eveready\/flashlight-care\/","og_locale":"en_US","og_type":"article","og_title":"Flashlight Care - Eveready Poland","og_description":"KONSERWACJA LATAREK CO ROBI\u0106 PRZECHOWUJ latark\u0119 w suchym i ch\u0142odnym miejscu, kt\u00f3re jest \u0142atwo dost\u0119pne na wypadek sytuacji awaryjnej lub przerwy w dostawie pr\u0105du. WYMIENIAJ baterie w latarce lub lampie co kilka miesi\u0119cy, je\u015bli urz\u0105dzenie nie jest u\u017cywane przez d\u0142u\u017cszy czas. Gwarantuje to sprawno\u015b\u0107 baterii i zapobiega ich wyciekowi. MIEJ latarki w kilku miejscach w [&hellip;]","og_url":"https:\/\/eveready.com\/eu\/poland\/about-eveready\/flashlight-care\/","og_site_name":"Eveready Poland","article_modified_time":"2026-03-18T06:11:12+00:00","og_image":[{"width":1500,"height":650,"url":"https:\/\/eveready.com\/eu\/poland\/wp-content\/uploads\/sites\/4\/2025\/09\/subbanner.png","type":"image\/png"}],"twitter_card":"summary_large_image","schema":{"@context":"https:\/\/schema.org","@graph":[{"@type":"WebPage","@id":"https:\/\/eveready.com\/eu\/poland\/about-eveready\/flashlight-care\/","url":"https:\/\/eveready.com\/eu\/poland\/about-eveready\/flashlight-care\/","name":"Flashlight Care - Eveready Poland","isPartOf":{"@id":"https:\/\/eveready.com\/eu\/poland\/#website"},"primaryImageOfPage":{"@id":"https:\/\/eveready.com\/eu\/poland\/about-eveready\/flashlight-care\/#primaryimage"},"image":{"@id":"https:\/\/eveready.com\/eu\/poland\/about-eveready\/flashlight-care\/#primaryimage"},"thumbnailUrl":"https:\/\/eveready.com\/eu\/poland\/wp-content\/uploads\/sites\/4\/2025\/09\/subbanner.png","datePublished":"2025-08-25T11:20:51+00:00","dateModified":"2026-03-18T06:11:12+00:00","breadcrumb":{"@id":"https:\/\/eveready.com\/eu\/poland\/about-eveready\/flashlight-care\/#breadcrumb"},"inLanguage":"en-US","potentialAction":[{"@type":"ReadAction","target":["https:\/\/eveready.com\/eu\/poland\/about-eveready\/flashlight-care\/"]}]},{"@type":"ImageObject","inLanguage":"en-US","@id":"https:\/\/eveready.com\/eu\/poland\/about-eveready\/flashlight-care\/#primaryimage","url":"https:\/\/eveready.com\/eu\/poland\/wp-content\/uploads\/sites\/4\/2025\/09\/subbanner.png","contentUrl":"https:\/\/eveready.com\/eu\/poland\/wp-content\/uploads\/sites\/4\/2025\/09\/subbanner.png","width":1500,"height":650},{"@type":"BreadcrumbList","@id":"https:\/\/eveready.com\/eu\/poland\/about-eveready\/flashlight-care\/#breadcrumb","itemListElement":[{"@type":"ListItem","position":1,"name":"Home","item":"https:\/\/eveready.com\/eu\/poland\/"},{"@type":"ListItem","position":2,"name":"O nas","item":"https:\/\/eveready.com\/eu\/poland\/about-eveready\/"},{"@type":"ListItem","position":3,"name":"Flashlight Care"}]},{"@type":"WebSite","@id":"https:\/\/eveready.com\/eu\/poland\/#website","url":"https:\/\/eveready.com\/eu\/poland\/","name":"Eveready Poland","description":"","publisher":{"@id":"https:\/\/eveready.com\/eu\/poland\/#organization"},"potentialAction":[{"@type":"SearchAction","target":{"@type":"EntryPoint","urlTemplate":"https:\/\/eveready.com\/eu\/poland\/?s={search_term_string}"},"query-input":{"@type":"PropertyValueSpecification","valueRequired":true,"valueName":"search_term_string"}}],"inLanguage":"en-US"},{"@type":"Organization","@id":"https:\/\/eveready.com\/eu\/poland\/#organization","name":"Eveready Poland","url":"https:\/\/eveready.com\/eu\/poland\/","logo":{"@type":"ImageObject","inLanguage":"en-US","@id":"https:\/\/eveready.com\/eu\/poland\/#\/schema\/logo\/image\/","url":"https:\/\/eveready.com\/eu\/poland\/wp-content\/uploads\/sites\/4\/2025\/08\/logo-eveready.png","contentUrl":"https:\/\/eveready.com\/eu\/poland\/wp-content\/uploads\/sites\/4\/2025\/08\/logo-eveready.png","width":855,"height":220,"caption":"Eveready Poland"},"image":{"@id":"https:\/\/eveready.com\/eu\/poland\/#\/schema\/logo\/image\/"}}]}},"acf":[],"_links":{"self":[{"href":"https:\/\/eveready.com\/eu\/poland\/wp-json\/wp\/v2\/pages\/294","targetHints":{"allow":["GET"]}}],"collection":[{"href":"https:\/\/eveready.com\/eu\/poland\/wp-json\/wp\/v2\/pages"}],"about":[{"href":"https:\/\/eveready.com\/eu\/poland\/wp-json\/wp\/v2\/types\/page"}],"author":[{"embeddable":true,"href":"https:\/\/eveready.com\/eu\/poland\/wp-json\/wp\/v2\/users\/1"}],"replies":[{"embeddable":true,"href":"https:\/\/eveready.com\/eu\/poland\/wp-json\/wp\/v2\/comments?post=294"}],"version-history":[{"count":12,"href":"https:\/\/eveready.com\/eu\/poland\/wp-json\/wp\/v2\/pages\/294\/revisions"}],"predecessor-version":[{"id":5075,"href":"https:\/\/eveready.com\/eu\/poland\/wp-json\/wp\/v2\/pages\/294\/revisions\/5075"}],"up":[{"embeddable":true,"href":"https:\/\/eveready.com\/eu\/poland\/wp-json\/wp\/v2\/pages\/90"}],"wp:attachment":[{"href":"https:\/\/eveready.com\/eu\/poland\/wp-json\/wp\/v2\/media?parent=294"}],"curies":[{"name":"wp","href":"https:\/\/api.w.org\/{rel}","templated":true}]}}