{"id":4186,"date":"2025-10-09T07:59:06","date_gmt":"2025-10-09T11:59:06","guid":{"rendered":"https:\/\/eveready.com\/eu\/poland\/?post_type=product&#038;p=4186"},"modified":"2026-03-17T09:53:03","modified_gmt":"2026-03-17T13:53:03","slug":"eveready-super-heavy-duty-aaa","status":"publish","type":"product","link":"https:\/\/eveready.com\/eu\/poland\/product\/eveready-super-heavy-duty-aaa\/","title":{"rendered":"EVEREADY\u00ae SUPER HEAVY DUTY\u2122 AAA"},"content":{"rendered":"<p><strong>Cechy i zalety<\/strong><\/p>\n<ul>\n<li>Opakowanie 4 szt.<\/li>\n<li>Zalety EVEREADY\u00ae Super Heavy Duty\u2122: Sprawdzona jako\u015b\u0107 i przyst\u0119pna cena dla rodzin na ca\u0142ym \u015bwiecie oraz oszcz\u0119dnych konsument\u00f3w<\/li>\n<li>EVEREADY\u00ae zasila ka\u017cd\u0105 chwil\u0119!<\/li>\n<li>Mocna wydajno\u015b\u0107, przyst\u0119pna cena<\/li>\n<li>M\u0105dry i pewny wyb\u00f3r dla Twojej rodziny<\/li>\n<li>Zachowuj\u0105 moc do 3 lat przy przechowywaniu<\/li>\n<li>Og\u00f3lny sk\u0142ad chemiczny: cynk (Zn) i dwutlenek manganu (MnO\u2082), inaczej zwane bateriami cynkowo-w\u0119glowymi<\/li>\n<li>Bez dodatku rt\u0119ci i kadmu. Najlepsze do: urz\u0105dze\u0144 o niskim poborze energii (np. latarnie, czujniki dymu, radia)<\/li>\n<li>Dost\u0119pne rodzaje: AA, AAA, C, D i 9V<\/li>\n<li>Gwarantowana odporno\u015b\u0107 na wycieki<\/li>\n<\/ul>\n","protected":false},"excerpt":{"rendered":"<p>EVEREADY\u00ae SUPER HEAVY DUTY\u2122 to niedrogie rozwi\u0105zanie cynkowo-w\u0119glowe, kt\u00f3re zaspokaja podstawowe potrzeby energetyczne Twojej rodziny. Marka EVEREADY\u00ae Super Heavy Duty\u2122 oferuje pe\u0142n\u0105 gam\u0119 baterii AA, AAA, C, D oraz 6V do latarek. Stanowi\u0105 one ekonomiczny wyb\u00f3r do zegar\u00f3w, latarek, radioodbiornik\u00f3w i innych urz\u0105dze\u0144 o niskim poborze energii. Od 1896 roku baterie EVEREADY\u00ae zapewniaj\u0105 niezawodne, przeno\u015bne zasilanie. Dla ka\u017cdej rodziny, wsz\u0119dzie, ka\u017cdego dnia. EVEREADY\u00ae na ca\u0142e \u017cycie.<\/p>\n<p>* Gotowe do u\u017cycia przez nawet 3 lata<br \/>\n** Bez dodatku rt\u0119ci i kadmu, piecz\u0119\u0107 jako\u015bci dla zaufanej mocy<br \/>\n* na podstawie standardowych test\u00f3w wydajno\u015bci IEC<br \/>\n** przy przechowywaniu<\/p>\n","protected":false},"featured_media":4193,"comment_status":"open","ping_status":"closed","template":"","meta":{"_acf_changed":false},"product_brand":[],"product_cat":[36,38],"product_tag":[],"class_list":{"0":"post-4186","1":"product","2":"type-product","3":"status-publish","4":"has-post-thumbnail","6":"product_cat-batteries","7":"product_cat-eveready-super-heavy-duty","9":"first","10":"instock","11":"shipping-taxable","12":"product-type-simple"},"yoast_head":"<!-- This site is optimized with the Yoast SEO plugin v27.4 - https:\/\/yoast.com\/product\/yoast-seo-wordpress\/ -->\n<title>EVEREADY\u00ae SUPER HEAVY DUTY\u2122 AAA - Eveready Poland<\/title>\n<meta name=\"robots\" content=\"index, follow, max-snippet:-1, max-image-preview:large, max-video-preview:-1\" \/>\n<link rel=\"canonical\" href=\"https:\/\/eveready.com\/eu\/poland\/product\/eveready-super-heavy-duty-aaa\/\" \/>\n<meta property=\"og:locale\" content=\"en_US\" \/>\n<meta property=\"og:type\" content=\"article\" \/>\n<meta property=\"og:title\" content=\"EVEREADY\u00ae SUPER HEAVY DUTY\u2122 AAA - Eveready Poland\" \/>\n<meta property=\"og:description\" content=\"EVEREADY\u00ae SUPER HEAVY DUTY\u2122 to niedrogie rozwi\u0105zanie cynkowo-w\u0119glowe, kt\u00f3re zaspokaja podstawowe potrzeby energetyczne Twojej rodziny. Marka EVEREADY\u00ae Super Heavy Duty\u2122 oferuje pe\u0142n\u0105 gam\u0119 baterii AA, AAA, C, D oraz 6V do latarek. Stanowi\u0105 one ekonomiczny wyb\u00f3r do zegar\u00f3w, latarek, radioodbiornik\u00f3w i innych urz\u0105dze\u0144 o niskim poborze energii. Od 1896 roku baterie EVEREADY\u00ae zapewniaj\u0105 niezawodne, przeno\u015bne zasilanie. Dla ka\u017cdej rodziny, wsz\u0119dzie, ka\u017cdego dnia. EVEREADY\u00ae na ca\u0142e \u017cycie.  * Gotowe do u\u017cycia przez nawet 3 lata ** Bez dodatku rt\u0119ci i kadmu, piecz\u0119\u0107 jako\u015bci dla zaufanej mocy * na podstawie standardowych test\u00f3w wydajno\u015bci IEC ** przy przechowywaniu\" \/>\n<meta property=\"og:url\" content=\"https:\/\/eveready.com\/eu\/poland\/product\/eveready-super-heavy-duty-aaa\/\" \/>\n<meta property=\"og:site_name\" content=\"Eveready Poland\" \/>\n<meta property=\"article:modified_time\" content=\"2026-03-17T13:53:03+00:00\" \/>\n<meta property=\"og:image\" content=\"https:\/\/eveready.com\/eu\/poland\/wp-content\/uploads\/sites\/4\/2025\/10\/Eveready\u00ae-Super-Heavey-Duty-AAA-4.png\" \/>\n\t<meta property=\"og:image:width\" content=\"800\" \/>\n\t<meta property=\"og:image:height\" content=\"800\" \/>\n\t<meta property=\"og:image:type\" content=\"image\/png\" \/>\n<meta name=\"twitter:card\" content=\"summary_large_image\" \/>\n<script type=\"application\/ld+json\" class=\"yoast-schema-graph\">{\"@context\":\"https:\\\/\\\/schema.org\",\"@graph\":[{\"@type\":\"WebPage\",\"@id\":\"https:\\\/\\\/eveready.com\\\/eu\\\/poland\\\/product\\\/eveready-super-heavy-duty-aaa\\\/\",\"url\":\"https:\\\/\\\/eveready.com\\\/eu\\\/poland\\\/product\\\/eveready-super-heavy-duty-aaa\\\/\",\"name\":\"EVEREADY\u00ae SUPER HEAVY DUTY\u2122 AAA - Eveready Poland\",\"isPartOf\":{\"@id\":\"https:\\\/\\\/eveready.com\\\/eu\\\/poland\\\/#website\"},\"primaryImageOfPage\":{\"@id\":\"https:\\\/\\\/eveready.com\\\/eu\\\/poland\\\/product\\\/eveready-super-heavy-duty-aaa\\\/#primaryimage\"},\"image\":{\"@id\":\"https:\\\/\\\/eveready.com\\\/eu\\\/poland\\\/product\\\/eveready-super-heavy-duty-aaa\\\/#primaryimage\"},\"thumbnailUrl\":\"https:\\\/\\\/eveready.com\\\/eu\\\/poland\\\/wp-content\\\/uploads\\\/sites\\\/4\\\/2025\\\/10\\\/Eveready\u00ae-Super-Heavey-Duty-AAA-4.png\",\"datePublished\":\"2025-10-09T11:59:06+00:00\",\"dateModified\":\"2026-03-17T13:53:03+00:00\",\"breadcrumb\":{\"@id\":\"https:\\\/\\\/eveready.com\\\/eu\\\/poland\\\/product\\\/eveready-super-heavy-duty-aaa\\\/#breadcrumb\"},\"inLanguage\":\"en-US\",\"potentialAction\":[{\"@type\":\"ReadAction\",\"target\":[\"https:\\\/\\\/eveready.com\\\/eu\\\/poland\\\/product\\\/eveready-super-heavy-duty-aaa\\\/\"]}]},{\"@type\":\"ImageObject\",\"inLanguage\":\"en-US\",\"@id\":\"https:\\\/\\\/eveready.com\\\/eu\\\/poland\\\/product\\\/eveready-super-heavy-duty-aaa\\\/#primaryimage\",\"url\":\"https:\\\/\\\/eveready.com\\\/eu\\\/poland\\\/wp-content\\\/uploads\\\/sites\\\/4\\\/2025\\\/10\\\/Eveready\u00ae-Super-Heavey-Duty-AAA-4.png\",\"contentUrl\":\"https:\\\/\\\/eveready.com\\\/eu\\\/poland\\\/wp-content\\\/uploads\\\/sites\\\/4\\\/2025\\\/10\\\/Eveready\u00ae-Super-Heavey-Duty-AAA-4.png\",\"width\":800,\"height\":800,\"caption\":\"Eveready\u00ae Super Heavy Duty\u2122 AAA 4pack\"},{\"@type\":\"BreadcrumbList\",\"@id\":\"https:\\\/\\\/eveready.com\\\/eu\\\/poland\\\/product\\\/eveready-super-heavy-duty-aaa\\\/#breadcrumb\",\"itemListElement\":[{\"@type\":\"ListItem\",\"position\":1,\"name\":\"Home\",\"item\":\"https:\\\/\\\/eveready.com\\\/eu\\\/poland\\\/\"},{\"@type\":\"ListItem\",\"position\":2,\"name\":\"Products\",\"item\":\"https:\\\/\\\/eveready.com\\\/eu\\\/poland\\\/shop\\\/\"},{\"@type\":\"ListItem\",\"position\":3,\"name\":\"EVEREADY\u00ae SUPER HEAVY DUTY\u2122 AAA\"}]},{\"@type\":\"WebSite\",\"@id\":\"https:\\\/\\\/eveready.com\\\/eu\\\/poland\\\/#website\",\"url\":\"https:\\\/\\\/eveready.com\\\/eu\\\/poland\\\/\",\"name\":\"Eveready Poland\",\"description\":\"\",\"publisher\":{\"@id\":\"https:\\\/\\\/eveready.com\\\/eu\\\/poland\\\/#organization\"},\"potentialAction\":[{\"@type\":\"SearchAction\",\"target\":{\"@type\":\"EntryPoint\",\"urlTemplate\":\"https:\\\/\\\/eveready.com\\\/eu\\\/poland\\\/?s={search_term_string}\"},\"query-input\":{\"@type\":\"PropertyValueSpecification\",\"valueRequired\":true,\"valueName\":\"search_term_string\"}}],\"inLanguage\":\"en-US\"},{\"@type\":\"Organization\",\"@id\":\"https:\\\/\\\/eveready.com\\\/eu\\\/poland\\\/#organization\",\"name\":\"Eveready Poland\",\"url\":\"https:\\\/\\\/eveready.com\\\/eu\\\/poland\\\/\",\"logo\":{\"@type\":\"ImageObject\",\"inLanguage\":\"en-US\",\"@id\":\"https:\\\/\\\/eveready.com\\\/eu\\\/poland\\\/#\\\/schema\\\/logo\\\/image\\\/\",\"url\":\"https:\\\/\\\/eveready.com\\\/eu\\\/poland\\\/wp-content\\\/uploads\\\/sites\\\/4\\\/2025\\\/08\\\/logo-eveready.png\",\"contentUrl\":\"https:\\\/\\\/eveready.com\\\/eu\\\/poland\\\/wp-content\\\/uploads\\\/sites\\\/4\\\/2025\\\/08\\\/logo-eveready.png\",\"width\":855,\"height\":220,\"caption\":\"Eveready Poland\"},\"image\":{\"@id\":\"https:\\\/\\\/eveready.com\\\/eu\\\/poland\\\/#\\\/schema\\\/logo\\\/image\\\/\"}}]}<\/script>\n<!-- \/ Yoast SEO plugin. -->","yoast_head_json":{"title":"EVEREADY\u00ae SUPER HEAVY DUTY\u2122 AAA - Eveready Poland","robots":{"index":"index","follow":"follow","max-snippet":"max-snippet:-1","max-image-preview":"max-image-preview:large","max-video-preview":"max-video-preview:-1"},"canonical":"https:\/\/eveready.com\/eu\/poland\/product\/eveready-super-heavy-duty-aaa\/","og_locale":"en_US","og_type":"article","og_title":"EVEREADY\u00ae SUPER HEAVY DUTY\u2122 AAA - Eveready Poland","og_description":"EVEREADY\u00ae SUPER HEAVY DUTY\u2122 to niedrogie rozwi\u0105zanie cynkowo-w\u0119glowe, kt\u00f3re zaspokaja podstawowe potrzeby energetyczne Twojej rodziny. Marka EVEREADY\u00ae Super Heavy Duty\u2122 oferuje pe\u0142n\u0105 gam\u0119 baterii AA, AAA, C, D oraz 6V do latarek. Stanowi\u0105 one ekonomiczny wyb\u00f3r do zegar\u00f3w, latarek, radioodbiornik\u00f3w i innych urz\u0105dze\u0144 o niskim poborze energii. Od 1896 roku baterie EVEREADY\u00ae zapewniaj\u0105 niezawodne, przeno\u015bne zasilanie. Dla ka\u017cdej rodziny, wsz\u0119dzie, ka\u017cdego dnia. EVEREADY\u00ae na ca\u0142e \u017cycie.  * Gotowe do u\u017cycia przez nawet 3 lata ** Bez dodatku rt\u0119ci i kadmu, piecz\u0119\u0107 jako\u015bci dla zaufanej mocy * na podstawie standardowych test\u00f3w wydajno\u015bci IEC ** przy przechowywaniu","og_url":"https:\/\/eveready.com\/eu\/poland\/product\/eveready-super-heavy-duty-aaa\/","og_site_name":"Eveready Poland","article_modified_time":"2026-03-17T13:53:03+00:00","og_image":[{"width":800,"height":800,"url":"https:\/\/eveready.com\/eu\/poland\/wp-content\/uploads\/sites\/4\/2025\/10\/Eveready\u00ae-Super-Heavey-Duty-AAA-4.png","type":"image\/png"}],"twitter_card":"summary_large_image","schema":{"@context":"https:\/\/schema.org","@graph":[{"@type":"WebPage","@id":"https:\/\/eveready.com\/eu\/poland\/product\/eveready-super-heavy-duty-aaa\/","url":"https:\/\/eveready.com\/eu\/poland\/product\/eveready-super-heavy-duty-aaa\/","name":"EVEREADY\u00ae SUPER HEAVY DUTY\u2122 AAA - Eveready Poland","isPartOf":{"@id":"https:\/\/eveready.com\/eu\/poland\/#website"},"primaryImageOfPage":{"@id":"https:\/\/eveready.com\/eu\/poland\/product\/eveready-super-heavy-duty-aaa\/#primaryimage"},"image":{"@id":"https:\/\/eveready.com\/eu\/poland\/product\/eveready-super-heavy-duty-aaa\/#primaryimage"},"thumbnailUrl":"https:\/\/eveready.com\/eu\/poland\/wp-content\/uploads\/sites\/4\/2025\/10\/Eveready\u00ae-Super-Heavey-Duty-AAA-4.png","datePublished":"2025-10-09T11:59:06+00:00","dateModified":"2026-03-17T13:53:03+00:00","breadcrumb":{"@id":"https:\/\/eveready.com\/eu\/poland\/product\/eveready-super-heavy-duty-aaa\/#breadcrumb"},"inLanguage":"en-US","potentialAction":[{"@type":"ReadAction","target":["https:\/\/eveready.com\/eu\/poland\/product\/eveready-super-heavy-duty-aaa\/"]}]},{"@type":"ImageObject","inLanguage":"en-US","@id":"https:\/\/eveready.com\/eu\/poland\/product\/eveready-super-heavy-duty-aaa\/#primaryimage","url":"https:\/\/eveready.com\/eu\/poland\/wp-content\/uploads\/sites\/4\/2025\/10\/Eveready\u00ae-Super-Heavey-Duty-AAA-4.png","contentUrl":"https:\/\/eveready.com\/eu\/poland\/wp-content\/uploads\/sites\/4\/2025\/10\/Eveready\u00ae-Super-Heavey-Duty-AAA-4.png","width":800,"height":800,"caption":"Eveready\u00ae Super Heavy Duty\u2122 AAA 4pack"},{"@type":"BreadcrumbList","@id":"https:\/\/eveready.com\/eu\/poland\/product\/eveready-super-heavy-duty-aaa\/#breadcrumb","itemListElement":[{"@type":"ListItem","position":1,"name":"Home","item":"https:\/\/eveready.com\/eu\/poland\/"},{"@type":"ListItem","position":2,"name":"Products","item":"https:\/\/eveready.com\/eu\/poland\/shop\/"},{"@type":"ListItem","position":3,"name":"EVEREADY\u00ae SUPER HEAVY DUTY\u2122 AAA"}]},{"@type":"WebSite","@id":"https:\/\/eveready.com\/eu\/poland\/#website","url":"https:\/\/eveready.com\/eu\/poland\/","name":"Eveready Poland","description":"","publisher":{"@id":"https:\/\/eveready.com\/eu\/poland\/#organization"},"potentialAction":[{"@type":"SearchAction","target":{"@type":"EntryPoint","urlTemplate":"https:\/\/eveready.com\/eu\/poland\/?s={search_term_string}"},"query-input":{"@type":"PropertyValueSpecification","valueRequired":true,"valueName":"search_term_string"}}],"inLanguage":"en-US"},{"@type":"Organization","@id":"https:\/\/eveready.com\/eu\/poland\/#organization","name":"Eveready Poland","url":"https:\/\/eveready.com\/eu\/poland\/","logo":{"@type":"ImageObject","inLanguage":"en-US","@id":"https:\/\/eveready.com\/eu\/poland\/#\/schema\/logo\/image\/","url":"https:\/\/eveready.com\/eu\/poland\/wp-content\/uploads\/sites\/4\/2025\/08\/logo-eveready.png","contentUrl":"https:\/\/eveready.com\/eu\/poland\/wp-content\/uploads\/sites\/4\/2025\/08\/logo-eveready.png","width":855,"height":220,"caption":"Eveready Poland"},"image":{"@id":"https:\/\/eveready.com\/eu\/poland\/#\/schema\/logo\/image\/"}}]}},"acf":[],"_links":{"self":[{"href":"https:\/\/eveready.com\/eu\/poland\/wp-json\/wp\/v2\/product\/4186","targetHints":{"allow":["GET"]}}],"collection":[{"href":"https:\/\/eveready.com\/eu\/poland\/wp-json\/wp\/v2\/product"}],"about":[{"href":"https:\/\/eveready.com\/eu\/poland\/wp-json\/wp\/v2\/types\/product"}],"replies":[{"embeddable":true,"href":"https:\/\/eveready.com\/eu\/poland\/wp-json\/wp\/v2\/comments?post=4186"}],"wp:featuredmedia":[{"embeddable":true,"href":"https:\/\/eveready.com\/eu\/poland\/wp-json\/wp\/v2\/media\/4193"}],"wp:attachment":[{"href":"https:\/\/eveready.com\/eu\/poland\/wp-json\/wp\/v2\/media?parent=4186"}],"wp:term":[{"taxonomy":"product_brand","embeddable":true,"href":"https:\/\/eveready.com\/eu\/poland\/wp-json\/wp\/v2\/product_brand?post=4186"},{"taxonomy":"product_cat","embeddable":true,"href":"https:\/\/eveready.com\/eu\/poland\/wp-json\/wp\/v2\/product_cat?post=4186"},{"taxonomy":"product_tag","embeddable":true,"href":"https:\/\/eveready.com\/eu\/poland\/wp-json\/wp\/v2\/product_tag?post=4186"}],"curies":[{"name":"wp","href":"https:\/\/api.w.org\/{rel}","templated":true}]}}