{"id":4265,"date":"2025-10-10T04:33:33","date_gmt":"2025-10-10T08:33:33","guid":{"rendered":"https:\/\/eveready.com\/eu\/poland\/?post_type=product&#038;p=4265"},"modified":"2026-03-18T00:31:55","modified_gmt":"2026-03-18T04:31:55","slug":"eveready-electronic-batteries-a76","status":"publish","type":"product","link":"https:\/\/eveready.com\/eu\/poland\/product\/eveready-electronic-batteries-a76\/","title":{"rendered":"Eveready\u00ae \u2013 baterie guzikowe A76"},"content":{"rendered":"<p><strong>Cechy i zalety<\/strong><\/p>\n<ul>\n<li>D\u0142ugotrwa\u0142o\u015b\u0107: niezawodna moc, kt\u00f3ra zapewnia ci\u0105g\u0142\u0105 prac\u0119 Twoich urz\u0105dze\u0144<\/li>\n<li>Niezawodno\u015b\u0107: ka\u017cda bateria LR44\/A76 zachowuje moc do 3 lat przy przechowywaniu, dzi\u0119ki czemu jest zawsze gotowa do u\u017cycia, gdy jej potrzebujesz<\/li>\n<li>Zaufana moc: zapewnia d\u0142ugotrwa\u0142\u0105 i pewn\u0105 wydajno\u015b\u0107 w urz\u0105dzeniach specjalistycznych, takich jak wska\u017aniki laserowe, piloty, systemy bezkluczykowego dost\u0119pu, zegarki i zabawki<\/li>\n<li>Opakowanie 2 szt. alkalicznych baterii guzikowych Eveready\u00ae LR44 \/ A76<\/li>\n<li>Specyfikacja: rozmiar LR44\/GZ114 A76 (lub V13GA, 4276, KA76), alkaliczna bateria guzikowa, 1,5 V<\/li>\n<\/ul>\n","protected":false},"excerpt":{"rendered":"<p>Wykorzystaj w pe\u0142ni swoje niezb\u0119dne urz\u0105dzenia dzi\u0119ki niezawodnej, d\u0142ugotrwa\u0142ej mocy, kt\u00f3rej oczekujesz od Eveready\u00ae. Zaopatrz si\u0119 w alkaliczne baterie guzikowe Energizer\u00ae LR44\/A76 do zegark\u00f3w, monitor\u00f3w pracy serca, pilot\u00f3w, system\u00f3w bezkluczykowego dost\u0119pu i zabawek. Baterie guzikowe Eveready\u00ae LR44\/A76 zachowuj\u0105 moc do 3 lat przy przechowywaniu, dzi\u0119ki czemu s\u0105 zawsze gotowe do u\u017cycia, kiedy tylko ich potrzebujesz.<\/p>\n","protected":false},"featured_media":4266,"comment_status":"open","ping_status":"closed","template":"","meta":{"_acf_changed":false},"product_brand":[],"product_cat":[36,63],"product_tag":[],"class_list":{"0":"post-4265","1":"product","2":"type-product","3":"status-publish","4":"has-post-thumbnail","6":"product_cat-batteries","7":"product_cat-specialty-batteries","9":"first","10":"instock","11":"shipping-taxable","12":"product-type-simple"},"yoast_head":"<!-- This site is optimized with the Yoast SEO plugin v27.4 - https:\/\/yoast.com\/product\/yoast-seo-wordpress\/ -->\n<title>Eveready\u00ae \u2013 baterie guzikowe A76 - Eveready Poland<\/title>\n<meta name=\"robots\" content=\"index, follow, max-snippet:-1, max-image-preview:large, max-video-preview:-1\" \/>\n<link rel=\"canonical\" href=\"https:\/\/eveready.com\/eu\/poland\/product\/eveready-electronic-batteries-a76\/\" \/>\n<meta property=\"og:locale\" content=\"en_US\" \/>\n<meta property=\"og:type\" content=\"article\" \/>\n<meta property=\"og:title\" content=\"Eveready\u00ae \u2013 baterie guzikowe A76 - Eveready Poland\" \/>\n<meta property=\"og:description\" content=\"Wykorzystaj w pe\u0142ni swoje niezb\u0119dne urz\u0105dzenia dzi\u0119ki niezawodnej, d\u0142ugotrwa\u0142ej mocy, kt\u00f3rej oczekujesz od Eveready\u00ae. Zaopatrz si\u0119 w alkaliczne baterie guzikowe Energizer\u00ae LR44\/A76 do zegark\u00f3w, monitor\u00f3w pracy serca, pilot\u00f3w, system\u00f3w bezkluczykowego dost\u0119pu i zabawek. Baterie guzikowe Eveready\u00ae LR44\/A76 zachowuj\u0105 moc do 3 lat przy przechowywaniu, dzi\u0119ki czemu s\u0105 zawsze gotowe do u\u017cycia, kiedy tylko ich potrzebujesz.\" \/>\n<meta property=\"og:url\" content=\"https:\/\/eveready.com\/eu\/poland\/product\/eveready-electronic-batteries-a76\/\" \/>\n<meta property=\"og:site_name\" content=\"Eveready Poland\" \/>\n<meta property=\"article:modified_time\" content=\"2026-03-18T04:31:55+00:00\" \/>\n<meta property=\"og:image\" content=\"https:\/\/eveready.com\/eu\/poland\/wp-content\/uploads\/sites\/4\/2025\/10\/Eveready\u00ae-Electronic-Batteries-A76-2.png\" \/>\n\t<meta property=\"og:image:width\" content=\"800\" \/>\n\t<meta property=\"og:image:height\" content=\"800\" \/>\n\t<meta property=\"og:image:type\" content=\"image\/png\" \/>\n<meta name=\"twitter:card\" content=\"summary_large_image\" \/>\n<script type=\"application\/ld+json\" class=\"yoast-schema-graph\">{\"@context\":\"https:\\\/\\\/schema.org\",\"@graph\":[{\"@type\":\"WebPage\",\"@id\":\"https:\\\/\\\/eveready.com\\\/eu\\\/poland\\\/product\\\/eveready-electronic-batteries-a76\\\/\",\"url\":\"https:\\\/\\\/eveready.com\\\/eu\\\/poland\\\/product\\\/eveready-electronic-batteries-a76\\\/\",\"name\":\"Eveready\u00ae \u2013 baterie guzikowe A76 - Eveready Poland\",\"isPartOf\":{\"@id\":\"https:\\\/\\\/eveready.com\\\/eu\\\/poland\\\/#website\"},\"primaryImageOfPage\":{\"@id\":\"https:\\\/\\\/eveready.com\\\/eu\\\/poland\\\/product\\\/eveready-electronic-batteries-a76\\\/#primaryimage\"},\"image\":{\"@id\":\"https:\\\/\\\/eveready.com\\\/eu\\\/poland\\\/product\\\/eveready-electronic-batteries-a76\\\/#primaryimage\"},\"thumbnailUrl\":\"https:\\\/\\\/eveready.com\\\/eu\\\/poland\\\/wp-content\\\/uploads\\\/sites\\\/4\\\/2025\\\/10\\\/Eveready\u00ae-Electronic-Batteries-A76-2.png\",\"datePublished\":\"2025-10-10T08:33:33+00:00\",\"dateModified\":\"2026-03-18T04:31:55+00:00\",\"breadcrumb\":{\"@id\":\"https:\\\/\\\/eveready.com\\\/eu\\\/poland\\\/product\\\/eveready-electronic-batteries-a76\\\/#breadcrumb\"},\"inLanguage\":\"en-US\",\"potentialAction\":[{\"@type\":\"ReadAction\",\"target\":[\"https:\\\/\\\/eveready.com\\\/eu\\\/poland\\\/product\\\/eveready-electronic-batteries-a76\\\/\"]}]},{\"@type\":\"ImageObject\",\"inLanguage\":\"en-US\",\"@id\":\"https:\\\/\\\/eveready.com\\\/eu\\\/poland\\\/product\\\/eveready-electronic-batteries-a76\\\/#primaryimage\",\"url\":\"https:\\\/\\\/eveready.com\\\/eu\\\/poland\\\/wp-content\\\/uploads\\\/sites\\\/4\\\/2025\\\/10\\\/Eveready\u00ae-Electronic-Batteries-A76-2.png\",\"contentUrl\":\"https:\\\/\\\/eveready.com\\\/eu\\\/poland\\\/wp-content\\\/uploads\\\/sites\\\/4\\\/2025\\\/10\\\/Eveready\u00ae-Electronic-Batteries-A76-2.png\",\"width\":800,\"height\":800},{\"@type\":\"BreadcrumbList\",\"@id\":\"https:\\\/\\\/eveready.com\\\/eu\\\/poland\\\/product\\\/eveready-electronic-batteries-a76\\\/#breadcrumb\",\"itemListElement\":[{\"@type\":\"ListItem\",\"position\":1,\"name\":\"Home\",\"item\":\"https:\\\/\\\/eveready.com\\\/eu\\\/poland\\\/\"},{\"@type\":\"ListItem\",\"position\":2,\"name\":\"Products\",\"item\":\"https:\\\/\\\/eveready.com\\\/eu\\\/poland\\\/shop\\\/\"},{\"@type\":\"ListItem\",\"position\":3,\"name\":\"Eveready\u00ae \u2013 baterie guzikowe A76\"}]},{\"@type\":\"WebSite\",\"@id\":\"https:\\\/\\\/eveready.com\\\/eu\\\/poland\\\/#website\",\"url\":\"https:\\\/\\\/eveready.com\\\/eu\\\/poland\\\/\",\"name\":\"Eveready Poland\",\"description\":\"\",\"publisher\":{\"@id\":\"https:\\\/\\\/eveready.com\\\/eu\\\/poland\\\/#organization\"},\"potentialAction\":[{\"@type\":\"SearchAction\",\"target\":{\"@type\":\"EntryPoint\",\"urlTemplate\":\"https:\\\/\\\/eveready.com\\\/eu\\\/poland\\\/?s={search_term_string}\"},\"query-input\":{\"@type\":\"PropertyValueSpecification\",\"valueRequired\":true,\"valueName\":\"search_term_string\"}}],\"inLanguage\":\"en-US\"},{\"@type\":\"Organization\",\"@id\":\"https:\\\/\\\/eveready.com\\\/eu\\\/poland\\\/#organization\",\"name\":\"Eveready Poland\",\"url\":\"https:\\\/\\\/eveready.com\\\/eu\\\/poland\\\/\",\"logo\":{\"@type\":\"ImageObject\",\"inLanguage\":\"en-US\",\"@id\":\"https:\\\/\\\/eveready.com\\\/eu\\\/poland\\\/#\\\/schema\\\/logo\\\/image\\\/\",\"url\":\"https:\\\/\\\/eveready.com\\\/eu\\\/poland\\\/wp-content\\\/uploads\\\/sites\\\/4\\\/2025\\\/08\\\/logo-eveready.png\",\"contentUrl\":\"https:\\\/\\\/eveready.com\\\/eu\\\/poland\\\/wp-content\\\/uploads\\\/sites\\\/4\\\/2025\\\/08\\\/logo-eveready.png\",\"width\":855,\"height\":220,\"caption\":\"Eveready Poland\"},\"image\":{\"@id\":\"https:\\\/\\\/eveready.com\\\/eu\\\/poland\\\/#\\\/schema\\\/logo\\\/image\\\/\"}}]}<\/script>\n<!-- \/ Yoast SEO plugin. -->","yoast_head_json":{"title":"Eveready\u00ae \u2013 baterie guzikowe A76 - Eveready Poland","robots":{"index":"index","follow":"follow","max-snippet":"max-snippet:-1","max-image-preview":"max-image-preview:large","max-video-preview":"max-video-preview:-1"},"canonical":"https:\/\/eveready.com\/eu\/poland\/product\/eveready-electronic-batteries-a76\/","og_locale":"en_US","og_type":"article","og_title":"Eveready\u00ae \u2013 baterie guzikowe A76 - Eveready Poland","og_description":"Wykorzystaj w pe\u0142ni swoje niezb\u0119dne urz\u0105dzenia dzi\u0119ki niezawodnej, d\u0142ugotrwa\u0142ej mocy, kt\u00f3rej oczekujesz od Eveready\u00ae. Zaopatrz si\u0119 w alkaliczne baterie guzikowe Energizer\u00ae LR44\/A76 do zegark\u00f3w, monitor\u00f3w pracy serca, pilot\u00f3w, system\u00f3w bezkluczykowego dost\u0119pu i zabawek. Baterie guzikowe Eveready\u00ae LR44\/A76 zachowuj\u0105 moc do 3 lat przy przechowywaniu, dzi\u0119ki czemu s\u0105 zawsze gotowe do u\u017cycia, kiedy tylko ich potrzebujesz.","og_url":"https:\/\/eveready.com\/eu\/poland\/product\/eveready-electronic-batteries-a76\/","og_site_name":"Eveready Poland","article_modified_time":"2026-03-18T04:31:55+00:00","og_image":[{"width":800,"height":800,"url":"https:\/\/eveready.com\/eu\/poland\/wp-content\/uploads\/sites\/4\/2025\/10\/Eveready\u00ae-Electronic-Batteries-A76-2.png","type":"image\/png"}],"twitter_card":"summary_large_image","schema":{"@context":"https:\/\/schema.org","@graph":[{"@type":"WebPage","@id":"https:\/\/eveready.com\/eu\/poland\/product\/eveready-electronic-batteries-a76\/","url":"https:\/\/eveready.com\/eu\/poland\/product\/eveready-electronic-batteries-a76\/","name":"Eveready\u00ae \u2013 baterie guzikowe A76 - Eveready Poland","isPartOf":{"@id":"https:\/\/eveready.com\/eu\/poland\/#website"},"primaryImageOfPage":{"@id":"https:\/\/eveready.com\/eu\/poland\/product\/eveready-electronic-batteries-a76\/#primaryimage"},"image":{"@id":"https:\/\/eveready.com\/eu\/poland\/product\/eveready-electronic-batteries-a76\/#primaryimage"},"thumbnailUrl":"https:\/\/eveready.com\/eu\/poland\/wp-content\/uploads\/sites\/4\/2025\/10\/Eveready\u00ae-Electronic-Batteries-A76-2.png","datePublished":"2025-10-10T08:33:33+00:00","dateModified":"2026-03-18T04:31:55+00:00","breadcrumb":{"@id":"https:\/\/eveready.com\/eu\/poland\/product\/eveready-electronic-batteries-a76\/#breadcrumb"},"inLanguage":"en-US","potentialAction":[{"@type":"ReadAction","target":["https:\/\/eveready.com\/eu\/poland\/product\/eveready-electronic-batteries-a76\/"]}]},{"@type":"ImageObject","inLanguage":"en-US","@id":"https:\/\/eveready.com\/eu\/poland\/product\/eveready-electronic-batteries-a76\/#primaryimage","url":"https:\/\/eveready.com\/eu\/poland\/wp-content\/uploads\/sites\/4\/2025\/10\/Eveready\u00ae-Electronic-Batteries-A76-2.png","contentUrl":"https:\/\/eveready.com\/eu\/poland\/wp-content\/uploads\/sites\/4\/2025\/10\/Eveready\u00ae-Electronic-Batteries-A76-2.png","width":800,"height":800},{"@type":"BreadcrumbList","@id":"https:\/\/eveready.com\/eu\/poland\/product\/eveready-electronic-batteries-a76\/#breadcrumb","itemListElement":[{"@type":"ListItem","position":1,"name":"Home","item":"https:\/\/eveready.com\/eu\/poland\/"},{"@type":"ListItem","position":2,"name":"Products","item":"https:\/\/eveready.com\/eu\/poland\/shop\/"},{"@type":"ListItem","position":3,"name":"Eveready\u00ae \u2013 baterie guzikowe A76"}]},{"@type":"WebSite","@id":"https:\/\/eveready.com\/eu\/poland\/#website","url":"https:\/\/eveready.com\/eu\/poland\/","name":"Eveready Poland","description":"","publisher":{"@id":"https:\/\/eveready.com\/eu\/poland\/#organization"},"potentialAction":[{"@type":"SearchAction","target":{"@type":"EntryPoint","urlTemplate":"https:\/\/eveready.com\/eu\/poland\/?s={search_term_string}"},"query-input":{"@type":"PropertyValueSpecification","valueRequired":true,"valueName":"search_term_string"}}],"inLanguage":"en-US"},{"@type":"Organization","@id":"https:\/\/eveready.com\/eu\/poland\/#organization","name":"Eveready Poland","url":"https:\/\/eveready.com\/eu\/poland\/","logo":{"@type":"ImageObject","inLanguage":"en-US","@id":"https:\/\/eveready.com\/eu\/poland\/#\/schema\/logo\/image\/","url":"https:\/\/eveready.com\/eu\/poland\/wp-content\/uploads\/sites\/4\/2025\/08\/logo-eveready.png","contentUrl":"https:\/\/eveready.com\/eu\/poland\/wp-content\/uploads\/sites\/4\/2025\/08\/logo-eveready.png","width":855,"height":220,"caption":"Eveready Poland"},"image":{"@id":"https:\/\/eveready.com\/eu\/poland\/#\/schema\/logo\/image\/"}}]}},"acf":[],"_links":{"self":[{"href":"https:\/\/eveready.com\/eu\/poland\/wp-json\/wp\/v2\/product\/4265","targetHints":{"allow":["GET"]}}],"collection":[{"href":"https:\/\/eveready.com\/eu\/poland\/wp-json\/wp\/v2\/product"}],"about":[{"href":"https:\/\/eveready.com\/eu\/poland\/wp-json\/wp\/v2\/types\/product"}],"replies":[{"embeddable":true,"href":"https:\/\/eveready.com\/eu\/poland\/wp-json\/wp\/v2\/comments?post=4265"}],"wp:featuredmedia":[{"embeddable":true,"href":"https:\/\/eveready.com\/eu\/poland\/wp-json\/wp\/v2\/media\/4266"}],"wp:attachment":[{"href":"https:\/\/eveready.com\/eu\/poland\/wp-json\/wp\/v2\/media?parent=4265"}],"wp:term":[{"taxonomy":"product_brand","embeddable":true,"href":"https:\/\/eveready.com\/eu\/poland\/wp-json\/wp\/v2\/product_brand?post=4265"},{"taxonomy":"product_cat","embeddable":true,"href":"https:\/\/eveready.com\/eu\/poland\/wp-json\/wp\/v2\/product_cat?post=4265"},{"taxonomy":"product_tag","embeddable":true,"href":"https:\/\/eveready.com\/eu\/poland\/wp-json\/wp\/v2\/product_tag?post=4265"}],"curies":[{"name":"wp","href":"https:\/\/api.w.org\/{rel}","templated":true}]}}