{"id":4274,"date":"2025-10-10T04:50:16","date_gmt":"2025-10-10T08:50:16","guid":{"rendered":"https:\/\/eveready.com\/eu\/poland\/?post_type=product&#038;p=4274"},"modified":"2026-03-18T01:03:19","modified_gmt":"2026-03-18T05:03:19","slug":"eveready-metal-color-50","status":"publish","type":"product","link":"https:\/\/eveready.com\/eu\/poland\/product\/eveready-metal-color-50\/","title":{"rendered":"EVEREADY\u00ae METAL COLOR 50"},"content":{"rendered":"<p><strong>Cechy i zalety<\/strong><\/p>\n<ul>\n<li>Jedna kompaktowa metalowa latarka LED Eveready\u00ae<\/li>\n<li>Kompaktowa latarka LED o imponuj\u0105cym czasie pracy<\/li>\n<li>Zabierz j\u0105 ze sob\u0105 jako por\u0119czne o\u015bwietlenie kempingowe lub przechowuj w samochodzie jako o\u015bwietlenie awaryjne<\/li>\n<li>\u015awieci z moc\u0105 50 lumen\u00f3w przez 5,5 godziny<\/li>\n<li>Lekka metalowa obudowa z polerowanym wyko\u0144czeniem w kolorze grafitowym i teksturowanym uchwytem<\/li>\n<li>Smycz mo\u017cna przymocowa\u0107 do nadgarstka, aby korzysta\u0107 z latarki bez u\u017cycia r\u0105k<\/li>\n<li>Zawsze niezawodna. Zawsze gotowa. EVEREADY\u00ae.<\/li>\n<\/ul>\n","protected":false},"excerpt":{"rendered":"<p>Poznaj ma\u0142\u0105 latark\u0119, kt\u00f3ra naprawd\u0119 d\u0142ugo \u015bwieci \u2013 kompaktow\u0105 metalow\u0105 latark\u0119 LED Eveready\u00ae. Ta zasilana bateriami latarka zapewnia d\u0142ugotrwa\u0142\u0105 jasno\u015b\u0107 w kompaktowej formie. Latarka jest na tyle ma\u0142a, \u017ce zmie\u015bci si\u0119 w kieszeni, dzi\u0119ki czemu \u015bwietnie sprawdza si\u0119 jako latarka awaryjna, kempingowa lub robocza LED. Czas pracy wynosz\u0105cy 5,5 godziny zapewnia sta\u0142\u0105 jasno\u015b\u0107, gdy jej potrzebujesz. Ta latarka outdoorowa jest nawet pi\u0119\u0107 razy ja\u015bniejsza ni\u017c standardowe o\u015bwietlenie LED, a jej wi\u0105zka \u015bwiat\u0142a si\u0119ga do 80 metr\u00f3w. Metalowa obudowa zapewnia wytrzyma\u0142o\u015b\u0107 podczas u\u017cytkowania, a lekka konstrukcja pozwala przymocowa\u0107 j\u0105 do nadgarstka za pomoc\u0105 smyczy, dzi\u0119ki czemu mo\u017cna z niej korzysta\u0107 bez u\u017cycia r\u0105k. Zawsze niezawodna. Zawsze gotowa. EVEREADY\u00ae.<\/p>\n","protected":false},"featured_media":4280,"comment_status":"open","ping_status":"closed","template":"","meta":{"_acf_changed":false},"product_brand":[],"product_cat":[40,39],"product_tag":[],"class_list":{"0":"post-4274","1":"product","2":"type-product","3":"status-publish","4":"has-post-thumbnail","6":"product_cat-handheld-lights","7":"product_cat-lighting","9":"first","10":"instock","11":"shipping-taxable","12":"product-type-simple"},"yoast_head":"<!-- This site is optimized with the Yoast SEO plugin v27.4 - https:\/\/yoast.com\/product\/yoast-seo-wordpress\/ -->\n<title>EVEREADY\u00ae METAL COLOR 50 - Eveready Poland<\/title>\n<meta name=\"robots\" content=\"index, follow, max-snippet:-1, max-image-preview:large, max-video-preview:-1\" \/>\n<link rel=\"canonical\" href=\"https:\/\/eveready.com\/eu\/poland\/product\/eveready-metal-color-50\/\" \/>\n<meta property=\"og:locale\" content=\"en_US\" \/>\n<meta property=\"og:type\" content=\"article\" \/>\n<meta property=\"og:title\" content=\"EVEREADY\u00ae METAL COLOR 50 - Eveready Poland\" \/>\n<meta property=\"og:description\" content=\"Poznaj ma\u0142\u0105 latark\u0119, kt\u00f3ra naprawd\u0119 d\u0142ugo \u015bwieci \u2013 kompaktow\u0105 metalow\u0105 latark\u0119 LED Eveready\u00ae. Ta zasilana bateriami latarka zapewnia d\u0142ugotrwa\u0142\u0105 jasno\u015b\u0107 w kompaktowej formie. Latarka jest na tyle ma\u0142a, \u017ce zmie\u015bci si\u0119 w kieszeni, dzi\u0119ki czemu \u015bwietnie sprawdza si\u0119 jako latarka awaryjna, kempingowa lub robocza LED. Czas pracy wynosz\u0105cy 5,5 godziny zapewnia sta\u0142\u0105 jasno\u015b\u0107, gdy jej potrzebujesz. Ta latarka outdoorowa jest nawet pi\u0119\u0107 razy ja\u015bniejsza ni\u017c standardowe o\u015bwietlenie LED, a jej wi\u0105zka \u015bwiat\u0142a si\u0119ga do 80 metr\u00f3w. Metalowa obudowa zapewnia wytrzyma\u0142o\u015b\u0107 podczas u\u017cytkowania, a lekka konstrukcja pozwala przymocowa\u0107 j\u0105 do nadgarstka za pomoc\u0105 smyczy, dzi\u0119ki czemu mo\u017cna z niej korzysta\u0107 bez u\u017cycia r\u0105k. Zawsze niezawodna. Zawsze gotowa. EVEREADY\u00ae.\" \/>\n<meta property=\"og:url\" content=\"https:\/\/eveready.com\/eu\/poland\/product\/eveready-metal-color-50\/\" \/>\n<meta property=\"og:site_name\" content=\"Eveready Poland\" \/>\n<meta property=\"article:modified_time\" content=\"2026-03-18T05:03:19+00:00\" \/>\n<meta property=\"og:image\" content=\"https:\/\/eveready.com\/eu\/poland\/wp-content\/uploads\/sites\/4\/2025\/10\/Eveready\u00ae-METAL-COLOR-50.png\" \/>\n\t<meta property=\"og:image:width\" content=\"800\" \/>\n\t<meta property=\"og:image:height\" content=\"800\" \/>\n\t<meta property=\"og:image:type\" content=\"image\/png\" \/>\n<meta name=\"twitter:card\" content=\"summary_large_image\" \/>\n<script type=\"application\/ld+json\" class=\"yoast-schema-graph\">{\"@context\":\"https:\\\/\\\/schema.org\",\"@graph\":[{\"@type\":\"WebPage\",\"@id\":\"https:\\\/\\\/eveready.com\\\/eu\\\/poland\\\/product\\\/eveready-metal-color-50\\\/\",\"url\":\"https:\\\/\\\/eveready.com\\\/eu\\\/poland\\\/product\\\/eveready-metal-color-50\\\/\",\"name\":\"EVEREADY\u00ae METAL COLOR 50 - Eveready Poland\",\"isPartOf\":{\"@id\":\"https:\\\/\\\/eveready.com\\\/eu\\\/poland\\\/#website\"},\"primaryImageOfPage\":{\"@id\":\"https:\\\/\\\/eveready.com\\\/eu\\\/poland\\\/product\\\/eveready-metal-color-50\\\/#primaryimage\"},\"image\":{\"@id\":\"https:\\\/\\\/eveready.com\\\/eu\\\/poland\\\/product\\\/eveready-metal-color-50\\\/#primaryimage\"},\"thumbnailUrl\":\"https:\\\/\\\/eveready.com\\\/eu\\\/poland\\\/wp-content\\\/uploads\\\/sites\\\/4\\\/2025\\\/10\\\/Eveready\u00ae-METAL-COLOR-50.png\",\"datePublished\":\"2025-10-10T08:50:16+00:00\",\"dateModified\":\"2026-03-18T05:03:19+00:00\",\"breadcrumb\":{\"@id\":\"https:\\\/\\\/eveready.com\\\/eu\\\/poland\\\/product\\\/eveready-metal-color-50\\\/#breadcrumb\"},\"inLanguage\":\"en-US\",\"potentialAction\":[{\"@type\":\"ReadAction\",\"target\":[\"https:\\\/\\\/eveready.com\\\/eu\\\/poland\\\/product\\\/eveready-metal-color-50\\\/\"]}]},{\"@type\":\"ImageObject\",\"inLanguage\":\"en-US\",\"@id\":\"https:\\\/\\\/eveready.com\\\/eu\\\/poland\\\/product\\\/eveready-metal-color-50\\\/#primaryimage\",\"url\":\"https:\\\/\\\/eveready.com\\\/eu\\\/poland\\\/wp-content\\\/uploads\\\/sites\\\/4\\\/2025\\\/10\\\/Eveready\u00ae-METAL-COLOR-50.png\",\"contentUrl\":\"https:\\\/\\\/eveready.com\\\/eu\\\/poland\\\/wp-content\\\/uploads\\\/sites\\\/4\\\/2025\\\/10\\\/Eveready\u00ae-METAL-COLOR-50.png\",\"width\":800,\"height\":800},{\"@type\":\"BreadcrumbList\",\"@id\":\"https:\\\/\\\/eveready.com\\\/eu\\\/poland\\\/product\\\/eveready-metal-color-50\\\/#breadcrumb\",\"itemListElement\":[{\"@type\":\"ListItem\",\"position\":1,\"name\":\"Home\",\"item\":\"https:\\\/\\\/eveready.com\\\/eu\\\/poland\\\/\"},{\"@type\":\"ListItem\",\"position\":2,\"name\":\"Products\",\"item\":\"https:\\\/\\\/eveready.com\\\/eu\\\/poland\\\/shop\\\/\"},{\"@type\":\"ListItem\",\"position\":3,\"name\":\"EVEREADY\u00ae METAL COLOR 50\"}]},{\"@type\":\"WebSite\",\"@id\":\"https:\\\/\\\/eveready.com\\\/eu\\\/poland\\\/#website\",\"url\":\"https:\\\/\\\/eveready.com\\\/eu\\\/poland\\\/\",\"name\":\"Eveready Poland\",\"description\":\"\",\"publisher\":{\"@id\":\"https:\\\/\\\/eveready.com\\\/eu\\\/poland\\\/#organization\"},\"potentialAction\":[{\"@type\":\"SearchAction\",\"target\":{\"@type\":\"EntryPoint\",\"urlTemplate\":\"https:\\\/\\\/eveready.com\\\/eu\\\/poland\\\/?s={search_term_string}\"},\"query-input\":{\"@type\":\"PropertyValueSpecification\",\"valueRequired\":true,\"valueName\":\"search_term_string\"}}],\"inLanguage\":\"en-US\"},{\"@type\":\"Organization\",\"@id\":\"https:\\\/\\\/eveready.com\\\/eu\\\/poland\\\/#organization\",\"name\":\"Eveready Poland\",\"url\":\"https:\\\/\\\/eveready.com\\\/eu\\\/poland\\\/\",\"logo\":{\"@type\":\"ImageObject\",\"inLanguage\":\"en-US\",\"@id\":\"https:\\\/\\\/eveready.com\\\/eu\\\/poland\\\/#\\\/schema\\\/logo\\\/image\\\/\",\"url\":\"https:\\\/\\\/eveready.com\\\/eu\\\/poland\\\/wp-content\\\/uploads\\\/sites\\\/4\\\/2025\\\/08\\\/logo-eveready.png\",\"contentUrl\":\"https:\\\/\\\/eveready.com\\\/eu\\\/poland\\\/wp-content\\\/uploads\\\/sites\\\/4\\\/2025\\\/08\\\/logo-eveready.png\",\"width\":855,\"height\":220,\"caption\":\"Eveready Poland\"},\"image\":{\"@id\":\"https:\\\/\\\/eveready.com\\\/eu\\\/poland\\\/#\\\/schema\\\/logo\\\/image\\\/\"}}]}<\/script>\n<!-- \/ Yoast SEO plugin. -->","yoast_head_json":{"title":"EVEREADY\u00ae METAL COLOR 50 - Eveready Poland","robots":{"index":"index","follow":"follow","max-snippet":"max-snippet:-1","max-image-preview":"max-image-preview:large","max-video-preview":"max-video-preview:-1"},"canonical":"https:\/\/eveready.com\/eu\/poland\/product\/eveready-metal-color-50\/","og_locale":"en_US","og_type":"article","og_title":"EVEREADY\u00ae METAL COLOR 50 - Eveready Poland","og_description":"Poznaj ma\u0142\u0105 latark\u0119, kt\u00f3ra naprawd\u0119 d\u0142ugo \u015bwieci \u2013 kompaktow\u0105 metalow\u0105 latark\u0119 LED Eveready\u00ae. Ta zasilana bateriami latarka zapewnia d\u0142ugotrwa\u0142\u0105 jasno\u015b\u0107 w kompaktowej formie. Latarka jest na tyle ma\u0142a, \u017ce zmie\u015bci si\u0119 w kieszeni, dzi\u0119ki czemu \u015bwietnie sprawdza si\u0119 jako latarka awaryjna, kempingowa lub robocza LED. Czas pracy wynosz\u0105cy 5,5 godziny zapewnia sta\u0142\u0105 jasno\u015b\u0107, gdy jej potrzebujesz. Ta latarka outdoorowa jest nawet pi\u0119\u0107 razy ja\u015bniejsza ni\u017c standardowe o\u015bwietlenie LED, a jej wi\u0105zka \u015bwiat\u0142a si\u0119ga do 80 metr\u00f3w. Metalowa obudowa zapewnia wytrzyma\u0142o\u015b\u0107 podczas u\u017cytkowania, a lekka konstrukcja pozwala przymocowa\u0107 j\u0105 do nadgarstka za pomoc\u0105 smyczy, dzi\u0119ki czemu mo\u017cna z niej korzysta\u0107 bez u\u017cycia r\u0105k. Zawsze niezawodna. Zawsze gotowa. EVEREADY\u00ae.","og_url":"https:\/\/eveready.com\/eu\/poland\/product\/eveready-metal-color-50\/","og_site_name":"Eveready Poland","article_modified_time":"2026-03-18T05:03:19+00:00","og_image":[{"width":800,"height":800,"url":"https:\/\/eveready.com\/eu\/poland\/wp-content\/uploads\/sites\/4\/2025\/10\/Eveready\u00ae-METAL-COLOR-50.png","type":"image\/png"}],"twitter_card":"summary_large_image","schema":{"@context":"https:\/\/schema.org","@graph":[{"@type":"WebPage","@id":"https:\/\/eveready.com\/eu\/poland\/product\/eveready-metal-color-50\/","url":"https:\/\/eveready.com\/eu\/poland\/product\/eveready-metal-color-50\/","name":"EVEREADY\u00ae METAL COLOR 50 - Eveready Poland","isPartOf":{"@id":"https:\/\/eveready.com\/eu\/poland\/#website"},"primaryImageOfPage":{"@id":"https:\/\/eveready.com\/eu\/poland\/product\/eveready-metal-color-50\/#primaryimage"},"image":{"@id":"https:\/\/eveready.com\/eu\/poland\/product\/eveready-metal-color-50\/#primaryimage"},"thumbnailUrl":"https:\/\/eveready.com\/eu\/poland\/wp-content\/uploads\/sites\/4\/2025\/10\/Eveready\u00ae-METAL-COLOR-50.png","datePublished":"2025-10-10T08:50:16+00:00","dateModified":"2026-03-18T05:03:19+00:00","breadcrumb":{"@id":"https:\/\/eveready.com\/eu\/poland\/product\/eveready-metal-color-50\/#breadcrumb"},"inLanguage":"en-US","potentialAction":[{"@type":"ReadAction","target":["https:\/\/eveready.com\/eu\/poland\/product\/eveready-metal-color-50\/"]}]},{"@type":"ImageObject","inLanguage":"en-US","@id":"https:\/\/eveready.com\/eu\/poland\/product\/eveready-metal-color-50\/#primaryimage","url":"https:\/\/eveready.com\/eu\/poland\/wp-content\/uploads\/sites\/4\/2025\/10\/Eveready\u00ae-METAL-COLOR-50.png","contentUrl":"https:\/\/eveready.com\/eu\/poland\/wp-content\/uploads\/sites\/4\/2025\/10\/Eveready\u00ae-METAL-COLOR-50.png","width":800,"height":800},{"@type":"BreadcrumbList","@id":"https:\/\/eveready.com\/eu\/poland\/product\/eveready-metal-color-50\/#breadcrumb","itemListElement":[{"@type":"ListItem","position":1,"name":"Home","item":"https:\/\/eveready.com\/eu\/poland\/"},{"@type":"ListItem","position":2,"name":"Products","item":"https:\/\/eveready.com\/eu\/poland\/shop\/"},{"@type":"ListItem","position":3,"name":"EVEREADY\u00ae METAL COLOR 50"}]},{"@type":"WebSite","@id":"https:\/\/eveready.com\/eu\/poland\/#website","url":"https:\/\/eveready.com\/eu\/poland\/","name":"Eveready Poland","description":"","publisher":{"@id":"https:\/\/eveready.com\/eu\/poland\/#organization"},"potentialAction":[{"@type":"SearchAction","target":{"@type":"EntryPoint","urlTemplate":"https:\/\/eveready.com\/eu\/poland\/?s={search_term_string}"},"query-input":{"@type":"PropertyValueSpecification","valueRequired":true,"valueName":"search_term_string"}}],"inLanguage":"en-US"},{"@type":"Organization","@id":"https:\/\/eveready.com\/eu\/poland\/#organization","name":"Eveready Poland","url":"https:\/\/eveready.com\/eu\/poland\/","logo":{"@type":"ImageObject","inLanguage":"en-US","@id":"https:\/\/eveready.com\/eu\/poland\/#\/schema\/logo\/image\/","url":"https:\/\/eveready.com\/eu\/poland\/wp-content\/uploads\/sites\/4\/2025\/08\/logo-eveready.png","contentUrl":"https:\/\/eveready.com\/eu\/poland\/wp-content\/uploads\/sites\/4\/2025\/08\/logo-eveready.png","width":855,"height":220,"caption":"Eveready Poland"},"image":{"@id":"https:\/\/eveready.com\/eu\/poland\/#\/schema\/logo\/image\/"}}]}},"acf":[],"_links":{"self":[{"href":"https:\/\/eveready.com\/eu\/poland\/wp-json\/wp\/v2\/product\/4274","targetHints":{"allow":["GET"]}}],"collection":[{"href":"https:\/\/eveready.com\/eu\/poland\/wp-json\/wp\/v2\/product"}],"about":[{"href":"https:\/\/eveready.com\/eu\/poland\/wp-json\/wp\/v2\/types\/product"}],"replies":[{"embeddable":true,"href":"https:\/\/eveready.com\/eu\/poland\/wp-json\/wp\/v2\/comments?post=4274"}],"wp:featuredmedia":[{"embeddable":true,"href":"https:\/\/eveready.com\/eu\/poland\/wp-json\/wp\/v2\/media\/4280"}],"wp:attachment":[{"href":"https:\/\/eveready.com\/eu\/poland\/wp-json\/wp\/v2\/media?parent=4274"}],"wp:term":[{"taxonomy":"product_brand","embeddable":true,"href":"https:\/\/eveready.com\/eu\/poland\/wp-json\/wp\/v2\/product_brand?post=4274"},{"taxonomy":"product_cat","embeddable":true,"href":"https:\/\/eveready.com\/eu\/poland\/wp-json\/wp\/v2\/product_cat?post=4274"},{"taxonomy":"product_tag","embeddable":true,"href":"https:\/\/eveready.com\/eu\/poland\/wp-json\/wp\/v2\/product_tag?post=4274"}],"curies":[{"name":"wp","href":"https:\/\/api.w.org\/{rel}","templated":true}]}}