{"id":3667,"date":"2025-09-26T02:16:05","date_gmt":"2025-09-26T06:16:05","guid":{"rendered":"https:\/\/4575d4bec0.nxcli.io\/apac\/australia\/?page_id=3667"},"modified":"2026-03-31T02:43:25","modified_gmt":"2026-03-31T06:43:25","slug":"brand-ambassador","status":"publish","type":"page","link":"https:\/\/eveready.com\/eu\/spain\/brand-ambassador\/","title":{"rendered":"Embajador de marca"},"content":{"rendered":"\t\t<div data-elementor-type=\"wp-page\" data-elementor-id=\"3667\" class=\"elementor elementor-3667\" data-elementor-post-type=\"page\">\n\t\t\t\t<div class=\"elementor-element elementor-element-80638f2 e-flex e-con-boxed e-con e-parent\" data-id=\"80638f2\" data-element_type=\"container\" data-e-type=\"container\">\n\t\t\t\t\t<div class=\"e-con-inner\">\n\t\t<div class=\"elementor-element elementor-element-5ab3aef e-con-full e-flex e-con e-child\" data-id=\"5ab3aef\" data-element_type=\"container\" data-e-type=\"container\">\n\t\t\t\t<div class=\"elementor-element elementor-element-04b669b elementor-widget elementor-widget-image\" data-id=\"04b669b\" data-element_type=\"widget\" data-e-type=\"widget\" data-widget_type=\"image.default\">\n\t\t\t\t\t\t\t\t\t\t\t\t\t\t\t<img fetchpriority=\"high\" decoding=\"async\" width=\"1500\" height=\"650\" src=\"https:\/\/eveready.com\/eu\/spain\/wp-content\/uploads\/sites\/13\/2026\/03\/EVR_BALL_SPAIN.jpg\" class=\"attachment-full size-full wp-image-5569\" alt=\"\" srcset=\"https:\/\/eveready.com\/eu\/spain\/wp-content\/uploads\/sites\/13\/2026\/03\/EVR_BALL_SPAIN.jpg 1500w, https:\/\/eveready.com\/eu\/spain\/wp-content\/uploads\/sites\/13\/2026\/03\/EVR_BALL_SPAIN-300x130.jpg 300w, https:\/\/eveready.com\/eu\/spain\/wp-content\/uploads\/sites\/13\/2026\/03\/EVR_BALL_SPAIN-1024x444.jpg 1024w, https:\/\/eveready.com\/eu\/spain\/wp-content\/uploads\/sites\/13\/2026\/03\/EVR_BALL_SPAIN-150x65.jpg 150w, https:\/\/eveready.com\/eu\/spain\/wp-content\/uploads\/sites\/13\/2026\/03\/EVR_BALL_SPAIN-768x333.jpg 768w, https:\/\/eveready.com\/eu\/spain\/wp-content\/uploads\/sites\/13\/2026\/03\/EVR_BALL_SPAIN-600x260.jpg 600w\" sizes=\"(max-width: 1500px) 100vw, 1500px\" \/>\t\t\t\t\t\t\t\t\t\t\t\t\t\t\t<\/div>\n\t\t<div class=\"elementor-element elementor-element-36f234d e-con-full elementor-hidden-desktop elementor-hidden-tablet elementor-hidden-mobile e-flex e-con e-child\" data-id=\"36f234d\" data-element_type=\"container\" data-e-type=\"container\">\n\t\t\t\t<div class=\"elementor-element elementor-element-ca79abf yellow-heading elementor-widget elementor-widget-heading\" data-id=\"ca79abf\" data-element_type=\"widget\" data-e-type=\"widget\" data-widget_type=\"heading.default\">\n\t\t\t\t\t<h2 class=\"elementor-heading-title elementor-size-default\">Brand <\/h2>\t\t\t\t<\/div>\n\t\t\t\t<div class=\"elementor-element elementor-element-a0a632b elementor-widget-divider--view-line elementor-widget elementor-widget-divider\" data-id=\"a0a632b\" data-element_type=\"widget\" data-e-type=\"widget\" data-widget_type=\"divider.default\">\n\t\t\t\t\t\t\t<div class=\"elementor-divider\">\n\t\t\t<span class=\"elementor-divider-separator\">\n\t\t\t\t\t\t<\/span>\n\t\t<\/div>\n\t\t\t\t\t\t<\/div>\n\t\t\t\t<div class=\"elementor-element elementor-element-937855f white-heading elementor-widget elementor-widget-heading\" data-id=\"937855f\" data-element_type=\"widget\" data-e-type=\"widget\" data-widget_type=\"heading.default\">\n\t\t\t\t\t<h2 class=\"elementor-heading-title elementor-size-default\">Ambassador<\/h2>\t\t\t\t<\/div>\n\t\t\t\t<\/div>\n\t\t\t\t<\/div>\n\t\t\t\t\t<\/div>\n\t\t\t\t<\/div>\n\t\t<div class=\"elementor-element elementor-element-dd299eb e-flex e-con-boxed e-con e-parent\" data-id=\"dd299eb\" data-element_type=\"container\" data-e-type=\"container\">\n\t\t\t\t\t<div class=\"e-con-inner\">\n\t\t\t\t<div class=\"elementor-element elementor-element-40e13dc elementor-widget elementor-widget-heading\" data-id=\"40e13dc\" data-element_type=\"widget\" data-e-type=\"widget\" data-widget_type=\"heading.default\">\n\t\t\t\t\t<h2 class=\"elementor-heading-title elementor-size-default\">EVEREADY\u00ae ANUNCIA A HARRY KANE COMO EMBAJADOR GLOBAL DE LA MARCA\n<\/h2>\t\t\t\t<\/div>\n\t\t\t\t<div class=\"elementor-element elementor-element-a999626 elementor-widget__width-initial elementor-widget elementor-widget-text-editor\" data-id=\"a999626\" data-element_type=\"widget\" data-e-type=\"widget\" data-widget_type=\"text-editor.default\">\n\t\t\t\t\t\t\t\t\t<p>Esta alianza con la estrella del f\u00fatbol internacional, conocido por su faceta m\u00e1s familiar, forma parte de una estrategia de marketing internacional m\u00e1s amplia para reforzar la presencia de la marca en todo el mundo.<\/p>\t\t\t\t\t\t\t\t<\/div>\n\t\t\t\t<div class=\"elementor-element elementor-element-4725235 elementor-widget elementor-widget-text-editor\" data-id=\"4725235\" data-element_type=\"widget\" data-e-type=\"widget\" data-widget_type=\"text-editor.default\">\n\t\t\t\t\t\t\t\t\t<p>ST. LOUIS, MISSOURI \u2013 1 de octubre de 2025 \u2013 EVEREADY\u00ae, marca l\u00edder en pilas y productos de iluminaci\u00f3n, ha anunciado la incorporaci\u00f3n del capit\u00e1n de la selecci\u00f3n inglesa y delantero del Bayern de M\u00fanich, Harry Kane, como su nuevo Embajador Global de Marca.<\/p><p>EVEREADY\u00ae es la marca en la que los consumidores conf\u00edan para obtener productos de calidad a un precio asequible, ya que ilumina, protege, entretiene y cuida de las familias. Como marca reconocida y respetada en todo el mundo, EVEREADY\u00ae se complace en colaborar con Harry en un momento en que la marca acelera sus esfuerzos para que la energ\u00eda asequible est\u00e9 disponible de forma m\u00e1s amplia a nivel global.<\/p><p>A trav\u00e9s de esta alianza plurianual, Harry aparecer\u00e1 en las campa\u00f1as internacionales de marketing de EVEREADY\u00ae, difundidas en m\u00faltiples canales como redes sociales, plataformas digitales, comercio electr\u00f3nico, publicidad exterior y expositores en tiendas.<\/p><p>\u00abEstamos encantados de forjar esta alianza con un verdadero icono del f\u00fatbol mundial y de dar la bienvenida a Harry Kane como embajador global de EVEREADY\u00ae\u00bb, ha se\u00f1alado Lori Shambro, Directora de Marketing (CMO) de Energizer Holdings. \u00abNuestra colaboraci\u00f3n con Harry es uno de los muchos esfuerzos de marketing que ayudar\u00e1n a EVEREADY\u00ae a conectar con nuevos consumidores en todo el mundo, mostrando c\u00f3mo nuestra gama de productos de alta calidad y precio asequible puede ayudar a las familias a disponer de la energ\u00eda necesaria para su d\u00eda a d\u00eda y, al mismo tiempo, equilibrar sus presupuestos\u00bb.<\/p><p>\u00abEstoy entusiasmado y orgulloso de trabajar con EVEREADY\u00ae\u00bb, ha declarado Harry. \u00abEs una marca global de confianza con la reputaci\u00f3n de estar ah\u00ed cuando m\u00e1s se necesita, especialmente para que todo funcione sin problemas en casa. \u00a1Tengo muchas ganas de trabajar con ellos!\u00bb.<\/p><p>Harry Kane es una superestrella del f\u00fatbol de renombre mundial, capit\u00e1n de la selecci\u00f3n nacional masculina de Inglaterra y delantero del Bayern de M\u00fanich. Es el m\u00e1ximo goleador hist\u00f3rico del Tottenham Hotspur y de Inglaterra, y ha ganado m\u00faltiples Botas de Oro de la Premier League, premios al m\u00e1ximo goleador de la Bundesliga, la Bota de Oro del Mundial 2018, la Bota de Oro Europea y el t\u00edtulo de la Bundesliga a lo largo de su impresionante carrera. Recientemente, se convirti\u00f3 en el jugador m\u00e1s r\u00e1pido de las cinco grandes ligas europeas en alcanzar el centenar de goles. Un goleador prol\u00edfico y un l\u00edder inspirador tanto dentro como fuera del campo.<\/p>\t\t\t\t\t\t\t\t<\/div>\n\t\t\t\t<div class=\"elementor-element elementor-element-5cc70b6 elementor-widget elementor-widget-text-editor\" data-id=\"5cc70b6\" data-element_type=\"widget\" data-e-type=\"widget\" data-widget_type=\"text-editor.default\">\n\t\t\t\t\t\t\t\t\t<p>EVEREADY\u00ae es una marca de Energizer Holdings, Inc. Para m\u00e1s informaci\u00f3n, visite <span style=\"text-decoration: underline;\"><a href=\"https:\/\/eveready.com\/\" target=\"_blank\" rel=\"noopener\">Eveready.com<\/a><\/span>.<\/p>\t\t\t\t\t\t\t\t<\/div>\n\t\t\t\t<div class=\"elementor-element elementor-element-33b9865 elementor-widget elementor-widget-text-editor\" data-id=\"33b9865\" data-element_type=\"widget\" data-e-type=\"widget\" data-widget_type=\"text-editor.default\">\n\t\t\t\t\t\t\t\t\t<p>EVEREADY\u00ae es una marca de Energizer Holdings, Inc. Para m\u00e1s informaci\u00f3n, visite Eveready.com.<br \/>Para cualquier consulta, p\u00f3ngase en contacto con el portavoz de Energizer Holdings, John Leiby, en <a href=\"mailto:John.Leiby@Energizer.com\"><span style=\"text-decoration: underline;\">John.Leiby@Energizer.com<\/span><\/a> o escriba a <span style=\"text-decoration: underline;\"><a href=\"mailto:Media@Energizer.com\">Media@Energizer.com<\/a><\/span>.<\/p>\t\t\t\t\t\t\t\t<\/div>\n\t\t\t\t<div class=\"elementor-element elementor-element-ff3db52 elementor-widget elementor-widget-heading\" data-id=\"ff3db52\" data-element_type=\"widget\" data-e-type=\"widget\" data-widget_type=\"heading.default\">\n\t\t\t\t\t<h3 class=\"elementor-heading-title elementor-size-default\">ACERCA DE ENERGIZER HOLDINGS\n<\/h3>\t\t\t\t<\/div>\n\t\t\t\t<div class=\"elementor-element elementor-element-b6260cf elementor-widget elementor-widget-text-editor\" data-id=\"b6260cf\" data-element_type=\"widget\" data-e-type=\"widget\" data-widget_type=\"text-editor.default\">\n\t\t\t\t\t\t\t\t\t<p>Energizer Holdings, con sede en St. Louis, Missouri (EE. UU.), es uno de los mayores fabricantes mundiales de pilas y productos de iluminaci\u00f3n port\u00e1til, y cuenta con el respaldo de sus marcas de reconocimiento global: Energizer\u00ae, Eveready\u00ae, Rayovac y Varta. Energizer Holdings tambi\u00e9n es un dise\u00f1ador y comercializador l\u00edder de fragancias y productos para el cuidado del autom\u00f3vil de marcas tan reconocidas como A\/C Pro, Armor All, Bahama &amp; Co., California Scents, Driven, Eagle One, LEXOL, Nu Finish, Refresh Your Car! y STP.<\/p><p>Como distribuidor global de productos de consumo, nuestra misi\u00f3n es liderar nuestras categor\u00edas ofreciendo el mejor servicio a consumidores y clientes.<\/p>\t\t\t\t\t\t\t\t<\/div>\n\t\t\t\t\t<\/div>\n\t\t\t\t<\/div>\n\t\t\t\t<\/div>\n\t\t","protected":false},"excerpt":{"rendered":"<p>Brand Ambassador EVEREADY\u00ae ANUNCIA A HARRY KANE COMO EMBAJADOR GLOBAL DE LA MARCA Esta alianza con la estrella del f\u00fatbol internacional, conocido por su faceta m\u00e1s familiar, forma parte de una estrategia de marketing internacional m\u00e1s amplia para reforzar la presencia de la marca en todo el mundo. ST. LOUIS, MISSOURI \u2013 1 de octubre [&hellip;]<\/p>\n","protected":false},"author":4,"featured_media":0,"parent":0,"menu_order":0,"comment_status":"closed","ping_status":"closed","template":"","meta":{"_acf_changed":false,"footnotes":""},"class_list":["post-3667","page","type-page","status-publish","hentry"],"yoast_head":"<!-- This site is optimized with the Yoast SEO plugin v27.4 - https:\/\/yoast.com\/product\/yoast-seo-wordpress\/ -->\n<title>Embajador de marca - Eveready Spain<\/title>\n<meta name=\"robots\" content=\"index, follow, max-snippet:-1, max-image-preview:large, max-video-preview:-1\" \/>\n<link rel=\"canonical\" href=\"https:\/\/eveready.com\/eu\/spain\/brand-ambassador\/\" \/>\n<meta property=\"og:locale\" content=\"en_US\" \/>\n<meta property=\"og:type\" content=\"article\" \/>\n<meta property=\"og:title\" content=\"Embajador de marca - Eveready Spain\" \/>\n<meta property=\"og:description\" content=\"Brand Ambassador EVEREADY\u00ae ANUNCIA A HARRY KANE COMO EMBAJADOR GLOBAL DE LA MARCA Esta alianza con la estrella del f\u00fatbol internacional, conocido por su faceta m\u00e1s familiar, forma parte de una estrategia de marketing internacional m\u00e1s amplia para reforzar la presencia de la marca en todo el mundo. ST. LOUIS, MISSOURI \u2013 1 de octubre [&hellip;]\" \/>\n<meta property=\"og:url\" content=\"https:\/\/eveready.com\/eu\/spain\/brand-ambassador\/\" \/>\n<meta property=\"og:site_name\" content=\"Eveready Spain\" \/>\n<meta property=\"article:modified_time\" content=\"2026-03-31T06:43:25+00:00\" \/>\n<meta property=\"og:image\" content=\"https:\/\/eveready.com\/eu\/spain\/wp-content\/uploads\/sites\/13\/2026\/03\/EVR_BALL_SPAIN.jpg\" \/>\n\t<meta property=\"og:image:width\" content=\"1500\" \/>\n\t<meta property=\"og:image:height\" content=\"650\" \/>\n\t<meta property=\"og:image:type\" content=\"image\/jpeg\" \/>\n<meta name=\"twitter:card\" content=\"summary_large_image\" \/>\n<script type=\"application\/ld+json\" class=\"yoast-schema-graph\">{\"@context\":\"https:\\\/\\\/schema.org\",\"@graph\":[{\"@type\":\"WebPage\",\"@id\":\"https:\\\/\\\/eveready.com\\\/eu\\\/spain\\\/brand-ambassador\\\/\",\"url\":\"https:\\\/\\\/eveready.com\\\/eu\\\/spain\\\/brand-ambassador\\\/\",\"name\":\"Embajador de marca - Eveready Spain\",\"isPartOf\":{\"@id\":\"https:\\\/\\\/eveready.com\\\/eu\\\/spain\\\/#website\"},\"primaryImageOfPage\":{\"@id\":\"https:\\\/\\\/eveready.com\\\/eu\\\/spain\\\/brand-ambassador\\\/#primaryimage\"},\"image\":{\"@id\":\"https:\\\/\\\/eveready.com\\\/eu\\\/spain\\\/brand-ambassador\\\/#primaryimage\"},\"thumbnailUrl\":\"https:\\\/\\\/eveready.com\\\/eu\\\/spain\\\/wp-content\\\/uploads\\\/sites\\\/13\\\/2026\\\/03\\\/EVR_BALL_SPAIN.jpg\",\"datePublished\":\"2025-09-26T06:16:05+00:00\",\"dateModified\":\"2026-03-31T06:43:25+00:00\",\"breadcrumb\":{\"@id\":\"https:\\\/\\\/eveready.com\\\/eu\\\/spain\\\/brand-ambassador\\\/#breadcrumb\"},\"inLanguage\":\"en-US\",\"potentialAction\":[{\"@type\":\"ReadAction\",\"target\":[\"https:\\\/\\\/eveready.com\\\/eu\\\/spain\\\/brand-ambassador\\\/\"]}]},{\"@type\":\"ImageObject\",\"inLanguage\":\"en-US\",\"@id\":\"https:\\\/\\\/eveready.com\\\/eu\\\/spain\\\/brand-ambassador\\\/#primaryimage\",\"url\":\"https:\\\/\\\/eveready.com\\\/eu\\\/spain\\\/wp-content\\\/uploads\\\/sites\\\/13\\\/2026\\\/03\\\/EVR_BALL_SPAIN.jpg\",\"contentUrl\":\"https:\\\/\\\/eveready.com\\\/eu\\\/spain\\\/wp-content\\\/uploads\\\/sites\\\/13\\\/2026\\\/03\\\/EVR_BALL_SPAIN.jpg\",\"width\":1500,\"height\":650},{\"@type\":\"BreadcrumbList\",\"@id\":\"https:\\\/\\\/eveready.com\\\/eu\\\/spain\\\/brand-ambassador\\\/#breadcrumb\",\"itemListElement\":[{\"@type\":\"ListItem\",\"position\":1,\"name\":\"Home\",\"item\":\"https:\\\/\\\/eveready.com\\\/eu\\\/spain\\\/\"},{\"@type\":\"ListItem\",\"position\":2,\"name\":\"Embajador de marca\"}]},{\"@type\":\"WebSite\",\"@id\":\"https:\\\/\\\/eveready.com\\\/eu\\\/spain\\\/#website\",\"url\":\"https:\\\/\\\/eveready.com\\\/eu\\\/spain\\\/\",\"name\":\"Eveready Spain\",\"description\":\"\",\"publisher\":{\"@id\":\"https:\\\/\\\/eveready.com\\\/eu\\\/spain\\\/#organization\"},\"potentialAction\":[{\"@type\":\"SearchAction\",\"target\":{\"@type\":\"EntryPoint\",\"urlTemplate\":\"https:\\\/\\\/eveready.com\\\/eu\\\/spain\\\/?s={search_term_string}\"},\"query-input\":{\"@type\":\"PropertyValueSpecification\",\"valueRequired\":true,\"valueName\":\"search_term_string\"}}],\"inLanguage\":\"en-US\"},{\"@type\":\"Organization\",\"@id\":\"https:\\\/\\\/eveready.com\\\/eu\\\/spain\\\/#organization\",\"name\":\"Eveready Spain\",\"url\":\"https:\\\/\\\/eveready.com\\\/eu\\\/spain\\\/\",\"logo\":{\"@type\":\"ImageObject\",\"inLanguage\":\"en-US\",\"@id\":\"https:\\\/\\\/eveready.com\\\/eu\\\/spain\\\/#\\\/schema\\\/logo\\\/image\\\/\",\"url\":\"https:\\\/\\\/eveready.com\\\/eu\\\/spain\\\/wp-content\\\/uploads\\\/sites\\\/13\\\/2025\\\/08\\\/logo-eveready.png\",\"contentUrl\":\"https:\\\/\\\/eveready.com\\\/eu\\\/spain\\\/wp-content\\\/uploads\\\/sites\\\/13\\\/2025\\\/08\\\/logo-eveready.png\",\"width\":855,\"height\":220,\"caption\":\"Eveready Spain\"},\"image\":{\"@id\":\"https:\\\/\\\/eveready.com\\\/eu\\\/spain\\\/#\\\/schema\\\/logo\\\/image\\\/\"}}]}<\/script>\n<!-- \/ Yoast SEO plugin. -->","yoast_head_json":{"title":"Embajador de marca - Eveready Spain","robots":{"index":"index","follow":"follow","max-snippet":"max-snippet:-1","max-image-preview":"max-image-preview:large","max-video-preview":"max-video-preview:-1"},"canonical":"https:\/\/eveready.com\/eu\/spain\/brand-ambassador\/","og_locale":"en_US","og_type":"article","og_title":"Embajador de marca - Eveready Spain","og_description":"Brand Ambassador EVEREADY\u00ae ANUNCIA A HARRY KANE COMO EMBAJADOR GLOBAL DE LA MARCA Esta alianza con la estrella del f\u00fatbol internacional, conocido por su faceta m\u00e1s familiar, forma parte de una estrategia de marketing internacional m\u00e1s amplia para reforzar la presencia de la marca en todo el mundo. ST. LOUIS, MISSOURI \u2013 1 de octubre [&hellip;]","og_url":"https:\/\/eveready.com\/eu\/spain\/brand-ambassador\/","og_site_name":"Eveready Spain","article_modified_time":"2026-03-31T06:43:25+00:00","og_image":[{"width":1500,"height":650,"url":"https:\/\/eveready.com\/eu\/spain\/wp-content\/uploads\/sites\/13\/2026\/03\/EVR_BALL_SPAIN.jpg","type":"image\/jpeg"}],"twitter_card":"summary_large_image","schema":{"@context":"https:\/\/schema.org","@graph":[{"@type":"WebPage","@id":"https:\/\/eveready.com\/eu\/spain\/brand-ambassador\/","url":"https:\/\/eveready.com\/eu\/spain\/brand-ambassador\/","name":"Embajador de marca - Eveready Spain","isPartOf":{"@id":"https:\/\/eveready.com\/eu\/spain\/#website"},"primaryImageOfPage":{"@id":"https:\/\/eveready.com\/eu\/spain\/brand-ambassador\/#primaryimage"},"image":{"@id":"https:\/\/eveready.com\/eu\/spain\/brand-ambassador\/#primaryimage"},"thumbnailUrl":"https:\/\/eveready.com\/eu\/spain\/wp-content\/uploads\/sites\/13\/2026\/03\/EVR_BALL_SPAIN.jpg","datePublished":"2025-09-26T06:16:05+00:00","dateModified":"2026-03-31T06:43:25+00:00","breadcrumb":{"@id":"https:\/\/eveready.com\/eu\/spain\/brand-ambassador\/#breadcrumb"},"inLanguage":"en-US","potentialAction":[{"@type":"ReadAction","target":["https:\/\/eveready.com\/eu\/spain\/brand-ambassador\/"]}]},{"@type":"ImageObject","inLanguage":"en-US","@id":"https:\/\/eveready.com\/eu\/spain\/brand-ambassador\/#primaryimage","url":"https:\/\/eveready.com\/eu\/spain\/wp-content\/uploads\/sites\/13\/2026\/03\/EVR_BALL_SPAIN.jpg","contentUrl":"https:\/\/eveready.com\/eu\/spain\/wp-content\/uploads\/sites\/13\/2026\/03\/EVR_BALL_SPAIN.jpg","width":1500,"height":650},{"@type":"BreadcrumbList","@id":"https:\/\/eveready.com\/eu\/spain\/brand-ambassador\/#breadcrumb","itemListElement":[{"@type":"ListItem","position":1,"name":"Home","item":"https:\/\/eveready.com\/eu\/spain\/"},{"@type":"ListItem","position":2,"name":"Embajador de marca"}]},{"@type":"WebSite","@id":"https:\/\/eveready.com\/eu\/spain\/#website","url":"https:\/\/eveready.com\/eu\/spain\/","name":"Eveready Spain","description":"","publisher":{"@id":"https:\/\/eveready.com\/eu\/spain\/#organization"},"potentialAction":[{"@type":"SearchAction","target":{"@type":"EntryPoint","urlTemplate":"https:\/\/eveready.com\/eu\/spain\/?s={search_term_string}"},"query-input":{"@type":"PropertyValueSpecification","valueRequired":true,"valueName":"search_term_string"}}],"inLanguage":"en-US"},{"@type":"Organization","@id":"https:\/\/eveready.com\/eu\/spain\/#organization","name":"Eveready Spain","url":"https:\/\/eveready.com\/eu\/spain\/","logo":{"@type":"ImageObject","inLanguage":"en-US","@id":"https:\/\/eveready.com\/eu\/spain\/#\/schema\/logo\/image\/","url":"https:\/\/eveready.com\/eu\/spain\/wp-content\/uploads\/sites\/13\/2025\/08\/logo-eveready.png","contentUrl":"https:\/\/eveready.com\/eu\/spain\/wp-content\/uploads\/sites\/13\/2025\/08\/logo-eveready.png","width":855,"height":220,"caption":"Eveready Spain"},"image":{"@id":"https:\/\/eveready.com\/eu\/spain\/#\/schema\/logo\/image\/"}}]}},"acf":[],"_links":{"self":[{"href":"https:\/\/eveready.com\/eu\/spain\/wp-json\/wp\/v2\/pages\/3667","targetHints":{"allow":["GET"]}}],"collection":[{"href":"https:\/\/eveready.com\/eu\/spain\/wp-json\/wp\/v2\/pages"}],"about":[{"href":"https:\/\/eveready.com\/eu\/spain\/wp-json\/wp\/v2\/types\/page"}],"author":[{"embeddable":true,"href":"https:\/\/eveready.com\/eu\/spain\/wp-json\/wp\/v2\/users\/4"}],"replies":[{"embeddable":true,"href":"https:\/\/eveready.com\/eu\/spain\/wp-json\/wp\/v2\/comments?post=3667"}],"version-history":[{"count":28,"href":"https:\/\/eveready.com\/eu\/spain\/wp-json\/wp\/v2\/pages\/3667\/revisions"}],"predecessor-version":[{"id":5578,"href":"https:\/\/eveready.com\/eu\/spain\/wp-json\/wp\/v2\/pages\/3667\/revisions\/5578"}],"wp:attachment":[{"href":"https:\/\/eveready.com\/eu\/spain\/wp-json\/wp\/v2\/media?parent=3667"}],"curies":[{"name":"wp","href":"https:\/\/api.w.org\/{rel}","templated":true}]}}