{"id":294,"date":"2025-08-25T07:20:51","date_gmt":"2025-08-25T11:20:51","guid":{"rendered":"https:\/\/4575d4bec0.nxcli.io\/apac\/australia\/?page_id=294"},"modified":"2026-03-04T06:31:34","modified_gmt":"2026-03-04T11:31:34","slug":"flashlight-care","status":"publish","type":"page","link":"https:\/\/eveready.com\/eu\/sweden\/about-eveready\/flashlight-care\/","title":{"rendered":"SK\u00d6TSEL AV FICKLAMPOR"},"content":{"rendered":"\t\t<div data-elementor-type=\"wp-page\" data-elementor-id=\"294\" class=\"elementor elementor-294\" data-elementor-post-type=\"page\">\n\t\t\t\t<div class=\"elementor-element elementor-element-700e413 e-con-full e-flex e-con e-parent\" data-id=\"700e413\" data-element_type=\"container\" data-e-type=\"container\">\n\t\t<div class=\"elementor-element elementor-element-dac3694 e-con-full e-flex e-con e-child\" data-id=\"dac3694\" data-element_type=\"container\" data-e-type=\"container\">\n\t\t\t\t<div class=\"elementor-element elementor-element-10c0037 elementor-widget elementor-widget-image\" data-id=\"10c0037\" data-element_type=\"widget\" data-e-type=\"widget\" data-widget_type=\"image.default\">\n\t\t\t\t\t\t\t\t\t\t\t\t\t\t\t<img fetchpriority=\"high\" decoding=\"async\" width=\"1500\" height=\"650\" src=\"https:\/\/eveready.com\/eu\/sweden\/wp-content\/uploads\/sites\/14\/2025\/09\/subbanner.png\" class=\"attachment-full size-full wp-image-3648\" alt=\"\" srcset=\"https:\/\/eveready.com\/eu\/sweden\/wp-content\/uploads\/sites\/14\/2025\/09\/subbanner.png 1500w, https:\/\/eveready.com\/eu\/sweden\/wp-content\/uploads\/sites\/14\/2025\/09\/subbanner-300x130.png 300w, https:\/\/eveready.com\/eu\/sweden\/wp-content\/uploads\/sites\/14\/2025\/09\/subbanner-1024x444.png 1024w, https:\/\/eveready.com\/eu\/sweden\/wp-content\/uploads\/sites\/14\/2025\/09\/subbanner-150x65.png 150w, https:\/\/eveready.com\/eu\/sweden\/wp-content\/uploads\/sites\/14\/2025\/09\/subbanner-768x333.png 768w, https:\/\/eveready.com\/eu\/sweden\/wp-content\/uploads\/sites\/14\/2025\/09\/subbanner-600x260.png 600w\" sizes=\"(max-width: 1500px) 100vw, 1500px\" \/>\t\t\t\t\t\t\t\t\t\t\t\t\t\t\t<\/div>\n\t\t<div class=\"elementor-element elementor-element-d1be883 e-con-full e-flex e-con e-child\" data-id=\"d1be883\" data-element_type=\"container\" data-e-type=\"container\">\n\t\t\t\t<div class=\"elementor-element elementor-element-057c318 yellow-heading elementor-widget elementor-widget-heading\" data-id=\"057c318\" data-element_type=\"widget\" data-e-type=\"widget\" data-widget_type=\"heading.default\">\n\t\t\t\t\t<h2 class=\"elementor-heading-title elementor-size-default\">SK\u00d6TSEL AV <\/h2>\t\t\t\t<\/div>\n\t\t\t\t<div class=\"elementor-element elementor-element-6403f62 elementor-widget-divider--view-line elementor-widget elementor-widget-divider\" data-id=\"6403f62\" data-element_type=\"widget\" data-e-type=\"widget\" data-widget_type=\"divider.default\">\n\t\t\t\t\t\t\t<div class=\"elementor-divider\">\n\t\t\t<span class=\"elementor-divider-separator\">\n\t\t\t\t\t\t<\/span>\n\t\t<\/div>\n\t\t\t\t\t\t<\/div>\n\t\t\t\t<div class=\"elementor-element elementor-element-d196292 white-heading elementor-widget elementor-widget-heading\" data-id=\"d196292\" data-element_type=\"widget\" data-e-type=\"widget\" data-widget_type=\"heading.default\">\n\t\t\t\t\t<h2 class=\"elementor-heading-title elementor-size-default\">FICKLAMPOR<\/h2>\t\t\t\t<\/div>\n\t\t\t\t<\/div>\n\t\t\t\t<\/div>\n\t\t\t\t<\/div>\n\t\t<div class=\"elementor-element elementor-element-be94206 e-flex e-con-boxed e-con e-parent\" data-id=\"be94206\" data-element_type=\"container\" data-e-type=\"container\">\n\t\t\t\t\t<div class=\"e-con-inner\">\n\t\t\t\t<div class=\"elementor-element elementor-element-6d45777 elementor-widget elementor-widget-heading\" data-id=\"6d45777\" data-element_type=\"widget\" data-e-type=\"widget\" data-widget_type=\"heading.default\">\n\t\t\t\t\t<h3 class=\"elementor-heading-title elementor-size-default\">G\u00d6R S\u00c5 H\u00c4R\n<\/h3>\t\t\t\t<\/div>\n\t\t\t\t<div class=\"elementor-element elementor-element-74e1ca0 elementor-list-item-link-full_width elementor-widget elementor-widget-icon-list\" data-id=\"74e1ca0\" data-element_type=\"widget\" data-e-type=\"widget\" data-widget_type=\"icon-list.default\">\n\t\t\t\t\t\t\t<ul class=\"elementor-icon-list-items\">\n\t\t\t\t\t\t\t<li class=\"elementor-icon-list-item\">\n\t\t\t\t\t\t\t\t\t\t\t<span class=\"elementor-icon-list-icon\">\n\t\t\t\t\t\t\t<svg aria-hidden=\"true\" class=\"e-font-icon-svg e-fas-circle\" viewBox=\"0 0 512 512\" xmlns=\"http:\/\/www.w3.org\/2000\/svg\"><path d=\"M256 8C119 8 8 119 8 256s111 248 248 248 248-111 248-248S393 8 256 8z\"><\/path><\/svg>\t\t\t\t\t\t<\/span>\n\t\t\t\t\t\t\t\t\t\t<span class=\"elementor-icon-list-text\">F\u00d6RVARA ficklampan p\u00e5 en torr och sval plats som \u00e4r l\u00e4tt att komma \u00e5t vid n\u00f6dsituationer eller str\u00f6mavbrott.<\/span>\n\t\t\t\t\t\t\t\t\t<\/li>\n\t\t\t\t\t\t\t\t<li class=\"elementor-icon-list-item\">\n\t\t\t\t\t\t\t\t\t\t\t<span class=\"elementor-icon-list-icon\">\n\t\t\t\t\t\t\t<svg aria-hidden=\"true\" class=\"e-font-icon-svg e-fas-circle\" viewBox=\"0 0 512 512\" xmlns=\"http:\/\/www.w3.org\/2000\/svg\"><path d=\"M256 8C119 8 8 119 8 256s111 248 248 248 248-111 248-248S393 8 256 8z\"><\/path><\/svg>\t\t\t\t\t\t<\/span>\n\t\t\t\t\t\t\t\t\t\t<span class=\"elementor-icon-list-text\">BYT batterier i ficklampan eller lyktan med n\u00e5gra m\u00e5naders mellanrum om den inte anv\u00e4nds under en l\u00e4ngre tid. <\/span>\n\t\t\t\t\t\t\t\t\t<\/li>\n\t\t\t\t\t\t\t\t<li class=\"elementor-icon-list-item\">\n\t\t\t\t\t\t\t\t\t\t\t<span class=\"elementor-icon-list-icon\">\n\t\t\t\t\t\t\t<svg aria-hidden=\"true\" class=\"e-font-icon-svg e-fas-circle\" viewBox=\"0 0 512 512\" xmlns=\"http:\/\/www.w3.org\/2000\/svg\"><path d=\"M256 8C119 8 8 119 8 256s111 248 248 248 248-111 248-248S393 8 256 8z\"><\/path><\/svg>\t\t\t\t\t\t<\/span>\n\t\t\t\t\t\t\t\t\t\t<span class=\"elementor-icon-list-text\">Detta s\u00e4kerst\u00e4ller att batterierna \u00e4r fr\u00e4scha och fungerar, samt f\u00f6rhindrar batteril\u00e4ckage.<\/span>\n\t\t\t\t\t\t\t\t\t<\/li>\n\t\t\t\t\t\t\t\t<li class=\"elementor-icon-list-item\">\n\t\t\t\t\t\t\t\t\t\t\t<span class=\"elementor-icon-list-icon\">\n\t\t\t\t\t\t\t<svg aria-hidden=\"true\" class=\"e-font-icon-svg e-fas-circle\" viewBox=\"0 0 512 512\" xmlns=\"http:\/\/www.w3.org\/2000\/svg\"><path d=\"M256 8C119 8 8 119 8 256s111 248 248 248 248-111 248-248S393 8 256 8z\"><\/path><\/svg>\t\t\t\t\t\t<\/span>\n\t\t\t\t\t\t\t\t\t\t<span class=\"elementor-icon-list-text\">HA ficklampor p\u00e5 flera platser i hemmet och bilen \u2013 i ett sk\u00e5p eller en l\u00e5da, n\u00e4ra s\u00e4ngen och i handskfacket \u2013 f\u00f6r att vara f\u00f6rberedd vid n\u00f6dsituationer.<\/span>\n\t\t\t\t\t\t\t\t\t<\/li>\n\t\t\t\t\t\t\t\t<li class=\"elementor-icon-list-item\">\n\t\t\t\t\t\t\t\t\t\t\t<span class=\"elementor-icon-list-icon\">\n\t\t\t\t\t\t\t<svg aria-hidden=\"true\" class=\"e-font-icon-svg e-fas-circle\" viewBox=\"0 0 512 512\" xmlns=\"http:\/\/www.w3.org\/2000\/svg\"><path d=\"M256 8C119 8 8 119 8 256s111 248 248 248 248-111 248-248S393 8 256 8z\"><\/path><\/svg>\t\t\t\t\t\t<\/span>\n\t\t\t\t\t\t\t\t\t\t<span class=\"elementor-icon-list-text\"> F\u00d6RVARA ett o\u00f6ppnat paket Eveready\u00ae-batterier tillsammans med ficklampan. Det h\u00e4nder ofta att batterier inte byts ut i tid, eller att barnen l\u00e5nat dem till sina leksaker. Med ett extra paket n\u00e4ra till hands kan du k\u00e4nna dig trygg med att du aldrig l\u00e4mnas i m\u00f6rkret.<\/span>\n\t\t\t\t\t\t\t\t\t<\/li>\n\t\t\t\t\t\t\t\t<li class=\"elementor-icon-list-item\">\n\t\t\t\t\t\t\t\t\t\t\t<span class=\"elementor-icon-list-icon\">\n\t\t\t\t\t\t\t<svg aria-hidden=\"true\" class=\"e-font-icon-svg e-fas-circle\" viewBox=\"0 0 512 512\" xmlns=\"http:\/\/www.w3.org\/2000\/svg\"><path d=\"M256 8C119 8 8 119 8 256s111 248 248 248 248-111 248-248S393 8 256 8z\"><\/path><\/svg>\t\t\t\t\t\t<\/span>\n\t\t\t\t\t\t\t\t\t\t<span class=\"elementor-icon-list-text\">DO keep a fresh package of Eveready\u00ae batteries next to your flashlight. Families often find that batteries haven't been replaced frequently or that children have removed the batteries to use in games. Keeping an unopened package of batteries where you store your flashlight gives you peace of mind that you'll never be left in the dark.<\/span>\n\t\t\t\t\t\t\t\t\t<\/li>\n\t\t\t\t\t\t<\/ul>\n\t\t\t\t\t\t<\/div>\n\t\t\t\t<div class=\"elementor-element elementor-element-92c93b3 elementor-widget elementor-widget-heading\" data-id=\"92c93b3\" data-element_type=\"widget\" data-e-type=\"widget\" data-widget_type=\"heading.default\">\n\t\t\t\t\t<h3 class=\"elementor-heading-title elementor-size-default\">T\u00c4NK P\u00c5\n<\/h3>\t\t\t\t<\/div>\n\t\t\t\t<div class=\"elementor-element elementor-element-54f2d78 elementor-list-item-link-full_width elementor-widget elementor-widget-icon-list\" data-id=\"54f2d78\" data-element_type=\"widget\" data-e-type=\"widget\" data-widget_type=\"icon-list.default\">\n\t\t\t\t\t\t\t<ul class=\"elementor-icon-list-items\">\n\t\t\t\t\t\t\t<li class=\"elementor-icon-list-item\">\n\t\t\t\t\t\t\t\t\t\t\t<span class=\"elementor-icon-list-icon\">\n\t\t\t\t\t\t\t<svg aria-hidden=\"true\" class=\"e-font-icon-svg e-fas-circle\" viewBox=\"0 0 512 512\" xmlns=\"http:\/\/www.w3.org\/2000\/svg\"><path d=\"M256 8C119 8 8 119 8 256s111 248 248 248 248-111 248-248S393 8 256 8z\"><\/path><\/svg>\t\t\t\t\t\t<\/span>\n\t\t\t\t\t\t\t\t\t\t<span class=\"elementor-icon-list-text\">F\u00f6rvara INTE ficklampan i h\u00f6ga temperaturer. Detta kan p\u00e5skynda slitage och orsaka skador, inklusive risk f\u00f6r batteril\u00e4ckage.<\/span>\n\t\t\t\t\t\t\t\t\t<\/li>\n\t\t\t\t\t\t\t\t<li class=\"elementor-icon-list-item\">\n\t\t\t\t\t\t\t\t\t\t\t<span class=\"elementor-icon-list-icon\">\n\t\t\t\t\t\t\t<svg aria-hidden=\"true\" class=\"e-font-icon-svg e-fas-circle\" viewBox=\"0 0 512 512\" xmlns=\"http:\/\/www.w3.org\/2000\/svg\"><path d=\"M256 8C119 8 8 119 8 256s111 248 248 248 248-111 248-248S393 8 256 8z\"><\/path><\/svg>\t\t\t\t\t\t<\/span>\n\t\t\t\t\t\t\t\t\t\t<span class=\"elementor-icon-list-text\">L\u00e4mna INTE ficklampan under bils\u00e4tet eller i direkt solljus.<\/span>\n\t\t\t\t\t\t\t\t\t<\/li>\n\t\t\t\t\t\t<\/ul>\n\t\t\t\t\t\t<\/div>\n\t\t\t\t\t<\/div>\n\t\t\t\t<\/div>\n\t\t\t\t<\/div>\n\t\t","protected":false},"excerpt":{"rendered":"<p>SK\u00d6TSEL AV FICKLAMPOR G\u00d6R S\u00c5 H\u00c4R F\u00d6RVARA ficklampan p\u00e5 en torr och sval plats som \u00e4r l\u00e4tt att komma \u00e5t vid n\u00f6dsituationer eller str\u00f6mavbrott. BYT batterier i ficklampan eller lyktan med n\u00e5gra m\u00e5naders mellanrum om den inte anv\u00e4nds under en l\u00e4ngre tid. Detta s\u00e4kerst\u00e4ller att batterierna \u00e4r fr\u00e4scha och fungerar, samt f\u00f6rhindrar batteril\u00e4ckage. HA ficklampor [&hellip;]<\/p>\n","protected":false},"author":1,"featured_media":0,"parent":90,"menu_order":0,"comment_status":"closed","ping_status":"closed","template":"","meta":{"_acf_changed":false,"footnotes":""},"class_list":["post-294","page","type-page","status-publish","hentry"],"yoast_head":"<!-- This site is optimized with the Yoast SEO plugin v27.4 - https:\/\/yoast.com\/product\/yoast-seo-wordpress\/ -->\n<title>SK\u00d6TSEL AV FICKLAMPOR - Eveready Sweden<\/title>\n<meta name=\"robots\" content=\"index, follow, max-snippet:-1, max-image-preview:large, max-video-preview:-1\" \/>\n<link rel=\"canonical\" href=\"https:\/\/eveready.com\/eu\/sweden\/about-eveready\/flashlight-care\/\" \/>\n<meta property=\"og:locale\" content=\"en_US\" \/>\n<meta property=\"og:type\" content=\"article\" \/>\n<meta property=\"og:title\" content=\"SK\u00d6TSEL AV FICKLAMPOR - Eveready Sweden\" \/>\n<meta property=\"og:description\" content=\"SK\u00d6TSEL AV FICKLAMPOR G\u00d6R S\u00c5 H\u00c4R F\u00d6RVARA ficklampan p\u00e5 en torr och sval plats som \u00e4r l\u00e4tt att komma \u00e5t vid n\u00f6dsituationer eller str\u00f6mavbrott. BYT batterier i ficklampan eller lyktan med n\u00e5gra m\u00e5naders mellanrum om den inte anv\u00e4nds under en l\u00e4ngre tid. Detta s\u00e4kerst\u00e4ller att batterierna \u00e4r fr\u00e4scha och fungerar, samt f\u00f6rhindrar batteril\u00e4ckage. HA ficklampor [&hellip;]\" \/>\n<meta property=\"og:url\" content=\"https:\/\/eveready.com\/eu\/sweden\/about-eveready\/flashlight-care\/\" \/>\n<meta property=\"og:site_name\" content=\"Eveready Sweden\" \/>\n<meta property=\"article:modified_time\" content=\"2026-03-04T11:31:34+00:00\" \/>\n<meta property=\"og:image\" content=\"https:\/\/eveready.com\/eu\/sweden\/wp-content\/uploads\/sites\/14\/2025\/09\/subbanner.png\" \/>\n\t<meta property=\"og:image:width\" content=\"1500\" \/>\n\t<meta property=\"og:image:height\" content=\"650\" \/>\n\t<meta property=\"og:image:type\" content=\"image\/png\" \/>\n<meta name=\"twitter:card\" content=\"summary_large_image\" \/>\n<script type=\"application\/ld+json\" class=\"yoast-schema-graph\">{\"@context\":\"https:\\\/\\\/schema.org\",\"@graph\":[{\"@type\":\"WebPage\",\"@id\":\"https:\\\/\\\/eveready.com\\\/eu\\\/sweden\\\/about-eveready\\\/flashlight-care\\\/\",\"url\":\"https:\\\/\\\/eveready.com\\\/eu\\\/sweden\\\/about-eveready\\\/flashlight-care\\\/\",\"name\":\"SK\u00d6TSEL AV FICKLAMPOR - Eveready Sweden\",\"isPartOf\":{\"@id\":\"https:\\\/\\\/eveready.com\\\/eu\\\/sweden\\\/#website\"},\"primaryImageOfPage\":{\"@id\":\"https:\\\/\\\/eveready.com\\\/eu\\\/sweden\\\/about-eveready\\\/flashlight-care\\\/#primaryimage\"},\"image\":{\"@id\":\"https:\\\/\\\/eveready.com\\\/eu\\\/sweden\\\/about-eveready\\\/flashlight-care\\\/#primaryimage\"},\"thumbnailUrl\":\"https:\\\/\\\/eveready.com\\\/eu\\\/sweden\\\/wp-content\\\/uploads\\\/sites\\\/14\\\/2025\\\/09\\\/subbanner.png\",\"datePublished\":\"2025-08-25T11:20:51+00:00\",\"dateModified\":\"2026-03-04T11:31:34+00:00\",\"breadcrumb\":{\"@id\":\"https:\\\/\\\/eveready.com\\\/eu\\\/sweden\\\/about-eveready\\\/flashlight-care\\\/#breadcrumb\"},\"inLanguage\":\"en-US\",\"potentialAction\":[{\"@type\":\"ReadAction\",\"target\":[\"https:\\\/\\\/eveready.com\\\/eu\\\/sweden\\\/about-eveready\\\/flashlight-care\\\/\"]}]},{\"@type\":\"ImageObject\",\"inLanguage\":\"en-US\",\"@id\":\"https:\\\/\\\/eveready.com\\\/eu\\\/sweden\\\/about-eveready\\\/flashlight-care\\\/#primaryimage\",\"url\":\"https:\\\/\\\/eveready.com\\\/eu\\\/sweden\\\/wp-content\\\/uploads\\\/sites\\\/14\\\/2025\\\/09\\\/subbanner.png\",\"contentUrl\":\"https:\\\/\\\/eveready.com\\\/eu\\\/sweden\\\/wp-content\\\/uploads\\\/sites\\\/14\\\/2025\\\/09\\\/subbanner.png\",\"width\":1500,\"height\":650},{\"@type\":\"BreadcrumbList\",\"@id\":\"https:\\\/\\\/eveready.com\\\/eu\\\/sweden\\\/about-eveready\\\/flashlight-care\\\/#breadcrumb\",\"itemListElement\":[{\"@type\":\"ListItem\",\"position\":1,\"name\":\"Home\",\"item\":\"https:\\\/\\\/eveready.com\\\/eu\\\/sweden\\\/\"},{\"@type\":\"ListItem\",\"position\":2,\"name\":\"OM OSS\",\"item\":\"https:\\\/\\\/eveready.com\\\/eu\\\/sweden\\\/about-eveready\\\/\"},{\"@type\":\"ListItem\",\"position\":3,\"name\":\"SK\u00d6TSEL AV FICKLAMPOR\"}]},{\"@type\":\"WebSite\",\"@id\":\"https:\\\/\\\/eveready.com\\\/eu\\\/sweden\\\/#website\",\"url\":\"https:\\\/\\\/eveready.com\\\/eu\\\/sweden\\\/\",\"name\":\"Eveready Sweden\",\"description\":\"\",\"publisher\":{\"@id\":\"https:\\\/\\\/eveready.com\\\/eu\\\/sweden\\\/#organization\"},\"potentialAction\":[{\"@type\":\"SearchAction\",\"target\":{\"@type\":\"EntryPoint\",\"urlTemplate\":\"https:\\\/\\\/eveready.com\\\/eu\\\/sweden\\\/?s={search_term_string}\"},\"query-input\":{\"@type\":\"PropertyValueSpecification\",\"valueRequired\":true,\"valueName\":\"search_term_string\"}}],\"inLanguage\":\"en-US\"},{\"@type\":\"Organization\",\"@id\":\"https:\\\/\\\/eveready.com\\\/eu\\\/sweden\\\/#organization\",\"name\":\"Eveready Sweden\",\"url\":\"https:\\\/\\\/eveready.com\\\/eu\\\/sweden\\\/\",\"logo\":{\"@type\":\"ImageObject\",\"inLanguage\":\"en-US\",\"@id\":\"https:\\\/\\\/eveready.com\\\/eu\\\/sweden\\\/#\\\/schema\\\/logo\\\/image\\\/\",\"url\":\"https:\\\/\\\/eveready.com\\\/eu\\\/sweden\\\/wp-content\\\/uploads\\\/sites\\\/14\\\/2025\\\/08\\\/logo-eveready.png\",\"contentUrl\":\"https:\\\/\\\/eveready.com\\\/eu\\\/sweden\\\/wp-content\\\/uploads\\\/sites\\\/14\\\/2025\\\/08\\\/logo-eveready.png\",\"width\":855,\"height\":220,\"caption\":\"Eveready Sweden\"},\"image\":{\"@id\":\"https:\\\/\\\/eveready.com\\\/eu\\\/sweden\\\/#\\\/schema\\\/logo\\\/image\\\/\"}}]}<\/script>\n<!-- \/ Yoast SEO plugin. -->","yoast_head_json":{"title":"SK\u00d6TSEL AV FICKLAMPOR - Eveready Sweden","robots":{"index":"index","follow":"follow","max-snippet":"max-snippet:-1","max-image-preview":"max-image-preview:large","max-video-preview":"max-video-preview:-1"},"canonical":"https:\/\/eveready.com\/eu\/sweden\/about-eveready\/flashlight-care\/","og_locale":"en_US","og_type":"article","og_title":"SK\u00d6TSEL AV FICKLAMPOR - Eveready Sweden","og_description":"SK\u00d6TSEL AV FICKLAMPOR G\u00d6R S\u00c5 H\u00c4R F\u00d6RVARA ficklampan p\u00e5 en torr och sval plats som \u00e4r l\u00e4tt att komma \u00e5t vid n\u00f6dsituationer eller str\u00f6mavbrott. BYT batterier i ficklampan eller lyktan med n\u00e5gra m\u00e5naders mellanrum om den inte anv\u00e4nds under en l\u00e4ngre tid. Detta s\u00e4kerst\u00e4ller att batterierna \u00e4r fr\u00e4scha och fungerar, samt f\u00f6rhindrar batteril\u00e4ckage. HA ficklampor [&hellip;]","og_url":"https:\/\/eveready.com\/eu\/sweden\/about-eveready\/flashlight-care\/","og_site_name":"Eveready Sweden","article_modified_time":"2026-03-04T11:31:34+00:00","og_image":[{"width":1500,"height":650,"url":"https:\/\/eveready.com\/eu\/sweden\/wp-content\/uploads\/sites\/14\/2025\/09\/subbanner.png","type":"image\/png"}],"twitter_card":"summary_large_image","schema":{"@context":"https:\/\/schema.org","@graph":[{"@type":"WebPage","@id":"https:\/\/eveready.com\/eu\/sweden\/about-eveready\/flashlight-care\/","url":"https:\/\/eveready.com\/eu\/sweden\/about-eveready\/flashlight-care\/","name":"SK\u00d6TSEL AV FICKLAMPOR - Eveready Sweden","isPartOf":{"@id":"https:\/\/eveready.com\/eu\/sweden\/#website"},"primaryImageOfPage":{"@id":"https:\/\/eveready.com\/eu\/sweden\/about-eveready\/flashlight-care\/#primaryimage"},"image":{"@id":"https:\/\/eveready.com\/eu\/sweden\/about-eveready\/flashlight-care\/#primaryimage"},"thumbnailUrl":"https:\/\/eveready.com\/eu\/sweden\/wp-content\/uploads\/sites\/14\/2025\/09\/subbanner.png","datePublished":"2025-08-25T11:20:51+00:00","dateModified":"2026-03-04T11:31:34+00:00","breadcrumb":{"@id":"https:\/\/eveready.com\/eu\/sweden\/about-eveready\/flashlight-care\/#breadcrumb"},"inLanguage":"en-US","potentialAction":[{"@type":"ReadAction","target":["https:\/\/eveready.com\/eu\/sweden\/about-eveready\/flashlight-care\/"]}]},{"@type":"ImageObject","inLanguage":"en-US","@id":"https:\/\/eveready.com\/eu\/sweden\/about-eveready\/flashlight-care\/#primaryimage","url":"https:\/\/eveready.com\/eu\/sweden\/wp-content\/uploads\/sites\/14\/2025\/09\/subbanner.png","contentUrl":"https:\/\/eveready.com\/eu\/sweden\/wp-content\/uploads\/sites\/14\/2025\/09\/subbanner.png","width":1500,"height":650},{"@type":"BreadcrumbList","@id":"https:\/\/eveready.com\/eu\/sweden\/about-eveready\/flashlight-care\/#breadcrumb","itemListElement":[{"@type":"ListItem","position":1,"name":"Home","item":"https:\/\/eveready.com\/eu\/sweden\/"},{"@type":"ListItem","position":2,"name":"OM OSS","item":"https:\/\/eveready.com\/eu\/sweden\/about-eveready\/"},{"@type":"ListItem","position":3,"name":"SK\u00d6TSEL AV FICKLAMPOR"}]},{"@type":"WebSite","@id":"https:\/\/eveready.com\/eu\/sweden\/#website","url":"https:\/\/eveready.com\/eu\/sweden\/","name":"Eveready Sweden","description":"","publisher":{"@id":"https:\/\/eveready.com\/eu\/sweden\/#organization"},"potentialAction":[{"@type":"SearchAction","target":{"@type":"EntryPoint","urlTemplate":"https:\/\/eveready.com\/eu\/sweden\/?s={search_term_string}"},"query-input":{"@type":"PropertyValueSpecification","valueRequired":true,"valueName":"search_term_string"}}],"inLanguage":"en-US"},{"@type":"Organization","@id":"https:\/\/eveready.com\/eu\/sweden\/#organization","name":"Eveready Sweden","url":"https:\/\/eveready.com\/eu\/sweden\/","logo":{"@type":"ImageObject","inLanguage":"en-US","@id":"https:\/\/eveready.com\/eu\/sweden\/#\/schema\/logo\/image\/","url":"https:\/\/eveready.com\/eu\/sweden\/wp-content\/uploads\/sites\/14\/2025\/08\/logo-eveready.png","contentUrl":"https:\/\/eveready.com\/eu\/sweden\/wp-content\/uploads\/sites\/14\/2025\/08\/logo-eveready.png","width":855,"height":220,"caption":"Eveready Sweden"},"image":{"@id":"https:\/\/eveready.com\/eu\/sweden\/#\/schema\/logo\/image\/"}}]}},"acf":[],"_links":{"self":[{"href":"https:\/\/eveready.com\/eu\/sweden\/wp-json\/wp\/v2\/pages\/294","targetHints":{"allow":["GET"]}}],"collection":[{"href":"https:\/\/eveready.com\/eu\/sweden\/wp-json\/wp\/v2\/pages"}],"about":[{"href":"https:\/\/eveready.com\/eu\/sweden\/wp-json\/wp\/v2\/types\/page"}],"author":[{"embeddable":true,"href":"https:\/\/eveready.com\/eu\/sweden\/wp-json\/wp\/v2\/users\/1"}],"replies":[{"embeddable":true,"href":"https:\/\/eveready.com\/eu\/sweden\/wp-json\/wp\/v2\/comments?post=294"}],"version-history":[{"count":9,"href":"https:\/\/eveready.com\/eu\/sweden\/wp-json\/wp\/v2\/pages\/294\/revisions"}],"predecessor-version":[{"id":5439,"href":"https:\/\/eveready.com\/eu\/sweden\/wp-json\/wp\/v2\/pages\/294\/revisions\/5439"}],"up":[{"embeddable":true,"href":"https:\/\/eveready.com\/eu\/sweden\/wp-json\/wp\/v2\/pages\/90"}],"wp:attachment":[{"href":"https:\/\/eveready.com\/eu\/sweden\/wp-json\/wp\/v2\/media?parent=294"}],"curies":[{"name":"wp","href":"https:\/\/api.w.org\/{rel}","templated":true}]}}