{"id":3667,"date":"2025-09-26T02:16:05","date_gmt":"2025-09-26T06:16:05","guid":{"rendered":"https:\/\/4575d4bec0.nxcli.io\/apac\/australia\/?page_id=3667"},"modified":"2026-03-31T02:51:28","modified_gmt":"2026-03-31T06:51:28","slug":"brand-ambassador","status":"publish","type":"page","link":"https:\/\/eveready.com\/eu\/sweden\/brand-ambassador\/","title":{"rendered":"Varum\u00e4rkesambassad\u00f6r"},"content":{"rendered":"\t\t<div data-elementor-type=\"wp-page\" data-elementor-id=\"3667\" class=\"elementor elementor-3667\" data-elementor-post-type=\"page\">\n\t\t\t\t<div class=\"elementor-element elementor-element-80638f2 e-flex e-con-boxed e-con e-parent\" data-id=\"80638f2\" data-element_type=\"container\" data-e-type=\"container\">\n\t\t\t\t\t<div class=\"e-con-inner\">\n\t\t<div class=\"elementor-element elementor-element-5ab3aef e-con-full e-flex e-con e-child\" data-id=\"5ab3aef\" data-element_type=\"container\" data-e-type=\"container\">\n\t\t\t\t<div class=\"elementor-element elementor-element-04b669b elementor-widget elementor-widget-image\" data-id=\"04b669b\" data-element_type=\"widget\" data-e-type=\"widget\" data-widget_type=\"image.default\">\n\t\t\t\t\t\t\t\t\t\t\t\t\t\t\t<img fetchpriority=\"high\" decoding=\"async\" width=\"1500\" height=\"650\" src=\"https:\/\/eveready.com\/eu\/sweden\/wp-content\/uploads\/sites\/14\/2026\/03\/EVR_BALL_SWEDEN.jpg\" class=\"attachment-full size-full wp-image-5631\" alt=\"\" srcset=\"https:\/\/eveready.com\/eu\/sweden\/wp-content\/uploads\/sites\/14\/2026\/03\/EVR_BALL_SWEDEN.jpg 1500w, https:\/\/eveready.com\/eu\/sweden\/wp-content\/uploads\/sites\/14\/2026\/03\/EVR_BALL_SWEDEN-300x130.jpg 300w, https:\/\/eveready.com\/eu\/sweden\/wp-content\/uploads\/sites\/14\/2026\/03\/EVR_BALL_SWEDEN-1024x444.jpg 1024w, https:\/\/eveready.com\/eu\/sweden\/wp-content\/uploads\/sites\/14\/2026\/03\/EVR_BALL_SWEDEN-150x65.jpg 150w, https:\/\/eveready.com\/eu\/sweden\/wp-content\/uploads\/sites\/14\/2026\/03\/EVR_BALL_SWEDEN-768x333.jpg 768w, https:\/\/eveready.com\/eu\/sweden\/wp-content\/uploads\/sites\/14\/2026\/03\/EVR_BALL_SWEDEN-600x260.jpg 600w\" sizes=\"(max-width: 1500px) 100vw, 1500px\" \/>\t\t\t\t\t\t\t\t\t\t\t\t\t\t\t<\/div>\n\t\t<div class=\"elementor-element elementor-element-36f234d e-con-full elementor-hidden-desktop elementor-hidden-tablet elementor-hidden-mobile e-flex e-con e-child\" data-id=\"36f234d\" data-element_type=\"container\" data-e-type=\"container\">\n\t\t\t\t<div class=\"elementor-element elementor-element-ca79abf yellow-heading elementor-widget elementor-widget-heading\" data-id=\"ca79abf\" data-element_type=\"widget\" data-e-type=\"widget\" data-widget_type=\"heading.default\">\n\t\t\t\t\t<h2 class=\"elementor-heading-title elementor-size-default\">Brand <\/h2>\t\t\t\t<\/div>\n\t\t\t\t<div class=\"elementor-element elementor-element-a0a632b elementor-widget-divider--view-line elementor-widget elementor-widget-divider\" data-id=\"a0a632b\" data-element_type=\"widget\" data-e-type=\"widget\" data-widget_type=\"divider.default\">\n\t\t\t\t\t\t\t<div class=\"elementor-divider\">\n\t\t\t<span class=\"elementor-divider-separator\">\n\t\t\t\t\t\t<\/span>\n\t\t<\/div>\n\t\t\t\t\t\t<\/div>\n\t\t\t\t<div class=\"elementor-element elementor-element-937855f white-heading elementor-widget elementor-widget-heading\" data-id=\"937855f\" data-element_type=\"widget\" data-e-type=\"widget\" data-widget_type=\"heading.default\">\n\t\t\t\t\t<h2 class=\"elementor-heading-title elementor-size-default\">Ambassador<\/h2>\t\t\t\t<\/div>\n\t\t\t\t<\/div>\n\t\t\t\t<\/div>\n\t\t\t\t\t<\/div>\n\t\t\t\t<\/div>\n\t\t<div class=\"elementor-element elementor-element-dd299eb e-flex e-con-boxed e-con e-parent\" data-id=\"dd299eb\" data-element_type=\"container\" data-e-type=\"container\">\n\t\t\t\t\t<div class=\"e-con-inner\">\n\t\t\t\t<div class=\"elementor-element elementor-element-40e13dc elementor-widget elementor-widget-heading\" data-id=\"40e13dc\" data-element_type=\"widget\" data-e-type=\"widget\" data-widget_type=\"heading.default\">\n\t\t\t\t\t<h2 class=\"elementor-heading-title elementor-size-default\">EVEREADY\u00ae UTSER HARRY KANE TILL GLOBAL BRAND AMBASSADOR\n<\/h2>\t\t\t\t<\/div>\n\t\t\t\t<div class=\"elementor-element elementor-element-a999626 elementor-widget__width-initial elementor-widget elementor-widget-text-editor\" data-id=\"a999626\" data-element_type=\"widget\" data-e-type=\"widget\" data-widget_type=\"text-editor.default\">\n\t\t\t\t\t\t\t\t\t<p><em>Partnerskapet med den internationella fotbollsstj\u00e4rnan och familjefadern \u00e4r en del av ett bredare, globalt marknadsf\u00f6ringsarbete f\u00f6r att st\u00e4rka varum\u00e4rkets n\u00e4rvaro v\u00e4rlden \u00f6ver.<\/em><\/p>\t\t\t\t\t\t\t\t<\/div>\n\t\t\t\t<div class=\"elementor-element elementor-element-4725235 elementor-widget elementor-widget-text-editor\" data-id=\"4725235\" data-element_type=\"widget\" data-e-type=\"widget\" data-widget_type=\"text-editor.default\">\n\t\t\t\t\t\t\t\t\t<p><b>ST. LOUIS, MISSOURI \u2013 1 OKTOBER 2025 \u2013 EVEREADY\u00ae<\/b>, ett ledande varum\u00e4rke inom batterier och belysningsprodukter, tillk\u00e4nnager att Englands herrlandslagskapten och anfallare i Bayern M\u00fcnchen, Harry Kane, har utsetts till Global Brand Ambassador.<\/p><p>EVEREADY\u00ae \u00e4r varum\u00e4rket som m\u00e4nniskor litar p\u00e5 f\u00f6r kvalitetsprodukter till ett \u00f6verkomligt pris \u2013 produkter som lyser upp, skyddar, underh\u00e5ller och tar hand om familjer. Som ett v\u00e4lk\u00e4nt och respekterat varum\u00e4rke i regioner v\u00e4rlden \u00f6ver \u00e4r EVEREADY\u00ae mycket glada \u00f6ver att samarbeta med Harry, i takt med att varum\u00e4rket intensifierar sina satsningar p\u00e5 att g\u00f6ra prisv\u00e4rd energi mer tillg\u00e4nglig globalt.<\/p><p>Inom ramen f\u00f6r det fler\u00e5riga partnerskapet kommer Harry att medverka i EVEREADYs internationella marknadsf\u00f6ringskampanjer, som f\u00f6rst\u00e4rks via flera kontaktpunkter s\u00e5som sociala medier, digitala kanaler, e-handel, utomhusreklam och butiksmaterial.<\/p><p>\u2013 \u201dVi \u00e4r mycket glada \u00f6ver att bygga detta partnerskap med en verklig global fotbollsikon och v\u00e4lkomna Harry Kane som EVEREADYs globala varum\u00e4rkesambassad\u00f6r\u201d, s\u00e4ger Lori Shambro, Chief Marketing Officer p\u00e5 Energizer\u00ae Holdings. \u201dV\u00e5rt samarbete med Harry \u00e4r en av flera marknadsinsatser som hj\u00e4lper EVEREADY\u00ae att n\u00e5 och engagera nya konsumenter v\u00e4rlden \u00f6ver, och visa hur v\u00e5rt sortiment av h\u00f6gkvalitativa och prisv\u00e4rda produkter kan hj\u00e4lpa familjer att f\u00e5 tillg\u00e5ng till den energi de beh\u00f6ver f\u00f6r att driva sina hektiska liv \u2013 samtidigt som de h\u00e5ller sin budget i balans.\u201d<\/p><p>\u2013 \u201dJag \u00e4r glad och stolt \u00f6ver att f\u00e5 arbeta med EVEREADY\u201d, s\u00e4ger Harry Kane. \u201dDet \u00e4r ett globalt varum\u00e4rke som m\u00e4nniskor litar p\u00e5 och som finns d\u00e4r n\u00e4r det verkligen g\u00e4ller \u2013 s\u00e4rskilt f\u00f6r att f\u00e5 vardagen att fungera smidigt hemma. Jag ser fram emot ett n\u00e4ra samarbete!\u201d<\/p><p>Harry Kane \u00e4r en v\u00e4rldsk\u00e4nd global fotbollsstj\u00e4rna, kapten f\u00f6r Englands herrlandslag och anfallare i Bayern M\u00fcnchen. Han \u00e4r den fr\u00e4mste m\u00e5lskytten genom tiderna f\u00f6r b\u00e5de Tottenham Hotspur och det engelska landslaget, och har vunnit flera Premier League Golden Boots, Bundesliga Top Goal Scorer-utm\u00e4rkelser, VM:s skytteligatitel 2018, European Golden Shoe samt Bundesliga-titeln under sin imponerande karri\u00e4r. Senast blev han den snabbaste spelaren i en av Europas fem st\u00f6rsta ligor att n\u00e5 100 m\u00e5l. En prolific m\u00e5lskytt och en inspirerande ledare b\u00e5de p\u00e5 och utanf\u00f6r planen.<\/p>\t\t\t\t\t\t\t\t<\/div>\n\t\t\t\t<div class=\"elementor-element elementor-element-5cc70b6 elementor-widget elementor-widget-text-editor\" data-id=\"5cc70b6\" data-element_type=\"widget\" data-e-type=\"widget\" data-widget_type=\"text-editor.default\">\n\t\t\t\t\t\t\t\t\t<p>EVEREADY\u00ae \u00e4r ett varum\u00e4rke som tillh\u00f6r Energizer\u00ae Holdings, Inc. F\u00f6r mer information, bes\u00f6k <span style=\"text-decoration: underline;\"><a href=\"https:\/\/eveready.com\/\" target=\"_blank\" rel=\"noopener\">Eveready.com<\/a><\/span>.<\/p>\t\t\t\t\t\t\t\t<\/div>\n\t\t\t\t<div class=\"elementor-element elementor-element-33b9865 elementor-widget elementor-widget-text-editor\" data-id=\"33b9865\" data-element_type=\"widget\" data-e-type=\"widget\" data-widget_type=\"text-editor.default\">\n\t\t\t\t\t\t\t\t\t<p>Vid fr\u00e5gor, v\u00e4nligen kontakta Energizer\u00ae Holdings talesperson John Leiby p\u00e5 <span style=\"text-decoration: underline;\"><a href=\"mailto:John.Leiby@Energizer.com\">John.Leiby@Energizer.com<\/a><\/span> eller <span style=\"text-decoration: underline;\"><a href=\"mailto:Media@Energizer.com\">Media@Energizer.com<\/a><\/span>.<\/p>\t\t\t\t\t\t\t\t<\/div>\n\t\t\t\t<div class=\"elementor-element elementor-element-ff3db52 elementor-widget elementor-widget-heading\" data-id=\"ff3db52\" data-element_type=\"widget\" data-e-type=\"widget\" data-widget_type=\"heading.default\">\n\t\t\t\t\t<h3 class=\"elementor-heading-title elementor-size-default\">OM ENERGIZER HOLDINGS\n<\/h3>\t\t\t\t<\/div>\n\t\t\t\t<div class=\"elementor-element elementor-element-b6260cf elementor-widget elementor-widget-text-editor\" data-id=\"b6260cf\" data-element_type=\"widget\" data-e-type=\"widget\" data-widget_type=\"text-editor.default\">\n\t\t\t\t\t\t\t\t\t<p>Energizer\u00ae Holdings, med huvudkontor i St. Louis, Missouri, USA, \u00e4r en av v\u00e4rldens st\u00f6rsta tillverkare av prim\u00e4ra batterier och portabla belysningsprodukter och st\u00e5r bakom globalt v\u00e4lk\u00e4nda varum\u00e4rken som Energizer\u00ae, Eveready\u00ae, Rayovac och Varta. Energizer\u00ae Holdings \u00e4r \u00e4ven en ledande utvecklare och marknadsf\u00f6rare av doft- och bilv\u00e5rdsprodukter under etablerade varum\u00e4rken s\u00e5som A\/C Pro, Armor All, Bahama &amp; Co., California Scents, Driven, Eagle One, LEXOL, Nu Finish, Refresh Your Car! och STP.<\/p><p>Som en global varum\u00e4rkesdriven distribut\u00f6r av konsumentprodukter \u00e4r v\u00e5rt uppdrag att vara ledande inom v\u00e5ra kategorier genom att b\u00e4ttre m\u00f6ta behoven hos b\u00e5de konsumenter och kunder.<\/p>\t\t\t\t\t\t\t\t<\/div>\n\t\t\t\t\t<\/div>\n\t\t\t\t<\/div>\n\t\t\t\t<\/div>\n\t\t","protected":false},"excerpt":{"rendered":"<p>Brand Ambassador EVEREADY\u00ae UTSER HARRY KANE TILL GLOBAL BRAND AMBASSADOR Partnerskapet med den internationella fotbollsstj\u00e4rnan och familjefadern \u00e4r en del av ett bredare, globalt marknadsf\u00f6ringsarbete f\u00f6r att st\u00e4rka varum\u00e4rkets n\u00e4rvaro v\u00e4rlden \u00f6ver. ST. LOUIS, MISSOURI \u2013 1 OKTOBER 2025 \u2013 EVEREADY\u00ae, ett ledande varum\u00e4rke inom batterier och belysningsprodukter, tillk\u00e4nnager att Englands herrlandslagskapten och anfallare i [&hellip;]<\/p>\n","protected":false},"author":4,"featured_media":0,"parent":0,"menu_order":0,"comment_status":"closed","ping_status":"closed","template":"","meta":{"_acf_changed":false,"footnotes":""},"class_list":["post-3667","page","type-page","status-publish","hentry"],"yoast_head":"<!-- This site is optimized with the Yoast SEO plugin v27.4 - https:\/\/yoast.com\/product\/yoast-seo-wordpress\/ -->\n<title>Varum\u00e4rkesambassad\u00f6r - Eveready Sweden<\/title>\n<meta name=\"robots\" content=\"index, follow, max-snippet:-1, max-image-preview:large, max-video-preview:-1\" \/>\n<link rel=\"canonical\" href=\"https:\/\/eveready.com\/eu\/sweden\/brand-ambassador\/\" \/>\n<meta property=\"og:locale\" content=\"en_US\" \/>\n<meta property=\"og:type\" content=\"article\" \/>\n<meta property=\"og:title\" content=\"Varum\u00e4rkesambassad\u00f6r - Eveready Sweden\" \/>\n<meta property=\"og:description\" content=\"Brand Ambassador EVEREADY\u00ae UTSER HARRY KANE TILL GLOBAL BRAND AMBASSADOR Partnerskapet med den internationella fotbollsstj\u00e4rnan och familjefadern \u00e4r en del av ett bredare, globalt marknadsf\u00f6ringsarbete f\u00f6r att st\u00e4rka varum\u00e4rkets n\u00e4rvaro v\u00e4rlden \u00f6ver. ST. LOUIS, MISSOURI \u2013 1 OKTOBER 2025 \u2013 EVEREADY\u00ae, ett ledande varum\u00e4rke inom batterier och belysningsprodukter, tillk\u00e4nnager att Englands herrlandslagskapten och anfallare i [&hellip;]\" \/>\n<meta property=\"og:url\" content=\"https:\/\/eveready.com\/eu\/sweden\/brand-ambassador\/\" \/>\n<meta property=\"og:site_name\" content=\"Eveready Sweden\" \/>\n<meta property=\"article:modified_time\" content=\"2026-03-31T06:51:28+00:00\" \/>\n<meta property=\"og:image\" content=\"https:\/\/eveready.com\/eu\/sweden\/wp-content\/uploads\/sites\/14\/2026\/03\/EVR_BALL_SWEDEN.jpg\" \/>\n\t<meta property=\"og:image:width\" content=\"1500\" \/>\n\t<meta property=\"og:image:height\" content=\"650\" \/>\n\t<meta property=\"og:image:type\" content=\"image\/jpeg\" \/>\n<meta name=\"twitter:card\" content=\"summary_large_image\" \/>\n<script type=\"application\/ld+json\" class=\"yoast-schema-graph\">{\"@context\":\"https:\\\/\\\/schema.org\",\"@graph\":[{\"@type\":\"WebPage\",\"@id\":\"https:\\\/\\\/eveready.com\\\/eu\\\/sweden\\\/brand-ambassador\\\/\",\"url\":\"https:\\\/\\\/eveready.com\\\/eu\\\/sweden\\\/brand-ambassador\\\/\",\"name\":\"Varum\u00e4rkesambassad\u00f6r - Eveready Sweden\",\"isPartOf\":{\"@id\":\"https:\\\/\\\/eveready.com\\\/eu\\\/sweden\\\/#website\"},\"primaryImageOfPage\":{\"@id\":\"https:\\\/\\\/eveready.com\\\/eu\\\/sweden\\\/brand-ambassador\\\/#primaryimage\"},\"image\":{\"@id\":\"https:\\\/\\\/eveready.com\\\/eu\\\/sweden\\\/brand-ambassador\\\/#primaryimage\"},\"thumbnailUrl\":\"https:\\\/\\\/eveready.com\\\/eu\\\/sweden\\\/wp-content\\\/uploads\\\/sites\\\/14\\\/2026\\\/03\\\/EVR_BALL_SWEDEN.jpg\",\"datePublished\":\"2025-09-26T06:16:05+00:00\",\"dateModified\":\"2026-03-31T06:51:28+00:00\",\"breadcrumb\":{\"@id\":\"https:\\\/\\\/eveready.com\\\/eu\\\/sweden\\\/brand-ambassador\\\/#breadcrumb\"},\"inLanguage\":\"en-US\",\"potentialAction\":[{\"@type\":\"ReadAction\",\"target\":[\"https:\\\/\\\/eveready.com\\\/eu\\\/sweden\\\/brand-ambassador\\\/\"]}]},{\"@type\":\"ImageObject\",\"inLanguage\":\"en-US\",\"@id\":\"https:\\\/\\\/eveready.com\\\/eu\\\/sweden\\\/brand-ambassador\\\/#primaryimage\",\"url\":\"https:\\\/\\\/eveready.com\\\/eu\\\/sweden\\\/wp-content\\\/uploads\\\/sites\\\/14\\\/2026\\\/03\\\/EVR_BALL_SWEDEN.jpg\",\"contentUrl\":\"https:\\\/\\\/eveready.com\\\/eu\\\/sweden\\\/wp-content\\\/uploads\\\/sites\\\/14\\\/2026\\\/03\\\/EVR_BALL_SWEDEN.jpg\",\"width\":1500,\"height\":650},{\"@type\":\"BreadcrumbList\",\"@id\":\"https:\\\/\\\/eveready.com\\\/eu\\\/sweden\\\/brand-ambassador\\\/#breadcrumb\",\"itemListElement\":[{\"@type\":\"ListItem\",\"position\":1,\"name\":\"Home\",\"item\":\"https:\\\/\\\/eveready.com\\\/eu\\\/sweden\\\/\"},{\"@type\":\"ListItem\",\"position\":2,\"name\":\"Varum\u00e4rkesambassad\u00f6r\"}]},{\"@type\":\"WebSite\",\"@id\":\"https:\\\/\\\/eveready.com\\\/eu\\\/sweden\\\/#website\",\"url\":\"https:\\\/\\\/eveready.com\\\/eu\\\/sweden\\\/\",\"name\":\"Eveready Sweden\",\"description\":\"\",\"publisher\":{\"@id\":\"https:\\\/\\\/eveready.com\\\/eu\\\/sweden\\\/#organization\"},\"potentialAction\":[{\"@type\":\"SearchAction\",\"target\":{\"@type\":\"EntryPoint\",\"urlTemplate\":\"https:\\\/\\\/eveready.com\\\/eu\\\/sweden\\\/?s={search_term_string}\"},\"query-input\":{\"@type\":\"PropertyValueSpecification\",\"valueRequired\":true,\"valueName\":\"search_term_string\"}}],\"inLanguage\":\"en-US\"},{\"@type\":\"Organization\",\"@id\":\"https:\\\/\\\/eveready.com\\\/eu\\\/sweden\\\/#organization\",\"name\":\"Eveready Sweden\",\"url\":\"https:\\\/\\\/eveready.com\\\/eu\\\/sweden\\\/\",\"logo\":{\"@type\":\"ImageObject\",\"inLanguage\":\"en-US\",\"@id\":\"https:\\\/\\\/eveready.com\\\/eu\\\/sweden\\\/#\\\/schema\\\/logo\\\/image\\\/\",\"url\":\"https:\\\/\\\/eveready.com\\\/eu\\\/sweden\\\/wp-content\\\/uploads\\\/sites\\\/14\\\/2025\\\/08\\\/logo-eveready.png\",\"contentUrl\":\"https:\\\/\\\/eveready.com\\\/eu\\\/sweden\\\/wp-content\\\/uploads\\\/sites\\\/14\\\/2025\\\/08\\\/logo-eveready.png\",\"width\":855,\"height\":220,\"caption\":\"Eveready Sweden\"},\"image\":{\"@id\":\"https:\\\/\\\/eveready.com\\\/eu\\\/sweden\\\/#\\\/schema\\\/logo\\\/image\\\/\"}}]}<\/script>\n<!-- \/ Yoast SEO plugin. -->","yoast_head_json":{"title":"Varum\u00e4rkesambassad\u00f6r - Eveready Sweden","robots":{"index":"index","follow":"follow","max-snippet":"max-snippet:-1","max-image-preview":"max-image-preview:large","max-video-preview":"max-video-preview:-1"},"canonical":"https:\/\/eveready.com\/eu\/sweden\/brand-ambassador\/","og_locale":"en_US","og_type":"article","og_title":"Varum\u00e4rkesambassad\u00f6r - Eveready Sweden","og_description":"Brand Ambassador EVEREADY\u00ae UTSER HARRY KANE TILL GLOBAL BRAND AMBASSADOR Partnerskapet med den internationella fotbollsstj\u00e4rnan och familjefadern \u00e4r en del av ett bredare, globalt marknadsf\u00f6ringsarbete f\u00f6r att st\u00e4rka varum\u00e4rkets n\u00e4rvaro v\u00e4rlden \u00f6ver. ST. LOUIS, MISSOURI \u2013 1 OKTOBER 2025 \u2013 EVEREADY\u00ae, ett ledande varum\u00e4rke inom batterier och belysningsprodukter, tillk\u00e4nnager att Englands herrlandslagskapten och anfallare i [&hellip;]","og_url":"https:\/\/eveready.com\/eu\/sweden\/brand-ambassador\/","og_site_name":"Eveready Sweden","article_modified_time":"2026-03-31T06:51:28+00:00","og_image":[{"width":1500,"height":650,"url":"https:\/\/eveready.com\/eu\/sweden\/wp-content\/uploads\/sites\/14\/2026\/03\/EVR_BALL_SWEDEN.jpg","type":"image\/jpeg"}],"twitter_card":"summary_large_image","schema":{"@context":"https:\/\/schema.org","@graph":[{"@type":"WebPage","@id":"https:\/\/eveready.com\/eu\/sweden\/brand-ambassador\/","url":"https:\/\/eveready.com\/eu\/sweden\/brand-ambassador\/","name":"Varum\u00e4rkesambassad\u00f6r - Eveready Sweden","isPartOf":{"@id":"https:\/\/eveready.com\/eu\/sweden\/#website"},"primaryImageOfPage":{"@id":"https:\/\/eveready.com\/eu\/sweden\/brand-ambassador\/#primaryimage"},"image":{"@id":"https:\/\/eveready.com\/eu\/sweden\/brand-ambassador\/#primaryimage"},"thumbnailUrl":"https:\/\/eveready.com\/eu\/sweden\/wp-content\/uploads\/sites\/14\/2026\/03\/EVR_BALL_SWEDEN.jpg","datePublished":"2025-09-26T06:16:05+00:00","dateModified":"2026-03-31T06:51:28+00:00","breadcrumb":{"@id":"https:\/\/eveready.com\/eu\/sweden\/brand-ambassador\/#breadcrumb"},"inLanguage":"en-US","potentialAction":[{"@type":"ReadAction","target":["https:\/\/eveready.com\/eu\/sweden\/brand-ambassador\/"]}]},{"@type":"ImageObject","inLanguage":"en-US","@id":"https:\/\/eveready.com\/eu\/sweden\/brand-ambassador\/#primaryimage","url":"https:\/\/eveready.com\/eu\/sweden\/wp-content\/uploads\/sites\/14\/2026\/03\/EVR_BALL_SWEDEN.jpg","contentUrl":"https:\/\/eveready.com\/eu\/sweden\/wp-content\/uploads\/sites\/14\/2026\/03\/EVR_BALL_SWEDEN.jpg","width":1500,"height":650},{"@type":"BreadcrumbList","@id":"https:\/\/eveready.com\/eu\/sweden\/brand-ambassador\/#breadcrumb","itemListElement":[{"@type":"ListItem","position":1,"name":"Home","item":"https:\/\/eveready.com\/eu\/sweden\/"},{"@type":"ListItem","position":2,"name":"Varum\u00e4rkesambassad\u00f6r"}]},{"@type":"WebSite","@id":"https:\/\/eveready.com\/eu\/sweden\/#website","url":"https:\/\/eveready.com\/eu\/sweden\/","name":"Eveready Sweden","description":"","publisher":{"@id":"https:\/\/eveready.com\/eu\/sweden\/#organization"},"potentialAction":[{"@type":"SearchAction","target":{"@type":"EntryPoint","urlTemplate":"https:\/\/eveready.com\/eu\/sweden\/?s={search_term_string}"},"query-input":{"@type":"PropertyValueSpecification","valueRequired":true,"valueName":"search_term_string"}}],"inLanguage":"en-US"},{"@type":"Organization","@id":"https:\/\/eveready.com\/eu\/sweden\/#organization","name":"Eveready Sweden","url":"https:\/\/eveready.com\/eu\/sweden\/","logo":{"@type":"ImageObject","inLanguage":"en-US","@id":"https:\/\/eveready.com\/eu\/sweden\/#\/schema\/logo\/image\/","url":"https:\/\/eveready.com\/eu\/sweden\/wp-content\/uploads\/sites\/14\/2025\/08\/logo-eveready.png","contentUrl":"https:\/\/eveready.com\/eu\/sweden\/wp-content\/uploads\/sites\/14\/2025\/08\/logo-eveready.png","width":855,"height":220,"caption":"Eveready Sweden"},"image":{"@id":"https:\/\/eveready.com\/eu\/sweden\/#\/schema\/logo\/image\/"}}]}},"acf":[],"_links":{"self":[{"href":"https:\/\/eveready.com\/eu\/sweden\/wp-json\/wp\/v2\/pages\/3667","targetHints":{"allow":["GET"]}}],"collection":[{"href":"https:\/\/eveready.com\/eu\/sweden\/wp-json\/wp\/v2\/pages"}],"about":[{"href":"https:\/\/eveready.com\/eu\/sweden\/wp-json\/wp\/v2\/types\/page"}],"author":[{"embeddable":true,"href":"https:\/\/eveready.com\/eu\/sweden\/wp-json\/wp\/v2\/users\/4"}],"replies":[{"embeddable":true,"href":"https:\/\/eveready.com\/eu\/sweden\/wp-json\/wp\/v2\/comments?post=3667"}],"version-history":[{"count":27,"href":"https:\/\/eveready.com\/eu\/sweden\/wp-json\/wp\/v2\/pages\/3667\/revisions"}],"predecessor-version":[{"id":5637,"href":"https:\/\/eveready.com\/eu\/sweden\/wp-json\/wp\/v2\/pages\/3667\/revisions\/5637"}],"wp:attachment":[{"href":"https:\/\/eveready.com\/eu\/sweden\/wp-json\/wp\/v2\/media?parent=3667"}],"curies":[{"name":"wp","href":"https:\/\/api.w.org\/{rel}","templated":true}]}}