{"id":4262,"date":"2025-10-10T04:22:29","date_gmt":"2025-10-10T08:22:29","guid":{"rendered":"https:\/\/eveready.com\/eu\/sweden\/?post_type=product&#038;p=4262"},"modified":"2026-03-17T05:31:28","modified_gmt":"2026-03-17T09:31:28","slug":"eveready-lithium-cr2032","status":"publish","type":"product","link":"https:\/\/eveready.com\/eu\/sweden\/product\/eveready-lithium-cr2032\/","title":{"rendered":"Eveready\u00ae Lithium CR2032"},"content":{"rendered":"<p><strong>Egenskaper och f\u00f6rdelar<\/strong><\/p>\n<ul>\n<li>Nyhet fr\u00e5n Energizer\u00ae: Fr\u00e5n tillverkarna av v\u00e4rldens mest l\u00e5nglivade AA-batterier \u2013 Energizer\u00ae Ultimate Lithium<\/li>\n<li>L\u00e5ng livsl\u00e4ngd: Varje litiumbatteri beh\u00e5ller sin kraft i upp till 10 \u00e5r vid f\u00f6rvaring, s\u00e5 de \u00e4r alltid redo n\u00e4r du beh\u00f6ver dem<\/li>\n<li>S\u00e4kra: EVEREADY\u00ae litiumknappceller levereras i barns\u00e4kra f\u00f6rpackningar<\/li>\n<li>P\u00e5litliga: Dessa EVEREADY\u00ae CR2032-litiumbatterier fungerar i extrema temperaturer och klarar fr\u00e5n -30 \u00b0C till 60 \u00b0C<\/li>\n<li>P\u00e5litlig kraft: Levererar l\u00e5ngvarig och tillf\u00f6rlitlig prestanda i specialenheter som pulsm\u00e4tare, fj\u00e4rrkontroller och nyckelbrickor, nyckell\u00f6sa l\u00e5ssystem, glukosm\u00e4tare och v\u00e5gar<\/li>\n<li>2-pack EVEREADY\u00ae CR2032 litiumknappceller<\/li>\n<\/ul>\n","protected":false},"excerpt":{"rendered":"<p>Fyll p\u00e5 med CR2032-batterier fr\u00e5n Energizer\u00ae f\u00f6r klockor, bilnycklar, fj\u00e4rrkontroller, larmsensorer och v\u00e5gar. Detta batteripack \u00e4r \u00e4ven ett utm\u00e4rkt val om du beh\u00f6ver ett nytt batteri till bilnyckeln. Varje EVEREADY\u00ae litium CR2032-batteri beh\u00e5ller sin kraft i upp till 10 \u00e5r vid f\u00f6rvaring och klarar temperaturer fr\u00e5n -30 \u00b0C till 60 \u00b0C \u2013 s\u00e5 de \u00e4r alltid redo n\u00e4r du \u00e4r det. F\u00f6rutom storlek 2032 omfattar EVEREADY:s sortiment av specialbatterier \u00e4ven storlekarna 2025, 2016 och LR44\/A76, vilket g\u00f6r det enkelt att hitta p\u00e5litlig kraft i r\u00e4tt storlek f\u00f6r dina behov.<\/p>\n","protected":false},"featured_media":4263,"comment_status":"open","ping_status":"closed","template":"","meta":{"_acf_changed":false},"product_brand":[],"product_cat":[36,63],"product_tag":[],"class_list":{"0":"post-4262","1":"product","2":"type-product","3":"status-publish","4":"has-post-thumbnail","6":"product_cat-batteries","7":"product_cat-specialty-batteries","9":"first","10":"instock","11":"shipping-taxable","12":"product-type-simple"},"yoast_head":"<!-- This site is optimized with the Yoast SEO plugin v27.4 - https:\/\/yoast.com\/product\/yoast-seo-wordpress\/ -->\n<title>Eveready\u00ae Lithium CR2032 - Eveready Sweden<\/title>\n<meta name=\"robots\" content=\"index, follow, max-snippet:-1, max-image-preview:large, max-video-preview:-1\" \/>\n<link rel=\"canonical\" href=\"https:\/\/eveready.com\/eu\/sweden\/product\/eveready-lithium-cr2032\/\" \/>\n<meta property=\"og:locale\" content=\"en_US\" \/>\n<meta property=\"og:type\" content=\"article\" \/>\n<meta property=\"og:title\" content=\"Eveready\u00ae Lithium CR2032 - Eveready Sweden\" \/>\n<meta property=\"og:description\" content=\"Fyll p\u00e5 med CR2032-batterier fr\u00e5n Energizer\u00ae f\u00f6r klockor, bilnycklar, fj\u00e4rrkontroller, larmsensorer och v\u00e5gar. Detta batteripack \u00e4r \u00e4ven ett utm\u00e4rkt val om du beh\u00f6ver ett nytt batteri till bilnyckeln. Varje EVEREADY\u00ae litium CR2032-batteri beh\u00e5ller sin kraft i upp till 10 \u00e5r vid f\u00f6rvaring och klarar temperaturer fr\u00e5n -30 \u00b0C till 60 \u00b0C \u2013 s\u00e5 de \u00e4r alltid redo n\u00e4r du \u00e4r det. F\u00f6rutom storlek 2032 omfattar EVEREADY:s sortiment av specialbatterier \u00e4ven storlekarna 2025, 2016 och LR44\/A76, vilket g\u00f6r det enkelt att hitta p\u00e5litlig kraft i r\u00e4tt storlek f\u00f6r dina behov.\" \/>\n<meta property=\"og:url\" content=\"https:\/\/eveready.com\/eu\/sweden\/product\/eveready-lithium-cr2032\/\" \/>\n<meta property=\"og:site_name\" content=\"Eveready Sweden\" \/>\n<meta property=\"article:modified_time\" content=\"2026-03-17T09:31:28+00:00\" \/>\n<meta property=\"og:image\" content=\"https:\/\/eveready.com\/eu\/sweden\/wp-content\/uploads\/sites\/14\/2025\/10\/Eveready\u00ae-Lithium-CR2032-2.png\" \/>\n\t<meta property=\"og:image:width\" content=\"800\" \/>\n\t<meta property=\"og:image:height\" content=\"800\" \/>\n\t<meta property=\"og:image:type\" content=\"image\/png\" \/>\n<meta name=\"twitter:card\" content=\"summary_large_image\" \/>\n<script type=\"application\/ld+json\" class=\"yoast-schema-graph\">{\"@context\":\"https:\\\/\\\/schema.org\",\"@graph\":[{\"@type\":\"WebPage\",\"@id\":\"https:\\\/\\\/eveready.com\\\/eu\\\/sweden\\\/product\\\/eveready-lithium-cr2032\\\/\",\"url\":\"https:\\\/\\\/eveready.com\\\/eu\\\/sweden\\\/product\\\/eveready-lithium-cr2032\\\/\",\"name\":\"Eveready\u00ae Lithium CR2032 - Eveready Sweden\",\"isPartOf\":{\"@id\":\"https:\\\/\\\/eveready.com\\\/eu\\\/sweden\\\/#website\"},\"primaryImageOfPage\":{\"@id\":\"https:\\\/\\\/eveready.com\\\/eu\\\/sweden\\\/product\\\/eveready-lithium-cr2032\\\/#primaryimage\"},\"image\":{\"@id\":\"https:\\\/\\\/eveready.com\\\/eu\\\/sweden\\\/product\\\/eveready-lithium-cr2032\\\/#primaryimage\"},\"thumbnailUrl\":\"https:\\\/\\\/eveready.com\\\/eu\\\/sweden\\\/wp-content\\\/uploads\\\/sites\\\/14\\\/2025\\\/10\\\/Eveready\u00ae-Lithium-CR2032-2.png\",\"datePublished\":\"2025-10-10T08:22:29+00:00\",\"dateModified\":\"2026-03-17T09:31:28+00:00\",\"breadcrumb\":{\"@id\":\"https:\\\/\\\/eveready.com\\\/eu\\\/sweden\\\/product\\\/eveready-lithium-cr2032\\\/#breadcrumb\"},\"inLanguage\":\"en-US\",\"potentialAction\":[{\"@type\":\"ReadAction\",\"target\":[\"https:\\\/\\\/eveready.com\\\/eu\\\/sweden\\\/product\\\/eveready-lithium-cr2032\\\/\"]}]},{\"@type\":\"ImageObject\",\"inLanguage\":\"en-US\",\"@id\":\"https:\\\/\\\/eveready.com\\\/eu\\\/sweden\\\/product\\\/eveready-lithium-cr2032\\\/#primaryimage\",\"url\":\"https:\\\/\\\/eveready.com\\\/eu\\\/sweden\\\/wp-content\\\/uploads\\\/sites\\\/14\\\/2025\\\/10\\\/Eveready\u00ae-Lithium-CR2032-2.png\",\"contentUrl\":\"https:\\\/\\\/eveready.com\\\/eu\\\/sweden\\\/wp-content\\\/uploads\\\/sites\\\/14\\\/2025\\\/10\\\/Eveready\u00ae-Lithium-CR2032-2.png\",\"width\":800,\"height\":800,\"caption\":\"Eveready\u00ae Lithium CR2032 BP2\"},{\"@type\":\"BreadcrumbList\",\"@id\":\"https:\\\/\\\/eveready.com\\\/eu\\\/sweden\\\/product\\\/eveready-lithium-cr2032\\\/#breadcrumb\",\"itemListElement\":[{\"@type\":\"ListItem\",\"position\":1,\"name\":\"Home\",\"item\":\"https:\\\/\\\/eveready.com\\\/eu\\\/sweden\\\/\"},{\"@type\":\"ListItem\",\"position\":2,\"name\":\"Products\",\"item\":\"https:\\\/\\\/eveready.com\\\/eu\\\/sweden\\\/shop\\\/\"},{\"@type\":\"ListItem\",\"position\":3,\"name\":\"Eveready\u00ae Lithium CR2032\"}]},{\"@type\":\"WebSite\",\"@id\":\"https:\\\/\\\/eveready.com\\\/eu\\\/sweden\\\/#website\",\"url\":\"https:\\\/\\\/eveready.com\\\/eu\\\/sweden\\\/\",\"name\":\"Eveready Sweden\",\"description\":\"\",\"publisher\":{\"@id\":\"https:\\\/\\\/eveready.com\\\/eu\\\/sweden\\\/#organization\"},\"potentialAction\":[{\"@type\":\"SearchAction\",\"target\":{\"@type\":\"EntryPoint\",\"urlTemplate\":\"https:\\\/\\\/eveready.com\\\/eu\\\/sweden\\\/?s={search_term_string}\"},\"query-input\":{\"@type\":\"PropertyValueSpecification\",\"valueRequired\":true,\"valueName\":\"search_term_string\"}}],\"inLanguage\":\"en-US\"},{\"@type\":\"Organization\",\"@id\":\"https:\\\/\\\/eveready.com\\\/eu\\\/sweden\\\/#organization\",\"name\":\"Eveready Sweden\",\"url\":\"https:\\\/\\\/eveready.com\\\/eu\\\/sweden\\\/\",\"logo\":{\"@type\":\"ImageObject\",\"inLanguage\":\"en-US\",\"@id\":\"https:\\\/\\\/eveready.com\\\/eu\\\/sweden\\\/#\\\/schema\\\/logo\\\/image\\\/\",\"url\":\"https:\\\/\\\/eveready.com\\\/eu\\\/sweden\\\/wp-content\\\/uploads\\\/sites\\\/14\\\/2025\\\/08\\\/logo-eveready.png\",\"contentUrl\":\"https:\\\/\\\/eveready.com\\\/eu\\\/sweden\\\/wp-content\\\/uploads\\\/sites\\\/14\\\/2025\\\/08\\\/logo-eveready.png\",\"width\":855,\"height\":220,\"caption\":\"Eveready Sweden\"},\"image\":{\"@id\":\"https:\\\/\\\/eveready.com\\\/eu\\\/sweden\\\/#\\\/schema\\\/logo\\\/image\\\/\"}}]}<\/script>\n<!-- \/ Yoast SEO plugin. -->","yoast_head_json":{"title":"Eveready\u00ae Lithium CR2032 - Eveready Sweden","robots":{"index":"index","follow":"follow","max-snippet":"max-snippet:-1","max-image-preview":"max-image-preview:large","max-video-preview":"max-video-preview:-1"},"canonical":"https:\/\/eveready.com\/eu\/sweden\/product\/eveready-lithium-cr2032\/","og_locale":"en_US","og_type":"article","og_title":"Eveready\u00ae Lithium CR2032 - Eveready Sweden","og_description":"Fyll p\u00e5 med CR2032-batterier fr\u00e5n Energizer\u00ae f\u00f6r klockor, bilnycklar, fj\u00e4rrkontroller, larmsensorer och v\u00e5gar. Detta batteripack \u00e4r \u00e4ven ett utm\u00e4rkt val om du beh\u00f6ver ett nytt batteri till bilnyckeln. Varje EVEREADY\u00ae litium CR2032-batteri beh\u00e5ller sin kraft i upp till 10 \u00e5r vid f\u00f6rvaring och klarar temperaturer fr\u00e5n -30 \u00b0C till 60 \u00b0C \u2013 s\u00e5 de \u00e4r alltid redo n\u00e4r du \u00e4r det. F\u00f6rutom storlek 2032 omfattar EVEREADY:s sortiment av specialbatterier \u00e4ven storlekarna 2025, 2016 och LR44\/A76, vilket g\u00f6r det enkelt att hitta p\u00e5litlig kraft i r\u00e4tt storlek f\u00f6r dina behov.","og_url":"https:\/\/eveready.com\/eu\/sweden\/product\/eveready-lithium-cr2032\/","og_site_name":"Eveready Sweden","article_modified_time":"2026-03-17T09:31:28+00:00","og_image":[{"width":800,"height":800,"url":"https:\/\/eveready.com\/eu\/sweden\/wp-content\/uploads\/sites\/14\/2025\/10\/Eveready\u00ae-Lithium-CR2032-2.png","type":"image\/png"}],"twitter_card":"summary_large_image","schema":{"@context":"https:\/\/schema.org","@graph":[{"@type":"WebPage","@id":"https:\/\/eveready.com\/eu\/sweden\/product\/eveready-lithium-cr2032\/","url":"https:\/\/eveready.com\/eu\/sweden\/product\/eveready-lithium-cr2032\/","name":"Eveready\u00ae Lithium CR2032 - Eveready Sweden","isPartOf":{"@id":"https:\/\/eveready.com\/eu\/sweden\/#website"},"primaryImageOfPage":{"@id":"https:\/\/eveready.com\/eu\/sweden\/product\/eveready-lithium-cr2032\/#primaryimage"},"image":{"@id":"https:\/\/eveready.com\/eu\/sweden\/product\/eveready-lithium-cr2032\/#primaryimage"},"thumbnailUrl":"https:\/\/eveready.com\/eu\/sweden\/wp-content\/uploads\/sites\/14\/2025\/10\/Eveready\u00ae-Lithium-CR2032-2.png","datePublished":"2025-10-10T08:22:29+00:00","dateModified":"2026-03-17T09:31:28+00:00","breadcrumb":{"@id":"https:\/\/eveready.com\/eu\/sweden\/product\/eveready-lithium-cr2032\/#breadcrumb"},"inLanguage":"en-US","potentialAction":[{"@type":"ReadAction","target":["https:\/\/eveready.com\/eu\/sweden\/product\/eveready-lithium-cr2032\/"]}]},{"@type":"ImageObject","inLanguage":"en-US","@id":"https:\/\/eveready.com\/eu\/sweden\/product\/eveready-lithium-cr2032\/#primaryimage","url":"https:\/\/eveready.com\/eu\/sweden\/wp-content\/uploads\/sites\/14\/2025\/10\/Eveready\u00ae-Lithium-CR2032-2.png","contentUrl":"https:\/\/eveready.com\/eu\/sweden\/wp-content\/uploads\/sites\/14\/2025\/10\/Eveready\u00ae-Lithium-CR2032-2.png","width":800,"height":800,"caption":"Eveready\u00ae Lithium CR2032 BP2"},{"@type":"BreadcrumbList","@id":"https:\/\/eveready.com\/eu\/sweden\/product\/eveready-lithium-cr2032\/#breadcrumb","itemListElement":[{"@type":"ListItem","position":1,"name":"Home","item":"https:\/\/eveready.com\/eu\/sweden\/"},{"@type":"ListItem","position":2,"name":"Products","item":"https:\/\/eveready.com\/eu\/sweden\/shop\/"},{"@type":"ListItem","position":3,"name":"Eveready\u00ae Lithium CR2032"}]},{"@type":"WebSite","@id":"https:\/\/eveready.com\/eu\/sweden\/#website","url":"https:\/\/eveready.com\/eu\/sweden\/","name":"Eveready Sweden","description":"","publisher":{"@id":"https:\/\/eveready.com\/eu\/sweden\/#organization"},"potentialAction":[{"@type":"SearchAction","target":{"@type":"EntryPoint","urlTemplate":"https:\/\/eveready.com\/eu\/sweden\/?s={search_term_string}"},"query-input":{"@type":"PropertyValueSpecification","valueRequired":true,"valueName":"search_term_string"}}],"inLanguage":"en-US"},{"@type":"Organization","@id":"https:\/\/eveready.com\/eu\/sweden\/#organization","name":"Eveready Sweden","url":"https:\/\/eveready.com\/eu\/sweden\/","logo":{"@type":"ImageObject","inLanguage":"en-US","@id":"https:\/\/eveready.com\/eu\/sweden\/#\/schema\/logo\/image\/","url":"https:\/\/eveready.com\/eu\/sweden\/wp-content\/uploads\/sites\/14\/2025\/08\/logo-eveready.png","contentUrl":"https:\/\/eveready.com\/eu\/sweden\/wp-content\/uploads\/sites\/14\/2025\/08\/logo-eveready.png","width":855,"height":220,"caption":"Eveready Sweden"},"image":{"@id":"https:\/\/eveready.com\/eu\/sweden\/#\/schema\/logo\/image\/"}}]}},"acf":[],"_links":{"self":[{"href":"https:\/\/eveready.com\/eu\/sweden\/wp-json\/wp\/v2\/product\/4262","targetHints":{"allow":["GET"]}}],"collection":[{"href":"https:\/\/eveready.com\/eu\/sweden\/wp-json\/wp\/v2\/product"}],"about":[{"href":"https:\/\/eveready.com\/eu\/sweden\/wp-json\/wp\/v2\/types\/product"}],"replies":[{"embeddable":true,"href":"https:\/\/eveready.com\/eu\/sweden\/wp-json\/wp\/v2\/comments?post=4262"}],"wp:featuredmedia":[{"embeddable":true,"href":"https:\/\/eveready.com\/eu\/sweden\/wp-json\/wp\/v2\/media\/4263"}],"wp:attachment":[{"href":"https:\/\/eveready.com\/eu\/sweden\/wp-json\/wp\/v2\/media?parent=4262"}],"wp:term":[{"taxonomy":"product_brand","embeddable":true,"href":"https:\/\/eveready.com\/eu\/sweden\/wp-json\/wp\/v2\/product_brand?post=4262"},{"taxonomy":"product_cat","embeddable":true,"href":"https:\/\/eveready.com\/eu\/sweden\/wp-json\/wp\/v2\/product_cat?post=4262"},{"taxonomy":"product_tag","embeddable":true,"href":"https:\/\/eveready.com\/eu\/sweden\/wp-json\/wp\/v2\/product_tag?post=4262"}],"curies":[{"name":"wp","href":"https:\/\/api.w.org\/{rel}","templated":true}]}}