{"id":4265,"date":"2025-10-10T04:33:33","date_gmt":"2025-10-10T08:33:33","guid":{"rendered":"https:\/\/eveready.com\/eu\/sweden\/?post_type=product&#038;p=4265"},"modified":"2026-03-04T05:32:12","modified_gmt":"2026-03-04T10:32:12","slug":"eveready-electronic-batteries-a76","status":"publish","type":"product","link":"https:\/\/eveready.com\/eu\/sweden\/product\/eveready-electronic-batteries-a76\/","title":{"rendered":"Eveready\u00ae Electronic Batteries  \u2013 A76"},"content":{"rendered":"<p><strong>Egenskaper och f\u00f6rdelar<\/strong><\/p>\n<ul>\n<li>L\u00e5ng livsl\u00e4ngd: P\u00e5litlig kraft som h\u00e5ller dina enheter ig\u00e5ng<\/li>\n<li>P\u00e5litliga: Varje LR44\/A76-batteri beh\u00e5ller sin laddning i upp till 3 \u00e5r vid f\u00f6rvaring, s\u00e5 de \u00e4r alltid redo n\u00e4r du beh\u00f6ver dem<\/li>\n<li>P\u00e5litlig kraft: Levererar l\u00e5ngvarig och tillf\u00f6rlitlig prestanda i specialenheter som laserpekare, fj\u00e4rrkontroller, nyckell\u00f6sa l\u00e5ssystem, klockor och leksaker<\/li>\n<li>2-pack EVEREADY\u00ae LR44 \/ A76 alkaliskt knappcellsbatteri<\/li>\n<li>Specifikation: LR44\/GZ114 A76 (eller V13GA, 4276, KA76), alkaliskt knappcellsbatteri, 1,5 volt<\/li>\n<\/ul>\n","protected":false},"excerpt":{"rendered":"<p>F\u00e5 ut maximalt av dina viktigaste enheter med den p\u00e5litliga och l\u00e5ngvariga kraft du f\u00f6rv\u00e4ntar dig av Eveready\u00ae. Fyll p\u00e5 med Energizer\u00ae LR44\/A76 alkaliska batterier f\u00f6r klockor, pulsm\u00e4tare, fj\u00e4rrkontroller, nyckell\u00f6sa l\u00e5ssystem och leksaker. Eveready\u00ae LR44\/A76 alkaliska knappcellsbatterier beh\u00e5ller sin kraft i upp till 3 \u00e5r vid f\u00f6rvaring, s\u00e5 de \u00e4r alltid redo n\u00e4r du \u00e4r det.<\/p>\n","protected":false},"featured_media":4266,"comment_status":"open","ping_status":"closed","template":"","meta":{"_acf_changed":false},"product_brand":[],"product_cat":[36,63],"product_tag":[],"class_list":{"0":"post-4265","1":"product","2":"type-product","3":"status-publish","4":"has-post-thumbnail","6":"product_cat-batteries","7":"product_cat-specialty-batteries","9":"first","10":"instock","11":"shipping-taxable","12":"product-type-simple"},"yoast_head":"<!-- This site is optimized with the Yoast SEO plugin v27.4 - https:\/\/yoast.com\/product\/yoast-seo-wordpress\/ -->\n<title>Eveready\u00ae Electronic Batteries \u2013 A76 - Eveready Sweden<\/title>\n<meta name=\"robots\" content=\"index, follow, max-snippet:-1, max-image-preview:large, max-video-preview:-1\" \/>\n<link rel=\"canonical\" href=\"https:\/\/eveready.com\/eu\/sweden\/product\/eveready-electronic-batteries-a76\/\" \/>\n<meta property=\"og:locale\" content=\"en_US\" \/>\n<meta property=\"og:type\" content=\"article\" \/>\n<meta property=\"og:title\" content=\"Eveready\u00ae Electronic Batteries \u2013 A76 - Eveready Sweden\" \/>\n<meta property=\"og:description\" content=\"F\u00e5 ut maximalt av dina viktigaste enheter med den p\u00e5litliga och l\u00e5ngvariga kraft du f\u00f6rv\u00e4ntar dig av Eveready\u00ae. Fyll p\u00e5 med Energizer\u00ae LR44\/A76 alkaliska batterier f\u00f6r klockor, pulsm\u00e4tare, fj\u00e4rrkontroller, nyckell\u00f6sa l\u00e5ssystem och leksaker. Eveready\u00ae LR44\/A76 alkaliska knappcellsbatterier beh\u00e5ller sin kraft i upp till 3 \u00e5r vid f\u00f6rvaring, s\u00e5 de \u00e4r alltid redo n\u00e4r du \u00e4r det.\" \/>\n<meta property=\"og:url\" content=\"https:\/\/eveready.com\/eu\/sweden\/product\/eveready-electronic-batteries-a76\/\" \/>\n<meta property=\"og:site_name\" content=\"Eveready Sweden\" \/>\n<meta property=\"article:modified_time\" content=\"2026-03-04T10:32:12+00:00\" \/>\n<meta property=\"og:image\" content=\"https:\/\/eveready.com\/eu\/sweden\/wp-content\/uploads\/sites\/14\/2025\/10\/Eveready\u00ae-Electronic-Batteries-A76-2.png\" \/>\n\t<meta property=\"og:image:width\" content=\"800\" \/>\n\t<meta property=\"og:image:height\" content=\"800\" \/>\n\t<meta property=\"og:image:type\" content=\"image\/png\" \/>\n<meta name=\"twitter:card\" content=\"summary_large_image\" \/>\n<script type=\"application\/ld+json\" class=\"yoast-schema-graph\">{\"@context\":\"https:\\\/\\\/schema.org\",\"@graph\":[{\"@type\":\"WebPage\",\"@id\":\"https:\\\/\\\/eveready.com\\\/eu\\\/sweden\\\/product\\\/eveready-electronic-batteries-a76\\\/\",\"url\":\"https:\\\/\\\/eveready.com\\\/eu\\\/sweden\\\/product\\\/eveready-electronic-batteries-a76\\\/\",\"name\":\"Eveready\u00ae Electronic Batteries \u2013 A76 - Eveready Sweden\",\"isPartOf\":{\"@id\":\"https:\\\/\\\/eveready.com\\\/eu\\\/sweden\\\/#website\"},\"primaryImageOfPage\":{\"@id\":\"https:\\\/\\\/eveready.com\\\/eu\\\/sweden\\\/product\\\/eveready-electronic-batteries-a76\\\/#primaryimage\"},\"image\":{\"@id\":\"https:\\\/\\\/eveready.com\\\/eu\\\/sweden\\\/product\\\/eveready-electronic-batteries-a76\\\/#primaryimage\"},\"thumbnailUrl\":\"https:\\\/\\\/eveready.com\\\/eu\\\/sweden\\\/wp-content\\\/uploads\\\/sites\\\/14\\\/2025\\\/10\\\/Eveready\u00ae-Electronic-Batteries-A76-2.png\",\"datePublished\":\"2025-10-10T08:33:33+00:00\",\"dateModified\":\"2026-03-04T10:32:12+00:00\",\"breadcrumb\":{\"@id\":\"https:\\\/\\\/eveready.com\\\/eu\\\/sweden\\\/product\\\/eveready-electronic-batteries-a76\\\/#breadcrumb\"},\"inLanguage\":\"en-US\",\"potentialAction\":[{\"@type\":\"ReadAction\",\"target\":[\"https:\\\/\\\/eveready.com\\\/eu\\\/sweden\\\/product\\\/eveready-electronic-batteries-a76\\\/\"]}]},{\"@type\":\"ImageObject\",\"inLanguage\":\"en-US\",\"@id\":\"https:\\\/\\\/eveready.com\\\/eu\\\/sweden\\\/product\\\/eveready-electronic-batteries-a76\\\/#primaryimage\",\"url\":\"https:\\\/\\\/eveready.com\\\/eu\\\/sweden\\\/wp-content\\\/uploads\\\/sites\\\/14\\\/2025\\\/10\\\/Eveready\u00ae-Electronic-Batteries-A76-2.png\",\"contentUrl\":\"https:\\\/\\\/eveready.com\\\/eu\\\/sweden\\\/wp-content\\\/uploads\\\/sites\\\/14\\\/2025\\\/10\\\/Eveready\u00ae-Electronic-Batteries-A76-2.png\",\"width\":800,\"height\":800},{\"@type\":\"BreadcrumbList\",\"@id\":\"https:\\\/\\\/eveready.com\\\/eu\\\/sweden\\\/product\\\/eveready-electronic-batteries-a76\\\/#breadcrumb\",\"itemListElement\":[{\"@type\":\"ListItem\",\"position\":1,\"name\":\"Home\",\"item\":\"https:\\\/\\\/eveready.com\\\/eu\\\/sweden\\\/\"},{\"@type\":\"ListItem\",\"position\":2,\"name\":\"Products\",\"item\":\"https:\\\/\\\/eveready.com\\\/eu\\\/sweden\\\/shop\\\/\"},{\"@type\":\"ListItem\",\"position\":3,\"name\":\"Eveready\u00ae Electronic Batteries \u2013 A76\"}]},{\"@type\":\"WebSite\",\"@id\":\"https:\\\/\\\/eveready.com\\\/eu\\\/sweden\\\/#website\",\"url\":\"https:\\\/\\\/eveready.com\\\/eu\\\/sweden\\\/\",\"name\":\"Eveready Sweden\",\"description\":\"\",\"publisher\":{\"@id\":\"https:\\\/\\\/eveready.com\\\/eu\\\/sweden\\\/#organization\"},\"potentialAction\":[{\"@type\":\"SearchAction\",\"target\":{\"@type\":\"EntryPoint\",\"urlTemplate\":\"https:\\\/\\\/eveready.com\\\/eu\\\/sweden\\\/?s={search_term_string}\"},\"query-input\":{\"@type\":\"PropertyValueSpecification\",\"valueRequired\":true,\"valueName\":\"search_term_string\"}}],\"inLanguage\":\"en-US\"},{\"@type\":\"Organization\",\"@id\":\"https:\\\/\\\/eveready.com\\\/eu\\\/sweden\\\/#organization\",\"name\":\"Eveready Sweden\",\"url\":\"https:\\\/\\\/eveready.com\\\/eu\\\/sweden\\\/\",\"logo\":{\"@type\":\"ImageObject\",\"inLanguage\":\"en-US\",\"@id\":\"https:\\\/\\\/eveready.com\\\/eu\\\/sweden\\\/#\\\/schema\\\/logo\\\/image\\\/\",\"url\":\"https:\\\/\\\/eveready.com\\\/eu\\\/sweden\\\/wp-content\\\/uploads\\\/sites\\\/14\\\/2025\\\/08\\\/logo-eveready.png\",\"contentUrl\":\"https:\\\/\\\/eveready.com\\\/eu\\\/sweden\\\/wp-content\\\/uploads\\\/sites\\\/14\\\/2025\\\/08\\\/logo-eveready.png\",\"width\":855,\"height\":220,\"caption\":\"Eveready Sweden\"},\"image\":{\"@id\":\"https:\\\/\\\/eveready.com\\\/eu\\\/sweden\\\/#\\\/schema\\\/logo\\\/image\\\/\"}}]}<\/script>\n<!-- \/ Yoast SEO plugin. -->","yoast_head_json":{"title":"Eveready\u00ae Electronic Batteries \u2013 A76 - Eveready Sweden","robots":{"index":"index","follow":"follow","max-snippet":"max-snippet:-1","max-image-preview":"max-image-preview:large","max-video-preview":"max-video-preview:-1"},"canonical":"https:\/\/eveready.com\/eu\/sweden\/product\/eveready-electronic-batteries-a76\/","og_locale":"en_US","og_type":"article","og_title":"Eveready\u00ae Electronic Batteries \u2013 A76 - Eveready Sweden","og_description":"F\u00e5 ut maximalt av dina viktigaste enheter med den p\u00e5litliga och l\u00e5ngvariga kraft du f\u00f6rv\u00e4ntar dig av Eveready\u00ae. Fyll p\u00e5 med Energizer\u00ae LR44\/A76 alkaliska batterier f\u00f6r klockor, pulsm\u00e4tare, fj\u00e4rrkontroller, nyckell\u00f6sa l\u00e5ssystem och leksaker. Eveready\u00ae LR44\/A76 alkaliska knappcellsbatterier beh\u00e5ller sin kraft i upp till 3 \u00e5r vid f\u00f6rvaring, s\u00e5 de \u00e4r alltid redo n\u00e4r du \u00e4r det.","og_url":"https:\/\/eveready.com\/eu\/sweden\/product\/eveready-electronic-batteries-a76\/","og_site_name":"Eveready Sweden","article_modified_time":"2026-03-04T10:32:12+00:00","og_image":[{"width":800,"height":800,"url":"https:\/\/eveready.com\/eu\/sweden\/wp-content\/uploads\/sites\/14\/2025\/10\/Eveready\u00ae-Electronic-Batteries-A76-2.png","type":"image\/png"}],"twitter_card":"summary_large_image","schema":{"@context":"https:\/\/schema.org","@graph":[{"@type":"WebPage","@id":"https:\/\/eveready.com\/eu\/sweden\/product\/eveready-electronic-batteries-a76\/","url":"https:\/\/eveready.com\/eu\/sweden\/product\/eveready-electronic-batteries-a76\/","name":"Eveready\u00ae Electronic Batteries \u2013 A76 - Eveready Sweden","isPartOf":{"@id":"https:\/\/eveready.com\/eu\/sweden\/#website"},"primaryImageOfPage":{"@id":"https:\/\/eveready.com\/eu\/sweden\/product\/eveready-electronic-batteries-a76\/#primaryimage"},"image":{"@id":"https:\/\/eveready.com\/eu\/sweden\/product\/eveready-electronic-batteries-a76\/#primaryimage"},"thumbnailUrl":"https:\/\/eveready.com\/eu\/sweden\/wp-content\/uploads\/sites\/14\/2025\/10\/Eveready\u00ae-Electronic-Batteries-A76-2.png","datePublished":"2025-10-10T08:33:33+00:00","dateModified":"2026-03-04T10:32:12+00:00","breadcrumb":{"@id":"https:\/\/eveready.com\/eu\/sweden\/product\/eveready-electronic-batteries-a76\/#breadcrumb"},"inLanguage":"en-US","potentialAction":[{"@type":"ReadAction","target":["https:\/\/eveready.com\/eu\/sweden\/product\/eveready-electronic-batteries-a76\/"]}]},{"@type":"ImageObject","inLanguage":"en-US","@id":"https:\/\/eveready.com\/eu\/sweden\/product\/eveready-electronic-batteries-a76\/#primaryimage","url":"https:\/\/eveready.com\/eu\/sweden\/wp-content\/uploads\/sites\/14\/2025\/10\/Eveready\u00ae-Electronic-Batteries-A76-2.png","contentUrl":"https:\/\/eveready.com\/eu\/sweden\/wp-content\/uploads\/sites\/14\/2025\/10\/Eveready\u00ae-Electronic-Batteries-A76-2.png","width":800,"height":800},{"@type":"BreadcrumbList","@id":"https:\/\/eveready.com\/eu\/sweden\/product\/eveready-electronic-batteries-a76\/#breadcrumb","itemListElement":[{"@type":"ListItem","position":1,"name":"Home","item":"https:\/\/eveready.com\/eu\/sweden\/"},{"@type":"ListItem","position":2,"name":"Products","item":"https:\/\/eveready.com\/eu\/sweden\/shop\/"},{"@type":"ListItem","position":3,"name":"Eveready\u00ae Electronic Batteries \u2013 A76"}]},{"@type":"WebSite","@id":"https:\/\/eveready.com\/eu\/sweden\/#website","url":"https:\/\/eveready.com\/eu\/sweden\/","name":"Eveready Sweden","description":"","publisher":{"@id":"https:\/\/eveready.com\/eu\/sweden\/#organization"},"potentialAction":[{"@type":"SearchAction","target":{"@type":"EntryPoint","urlTemplate":"https:\/\/eveready.com\/eu\/sweden\/?s={search_term_string}"},"query-input":{"@type":"PropertyValueSpecification","valueRequired":true,"valueName":"search_term_string"}}],"inLanguage":"en-US"},{"@type":"Organization","@id":"https:\/\/eveready.com\/eu\/sweden\/#organization","name":"Eveready Sweden","url":"https:\/\/eveready.com\/eu\/sweden\/","logo":{"@type":"ImageObject","inLanguage":"en-US","@id":"https:\/\/eveready.com\/eu\/sweden\/#\/schema\/logo\/image\/","url":"https:\/\/eveready.com\/eu\/sweden\/wp-content\/uploads\/sites\/14\/2025\/08\/logo-eveready.png","contentUrl":"https:\/\/eveready.com\/eu\/sweden\/wp-content\/uploads\/sites\/14\/2025\/08\/logo-eveready.png","width":855,"height":220,"caption":"Eveready Sweden"},"image":{"@id":"https:\/\/eveready.com\/eu\/sweden\/#\/schema\/logo\/image\/"}}]}},"acf":[],"_links":{"self":[{"href":"https:\/\/eveready.com\/eu\/sweden\/wp-json\/wp\/v2\/product\/4265","targetHints":{"allow":["GET"]}}],"collection":[{"href":"https:\/\/eveready.com\/eu\/sweden\/wp-json\/wp\/v2\/product"}],"about":[{"href":"https:\/\/eveready.com\/eu\/sweden\/wp-json\/wp\/v2\/types\/product"}],"replies":[{"embeddable":true,"href":"https:\/\/eveready.com\/eu\/sweden\/wp-json\/wp\/v2\/comments?post=4265"}],"wp:featuredmedia":[{"embeddable":true,"href":"https:\/\/eveready.com\/eu\/sweden\/wp-json\/wp\/v2\/media\/4266"}],"wp:attachment":[{"href":"https:\/\/eveready.com\/eu\/sweden\/wp-json\/wp\/v2\/media?parent=4265"}],"wp:term":[{"taxonomy":"product_brand","embeddable":true,"href":"https:\/\/eveready.com\/eu\/sweden\/wp-json\/wp\/v2\/product_brand?post=4265"},{"taxonomy":"product_cat","embeddable":true,"href":"https:\/\/eveready.com\/eu\/sweden\/wp-json\/wp\/v2\/product_cat?post=4265"},{"taxonomy":"product_tag","embeddable":true,"href":"https:\/\/eveready.com\/eu\/sweden\/wp-json\/wp\/v2\/product_tag?post=4265"}],"curies":[{"name":"wp","href":"https:\/\/api.w.org\/{rel}","templated":true}]}}