{"id":4274,"date":"2025-10-10T04:50:16","date_gmt":"2025-10-10T08:50:16","guid":{"rendered":"https:\/\/eveready.com\/eu\/sweden\/?post_type=product&#038;p=4274"},"modified":"2026-03-04T05:51:08","modified_gmt":"2026-03-04T10:51:08","slug":"eveready-metal-color-50","status":"publish","type":"product","link":"https:\/\/eveready.com\/eu\/sweden\/product\/eveready-metal-color-50\/","title":{"rendered":"Eveready\u00ae METAL COLOR 50"},"content":{"rendered":"<p><strong>Egenskaper och f\u00f6rdelar<\/strong><\/p>\n<ul>\n<li>En Eveready\u00ae handh\u00e5llen kompakt LED-lampa i metall<\/li>\n<li>Kompakt LED-ficklampa med imponerande drifttid<\/li>\n<li>Perfekt att ta med som en smidigt dimensionerad campinglampa eller f\u00f6rvara i bilen som n\u00f6dlampa<\/li>\n<li>Ger 50 lumen i upp till 5 1\/2 timmar<\/li>\n<li>L\u00e4tt metallkropp med polerad gunmetal-finish och greppv\u00e4nlig, strukturerad yta<\/li>\n<li>Handledsrem som f\u00e4sts runt handleden f\u00f6r handsfree-b\u00e4rande<\/li>\n<li>Alltid p\u00e5litlig. Alltid redo. EVEREADY\u00ae.<\/li>\n<\/ul>\n","protected":false},"excerpt":{"rendered":"<p>Uppt\u00e4ck den lilla lampan som verkligen h\u00e5ller \u2013 Eveready\u00ae Handheld Compact Metal LED Flashlight. Denna batteridrivna lampa levererar l\u00e5ngvarigt ljus i ett kompakt format. Genom att vara tillr\u00e4ckligt liten f\u00f6r att rymmas i fickan \u00e4r ficklampan perfekt som n\u00f6dlampa, campinglampa eller LED-arbetslampa. En drifttid p\u00e5 upp till 5 1\/2 timmar ger varaktig ljusstyrka n\u00e4r du beh\u00f6ver den som mest. Med upp till fem g\u00e5nger starkare ljus \u00e4n standard LED-teknik leder denna utomhuslampa utvecklingen, med en ljusstr\u00e5le som n\u00e5r upp till 80 meter. Den robusta metallkroppen ger slitstark anv\u00e4ndning som n\u00f6dficklampa, och den l\u00e4tta konstruktionen g\u00f6r att lampan enkelt kan f\u00e4stas runt handleden med en handledsrem f\u00f6r handsfree-b\u00e4rande. Alltid p\u00e5litlig. Alltid redo. EVEREADY\u00ae.<\/p>\n","protected":false},"featured_media":4280,"comment_status":"open","ping_status":"closed","template":"","meta":{"_acf_changed":false},"product_brand":[],"product_cat":[40,39],"product_tag":[],"class_list":{"0":"post-4274","1":"product","2":"type-product","3":"status-publish","4":"has-post-thumbnail","6":"product_cat-handheld-lights","7":"product_cat-lighting","9":"first","10":"instock","11":"shipping-taxable","12":"product-type-simple"},"yoast_head":"<!-- This site is optimized with the Yoast SEO plugin v27.4 - https:\/\/yoast.com\/product\/yoast-seo-wordpress\/ -->\n<title>Eveready\u00ae METAL COLOR 50 - Eveready Sweden<\/title>\n<meta name=\"robots\" content=\"index, follow, max-snippet:-1, max-image-preview:large, max-video-preview:-1\" \/>\n<link rel=\"canonical\" href=\"https:\/\/eveready.com\/eu\/sweden\/product\/eveready-metal-color-50\/\" \/>\n<meta property=\"og:locale\" content=\"en_US\" \/>\n<meta property=\"og:type\" content=\"article\" \/>\n<meta property=\"og:title\" content=\"Eveready\u00ae METAL COLOR 50 - Eveready Sweden\" \/>\n<meta property=\"og:description\" content=\"Uppt\u00e4ck den lilla lampan som verkligen h\u00e5ller \u2013 Eveready\u00ae Handheld Compact Metal LED Flashlight. Denna batteridrivna lampa levererar l\u00e5ngvarigt ljus i ett kompakt format. Genom att vara tillr\u00e4ckligt liten f\u00f6r att rymmas i fickan \u00e4r ficklampan perfekt som n\u00f6dlampa, campinglampa eller LED-arbetslampa. En drifttid p\u00e5 upp till 5 1\/2 timmar ger varaktig ljusstyrka n\u00e4r du beh\u00f6ver den som mest. Med upp till fem g\u00e5nger starkare ljus \u00e4n standard LED-teknik leder denna utomhuslampa utvecklingen, med en ljusstr\u00e5le som n\u00e5r upp till 80 meter. Den robusta metallkroppen ger slitstark anv\u00e4ndning som n\u00f6dficklampa, och den l\u00e4tta konstruktionen g\u00f6r att lampan enkelt kan f\u00e4stas runt handleden med en handledsrem f\u00f6r handsfree-b\u00e4rande. Alltid p\u00e5litlig. Alltid redo. EVEREADY\u00ae.\" \/>\n<meta property=\"og:url\" content=\"https:\/\/eveready.com\/eu\/sweden\/product\/eveready-metal-color-50\/\" \/>\n<meta property=\"og:site_name\" content=\"Eveready Sweden\" \/>\n<meta property=\"article:modified_time\" content=\"2026-03-04T10:51:08+00:00\" \/>\n<meta property=\"og:image\" content=\"https:\/\/eveready.com\/eu\/sweden\/wp-content\/uploads\/sites\/14\/2025\/10\/Eveready\u00ae-METAL-COLOR-50.png\" \/>\n\t<meta property=\"og:image:width\" content=\"800\" \/>\n\t<meta property=\"og:image:height\" content=\"800\" \/>\n\t<meta property=\"og:image:type\" content=\"image\/png\" \/>\n<meta name=\"twitter:card\" content=\"summary_large_image\" \/>\n<script type=\"application\/ld+json\" class=\"yoast-schema-graph\">{\"@context\":\"https:\\\/\\\/schema.org\",\"@graph\":[{\"@type\":\"WebPage\",\"@id\":\"https:\\\/\\\/eveready.com\\\/eu\\\/sweden\\\/product\\\/eveready-metal-color-50\\\/\",\"url\":\"https:\\\/\\\/eveready.com\\\/eu\\\/sweden\\\/product\\\/eveready-metal-color-50\\\/\",\"name\":\"Eveready\u00ae METAL COLOR 50 - Eveready Sweden\",\"isPartOf\":{\"@id\":\"https:\\\/\\\/eveready.com\\\/eu\\\/sweden\\\/#website\"},\"primaryImageOfPage\":{\"@id\":\"https:\\\/\\\/eveready.com\\\/eu\\\/sweden\\\/product\\\/eveready-metal-color-50\\\/#primaryimage\"},\"image\":{\"@id\":\"https:\\\/\\\/eveready.com\\\/eu\\\/sweden\\\/product\\\/eveready-metal-color-50\\\/#primaryimage\"},\"thumbnailUrl\":\"https:\\\/\\\/eveready.com\\\/eu\\\/sweden\\\/wp-content\\\/uploads\\\/sites\\\/14\\\/2025\\\/10\\\/Eveready\u00ae-METAL-COLOR-50.png\",\"datePublished\":\"2025-10-10T08:50:16+00:00\",\"dateModified\":\"2026-03-04T10:51:08+00:00\",\"breadcrumb\":{\"@id\":\"https:\\\/\\\/eveready.com\\\/eu\\\/sweden\\\/product\\\/eveready-metal-color-50\\\/#breadcrumb\"},\"inLanguage\":\"en-US\",\"potentialAction\":[{\"@type\":\"ReadAction\",\"target\":[\"https:\\\/\\\/eveready.com\\\/eu\\\/sweden\\\/product\\\/eveready-metal-color-50\\\/\"]}]},{\"@type\":\"ImageObject\",\"inLanguage\":\"en-US\",\"@id\":\"https:\\\/\\\/eveready.com\\\/eu\\\/sweden\\\/product\\\/eveready-metal-color-50\\\/#primaryimage\",\"url\":\"https:\\\/\\\/eveready.com\\\/eu\\\/sweden\\\/wp-content\\\/uploads\\\/sites\\\/14\\\/2025\\\/10\\\/Eveready\u00ae-METAL-COLOR-50.png\",\"contentUrl\":\"https:\\\/\\\/eveready.com\\\/eu\\\/sweden\\\/wp-content\\\/uploads\\\/sites\\\/14\\\/2025\\\/10\\\/Eveready\u00ae-METAL-COLOR-50.png\",\"width\":800,\"height\":800},{\"@type\":\"BreadcrumbList\",\"@id\":\"https:\\\/\\\/eveready.com\\\/eu\\\/sweden\\\/product\\\/eveready-metal-color-50\\\/#breadcrumb\",\"itemListElement\":[{\"@type\":\"ListItem\",\"position\":1,\"name\":\"Home\",\"item\":\"https:\\\/\\\/eveready.com\\\/eu\\\/sweden\\\/\"},{\"@type\":\"ListItem\",\"position\":2,\"name\":\"Products\",\"item\":\"https:\\\/\\\/eveready.com\\\/eu\\\/sweden\\\/shop\\\/\"},{\"@type\":\"ListItem\",\"position\":3,\"name\":\"Eveready\u00ae METAL COLOR 50\"}]},{\"@type\":\"WebSite\",\"@id\":\"https:\\\/\\\/eveready.com\\\/eu\\\/sweden\\\/#website\",\"url\":\"https:\\\/\\\/eveready.com\\\/eu\\\/sweden\\\/\",\"name\":\"Eveready Sweden\",\"description\":\"\",\"publisher\":{\"@id\":\"https:\\\/\\\/eveready.com\\\/eu\\\/sweden\\\/#organization\"},\"potentialAction\":[{\"@type\":\"SearchAction\",\"target\":{\"@type\":\"EntryPoint\",\"urlTemplate\":\"https:\\\/\\\/eveready.com\\\/eu\\\/sweden\\\/?s={search_term_string}\"},\"query-input\":{\"@type\":\"PropertyValueSpecification\",\"valueRequired\":true,\"valueName\":\"search_term_string\"}}],\"inLanguage\":\"en-US\"},{\"@type\":\"Organization\",\"@id\":\"https:\\\/\\\/eveready.com\\\/eu\\\/sweden\\\/#organization\",\"name\":\"Eveready Sweden\",\"url\":\"https:\\\/\\\/eveready.com\\\/eu\\\/sweden\\\/\",\"logo\":{\"@type\":\"ImageObject\",\"inLanguage\":\"en-US\",\"@id\":\"https:\\\/\\\/eveready.com\\\/eu\\\/sweden\\\/#\\\/schema\\\/logo\\\/image\\\/\",\"url\":\"https:\\\/\\\/eveready.com\\\/eu\\\/sweden\\\/wp-content\\\/uploads\\\/sites\\\/14\\\/2025\\\/08\\\/logo-eveready.png\",\"contentUrl\":\"https:\\\/\\\/eveready.com\\\/eu\\\/sweden\\\/wp-content\\\/uploads\\\/sites\\\/14\\\/2025\\\/08\\\/logo-eveready.png\",\"width\":855,\"height\":220,\"caption\":\"Eveready Sweden\"},\"image\":{\"@id\":\"https:\\\/\\\/eveready.com\\\/eu\\\/sweden\\\/#\\\/schema\\\/logo\\\/image\\\/\"}}]}<\/script>\n<!-- \/ Yoast SEO plugin. -->","yoast_head_json":{"title":"Eveready\u00ae METAL COLOR 50 - Eveready Sweden","robots":{"index":"index","follow":"follow","max-snippet":"max-snippet:-1","max-image-preview":"max-image-preview:large","max-video-preview":"max-video-preview:-1"},"canonical":"https:\/\/eveready.com\/eu\/sweden\/product\/eveready-metal-color-50\/","og_locale":"en_US","og_type":"article","og_title":"Eveready\u00ae METAL COLOR 50 - Eveready Sweden","og_description":"Uppt\u00e4ck den lilla lampan som verkligen h\u00e5ller \u2013 Eveready\u00ae Handheld Compact Metal LED Flashlight. Denna batteridrivna lampa levererar l\u00e5ngvarigt ljus i ett kompakt format. Genom att vara tillr\u00e4ckligt liten f\u00f6r att rymmas i fickan \u00e4r ficklampan perfekt som n\u00f6dlampa, campinglampa eller LED-arbetslampa. En drifttid p\u00e5 upp till 5 1\/2 timmar ger varaktig ljusstyrka n\u00e4r du beh\u00f6ver den som mest. Med upp till fem g\u00e5nger starkare ljus \u00e4n standard LED-teknik leder denna utomhuslampa utvecklingen, med en ljusstr\u00e5le som n\u00e5r upp till 80 meter. Den robusta metallkroppen ger slitstark anv\u00e4ndning som n\u00f6dficklampa, och den l\u00e4tta konstruktionen g\u00f6r att lampan enkelt kan f\u00e4stas runt handleden med en handledsrem f\u00f6r handsfree-b\u00e4rande. Alltid p\u00e5litlig. Alltid redo. EVEREADY\u00ae.","og_url":"https:\/\/eveready.com\/eu\/sweden\/product\/eveready-metal-color-50\/","og_site_name":"Eveready Sweden","article_modified_time":"2026-03-04T10:51:08+00:00","og_image":[{"width":800,"height":800,"url":"https:\/\/eveready.com\/eu\/sweden\/wp-content\/uploads\/sites\/14\/2025\/10\/Eveready\u00ae-METAL-COLOR-50.png","type":"image\/png"}],"twitter_card":"summary_large_image","schema":{"@context":"https:\/\/schema.org","@graph":[{"@type":"WebPage","@id":"https:\/\/eveready.com\/eu\/sweden\/product\/eveready-metal-color-50\/","url":"https:\/\/eveready.com\/eu\/sweden\/product\/eveready-metal-color-50\/","name":"Eveready\u00ae METAL COLOR 50 - Eveready Sweden","isPartOf":{"@id":"https:\/\/eveready.com\/eu\/sweden\/#website"},"primaryImageOfPage":{"@id":"https:\/\/eveready.com\/eu\/sweden\/product\/eveready-metal-color-50\/#primaryimage"},"image":{"@id":"https:\/\/eveready.com\/eu\/sweden\/product\/eveready-metal-color-50\/#primaryimage"},"thumbnailUrl":"https:\/\/eveready.com\/eu\/sweden\/wp-content\/uploads\/sites\/14\/2025\/10\/Eveready\u00ae-METAL-COLOR-50.png","datePublished":"2025-10-10T08:50:16+00:00","dateModified":"2026-03-04T10:51:08+00:00","breadcrumb":{"@id":"https:\/\/eveready.com\/eu\/sweden\/product\/eveready-metal-color-50\/#breadcrumb"},"inLanguage":"en-US","potentialAction":[{"@type":"ReadAction","target":["https:\/\/eveready.com\/eu\/sweden\/product\/eveready-metal-color-50\/"]}]},{"@type":"ImageObject","inLanguage":"en-US","@id":"https:\/\/eveready.com\/eu\/sweden\/product\/eveready-metal-color-50\/#primaryimage","url":"https:\/\/eveready.com\/eu\/sweden\/wp-content\/uploads\/sites\/14\/2025\/10\/Eveready\u00ae-METAL-COLOR-50.png","contentUrl":"https:\/\/eveready.com\/eu\/sweden\/wp-content\/uploads\/sites\/14\/2025\/10\/Eveready\u00ae-METAL-COLOR-50.png","width":800,"height":800},{"@type":"BreadcrumbList","@id":"https:\/\/eveready.com\/eu\/sweden\/product\/eveready-metal-color-50\/#breadcrumb","itemListElement":[{"@type":"ListItem","position":1,"name":"Home","item":"https:\/\/eveready.com\/eu\/sweden\/"},{"@type":"ListItem","position":2,"name":"Products","item":"https:\/\/eveready.com\/eu\/sweden\/shop\/"},{"@type":"ListItem","position":3,"name":"Eveready\u00ae METAL COLOR 50"}]},{"@type":"WebSite","@id":"https:\/\/eveready.com\/eu\/sweden\/#website","url":"https:\/\/eveready.com\/eu\/sweden\/","name":"Eveready Sweden","description":"","publisher":{"@id":"https:\/\/eveready.com\/eu\/sweden\/#organization"},"potentialAction":[{"@type":"SearchAction","target":{"@type":"EntryPoint","urlTemplate":"https:\/\/eveready.com\/eu\/sweden\/?s={search_term_string}"},"query-input":{"@type":"PropertyValueSpecification","valueRequired":true,"valueName":"search_term_string"}}],"inLanguage":"en-US"},{"@type":"Organization","@id":"https:\/\/eveready.com\/eu\/sweden\/#organization","name":"Eveready Sweden","url":"https:\/\/eveready.com\/eu\/sweden\/","logo":{"@type":"ImageObject","inLanguage":"en-US","@id":"https:\/\/eveready.com\/eu\/sweden\/#\/schema\/logo\/image\/","url":"https:\/\/eveready.com\/eu\/sweden\/wp-content\/uploads\/sites\/14\/2025\/08\/logo-eveready.png","contentUrl":"https:\/\/eveready.com\/eu\/sweden\/wp-content\/uploads\/sites\/14\/2025\/08\/logo-eveready.png","width":855,"height":220,"caption":"Eveready Sweden"},"image":{"@id":"https:\/\/eveready.com\/eu\/sweden\/#\/schema\/logo\/image\/"}}]}},"acf":[],"_links":{"self":[{"href":"https:\/\/eveready.com\/eu\/sweden\/wp-json\/wp\/v2\/product\/4274","targetHints":{"allow":["GET"]}}],"collection":[{"href":"https:\/\/eveready.com\/eu\/sweden\/wp-json\/wp\/v2\/product"}],"about":[{"href":"https:\/\/eveready.com\/eu\/sweden\/wp-json\/wp\/v2\/types\/product"}],"replies":[{"embeddable":true,"href":"https:\/\/eveready.com\/eu\/sweden\/wp-json\/wp\/v2\/comments?post=4274"}],"wp:featuredmedia":[{"embeddable":true,"href":"https:\/\/eveready.com\/eu\/sweden\/wp-json\/wp\/v2\/media\/4280"}],"wp:attachment":[{"href":"https:\/\/eveready.com\/eu\/sweden\/wp-json\/wp\/v2\/media?parent=4274"}],"wp:term":[{"taxonomy":"product_brand","embeddable":true,"href":"https:\/\/eveready.com\/eu\/sweden\/wp-json\/wp\/v2\/product_brand?post=4274"},{"taxonomy":"product_cat","embeddable":true,"href":"https:\/\/eveready.com\/eu\/sweden\/wp-json\/wp\/v2\/product_cat?post=4274"},{"taxonomy":"product_tag","embeddable":true,"href":"https:\/\/eveready.com\/eu\/sweden\/wp-json\/wp\/v2\/product_tag?post=4274"}],"curies":[{"name":"wp","href":"https:\/\/api.w.org\/{rel}","templated":true}]}}