{"id":3667,"date":"2025-09-26T02:16:05","date_gmt":"2025-09-26T06:16:05","guid":{"rendered":"https:\/\/4575d4bec0.nxcli.io\/apac\/australia\/?page_id=3667"},"modified":"2026-03-31T09:26:06","modified_gmt":"2026-03-31T13:26:06","slug":"brand-ambassador","status":"publish","type":"page","link":"https:\/\/eveready.com\/eu\/switzerland-de\/brand-ambassador\/","title":{"rendered":"Markenbotschafter"},"content":{"rendered":"\t\t<div data-elementor-type=\"wp-page\" data-elementor-id=\"3667\" class=\"elementor elementor-3667\" data-elementor-post-type=\"page\">\n\t\t\t\t<div class=\"elementor-element elementor-element-80638f2 e-flex e-con-boxed e-con e-parent\" data-id=\"80638f2\" data-element_type=\"container\" data-e-type=\"container\">\n\t\t\t\t\t<div class=\"e-con-inner\">\n\t\t<div class=\"elementor-element elementor-element-5ab3aef e-con-full e-flex e-con e-child\" data-id=\"5ab3aef\" data-element_type=\"container\" data-e-type=\"container\">\n\t\t\t\t<div class=\"elementor-element elementor-element-04b669b elementor-widget elementor-widget-image\" data-id=\"04b669b\" data-element_type=\"widget\" data-e-type=\"widget\" data-widget_type=\"image.default\">\n\t\t\t\t\t\t\t\t\t\t\t\t\t\t\t<img fetchpriority=\"high\" decoding=\"async\" width=\"1500\" height=\"650\" src=\"https:\/\/eveready.com\/eu\/switzerland-de\/wp-content\/uploads\/sites\/20\/2026\/03\/EVR_BALL_GERMAN.jpg\" class=\"attachment-full size-full wp-image-5700\" alt=\"\" srcset=\"https:\/\/eveready.com\/eu\/switzerland-de\/wp-content\/uploads\/sites\/20\/2026\/03\/EVR_BALL_GERMAN.jpg 1500w, https:\/\/eveready.com\/eu\/switzerland-de\/wp-content\/uploads\/sites\/20\/2026\/03\/EVR_BALL_GERMAN-300x130.jpg 300w, https:\/\/eveready.com\/eu\/switzerland-de\/wp-content\/uploads\/sites\/20\/2026\/03\/EVR_BALL_GERMAN-1024x444.jpg 1024w, https:\/\/eveready.com\/eu\/switzerland-de\/wp-content\/uploads\/sites\/20\/2026\/03\/EVR_BALL_GERMAN-150x65.jpg 150w, https:\/\/eveready.com\/eu\/switzerland-de\/wp-content\/uploads\/sites\/20\/2026\/03\/EVR_BALL_GERMAN-768x333.jpg 768w, https:\/\/eveready.com\/eu\/switzerland-de\/wp-content\/uploads\/sites\/20\/2026\/03\/EVR_BALL_GERMAN-600x260.jpg 600w\" sizes=\"(max-width: 1500px) 100vw, 1500px\" \/>\t\t\t\t\t\t\t\t\t\t\t\t\t\t\t<\/div>\n\t\t<div class=\"elementor-element elementor-element-36f234d e-con-full elementor-hidden-desktop elementor-hidden-tablet elementor-hidden-mobile e-flex e-con e-child\" data-id=\"36f234d\" data-element_type=\"container\" data-e-type=\"container\">\n\t\t\t\t<div class=\"elementor-element elementor-element-ca79abf yellow-heading elementor-widget elementor-widget-heading\" data-id=\"ca79abf\" data-element_type=\"widget\" data-e-type=\"widget\" data-widget_type=\"heading.default\">\n\t\t\t\t\t<h2 class=\"elementor-heading-title elementor-size-default\">Brand <\/h2>\t\t\t\t<\/div>\n\t\t\t\t<div class=\"elementor-element elementor-element-a0a632b elementor-widget-divider--view-line elementor-widget elementor-widget-divider\" data-id=\"a0a632b\" data-element_type=\"widget\" data-e-type=\"widget\" data-widget_type=\"divider.default\">\n\t\t\t\t\t\t\t<div class=\"elementor-divider\">\n\t\t\t<span class=\"elementor-divider-separator\">\n\t\t\t\t\t\t<\/span>\n\t\t<\/div>\n\t\t\t\t\t\t<\/div>\n\t\t\t\t<div class=\"elementor-element elementor-element-937855f white-heading elementor-widget elementor-widget-heading\" data-id=\"937855f\" data-element_type=\"widget\" data-e-type=\"widget\" data-widget_type=\"heading.default\">\n\t\t\t\t\t<h2 class=\"elementor-heading-title elementor-size-default\">Ambassador<\/h2>\t\t\t\t<\/div>\n\t\t\t\t<\/div>\n\t\t\t\t<\/div>\n\t\t\t\t\t<\/div>\n\t\t\t\t<\/div>\n\t\t<div class=\"elementor-element elementor-element-dd299eb e-flex e-con-boxed e-con e-parent\" data-id=\"dd299eb\" data-element_type=\"container\" data-e-type=\"container\">\n\t\t\t\t\t<div class=\"e-con-inner\">\n\t\t\t\t<div class=\"elementor-element elementor-element-40e13dc elementor-widget elementor-widget-heading\" data-id=\"40e13dc\" data-element_type=\"widget\" data-e-type=\"widget\" data-widget_type=\"heading.default\">\n\t\t\t\t\t<h2 class=\"elementor-heading-title elementor-size-default\">EVEREADY\u00ae VERK\u00dcNDET HARRY KANE ALS GLOBALEN MARKENBOTSCHAFTER\n<\/h2>\t\t\t\t<\/div>\n\t\t\t\t<div class=\"elementor-element elementor-element-a999626 elementor-widget__width-initial elementor-widget elementor-widget-text-editor\" data-id=\"a999626\" data-element_type=\"widget\" data-e-type=\"widget\" data-widget_type=\"text-editor.default\">\n\t\t\t\t\t\t\t\t\t<p><em>Die Partnerschaft mit dem internationalen Fu\u00dfballstar und Familienvater ist Teil einer umfassenden globalen Marketingoffensive, um die Markenpr\u00e4senz weltweit auszubauen.<\/em><\/p>\t\t\t\t\t\t\t\t<\/div>\n\t\t\t\t<div class=\"elementor-element elementor-element-4725235 elementor-widget elementor-widget-text-editor\" data-id=\"4725235\" data-element_type=\"widget\" data-e-type=\"widget\" data-widget_type=\"text-editor.default\">\n\t\t\t\t\t\t\t\t\t<p><strong>ST. LOUIS, MISSOURI \u2013 1. OKTOBER 2025 \u2013 EVEREADY\u00ae,<\/strong> eine f\u00fchrende Marke f\u00fcr Batterien und Beleuchtungsprodukte, hat Harry Kane \u2013 Kapit\u00e4n der englischen Nationalmannschaft und St\u00fcrmer des FC Bayern M\u00fcnchen \u2013 zum globalen Markenbotschafter ernannt.<\/p><p>EVEREADY\u00ae ist die Marke, der Menschen vertrauen, wenn es um Qualit\u00e4tsprodukte zum attraktiven Preis geht. Sie schenkt Familien Licht, Schutz und Unterhaltung. Als weltweit angesehene Marke freut sich EVEREADY\u00ae \u00fcber die Partnerschaft mit Harry Kane, w\u00e4hrend wir unsere Bem\u00fchungen verst\u00e4rken, bezahlbare Energie f\u00fcr noch mehr Menschen weltweit zug\u00e4nglich zu machen.<\/p><p>Im Rahmen der mehrj\u00e4hrigen Partnerschaft wird Harry Kane in internationalen EVEREADY\u00ae Marketingkampagnen zu sehen sein, die \u00fcber verschiedene Kan\u00e4le wie soziale Medien, digitale Plattformen, E-Commerce, Au\u00dfenwerbung und Verkaufsdisplays im Handel (In-Store) ausgespielt werden.<\/p><p>\u201eWir freuen uns sehr, diese Partnerschaft mit einer echten globalen Fu\u00dfballikone einzugehen und Harry Kane als globalen Markenbotschafter willkommen zu hei\u00dfen\u201c, sagte Lori Shambro, Chief Marketing Officer von Energizer\u00ae Holdings. \u201eDie Zusammenarbeit mit Harry ist eine von vielen Marketingoffensiven, die EVEREADY\u00ae dabei helfen werden, neue Konsumenten weltweit zu erreichen. Wir zeigen damit, wie unser Sortiment an hochwertigen, preisbewu\u00dften Produkten Familien den Zugang zu der Energie erm\u00f6glicht, die sie f\u00fcr ihren aktiven Alltag ben\u00f6tigen \u2013 und das bei voller Budgetkontrolle.\u201c<\/p><p>\u201eIch bin stolz darauf, mit EVEREADY\u00ae zusammenzuarbeiten\u201c, sagte Harry Kane. \u201eEs ist eine weltweit vertrauensw\u00fcrdige Marke, die daf\u00fcr bekannt ist, genau dann da zu sein, wenn es am wichtigsten ist \u2013 besonders wenn es darum geht, dass zu Hause alles reibungslos l\u00e4uft. Ich freue mich auf die enge Zusammenarbeit!\u201c<\/p><p>Harry Kane ist ein weltweit gefeierter Fu\u00dfball-Superstar, Kapit\u00e4n der englischen Nationalmannschaft und St\u00fcrmer des FC Bayern M\u00fcnchen. Er ist der Rekordtorsch\u00fctze von Tottenham Hotspur und der englischen Nationalelf. In seiner beeindruckenden Karriere gewann er mehrfach den \u201eGolden Boot\u201c der Premier League, den \u201eGoldenen Schuh\u201c der WM 2018 sowie den \u201eGoldenen Schuh\u201c der UEFA und wurde Torsch\u00fctzenk\u00f6nig der Bundesliga. Zuletzt stellte er einen Rekord als der Spieler auf, der in einer der f\u00fcnf europ\u00e4ischen Top-Ligen am schnellsten 100 Tore erzielte. Er ist ein Ausnahmespieler und eine inspirierende F\u00fchrungspers\u00f6nlichkeit auf und neben dem Platz.<\/p>\t\t\t\t\t\t\t\t<\/div>\n\t\t\t\t<div class=\"elementor-element elementor-element-5cc70b6 elementor-widget elementor-widget-text-editor\" data-id=\"5cc70b6\" data-element_type=\"widget\" data-e-type=\"widget\" data-widget_type=\"text-editor.default\">\n\t\t\t\t\t\t\t\t\t<p>EVEREADY\u00ae ist eine Marke von Energizer\u00ae Holdings, Inc. Weitere Informationen finden Sie unter t <span style=\"text-decoration: underline;\"><a href=\"https:\/\/eveready.com\/\" target=\"_blank\" rel=\"noopener\">Eveready.com<\/a><\/span>.<\/p>\t\t\t\t\t\t\t\t<\/div>\n\t\t\t\t<div class=\"elementor-element elementor-element-33b9865 elementor-widget elementor-widget-text-editor\" data-id=\"33b9865\" data-element_type=\"widget\" data-e-type=\"widget\" data-widget_type=\"text-editor.default\">\n\t\t\t\t\t\t\t\t\t<p>Bei Fragen wenden Sie sich bitte an den Sprecher von Energizer\u00ae Holdings, John Leiby, unter <a href=\"mailto:John.Leiby@Energizer.com\"><u>John.Leiby@Energizer.com<\/u><\/a> oder an <span style=\"text-decoration: underline;\"><a href=\"mailto:Media@Energizer.com\">Media@Energizer.com<\/a><\/span>.<\/p>\t\t\t\t\t\t\t\t<\/div>\n\t\t\t\t<div class=\"elementor-element elementor-element-ff3db52 elementor-widget elementor-widget-heading\" data-id=\"ff3db52\" data-element_type=\"widget\" data-e-type=\"widget\" data-widget_type=\"heading.default\">\n\t\t\t\t\t<h3 class=\"elementor-heading-title elementor-size-default\">\u00dcBER ENERGIZER\u00ae HOLDINGS\n<\/h3>\t\t\t\t<\/div>\n\t\t\t\t<div class=\"elementor-element elementor-element-b6260cf elementor-widget elementor-widget-text-editor\" data-id=\"b6260cf\" data-element_type=\"widget\" data-e-type=\"widget\" data-widget_type=\"text-editor.default\">\n\t\t\t\t\t\t\t\t\t<p>Energizer\u00ae Holdings mit Hauptsitz in St. Louis (Missouri, USA) ist einer der weltweit gr\u00f6\u00dften Hersteller von Prim\u00e4rbatterien und tragbaren Beleuchtungsprodukten. Das Unternehmen ist durch seine weltweit bekannten Marken Energizer\u00ae, Eveready\u00ae, Rayovac und Varta fest am Markt verankert. Energizer\u00ae Holdings ist zudem ein f\u00fchrender Entwickler und Vermarkter von Autopflege- und Duftprodukten bekannter Marken wie A\/C Pro, Armor All, Bahama &amp; Co., California Scents, Driven, Eagle One, LEXOL, Nu Finish, Refresh Your Car! und STP.<\/p><p>Als globaler Anbieter von Marken-Konsumg\u00fctern ist es unsere Mission, durch erstklassigen Service f\u00fcr Verbraucher und Kunden die Marktf\u00fchrerschaft in unseren Kategorien zu sichern.<\/p>\t\t\t\t\t\t\t\t<\/div>\n\t\t\t\t\t<\/div>\n\t\t\t\t<\/div>\n\t\t\t\t<\/div>\n\t\t","protected":false},"excerpt":{"rendered":"<p>Brand Ambassador EVEREADY\u00ae VERK\u00dcNDET HARRY KANE ALS GLOBALEN MARKENBOTSCHAFTER Die Partnerschaft mit dem internationalen Fu\u00dfballstar und Familienvater ist Teil einer umfassenden globalen Marketingoffensive, um die Markenpr\u00e4senz weltweit auszubauen. ST. LOUIS, MISSOURI \u2013 1. OKTOBER 2025 \u2013 EVEREADY\u00ae, eine f\u00fchrende Marke f\u00fcr Batterien und Beleuchtungsprodukte, hat Harry Kane \u2013 Kapit\u00e4n der englischen Nationalmannschaft und St\u00fcrmer des [&hellip;]<\/p>\n","protected":false},"author":4,"featured_media":0,"parent":0,"menu_order":0,"comment_status":"closed","ping_status":"closed","template":"","meta":{"_acf_changed":false,"footnotes":""},"class_list":["post-3667","page","type-page","status-publish","hentry"],"yoast_head":"<!-- This site is optimized with the Yoast SEO plugin v27.4 - https:\/\/yoast.com\/product\/yoast-seo-wordpress\/ -->\n<title>Markenbotschafter - Eveready Switzerland DE<\/title>\n<meta name=\"robots\" content=\"index, follow, max-snippet:-1, max-image-preview:large, max-video-preview:-1\" \/>\n<link rel=\"canonical\" href=\"https:\/\/eveready.com\/eu\/switzerland-de\/brand-ambassador\/\" \/>\n<meta property=\"og:locale\" content=\"en_US\" \/>\n<meta property=\"og:type\" content=\"article\" \/>\n<meta property=\"og:title\" content=\"Markenbotschafter - Eveready Switzerland DE\" \/>\n<meta property=\"og:description\" content=\"Brand Ambassador EVEREADY\u00ae VERK\u00dcNDET HARRY KANE ALS GLOBALEN MARKENBOTSCHAFTER Die Partnerschaft mit dem internationalen Fu\u00dfballstar und Familienvater ist Teil einer umfassenden globalen Marketingoffensive, um die Markenpr\u00e4senz weltweit auszubauen. ST. LOUIS, MISSOURI \u2013 1. OKTOBER 2025 \u2013 EVEREADY\u00ae, eine f\u00fchrende Marke f\u00fcr Batterien und Beleuchtungsprodukte, hat Harry Kane \u2013 Kapit\u00e4n der englischen Nationalmannschaft und St\u00fcrmer des [&hellip;]\" \/>\n<meta property=\"og:url\" content=\"https:\/\/eveready.com\/eu\/switzerland-de\/brand-ambassador\/\" \/>\n<meta property=\"og:site_name\" content=\"Eveready Switzerland DE\" \/>\n<meta property=\"article:modified_time\" content=\"2026-03-31T13:26:06+00:00\" \/>\n<meta property=\"og:image\" content=\"https:\/\/eveready.com\/eu\/switzerland-de\/wp-content\/uploads\/sites\/20\/2026\/03\/EVR_BALL_GERMAN.jpg\" \/>\n\t<meta property=\"og:image:width\" content=\"1500\" \/>\n\t<meta property=\"og:image:height\" content=\"650\" \/>\n\t<meta property=\"og:image:type\" content=\"image\/jpeg\" \/>\n<meta name=\"twitter:card\" content=\"summary_large_image\" \/>\n<script type=\"application\/ld+json\" class=\"yoast-schema-graph\">{\"@context\":\"https:\\\/\\\/schema.org\",\"@graph\":[{\"@type\":\"WebPage\",\"@id\":\"https:\\\/\\\/eveready.com\\\/eu\\\/switzerland-de\\\/brand-ambassador\\\/\",\"url\":\"https:\\\/\\\/eveready.com\\\/eu\\\/switzerland-de\\\/brand-ambassador\\\/\",\"name\":\"Markenbotschafter - Eveready Switzerland DE\",\"isPartOf\":{\"@id\":\"https:\\\/\\\/eveready.com\\\/eu\\\/switzerland-de\\\/#website\"},\"primaryImageOfPage\":{\"@id\":\"https:\\\/\\\/eveready.com\\\/eu\\\/switzerland-de\\\/brand-ambassador\\\/#primaryimage\"},\"image\":{\"@id\":\"https:\\\/\\\/eveready.com\\\/eu\\\/switzerland-de\\\/brand-ambassador\\\/#primaryimage\"},\"thumbnailUrl\":\"https:\\\/\\\/eveready.com\\\/eu\\\/switzerland-de\\\/wp-content\\\/uploads\\\/sites\\\/20\\\/2026\\\/03\\\/EVR_BALL_GERMAN.jpg\",\"datePublished\":\"2025-09-26T06:16:05+00:00\",\"dateModified\":\"2026-03-31T13:26:06+00:00\",\"breadcrumb\":{\"@id\":\"https:\\\/\\\/eveready.com\\\/eu\\\/switzerland-de\\\/brand-ambassador\\\/#breadcrumb\"},\"inLanguage\":\"en-US\",\"potentialAction\":[{\"@type\":\"ReadAction\",\"target\":[\"https:\\\/\\\/eveready.com\\\/eu\\\/switzerland-de\\\/brand-ambassador\\\/\"]}]},{\"@type\":\"ImageObject\",\"inLanguage\":\"en-US\",\"@id\":\"https:\\\/\\\/eveready.com\\\/eu\\\/switzerland-de\\\/brand-ambassador\\\/#primaryimage\",\"url\":\"https:\\\/\\\/eveready.com\\\/eu\\\/switzerland-de\\\/wp-content\\\/uploads\\\/sites\\\/20\\\/2026\\\/03\\\/EVR_BALL_GERMAN.jpg\",\"contentUrl\":\"https:\\\/\\\/eveready.com\\\/eu\\\/switzerland-de\\\/wp-content\\\/uploads\\\/sites\\\/20\\\/2026\\\/03\\\/EVR_BALL_GERMAN.jpg\",\"width\":1500,\"height\":650},{\"@type\":\"BreadcrumbList\",\"@id\":\"https:\\\/\\\/eveready.com\\\/eu\\\/switzerland-de\\\/brand-ambassador\\\/#breadcrumb\",\"itemListElement\":[{\"@type\":\"ListItem\",\"position\":1,\"name\":\"Home\",\"item\":\"https:\\\/\\\/eveready.com\\\/eu\\\/switzerland-de\\\/\"},{\"@type\":\"ListItem\",\"position\":2,\"name\":\"Markenbotschafter\"}]},{\"@type\":\"WebSite\",\"@id\":\"https:\\\/\\\/eveready.com\\\/eu\\\/switzerland-de\\\/#website\",\"url\":\"https:\\\/\\\/eveready.com\\\/eu\\\/switzerland-de\\\/\",\"name\":\"Eveready Switzerland DE\",\"description\":\"\",\"publisher\":{\"@id\":\"https:\\\/\\\/eveready.com\\\/eu\\\/switzerland-de\\\/#organization\"},\"potentialAction\":[{\"@type\":\"SearchAction\",\"target\":{\"@type\":\"EntryPoint\",\"urlTemplate\":\"https:\\\/\\\/eveready.com\\\/eu\\\/switzerland-de\\\/?s={search_term_string}\"},\"query-input\":{\"@type\":\"PropertyValueSpecification\",\"valueRequired\":true,\"valueName\":\"search_term_string\"}}],\"inLanguage\":\"en-US\"},{\"@type\":\"Organization\",\"@id\":\"https:\\\/\\\/eveready.com\\\/eu\\\/switzerland-de\\\/#organization\",\"name\":\"Eveready Switzerland DE\",\"url\":\"https:\\\/\\\/eveready.com\\\/eu\\\/switzerland-de\\\/\",\"logo\":{\"@type\":\"ImageObject\",\"inLanguage\":\"en-US\",\"@id\":\"https:\\\/\\\/eveready.com\\\/eu\\\/switzerland-de\\\/#\\\/schema\\\/logo\\\/image\\\/\",\"url\":\"https:\\\/\\\/eveready.com\\\/eu\\\/switzerland-de\\\/wp-content\\\/uploads\\\/sites\\\/20\\\/2025\\\/08\\\/logo-eveready.png\",\"contentUrl\":\"https:\\\/\\\/eveready.com\\\/eu\\\/switzerland-de\\\/wp-content\\\/uploads\\\/sites\\\/20\\\/2025\\\/08\\\/logo-eveready.png\",\"width\":855,\"height\":220,\"caption\":\"Eveready Switzerland DE\"},\"image\":{\"@id\":\"https:\\\/\\\/eveready.com\\\/eu\\\/switzerland-de\\\/#\\\/schema\\\/logo\\\/image\\\/\"}}]}<\/script>\n<!-- \/ Yoast SEO plugin. -->","yoast_head_json":{"title":"Markenbotschafter - Eveready Switzerland DE","robots":{"index":"index","follow":"follow","max-snippet":"max-snippet:-1","max-image-preview":"max-image-preview:large","max-video-preview":"max-video-preview:-1"},"canonical":"https:\/\/eveready.com\/eu\/switzerland-de\/brand-ambassador\/","og_locale":"en_US","og_type":"article","og_title":"Markenbotschafter - Eveready Switzerland DE","og_description":"Brand Ambassador EVEREADY\u00ae VERK\u00dcNDET HARRY KANE ALS GLOBALEN MARKENBOTSCHAFTER Die Partnerschaft mit dem internationalen Fu\u00dfballstar und Familienvater ist Teil einer umfassenden globalen Marketingoffensive, um die Markenpr\u00e4senz weltweit auszubauen. ST. LOUIS, MISSOURI \u2013 1. OKTOBER 2025 \u2013 EVEREADY\u00ae, eine f\u00fchrende Marke f\u00fcr Batterien und Beleuchtungsprodukte, hat Harry Kane \u2013 Kapit\u00e4n der englischen Nationalmannschaft und St\u00fcrmer des [&hellip;]","og_url":"https:\/\/eveready.com\/eu\/switzerland-de\/brand-ambassador\/","og_site_name":"Eveready Switzerland DE","article_modified_time":"2026-03-31T13:26:06+00:00","og_image":[{"width":1500,"height":650,"url":"https:\/\/eveready.com\/eu\/switzerland-de\/wp-content\/uploads\/sites\/20\/2026\/03\/EVR_BALL_GERMAN.jpg","type":"image\/jpeg"}],"twitter_card":"summary_large_image","schema":{"@context":"https:\/\/schema.org","@graph":[{"@type":"WebPage","@id":"https:\/\/eveready.com\/eu\/switzerland-de\/brand-ambassador\/","url":"https:\/\/eveready.com\/eu\/switzerland-de\/brand-ambassador\/","name":"Markenbotschafter - Eveready Switzerland DE","isPartOf":{"@id":"https:\/\/eveready.com\/eu\/switzerland-de\/#website"},"primaryImageOfPage":{"@id":"https:\/\/eveready.com\/eu\/switzerland-de\/brand-ambassador\/#primaryimage"},"image":{"@id":"https:\/\/eveready.com\/eu\/switzerland-de\/brand-ambassador\/#primaryimage"},"thumbnailUrl":"https:\/\/eveready.com\/eu\/switzerland-de\/wp-content\/uploads\/sites\/20\/2026\/03\/EVR_BALL_GERMAN.jpg","datePublished":"2025-09-26T06:16:05+00:00","dateModified":"2026-03-31T13:26:06+00:00","breadcrumb":{"@id":"https:\/\/eveready.com\/eu\/switzerland-de\/brand-ambassador\/#breadcrumb"},"inLanguage":"en-US","potentialAction":[{"@type":"ReadAction","target":["https:\/\/eveready.com\/eu\/switzerland-de\/brand-ambassador\/"]}]},{"@type":"ImageObject","inLanguage":"en-US","@id":"https:\/\/eveready.com\/eu\/switzerland-de\/brand-ambassador\/#primaryimage","url":"https:\/\/eveready.com\/eu\/switzerland-de\/wp-content\/uploads\/sites\/20\/2026\/03\/EVR_BALL_GERMAN.jpg","contentUrl":"https:\/\/eveready.com\/eu\/switzerland-de\/wp-content\/uploads\/sites\/20\/2026\/03\/EVR_BALL_GERMAN.jpg","width":1500,"height":650},{"@type":"BreadcrumbList","@id":"https:\/\/eveready.com\/eu\/switzerland-de\/brand-ambassador\/#breadcrumb","itemListElement":[{"@type":"ListItem","position":1,"name":"Home","item":"https:\/\/eveready.com\/eu\/switzerland-de\/"},{"@type":"ListItem","position":2,"name":"Markenbotschafter"}]},{"@type":"WebSite","@id":"https:\/\/eveready.com\/eu\/switzerland-de\/#website","url":"https:\/\/eveready.com\/eu\/switzerland-de\/","name":"Eveready Switzerland DE","description":"","publisher":{"@id":"https:\/\/eveready.com\/eu\/switzerland-de\/#organization"},"potentialAction":[{"@type":"SearchAction","target":{"@type":"EntryPoint","urlTemplate":"https:\/\/eveready.com\/eu\/switzerland-de\/?s={search_term_string}"},"query-input":{"@type":"PropertyValueSpecification","valueRequired":true,"valueName":"search_term_string"}}],"inLanguage":"en-US"},{"@type":"Organization","@id":"https:\/\/eveready.com\/eu\/switzerland-de\/#organization","name":"Eveready Switzerland DE","url":"https:\/\/eveready.com\/eu\/switzerland-de\/","logo":{"@type":"ImageObject","inLanguage":"en-US","@id":"https:\/\/eveready.com\/eu\/switzerland-de\/#\/schema\/logo\/image\/","url":"https:\/\/eveready.com\/eu\/switzerland-de\/wp-content\/uploads\/sites\/20\/2025\/08\/logo-eveready.png","contentUrl":"https:\/\/eveready.com\/eu\/switzerland-de\/wp-content\/uploads\/sites\/20\/2025\/08\/logo-eveready.png","width":855,"height":220,"caption":"Eveready Switzerland DE"},"image":{"@id":"https:\/\/eveready.com\/eu\/switzerland-de\/#\/schema\/logo\/image\/"}}]}},"acf":[],"_links":{"self":[{"href":"https:\/\/eveready.com\/eu\/switzerland-de\/wp-json\/wp\/v2\/pages\/3667","targetHints":{"allow":["GET"]}}],"collection":[{"href":"https:\/\/eveready.com\/eu\/switzerland-de\/wp-json\/wp\/v2\/pages"}],"about":[{"href":"https:\/\/eveready.com\/eu\/switzerland-de\/wp-json\/wp\/v2\/types\/page"}],"author":[{"embeddable":true,"href":"https:\/\/eveready.com\/eu\/switzerland-de\/wp-json\/wp\/v2\/users\/4"}],"replies":[{"embeddable":true,"href":"https:\/\/eveready.com\/eu\/switzerland-de\/wp-json\/wp\/v2\/comments?post=3667"}],"version-history":[{"count":37,"href":"https:\/\/eveready.com\/eu\/switzerland-de\/wp-json\/wp\/v2\/pages\/3667\/revisions"}],"predecessor-version":[{"id":5711,"href":"https:\/\/eveready.com\/eu\/switzerland-de\/wp-json\/wp\/v2\/pages\/3667\/revisions\/5711"}],"wp:attachment":[{"href":"https:\/\/eveready.com\/eu\/switzerland-de\/wp-json\/wp\/v2\/media?parent=3667"}],"curies":[{"name":"wp","href":"https:\/\/api.w.org\/{rel}","templated":true}]}}