{"id":4235,"date":"2025-10-10T01:59:47","date_gmt":"2025-10-10T05:59:47","guid":{"rendered":"https:\/\/eveready.com\/eu\/switzerland-de\/?post_type=product&#038;p=4235"},"modified":"2026-03-16T04:58:08","modified_gmt":"2026-03-16T08:58:08","slug":"eveready-gold-aaa","status":"publish","type":"product","link":"https:\/\/eveready.com\/eu\/switzerland-de\/product\/eveready-gold-aaa\/","title":{"rendered":"EVEREADY GOLD\u00ae AAA"},"content":{"rendered":"<p><strong>Eigenschaften &amp; Vorteile<\/strong><\/p>\n<ul>\n<li>Neu von Energizer\u00ae! \u2013 Nr. 1 Batteriemarke weltweit und in Europa*<\/li>\n<li>Vertrauen und Zuverl\u00e4ssigkeit zum attraktiven Preis \u2013 f\u00fcr Familien weltweit und preisbewusste Kunden<\/li>\n<li>H\u00e4lt bis zu 10x l\u00e4nger (AA)**<\/li>\n<li>Bis zu 10 Jahre lagerf\u00e4hig*<\/li>\n<li>8er-Pack<\/li>\n<li>Mit EVEREADY\u00ae l\u00e4uft\u2019s!<\/li>\n<\/ul>\n<p>*INTL-Zusammenfassung | Mai 2022<br \/>\n*im Vergleich zu EVEREADY\u00ae Super Heavy Duty\u2122 basierend auf dem ANSI-Grooming-Test<\/p>\n","protected":false},"excerpt":{"rendered":"<p>Eveready Gold\u00ae ist eine Alkalibatterie \u2013 einer der g\u00e4ngigsten Batterietypen f\u00fcr Haushaltsger\u00e4te. Die \u201eGold\u201c-Serie von Eveready\u00ae wurde entwickelt, um zuverl\u00e4ssige Energie zu einem attraktiven Preis zu bieten. Sie sind in verschiedenen Gr\u00f6\u00dfen erh\u00e4ltlich, darunter AA, AAA, C, D und 9V, und somit mit einer Vielzahl von Ger\u00e4ten kompatibel. Die Gold-Serie von Eveready\u00ae ist bekannt f\u00fcr ihre konstante, langlebige Leistung. Dies macht sie zur idealen Wahl f\u00fcr Alltagsanwendungen wie Spielzeug, Uhren, Taschenlampen und Fernbedienungen. Sie bieten ein hervorragendes Verh\u00e4ltnis zwischen Preis und Leistung und sind damit eine attraktive Option f\u00fcr preisbewusste Kunden.<\/p>\n<p>Hauptmerkmale der Eveready Gold\u00ae Batterien:<br \/>\nErschwingliche Power: Einer der gr\u00f6\u00dften Vorteile der Eveready Gold\u00ae Batterien ist ihre Wirtschaftlichkeit. Verbraucher genie\u00dfen zuverl\u00e4ssige Energie, ohne ihr Budget zu belasten \u2013 ideal f\u00fcr Haushalte mit regelm\u00e4\u00dfigem Batteriebedarf.<br \/>\nLanglebigkeit: Eveready Gold\u00ae Batterien halten bis zu 10x l\u00e4nger als herk\u00f6mmliche Zink-Kohle-Batterien**** und erm\u00f6glichen so l\u00e4ngere Nutzungszeiten in vielen Ger\u00e4ten. Zudem sind sie bis zu 10 Jahre lagerf\u00e4hig*****! Das macht sie zu einer exzellenten Wahl f\u00fcr Ger\u00e4te mit hohem Energieverbrauch, wie Spielzeug und tragbare Elektronik.<br \/>\nZuverl\u00e4ssige Leistung: Diese Batterien liefern \u00fcber ihre gesamte Lebensdauer eine konsistente und verl\u00e4ssliche Leistung. Ob f\u00fcr Ger\u00e4te mit geringem Verbrauch wie Fernbedienungen und Uhren oder f\u00fcr energieintensive Anwendungen wie Taschenlampen und tragbare Audioger\u00e4te \u2013 Eveready Gold\u00ae Batterien bieten stets die n\u00f6tige Sicherheit.<\/p>\n<p>Bei Eveready Gold\u00ae dreht sich alles um Erschwinglichkeit, Ausdauer und einen erstklassigen Ruf f\u00fcr konstante Leistung. Da die Nachfrage nach verl\u00e4sslichen und preiswerten Energiel\u00f6sungen stetig w\u00e4chst, bleibt Eveready Gold\u00ae die erste Wahl f\u00fcr Kunden, die praktische L\u00f6sungen suchen, die sie nicht im Stich lassen. Der Weg von Eveready\u00ae \u2013 von einem kleinen US-Unternehmen zu einem globalen Marktf\u00fchrer \u2013 ist ein Beweis f\u00fcr Vertrauen, Innovation und Marketing-Exzellenz. W\u00e4hrend Eveready\u00ae sich mit den wandelnden Zeiten weiterentwickelt, bleibt die Marke ihrem Anspruch treu, zuverl\u00e4ssige und nachhaltige Energiel\u00f6sungen bereitzustellen \u2013 jene, die sie zu einem vertrauensw\u00fcrdigen Namen in Haushalten auf der ganzen Welt gemacht haben. Probieren Sie es aus \u2013 denn mit Eveready\u00ae l\u00e4uft\u2019s!<\/p>\n<p>** Basierend auf der Unternehmensgeschichte seit 1896<br \/>\n*** Marktdaten bis 06\/2023: Philippinen, Malaysia, \u00c4gypten, Australien, Neuseeland<br \/>\n**** Gr\u00f6\u00dfe AA, im Vergleich zu EVEREADY\u00ae Super Heavy Duty\u2122 basierend auf dem ANSI-Grooming-Test; nur f\u00fcr AP, MEA, EU, NA Messaging<br \/>\n***** Gr\u00f6\u00dfen AA, AAA, C, D; bei Lagerung<\/p>\n","protected":false},"featured_media":4238,"comment_status":"open","ping_status":"closed","template":"","meta":{"_acf_changed":false},"product_brand":[],"product_cat":[36,37],"product_tag":[],"class_list":{"0":"post-4235","1":"product","2":"type-product","3":"status-publish","4":"has-post-thumbnail","6":"product_cat-batteries","7":"product_cat-eveready-gold","9":"first","10":"instock","11":"shipping-taxable","12":"product-type-simple"},"yoast_head":"<!-- This site is optimized with the Yoast SEO plugin v27.4 - https:\/\/yoast.com\/product\/yoast-seo-wordpress\/ -->\n<title>EVEREADY GOLD\u00ae AAA - Eveready Switzerland DE<\/title>\n<meta name=\"robots\" content=\"index, follow, max-snippet:-1, max-image-preview:large, max-video-preview:-1\" \/>\n<link rel=\"canonical\" href=\"https:\/\/eveready.com\/eu\/switzerland-de\/product\/eveready-gold-aaa\/\" \/>\n<meta property=\"og:locale\" content=\"en_US\" \/>\n<meta property=\"og:type\" content=\"article\" \/>\n<meta property=\"og:title\" content=\"EVEREADY GOLD\u00ae AAA - Eveready Switzerland DE\" \/>\n<meta property=\"og:description\" content=\"Eveready Gold\u00ae ist eine Alkalibatterie \u2013 einer der g\u00e4ngigsten Batterietypen f\u00fcr Haushaltsger\u00e4te. Die \u201eGold\u201c-Serie von Eveready\u00ae wurde entwickelt, um zuverl\u00e4ssige Energie zu einem attraktiven Preis zu bieten. Sie sind in verschiedenen Gr\u00f6\u00dfen erh\u00e4ltlich, darunter AA, AAA, C, D und 9V, und somit mit einer Vielzahl von Ger\u00e4ten kompatibel. Die Gold-Serie von Eveready\u00ae ist bekannt f\u00fcr ihre konstante, langlebige Leistung. Dies macht sie zur idealen Wahl f\u00fcr Alltagsanwendungen wie Spielzeug, Uhren, Taschenlampen und Fernbedienungen. Sie bieten ein hervorragendes Verh\u00e4ltnis zwischen Preis und Leistung und sind damit eine attraktive Option f\u00fcr preisbewusste Kunden.  Hauptmerkmale der Eveready Gold\u00ae Batterien: Erschwingliche Power: Einer der gr\u00f6\u00dften Vorteile der Eveready Gold\u00ae Batterien ist ihre Wirtschaftlichkeit. Verbraucher genie\u00dfen zuverl\u00e4ssige Energie, ohne ihr Budget zu belasten \u2013 ideal f\u00fcr Haushalte mit regelm\u00e4\u00dfigem Batteriebedarf. Langlebigkeit: Eveready Gold\u00ae Batterien halten bis zu 10x l\u00e4nger als herk\u00f6mmliche Zink-Kohle-Batterien**** und erm\u00f6glichen so l\u00e4ngere Nutzungszeiten in vielen Ger\u00e4ten. Zudem sind sie bis zu 10 Jahre lagerf\u00e4hig*****! Das macht sie zu einer exzellenten Wahl f\u00fcr Ger\u00e4te mit hohem Energieverbrauch, wie Spielzeug und tragbare Elektronik. Zuverl\u00e4ssige Leistung: Diese Batterien liefern \u00fcber ihre gesamte Lebensdauer eine konsistente und verl\u00e4ssliche Leistung. Ob f\u00fcr Ger\u00e4te mit geringem Verbrauch wie Fernbedienungen und Uhren oder f\u00fcr energieintensive Anwendungen wie Taschenlampen und tragbare Audioger\u00e4te \u2013 Eveready Gold\u00ae Batterien bieten stets die n\u00f6tige Sicherheit.  Bei Eveready Gold\u00ae dreht sich alles um Erschwinglichkeit, Ausdauer und einen erstklassigen Ruf f\u00fcr konstante Leistung. Da die Nachfrage nach verl\u00e4sslichen und preiswerten Energiel\u00f6sungen stetig w\u00e4chst, bleibt Eveready Gold\u00ae die erste Wahl f\u00fcr Kunden, die praktische L\u00f6sungen suchen, die sie nicht im Stich lassen. Der Weg von Eveready\u00ae \u2013 von einem kleinen US-Unternehmen zu einem globalen Marktf\u00fchrer \u2013 ist ein Beweis f\u00fcr Vertrauen, Innovation und Marketing-Exzellenz. W\u00e4hrend Eveready\u00ae sich mit den wandelnden Zeiten weiterentwickelt, bleibt die Marke ihrem Anspruch treu, zuverl\u00e4ssige und nachhaltige Energiel\u00f6sungen bereitzustellen \u2013 jene, die sie zu einem vertrauensw\u00fcrdigen Namen in Haushalten auf der ganzen Welt gemacht haben. Probieren Sie es aus \u2013 denn mit Eveready\u00ae l\u00e4uft\u2019s!  ** Basierend auf der Unternehmensgeschichte seit 1896 *** Marktdaten bis 06\/2023: Philippinen, Malaysia, \u00c4gypten, Australien, Neuseeland **** Gr\u00f6\u00dfe AA, im Vergleich zu EVEREADY\u00ae Super Heavy Duty\u2122 basierend auf dem ANSI-Grooming-Test; nur f\u00fcr AP, MEA, EU, NA Messaging ***** Gr\u00f6\u00dfen AA, AAA, C, D; bei Lagerung\" \/>\n<meta property=\"og:url\" content=\"https:\/\/eveready.com\/eu\/switzerland-de\/product\/eveready-gold-aaa\/\" \/>\n<meta property=\"og:site_name\" content=\"Eveready Switzerland DE\" \/>\n<meta property=\"article:modified_time\" content=\"2026-03-16T08:58:08+00:00\" \/>\n<meta property=\"og:image\" content=\"https:\/\/eveready.com\/eu\/switzerland-de\/wp-content\/uploads\/sites\/20\/2025\/10\/Eveready-Gold\u00ae-AAA.png\" \/>\n\t<meta property=\"og:image:width\" content=\"800\" \/>\n\t<meta property=\"og:image:height\" content=\"800\" \/>\n\t<meta property=\"og:image:type\" content=\"image\/png\" \/>\n<meta name=\"twitter:card\" content=\"summary_large_image\" \/>\n<script type=\"application\/ld+json\" class=\"yoast-schema-graph\">{\"@context\":\"https:\\\/\\\/schema.org\",\"@graph\":[{\"@type\":\"WebPage\",\"@id\":\"https:\\\/\\\/eveready.com\\\/eu\\\/switzerland-de\\\/product\\\/eveready-gold-aaa\\\/\",\"url\":\"https:\\\/\\\/eveready.com\\\/eu\\\/switzerland-de\\\/product\\\/eveready-gold-aaa\\\/\",\"name\":\"EVEREADY GOLD\u00ae AAA - Eveready Switzerland DE\",\"isPartOf\":{\"@id\":\"https:\\\/\\\/eveready.com\\\/eu\\\/switzerland-de\\\/#website\"},\"primaryImageOfPage\":{\"@id\":\"https:\\\/\\\/eveready.com\\\/eu\\\/switzerland-de\\\/product\\\/eveready-gold-aaa\\\/#primaryimage\"},\"image\":{\"@id\":\"https:\\\/\\\/eveready.com\\\/eu\\\/switzerland-de\\\/product\\\/eveready-gold-aaa\\\/#primaryimage\"},\"thumbnailUrl\":\"https:\\\/\\\/eveready.com\\\/eu\\\/switzerland-de\\\/wp-content\\\/uploads\\\/sites\\\/20\\\/2025\\\/10\\\/Eveready-Gold\u00ae-AAA.png\",\"datePublished\":\"2025-10-10T05:59:47+00:00\",\"dateModified\":\"2026-03-16T08:58:08+00:00\",\"breadcrumb\":{\"@id\":\"https:\\\/\\\/eveready.com\\\/eu\\\/switzerland-de\\\/product\\\/eveready-gold-aaa\\\/#breadcrumb\"},\"inLanguage\":\"en-US\",\"potentialAction\":[{\"@type\":\"ReadAction\",\"target\":[\"https:\\\/\\\/eveready.com\\\/eu\\\/switzerland-de\\\/product\\\/eveready-gold-aaa\\\/\"]}]},{\"@type\":\"ImageObject\",\"inLanguage\":\"en-US\",\"@id\":\"https:\\\/\\\/eveready.com\\\/eu\\\/switzerland-de\\\/product\\\/eveready-gold-aaa\\\/#primaryimage\",\"url\":\"https:\\\/\\\/eveready.com\\\/eu\\\/switzerland-de\\\/wp-content\\\/uploads\\\/sites\\\/20\\\/2025\\\/10\\\/Eveready-Gold\u00ae-AAA.png\",\"contentUrl\":\"https:\\\/\\\/eveready.com\\\/eu\\\/switzerland-de\\\/wp-content\\\/uploads\\\/sites\\\/20\\\/2025\\\/10\\\/Eveready-Gold\u00ae-AAA.png\",\"width\":800,\"height\":800},{\"@type\":\"BreadcrumbList\",\"@id\":\"https:\\\/\\\/eveready.com\\\/eu\\\/switzerland-de\\\/product\\\/eveready-gold-aaa\\\/#breadcrumb\",\"itemListElement\":[{\"@type\":\"ListItem\",\"position\":1,\"name\":\"Home\",\"item\":\"https:\\\/\\\/eveready.com\\\/eu\\\/switzerland-de\\\/\"},{\"@type\":\"ListItem\",\"position\":2,\"name\":\"Products\",\"item\":\"https:\\\/\\\/eveready.com\\\/eu\\\/switzerland-de\\\/shop\\\/\"},{\"@type\":\"ListItem\",\"position\":3,\"name\":\"EVEREADY GOLD\u00ae AAA\"}]},{\"@type\":\"WebSite\",\"@id\":\"https:\\\/\\\/eveready.com\\\/eu\\\/switzerland-de\\\/#website\",\"url\":\"https:\\\/\\\/eveready.com\\\/eu\\\/switzerland-de\\\/\",\"name\":\"Eveready Switzerland DE\",\"description\":\"\",\"publisher\":{\"@id\":\"https:\\\/\\\/eveready.com\\\/eu\\\/switzerland-de\\\/#organization\"},\"potentialAction\":[{\"@type\":\"SearchAction\",\"target\":{\"@type\":\"EntryPoint\",\"urlTemplate\":\"https:\\\/\\\/eveready.com\\\/eu\\\/switzerland-de\\\/?s={search_term_string}\"},\"query-input\":{\"@type\":\"PropertyValueSpecification\",\"valueRequired\":true,\"valueName\":\"search_term_string\"}}],\"inLanguage\":\"en-US\"},{\"@type\":\"Organization\",\"@id\":\"https:\\\/\\\/eveready.com\\\/eu\\\/switzerland-de\\\/#organization\",\"name\":\"Eveready Switzerland DE\",\"url\":\"https:\\\/\\\/eveready.com\\\/eu\\\/switzerland-de\\\/\",\"logo\":{\"@type\":\"ImageObject\",\"inLanguage\":\"en-US\",\"@id\":\"https:\\\/\\\/eveready.com\\\/eu\\\/switzerland-de\\\/#\\\/schema\\\/logo\\\/image\\\/\",\"url\":\"https:\\\/\\\/eveready.com\\\/eu\\\/switzerland-de\\\/wp-content\\\/uploads\\\/sites\\\/20\\\/2025\\\/08\\\/logo-eveready.png\",\"contentUrl\":\"https:\\\/\\\/eveready.com\\\/eu\\\/switzerland-de\\\/wp-content\\\/uploads\\\/sites\\\/20\\\/2025\\\/08\\\/logo-eveready.png\",\"width\":855,\"height\":220,\"caption\":\"Eveready Switzerland DE\"},\"image\":{\"@id\":\"https:\\\/\\\/eveready.com\\\/eu\\\/switzerland-de\\\/#\\\/schema\\\/logo\\\/image\\\/\"}}]}<\/script>\n<!-- \/ Yoast SEO plugin. -->","yoast_head_json":{"title":"EVEREADY GOLD\u00ae AAA - Eveready Switzerland DE","robots":{"index":"index","follow":"follow","max-snippet":"max-snippet:-1","max-image-preview":"max-image-preview:large","max-video-preview":"max-video-preview:-1"},"canonical":"https:\/\/eveready.com\/eu\/switzerland-de\/product\/eveready-gold-aaa\/","og_locale":"en_US","og_type":"article","og_title":"EVEREADY GOLD\u00ae AAA - Eveready Switzerland DE","og_description":"Eveready Gold\u00ae ist eine Alkalibatterie \u2013 einer der g\u00e4ngigsten Batterietypen f\u00fcr Haushaltsger\u00e4te. Die \u201eGold\u201c-Serie von Eveready\u00ae wurde entwickelt, um zuverl\u00e4ssige Energie zu einem attraktiven Preis zu bieten. Sie sind in verschiedenen Gr\u00f6\u00dfen erh\u00e4ltlich, darunter AA, AAA, C, D und 9V, und somit mit einer Vielzahl von Ger\u00e4ten kompatibel. Die Gold-Serie von Eveready\u00ae ist bekannt f\u00fcr ihre konstante, langlebige Leistung. Dies macht sie zur idealen Wahl f\u00fcr Alltagsanwendungen wie Spielzeug, Uhren, Taschenlampen und Fernbedienungen. Sie bieten ein hervorragendes Verh\u00e4ltnis zwischen Preis und Leistung und sind damit eine attraktive Option f\u00fcr preisbewusste Kunden.  Hauptmerkmale der Eveready Gold\u00ae Batterien: Erschwingliche Power: Einer der gr\u00f6\u00dften Vorteile der Eveready Gold\u00ae Batterien ist ihre Wirtschaftlichkeit. Verbraucher genie\u00dfen zuverl\u00e4ssige Energie, ohne ihr Budget zu belasten \u2013 ideal f\u00fcr Haushalte mit regelm\u00e4\u00dfigem Batteriebedarf. Langlebigkeit: Eveready Gold\u00ae Batterien halten bis zu 10x l\u00e4nger als herk\u00f6mmliche Zink-Kohle-Batterien**** und erm\u00f6glichen so l\u00e4ngere Nutzungszeiten in vielen Ger\u00e4ten. Zudem sind sie bis zu 10 Jahre lagerf\u00e4hig*****! Das macht sie zu einer exzellenten Wahl f\u00fcr Ger\u00e4te mit hohem Energieverbrauch, wie Spielzeug und tragbare Elektronik. Zuverl\u00e4ssige Leistung: Diese Batterien liefern \u00fcber ihre gesamte Lebensdauer eine konsistente und verl\u00e4ssliche Leistung. Ob f\u00fcr Ger\u00e4te mit geringem Verbrauch wie Fernbedienungen und Uhren oder f\u00fcr energieintensive Anwendungen wie Taschenlampen und tragbare Audioger\u00e4te \u2013 Eveready Gold\u00ae Batterien bieten stets die n\u00f6tige Sicherheit.  Bei Eveready Gold\u00ae dreht sich alles um Erschwinglichkeit, Ausdauer und einen erstklassigen Ruf f\u00fcr konstante Leistung. Da die Nachfrage nach verl\u00e4sslichen und preiswerten Energiel\u00f6sungen stetig w\u00e4chst, bleibt Eveready Gold\u00ae die erste Wahl f\u00fcr Kunden, die praktische L\u00f6sungen suchen, die sie nicht im Stich lassen. Der Weg von Eveready\u00ae \u2013 von einem kleinen US-Unternehmen zu einem globalen Marktf\u00fchrer \u2013 ist ein Beweis f\u00fcr Vertrauen, Innovation und Marketing-Exzellenz. W\u00e4hrend Eveready\u00ae sich mit den wandelnden Zeiten weiterentwickelt, bleibt die Marke ihrem Anspruch treu, zuverl\u00e4ssige und nachhaltige Energiel\u00f6sungen bereitzustellen \u2013 jene, die sie zu einem vertrauensw\u00fcrdigen Namen in Haushalten auf der ganzen Welt gemacht haben. Probieren Sie es aus \u2013 denn mit Eveready\u00ae l\u00e4uft\u2019s!  ** Basierend auf der Unternehmensgeschichte seit 1896 *** Marktdaten bis 06\/2023: Philippinen, Malaysia, \u00c4gypten, Australien, Neuseeland **** Gr\u00f6\u00dfe AA, im Vergleich zu EVEREADY\u00ae Super Heavy Duty\u2122 basierend auf dem ANSI-Grooming-Test; nur f\u00fcr AP, MEA, EU, NA Messaging ***** Gr\u00f6\u00dfen AA, AAA, C, D; bei Lagerung","og_url":"https:\/\/eveready.com\/eu\/switzerland-de\/product\/eveready-gold-aaa\/","og_site_name":"Eveready Switzerland DE","article_modified_time":"2026-03-16T08:58:08+00:00","og_image":[{"width":800,"height":800,"url":"https:\/\/eveready.com\/eu\/switzerland-de\/wp-content\/uploads\/sites\/20\/2025\/10\/Eveready-Gold\u00ae-AAA.png","type":"image\/png"}],"twitter_card":"summary_large_image","schema":{"@context":"https:\/\/schema.org","@graph":[{"@type":"WebPage","@id":"https:\/\/eveready.com\/eu\/switzerland-de\/product\/eveready-gold-aaa\/","url":"https:\/\/eveready.com\/eu\/switzerland-de\/product\/eveready-gold-aaa\/","name":"EVEREADY GOLD\u00ae AAA - Eveready Switzerland DE","isPartOf":{"@id":"https:\/\/eveready.com\/eu\/switzerland-de\/#website"},"primaryImageOfPage":{"@id":"https:\/\/eveready.com\/eu\/switzerland-de\/product\/eveready-gold-aaa\/#primaryimage"},"image":{"@id":"https:\/\/eveready.com\/eu\/switzerland-de\/product\/eveready-gold-aaa\/#primaryimage"},"thumbnailUrl":"https:\/\/eveready.com\/eu\/switzerland-de\/wp-content\/uploads\/sites\/20\/2025\/10\/Eveready-Gold\u00ae-AAA.png","datePublished":"2025-10-10T05:59:47+00:00","dateModified":"2026-03-16T08:58:08+00:00","breadcrumb":{"@id":"https:\/\/eveready.com\/eu\/switzerland-de\/product\/eveready-gold-aaa\/#breadcrumb"},"inLanguage":"en-US","potentialAction":[{"@type":"ReadAction","target":["https:\/\/eveready.com\/eu\/switzerland-de\/product\/eveready-gold-aaa\/"]}]},{"@type":"ImageObject","inLanguage":"en-US","@id":"https:\/\/eveready.com\/eu\/switzerland-de\/product\/eveready-gold-aaa\/#primaryimage","url":"https:\/\/eveready.com\/eu\/switzerland-de\/wp-content\/uploads\/sites\/20\/2025\/10\/Eveready-Gold\u00ae-AAA.png","contentUrl":"https:\/\/eveready.com\/eu\/switzerland-de\/wp-content\/uploads\/sites\/20\/2025\/10\/Eveready-Gold\u00ae-AAA.png","width":800,"height":800},{"@type":"BreadcrumbList","@id":"https:\/\/eveready.com\/eu\/switzerland-de\/product\/eveready-gold-aaa\/#breadcrumb","itemListElement":[{"@type":"ListItem","position":1,"name":"Home","item":"https:\/\/eveready.com\/eu\/switzerland-de\/"},{"@type":"ListItem","position":2,"name":"Products","item":"https:\/\/eveready.com\/eu\/switzerland-de\/shop\/"},{"@type":"ListItem","position":3,"name":"EVEREADY GOLD\u00ae AAA"}]},{"@type":"WebSite","@id":"https:\/\/eveready.com\/eu\/switzerland-de\/#website","url":"https:\/\/eveready.com\/eu\/switzerland-de\/","name":"Eveready Switzerland DE","description":"","publisher":{"@id":"https:\/\/eveready.com\/eu\/switzerland-de\/#organization"},"potentialAction":[{"@type":"SearchAction","target":{"@type":"EntryPoint","urlTemplate":"https:\/\/eveready.com\/eu\/switzerland-de\/?s={search_term_string}"},"query-input":{"@type":"PropertyValueSpecification","valueRequired":true,"valueName":"search_term_string"}}],"inLanguage":"en-US"},{"@type":"Organization","@id":"https:\/\/eveready.com\/eu\/switzerland-de\/#organization","name":"Eveready Switzerland DE","url":"https:\/\/eveready.com\/eu\/switzerland-de\/","logo":{"@type":"ImageObject","inLanguage":"en-US","@id":"https:\/\/eveready.com\/eu\/switzerland-de\/#\/schema\/logo\/image\/","url":"https:\/\/eveready.com\/eu\/switzerland-de\/wp-content\/uploads\/sites\/20\/2025\/08\/logo-eveready.png","contentUrl":"https:\/\/eveready.com\/eu\/switzerland-de\/wp-content\/uploads\/sites\/20\/2025\/08\/logo-eveready.png","width":855,"height":220,"caption":"Eveready Switzerland DE"},"image":{"@id":"https:\/\/eveready.com\/eu\/switzerland-de\/#\/schema\/logo\/image\/"}}]}},"acf":[],"_links":{"self":[{"href":"https:\/\/eveready.com\/eu\/switzerland-de\/wp-json\/wp\/v2\/product\/4235","targetHints":{"allow":["GET"]}}],"collection":[{"href":"https:\/\/eveready.com\/eu\/switzerland-de\/wp-json\/wp\/v2\/product"}],"about":[{"href":"https:\/\/eveready.com\/eu\/switzerland-de\/wp-json\/wp\/v2\/types\/product"}],"replies":[{"embeddable":true,"href":"https:\/\/eveready.com\/eu\/switzerland-de\/wp-json\/wp\/v2\/comments?post=4235"}],"wp:featuredmedia":[{"embeddable":true,"href":"https:\/\/eveready.com\/eu\/switzerland-de\/wp-json\/wp\/v2\/media\/4238"}],"wp:attachment":[{"href":"https:\/\/eveready.com\/eu\/switzerland-de\/wp-json\/wp\/v2\/media?parent=4235"}],"wp:term":[{"taxonomy":"product_brand","embeddable":true,"href":"https:\/\/eveready.com\/eu\/switzerland-de\/wp-json\/wp\/v2\/product_brand?post=4235"},{"taxonomy":"product_cat","embeddable":true,"href":"https:\/\/eveready.com\/eu\/switzerland-de\/wp-json\/wp\/v2\/product_cat?post=4235"},{"taxonomy":"product_tag","embeddable":true,"href":"https:\/\/eveready.com\/eu\/switzerland-de\/wp-json\/wp\/v2\/product_tag?post=4235"}],"curies":[{"name":"wp","href":"https:\/\/api.w.org\/{rel}","templated":true}]}}