{"id":4259,"date":"2025-10-10T04:04:30","date_gmt":"2025-10-10T08:04:30","guid":{"rendered":"https:\/\/eveready.com\/eu\/switzerland-de\/?post_type=product&#038;p=4259"},"modified":"2026-03-16T07:24:08","modified_gmt":"2026-03-16T11:24:08","slug":"eveready-lithium-cr2025","status":"publish","type":"product","link":"https:\/\/eveready.com\/eu\/switzerland-de\/product\/eveready-lithium-cr2025\/","title":{"rendered":"Eveready\u00ae Lithium CR2025"},"content":{"rendered":"<p><strong>Eigenschaften &amp; Vorteile<\/strong><\/p>\n<ul>\n<li>Neu von Energizer\u00ae: Von den Machern der weltweit langlebigsten AA-Batterien \u2013 Energizer\u00ae Ultimate Lithium\u2122<\/li>\n<li>Langlebig: Jede Lithium-Batterie ist bis zu 10 Jahre lagerf\u00e4hig \u2013 so sind sie immer einsatzbereit, wenn Sie sie ben\u00f6tigen<\/li>\n<li>Sicher: EVEREADY\u00ae Lithium-Knopfzellen sind in einer kindersicheren Verpackung gesch\u00fctzt<\/li>\n<li>Zuverl\u00e4ssig: Diese EVEREADY\u00ae CR2025 Lithium-Batterien halten extremen Temperaturen von -30 \u00b0C bis 60 \u00b0C stand<\/li>\n<li>Bew\u00e4hrte Power: Liefert langlebige, zuverl\u00e4ssige Leistung f\u00fcr Spezialger\u00e4te wie Herzfrequenzmessger\u00e4te, Fernbedienungen,<\/li>\n<li>Autoschl\u00fcssel, schl\u00fcssellose Zugangssysteme, Blutzuckermessger\u00e4te und Waagen<\/li>\n<li>6er-Pack EVEREADY\u00ae CR2025 Lithium-Knopfzellen<\/li>\n<\/ul>\n","protected":false},"excerpt":{"rendered":"<p>Jede EVEREADY\u00ae Lithium-CR2025-Batterie ist bis zu 10 Jahre lagerf\u00e4hig und h\u00e4lt Temperaturen von -30 \u00b0C bis 60 \u00b0C stand \u2013 so ist sie immer bereit, wenn Sie sie brauchen. Neben der Gr\u00f6\u00dfe 2025 umfasst das EVEREADY\u00ae Spezialbatterie-Sortiment auch die Typen 2016, 2032 und LR44\/A76, sodass Sie f\u00fcr jede Anwendung die passende Energiequelle finden. Vertrauen Sie auf die Power einer EVEREADY\u00ae CR2025 3V-Batterie.<\/p>\n","protected":false},"featured_media":4260,"comment_status":"open","ping_status":"closed","template":"","meta":{"_acf_changed":false},"product_brand":[],"product_cat":[36,63],"product_tag":[],"class_list":{"0":"post-4259","1":"product","2":"type-product","3":"status-publish","4":"has-post-thumbnail","6":"product_cat-batteries","7":"product_cat-specialty-batteries","9":"first","10":"instock","11":"shipping-taxable","12":"product-type-simple"},"yoast_head":"<!-- This site is optimized with the Yoast SEO plugin v27.4 - https:\/\/yoast.com\/product\/yoast-seo-wordpress\/ -->\n<title>Eveready\u00ae Lithium CR2025 - Eveready Switzerland DE<\/title>\n<meta name=\"robots\" content=\"index, follow, max-snippet:-1, max-image-preview:large, max-video-preview:-1\" \/>\n<link rel=\"canonical\" href=\"https:\/\/eveready.com\/eu\/switzerland-de\/product\/eveready-lithium-cr2025\/\" \/>\n<meta property=\"og:locale\" content=\"en_US\" \/>\n<meta property=\"og:type\" content=\"article\" \/>\n<meta property=\"og:title\" content=\"Eveready\u00ae Lithium CR2025 - Eveready Switzerland DE\" \/>\n<meta property=\"og:description\" content=\"Jede EVEREADY\u00ae Lithium-CR2025-Batterie ist bis zu 10 Jahre lagerf\u00e4hig und h\u00e4lt Temperaturen von -30 \u00b0C bis 60 \u00b0C stand \u2013 so ist sie immer bereit, wenn Sie sie brauchen. Neben der Gr\u00f6\u00dfe 2025 umfasst das EVEREADY\u00ae Spezialbatterie-Sortiment auch die Typen 2016, 2032 und LR44\/A76, sodass Sie f\u00fcr jede Anwendung die passende Energiequelle finden. Vertrauen Sie auf die Power einer EVEREADY\u00ae CR2025 3V-Batterie.\" \/>\n<meta property=\"og:url\" content=\"https:\/\/eveready.com\/eu\/switzerland-de\/product\/eveready-lithium-cr2025\/\" \/>\n<meta property=\"og:site_name\" content=\"Eveready Switzerland DE\" \/>\n<meta property=\"article:modified_time\" content=\"2026-03-16T11:24:08+00:00\" \/>\n<meta property=\"og:image\" content=\"https:\/\/eveready.com\/eu\/switzerland-de\/wp-content\/uploads\/sites\/20\/2025\/10\/Eveready\u00ae-Lithium-CR2025-6.png\" \/>\n\t<meta property=\"og:image:width\" content=\"800\" \/>\n\t<meta property=\"og:image:height\" content=\"800\" \/>\n\t<meta property=\"og:image:type\" content=\"image\/png\" \/>\n<meta name=\"twitter:card\" content=\"summary_large_image\" \/>\n<script type=\"application\/ld+json\" class=\"yoast-schema-graph\">{\"@context\":\"https:\\\/\\\/schema.org\",\"@graph\":[{\"@type\":\"WebPage\",\"@id\":\"https:\\\/\\\/eveready.com\\\/eu\\\/switzerland-de\\\/product\\\/eveready-lithium-cr2025\\\/\",\"url\":\"https:\\\/\\\/eveready.com\\\/eu\\\/switzerland-de\\\/product\\\/eveready-lithium-cr2025\\\/\",\"name\":\"Eveready\u00ae Lithium CR2025 - Eveready Switzerland DE\",\"isPartOf\":{\"@id\":\"https:\\\/\\\/eveready.com\\\/eu\\\/switzerland-de\\\/#website\"},\"primaryImageOfPage\":{\"@id\":\"https:\\\/\\\/eveready.com\\\/eu\\\/switzerland-de\\\/product\\\/eveready-lithium-cr2025\\\/#primaryimage\"},\"image\":{\"@id\":\"https:\\\/\\\/eveready.com\\\/eu\\\/switzerland-de\\\/product\\\/eveready-lithium-cr2025\\\/#primaryimage\"},\"thumbnailUrl\":\"https:\\\/\\\/eveready.com\\\/eu\\\/switzerland-de\\\/wp-content\\\/uploads\\\/sites\\\/20\\\/2025\\\/10\\\/Eveready\u00ae-Lithium-CR2025-6.png\",\"datePublished\":\"2025-10-10T08:04:30+00:00\",\"dateModified\":\"2026-03-16T11:24:08+00:00\",\"breadcrumb\":{\"@id\":\"https:\\\/\\\/eveready.com\\\/eu\\\/switzerland-de\\\/product\\\/eveready-lithium-cr2025\\\/#breadcrumb\"},\"inLanguage\":\"en-US\",\"potentialAction\":[{\"@type\":\"ReadAction\",\"target\":[\"https:\\\/\\\/eveready.com\\\/eu\\\/switzerland-de\\\/product\\\/eveready-lithium-cr2025\\\/\"]}]},{\"@type\":\"ImageObject\",\"inLanguage\":\"en-US\",\"@id\":\"https:\\\/\\\/eveready.com\\\/eu\\\/switzerland-de\\\/product\\\/eveready-lithium-cr2025\\\/#primaryimage\",\"url\":\"https:\\\/\\\/eveready.com\\\/eu\\\/switzerland-de\\\/wp-content\\\/uploads\\\/sites\\\/20\\\/2025\\\/10\\\/Eveready\u00ae-Lithium-CR2025-6.png\",\"contentUrl\":\"https:\\\/\\\/eveready.com\\\/eu\\\/switzerland-de\\\/wp-content\\\/uploads\\\/sites\\\/20\\\/2025\\\/10\\\/Eveready\u00ae-Lithium-CR2025-6.png\",\"width\":800,\"height\":800,\"caption\":\"Eveready\u00ae Lithium CR2025 6 pack\"},{\"@type\":\"BreadcrumbList\",\"@id\":\"https:\\\/\\\/eveready.com\\\/eu\\\/switzerland-de\\\/product\\\/eveready-lithium-cr2025\\\/#breadcrumb\",\"itemListElement\":[{\"@type\":\"ListItem\",\"position\":1,\"name\":\"Home\",\"item\":\"https:\\\/\\\/eveready.com\\\/eu\\\/switzerland-de\\\/\"},{\"@type\":\"ListItem\",\"position\":2,\"name\":\"Products\",\"item\":\"https:\\\/\\\/eveready.com\\\/eu\\\/switzerland-de\\\/shop\\\/\"},{\"@type\":\"ListItem\",\"position\":3,\"name\":\"Eveready\u00ae Lithium CR2025\"}]},{\"@type\":\"WebSite\",\"@id\":\"https:\\\/\\\/eveready.com\\\/eu\\\/switzerland-de\\\/#website\",\"url\":\"https:\\\/\\\/eveready.com\\\/eu\\\/switzerland-de\\\/\",\"name\":\"Eveready Switzerland DE\",\"description\":\"\",\"publisher\":{\"@id\":\"https:\\\/\\\/eveready.com\\\/eu\\\/switzerland-de\\\/#organization\"},\"potentialAction\":[{\"@type\":\"SearchAction\",\"target\":{\"@type\":\"EntryPoint\",\"urlTemplate\":\"https:\\\/\\\/eveready.com\\\/eu\\\/switzerland-de\\\/?s={search_term_string}\"},\"query-input\":{\"@type\":\"PropertyValueSpecification\",\"valueRequired\":true,\"valueName\":\"search_term_string\"}}],\"inLanguage\":\"en-US\"},{\"@type\":\"Organization\",\"@id\":\"https:\\\/\\\/eveready.com\\\/eu\\\/switzerland-de\\\/#organization\",\"name\":\"Eveready Switzerland DE\",\"url\":\"https:\\\/\\\/eveready.com\\\/eu\\\/switzerland-de\\\/\",\"logo\":{\"@type\":\"ImageObject\",\"inLanguage\":\"en-US\",\"@id\":\"https:\\\/\\\/eveready.com\\\/eu\\\/switzerland-de\\\/#\\\/schema\\\/logo\\\/image\\\/\",\"url\":\"https:\\\/\\\/eveready.com\\\/eu\\\/switzerland-de\\\/wp-content\\\/uploads\\\/sites\\\/20\\\/2025\\\/08\\\/logo-eveready.png\",\"contentUrl\":\"https:\\\/\\\/eveready.com\\\/eu\\\/switzerland-de\\\/wp-content\\\/uploads\\\/sites\\\/20\\\/2025\\\/08\\\/logo-eveready.png\",\"width\":855,\"height\":220,\"caption\":\"Eveready Switzerland DE\"},\"image\":{\"@id\":\"https:\\\/\\\/eveready.com\\\/eu\\\/switzerland-de\\\/#\\\/schema\\\/logo\\\/image\\\/\"}}]}<\/script>\n<!-- \/ Yoast SEO plugin. -->","yoast_head_json":{"title":"Eveready\u00ae Lithium CR2025 - Eveready Switzerland DE","robots":{"index":"index","follow":"follow","max-snippet":"max-snippet:-1","max-image-preview":"max-image-preview:large","max-video-preview":"max-video-preview:-1"},"canonical":"https:\/\/eveready.com\/eu\/switzerland-de\/product\/eveready-lithium-cr2025\/","og_locale":"en_US","og_type":"article","og_title":"Eveready\u00ae Lithium CR2025 - Eveready Switzerland DE","og_description":"Jede EVEREADY\u00ae Lithium-CR2025-Batterie ist bis zu 10 Jahre lagerf\u00e4hig und h\u00e4lt Temperaturen von -30 \u00b0C bis 60 \u00b0C stand \u2013 so ist sie immer bereit, wenn Sie sie brauchen. Neben der Gr\u00f6\u00dfe 2025 umfasst das EVEREADY\u00ae Spezialbatterie-Sortiment auch die Typen 2016, 2032 und LR44\/A76, sodass Sie f\u00fcr jede Anwendung die passende Energiequelle finden. Vertrauen Sie auf die Power einer EVEREADY\u00ae CR2025 3V-Batterie.","og_url":"https:\/\/eveready.com\/eu\/switzerland-de\/product\/eveready-lithium-cr2025\/","og_site_name":"Eveready Switzerland DE","article_modified_time":"2026-03-16T11:24:08+00:00","og_image":[{"width":800,"height":800,"url":"https:\/\/eveready.com\/eu\/switzerland-de\/wp-content\/uploads\/sites\/20\/2025\/10\/Eveready\u00ae-Lithium-CR2025-6.png","type":"image\/png"}],"twitter_card":"summary_large_image","schema":{"@context":"https:\/\/schema.org","@graph":[{"@type":"WebPage","@id":"https:\/\/eveready.com\/eu\/switzerland-de\/product\/eveready-lithium-cr2025\/","url":"https:\/\/eveready.com\/eu\/switzerland-de\/product\/eveready-lithium-cr2025\/","name":"Eveready\u00ae Lithium CR2025 - Eveready Switzerland DE","isPartOf":{"@id":"https:\/\/eveready.com\/eu\/switzerland-de\/#website"},"primaryImageOfPage":{"@id":"https:\/\/eveready.com\/eu\/switzerland-de\/product\/eveready-lithium-cr2025\/#primaryimage"},"image":{"@id":"https:\/\/eveready.com\/eu\/switzerland-de\/product\/eveready-lithium-cr2025\/#primaryimage"},"thumbnailUrl":"https:\/\/eveready.com\/eu\/switzerland-de\/wp-content\/uploads\/sites\/20\/2025\/10\/Eveready\u00ae-Lithium-CR2025-6.png","datePublished":"2025-10-10T08:04:30+00:00","dateModified":"2026-03-16T11:24:08+00:00","breadcrumb":{"@id":"https:\/\/eveready.com\/eu\/switzerland-de\/product\/eveready-lithium-cr2025\/#breadcrumb"},"inLanguage":"en-US","potentialAction":[{"@type":"ReadAction","target":["https:\/\/eveready.com\/eu\/switzerland-de\/product\/eveready-lithium-cr2025\/"]}]},{"@type":"ImageObject","inLanguage":"en-US","@id":"https:\/\/eveready.com\/eu\/switzerland-de\/product\/eveready-lithium-cr2025\/#primaryimage","url":"https:\/\/eveready.com\/eu\/switzerland-de\/wp-content\/uploads\/sites\/20\/2025\/10\/Eveready\u00ae-Lithium-CR2025-6.png","contentUrl":"https:\/\/eveready.com\/eu\/switzerland-de\/wp-content\/uploads\/sites\/20\/2025\/10\/Eveready\u00ae-Lithium-CR2025-6.png","width":800,"height":800,"caption":"Eveready\u00ae Lithium CR2025 6 pack"},{"@type":"BreadcrumbList","@id":"https:\/\/eveready.com\/eu\/switzerland-de\/product\/eveready-lithium-cr2025\/#breadcrumb","itemListElement":[{"@type":"ListItem","position":1,"name":"Home","item":"https:\/\/eveready.com\/eu\/switzerland-de\/"},{"@type":"ListItem","position":2,"name":"Products","item":"https:\/\/eveready.com\/eu\/switzerland-de\/shop\/"},{"@type":"ListItem","position":3,"name":"Eveready\u00ae Lithium CR2025"}]},{"@type":"WebSite","@id":"https:\/\/eveready.com\/eu\/switzerland-de\/#website","url":"https:\/\/eveready.com\/eu\/switzerland-de\/","name":"Eveready Switzerland DE","description":"","publisher":{"@id":"https:\/\/eveready.com\/eu\/switzerland-de\/#organization"},"potentialAction":[{"@type":"SearchAction","target":{"@type":"EntryPoint","urlTemplate":"https:\/\/eveready.com\/eu\/switzerland-de\/?s={search_term_string}"},"query-input":{"@type":"PropertyValueSpecification","valueRequired":true,"valueName":"search_term_string"}}],"inLanguage":"en-US"},{"@type":"Organization","@id":"https:\/\/eveready.com\/eu\/switzerland-de\/#organization","name":"Eveready Switzerland DE","url":"https:\/\/eveready.com\/eu\/switzerland-de\/","logo":{"@type":"ImageObject","inLanguage":"en-US","@id":"https:\/\/eveready.com\/eu\/switzerland-de\/#\/schema\/logo\/image\/","url":"https:\/\/eveready.com\/eu\/switzerland-de\/wp-content\/uploads\/sites\/20\/2025\/08\/logo-eveready.png","contentUrl":"https:\/\/eveready.com\/eu\/switzerland-de\/wp-content\/uploads\/sites\/20\/2025\/08\/logo-eveready.png","width":855,"height":220,"caption":"Eveready Switzerland DE"},"image":{"@id":"https:\/\/eveready.com\/eu\/switzerland-de\/#\/schema\/logo\/image\/"}}]}},"acf":[],"_links":{"self":[{"href":"https:\/\/eveready.com\/eu\/switzerland-de\/wp-json\/wp\/v2\/product\/4259","targetHints":{"allow":["GET"]}}],"collection":[{"href":"https:\/\/eveready.com\/eu\/switzerland-de\/wp-json\/wp\/v2\/product"}],"about":[{"href":"https:\/\/eveready.com\/eu\/switzerland-de\/wp-json\/wp\/v2\/types\/product"}],"replies":[{"embeddable":true,"href":"https:\/\/eveready.com\/eu\/switzerland-de\/wp-json\/wp\/v2\/comments?post=4259"}],"wp:featuredmedia":[{"embeddable":true,"href":"https:\/\/eveready.com\/eu\/switzerland-de\/wp-json\/wp\/v2\/media\/4260"}],"wp:attachment":[{"href":"https:\/\/eveready.com\/eu\/switzerland-de\/wp-json\/wp\/v2\/media?parent=4259"}],"wp:term":[{"taxonomy":"product_brand","embeddable":true,"href":"https:\/\/eveready.com\/eu\/switzerland-de\/wp-json\/wp\/v2\/product_brand?post=4259"},{"taxonomy":"product_cat","embeddable":true,"href":"https:\/\/eveready.com\/eu\/switzerland-de\/wp-json\/wp\/v2\/product_cat?post=4259"},{"taxonomy":"product_tag","embeddable":true,"href":"https:\/\/eveready.com\/eu\/switzerland-de\/wp-json\/wp\/v2\/product_tag?post=4259"}],"curies":[{"name":"wp","href":"https:\/\/api.w.org\/{rel}","templated":true}]}}