{"id":4262,"date":"2025-10-10T04:22:29","date_gmt":"2025-10-10T08:22:29","guid":{"rendered":"https:\/\/eveready.com\/eu\/switzerland\/?post_type=product&#038;p=4262"},"modified":"2026-03-25T09:35:12","modified_gmt":"2026-03-25T13:35:12","slug":"eveready-lithium-cr2032","status":"publish","type":"product","link":"https:\/\/eveready.com\/eu\/switzerland\/product\/eveready-lithium-cr2032\/","title":{"rendered":"Eveready\u00ae Lithium CR2032"},"content":{"rendered":"<p><strong>Caract\u00e9ristiques et avantages<\/strong><\/p>\n<ul>\n<li>Une nouveaut\u00e9 Energizer : Par les fabricants des piles AA les plus durables au monde, Energizer Ultimate Lithium<\/li>\n<li>Longue dur\u00e9e : Chaque pile au lithium conserve sa puissance jusqu&#8217;\u00e0 10 ans en stockage ; elles sont donc toujours pr\u00eates quand vous en avez besoin<\/li>\n<li>S\u00fbres : Les piles bouton au lithium EVEREADY\u00ae sont s\u00e9curis\u00e9es dans un emballage [blister s\u00e9curit\u00e9 enfant]<\/li>\n<li>Fiables : Ces piles bouton au lithium EVEREADY\u00ae CR2032 fonctionnent \u00e0 des temp\u00e9ratures extr\u00eames, de -30 \u00b0C \u00e0 60 \u00b0C<\/li>\n<li>\u00c9nergie de confiance : Elles offrent des performances durables et fiables pour des appareils sp\u00e9cialis\u00e9s tels que les moniteurs de fr\u00e9quence cardiaque, les t\u00e9l\u00e9commandes, les syst\u00e8mes d&#8217;entr\u00e9e sans cl\u00e9, les moniteurs de glucose et les balances<\/li>\n<li>Lot de 2 piles bouton au lithium EVEREADY\u00ae CR2032<\/li>\n<\/ul>\n","protected":false},"excerpt":{"rendered":"<p>Faites le plein de piles bouton EVEREADY\u00ae CR2032 pour es appareils portables, ainsi que de piles pour les cl\u00e9s de voiture, les t\u00e9l\u00e9commandes, les capteurs d&#8217;alarme et les balances. Ce pack de piles est \u00e9galement un excellent choix si vous avez besoin d&#8217;une nouvelle pile pour vos cl\u00e9s de voiture. Chaque pile bouton au lithium EVEREADY\u00ae CR2032 conserve sa puissance jusqu&#8217;\u00e0 10 ans en stockage et peut r\u00e9sister \u00e0 des temp\u00e9ratures allant de -30 \u00b0C \u00e0 60 \u00b0C \u2014 elles sont toujours pr\u00eates quand vous l&#8217;\u00eates. En plus du format 2032, la gamme de piles miniatures EVEREADY\u00ae comprend des piles 2016, 2025 et LR44\/A76.<\/p>\n","protected":false},"featured_media":4263,"comment_status":"open","ping_status":"closed","template":"","meta":{"_acf_changed":false},"product_brand":[],"product_cat":[36,63],"product_tag":[],"class_list":{"0":"post-4262","1":"product","2":"type-product","3":"status-publish","4":"has-post-thumbnail","6":"product_cat-batteries","7":"product_cat-specialty-batteries","9":"first","10":"instock","11":"shipping-taxable","12":"product-type-simple"},"yoast_head":"<!-- This site is optimized with the Yoast SEO plugin v27.4 - https:\/\/yoast.com\/product\/yoast-seo-wordpress\/ -->\n<title>Eveready\u00ae Lithium CR2032 - Switzerland FR<\/title>\n<meta name=\"robots\" content=\"index, follow, max-snippet:-1, max-image-preview:large, max-video-preview:-1\" \/>\n<link rel=\"canonical\" href=\"https:\/\/eveready.com\/eu\/switzerland\/product\/eveready-lithium-cr2032\/\" \/>\n<meta property=\"og:locale\" content=\"en_US\" \/>\n<meta property=\"og:type\" content=\"article\" \/>\n<meta property=\"og:title\" content=\"Eveready\u00ae Lithium CR2032 - Switzerland FR\" \/>\n<meta property=\"og:description\" content=\"Faites le plein de piles bouton EVEREADY\u00ae CR2032 pour es appareils portables, ainsi que de piles pour les cl\u00e9s de voiture, les t\u00e9l\u00e9commandes, les capteurs d&#039;alarme et les balances. Ce pack de piles est \u00e9galement un excellent choix si vous avez besoin d&#039;une nouvelle pile pour vos cl\u00e9s de voiture. Chaque pile bouton au lithium EVEREADY\u00ae CR2032 conserve sa puissance jusqu&#039;\u00e0 10 ans en stockage et peut r\u00e9sister \u00e0 des temp\u00e9ratures allant de -30 \u00b0C \u00e0 60 \u00b0C \u2014 elles sont toujours pr\u00eates quand vous l&#039;\u00eates. En plus du format 2032, la gamme de piles miniatures EVEREADY\u00ae comprend des piles 2016, 2025 et LR44\/A76.\" \/>\n<meta property=\"og:url\" content=\"https:\/\/eveready.com\/eu\/switzerland\/product\/eveready-lithium-cr2032\/\" \/>\n<meta property=\"og:site_name\" content=\"Switzerland FR\" \/>\n<meta property=\"article:modified_time\" content=\"2026-03-25T13:35:12+00:00\" \/>\n<meta property=\"og:image\" content=\"https:\/\/eveready.com\/eu\/switzerland\/wp-content\/uploads\/sites\/17\/2025\/10\/Eveready\u00ae-Lithium-CR2032-2.png\" \/>\n\t<meta property=\"og:image:width\" content=\"800\" \/>\n\t<meta property=\"og:image:height\" content=\"800\" \/>\n\t<meta property=\"og:image:type\" content=\"image\/png\" \/>\n<meta name=\"twitter:card\" content=\"summary_large_image\" \/>\n<script type=\"application\/ld+json\" class=\"yoast-schema-graph\">{\"@context\":\"https:\\\/\\\/schema.org\",\"@graph\":[{\"@type\":\"WebPage\",\"@id\":\"https:\\\/\\\/eveready.com\\\/eu\\\/switzerland\\\/product\\\/eveready-lithium-cr2032\\\/\",\"url\":\"https:\\\/\\\/eveready.com\\\/eu\\\/switzerland\\\/product\\\/eveready-lithium-cr2032\\\/\",\"name\":\"Eveready\u00ae Lithium CR2032 - Switzerland FR\",\"isPartOf\":{\"@id\":\"https:\\\/\\\/eveready.com\\\/eu\\\/switzerland\\\/#website\"},\"primaryImageOfPage\":{\"@id\":\"https:\\\/\\\/eveready.com\\\/eu\\\/switzerland\\\/product\\\/eveready-lithium-cr2032\\\/#primaryimage\"},\"image\":{\"@id\":\"https:\\\/\\\/eveready.com\\\/eu\\\/switzerland\\\/product\\\/eveready-lithium-cr2032\\\/#primaryimage\"},\"thumbnailUrl\":\"https:\\\/\\\/eveready.com\\\/eu\\\/switzerland\\\/wp-content\\\/uploads\\\/sites\\\/17\\\/2025\\\/10\\\/Eveready\u00ae-Lithium-CR2032-2.png\",\"datePublished\":\"2025-10-10T08:22:29+00:00\",\"dateModified\":\"2026-03-25T13:35:12+00:00\",\"breadcrumb\":{\"@id\":\"https:\\\/\\\/eveready.com\\\/eu\\\/switzerland\\\/product\\\/eveready-lithium-cr2032\\\/#breadcrumb\"},\"inLanguage\":\"en-US\",\"potentialAction\":[{\"@type\":\"ReadAction\",\"target\":[\"https:\\\/\\\/eveready.com\\\/eu\\\/switzerland\\\/product\\\/eveready-lithium-cr2032\\\/\"]}]},{\"@type\":\"ImageObject\",\"inLanguage\":\"en-US\",\"@id\":\"https:\\\/\\\/eveready.com\\\/eu\\\/switzerland\\\/product\\\/eveready-lithium-cr2032\\\/#primaryimage\",\"url\":\"https:\\\/\\\/eveready.com\\\/eu\\\/switzerland\\\/wp-content\\\/uploads\\\/sites\\\/17\\\/2025\\\/10\\\/Eveready\u00ae-Lithium-CR2032-2.png\",\"contentUrl\":\"https:\\\/\\\/eveready.com\\\/eu\\\/switzerland\\\/wp-content\\\/uploads\\\/sites\\\/17\\\/2025\\\/10\\\/Eveready\u00ae-Lithium-CR2032-2.png\",\"width\":800,\"height\":800,\"caption\":\"Eveready\u00ae Lithium CR2032 BP2\"},{\"@type\":\"BreadcrumbList\",\"@id\":\"https:\\\/\\\/eveready.com\\\/eu\\\/switzerland\\\/product\\\/eveready-lithium-cr2032\\\/#breadcrumb\",\"itemListElement\":[{\"@type\":\"ListItem\",\"position\":1,\"name\":\"Home\",\"item\":\"https:\\\/\\\/eveready.com\\\/eu\\\/switzerland\\\/\"},{\"@type\":\"ListItem\",\"position\":2,\"name\":\"Products\",\"item\":\"https:\\\/\\\/eveready.com\\\/eu\\\/switzerland\\\/shop\\\/\"},{\"@type\":\"ListItem\",\"position\":3,\"name\":\"Eveready\u00ae Lithium CR2032\"}]},{\"@type\":\"WebSite\",\"@id\":\"https:\\\/\\\/eveready.com\\\/eu\\\/switzerland\\\/#website\",\"url\":\"https:\\\/\\\/eveready.com\\\/eu\\\/switzerland\\\/\",\"name\":\"Switzerland FR\",\"description\":\"\",\"publisher\":{\"@id\":\"https:\\\/\\\/eveready.com\\\/eu\\\/switzerland\\\/#organization\"},\"potentialAction\":[{\"@type\":\"SearchAction\",\"target\":{\"@type\":\"EntryPoint\",\"urlTemplate\":\"https:\\\/\\\/eveready.com\\\/eu\\\/switzerland\\\/?s={search_term_string}\"},\"query-input\":{\"@type\":\"PropertyValueSpecification\",\"valueRequired\":true,\"valueName\":\"search_term_string\"}}],\"inLanguage\":\"en-US\"},{\"@type\":\"Organization\",\"@id\":\"https:\\\/\\\/eveready.com\\\/eu\\\/switzerland\\\/#organization\",\"name\":\"Switzerland FR\",\"url\":\"https:\\\/\\\/eveready.com\\\/eu\\\/switzerland\\\/\",\"logo\":{\"@type\":\"ImageObject\",\"inLanguage\":\"en-US\",\"@id\":\"https:\\\/\\\/eveready.com\\\/eu\\\/switzerland\\\/#\\\/schema\\\/logo\\\/image\\\/\",\"url\":\"https:\\\/\\\/eveready.com\\\/eu\\\/switzerland\\\/wp-content\\\/uploads\\\/sites\\\/17\\\/2025\\\/08\\\/logo-eveready.png\",\"contentUrl\":\"https:\\\/\\\/eveready.com\\\/eu\\\/switzerland\\\/wp-content\\\/uploads\\\/sites\\\/17\\\/2025\\\/08\\\/logo-eveready.png\",\"width\":855,\"height\":220,\"caption\":\"Switzerland FR\"},\"image\":{\"@id\":\"https:\\\/\\\/eveready.com\\\/eu\\\/switzerland\\\/#\\\/schema\\\/logo\\\/image\\\/\"}}]}<\/script>\n<!-- \/ Yoast SEO plugin. -->","yoast_head_json":{"title":"Eveready\u00ae Lithium CR2032 - Switzerland FR","robots":{"index":"index","follow":"follow","max-snippet":"max-snippet:-1","max-image-preview":"max-image-preview:large","max-video-preview":"max-video-preview:-1"},"canonical":"https:\/\/eveready.com\/eu\/switzerland\/product\/eveready-lithium-cr2032\/","og_locale":"en_US","og_type":"article","og_title":"Eveready\u00ae Lithium CR2032 - Switzerland FR","og_description":"Faites le plein de piles bouton EVEREADY\u00ae CR2032 pour es appareils portables, ainsi que de piles pour les cl\u00e9s de voiture, les t\u00e9l\u00e9commandes, les capteurs d'alarme et les balances. Ce pack de piles est \u00e9galement un excellent choix si vous avez besoin d'une nouvelle pile pour vos cl\u00e9s de voiture. Chaque pile bouton au lithium EVEREADY\u00ae CR2032 conserve sa puissance jusqu'\u00e0 10 ans en stockage et peut r\u00e9sister \u00e0 des temp\u00e9ratures allant de -30 \u00b0C \u00e0 60 \u00b0C \u2014 elles sont toujours pr\u00eates quand vous l'\u00eates. En plus du format 2032, la gamme de piles miniatures EVEREADY\u00ae comprend des piles 2016, 2025 et LR44\/A76.","og_url":"https:\/\/eveready.com\/eu\/switzerland\/product\/eveready-lithium-cr2032\/","og_site_name":"Switzerland FR","article_modified_time":"2026-03-25T13:35:12+00:00","og_image":[{"width":800,"height":800,"url":"https:\/\/eveready.com\/eu\/switzerland\/wp-content\/uploads\/sites\/17\/2025\/10\/Eveready\u00ae-Lithium-CR2032-2.png","type":"image\/png"}],"twitter_card":"summary_large_image","schema":{"@context":"https:\/\/schema.org","@graph":[{"@type":"WebPage","@id":"https:\/\/eveready.com\/eu\/switzerland\/product\/eveready-lithium-cr2032\/","url":"https:\/\/eveready.com\/eu\/switzerland\/product\/eveready-lithium-cr2032\/","name":"Eveready\u00ae Lithium CR2032 - Switzerland FR","isPartOf":{"@id":"https:\/\/eveready.com\/eu\/switzerland\/#website"},"primaryImageOfPage":{"@id":"https:\/\/eveready.com\/eu\/switzerland\/product\/eveready-lithium-cr2032\/#primaryimage"},"image":{"@id":"https:\/\/eveready.com\/eu\/switzerland\/product\/eveready-lithium-cr2032\/#primaryimage"},"thumbnailUrl":"https:\/\/eveready.com\/eu\/switzerland\/wp-content\/uploads\/sites\/17\/2025\/10\/Eveready\u00ae-Lithium-CR2032-2.png","datePublished":"2025-10-10T08:22:29+00:00","dateModified":"2026-03-25T13:35:12+00:00","breadcrumb":{"@id":"https:\/\/eveready.com\/eu\/switzerland\/product\/eveready-lithium-cr2032\/#breadcrumb"},"inLanguage":"en-US","potentialAction":[{"@type":"ReadAction","target":["https:\/\/eveready.com\/eu\/switzerland\/product\/eveready-lithium-cr2032\/"]}]},{"@type":"ImageObject","inLanguage":"en-US","@id":"https:\/\/eveready.com\/eu\/switzerland\/product\/eveready-lithium-cr2032\/#primaryimage","url":"https:\/\/eveready.com\/eu\/switzerland\/wp-content\/uploads\/sites\/17\/2025\/10\/Eveready\u00ae-Lithium-CR2032-2.png","contentUrl":"https:\/\/eveready.com\/eu\/switzerland\/wp-content\/uploads\/sites\/17\/2025\/10\/Eveready\u00ae-Lithium-CR2032-2.png","width":800,"height":800,"caption":"Eveready\u00ae Lithium CR2032 BP2"},{"@type":"BreadcrumbList","@id":"https:\/\/eveready.com\/eu\/switzerland\/product\/eveready-lithium-cr2032\/#breadcrumb","itemListElement":[{"@type":"ListItem","position":1,"name":"Home","item":"https:\/\/eveready.com\/eu\/switzerland\/"},{"@type":"ListItem","position":2,"name":"Products","item":"https:\/\/eveready.com\/eu\/switzerland\/shop\/"},{"@type":"ListItem","position":3,"name":"Eveready\u00ae Lithium CR2032"}]},{"@type":"WebSite","@id":"https:\/\/eveready.com\/eu\/switzerland\/#website","url":"https:\/\/eveready.com\/eu\/switzerland\/","name":"Switzerland FR","description":"","publisher":{"@id":"https:\/\/eveready.com\/eu\/switzerland\/#organization"},"potentialAction":[{"@type":"SearchAction","target":{"@type":"EntryPoint","urlTemplate":"https:\/\/eveready.com\/eu\/switzerland\/?s={search_term_string}"},"query-input":{"@type":"PropertyValueSpecification","valueRequired":true,"valueName":"search_term_string"}}],"inLanguage":"en-US"},{"@type":"Organization","@id":"https:\/\/eveready.com\/eu\/switzerland\/#organization","name":"Switzerland FR","url":"https:\/\/eveready.com\/eu\/switzerland\/","logo":{"@type":"ImageObject","inLanguage":"en-US","@id":"https:\/\/eveready.com\/eu\/switzerland\/#\/schema\/logo\/image\/","url":"https:\/\/eveready.com\/eu\/switzerland\/wp-content\/uploads\/sites\/17\/2025\/08\/logo-eveready.png","contentUrl":"https:\/\/eveready.com\/eu\/switzerland\/wp-content\/uploads\/sites\/17\/2025\/08\/logo-eveready.png","width":855,"height":220,"caption":"Switzerland FR"},"image":{"@id":"https:\/\/eveready.com\/eu\/switzerland\/#\/schema\/logo\/image\/"}}]}},"acf":[],"_links":{"self":[{"href":"https:\/\/eveready.com\/eu\/switzerland\/wp-json\/wp\/v2\/product\/4262","targetHints":{"allow":["GET"]}}],"collection":[{"href":"https:\/\/eveready.com\/eu\/switzerland\/wp-json\/wp\/v2\/product"}],"about":[{"href":"https:\/\/eveready.com\/eu\/switzerland\/wp-json\/wp\/v2\/types\/product"}],"replies":[{"embeddable":true,"href":"https:\/\/eveready.com\/eu\/switzerland\/wp-json\/wp\/v2\/comments?post=4262"}],"wp:featuredmedia":[{"embeddable":true,"href":"https:\/\/eveready.com\/eu\/switzerland\/wp-json\/wp\/v2\/media\/4263"}],"wp:attachment":[{"href":"https:\/\/eveready.com\/eu\/switzerland\/wp-json\/wp\/v2\/media?parent=4262"}],"wp:term":[{"taxonomy":"product_brand","embeddable":true,"href":"https:\/\/eveready.com\/eu\/switzerland\/wp-json\/wp\/v2\/product_brand?post=4262"},{"taxonomy":"product_cat","embeddable":true,"href":"https:\/\/eveready.com\/eu\/switzerland\/wp-json\/wp\/v2\/product_cat?post=4262"},{"taxonomy":"product_tag","embeddable":true,"href":"https:\/\/eveready.com\/eu\/switzerland\/wp-json\/wp\/v2\/product_tag?post=4262"}],"curies":[{"name":"wp","href":"https:\/\/api.w.org\/{rel}","templated":true}]}}