{"id":4265,"date":"2025-10-10T04:33:33","date_gmt":"2025-10-10T08:33:33","guid":{"rendered":"https:\/\/eveready.com\/eu\/switzerland\/?post_type=product&#038;p=4265"},"modified":"2026-03-25T09:35:21","modified_gmt":"2026-03-25T13:35:21","slug":"eveready-electronic-batteries-a76","status":"publish","type":"product","link":"https:\/\/eveready.com\/eu\/switzerland\/product\/eveready-electronic-batteries-a76\/","title":{"rendered":"Eveready\u00ae Electronic Batteries  \u2013 A76"},"content":{"rendered":"<p><strong>Caract\u00e9ristiques et avantages<\/strong><\/p>\n<ul>\n<li>Longue dur\u00e9e : Une \u00e9nergie fiable pour maintenir vos appareils en fonctionnement<\/li>\n<li>Fiables : Chaque pile LR44\/A76 peut \u00eatre stock\u00e9e jusqu&#8217;\u00e0 3 ans ; elles sont donc toujours pr\u00eates quand vous en avez besoin<\/li>\n<li>\u00c9nergie de confiance : Offre des performances durables et fiables pour les appareils sp\u00e9cialis\u00e9s tels que les pointeurs laser, les t\u00e9l\u00e9commandes, les syst\u00e8mes d&#8217;entr\u00e9e sans cl\u00e9, les montres et les jouets<\/li>\n<li>Lot de 6 piles bouton alcalines EVEREADY\u00ae LR44\/A76<\/li>\n<li>Sp\u00e9cifications : Format LR44\/GZ114 A76 (ou V13GA, 4276, KA76), pile bouton alcaline, 1,5 volt<\/li>\n<\/ul>\n","protected":false},"excerpt":{"rendered":"<p>Tirez le meilleur parti de vos appareils essentiels gr\u00e2ce \u00e0 l&#8217;\u00e9nergie fiable et longue dur\u00e9e que vous attendez d&#8217;EVEREADY\u00ae. Faites le plein de piles bouton alcalines Energizer\u00ae LR44\/A76 pour, les moniteurs de fr\u00e9quence cardiaque, les t\u00e9l\u00e9commandes, les syst\u00e8mes d&#8217;entr\u00e9e sans cl\u00e9 et les jouets. Les piles bouton alcalines EVEREADY\u00ae LR44\/A76 conservent leur puissance jusqu&#8217;\u00e0 3 ans en stockage ; elles sont donc toujours pr\u00eates quand vous l&#8217;\u00eates.<\/p>\n","protected":false},"featured_media":4266,"comment_status":"open","ping_status":"closed","template":"","meta":{"_acf_changed":false},"product_brand":[],"product_cat":[36,63],"product_tag":[],"class_list":{"0":"post-4265","1":"product","2":"type-product","3":"status-publish","4":"has-post-thumbnail","6":"product_cat-batteries","7":"product_cat-specialty-batteries","9":"first","10":"instock","11":"shipping-taxable","12":"product-type-simple"},"yoast_head":"<!-- This site is optimized with the Yoast SEO plugin v27.4 - https:\/\/yoast.com\/product\/yoast-seo-wordpress\/ -->\n<title>Eveready\u00ae Electronic Batteries \u2013 A76 - Switzerland FR<\/title>\n<meta name=\"robots\" content=\"index, follow, max-snippet:-1, max-image-preview:large, max-video-preview:-1\" \/>\n<link rel=\"canonical\" href=\"https:\/\/eveready.com\/eu\/switzerland\/product\/eveready-electronic-batteries-a76\/\" \/>\n<meta property=\"og:locale\" content=\"en_US\" \/>\n<meta property=\"og:type\" content=\"article\" \/>\n<meta property=\"og:title\" content=\"Eveready\u00ae Electronic Batteries \u2013 A76 - Switzerland FR\" \/>\n<meta property=\"og:description\" content=\"Tirez le meilleur parti de vos appareils essentiels gr\u00e2ce \u00e0 l&#039;\u00e9nergie fiable et longue dur\u00e9e que vous attendez d&#039;EVEREADY\u00ae. Faites le plein de piles bouton alcalines Energizer\u00ae LR44\/A76 pour, les moniteurs de fr\u00e9quence cardiaque, les t\u00e9l\u00e9commandes, les syst\u00e8mes d&#039;entr\u00e9e sans cl\u00e9 et les jouets. Les piles bouton alcalines EVEREADY\u00ae LR44\/A76 conservent leur puissance jusqu&#039;\u00e0 3 ans en stockage ; elles sont donc toujours pr\u00eates quand vous l&#039;\u00eates.\" \/>\n<meta property=\"og:url\" content=\"https:\/\/eveready.com\/eu\/switzerland\/product\/eveready-electronic-batteries-a76\/\" \/>\n<meta property=\"og:site_name\" content=\"Switzerland FR\" \/>\n<meta property=\"article:modified_time\" content=\"2026-03-25T13:35:21+00:00\" \/>\n<meta property=\"og:image\" content=\"https:\/\/eveready.com\/eu\/switzerland\/wp-content\/uploads\/sites\/17\/2025\/10\/Eveready\u00ae-Electronic-Batteries-A76-2.png\" \/>\n\t<meta property=\"og:image:width\" content=\"800\" \/>\n\t<meta property=\"og:image:height\" content=\"800\" \/>\n\t<meta property=\"og:image:type\" content=\"image\/png\" \/>\n<meta name=\"twitter:card\" content=\"summary_large_image\" \/>\n<script type=\"application\/ld+json\" class=\"yoast-schema-graph\">{\"@context\":\"https:\\\/\\\/schema.org\",\"@graph\":[{\"@type\":\"WebPage\",\"@id\":\"https:\\\/\\\/eveready.com\\\/eu\\\/switzerland\\\/product\\\/eveready-electronic-batteries-a76\\\/\",\"url\":\"https:\\\/\\\/eveready.com\\\/eu\\\/switzerland\\\/product\\\/eveready-electronic-batteries-a76\\\/\",\"name\":\"Eveready\u00ae Electronic Batteries \u2013 A76 - Switzerland FR\",\"isPartOf\":{\"@id\":\"https:\\\/\\\/eveready.com\\\/eu\\\/switzerland\\\/#website\"},\"primaryImageOfPage\":{\"@id\":\"https:\\\/\\\/eveready.com\\\/eu\\\/switzerland\\\/product\\\/eveready-electronic-batteries-a76\\\/#primaryimage\"},\"image\":{\"@id\":\"https:\\\/\\\/eveready.com\\\/eu\\\/switzerland\\\/product\\\/eveready-electronic-batteries-a76\\\/#primaryimage\"},\"thumbnailUrl\":\"https:\\\/\\\/eveready.com\\\/eu\\\/switzerland\\\/wp-content\\\/uploads\\\/sites\\\/17\\\/2025\\\/10\\\/Eveready\u00ae-Electronic-Batteries-A76-2.png\",\"datePublished\":\"2025-10-10T08:33:33+00:00\",\"dateModified\":\"2026-03-25T13:35:21+00:00\",\"breadcrumb\":{\"@id\":\"https:\\\/\\\/eveready.com\\\/eu\\\/switzerland\\\/product\\\/eveready-electronic-batteries-a76\\\/#breadcrumb\"},\"inLanguage\":\"en-US\",\"potentialAction\":[{\"@type\":\"ReadAction\",\"target\":[\"https:\\\/\\\/eveready.com\\\/eu\\\/switzerland\\\/product\\\/eveready-electronic-batteries-a76\\\/\"]}]},{\"@type\":\"ImageObject\",\"inLanguage\":\"en-US\",\"@id\":\"https:\\\/\\\/eveready.com\\\/eu\\\/switzerland\\\/product\\\/eveready-electronic-batteries-a76\\\/#primaryimage\",\"url\":\"https:\\\/\\\/eveready.com\\\/eu\\\/switzerland\\\/wp-content\\\/uploads\\\/sites\\\/17\\\/2025\\\/10\\\/Eveready\u00ae-Electronic-Batteries-A76-2.png\",\"contentUrl\":\"https:\\\/\\\/eveready.com\\\/eu\\\/switzerland\\\/wp-content\\\/uploads\\\/sites\\\/17\\\/2025\\\/10\\\/Eveready\u00ae-Electronic-Batteries-A76-2.png\",\"width\":800,\"height\":800},{\"@type\":\"BreadcrumbList\",\"@id\":\"https:\\\/\\\/eveready.com\\\/eu\\\/switzerland\\\/product\\\/eveready-electronic-batteries-a76\\\/#breadcrumb\",\"itemListElement\":[{\"@type\":\"ListItem\",\"position\":1,\"name\":\"Home\",\"item\":\"https:\\\/\\\/eveready.com\\\/eu\\\/switzerland\\\/\"},{\"@type\":\"ListItem\",\"position\":2,\"name\":\"Products\",\"item\":\"https:\\\/\\\/eveready.com\\\/eu\\\/switzerland\\\/shop\\\/\"},{\"@type\":\"ListItem\",\"position\":3,\"name\":\"Eveready\u00ae Electronic Batteries \u2013 A76\"}]},{\"@type\":\"WebSite\",\"@id\":\"https:\\\/\\\/eveready.com\\\/eu\\\/switzerland\\\/#website\",\"url\":\"https:\\\/\\\/eveready.com\\\/eu\\\/switzerland\\\/\",\"name\":\"Switzerland FR\",\"description\":\"\",\"publisher\":{\"@id\":\"https:\\\/\\\/eveready.com\\\/eu\\\/switzerland\\\/#organization\"},\"potentialAction\":[{\"@type\":\"SearchAction\",\"target\":{\"@type\":\"EntryPoint\",\"urlTemplate\":\"https:\\\/\\\/eveready.com\\\/eu\\\/switzerland\\\/?s={search_term_string}\"},\"query-input\":{\"@type\":\"PropertyValueSpecification\",\"valueRequired\":true,\"valueName\":\"search_term_string\"}}],\"inLanguage\":\"en-US\"},{\"@type\":\"Organization\",\"@id\":\"https:\\\/\\\/eveready.com\\\/eu\\\/switzerland\\\/#organization\",\"name\":\"Switzerland FR\",\"url\":\"https:\\\/\\\/eveready.com\\\/eu\\\/switzerland\\\/\",\"logo\":{\"@type\":\"ImageObject\",\"inLanguage\":\"en-US\",\"@id\":\"https:\\\/\\\/eveready.com\\\/eu\\\/switzerland\\\/#\\\/schema\\\/logo\\\/image\\\/\",\"url\":\"https:\\\/\\\/eveready.com\\\/eu\\\/switzerland\\\/wp-content\\\/uploads\\\/sites\\\/17\\\/2025\\\/08\\\/logo-eveready.png\",\"contentUrl\":\"https:\\\/\\\/eveready.com\\\/eu\\\/switzerland\\\/wp-content\\\/uploads\\\/sites\\\/17\\\/2025\\\/08\\\/logo-eveready.png\",\"width\":855,\"height\":220,\"caption\":\"Switzerland FR\"},\"image\":{\"@id\":\"https:\\\/\\\/eveready.com\\\/eu\\\/switzerland\\\/#\\\/schema\\\/logo\\\/image\\\/\"}}]}<\/script>\n<!-- \/ Yoast SEO plugin. -->","yoast_head_json":{"title":"Eveready\u00ae Electronic Batteries \u2013 A76 - Switzerland FR","robots":{"index":"index","follow":"follow","max-snippet":"max-snippet:-1","max-image-preview":"max-image-preview:large","max-video-preview":"max-video-preview:-1"},"canonical":"https:\/\/eveready.com\/eu\/switzerland\/product\/eveready-electronic-batteries-a76\/","og_locale":"en_US","og_type":"article","og_title":"Eveready\u00ae Electronic Batteries \u2013 A76 - Switzerland FR","og_description":"Tirez le meilleur parti de vos appareils essentiels gr\u00e2ce \u00e0 l'\u00e9nergie fiable et longue dur\u00e9e que vous attendez d'EVEREADY\u00ae. Faites le plein de piles bouton alcalines Energizer\u00ae LR44\/A76 pour, les moniteurs de fr\u00e9quence cardiaque, les t\u00e9l\u00e9commandes, les syst\u00e8mes d'entr\u00e9e sans cl\u00e9 et les jouets. Les piles bouton alcalines EVEREADY\u00ae LR44\/A76 conservent leur puissance jusqu'\u00e0 3 ans en stockage ; elles sont donc toujours pr\u00eates quand vous l'\u00eates.","og_url":"https:\/\/eveready.com\/eu\/switzerland\/product\/eveready-electronic-batteries-a76\/","og_site_name":"Switzerland FR","article_modified_time":"2026-03-25T13:35:21+00:00","og_image":[{"width":800,"height":800,"url":"https:\/\/eveready.com\/eu\/switzerland\/wp-content\/uploads\/sites\/17\/2025\/10\/Eveready\u00ae-Electronic-Batteries-A76-2.png","type":"image\/png"}],"twitter_card":"summary_large_image","schema":{"@context":"https:\/\/schema.org","@graph":[{"@type":"WebPage","@id":"https:\/\/eveready.com\/eu\/switzerland\/product\/eveready-electronic-batteries-a76\/","url":"https:\/\/eveready.com\/eu\/switzerland\/product\/eveready-electronic-batteries-a76\/","name":"Eveready\u00ae Electronic Batteries \u2013 A76 - Switzerland FR","isPartOf":{"@id":"https:\/\/eveready.com\/eu\/switzerland\/#website"},"primaryImageOfPage":{"@id":"https:\/\/eveready.com\/eu\/switzerland\/product\/eveready-electronic-batteries-a76\/#primaryimage"},"image":{"@id":"https:\/\/eveready.com\/eu\/switzerland\/product\/eveready-electronic-batteries-a76\/#primaryimage"},"thumbnailUrl":"https:\/\/eveready.com\/eu\/switzerland\/wp-content\/uploads\/sites\/17\/2025\/10\/Eveready\u00ae-Electronic-Batteries-A76-2.png","datePublished":"2025-10-10T08:33:33+00:00","dateModified":"2026-03-25T13:35:21+00:00","breadcrumb":{"@id":"https:\/\/eveready.com\/eu\/switzerland\/product\/eveready-electronic-batteries-a76\/#breadcrumb"},"inLanguage":"en-US","potentialAction":[{"@type":"ReadAction","target":["https:\/\/eveready.com\/eu\/switzerland\/product\/eveready-electronic-batteries-a76\/"]}]},{"@type":"ImageObject","inLanguage":"en-US","@id":"https:\/\/eveready.com\/eu\/switzerland\/product\/eveready-electronic-batteries-a76\/#primaryimage","url":"https:\/\/eveready.com\/eu\/switzerland\/wp-content\/uploads\/sites\/17\/2025\/10\/Eveready\u00ae-Electronic-Batteries-A76-2.png","contentUrl":"https:\/\/eveready.com\/eu\/switzerland\/wp-content\/uploads\/sites\/17\/2025\/10\/Eveready\u00ae-Electronic-Batteries-A76-2.png","width":800,"height":800},{"@type":"BreadcrumbList","@id":"https:\/\/eveready.com\/eu\/switzerland\/product\/eveready-electronic-batteries-a76\/#breadcrumb","itemListElement":[{"@type":"ListItem","position":1,"name":"Home","item":"https:\/\/eveready.com\/eu\/switzerland\/"},{"@type":"ListItem","position":2,"name":"Products","item":"https:\/\/eveready.com\/eu\/switzerland\/shop\/"},{"@type":"ListItem","position":3,"name":"Eveready\u00ae Electronic Batteries \u2013 A76"}]},{"@type":"WebSite","@id":"https:\/\/eveready.com\/eu\/switzerland\/#website","url":"https:\/\/eveready.com\/eu\/switzerland\/","name":"Switzerland FR","description":"","publisher":{"@id":"https:\/\/eveready.com\/eu\/switzerland\/#organization"},"potentialAction":[{"@type":"SearchAction","target":{"@type":"EntryPoint","urlTemplate":"https:\/\/eveready.com\/eu\/switzerland\/?s={search_term_string}"},"query-input":{"@type":"PropertyValueSpecification","valueRequired":true,"valueName":"search_term_string"}}],"inLanguage":"en-US"},{"@type":"Organization","@id":"https:\/\/eveready.com\/eu\/switzerland\/#organization","name":"Switzerland FR","url":"https:\/\/eveready.com\/eu\/switzerland\/","logo":{"@type":"ImageObject","inLanguage":"en-US","@id":"https:\/\/eveready.com\/eu\/switzerland\/#\/schema\/logo\/image\/","url":"https:\/\/eveready.com\/eu\/switzerland\/wp-content\/uploads\/sites\/17\/2025\/08\/logo-eveready.png","contentUrl":"https:\/\/eveready.com\/eu\/switzerland\/wp-content\/uploads\/sites\/17\/2025\/08\/logo-eveready.png","width":855,"height":220,"caption":"Switzerland FR"},"image":{"@id":"https:\/\/eveready.com\/eu\/switzerland\/#\/schema\/logo\/image\/"}}]}},"acf":[],"_links":{"self":[{"href":"https:\/\/eveready.com\/eu\/switzerland\/wp-json\/wp\/v2\/product\/4265","targetHints":{"allow":["GET"]}}],"collection":[{"href":"https:\/\/eveready.com\/eu\/switzerland\/wp-json\/wp\/v2\/product"}],"about":[{"href":"https:\/\/eveready.com\/eu\/switzerland\/wp-json\/wp\/v2\/types\/product"}],"replies":[{"embeddable":true,"href":"https:\/\/eveready.com\/eu\/switzerland\/wp-json\/wp\/v2\/comments?post=4265"}],"wp:featuredmedia":[{"embeddable":true,"href":"https:\/\/eveready.com\/eu\/switzerland\/wp-json\/wp\/v2\/media\/4266"}],"wp:attachment":[{"href":"https:\/\/eveready.com\/eu\/switzerland\/wp-json\/wp\/v2\/media?parent=4265"}],"wp:term":[{"taxonomy":"product_brand","embeddable":true,"href":"https:\/\/eveready.com\/eu\/switzerland\/wp-json\/wp\/v2\/product_brand?post=4265"},{"taxonomy":"product_cat","embeddable":true,"href":"https:\/\/eveready.com\/eu\/switzerland\/wp-json\/wp\/v2\/product_cat?post=4265"},{"taxonomy":"product_tag","embeddable":true,"href":"https:\/\/eveready.com\/eu\/switzerland\/wp-json\/wp\/v2\/product_tag?post=4265"}],"curies":[{"name":"wp","href":"https:\/\/api.w.org\/{rel}","templated":true}]}}