{"id":4282,"date":"2025-10-10T04:53:50","date_gmt":"2025-10-10T08:53:50","guid":{"rendered":"https:\/\/eveready.com\/eu\/switzerland\/?post_type=product&#038;p=4282"},"modified":"2026-03-10T07:12:15","modified_gmt":"2026-03-10T11:12:15","slug":"eveready-value-rechargable-200","status":"publish","type":"product","link":"https:\/\/eveready.com\/eu\/switzerland\/product\/eveready-value-rechargable-200\/","title":{"rendered":"EVEREADY\u00ae VALUE RECHARGEABLE 200 L"},"content":{"rendered":"<p><strong>Caract\u00e9ristiques et avantages<\/strong><\/p>\n<ul>\n<li>Lampe frontale LED rechargeable Eveready\u00ae, 200 lumens, IPX4 r\u00e9sistante \u00e0 l&#8217;eau<\/li>\n<li>200 lumens<\/li>\n<li>3 modes : fort, faible, rouge<\/li>\n<li>Autonomie : 2 heures<\/li>\n<li>Distance du faisceau : 50 m<\/li>\n<li>R\u00e9sistante \u00e0 l&#8217;eau (norme IPX4)<\/li>\n<\/ul>\n","protected":false},"excerpt":{"rendered":"<p>Lampe frontale rechargeable Eveready\u00ae Value : compacte, confortable, fiable et facile \u00e0 utiliser, cette lampe frontale rechargeable est une solution mains libres intelligente pour toutes vos activit\u00e9s int\u00e9rieures ou ext\u00e9rieures. Son design \u00e9l\u00e9gant en fait un \u00e9clairage id\u00e9al pour le plein air, tandis que sa puissance lumineuse est parfaite pour vos projets d&#8217;int\u00e9rieur ou de bricolage. Cette lampe dispose de 3 modes (fort, faible, rouge) et est livr\u00e9e avec une batterie rechargeable et un c\u00e2ble de charge Micro-USB. Elle peut \u00eatre recharg\u00e9e directement via une batterie externe (power bank), un chargeur de voiture ou toute autre source d&#8217;alimentation USB \u2014 plus besoin d&#8217;acheter de piles suppl\u00e9mentaires. Sa conception robuste et son bandeau r\u00e9glable en font une option polyvalente et fiable.<\/p>\n","protected":false},"featured_media":4278,"comment_status":"open","ping_status":"closed","template":"","meta":{"_acf_changed":false},"product_brand":[],"product_cat":[62,39],"product_tag":[],"class_list":{"0":"post-4282","1":"product","2":"type-product","3":"status-publish","4":"has-post-thumbnail","6":"product_cat-hands-free","7":"product_cat-lighting","9":"first","10":"instock","11":"shipping-taxable","12":"product-type-simple"},"yoast_head":"<!-- This site is optimized with the Yoast SEO plugin v27.4 - https:\/\/yoast.com\/product\/yoast-seo-wordpress\/ -->\n<title>EVEREADY\u00ae VALUE RECHARGEABLE 200 L - Switzerland FR<\/title>\n<meta name=\"robots\" content=\"index, follow, max-snippet:-1, max-image-preview:large, max-video-preview:-1\" \/>\n<link rel=\"canonical\" href=\"https:\/\/eveready.com\/eu\/switzerland\/product\/eveready-value-rechargable-200\/\" \/>\n<meta property=\"og:locale\" content=\"en_US\" \/>\n<meta property=\"og:type\" content=\"article\" \/>\n<meta property=\"og:title\" content=\"EVEREADY\u00ae VALUE RECHARGEABLE 200 L - Switzerland FR\" \/>\n<meta property=\"og:description\" content=\"Lampe frontale rechargeable Eveready\u00ae Value : compacte, confortable, fiable et facile \u00e0 utiliser, cette lampe frontale rechargeable est une solution mains libres intelligente pour toutes vos activit\u00e9s int\u00e9rieures ou ext\u00e9rieures. Son design \u00e9l\u00e9gant en fait un \u00e9clairage id\u00e9al pour le plein air, tandis que sa puissance lumineuse est parfaite pour vos projets d&#039;int\u00e9rieur ou de bricolage. Cette lampe dispose de 3 modes (fort, faible, rouge) et est livr\u00e9e avec une batterie rechargeable et un c\u00e2ble de charge Micro-USB. Elle peut \u00eatre recharg\u00e9e directement via une batterie externe (power bank), un chargeur de voiture ou toute autre source d&#039;alimentation USB \u2014 plus besoin d&#039;acheter de piles suppl\u00e9mentaires. Sa conception robuste et son bandeau r\u00e9glable en font une option polyvalente et fiable.\" \/>\n<meta property=\"og:url\" content=\"https:\/\/eveready.com\/eu\/switzerland\/product\/eveready-value-rechargable-200\/\" \/>\n<meta property=\"og:site_name\" content=\"Switzerland FR\" \/>\n<meta property=\"article:modified_time\" content=\"2026-03-10T11:12:15+00:00\" \/>\n<meta property=\"og:image\" content=\"https:\/\/eveready.com\/eu\/switzerland\/wp-content\/uploads\/sites\/17\/2025\/10\/Eveready\u00ae-VALUE-RECHARGABLE-200.png\" \/>\n\t<meta property=\"og:image:width\" content=\"800\" \/>\n\t<meta property=\"og:image:height\" content=\"800\" \/>\n\t<meta property=\"og:image:type\" content=\"image\/png\" \/>\n<meta name=\"twitter:card\" content=\"summary_large_image\" \/>\n<script type=\"application\/ld+json\" class=\"yoast-schema-graph\">{\"@context\":\"https:\\\/\\\/schema.org\",\"@graph\":[{\"@type\":\"WebPage\",\"@id\":\"https:\\\/\\\/eveready.com\\\/eu\\\/switzerland\\\/product\\\/eveready-value-rechargable-200\\\/\",\"url\":\"https:\\\/\\\/eveready.com\\\/eu\\\/switzerland\\\/product\\\/eveready-value-rechargable-200\\\/\",\"name\":\"EVEREADY\u00ae VALUE RECHARGEABLE 200 L - Switzerland FR\",\"isPartOf\":{\"@id\":\"https:\\\/\\\/eveready.com\\\/eu\\\/switzerland\\\/#website\"},\"primaryImageOfPage\":{\"@id\":\"https:\\\/\\\/eveready.com\\\/eu\\\/switzerland\\\/product\\\/eveready-value-rechargable-200\\\/#primaryimage\"},\"image\":{\"@id\":\"https:\\\/\\\/eveready.com\\\/eu\\\/switzerland\\\/product\\\/eveready-value-rechargable-200\\\/#primaryimage\"},\"thumbnailUrl\":\"https:\\\/\\\/eveready.com\\\/eu\\\/switzerland\\\/wp-content\\\/uploads\\\/sites\\\/17\\\/2025\\\/10\\\/Eveready\u00ae-VALUE-RECHARGABLE-200.png\",\"datePublished\":\"2025-10-10T08:53:50+00:00\",\"dateModified\":\"2026-03-10T11:12:15+00:00\",\"breadcrumb\":{\"@id\":\"https:\\\/\\\/eveready.com\\\/eu\\\/switzerland\\\/product\\\/eveready-value-rechargable-200\\\/#breadcrumb\"},\"inLanguage\":\"en-US\",\"potentialAction\":[{\"@type\":\"ReadAction\",\"target\":[\"https:\\\/\\\/eveready.com\\\/eu\\\/switzerland\\\/product\\\/eveready-value-rechargable-200\\\/\"]}]},{\"@type\":\"ImageObject\",\"inLanguage\":\"en-US\",\"@id\":\"https:\\\/\\\/eveready.com\\\/eu\\\/switzerland\\\/product\\\/eveready-value-rechargable-200\\\/#primaryimage\",\"url\":\"https:\\\/\\\/eveready.com\\\/eu\\\/switzerland\\\/wp-content\\\/uploads\\\/sites\\\/17\\\/2025\\\/10\\\/Eveready\u00ae-VALUE-RECHARGABLE-200.png\",\"contentUrl\":\"https:\\\/\\\/eveready.com\\\/eu\\\/switzerland\\\/wp-content\\\/uploads\\\/sites\\\/17\\\/2025\\\/10\\\/Eveready\u00ae-VALUE-RECHARGABLE-200.png\",\"width\":800,\"height\":800},{\"@type\":\"BreadcrumbList\",\"@id\":\"https:\\\/\\\/eveready.com\\\/eu\\\/switzerland\\\/product\\\/eveready-value-rechargable-200\\\/#breadcrumb\",\"itemListElement\":[{\"@type\":\"ListItem\",\"position\":1,\"name\":\"Home\",\"item\":\"https:\\\/\\\/eveready.com\\\/eu\\\/switzerland\\\/\"},{\"@type\":\"ListItem\",\"position\":2,\"name\":\"Products\",\"item\":\"https:\\\/\\\/eveready.com\\\/eu\\\/switzerland\\\/shop\\\/\"},{\"@type\":\"ListItem\",\"position\":3,\"name\":\"EVEREADY\u00ae VALUE RECHARGEABLE 200 L\"}]},{\"@type\":\"WebSite\",\"@id\":\"https:\\\/\\\/eveready.com\\\/eu\\\/switzerland\\\/#website\",\"url\":\"https:\\\/\\\/eveready.com\\\/eu\\\/switzerland\\\/\",\"name\":\"Switzerland FR\",\"description\":\"\",\"publisher\":{\"@id\":\"https:\\\/\\\/eveready.com\\\/eu\\\/switzerland\\\/#organization\"},\"potentialAction\":[{\"@type\":\"SearchAction\",\"target\":{\"@type\":\"EntryPoint\",\"urlTemplate\":\"https:\\\/\\\/eveready.com\\\/eu\\\/switzerland\\\/?s={search_term_string}\"},\"query-input\":{\"@type\":\"PropertyValueSpecification\",\"valueRequired\":true,\"valueName\":\"search_term_string\"}}],\"inLanguage\":\"en-US\"},{\"@type\":\"Organization\",\"@id\":\"https:\\\/\\\/eveready.com\\\/eu\\\/switzerland\\\/#organization\",\"name\":\"Switzerland FR\",\"url\":\"https:\\\/\\\/eveready.com\\\/eu\\\/switzerland\\\/\",\"logo\":{\"@type\":\"ImageObject\",\"inLanguage\":\"en-US\",\"@id\":\"https:\\\/\\\/eveready.com\\\/eu\\\/switzerland\\\/#\\\/schema\\\/logo\\\/image\\\/\",\"url\":\"https:\\\/\\\/eveready.com\\\/eu\\\/switzerland\\\/wp-content\\\/uploads\\\/sites\\\/17\\\/2025\\\/08\\\/logo-eveready.png\",\"contentUrl\":\"https:\\\/\\\/eveready.com\\\/eu\\\/switzerland\\\/wp-content\\\/uploads\\\/sites\\\/17\\\/2025\\\/08\\\/logo-eveready.png\",\"width\":855,\"height\":220,\"caption\":\"Switzerland FR\"},\"image\":{\"@id\":\"https:\\\/\\\/eveready.com\\\/eu\\\/switzerland\\\/#\\\/schema\\\/logo\\\/image\\\/\"}}]}<\/script>\n<!-- \/ Yoast SEO plugin. -->","yoast_head_json":{"title":"EVEREADY\u00ae VALUE RECHARGEABLE 200 L - Switzerland FR","robots":{"index":"index","follow":"follow","max-snippet":"max-snippet:-1","max-image-preview":"max-image-preview:large","max-video-preview":"max-video-preview:-1"},"canonical":"https:\/\/eveready.com\/eu\/switzerland\/product\/eveready-value-rechargable-200\/","og_locale":"en_US","og_type":"article","og_title":"EVEREADY\u00ae VALUE RECHARGEABLE 200 L - Switzerland FR","og_description":"Lampe frontale rechargeable Eveready\u00ae Value : compacte, confortable, fiable et facile \u00e0 utiliser, cette lampe frontale rechargeable est une solution mains libres intelligente pour toutes vos activit\u00e9s int\u00e9rieures ou ext\u00e9rieures. Son design \u00e9l\u00e9gant en fait un \u00e9clairage id\u00e9al pour le plein air, tandis que sa puissance lumineuse est parfaite pour vos projets d'int\u00e9rieur ou de bricolage. Cette lampe dispose de 3 modes (fort, faible, rouge) et est livr\u00e9e avec une batterie rechargeable et un c\u00e2ble de charge Micro-USB. Elle peut \u00eatre recharg\u00e9e directement via une batterie externe (power bank), un chargeur de voiture ou toute autre source d'alimentation USB \u2014 plus besoin d'acheter de piles suppl\u00e9mentaires. Sa conception robuste et son bandeau r\u00e9glable en font une option polyvalente et fiable.","og_url":"https:\/\/eveready.com\/eu\/switzerland\/product\/eveready-value-rechargable-200\/","og_site_name":"Switzerland FR","article_modified_time":"2026-03-10T11:12:15+00:00","og_image":[{"width":800,"height":800,"url":"https:\/\/eveready.com\/eu\/switzerland\/wp-content\/uploads\/sites\/17\/2025\/10\/Eveready\u00ae-VALUE-RECHARGABLE-200.png","type":"image\/png"}],"twitter_card":"summary_large_image","schema":{"@context":"https:\/\/schema.org","@graph":[{"@type":"WebPage","@id":"https:\/\/eveready.com\/eu\/switzerland\/product\/eveready-value-rechargable-200\/","url":"https:\/\/eveready.com\/eu\/switzerland\/product\/eveready-value-rechargable-200\/","name":"EVEREADY\u00ae VALUE RECHARGEABLE 200 L - Switzerland FR","isPartOf":{"@id":"https:\/\/eveready.com\/eu\/switzerland\/#website"},"primaryImageOfPage":{"@id":"https:\/\/eveready.com\/eu\/switzerland\/product\/eveready-value-rechargable-200\/#primaryimage"},"image":{"@id":"https:\/\/eveready.com\/eu\/switzerland\/product\/eveready-value-rechargable-200\/#primaryimage"},"thumbnailUrl":"https:\/\/eveready.com\/eu\/switzerland\/wp-content\/uploads\/sites\/17\/2025\/10\/Eveready\u00ae-VALUE-RECHARGABLE-200.png","datePublished":"2025-10-10T08:53:50+00:00","dateModified":"2026-03-10T11:12:15+00:00","breadcrumb":{"@id":"https:\/\/eveready.com\/eu\/switzerland\/product\/eveready-value-rechargable-200\/#breadcrumb"},"inLanguage":"en-US","potentialAction":[{"@type":"ReadAction","target":["https:\/\/eveready.com\/eu\/switzerland\/product\/eveready-value-rechargable-200\/"]}]},{"@type":"ImageObject","inLanguage":"en-US","@id":"https:\/\/eveready.com\/eu\/switzerland\/product\/eveready-value-rechargable-200\/#primaryimage","url":"https:\/\/eveready.com\/eu\/switzerland\/wp-content\/uploads\/sites\/17\/2025\/10\/Eveready\u00ae-VALUE-RECHARGABLE-200.png","contentUrl":"https:\/\/eveready.com\/eu\/switzerland\/wp-content\/uploads\/sites\/17\/2025\/10\/Eveready\u00ae-VALUE-RECHARGABLE-200.png","width":800,"height":800},{"@type":"BreadcrumbList","@id":"https:\/\/eveready.com\/eu\/switzerland\/product\/eveready-value-rechargable-200\/#breadcrumb","itemListElement":[{"@type":"ListItem","position":1,"name":"Home","item":"https:\/\/eveready.com\/eu\/switzerland\/"},{"@type":"ListItem","position":2,"name":"Products","item":"https:\/\/eveready.com\/eu\/switzerland\/shop\/"},{"@type":"ListItem","position":3,"name":"EVEREADY\u00ae VALUE RECHARGEABLE 200 L"}]},{"@type":"WebSite","@id":"https:\/\/eveready.com\/eu\/switzerland\/#website","url":"https:\/\/eveready.com\/eu\/switzerland\/","name":"Switzerland FR","description":"","publisher":{"@id":"https:\/\/eveready.com\/eu\/switzerland\/#organization"},"potentialAction":[{"@type":"SearchAction","target":{"@type":"EntryPoint","urlTemplate":"https:\/\/eveready.com\/eu\/switzerland\/?s={search_term_string}"},"query-input":{"@type":"PropertyValueSpecification","valueRequired":true,"valueName":"search_term_string"}}],"inLanguage":"en-US"},{"@type":"Organization","@id":"https:\/\/eveready.com\/eu\/switzerland\/#organization","name":"Switzerland FR","url":"https:\/\/eveready.com\/eu\/switzerland\/","logo":{"@type":"ImageObject","inLanguage":"en-US","@id":"https:\/\/eveready.com\/eu\/switzerland\/#\/schema\/logo\/image\/","url":"https:\/\/eveready.com\/eu\/switzerland\/wp-content\/uploads\/sites\/17\/2025\/08\/logo-eveready.png","contentUrl":"https:\/\/eveready.com\/eu\/switzerland\/wp-content\/uploads\/sites\/17\/2025\/08\/logo-eveready.png","width":855,"height":220,"caption":"Switzerland FR"},"image":{"@id":"https:\/\/eveready.com\/eu\/switzerland\/#\/schema\/logo\/image\/"}}]}},"acf":[],"_links":{"self":[{"href":"https:\/\/eveready.com\/eu\/switzerland\/wp-json\/wp\/v2\/product\/4282","targetHints":{"allow":["GET"]}}],"collection":[{"href":"https:\/\/eveready.com\/eu\/switzerland\/wp-json\/wp\/v2\/product"}],"about":[{"href":"https:\/\/eveready.com\/eu\/switzerland\/wp-json\/wp\/v2\/types\/product"}],"replies":[{"embeddable":true,"href":"https:\/\/eveready.com\/eu\/switzerland\/wp-json\/wp\/v2\/comments?post=4282"}],"wp:featuredmedia":[{"embeddable":true,"href":"https:\/\/eveready.com\/eu\/switzerland\/wp-json\/wp\/v2\/media\/4278"}],"wp:attachment":[{"href":"https:\/\/eveready.com\/eu\/switzerland\/wp-json\/wp\/v2\/media?parent=4282"}],"wp:term":[{"taxonomy":"product_brand","embeddable":true,"href":"https:\/\/eveready.com\/eu\/switzerland\/wp-json\/wp\/v2\/product_brand?post=4282"},{"taxonomy":"product_cat","embeddable":true,"href":"https:\/\/eveready.com\/eu\/switzerland\/wp-json\/wp\/v2\/product_cat?post=4282"},{"taxonomy":"product_tag","embeddable":true,"href":"https:\/\/eveready.com\/eu\/switzerland\/wp-json\/wp\/v2\/product_tag?post=4282"}],"curies":[{"name":"wp","href":"https:\/\/api.w.org\/{rel}","templated":true}]}}