{"id":5353,"date":"2026-03-30T08:34:04","date_gmt":"2026-03-30T12:34:04","guid":{"rendered":"https:\/\/eveready.com\/eu\/switzerland\/?post_type=product&#038;p=5353"},"modified":"2026-04-07T08:52:18","modified_gmt":"2026-04-07T12:52:18","slug":"eveready-floating-flashlight","status":"publish","type":"product","link":"https:\/\/eveready.com\/eu\/switzerland\/product\/eveready-floating-flashlight\/","title":{"rendered":"Eveready\u00ae FLOATING FLASHLIGHT"},"content":{"rendered":"<p><strong>Caract\u00e9ristiques et avantages<\/strong><\/p>\n<ul>\n<li>Flottante<\/li>\n<li>\u00c9tanche<\/li>\n<li>Panneaux r\u00e9fl\u00e9chissants haute visibilit\u00e9<\/li>\n<li>Compacte et l\u00e9g\u00e8re<\/li>\n<li>Robuste<\/li>\n<li>Grande autonomie<\/li>\n<\/ul>\n","protected":false},"excerpt":{"rendered":"<p>Le segment de l&#8217;\u00e9clairage portatif manuel est le plus important et celui qui conna\u00eet la plus forte croissance. Il s&#8217;adresse aux consommateurs \u00e9conomes \u00e0 la recherche de lampes flottantes et \u00e9tanches, particuli\u00e8rement dans les r\u00e9gions sujettes aux intemp\u00e9ries et aux inondations.<\/p>\n","protected":false},"featured_media":4695,"comment_status":"open","ping_status":"closed","template":"","meta":{"_acf_changed":false},"product_brand":[],"product_cat":[40],"product_tag":[],"class_list":{"0":"post-5353","1":"product","2":"type-product","3":"status-publish","4":"has-post-thumbnail","6":"product_cat-handheld-lights","8":"first","9":"instock","10":"shipping-taxable","11":"product-type-simple"},"yoast_head":"<!-- This site is optimized with the Yoast SEO plugin v27.4 - https:\/\/yoast.com\/product\/yoast-seo-wordpress\/ -->\n<title>Eveready\u00ae FLOATING FLASHLIGHT - Switzerland FR<\/title>\n<meta name=\"robots\" content=\"index, follow, max-snippet:-1, max-image-preview:large, max-video-preview:-1\" \/>\n<link rel=\"canonical\" href=\"https:\/\/eveready.com\/eu\/switzerland\/product\/eveready-floating-flashlight\/\" \/>\n<meta property=\"og:locale\" content=\"en_US\" \/>\n<meta property=\"og:type\" content=\"article\" \/>\n<meta property=\"og:title\" content=\"Eveready\u00ae FLOATING FLASHLIGHT - Switzerland FR\" \/>\n<meta property=\"og:description\" content=\"Le segment de l&#039;\u00e9clairage portatif manuel est le plus important et celui qui conna\u00eet la plus forte croissance. Il s&#039;adresse aux consommateurs \u00e9conomes \u00e0 la recherche de lampes flottantes et \u00e9tanches, particuli\u00e8rement dans les r\u00e9gions sujettes aux intemp\u00e9ries et aux inondations.\" \/>\n<meta property=\"og:url\" content=\"https:\/\/eveready.com\/eu\/switzerland\/product\/eveready-floating-flashlight\/\" \/>\n<meta property=\"og:site_name\" content=\"Switzerland FR\" \/>\n<meta property=\"article:modified_time\" content=\"2026-04-07T12:52:18+00:00\" \/>\n<meta property=\"og:image\" content=\"https:\/\/eveready.com\/eu\/switzerland\/wp-content\/uploads\/sites\/17\/2025\/11\/Eveready\u00ae-FLOATING-FLASHLIGHT.png\" \/>\n\t<meta property=\"og:image:width\" content=\"800\" \/>\n\t<meta property=\"og:image:height\" content=\"800\" \/>\n\t<meta property=\"og:image:type\" content=\"image\/png\" \/>\n<meta name=\"twitter:card\" content=\"summary_large_image\" \/>\n<script type=\"application\/ld+json\" class=\"yoast-schema-graph\">{\"@context\":\"https:\\\/\\\/schema.org\",\"@graph\":[{\"@type\":\"WebPage\",\"@id\":\"https:\\\/\\\/eveready.com\\\/eu\\\/switzerland\\\/product\\\/eveready-floating-flashlight\\\/\",\"url\":\"https:\\\/\\\/eveready.com\\\/eu\\\/switzerland\\\/product\\\/eveready-floating-flashlight\\\/\",\"name\":\"Eveready\u00ae FLOATING FLASHLIGHT - Switzerland FR\",\"isPartOf\":{\"@id\":\"https:\\\/\\\/eveready.com\\\/eu\\\/switzerland\\\/#website\"},\"primaryImageOfPage\":{\"@id\":\"https:\\\/\\\/eveready.com\\\/eu\\\/switzerland\\\/product\\\/eveready-floating-flashlight\\\/#primaryimage\"},\"image\":{\"@id\":\"https:\\\/\\\/eveready.com\\\/eu\\\/switzerland\\\/product\\\/eveready-floating-flashlight\\\/#primaryimage\"},\"thumbnailUrl\":\"https:\\\/\\\/eveready.com\\\/eu\\\/switzerland\\\/wp-content\\\/uploads\\\/sites\\\/17\\\/2025\\\/11\\\/Eveready\u00ae-FLOATING-FLASHLIGHT.png\",\"datePublished\":\"2026-03-30T12:34:04+00:00\",\"dateModified\":\"2026-04-07T12:52:18+00:00\",\"breadcrumb\":{\"@id\":\"https:\\\/\\\/eveready.com\\\/eu\\\/switzerland\\\/product\\\/eveready-floating-flashlight\\\/#breadcrumb\"},\"inLanguage\":\"en-US\",\"potentialAction\":[{\"@type\":\"ReadAction\",\"target\":[\"https:\\\/\\\/eveready.com\\\/eu\\\/switzerland\\\/product\\\/eveready-floating-flashlight\\\/\"]}]},{\"@type\":\"ImageObject\",\"inLanguage\":\"en-US\",\"@id\":\"https:\\\/\\\/eveready.com\\\/eu\\\/switzerland\\\/product\\\/eveready-floating-flashlight\\\/#primaryimage\",\"url\":\"https:\\\/\\\/eveready.com\\\/eu\\\/switzerland\\\/wp-content\\\/uploads\\\/sites\\\/17\\\/2025\\\/11\\\/Eveready\u00ae-FLOATING-FLASHLIGHT.png\",\"contentUrl\":\"https:\\\/\\\/eveready.com\\\/eu\\\/switzerland\\\/wp-content\\\/uploads\\\/sites\\\/17\\\/2025\\\/11\\\/Eveready\u00ae-FLOATING-FLASHLIGHT.png\",\"width\":800,\"height\":800},{\"@type\":\"BreadcrumbList\",\"@id\":\"https:\\\/\\\/eveready.com\\\/eu\\\/switzerland\\\/product\\\/eveready-floating-flashlight\\\/#breadcrumb\",\"itemListElement\":[{\"@type\":\"ListItem\",\"position\":1,\"name\":\"Home\",\"item\":\"https:\\\/\\\/eveready.com\\\/eu\\\/switzerland\\\/\"},{\"@type\":\"ListItem\",\"position\":2,\"name\":\"Products\",\"item\":\"https:\\\/\\\/eveready.com\\\/eu\\\/switzerland\\\/shop\\\/\"},{\"@type\":\"ListItem\",\"position\":3,\"name\":\"Eveready\u00ae FLOATING FLASHLIGHT\"}]},{\"@type\":\"WebSite\",\"@id\":\"https:\\\/\\\/eveready.com\\\/eu\\\/switzerland\\\/#website\",\"url\":\"https:\\\/\\\/eveready.com\\\/eu\\\/switzerland\\\/\",\"name\":\"Switzerland FR\",\"description\":\"\",\"publisher\":{\"@id\":\"https:\\\/\\\/eveready.com\\\/eu\\\/switzerland\\\/#organization\"},\"potentialAction\":[{\"@type\":\"SearchAction\",\"target\":{\"@type\":\"EntryPoint\",\"urlTemplate\":\"https:\\\/\\\/eveready.com\\\/eu\\\/switzerland\\\/?s={search_term_string}\"},\"query-input\":{\"@type\":\"PropertyValueSpecification\",\"valueRequired\":true,\"valueName\":\"search_term_string\"}}],\"inLanguage\":\"en-US\"},{\"@type\":\"Organization\",\"@id\":\"https:\\\/\\\/eveready.com\\\/eu\\\/switzerland\\\/#organization\",\"name\":\"Switzerland FR\",\"url\":\"https:\\\/\\\/eveready.com\\\/eu\\\/switzerland\\\/\",\"logo\":{\"@type\":\"ImageObject\",\"inLanguage\":\"en-US\",\"@id\":\"https:\\\/\\\/eveready.com\\\/eu\\\/switzerland\\\/#\\\/schema\\\/logo\\\/image\\\/\",\"url\":\"https:\\\/\\\/eveready.com\\\/eu\\\/switzerland\\\/wp-content\\\/uploads\\\/sites\\\/17\\\/2025\\\/08\\\/logo-eveready.png\",\"contentUrl\":\"https:\\\/\\\/eveready.com\\\/eu\\\/switzerland\\\/wp-content\\\/uploads\\\/sites\\\/17\\\/2025\\\/08\\\/logo-eveready.png\",\"width\":855,\"height\":220,\"caption\":\"Switzerland FR\"},\"image\":{\"@id\":\"https:\\\/\\\/eveready.com\\\/eu\\\/switzerland\\\/#\\\/schema\\\/logo\\\/image\\\/\"}}]}<\/script>\n<!-- \/ Yoast SEO plugin. -->","yoast_head_json":{"title":"Eveready\u00ae FLOATING FLASHLIGHT - Switzerland FR","robots":{"index":"index","follow":"follow","max-snippet":"max-snippet:-1","max-image-preview":"max-image-preview:large","max-video-preview":"max-video-preview:-1"},"canonical":"https:\/\/eveready.com\/eu\/switzerland\/product\/eveready-floating-flashlight\/","og_locale":"en_US","og_type":"article","og_title":"Eveready\u00ae FLOATING FLASHLIGHT - Switzerland FR","og_description":"Le segment de l'\u00e9clairage portatif manuel est le plus important et celui qui conna\u00eet la plus forte croissance. Il s'adresse aux consommateurs \u00e9conomes \u00e0 la recherche de lampes flottantes et \u00e9tanches, particuli\u00e8rement dans les r\u00e9gions sujettes aux intemp\u00e9ries et aux inondations.","og_url":"https:\/\/eveready.com\/eu\/switzerland\/product\/eveready-floating-flashlight\/","og_site_name":"Switzerland FR","article_modified_time":"2026-04-07T12:52:18+00:00","og_image":[{"width":800,"height":800,"url":"https:\/\/eveready.com\/eu\/switzerland\/wp-content\/uploads\/sites\/17\/2025\/11\/Eveready\u00ae-FLOATING-FLASHLIGHT.png","type":"image\/png"}],"twitter_card":"summary_large_image","schema":{"@context":"https:\/\/schema.org","@graph":[{"@type":"WebPage","@id":"https:\/\/eveready.com\/eu\/switzerland\/product\/eveready-floating-flashlight\/","url":"https:\/\/eveready.com\/eu\/switzerland\/product\/eveready-floating-flashlight\/","name":"Eveready\u00ae FLOATING FLASHLIGHT - Switzerland FR","isPartOf":{"@id":"https:\/\/eveready.com\/eu\/switzerland\/#website"},"primaryImageOfPage":{"@id":"https:\/\/eveready.com\/eu\/switzerland\/product\/eveready-floating-flashlight\/#primaryimage"},"image":{"@id":"https:\/\/eveready.com\/eu\/switzerland\/product\/eveready-floating-flashlight\/#primaryimage"},"thumbnailUrl":"https:\/\/eveready.com\/eu\/switzerland\/wp-content\/uploads\/sites\/17\/2025\/11\/Eveready\u00ae-FLOATING-FLASHLIGHT.png","datePublished":"2026-03-30T12:34:04+00:00","dateModified":"2026-04-07T12:52:18+00:00","breadcrumb":{"@id":"https:\/\/eveready.com\/eu\/switzerland\/product\/eveready-floating-flashlight\/#breadcrumb"},"inLanguage":"en-US","potentialAction":[{"@type":"ReadAction","target":["https:\/\/eveready.com\/eu\/switzerland\/product\/eveready-floating-flashlight\/"]}]},{"@type":"ImageObject","inLanguage":"en-US","@id":"https:\/\/eveready.com\/eu\/switzerland\/product\/eveready-floating-flashlight\/#primaryimage","url":"https:\/\/eveready.com\/eu\/switzerland\/wp-content\/uploads\/sites\/17\/2025\/11\/Eveready\u00ae-FLOATING-FLASHLIGHT.png","contentUrl":"https:\/\/eveready.com\/eu\/switzerland\/wp-content\/uploads\/sites\/17\/2025\/11\/Eveready\u00ae-FLOATING-FLASHLIGHT.png","width":800,"height":800},{"@type":"BreadcrumbList","@id":"https:\/\/eveready.com\/eu\/switzerland\/product\/eveready-floating-flashlight\/#breadcrumb","itemListElement":[{"@type":"ListItem","position":1,"name":"Home","item":"https:\/\/eveready.com\/eu\/switzerland\/"},{"@type":"ListItem","position":2,"name":"Products","item":"https:\/\/eveready.com\/eu\/switzerland\/shop\/"},{"@type":"ListItem","position":3,"name":"Eveready\u00ae FLOATING FLASHLIGHT"}]},{"@type":"WebSite","@id":"https:\/\/eveready.com\/eu\/switzerland\/#website","url":"https:\/\/eveready.com\/eu\/switzerland\/","name":"Switzerland FR","description":"","publisher":{"@id":"https:\/\/eveready.com\/eu\/switzerland\/#organization"},"potentialAction":[{"@type":"SearchAction","target":{"@type":"EntryPoint","urlTemplate":"https:\/\/eveready.com\/eu\/switzerland\/?s={search_term_string}"},"query-input":{"@type":"PropertyValueSpecification","valueRequired":true,"valueName":"search_term_string"}}],"inLanguage":"en-US"},{"@type":"Organization","@id":"https:\/\/eveready.com\/eu\/switzerland\/#organization","name":"Switzerland FR","url":"https:\/\/eveready.com\/eu\/switzerland\/","logo":{"@type":"ImageObject","inLanguage":"en-US","@id":"https:\/\/eveready.com\/eu\/switzerland\/#\/schema\/logo\/image\/","url":"https:\/\/eveready.com\/eu\/switzerland\/wp-content\/uploads\/sites\/17\/2025\/08\/logo-eveready.png","contentUrl":"https:\/\/eveready.com\/eu\/switzerland\/wp-content\/uploads\/sites\/17\/2025\/08\/logo-eveready.png","width":855,"height":220,"caption":"Switzerland FR"},"image":{"@id":"https:\/\/eveready.com\/eu\/switzerland\/#\/schema\/logo\/image\/"}}]}},"acf":[],"_links":{"self":[{"href":"https:\/\/eveready.com\/eu\/switzerland\/wp-json\/wp\/v2\/product\/5353","targetHints":{"allow":["GET"]}}],"collection":[{"href":"https:\/\/eveready.com\/eu\/switzerland\/wp-json\/wp\/v2\/product"}],"about":[{"href":"https:\/\/eveready.com\/eu\/switzerland\/wp-json\/wp\/v2\/types\/product"}],"replies":[{"embeddable":true,"href":"https:\/\/eveready.com\/eu\/switzerland\/wp-json\/wp\/v2\/comments?post=5353"}],"wp:featuredmedia":[{"embeddable":true,"href":"https:\/\/eveready.com\/eu\/switzerland\/wp-json\/wp\/v2\/media\/4695"}],"wp:attachment":[{"href":"https:\/\/eveready.com\/eu\/switzerland\/wp-json\/wp\/v2\/media?parent=5353"}],"wp:term":[{"taxonomy":"product_brand","embeddable":true,"href":"https:\/\/eveready.com\/eu\/switzerland\/wp-json\/wp\/v2\/product_brand?post=5353"},{"taxonomy":"product_cat","embeddable":true,"href":"https:\/\/eveready.com\/eu\/switzerland\/wp-json\/wp\/v2\/product_cat?post=5353"},{"taxonomy":"product_tag","embeddable":true,"href":"https:\/\/eveready.com\/eu\/switzerland\/wp-json\/wp\/v2\/product_tag?post=5353"}],"curies":[{"name":"wp","href":"https:\/\/api.w.org\/{rel}","templated":true}]}}