{"id":90,"date":"2025-08-25T02:03:56","date_gmt":"2025-08-25T06:03:56","guid":{"rendered":"https:\/\/4575d4bec0.nxcli.io\/apac\/australia\/?page_id=90"},"modified":"2026-03-23T04:13:45","modified_gmt":"2026-03-23T08:13:45","slug":"about-eveready","status":"publish","type":"page","link":"https:\/\/eveready.com\/lat\/argentina\/about-eveready\/","title":{"rendered":"Qui\u00e9nes somos"},"content":{"rendered":"\t\t<div data-elementor-type=\"wp-page\" data-elementor-id=\"90\" class=\"elementor elementor-90\" data-elementor-post-type=\"page\">\n\t\t\t\t<div class=\"elementor-element elementor-element-94c7a90 e-flex e-con-boxed e-con e-parent\" data-id=\"94c7a90\" data-element_type=\"container\" data-e-type=\"container\">\n\t\t\t\t\t<div class=\"e-con-inner\">\n\t\t<div class=\"elementor-element elementor-element-8e6b2bb e-con-full e-flex e-con e-child\" data-id=\"8e6b2bb\" data-element_type=\"container\" data-e-type=\"container\">\n\t\t\t\t<div class=\"elementor-element elementor-element-ce945d9 elementor-widget elementor-widget-image\" data-id=\"ce945d9\" data-element_type=\"widget\" data-e-type=\"widget\" data-widget_type=\"image.default\">\n\t\t\t\t\t\t\t\t\t\t\t\t\t\t\t<img fetchpriority=\"high\" decoding=\"async\" width=\"1500\" height=\"650\" src=\"https:\/\/eveready.com\/lat\/argentina\/wp-content\/uploads\/sites\/6\/2025\/09\/subbanner.png\" class=\"attachment-full size-full wp-image-3648\" alt=\"\" srcset=\"https:\/\/eveready.com\/lat\/argentina\/wp-content\/uploads\/sites\/6\/2025\/09\/subbanner.png 1500w, https:\/\/eveready.com\/lat\/argentina\/wp-content\/uploads\/sites\/6\/2025\/09\/subbanner-300x130.png 300w, https:\/\/eveready.com\/lat\/argentina\/wp-content\/uploads\/sites\/6\/2025\/09\/subbanner-1024x444.png 1024w, https:\/\/eveready.com\/lat\/argentina\/wp-content\/uploads\/sites\/6\/2025\/09\/subbanner-150x65.png 150w, https:\/\/eveready.com\/lat\/argentina\/wp-content\/uploads\/sites\/6\/2025\/09\/subbanner-768x333.png 768w, https:\/\/eveready.com\/lat\/argentina\/wp-content\/uploads\/sites\/6\/2025\/09\/subbanner-600x260.png 600w\" sizes=\"(max-width: 1500px) 100vw, 1500px\" \/>\t\t\t\t\t\t\t\t\t\t\t\t\t\t\t<\/div>\n\t\t<div class=\"elementor-element elementor-element-5d4faa3 e-con-full e-flex e-con e-child\" data-id=\"5d4faa3\" data-element_type=\"container\" data-e-type=\"container\">\n\t\t\t\t<div class=\"elementor-element elementor-element-a2924f9 yellow-heading elementor-widget elementor-widget-heading\" data-id=\"a2924f9\" data-element_type=\"widget\" data-e-type=\"widget\" data-widget_type=\"heading.default\">\n\t\t\t\t\t<h2 class=\"elementor-heading-title elementor-size-default\">QUI\u00c9NES <\/h2>\t\t\t\t<\/div>\n\t\t\t\t<div class=\"elementor-element elementor-element-6d8b7b8 elementor-widget-divider--view-line elementor-widget elementor-widget-divider\" data-id=\"6d8b7b8\" data-element_type=\"widget\" data-e-type=\"widget\" data-widget_type=\"divider.default\">\n\t\t\t\t\t\t\t<div class=\"elementor-divider\">\n\t\t\t<span class=\"elementor-divider-separator\">\n\t\t\t\t\t\t<\/span>\n\t\t<\/div>\n\t\t\t\t\t\t<\/div>\n\t\t\t\t<div class=\"elementor-element elementor-element-00f7dbb white-heading elementor-widget elementor-widget-heading\" data-id=\"00f7dbb\" data-element_type=\"widget\" data-e-type=\"widget\" data-widget_type=\"heading.default\">\n\t\t\t\t\t<h2 class=\"elementor-heading-title elementor-size-default\">SOMOS<\/h2>\t\t\t\t<\/div>\n\t\t\t\t<\/div>\n\t\t\t\t<\/div>\n\t\t\t\t\t<\/div>\n\t\t\t\t<\/div>\n\t\t<div class=\"elementor-element elementor-element-df6d546 e-flex e-con-boxed e-con e-parent\" data-id=\"df6d546\" data-element_type=\"container\" data-e-type=\"container\">\n\t\t\t\t\t<div class=\"e-con-inner\">\n\t\t\t\t<div class=\"elementor-element elementor-element-c39dae1 elementor-widget elementor-widget-text-editor\" data-id=\"c39dae1\" data-element_type=\"widget\" data-e-type=\"widget\" data-widget_type=\"text-editor.default\">\n\t\t\t\t\t\t\t\t\t<p>EVEREADY comenz\u00f3 a principios del siglo XX, cuando la American Eveready Company, desarrolladora de la linterna, se uni\u00f3 a la National Carbon Company, creadora de la primera bater\u00eda seca de tama\u00f1o D. En 1907, Eveready anunci\u00f3 una nueva bater\u00eda \u2014el tama\u00f1o AA\u2014 e introdujo varios estilos de linternas de bolsillo compactas que utilizaban esta nueva bater\u00eda. La innovaci\u00f3n continu\u00f3 a lo largo de los a\u00f1os con el desarrollo de la bater\u00eda AAA en 1911, la primera bater\u00eda de 9 voltios en 1956 y la primera bater\u00eda alcalina en 1957. Desde entonces, las familias han utilizado las bater\u00edas EVEREADY para alimentar sus juguetes, relojes y otros dispositivos cotidianos. El nombre EVEREADY sigue siendo sin\u00f3nimo de confianza y confiabilidad.<\/p>\t\t\t\t\t\t\t\t<\/div>\n\t\t\t\t\t<\/div>\n\t\t\t\t<\/div>\n\t\t\t\t<\/div>\n\t\t","protected":false},"excerpt":{"rendered":"<p>QUI\u00c9NES SOMOS EVEREADY comenz\u00f3 a principios del siglo XX, cuando la American Eveready Company, desarrolladora de la linterna, se uni\u00f3 a la National Carbon Company, creadora de la primera bater\u00eda seca de tama\u00f1o D. En 1907, Eveready anunci\u00f3 una nueva bater\u00eda \u2014el tama\u00f1o AA\u2014 e introdujo varios estilos de linternas de bolsillo compactas que utilizaban [&hellip;]<\/p>\n","protected":false},"author":1,"featured_media":0,"parent":0,"menu_order":0,"comment_status":"closed","ping_status":"closed","template":"","meta":{"_acf_changed":false,"footnotes":""},"class_list":["post-90","page","type-page","status-publish","hentry"],"yoast_head":"<!-- This site is optimized with the Yoast SEO plugin v27.4 - https:\/\/yoast.com\/product\/yoast-seo-wordpress\/ -->\n<title>Qui\u00e9nes somos - Eveready Argentina<\/title>\n<meta name=\"robots\" content=\"index, follow, max-snippet:-1, max-image-preview:large, max-video-preview:-1\" \/>\n<link rel=\"canonical\" href=\"https:\/\/eveready.com\/lat\/argentina\/about-eveready\/\" \/>\n<meta property=\"og:locale\" content=\"en_US\" \/>\n<meta property=\"og:type\" content=\"article\" \/>\n<meta property=\"og:title\" content=\"Qui\u00e9nes somos - Eveready Argentina\" \/>\n<meta property=\"og:description\" content=\"QUI\u00c9NES SOMOS EVEREADY comenz\u00f3 a principios del siglo XX, cuando la American Eveready Company, desarrolladora de la linterna, se uni\u00f3 a la National Carbon Company, creadora de la primera bater\u00eda seca de tama\u00f1o D. En 1907, Eveready anunci\u00f3 una nueva bater\u00eda \u2014el tama\u00f1o AA\u2014 e introdujo varios estilos de linternas de bolsillo compactas que utilizaban [&hellip;]\" \/>\n<meta property=\"og:url\" content=\"https:\/\/eveready.com\/lat\/argentina\/about-eveready\/\" \/>\n<meta property=\"og:site_name\" content=\"Eveready Argentina\" \/>\n<meta property=\"article:modified_time\" content=\"2026-03-23T08:13:45+00:00\" \/>\n<meta property=\"og:image\" content=\"https:\/\/eveready.com\/lat\/argentina\/wp-content\/uploads\/sites\/6\/2025\/09\/subbanner.png\" \/>\n\t<meta property=\"og:image:width\" content=\"1500\" \/>\n\t<meta property=\"og:image:height\" content=\"650\" \/>\n\t<meta property=\"og:image:type\" content=\"image\/png\" \/>\n<meta name=\"twitter:card\" content=\"summary_large_image\" \/>\n<meta name=\"twitter:label1\" content=\"Est. reading time\" \/>\n\t<meta name=\"twitter:data1\" content=\"1 minute\" \/>\n<script type=\"application\/ld+json\" class=\"yoast-schema-graph\">{\"@context\":\"https:\\\/\\\/schema.org\",\"@graph\":[{\"@type\":\"WebPage\",\"@id\":\"https:\\\/\\\/eveready.com\\\/lat\\\/argentina\\\/about-eveready\\\/\",\"url\":\"https:\\\/\\\/eveready.com\\\/lat\\\/argentina\\\/about-eveready\\\/\",\"name\":\"Qui\u00e9nes somos - Eveready Argentina\",\"isPartOf\":{\"@id\":\"https:\\\/\\\/eveready.com\\\/lat\\\/argentina\\\/#website\"},\"primaryImageOfPage\":{\"@id\":\"https:\\\/\\\/eveready.com\\\/lat\\\/argentina\\\/about-eveready\\\/#primaryimage\"},\"image\":{\"@id\":\"https:\\\/\\\/eveready.com\\\/lat\\\/argentina\\\/about-eveready\\\/#primaryimage\"},\"thumbnailUrl\":\"https:\\\/\\\/eveready.com\\\/lat\\\/argentina\\\/wp-content\\\/uploads\\\/sites\\\/6\\\/2025\\\/09\\\/subbanner.png\",\"datePublished\":\"2025-08-25T06:03:56+00:00\",\"dateModified\":\"2026-03-23T08:13:45+00:00\",\"breadcrumb\":{\"@id\":\"https:\\\/\\\/eveready.com\\\/lat\\\/argentina\\\/about-eveready\\\/#breadcrumb\"},\"inLanguage\":\"en-US\",\"potentialAction\":[{\"@type\":\"ReadAction\",\"target\":[\"https:\\\/\\\/eveready.com\\\/lat\\\/argentina\\\/about-eveready\\\/\"]}]},{\"@type\":\"ImageObject\",\"inLanguage\":\"en-US\",\"@id\":\"https:\\\/\\\/eveready.com\\\/lat\\\/argentina\\\/about-eveready\\\/#primaryimage\",\"url\":\"https:\\\/\\\/eveready.com\\\/lat\\\/argentina\\\/wp-content\\\/uploads\\\/sites\\\/6\\\/2025\\\/09\\\/subbanner.png\",\"contentUrl\":\"https:\\\/\\\/eveready.com\\\/lat\\\/argentina\\\/wp-content\\\/uploads\\\/sites\\\/6\\\/2025\\\/09\\\/subbanner.png\",\"width\":1500,\"height\":650},{\"@type\":\"BreadcrumbList\",\"@id\":\"https:\\\/\\\/eveready.com\\\/lat\\\/argentina\\\/about-eveready\\\/#breadcrumb\",\"itemListElement\":[{\"@type\":\"ListItem\",\"position\":1,\"name\":\"Home\",\"item\":\"https:\\\/\\\/eveready.com\\\/lat\\\/argentina\\\/\"},{\"@type\":\"ListItem\",\"position\":2,\"name\":\"Qui\u00e9nes somos\"}]},{\"@type\":\"WebSite\",\"@id\":\"https:\\\/\\\/eveready.com\\\/lat\\\/argentina\\\/#website\",\"url\":\"https:\\\/\\\/eveready.com\\\/lat\\\/argentina\\\/\",\"name\":\"Eveready Argentina\",\"description\":\"\",\"publisher\":{\"@id\":\"https:\\\/\\\/eveready.com\\\/lat\\\/argentina\\\/#organization\"},\"potentialAction\":[{\"@type\":\"SearchAction\",\"target\":{\"@type\":\"EntryPoint\",\"urlTemplate\":\"https:\\\/\\\/eveready.com\\\/lat\\\/argentina\\\/?s={search_term_string}\"},\"query-input\":{\"@type\":\"PropertyValueSpecification\",\"valueRequired\":true,\"valueName\":\"search_term_string\"}}],\"inLanguage\":\"en-US\"},{\"@type\":\"Organization\",\"@id\":\"https:\\\/\\\/eveready.com\\\/lat\\\/argentina\\\/#organization\",\"name\":\"Eveready Argentina\",\"url\":\"https:\\\/\\\/eveready.com\\\/lat\\\/argentina\\\/\",\"logo\":{\"@type\":\"ImageObject\",\"inLanguage\":\"en-US\",\"@id\":\"https:\\\/\\\/eveready.com\\\/lat\\\/argentina\\\/#\\\/schema\\\/logo\\\/image\\\/\",\"url\":\"https:\\\/\\\/eveready.com\\\/lat\\\/argentina\\\/wp-content\\\/uploads\\\/sites\\\/6\\\/2025\\\/08\\\/logo-eveready.png\",\"contentUrl\":\"https:\\\/\\\/eveready.com\\\/lat\\\/argentina\\\/wp-content\\\/uploads\\\/sites\\\/6\\\/2025\\\/08\\\/logo-eveready.png\",\"width\":855,\"height\":220,\"caption\":\"Eveready Argentina\"},\"image\":{\"@id\":\"https:\\\/\\\/eveready.com\\\/lat\\\/argentina\\\/#\\\/schema\\\/logo\\\/image\\\/\"}}]}<\/script>\n<!-- \/ Yoast SEO plugin. -->","yoast_head_json":{"title":"Qui\u00e9nes somos - Eveready Argentina","robots":{"index":"index","follow":"follow","max-snippet":"max-snippet:-1","max-image-preview":"max-image-preview:large","max-video-preview":"max-video-preview:-1"},"canonical":"https:\/\/eveready.com\/lat\/argentina\/about-eveready\/","og_locale":"en_US","og_type":"article","og_title":"Qui\u00e9nes somos - Eveready Argentina","og_description":"QUI\u00c9NES SOMOS EVEREADY comenz\u00f3 a principios del siglo XX, cuando la American Eveready Company, desarrolladora de la linterna, se uni\u00f3 a la National Carbon Company, creadora de la primera bater\u00eda seca de tama\u00f1o D. En 1907, Eveready anunci\u00f3 una nueva bater\u00eda \u2014el tama\u00f1o AA\u2014 e introdujo varios estilos de linternas de bolsillo compactas que utilizaban [&hellip;]","og_url":"https:\/\/eveready.com\/lat\/argentina\/about-eveready\/","og_site_name":"Eveready Argentina","article_modified_time":"2026-03-23T08:13:45+00:00","og_image":[{"width":1500,"height":650,"url":"https:\/\/eveready.com\/lat\/argentina\/wp-content\/uploads\/sites\/6\/2025\/09\/subbanner.png","type":"image\/png"}],"twitter_card":"summary_large_image","twitter_misc":{"Est. reading time":"1 minute"},"schema":{"@context":"https:\/\/schema.org","@graph":[{"@type":"WebPage","@id":"https:\/\/eveready.com\/lat\/argentina\/about-eveready\/","url":"https:\/\/eveready.com\/lat\/argentina\/about-eveready\/","name":"Qui\u00e9nes somos - Eveready Argentina","isPartOf":{"@id":"https:\/\/eveready.com\/lat\/argentina\/#website"},"primaryImageOfPage":{"@id":"https:\/\/eveready.com\/lat\/argentina\/about-eveready\/#primaryimage"},"image":{"@id":"https:\/\/eveready.com\/lat\/argentina\/about-eveready\/#primaryimage"},"thumbnailUrl":"https:\/\/eveready.com\/lat\/argentina\/wp-content\/uploads\/sites\/6\/2025\/09\/subbanner.png","datePublished":"2025-08-25T06:03:56+00:00","dateModified":"2026-03-23T08:13:45+00:00","breadcrumb":{"@id":"https:\/\/eveready.com\/lat\/argentina\/about-eveready\/#breadcrumb"},"inLanguage":"en-US","potentialAction":[{"@type":"ReadAction","target":["https:\/\/eveready.com\/lat\/argentina\/about-eveready\/"]}]},{"@type":"ImageObject","inLanguage":"en-US","@id":"https:\/\/eveready.com\/lat\/argentina\/about-eveready\/#primaryimage","url":"https:\/\/eveready.com\/lat\/argentina\/wp-content\/uploads\/sites\/6\/2025\/09\/subbanner.png","contentUrl":"https:\/\/eveready.com\/lat\/argentina\/wp-content\/uploads\/sites\/6\/2025\/09\/subbanner.png","width":1500,"height":650},{"@type":"BreadcrumbList","@id":"https:\/\/eveready.com\/lat\/argentina\/about-eveready\/#breadcrumb","itemListElement":[{"@type":"ListItem","position":1,"name":"Home","item":"https:\/\/eveready.com\/lat\/argentina\/"},{"@type":"ListItem","position":2,"name":"Qui\u00e9nes somos"}]},{"@type":"WebSite","@id":"https:\/\/eveready.com\/lat\/argentina\/#website","url":"https:\/\/eveready.com\/lat\/argentina\/","name":"Eveready Argentina","description":"","publisher":{"@id":"https:\/\/eveready.com\/lat\/argentina\/#organization"},"potentialAction":[{"@type":"SearchAction","target":{"@type":"EntryPoint","urlTemplate":"https:\/\/eveready.com\/lat\/argentina\/?s={search_term_string}"},"query-input":{"@type":"PropertyValueSpecification","valueRequired":true,"valueName":"search_term_string"}}],"inLanguage":"en-US"},{"@type":"Organization","@id":"https:\/\/eveready.com\/lat\/argentina\/#organization","name":"Eveready Argentina","url":"https:\/\/eveready.com\/lat\/argentina\/","logo":{"@type":"ImageObject","inLanguage":"en-US","@id":"https:\/\/eveready.com\/lat\/argentina\/#\/schema\/logo\/image\/","url":"https:\/\/eveready.com\/lat\/argentina\/wp-content\/uploads\/sites\/6\/2025\/08\/logo-eveready.png","contentUrl":"https:\/\/eveready.com\/lat\/argentina\/wp-content\/uploads\/sites\/6\/2025\/08\/logo-eveready.png","width":855,"height":220,"caption":"Eveready Argentina"},"image":{"@id":"https:\/\/eveready.com\/lat\/argentina\/#\/schema\/logo\/image\/"}}]}},"acf":[],"_links":{"self":[{"href":"https:\/\/eveready.com\/lat\/argentina\/wp-json\/wp\/v2\/pages\/90","targetHints":{"allow":["GET"]}}],"collection":[{"href":"https:\/\/eveready.com\/lat\/argentina\/wp-json\/wp\/v2\/pages"}],"about":[{"href":"https:\/\/eveready.com\/lat\/argentina\/wp-json\/wp\/v2\/types\/page"}],"author":[{"embeddable":true,"href":"https:\/\/eveready.com\/lat\/argentina\/wp-json\/wp\/v2\/users\/1"}],"replies":[{"embeddable":true,"href":"https:\/\/eveready.com\/lat\/argentina\/wp-json\/wp\/v2\/comments?post=90"}],"version-history":[{"count":7,"href":"https:\/\/eveready.com\/lat\/argentina\/wp-json\/wp\/v2\/pages\/90\/revisions"}],"predecessor-version":[{"id":5599,"href":"https:\/\/eveready.com\/lat\/argentina\/wp-json\/wp\/v2\/pages\/90\/revisions\/5599"}],"wp:attachment":[{"href":"https:\/\/eveready.com\/lat\/argentina\/wp-json\/wp\/v2\/media?parent=90"}],"curies":[{"name":"wp","href":"https:\/\/api.w.org\/{rel}","templated":true}]}}