{"id":4692,"date":"2025-12-10T00:38:49","date_gmt":"2025-12-10T05:38:49","guid":{"rendered":"https:\/\/eveready.com\/lat\/argentina\/?post_type=product&#038;p=4692"},"modified":"2026-03-23T02:35:40","modified_gmt":"2026-03-23T06:35:40","slug":"eveready-super-heavy-duty-d","status":"publish","type":"product","link":"https:\/\/eveready.com\/lat\/argentina\/product\/eveready-super-heavy-duty-d\/","title":{"rendered":"Eveready\u00ae Super Heavy Duty\u2122 D"},"content":{"rendered":"<p><strong>Caracter\u00edsticas y Beneficios<\/strong><\/p>\n<ul>\n<li>Paquete de 2 bater\u00edas Eveready\u00ae Super Heavy Duty\u2122 D, zinc-carb\u00f3n<\/li>\n<li>Energ\u00eda confiable para relojes, linternas, radios, y otros dispositivos<\/li>\n<li>Resistencia contra derrames garantizada*<\/li>\n<li>Lista para usar hasta 3 a\u00f1os cuando no esta en uso<\/li>\n<li>Sello de Calidad para Energ\u00eda Confiable<\/li>\n<\/ul>\n<p>*basado en pruebas de servicio estandar de IEC<\/p>\n","protected":false},"excerpt":{"rendered":"<p>EVEREADY\u00ae Super Heavy Duty\u2122 es la soluci\u00f3n de zinc-carb\u00f3n econ\u00f3mica que brinda energ\u00eda para las necesidades b\u00e1sicas de tu familia. La l\u00ednea EVEREADY\u00ae Super Heavy Duty\u2122 ofrece una gama completa de bater\u00edas AA, AAA, C, D y bater\u00edas de linterna de 9V, siendo una opci\u00f3n accesible para relojes, linternas, radios y otros dispositivos de bajo consumo. Desde 1896, las bater\u00edas EVEREADY\u00ae han proporcionado energ\u00eda port\u00e1til confiable. Para cada familia, en cualquier lugar, todos los d\u00edas. EVEREADY\u00ae para la vida.<\/p>\n","protected":false},"featured_media":4693,"comment_status":"open","ping_status":"closed","template":"","meta":{"_acf_changed":false},"product_brand":[],"product_cat":[36,38],"product_tag":[],"class_list":{"0":"post-4692","1":"product","2":"type-product","3":"status-publish","4":"has-post-thumbnail","6":"product_cat-batteries","7":"product_cat-eveready-super-heavy-duty","9":"first","10":"instock","11":"shipping-taxable","12":"product-type-simple"},"yoast_head":"<!-- This site is optimized with the Yoast SEO plugin v27.4 - https:\/\/yoast.com\/product\/yoast-seo-wordpress\/ -->\n<title>Eveready\u00ae Super Heavy Duty\u2122 D - Eveready Argentina<\/title>\n<meta name=\"robots\" content=\"index, follow, max-snippet:-1, max-image-preview:large, max-video-preview:-1\" \/>\n<link rel=\"canonical\" href=\"https:\/\/eveready.com\/lat\/argentina\/product\/eveready-super-heavy-duty-d\/\" \/>\n<meta property=\"og:locale\" content=\"en_US\" \/>\n<meta property=\"og:type\" content=\"article\" \/>\n<meta property=\"og:title\" content=\"Eveready\u00ae Super Heavy Duty\u2122 D - Eveready Argentina\" \/>\n<meta property=\"og:description\" content=\"EVEREADY\u00ae Super Heavy Duty\u2122 es la soluci\u00f3n de zinc-carb\u00f3n econ\u00f3mica que brinda energ\u00eda para las necesidades b\u00e1sicas de tu familia. La l\u00ednea EVEREADY\u00ae Super Heavy Duty\u2122 ofrece una gama completa de bater\u00edas AA, AAA, C, D y bater\u00edas de linterna de 9V, siendo una opci\u00f3n accesible para relojes, linternas, radios y otros dispositivos de bajo consumo. Desde 1896, las bater\u00edas EVEREADY\u00ae han proporcionado energ\u00eda port\u00e1til confiable. Para cada familia, en cualquier lugar, todos los d\u00edas. EVEREADY\u00ae para la vida.\" \/>\n<meta property=\"og:url\" content=\"https:\/\/eveready.com\/lat\/argentina\/product\/eveready-super-heavy-duty-d\/\" \/>\n<meta property=\"og:site_name\" content=\"Eveready Argentina\" \/>\n<meta property=\"article:modified_time\" content=\"2026-03-23T06:35:40+00:00\" \/>\n<meta property=\"og:image\" content=\"https:\/\/eveready.com\/lat\/argentina\/wp-content\/uploads\/sites\/6\/2025\/12\/SHD-d2.png\" \/>\n\t<meta property=\"og:image:width\" content=\"800\" \/>\n\t<meta property=\"og:image:height\" content=\"800\" \/>\n\t<meta property=\"og:image:type\" content=\"image\/png\" \/>\n<meta name=\"twitter:card\" content=\"summary_large_image\" \/>\n<meta name=\"twitter:label1\" content=\"Est. reading time\" \/>\n\t<meta name=\"twitter:data1\" content=\"1 minute\" \/>\n<script type=\"application\/ld+json\" class=\"yoast-schema-graph\">{\"@context\":\"https:\\\/\\\/schema.org\",\"@graph\":[{\"@type\":\"WebPage\",\"@id\":\"https:\\\/\\\/eveready.com\\\/lat\\\/argentina\\\/product\\\/eveready-super-heavy-duty-d\\\/\",\"url\":\"https:\\\/\\\/eveready.com\\\/lat\\\/argentina\\\/product\\\/eveready-super-heavy-duty-d\\\/\",\"name\":\"Eveready\u00ae Super Heavy Duty\u2122 D - Eveready Argentina\",\"isPartOf\":{\"@id\":\"https:\\\/\\\/eveready.com\\\/lat\\\/argentina\\\/#website\"},\"primaryImageOfPage\":{\"@id\":\"https:\\\/\\\/eveready.com\\\/lat\\\/argentina\\\/product\\\/eveready-super-heavy-duty-d\\\/#primaryimage\"},\"image\":{\"@id\":\"https:\\\/\\\/eveready.com\\\/lat\\\/argentina\\\/product\\\/eveready-super-heavy-duty-d\\\/#primaryimage\"},\"thumbnailUrl\":\"https:\\\/\\\/eveready.com\\\/lat\\\/argentina\\\/wp-content\\\/uploads\\\/sites\\\/6\\\/2025\\\/12\\\/SHD-d2.png\",\"datePublished\":\"2025-12-10T05:38:49+00:00\",\"dateModified\":\"2026-03-23T06:35:40+00:00\",\"breadcrumb\":{\"@id\":\"https:\\\/\\\/eveready.com\\\/lat\\\/argentina\\\/product\\\/eveready-super-heavy-duty-d\\\/#breadcrumb\"},\"inLanguage\":\"en-US\",\"potentialAction\":[{\"@type\":\"ReadAction\",\"target\":[\"https:\\\/\\\/eveready.com\\\/lat\\\/argentina\\\/product\\\/eveready-super-heavy-duty-d\\\/\"]}]},{\"@type\":\"ImageObject\",\"inLanguage\":\"en-US\",\"@id\":\"https:\\\/\\\/eveready.com\\\/lat\\\/argentina\\\/product\\\/eveready-super-heavy-duty-d\\\/#primaryimage\",\"url\":\"https:\\\/\\\/eveready.com\\\/lat\\\/argentina\\\/wp-content\\\/uploads\\\/sites\\\/6\\\/2025\\\/12\\\/SHD-d2.png\",\"contentUrl\":\"https:\\\/\\\/eveready.com\\\/lat\\\/argentina\\\/wp-content\\\/uploads\\\/sites\\\/6\\\/2025\\\/12\\\/SHD-d2.png\",\"width\":800,\"height\":800},{\"@type\":\"BreadcrumbList\",\"@id\":\"https:\\\/\\\/eveready.com\\\/lat\\\/argentina\\\/product\\\/eveready-super-heavy-duty-d\\\/#breadcrumb\",\"itemListElement\":[{\"@type\":\"ListItem\",\"position\":1,\"name\":\"Home\",\"item\":\"https:\\\/\\\/eveready.com\\\/lat\\\/argentina\\\/\"},{\"@type\":\"ListItem\",\"position\":2,\"name\":\"Products\",\"item\":\"https:\\\/\\\/eveready.com\\\/lat\\\/argentina\\\/shop\\\/\"},{\"@type\":\"ListItem\",\"position\":3,\"name\":\"Eveready\u00ae Super Heavy Duty\u2122 D\"}]},{\"@type\":\"WebSite\",\"@id\":\"https:\\\/\\\/eveready.com\\\/lat\\\/argentina\\\/#website\",\"url\":\"https:\\\/\\\/eveready.com\\\/lat\\\/argentina\\\/\",\"name\":\"Eveready Argentina\",\"description\":\"\",\"publisher\":{\"@id\":\"https:\\\/\\\/eveready.com\\\/lat\\\/argentina\\\/#organization\"},\"potentialAction\":[{\"@type\":\"SearchAction\",\"target\":{\"@type\":\"EntryPoint\",\"urlTemplate\":\"https:\\\/\\\/eveready.com\\\/lat\\\/argentina\\\/?s={search_term_string}\"},\"query-input\":{\"@type\":\"PropertyValueSpecification\",\"valueRequired\":true,\"valueName\":\"search_term_string\"}}],\"inLanguage\":\"en-US\"},{\"@type\":\"Organization\",\"@id\":\"https:\\\/\\\/eveready.com\\\/lat\\\/argentina\\\/#organization\",\"name\":\"Eveready Argentina\",\"url\":\"https:\\\/\\\/eveready.com\\\/lat\\\/argentina\\\/\",\"logo\":{\"@type\":\"ImageObject\",\"inLanguage\":\"en-US\",\"@id\":\"https:\\\/\\\/eveready.com\\\/lat\\\/argentina\\\/#\\\/schema\\\/logo\\\/image\\\/\",\"url\":\"https:\\\/\\\/eveready.com\\\/lat\\\/argentina\\\/wp-content\\\/uploads\\\/sites\\\/6\\\/2025\\\/08\\\/logo-eveready.png\",\"contentUrl\":\"https:\\\/\\\/eveready.com\\\/lat\\\/argentina\\\/wp-content\\\/uploads\\\/sites\\\/6\\\/2025\\\/08\\\/logo-eveready.png\",\"width\":855,\"height\":220,\"caption\":\"Eveready Argentina\"},\"image\":{\"@id\":\"https:\\\/\\\/eveready.com\\\/lat\\\/argentina\\\/#\\\/schema\\\/logo\\\/image\\\/\"}}]}<\/script>\n<!-- \/ Yoast SEO plugin. -->","yoast_head_json":{"title":"Eveready\u00ae Super Heavy Duty\u2122 D - Eveready Argentina","robots":{"index":"index","follow":"follow","max-snippet":"max-snippet:-1","max-image-preview":"max-image-preview:large","max-video-preview":"max-video-preview:-1"},"canonical":"https:\/\/eveready.com\/lat\/argentina\/product\/eveready-super-heavy-duty-d\/","og_locale":"en_US","og_type":"article","og_title":"Eveready\u00ae Super Heavy Duty\u2122 D - Eveready Argentina","og_description":"EVEREADY\u00ae Super Heavy Duty\u2122 es la soluci\u00f3n de zinc-carb\u00f3n econ\u00f3mica que brinda energ\u00eda para las necesidades b\u00e1sicas de tu familia. La l\u00ednea EVEREADY\u00ae Super Heavy Duty\u2122 ofrece una gama completa de bater\u00edas AA, AAA, C, D y bater\u00edas de linterna de 9V, siendo una opci\u00f3n accesible para relojes, linternas, radios y otros dispositivos de bajo consumo. Desde 1896, las bater\u00edas EVEREADY\u00ae han proporcionado energ\u00eda port\u00e1til confiable. Para cada familia, en cualquier lugar, todos los d\u00edas. EVEREADY\u00ae para la vida.","og_url":"https:\/\/eveready.com\/lat\/argentina\/product\/eveready-super-heavy-duty-d\/","og_site_name":"Eveready Argentina","article_modified_time":"2026-03-23T06:35:40+00:00","og_image":[{"width":800,"height":800,"url":"https:\/\/eveready.com\/lat\/argentina\/wp-content\/uploads\/sites\/6\/2025\/12\/SHD-d2.png","type":"image\/png"}],"twitter_card":"summary_large_image","twitter_misc":{"Est. reading time":"1 minute"},"schema":{"@context":"https:\/\/schema.org","@graph":[{"@type":"WebPage","@id":"https:\/\/eveready.com\/lat\/argentina\/product\/eveready-super-heavy-duty-d\/","url":"https:\/\/eveready.com\/lat\/argentina\/product\/eveready-super-heavy-duty-d\/","name":"Eveready\u00ae Super Heavy Duty\u2122 D - Eveready Argentina","isPartOf":{"@id":"https:\/\/eveready.com\/lat\/argentina\/#website"},"primaryImageOfPage":{"@id":"https:\/\/eveready.com\/lat\/argentina\/product\/eveready-super-heavy-duty-d\/#primaryimage"},"image":{"@id":"https:\/\/eveready.com\/lat\/argentina\/product\/eveready-super-heavy-duty-d\/#primaryimage"},"thumbnailUrl":"https:\/\/eveready.com\/lat\/argentina\/wp-content\/uploads\/sites\/6\/2025\/12\/SHD-d2.png","datePublished":"2025-12-10T05:38:49+00:00","dateModified":"2026-03-23T06:35:40+00:00","breadcrumb":{"@id":"https:\/\/eveready.com\/lat\/argentina\/product\/eveready-super-heavy-duty-d\/#breadcrumb"},"inLanguage":"en-US","potentialAction":[{"@type":"ReadAction","target":["https:\/\/eveready.com\/lat\/argentina\/product\/eveready-super-heavy-duty-d\/"]}]},{"@type":"ImageObject","inLanguage":"en-US","@id":"https:\/\/eveready.com\/lat\/argentina\/product\/eveready-super-heavy-duty-d\/#primaryimage","url":"https:\/\/eveready.com\/lat\/argentina\/wp-content\/uploads\/sites\/6\/2025\/12\/SHD-d2.png","contentUrl":"https:\/\/eveready.com\/lat\/argentina\/wp-content\/uploads\/sites\/6\/2025\/12\/SHD-d2.png","width":800,"height":800},{"@type":"BreadcrumbList","@id":"https:\/\/eveready.com\/lat\/argentina\/product\/eveready-super-heavy-duty-d\/#breadcrumb","itemListElement":[{"@type":"ListItem","position":1,"name":"Home","item":"https:\/\/eveready.com\/lat\/argentina\/"},{"@type":"ListItem","position":2,"name":"Products","item":"https:\/\/eveready.com\/lat\/argentina\/shop\/"},{"@type":"ListItem","position":3,"name":"Eveready\u00ae Super Heavy Duty\u2122 D"}]},{"@type":"WebSite","@id":"https:\/\/eveready.com\/lat\/argentina\/#website","url":"https:\/\/eveready.com\/lat\/argentina\/","name":"Eveready Argentina","description":"","publisher":{"@id":"https:\/\/eveready.com\/lat\/argentina\/#organization"},"potentialAction":[{"@type":"SearchAction","target":{"@type":"EntryPoint","urlTemplate":"https:\/\/eveready.com\/lat\/argentina\/?s={search_term_string}"},"query-input":{"@type":"PropertyValueSpecification","valueRequired":true,"valueName":"search_term_string"}}],"inLanguage":"en-US"},{"@type":"Organization","@id":"https:\/\/eveready.com\/lat\/argentina\/#organization","name":"Eveready Argentina","url":"https:\/\/eveready.com\/lat\/argentina\/","logo":{"@type":"ImageObject","inLanguage":"en-US","@id":"https:\/\/eveready.com\/lat\/argentina\/#\/schema\/logo\/image\/","url":"https:\/\/eveready.com\/lat\/argentina\/wp-content\/uploads\/sites\/6\/2025\/08\/logo-eveready.png","contentUrl":"https:\/\/eveready.com\/lat\/argentina\/wp-content\/uploads\/sites\/6\/2025\/08\/logo-eveready.png","width":855,"height":220,"caption":"Eveready Argentina"},"image":{"@id":"https:\/\/eveready.com\/lat\/argentina\/#\/schema\/logo\/image\/"}}]}},"acf":[],"_links":{"self":[{"href":"https:\/\/eveready.com\/lat\/argentina\/wp-json\/wp\/v2\/product\/4692","targetHints":{"allow":["GET"]}}],"collection":[{"href":"https:\/\/eveready.com\/lat\/argentina\/wp-json\/wp\/v2\/product"}],"about":[{"href":"https:\/\/eveready.com\/lat\/argentina\/wp-json\/wp\/v2\/types\/product"}],"replies":[{"embeddable":true,"href":"https:\/\/eveready.com\/lat\/argentina\/wp-json\/wp\/v2\/comments?post=4692"}],"wp:featuredmedia":[{"embeddable":true,"href":"https:\/\/eveready.com\/lat\/argentina\/wp-json\/wp\/v2\/media\/4693"}],"wp:attachment":[{"href":"https:\/\/eveready.com\/lat\/argentina\/wp-json\/wp\/v2\/media?parent=4692"}],"wp:term":[{"taxonomy":"product_brand","embeddable":true,"href":"https:\/\/eveready.com\/lat\/argentina\/wp-json\/wp\/v2\/product_brand?post=4692"},{"taxonomy":"product_cat","embeddable":true,"href":"https:\/\/eveready.com\/lat\/argentina\/wp-json\/wp\/v2\/product_cat?post=4692"},{"taxonomy":"product_tag","embeddable":true,"href":"https:\/\/eveready.com\/lat\/argentina\/wp-json\/wp\/v2\/product_tag?post=4692"}],"curies":[{"name":"wp","href":"https:\/\/api.w.org\/{rel}","templated":true}]}}