{"id":4912,"date":"2025-12-23T03:25:00","date_gmt":"2025-12-23T08:25:00","guid":{"rendered":"https:\/\/eveready.com\/lat\/argentina\/?post_type=product&#038;p=4912"},"modified":"2026-03-23T03:12:13","modified_gmt":"2026-03-23T07:12:13","slug":"eveready-charger-aa-aaa","status":"publish","type":"product","link":"https:\/\/eveready.com\/lat\/argentina\/product\/eveready-charger-aa-aaa\/","title":{"rendered":"Eveready\u00ae Charger AA * AAA"},"content":{"rendered":"<p><strong>Caracter\u00edsticas y Beneficios<\/strong><\/p>\n<ul>\n<li>Un cargador de bater\u00edas Eveready\u00ae Recharge para bater\u00edas AA y AAA con dos bater\u00edas recargables Eveready AA y un cable USB para carga.<\/li>\n<li>El cargador carga 2 o 4 bater\u00edas doble A o triple A.<\/li>\n<li>Carga completamente las bater\u00edas recargables AAA y AA en un m\u00e1ximo de 10 horas e incluye un cable de carga USB.<\/li>\n<li>El cargador de bater\u00edas incluye un indicador LED de progreso y un temporizador de apagado autom\u00e1tico de seguridad para ayudar a evitar la sobrecarga.<\/li>\n<li>Incluye 2 bater\u00edas AA: cargadas y listas para usar.<\/li>\n<li>Accesible: recarg\u00e1 las bater\u00edas cientos de veces y compr\u00e1 menos bater\u00edas.<\/li>\n<li>Responsable: recargar tus propias bater\u00edas reduce la cantidad de bater\u00edas desechables utilizadas y genera menos desperdicios.<\/li>\n<\/ul>\n","protected":false},"excerpt":{"rendered":"<p>Obt\u00e9n la energ\u00eda en la que puedes confiar cuando m\u00e1s la necesitas con las bater\u00edas recargables Eveready\u00ae y su c\u00f3modo cargador. Con estas bater\u00edas y cargadores vers\u00e1tiles y f\u00e1ciles de usar, \u00a1puedes asegurarte de que tus dispositivos exigentes nunca se queden sin energ\u00eda! Comienza tan pronto como llegue el cargador, ya que se incluyen 2 bater\u00edas AA: cargadas y listas para su uso inmediato. Solo dos bater\u00edas reemplazan a m\u00e1s de 650 bater\u00edas alcalinas, por lo que puedes reducir el desperdicio y comprar menos bater\u00edas. Energ\u00eda recargable de Eveready en la que puedes confiar. *Vs. EVEREADY Gold\u00ae AA en c\u00e1maras digitales<\/p>\n","protected":false},"featured_media":4905,"comment_status":"open","ping_status":"closed","template":"","meta":{"_acf_changed":false},"product_brand":[],"product_cat":[65],"product_tag":[],"class_list":{"0":"post-4912","1":"product","2":"type-product","3":"status-publish","4":"has-post-thumbnail","6":"product_cat-eveready-charger","8":"first","9":"instock","10":"shipping-taxable","11":"product-type-simple"},"yoast_head":"<!-- This site is optimized with the Yoast SEO plugin v27.4 - https:\/\/yoast.com\/product\/yoast-seo-wordpress\/ -->\n<title>Eveready\u00ae Charger AA * AAA - Eveready Argentina<\/title>\n<meta name=\"robots\" content=\"index, follow, max-snippet:-1, max-image-preview:large, max-video-preview:-1\" \/>\n<link rel=\"canonical\" href=\"https:\/\/eveready.com\/lat\/argentina\/product\/eveready-charger-aa-aaa\/\" \/>\n<meta property=\"og:locale\" content=\"en_US\" \/>\n<meta property=\"og:type\" content=\"article\" \/>\n<meta property=\"og:title\" content=\"Eveready\u00ae Charger AA * AAA - Eveready Argentina\" \/>\n<meta property=\"og:description\" content=\"Obt\u00e9n la energ\u00eda en la que puedes confiar cuando m\u00e1s la necesitas con las bater\u00edas recargables Eveready\u00ae y su c\u00f3modo cargador. Con estas bater\u00edas y cargadores vers\u00e1tiles y f\u00e1ciles de usar, \u00a1puedes asegurarte de que tus dispositivos exigentes nunca se queden sin energ\u00eda! Comienza tan pronto como llegue el cargador, ya que se incluyen 2 bater\u00edas AA: cargadas y listas para su uso inmediato. Solo dos bater\u00edas reemplazan a m\u00e1s de 650 bater\u00edas alcalinas, por lo que puedes reducir el desperdicio y comprar menos bater\u00edas. Energ\u00eda recargable de Eveready en la que puedes confiar. *Vs. EVEREADY Gold\u00ae AA en c\u00e1maras digitales\" \/>\n<meta property=\"og:url\" content=\"https:\/\/eveready.com\/lat\/argentina\/product\/eveready-charger-aa-aaa\/\" \/>\n<meta property=\"og:site_name\" content=\"Eveready Argentina\" \/>\n<meta property=\"article:modified_time\" content=\"2026-03-23T07:12:13+00:00\" \/>\n<meta property=\"og:image\" content=\"https:\/\/eveready.com\/lat\/argentina\/wp-content\/uploads\/sites\/6\/2025\/12\/Eveready\u00ae-Charger-AA-_-AAA.png\" \/>\n\t<meta property=\"og:image:width\" content=\"800\" \/>\n\t<meta property=\"og:image:height\" content=\"800\" \/>\n\t<meta property=\"og:image:type\" content=\"image\/png\" \/>\n<meta name=\"twitter:card\" content=\"summary_large_image\" \/>\n<meta name=\"twitter:label1\" content=\"Est. reading time\" \/>\n\t<meta name=\"twitter:data1\" content=\"1 minute\" \/>\n<script type=\"application\/ld+json\" class=\"yoast-schema-graph\">{\"@context\":\"https:\\\/\\\/schema.org\",\"@graph\":[{\"@type\":\"WebPage\",\"@id\":\"https:\\\/\\\/eveready.com\\\/lat\\\/argentina\\\/product\\\/eveready-charger-aa-aaa\\\/\",\"url\":\"https:\\\/\\\/eveready.com\\\/lat\\\/argentina\\\/product\\\/eveready-charger-aa-aaa\\\/\",\"name\":\"Eveready\u00ae Charger AA * AAA - Eveready Argentina\",\"isPartOf\":{\"@id\":\"https:\\\/\\\/eveready.com\\\/lat\\\/argentina\\\/#website\"},\"primaryImageOfPage\":{\"@id\":\"https:\\\/\\\/eveready.com\\\/lat\\\/argentina\\\/product\\\/eveready-charger-aa-aaa\\\/#primaryimage\"},\"image\":{\"@id\":\"https:\\\/\\\/eveready.com\\\/lat\\\/argentina\\\/product\\\/eveready-charger-aa-aaa\\\/#primaryimage\"},\"thumbnailUrl\":\"https:\\\/\\\/eveready.com\\\/lat\\\/argentina\\\/wp-content\\\/uploads\\\/sites\\\/6\\\/2025\\\/12\\\/Eveready\u00ae-Charger-AA-_-AAA.png\",\"datePublished\":\"2025-12-23T08:25:00+00:00\",\"dateModified\":\"2026-03-23T07:12:13+00:00\",\"breadcrumb\":{\"@id\":\"https:\\\/\\\/eveready.com\\\/lat\\\/argentina\\\/product\\\/eveready-charger-aa-aaa\\\/#breadcrumb\"},\"inLanguage\":\"en-US\",\"potentialAction\":[{\"@type\":\"ReadAction\",\"target\":[\"https:\\\/\\\/eveready.com\\\/lat\\\/argentina\\\/product\\\/eveready-charger-aa-aaa\\\/\"]}]},{\"@type\":\"ImageObject\",\"inLanguage\":\"en-US\",\"@id\":\"https:\\\/\\\/eveready.com\\\/lat\\\/argentina\\\/product\\\/eveready-charger-aa-aaa\\\/#primaryimage\",\"url\":\"https:\\\/\\\/eveready.com\\\/lat\\\/argentina\\\/wp-content\\\/uploads\\\/sites\\\/6\\\/2025\\\/12\\\/Eveready\u00ae-Charger-AA-_-AAA.png\",\"contentUrl\":\"https:\\\/\\\/eveready.com\\\/lat\\\/argentina\\\/wp-content\\\/uploads\\\/sites\\\/6\\\/2025\\\/12\\\/Eveready\u00ae-Charger-AA-_-AAA.png\",\"width\":800,\"height\":800},{\"@type\":\"BreadcrumbList\",\"@id\":\"https:\\\/\\\/eveready.com\\\/lat\\\/argentina\\\/product\\\/eveready-charger-aa-aaa\\\/#breadcrumb\",\"itemListElement\":[{\"@type\":\"ListItem\",\"position\":1,\"name\":\"Home\",\"item\":\"https:\\\/\\\/eveready.com\\\/lat\\\/argentina\\\/\"},{\"@type\":\"ListItem\",\"position\":2,\"name\":\"Products\",\"item\":\"https:\\\/\\\/eveready.com\\\/lat\\\/argentina\\\/shop\\\/\"},{\"@type\":\"ListItem\",\"position\":3,\"name\":\"Eveready\u00ae Charger AA * AAA\"}]},{\"@type\":\"WebSite\",\"@id\":\"https:\\\/\\\/eveready.com\\\/lat\\\/argentina\\\/#website\",\"url\":\"https:\\\/\\\/eveready.com\\\/lat\\\/argentina\\\/\",\"name\":\"Eveready Argentina\",\"description\":\"\",\"publisher\":{\"@id\":\"https:\\\/\\\/eveready.com\\\/lat\\\/argentina\\\/#organization\"},\"potentialAction\":[{\"@type\":\"SearchAction\",\"target\":{\"@type\":\"EntryPoint\",\"urlTemplate\":\"https:\\\/\\\/eveready.com\\\/lat\\\/argentina\\\/?s={search_term_string}\"},\"query-input\":{\"@type\":\"PropertyValueSpecification\",\"valueRequired\":true,\"valueName\":\"search_term_string\"}}],\"inLanguage\":\"en-US\"},{\"@type\":\"Organization\",\"@id\":\"https:\\\/\\\/eveready.com\\\/lat\\\/argentina\\\/#organization\",\"name\":\"Eveready Argentina\",\"url\":\"https:\\\/\\\/eveready.com\\\/lat\\\/argentina\\\/\",\"logo\":{\"@type\":\"ImageObject\",\"inLanguage\":\"en-US\",\"@id\":\"https:\\\/\\\/eveready.com\\\/lat\\\/argentina\\\/#\\\/schema\\\/logo\\\/image\\\/\",\"url\":\"https:\\\/\\\/eveready.com\\\/lat\\\/argentina\\\/wp-content\\\/uploads\\\/sites\\\/6\\\/2025\\\/08\\\/logo-eveready.png\",\"contentUrl\":\"https:\\\/\\\/eveready.com\\\/lat\\\/argentina\\\/wp-content\\\/uploads\\\/sites\\\/6\\\/2025\\\/08\\\/logo-eveready.png\",\"width\":855,\"height\":220,\"caption\":\"Eveready Argentina\"},\"image\":{\"@id\":\"https:\\\/\\\/eveready.com\\\/lat\\\/argentina\\\/#\\\/schema\\\/logo\\\/image\\\/\"}}]}<\/script>\n<!-- \/ Yoast SEO plugin. -->","yoast_head_json":{"title":"Eveready\u00ae Charger AA * AAA - Eveready Argentina","robots":{"index":"index","follow":"follow","max-snippet":"max-snippet:-1","max-image-preview":"max-image-preview:large","max-video-preview":"max-video-preview:-1"},"canonical":"https:\/\/eveready.com\/lat\/argentina\/product\/eveready-charger-aa-aaa\/","og_locale":"en_US","og_type":"article","og_title":"Eveready\u00ae Charger AA * AAA - Eveready Argentina","og_description":"Obt\u00e9n la energ\u00eda en la que puedes confiar cuando m\u00e1s la necesitas con las bater\u00edas recargables Eveready\u00ae y su c\u00f3modo cargador. Con estas bater\u00edas y cargadores vers\u00e1tiles y f\u00e1ciles de usar, \u00a1puedes asegurarte de que tus dispositivos exigentes nunca se queden sin energ\u00eda! Comienza tan pronto como llegue el cargador, ya que se incluyen 2 bater\u00edas AA: cargadas y listas para su uso inmediato. Solo dos bater\u00edas reemplazan a m\u00e1s de 650 bater\u00edas alcalinas, por lo que puedes reducir el desperdicio y comprar menos bater\u00edas. Energ\u00eda recargable de Eveready en la que puedes confiar. *Vs. EVEREADY Gold\u00ae AA en c\u00e1maras digitales","og_url":"https:\/\/eveready.com\/lat\/argentina\/product\/eveready-charger-aa-aaa\/","og_site_name":"Eveready Argentina","article_modified_time":"2026-03-23T07:12:13+00:00","og_image":[{"width":800,"height":800,"url":"https:\/\/eveready.com\/lat\/argentina\/wp-content\/uploads\/sites\/6\/2025\/12\/Eveready\u00ae-Charger-AA-_-AAA.png","type":"image\/png"}],"twitter_card":"summary_large_image","twitter_misc":{"Est. reading time":"1 minute"},"schema":{"@context":"https:\/\/schema.org","@graph":[{"@type":"WebPage","@id":"https:\/\/eveready.com\/lat\/argentina\/product\/eveready-charger-aa-aaa\/","url":"https:\/\/eveready.com\/lat\/argentina\/product\/eveready-charger-aa-aaa\/","name":"Eveready\u00ae Charger AA * AAA - Eveready Argentina","isPartOf":{"@id":"https:\/\/eveready.com\/lat\/argentina\/#website"},"primaryImageOfPage":{"@id":"https:\/\/eveready.com\/lat\/argentina\/product\/eveready-charger-aa-aaa\/#primaryimage"},"image":{"@id":"https:\/\/eveready.com\/lat\/argentina\/product\/eveready-charger-aa-aaa\/#primaryimage"},"thumbnailUrl":"https:\/\/eveready.com\/lat\/argentina\/wp-content\/uploads\/sites\/6\/2025\/12\/Eveready\u00ae-Charger-AA-_-AAA.png","datePublished":"2025-12-23T08:25:00+00:00","dateModified":"2026-03-23T07:12:13+00:00","breadcrumb":{"@id":"https:\/\/eveready.com\/lat\/argentina\/product\/eveready-charger-aa-aaa\/#breadcrumb"},"inLanguage":"en-US","potentialAction":[{"@type":"ReadAction","target":["https:\/\/eveready.com\/lat\/argentina\/product\/eveready-charger-aa-aaa\/"]}]},{"@type":"ImageObject","inLanguage":"en-US","@id":"https:\/\/eveready.com\/lat\/argentina\/product\/eveready-charger-aa-aaa\/#primaryimage","url":"https:\/\/eveready.com\/lat\/argentina\/wp-content\/uploads\/sites\/6\/2025\/12\/Eveready\u00ae-Charger-AA-_-AAA.png","contentUrl":"https:\/\/eveready.com\/lat\/argentina\/wp-content\/uploads\/sites\/6\/2025\/12\/Eveready\u00ae-Charger-AA-_-AAA.png","width":800,"height":800},{"@type":"BreadcrumbList","@id":"https:\/\/eveready.com\/lat\/argentina\/product\/eveready-charger-aa-aaa\/#breadcrumb","itemListElement":[{"@type":"ListItem","position":1,"name":"Home","item":"https:\/\/eveready.com\/lat\/argentina\/"},{"@type":"ListItem","position":2,"name":"Products","item":"https:\/\/eveready.com\/lat\/argentina\/shop\/"},{"@type":"ListItem","position":3,"name":"Eveready\u00ae Charger AA * AAA"}]},{"@type":"WebSite","@id":"https:\/\/eveready.com\/lat\/argentina\/#website","url":"https:\/\/eveready.com\/lat\/argentina\/","name":"Eveready Argentina","description":"","publisher":{"@id":"https:\/\/eveready.com\/lat\/argentina\/#organization"},"potentialAction":[{"@type":"SearchAction","target":{"@type":"EntryPoint","urlTemplate":"https:\/\/eveready.com\/lat\/argentina\/?s={search_term_string}"},"query-input":{"@type":"PropertyValueSpecification","valueRequired":true,"valueName":"search_term_string"}}],"inLanguage":"en-US"},{"@type":"Organization","@id":"https:\/\/eveready.com\/lat\/argentina\/#organization","name":"Eveready Argentina","url":"https:\/\/eveready.com\/lat\/argentina\/","logo":{"@type":"ImageObject","inLanguage":"en-US","@id":"https:\/\/eveready.com\/lat\/argentina\/#\/schema\/logo\/image\/","url":"https:\/\/eveready.com\/lat\/argentina\/wp-content\/uploads\/sites\/6\/2025\/08\/logo-eveready.png","contentUrl":"https:\/\/eveready.com\/lat\/argentina\/wp-content\/uploads\/sites\/6\/2025\/08\/logo-eveready.png","width":855,"height":220,"caption":"Eveready Argentina"},"image":{"@id":"https:\/\/eveready.com\/lat\/argentina\/#\/schema\/logo\/image\/"}}]}},"acf":[],"_links":{"self":[{"href":"https:\/\/eveready.com\/lat\/argentina\/wp-json\/wp\/v2\/product\/4912","targetHints":{"allow":["GET"]}}],"collection":[{"href":"https:\/\/eveready.com\/lat\/argentina\/wp-json\/wp\/v2\/product"}],"about":[{"href":"https:\/\/eveready.com\/lat\/argentina\/wp-json\/wp\/v2\/types\/product"}],"replies":[{"embeddable":true,"href":"https:\/\/eveready.com\/lat\/argentina\/wp-json\/wp\/v2\/comments?post=4912"}],"wp:featuredmedia":[{"embeddable":true,"href":"https:\/\/eveready.com\/lat\/argentina\/wp-json\/wp\/v2\/media\/4905"}],"wp:attachment":[{"href":"https:\/\/eveready.com\/lat\/argentina\/wp-json\/wp\/v2\/media?parent=4912"}],"wp:term":[{"taxonomy":"product_brand","embeddable":true,"href":"https:\/\/eveready.com\/lat\/argentina\/wp-json\/wp\/v2\/product_brand?post=4912"},{"taxonomy":"product_cat","embeddable":true,"href":"https:\/\/eveready.com\/lat\/argentina\/wp-json\/wp\/v2\/product_cat?post=4912"},{"taxonomy":"product_tag","embeddable":true,"href":"https:\/\/eveready.com\/lat\/argentina\/wp-json\/wp\/v2\/product_tag?post=4912"}],"curies":[{"name":"wp","href":"https:\/\/api.w.org\/{rel}","templated":true}]}}