{"id":4680,"date":"2025-12-09T08:49:05","date_gmt":"2025-12-09T13:49:05","guid":{"rendered":"https:\/\/eveready.com\/lat\/chile\/?post_type=product&#038;p=4680"},"modified":"2026-02-27T01:39:11","modified_gmt":"2026-02-27T06:39:11","slug":"eveready-super-heavy-duty-aa","status":"publish","type":"product","link":"https:\/\/eveready.com\/lat\/chile\/product\/eveready-super-heavy-duty-aa\/","title":{"rendered":"Eveready\u00ae Super Heavy Duty\u2122 AA"},"content":{"rendered":"<p><strong>Caracter\u00edsticas y Beneficios<\/strong><\/p>\n<ul>\n<li>Paquete de 4 bater\u00edas Eveready\u00ae Super Heavy Duty\u2122 AA, zinc-carb\u00f3n<\/li>\n<li>Dura hasta 4 a\u00f1os en almacenamiento<\/li>\n<li>Sin aditivos de mercurio ni cadmio<\/li>\n<li>Dise\u00f1o antiderrames<\/li>\n<\/ul>\n","protected":false},"excerpt":{"rendered":"<p>Usa Eveready\u00ae para alimentar tus dispositivos de uso diario. Las bater\u00edas Eveready\u00ae Super Heavy Duty\u2122 AA ofrecen una calidad confiable a un precio accesible. Las bater\u00edas cuentan con un dise\u00f1o resistente a los derrames y est\u00e1n listas para usar hasta por 4 a\u00f1os despu\u00e9s de su almacenamiento. Utiliza Eveready\u00ae para alimentar los dispositivos que usas cada d\u00eda.<\/p>\n","protected":false},"featured_media":4682,"comment_status":"open","ping_status":"closed","template":"","meta":{"_acf_changed":false},"product_brand":[],"product_cat":[38],"product_tag":[],"class_list":{"0":"post-4680","1":"product","2":"type-product","3":"status-publish","4":"has-post-thumbnail","6":"product_cat-eveready-super-heavy-duty","8":"first","9":"instock","10":"shipping-taxable","11":"product-type-simple"},"yoast_head":"<!-- This site is optimized with the Yoast SEO plugin v27.4 - https:\/\/yoast.com\/product\/yoast-seo-wordpress\/ -->\n<title>Eveready\u00ae Super Heavy Duty\u2122 AA - Eveready Chile<\/title>\n<meta name=\"robots\" content=\"index, follow, max-snippet:-1, max-image-preview:large, max-video-preview:-1\" \/>\n<link rel=\"canonical\" href=\"https:\/\/eveready.com\/lat\/chile\/product\/eveready-super-heavy-duty-aa\/\" \/>\n<meta property=\"og:locale\" content=\"en_US\" \/>\n<meta property=\"og:type\" content=\"article\" \/>\n<meta property=\"og:title\" content=\"Eveready\u00ae Super Heavy Duty\u2122 AA - Eveready Chile\" \/>\n<meta property=\"og:description\" content=\"Usa Eveready\u00ae para alimentar tus dispositivos de uso diario. Las bater\u00edas Eveready\u00ae Super Heavy Duty\u2122 AA ofrecen una calidad confiable a un precio accesible. Las bater\u00edas cuentan con un dise\u00f1o resistente a los derrames y est\u00e1n listas para usar hasta por 4 a\u00f1os despu\u00e9s de su almacenamiento. Utiliza Eveready\u00ae para alimentar los dispositivos que usas cada d\u00eda.\" \/>\n<meta property=\"og:url\" content=\"https:\/\/eveready.com\/lat\/chile\/product\/eveready-super-heavy-duty-aa\/\" \/>\n<meta property=\"og:site_name\" content=\"Eveready Chile\" \/>\n<meta property=\"article:modified_time\" content=\"2026-02-27T06:39:11+00:00\" \/>\n<meta property=\"og:image\" content=\"https:\/\/eveready.com\/lat\/chile\/wp-content\/uploads\/sites\/9\/2025\/12\/EVR-Co-SHD-AA4.png\" \/>\n\t<meta property=\"og:image:width\" content=\"800\" \/>\n\t<meta property=\"og:image:height\" content=\"800\" \/>\n\t<meta property=\"og:image:type\" content=\"image\/png\" \/>\n<meta name=\"twitter:card\" content=\"summary_large_image\" \/>\n<meta name=\"twitter:label1\" content=\"Est. reading time\" \/>\n\t<meta name=\"twitter:data1\" content=\"1 minute\" \/>\n<script type=\"application\/ld+json\" class=\"yoast-schema-graph\">{\"@context\":\"https:\\\/\\\/schema.org\",\"@graph\":[{\"@type\":\"WebPage\",\"@id\":\"https:\\\/\\\/eveready.com\\\/lat\\\/chile\\\/product\\\/eveready-super-heavy-duty-aa\\\/\",\"url\":\"https:\\\/\\\/eveready.com\\\/lat\\\/chile\\\/product\\\/eveready-super-heavy-duty-aa\\\/\",\"name\":\"Eveready\u00ae Super Heavy Duty\u2122 AA - Eveready Chile\",\"isPartOf\":{\"@id\":\"https:\\\/\\\/eveready.com\\\/lat\\\/chile\\\/#website\"},\"primaryImageOfPage\":{\"@id\":\"https:\\\/\\\/eveready.com\\\/lat\\\/chile\\\/product\\\/eveready-super-heavy-duty-aa\\\/#primaryimage\"},\"image\":{\"@id\":\"https:\\\/\\\/eveready.com\\\/lat\\\/chile\\\/product\\\/eveready-super-heavy-duty-aa\\\/#primaryimage\"},\"thumbnailUrl\":\"https:\\\/\\\/eveready.com\\\/lat\\\/chile\\\/wp-content\\\/uploads\\\/sites\\\/9\\\/2025\\\/12\\\/EVR-Co-SHD-AA4.png\",\"datePublished\":\"2025-12-09T13:49:05+00:00\",\"dateModified\":\"2026-02-27T06:39:11+00:00\",\"breadcrumb\":{\"@id\":\"https:\\\/\\\/eveready.com\\\/lat\\\/chile\\\/product\\\/eveready-super-heavy-duty-aa\\\/#breadcrumb\"},\"inLanguage\":\"en-US\",\"potentialAction\":[{\"@type\":\"ReadAction\",\"target\":[\"https:\\\/\\\/eveready.com\\\/lat\\\/chile\\\/product\\\/eveready-super-heavy-duty-aa\\\/\"]}]},{\"@type\":\"ImageObject\",\"inLanguage\":\"en-US\",\"@id\":\"https:\\\/\\\/eveready.com\\\/lat\\\/chile\\\/product\\\/eveready-super-heavy-duty-aa\\\/#primaryimage\",\"url\":\"https:\\\/\\\/eveready.com\\\/lat\\\/chile\\\/wp-content\\\/uploads\\\/sites\\\/9\\\/2025\\\/12\\\/EVR-Co-SHD-AA4.png\",\"contentUrl\":\"https:\\\/\\\/eveready.com\\\/lat\\\/chile\\\/wp-content\\\/uploads\\\/sites\\\/9\\\/2025\\\/12\\\/EVR-Co-SHD-AA4.png\",\"width\":800,\"height\":800},{\"@type\":\"BreadcrumbList\",\"@id\":\"https:\\\/\\\/eveready.com\\\/lat\\\/chile\\\/product\\\/eveready-super-heavy-duty-aa\\\/#breadcrumb\",\"itemListElement\":[{\"@type\":\"ListItem\",\"position\":1,\"name\":\"Home\",\"item\":\"https:\\\/\\\/eveready.com\\\/lat\\\/chile\\\/\"},{\"@type\":\"ListItem\",\"position\":2,\"name\":\"Products\",\"item\":\"https:\\\/\\\/eveready.com\\\/lat\\\/chile\\\/shop\\\/\"},{\"@type\":\"ListItem\",\"position\":3,\"name\":\"Eveready\u00ae Super Heavy Duty\u2122 AA\"}]},{\"@type\":\"WebSite\",\"@id\":\"https:\\\/\\\/eveready.com\\\/lat\\\/chile\\\/#website\",\"url\":\"https:\\\/\\\/eveready.com\\\/lat\\\/chile\\\/\",\"name\":\"Eveready Chile\",\"description\":\"\",\"publisher\":{\"@id\":\"https:\\\/\\\/eveready.com\\\/lat\\\/chile\\\/#organization\"},\"potentialAction\":[{\"@type\":\"SearchAction\",\"target\":{\"@type\":\"EntryPoint\",\"urlTemplate\":\"https:\\\/\\\/eveready.com\\\/lat\\\/chile\\\/?s={search_term_string}\"},\"query-input\":{\"@type\":\"PropertyValueSpecification\",\"valueRequired\":true,\"valueName\":\"search_term_string\"}}],\"inLanguage\":\"en-US\"},{\"@type\":\"Organization\",\"@id\":\"https:\\\/\\\/eveready.com\\\/lat\\\/chile\\\/#organization\",\"name\":\"Eveready Chile\",\"url\":\"https:\\\/\\\/eveready.com\\\/lat\\\/chile\\\/\",\"logo\":{\"@type\":\"ImageObject\",\"inLanguage\":\"en-US\",\"@id\":\"https:\\\/\\\/eveready.com\\\/lat\\\/chile\\\/#\\\/schema\\\/logo\\\/image\\\/\",\"url\":\"https:\\\/\\\/eveready.com\\\/lat\\\/chile\\\/wp-content\\\/uploads\\\/sites\\\/9\\\/2025\\\/08\\\/logo-eveready.png\",\"contentUrl\":\"https:\\\/\\\/eveready.com\\\/lat\\\/chile\\\/wp-content\\\/uploads\\\/sites\\\/9\\\/2025\\\/08\\\/logo-eveready.png\",\"width\":855,\"height\":220,\"caption\":\"Eveready Chile\"},\"image\":{\"@id\":\"https:\\\/\\\/eveready.com\\\/lat\\\/chile\\\/#\\\/schema\\\/logo\\\/image\\\/\"}}]}<\/script>\n<!-- \/ Yoast SEO plugin. -->","yoast_head_json":{"title":"Eveready\u00ae Super Heavy Duty\u2122 AA - Eveready Chile","robots":{"index":"index","follow":"follow","max-snippet":"max-snippet:-1","max-image-preview":"max-image-preview:large","max-video-preview":"max-video-preview:-1"},"canonical":"https:\/\/eveready.com\/lat\/chile\/product\/eveready-super-heavy-duty-aa\/","og_locale":"en_US","og_type":"article","og_title":"Eveready\u00ae Super Heavy Duty\u2122 AA - Eveready Chile","og_description":"Usa Eveready\u00ae para alimentar tus dispositivos de uso diario. Las bater\u00edas Eveready\u00ae Super Heavy Duty\u2122 AA ofrecen una calidad confiable a un precio accesible. Las bater\u00edas cuentan con un dise\u00f1o resistente a los derrames y est\u00e1n listas para usar hasta por 4 a\u00f1os despu\u00e9s de su almacenamiento. Utiliza Eveready\u00ae para alimentar los dispositivos que usas cada d\u00eda.","og_url":"https:\/\/eveready.com\/lat\/chile\/product\/eveready-super-heavy-duty-aa\/","og_site_name":"Eveready Chile","article_modified_time":"2026-02-27T06:39:11+00:00","og_image":[{"width":800,"height":800,"url":"https:\/\/eveready.com\/lat\/chile\/wp-content\/uploads\/sites\/9\/2025\/12\/EVR-Co-SHD-AA4.png","type":"image\/png"}],"twitter_card":"summary_large_image","twitter_misc":{"Est. reading time":"1 minute"},"schema":{"@context":"https:\/\/schema.org","@graph":[{"@type":"WebPage","@id":"https:\/\/eveready.com\/lat\/chile\/product\/eveready-super-heavy-duty-aa\/","url":"https:\/\/eveready.com\/lat\/chile\/product\/eveready-super-heavy-duty-aa\/","name":"Eveready\u00ae Super Heavy Duty\u2122 AA - Eveready Chile","isPartOf":{"@id":"https:\/\/eveready.com\/lat\/chile\/#website"},"primaryImageOfPage":{"@id":"https:\/\/eveready.com\/lat\/chile\/product\/eveready-super-heavy-duty-aa\/#primaryimage"},"image":{"@id":"https:\/\/eveready.com\/lat\/chile\/product\/eveready-super-heavy-duty-aa\/#primaryimage"},"thumbnailUrl":"https:\/\/eveready.com\/lat\/chile\/wp-content\/uploads\/sites\/9\/2025\/12\/EVR-Co-SHD-AA4.png","datePublished":"2025-12-09T13:49:05+00:00","dateModified":"2026-02-27T06:39:11+00:00","breadcrumb":{"@id":"https:\/\/eveready.com\/lat\/chile\/product\/eveready-super-heavy-duty-aa\/#breadcrumb"},"inLanguage":"en-US","potentialAction":[{"@type":"ReadAction","target":["https:\/\/eveready.com\/lat\/chile\/product\/eveready-super-heavy-duty-aa\/"]}]},{"@type":"ImageObject","inLanguage":"en-US","@id":"https:\/\/eveready.com\/lat\/chile\/product\/eveready-super-heavy-duty-aa\/#primaryimage","url":"https:\/\/eveready.com\/lat\/chile\/wp-content\/uploads\/sites\/9\/2025\/12\/EVR-Co-SHD-AA4.png","contentUrl":"https:\/\/eveready.com\/lat\/chile\/wp-content\/uploads\/sites\/9\/2025\/12\/EVR-Co-SHD-AA4.png","width":800,"height":800},{"@type":"BreadcrumbList","@id":"https:\/\/eveready.com\/lat\/chile\/product\/eveready-super-heavy-duty-aa\/#breadcrumb","itemListElement":[{"@type":"ListItem","position":1,"name":"Home","item":"https:\/\/eveready.com\/lat\/chile\/"},{"@type":"ListItem","position":2,"name":"Products","item":"https:\/\/eveready.com\/lat\/chile\/shop\/"},{"@type":"ListItem","position":3,"name":"Eveready\u00ae Super Heavy Duty\u2122 AA"}]},{"@type":"WebSite","@id":"https:\/\/eveready.com\/lat\/chile\/#website","url":"https:\/\/eveready.com\/lat\/chile\/","name":"Eveready Chile","description":"","publisher":{"@id":"https:\/\/eveready.com\/lat\/chile\/#organization"},"potentialAction":[{"@type":"SearchAction","target":{"@type":"EntryPoint","urlTemplate":"https:\/\/eveready.com\/lat\/chile\/?s={search_term_string}"},"query-input":{"@type":"PropertyValueSpecification","valueRequired":true,"valueName":"search_term_string"}}],"inLanguage":"en-US"},{"@type":"Organization","@id":"https:\/\/eveready.com\/lat\/chile\/#organization","name":"Eveready Chile","url":"https:\/\/eveready.com\/lat\/chile\/","logo":{"@type":"ImageObject","inLanguage":"en-US","@id":"https:\/\/eveready.com\/lat\/chile\/#\/schema\/logo\/image\/","url":"https:\/\/eveready.com\/lat\/chile\/wp-content\/uploads\/sites\/9\/2025\/08\/logo-eveready.png","contentUrl":"https:\/\/eveready.com\/lat\/chile\/wp-content\/uploads\/sites\/9\/2025\/08\/logo-eveready.png","width":855,"height":220,"caption":"Eveready Chile"},"image":{"@id":"https:\/\/eveready.com\/lat\/chile\/#\/schema\/logo\/image\/"}}]}},"acf":[],"_links":{"self":[{"href":"https:\/\/eveready.com\/lat\/chile\/wp-json\/wp\/v2\/product\/4680","targetHints":{"allow":["GET"]}}],"collection":[{"href":"https:\/\/eveready.com\/lat\/chile\/wp-json\/wp\/v2\/product"}],"about":[{"href":"https:\/\/eveready.com\/lat\/chile\/wp-json\/wp\/v2\/types\/product"}],"replies":[{"embeddable":true,"href":"https:\/\/eveready.com\/lat\/chile\/wp-json\/wp\/v2\/comments?post=4680"}],"wp:featuredmedia":[{"embeddable":true,"href":"https:\/\/eveready.com\/lat\/chile\/wp-json\/wp\/v2\/media\/4682"}],"wp:attachment":[{"href":"https:\/\/eveready.com\/lat\/chile\/wp-json\/wp\/v2\/media?parent=4680"}],"wp:term":[{"taxonomy":"product_brand","embeddable":true,"href":"https:\/\/eveready.com\/lat\/chile\/wp-json\/wp\/v2\/product_brand?post=4680"},{"taxonomy":"product_cat","embeddable":true,"href":"https:\/\/eveready.com\/lat\/chile\/wp-json\/wp\/v2\/product_cat?post=4680"},{"taxonomy":"product_tag","embeddable":true,"href":"https:\/\/eveready.com\/lat\/chile\/wp-json\/wp\/v2\/product_tag?post=4680"}],"curies":[{"name":"wp","href":"https:\/\/api.w.org\/{rel}","templated":true}]}}