{"id":5027,"date":"2026-01-22T03:41:37","date_gmt":"2026-01-22T08:41:37","guid":{"rendered":"https:\/\/eveready.com\/lat\/chile\/?post_type=product&#038;p=5027"},"modified":"2026-02-27T03:34:32","modified_gmt":"2026-02-27T08:34:32","slug":"eveready-value-area-350","status":"publish","type":"product","link":"https:\/\/eveready.com\/lat\/chile\/product\/eveready-value-area-350\/","title":{"rendered":"EVEREADY\u00ae VALUE  \u00c1REA 350"},"content":{"rendered":"<p><strong>Caracter\u00edsticas y Beneficios<\/strong><\/p>\n<ul>\n<li>H\u00edbrido: Opciones de carga por USB y bater\u00eda.<\/li>\n<li>Hasta 4 veces m\u00e1s brillante que la tecnolog\u00eda LED est\u00e1ndar.<\/li>\n<li>Se carga completamente en 4,5 horas.<\/li>\n<li>Modo direccional: 40 l\u00famenes, alcance del haz 850 m, duraci\u00f3n de la bater\u00eda 15 horas.<\/li>\n<li>Modo linterna: 300 l\u00famenes, duraci\u00f3n de la bater\u00eda 2 horas.<\/li>\n<li>Funciona con la bater\u00eda de iones de litio 18650 incluida o con 3 bater\u00edas AA (no incluidas).<\/li>\n<li>Im\u00e1n y gancho en la parte inferior para mayor versatilidad.<\/li>\n<li>Luz de \u00e1rea y luz direccional.<\/li>\n<\/ul>\n","protected":false},"excerpt":{"rendered":"<p>Vers\u00e1til, compacta y pr\u00e1ctica, la linterna h\u00edbrida plegable Eveready\u00ae cuenta con dos alternativas de alimentaci\u00f3n: carga USB y bater\u00eda.<br \/>\nEsta linterna es brillante y se puede utilizar en una gran variedad de ocasiones sin tener que preocuparse por quedarse sin bater\u00edas. Solo hay que tirar hacia arriba para encenderla y utilizarla como farol, o pulsar el bot\u00f3n para utilizar la luz como luz direccional (luz blanca), luz de visi\u00f3n nocturna (luz roja) o luz de se\u00f1alizaci\u00f3n de emergencia (luz roja intermitente).<br \/>\nLas asas de la parte superior son muy pr\u00e1cticas para transportar la linterna, y tambi\u00e9n se pueden utilizar para bloquearla mediante el pestillo situado en los laterales, lo que evita que se encienda accidentalmente. El asa lateral se puede utilizar con la luz direccional para convertirla en una linterna de mano. Esta linterna tambi\u00e9n cuenta con imanes y un gancho en la parte inferior, que permiten colocarla en diferentes lugares.<\/p>\n","protected":false},"featured_media":5014,"comment_status":"open","ping_status":"closed","template":"","meta":{"_acf_changed":false},"product_brand":[],"product_cat":[41],"product_tag":[],"class_list":{"0":"post-5027","1":"product","2":"type-product","3":"status-publish","4":"has-post-thumbnail","6":"product_cat-area-lights","8":"first","9":"instock","10":"shipping-taxable","11":"product-type-simple"},"yoast_head":"<!-- This site is optimized with the Yoast SEO plugin v27.4 - https:\/\/yoast.com\/product\/yoast-seo-wordpress\/ -->\n<title>EVEREADY\u00ae VALUE \u00c1REA 350 - Eveready Chile<\/title>\n<meta name=\"robots\" content=\"index, follow, max-snippet:-1, max-image-preview:large, max-video-preview:-1\" \/>\n<link rel=\"canonical\" href=\"https:\/\/eveready.com\/lat\/chile\/product\/eveready-value-area-350\/\" \/>\n<meta property=\"og:locale\" content=\"en_US\" \/>\n<meta property=\"og:type\" content=\"article\" \/>\n<meta property=\"og:title\" content=\"EVEREADY\u00ae VALUE \u00c1REA 350 - Eveready Chile\" \/>\n<meta property=\"og:description\" content=\"Vers\u00e1til, compacta y pr\u00e1ctica, la linterna h\u00edbrida plegable Eveready\u00ae cuenta con dos alternativas de alimentaci\u00f3n: carga USB y bater\u00eda. Esta linterna es brillante y se puede utilizar en una gran variedad de ocasiones sin tener que preocuparse por quedarse sin bater\u00edas. Solo hay que tirar hacia arriba para encenderla y utilizarla como farol, o pulsar el bot\u00f3n para utilizar la luz como luz direccional (luz blanca), luz de visi\u00f3n nocturna (luz roja) o luz de se\u00f1alizaci\u00f3n de emergencia (luz roja intermitente). Las asas de la parte superior son muy pr\u00e1cticas para transportar la linterna, y tambi\u00e9n se pueden utilizar para bloquearla mediante el pestillo situado en los laterales, lo que evita que se encienda accidentalmente. El asa lateral se puede utilizar con la luz direccional para convertirla en una linterna de mano. Esta linterna tambi\u00e9n cuenta con imanes y un gancho en la parte inferior, que permiten colocarla en diferentes lugares.\" \/>\n<meta property=\"og:url\" content=\"https:\/\/eveready.com\/lat\/chile\/product\/eveready-value-area-350\/\" \/>\n<meta property=\"og:site_name\" content=\"Eveready Chile\" \/>\n<meta property=\"article:modified_time\" content=\"2026-02-27T08:34:32+00:00\" \/>\n<meta property=\"og:image\" content=\"https:\/\/eveready.com\/lat\/chile\/wp-content\/uploads\/sites\/9\/2026\/01\/Eveready\u00ae-VALUE-AREA-350.png\" \/>\n\t<meta property=\"og:image:width\" content=\"800\" \/>\n\t<meta property=\"og:image:height\" content=\"800\" \/>\n\t<meta property=\"og:image:type\" content=\"image\/png\" \/>\n<meta name=\"twitter:card\" content=\"summary_large_image\" \/>\n<meta name=\"twitter:label1\" content=\"Est. reading time\" \/>\n\t<meta name=\"twitter:data1\" content=\"1 minute\" \/>\n<script type=\"application\/ld+json\" class=\"yoast-schema-graph\">{\"@context\":\"https:\\\/\\\/schema.org\",\"@graph\":[{\"@type\":\"WebPage\",\"@id\":\"https:\\\/\\\/eveready.com\\\/lat\\\/chile\\\/product\\\/eveready-value-area-350\\\/\",\"url\":\"https:\\\/\\\/eveready.com\\\/lat\\\/chile\\\/product\\\/eveready-value-area-350\\\/\",\"name\":\"EVEREADY\u00ae VALUE \u00c1REA 350 - Eveready Chile\",\"isPartOf\":{\"@id\":\"https:\\\/\\\/eveready.com\\\/lat\\\/chile\\\/#website\"},\"primaryImageOfPage\":{\"@id\":\"https:\\\/\\\/eveready.com\\\/lat\\\/chile\\\/product\\\/eveready-value-area-350\\\/#primaryimage\"},\"image\":{\"@id\":\"https:\\\/\\\/eveready.com\\\/lat\\\/chile\\\/product\\\/eveready-value-area-350\\\/#primaryimage\"},\"thumbnailUrl\":\"https:\\\/\\\/eveready.com\\\/lat\\\/chile\\\/wp-content\\\/uploads\\\/sites\\\/9\\\/2026\\\/01\\\/Eveready\u00ae-VALUE-AREA-350.png\",\"datePublished\":\"2026-01-22T08:41:37+00:00\",\"dateModified\":\"2026-02-27T08:34:32+00:00\",\"breadcrumb\":{\"@id\":\"https:\\\/\\\/eveready.com\\\/lat\\\/chile\\\/product\\\/eveready-value-area-350\\\/#breadcrumb\"},\"inLanguage\":\"en-US\",\"potentialAction\":[{\"@type\":\"ReadAction\",\"target\":[\"https:\\\/\\\/eveready.com\\\/lat\\\/chile\\\/product\\\/eveready-value-area-350\\\/\"]}]},{\"@type\":\"ImageObject\",\"inLanguage\":\"en-US\",\"@id\":\"https:\\\/\\\/eveready.com\\\/lat\\\/chile\\\/product\\\/eveready-value-area-350\\\/#primaryimage\",\"url\":\"https:\\\/\\\/eveready.com\\\/lat\\\/chile\\\/wp-content\\\/uploads\\\/sites\\\/9\\\/2026\\\/01\\\/Eveready\u00ae-VALUE-AREA-350.png\",\"contentUrl\":\"https:\\\/\\\/eveready.com\\\/lat\\\/chile\\\/wp-content\\\/uploads\\\/sites\\\/9\\\/2026\\\/01\\\/Eveready\u00ae-VALUE-AREA-350.png\",\"width\":800,\"height\":800},{\"@type\":\"BreadcrumbList\",\"@id\":\"https:\\\/\\\/eveready.com\\\/lat\\\/chile\\\/product\\\/eveready-value-area-350\\\/#breadcrumb\",\"itemListElement\":[{\"@type\":\"ListItem\",\"position\":1,\"name\":\"Home\",\"item\":\"https:\\\/\\\/eveready.com\\\/lat\\\/chile\\\/\"},{\"@type\":\"ListItem\",\"position\":2,\"name\":\"Products\",\"item\":\"https:\\\/\\\/eveready.com\\\/lat\\\/chile\\\/shop\\\/\"},{\"@type\":\"ListItem\",\"position\":3,\"name\":\"EVEREADY\u00ae VALUE \u00c1REA 350\"}]},{\"@type\":\"WebSite\",\"@id\":\"https:\\\/\\\/eveready.com\\\/lat\\\/chile\\\/#website\",\"url\":\"https:\\\/\\\/eveready.com\\\/lat\\\/chile\\\/\",\"name\":\"Eveready Chile\",\"description\":\"\",\"publisher\":{\"@id\":\"https:\\\/\\\/eveready.com\\\/lat\\\/chile\\\/#organization\"},\"potentialAction\":[{\"@type\":\"SearchAction\",\"target\":{\"@type\":\"EntryPoint\",\"urlTemplate\":\"https:\\\/\\\/eveready.com\\\/lat\\\/chile\\\/?s={search_term_string}\"},\"query-input\":{\"@type\":\"PropertyValueSpecification\",\"valueRequired\":true,\"valueName\":\"search_term_string\"}}],\"inLanguage\":\"en-US\"},{\"@type\":\"Organization\",\"@id\":\"https:\\\/\\\/eveready.com\\\/lat\\\/chile\\\/#organization\",\"name\":\"Eveready Chile\",\"url\":\"https:\\\/\\\/eveready.com\\\/lat\\\/chile\\\/\",\"logo\":{\"@type\":\"ImageObject\",\"inLanguage\":\"en-US\",\"@id\":\"https:\\\/\\\/eveready.com\\\/lat\\\/chile\\\/#\\\/schema\\\/logo\\\/image\\\/\",\"url\":\"https:\\\/\\\/eveready.com\\\/lat\\\/chile\\\/wp-content\\\/uploads\\\/sites\\\/9\\\/2025\\\/08\\\/logo-eveready.png\",\"contentUrl\":\"https:\\\/\\\/eveready.com\\\/lat\\\/chile\\\/wp-content\\\/uploads\\\/sites\\\/9\\\/2025\\\/08\\\/logo-eveready.png\",\"width\":855,\"height\":220,\"caption\":\"Eveready Chile\"},\"image\":{\"@id\":\"https:\\\/\\\/eveready.com\\\/lat\\\/chile\\\/#\\\/schema\\\/logo\\\/image\\\/\"}}]}<\/script>\n<!-- \/ Yoast SEO plugin. -->","yoast_head_json":{"title":"EVEREADY\u00ae VALUE \u00c1REA 350 - Eveready Chile","robots":{"index":"index","follow":"follow","max-snippet":"max-snippet:-1","max-image-preview":"max-image-preview:large","max-video-preview":"max-video-preview:-1"},"canonical":"https:\/\/eveready.com\/lat\/chile\/product\/eveready-value-area-350\/","og_locale":"en_US","og_type":"article","og_title":"EVEREADY\u00ae VALUE \u00c1REA 350 - Eveready Chile","og_description":"Vers\u00e1til, compacta y pr\u00e1ctica, la linterna h\u00edbrida plegable Eveready\u00ae cuenta con dos alternativas de alimentaci\u00f3n: carga USB y bater\u00eda. Esta linterna es brillante y se puede utilizar en una gran variedad de ocasiones sin tener que preocuparse por quedarse sin bater\u00edas. Solo hay que tirar hacia arriba para encenderla y utilizarla como farol, o pulsar el bot\u00f3n para utilizar la luz como luz direccional (luz blanca), luz de visi\u00f3n nocturna (luz roja) o luz de se\u00f1alizaci\u00f3n de emergencia (luz roja intermitente). Las asas de la parte superior son muy pr\u00e1cticas para transportar la linterna, y tambi\u00e9n se pueden utilizar para bloquearla mediante el pestillo situado en los laterales, lo que evita que se encienda accidentalmente. El asa lateral se puede utilizar con la luz direccional para convertirla en una linterna de mano. Esta linterna tambi\u00e9n cuenta con imanes y un gancho en la parte inferior, que permiten colocarla en diferentes lugares.","og_url":"https:\/\/eveready.com\/lat\/chile\/product\/eveready-value-area-350\/","og_site_name":"Eveready Chile","article_modified_time":"2026-02-27T08:34:32+00:00","og_image":[{"width":800,"height":800,"url":"https:\/\/eveready.com\/lat\/chile\/wp-content\/uploads\/sites\/9\/2026\/01\/Eveready\u00ae-VALUE-AREA-350.png","type":"image\/png"}],"twitter_card":"summary_large_image","twitter_misc":{"Est. reading time":"1 minute"},"schema":{"@context":"https:\/\/schema.org","@graph":[{"@type":"WebPage","@id":"https:\/\/eveready.com\/lat\/chile\/product\/eveready-value-area-350\/","url":"https:\/\/eveready.com\/lat\/chile\/product\/eveready-value-area-350\/","name":"EVEREADY\u00ae VALUE \u00c1REA 350 - Eveready Chile","isPartOf":{"@id":"https:\/\/eveready.com\/lat\/chile\/#website"},"primaryImageOfPage":{"@id":"https:\/\/eveready.com\/lat\/chile\/product\/eveready-value-area-350\/#primaryimage"},"image":{"@id":"https:\/\/eveready.com\/lat\/chile\/product\/eveready-value-area-350\/#primaryimage"},"thumbnailUrl":"https:\/\/eveready.com\/lat\/chile\/wp-content\/uploads\/sites\/9\/2026\/01\/Eveready\u00ae-VALUE-AREA-350.png","datePublished":"2026-01-22T08:41:37+00:00","dateModified":"2026-02-27T08:34:32+00:00","breadcrumb":{"@id":"https:\/\/eveready.com\/lat\/chile\/product\/eveready-value-area-350\/#breadcrumb"},"inLanguage":"en-US","potentialAction":[{"@type":"ReadAction","target":["https:\/\/eveready.com\/lat\/chile\/product\/eveready-value-area-350\/"]}]},{"@type":"ImageObject","inLanguage":"en-US","@id":"https:\/\/eveready.com\/lat\/chile\/product\/eveready-value-area-350\/#primaryimage","url":"https:\/\/eveready.com\/lat\/chile\/wp-content\/uploads\/sites\/9\/2026\/01\/Eveready\u00ae-VALUE-AREA-350.png","contentUrl":"https:\/\/eveready.com\/lat\/chile\/wp-content\/uploads\/sites\/9\/2026\/01\/Eveready\u00ae-VALUE-AREA-350.png","width":800,"height":800},{"@type":"BreadcrumbList","@id":"https:\/\/eveready.com\/lat\/chile\/product\/eveready-value-area-350\/#breadcrumb","itemListElement":[{"@type":"ListItem","position":1,"name":"Home","item":"https:\/\/eveready.com\/lat\/chile\/"},{"@type":"ListItem","position":2,"name":"Products","item":"https:\/\/eveready.com\/lat\/chile\/shop\/"},{"@type":"ListItem","position":3,"name":"EVEREADY\u00ae VALUE \u00c1REA 350"}]},{"@type":"WebSite","@id":"https:\/\/eveready.com\/lat\/chile\/#website","url":"https:\/\/eveready.com\/lat\/chile\/","name":"Eveready Chile","description":"","publisher":{"@id":"https:\/\/eveready.com\/lat\/chile\/#organization"},"potentialAction":[{"@type":"SearchAction","target":{"@type":"EntryPoint","urlTemplate":"https:\/\/eveready.com\/lat\/chile\/?s={search_term_string}"},"query-input":{"@type":"PropertyValueSpecification","valueRequired":true,"valueName":"search_term_string"}}],"inLanguage":"en-US"},{"@type":"Organization","@id":"https:\/\/eveready.com\/lat\/chile\/#organization","name":"Eveready Chile","url":"https:\/\/eveready.com\/lat\/chile\/","logo":{"@type":"ImageObject","inLanguage":"en-US","@id":"https:\/\/eveready.com\/lat\/chile\/#\/schema\/logo\/image\/","url":"https:\/\/eveready.com\/lat\/chile\/wp-content\/uploads\/sites\/9\/2025\/08\/logo-eveready.png","contentUrl":"https:\/\/eveready.com\/lat\/chile\/wp-content\/uploads\/sites\/9\/2025\/08\/logo-eveready.png","width":855,"height":220,"caption":"Eveready Chile"},"image":{"@id":"https:\/\/eveready.com\/lat\/chile\/#\/schema\/logo\/image\/"}}]}},"acf":[],"_links":{"self":[{"href":"https:\/\/eveready.com\/lat\/chile\/wp-json\/wp\/v2\/product\/5027","targetHints":{"allow":["GET"]}}],"collection":[{"href":"https:\/\/eveready.com\/lat\/chile\/wp-json\/wp\/v2\/product"}],"about":[{"href":"https:\/\/eveready.com\/lat\/chile\/wp-json\/wp\/v2\/types\/product"}],"replies":[{"embeddable":true,"href":"https:\/\/eveready.com\/lat\/chile\/wp-json\/wp\/v2\/comments?post=5027"}],"wp:featuredmedia":[{"embeddable":true,"href":"https:\/\/eveready.com\/lat\/chile\/wp-json\/wp\/v2\/media\/5014"}],"wp:attachment":[{"href":"https:\/\/eveready.com\/lat\/chile\/wp-json\/wp\/v2\/media?parent=5027"}],"wp:term":[{"taxonomy":"product_brand","embeddable":true,"href":"https:\/\/eveready.com\/lat\/chile\/wp-json\/wp\/v2\/product_brand?post=5027"},{"taxonomy":"product_cat","embeddable":true,"href":"https:\/\/eveready.com\/lat\/chile\/wp-json\/wp\/v2\/product_cat?post=5027"},{"taxonomy":"product_tag","embeddable":true,"href":"https:\/\/eveready.com\/lat\/chile\/wp-json\/wp\/v2\/product_tag?post=5027"}],"curies":[{"name":"wp","href":"https:\/\/api.w.org\/{rel}","templated":true}]}}