{"id":5028,"date":"2026-01-22T03:41:39","date_gmt":"2026-01-22T08:41:39","guid":{"rendered":"https:\/\/eveready.com\/lat\/chile\/?post_type=product&#038;p=5028"},"modified":"2026-02-27T05:08:39","modified_gmt":"2026-02-27T10:08:39","slug":"eveready-value-rechargable-225","status":"publish","type":"product","link":"https:\/\/eveready.com\/lat\/chile\/product\/eveready-value-rechargable-225\/","title":{"rendered":"EVEREADY\u00ae VALUE RECARGABLE 225"},"content":{"rendered":"<p><strong>Caracter\u00edsticas y Beneficios<\/strong><\/p>\n<ul>\n<li>Hasta 5 veces m\u00e1s brillante que la tecnolog\u00eda LED est\u00e1ndar<\/li>\n<li>3 modos: rojo, alto, bajo<\/li>\n<li>Brillante, compacta y liviana, cuenta con tecnolog\u00eda LED<\/li>\n<li>Construcci\u00f3n duradera y lente a prueba de roturas<\/li>\n<li>Recargable. Se carga completamente en 8 horas<\/li>\n<li>Cabezal pivotante para dirigir la luz exactamente donde se necesita<\/li>\n<\/ul>\n","protected":false},"excerpt":{"rendered":"<p>Compacta, c\u00f3moda, fiable y f\u00e1cil de usar, esta linterna frontal recargable es una soluci\u00f3n inteligente y manos libres para cualquier actividad en interiores o exteriores. Su elegante dise\u00f1o la convierte en una luz ideal para actividades al aire libre y su potente haz luminoso es perfecto para cualquier proyecto en interiores o de bricolaje. Esta linterna tiene 3 modos de iluminaci\u00f3n (alto, bajo y rojo) e incluye una bater\u00eda recargable y un cable de carga Micro-USB. Se puede recargar directamente mediante un cargador port\u00e1til (power bank), un cargador para auto u otra fuente de energ\u00eda USB cuando se agota, sin necesidad de comprar bater\u00edas adicionales. Su construcci\u00f3n duradera y su cinta ajustable para la cabeza la convierten en una opci\u00f3n vers\u00e1til y fiable.<\/p>\n","protected":false},"featured_media":5016,"comment_status":"open","ping_status":"closed","template":"","meta":{"_acf_changed":false},"product_brand":[],"product_cat":[62],"product_tag":[],"class_list":{"0":"post-5028","1":"product","2":"type-product","3":"status-publish","4":"has-post-thumbnail","6":"product_cat-hands-free","8":"first","9":"instock","10":"shipping-taxable","11":"product-type-simple"},"yoast_head":"<!-- This site is optimized with the Yoast SEO plugin v27.4 - https:\/\/yoast.com\/product\/yoast-seo-wordpress\/ -->\n<title>EVEREADY\u00ae VALUE RECARGABLE 225 - Eveready Chile<\/title>\n<meta name=\"robots\" content=\"index, follow, max-snippet:-1, max-image-preview:large, max-video-preview:-1\" \/>\n<link rel=\"canonical\" href=\"https:\/\/eveready.com\/lat\/chile\/product\/eveready-value-rechargable-225\/\" \/>\n<meta property=\"og:locale\" content=\"en_US\" \/>\n<meta property=\"og:type\" content=\"article\" \/>\n<meta property=\"og:title\" content=\"EVEREADY\u00ae VALUE RECARGABLE 225 - Eveready Chile\" \/>\n<meta property=\"og:description\" content=\"Compacta, c\u00f3moda, fiable y f\u00e1cil de usar, esta linterna frontal recargable es una soluci\u00f3n inteligente y manos libres para cualquier actividad en interiores o exteriores. Su elegante dise\u00f1o la convierte en una luz ideal para actividades al aire libre y su potente haz luminoso es perfecto para cualquier proyecto en interiores o de bricolaje. Esta linterna tiene 3 modos de iluminaci\u00f3n (alto, bajo y rojo) e incluye una bater\u00eda recargable y un cable de carga Micro-USB. Se puede recargar directamente mediante un cargador port\u00e1til (power bank), un cargador para auto u otra fuente de energ\u00eda USB cuando se agota, sin necesidad de comprar bater\u00edas adicionales. Su construcci\u00f3n duradera y su cinta ajustable para la cabeza la convierten en una opci\u00f3n vers\u00e1til y fiable.\" \/>\n<meta property=\"og:url\" content=\"https:\/\/eveready.com\/lat\/chile\/product\/eveready-value-rechargable-225\/\" \/>\n<meta property=\"og:site_name\" content=\"Eveready Chile\" \/>\n<meta property=\"article:modified_time\" content=\"2026-02-27T10:08:39+00:00\" \/>\n<meta property=\"og:image\" content=\"https:\/\/eveready.com\/lat\/chile\/wp-content\/uploads\/sites\/9\/2026\/01\/Eveready\u00ae-VALUE-RECHARGABLE-225.png\" \/>\n\t<meta property=\"og:image:width\" content=\"800\" \/>\n\t<meta property=\"og:image:height\" content=\"800\" \/>\n\t<meta property=\"og:image:type\" content=\"image\/png\" \/>\n<meta name=\"twitter:card\" content=\"summary_large_image\" \/>\n<meta name=\"twitter:label1\" content=\"Est. reading time\" \/>\n\t<meta name=\"twitter:data1\" content=\"1 minute\" \/>\n<script type=\"application\/ld+json\" class=\"yoast-schema-graph\">{\"@context\":\"https:\\\/\\\/schema.org\",\"@graph\":[{\"@type\":\"WebPage\",\"@id\":\"https:\\\/\\\/eveready.com\\\/lat\\\/chile\\\/product\\\/eveready-value-rechargable-225\\\/\",\"url\":\"https:\\\/\\\/eveready.com\\\/lat\\\/chile\\\/product\\\/eveready-value-rechargable-225\\\/\",\"name\":\"EVEREADY\u00ae VALUE RECARGABLE 225 - Eveready Chile\",\"isPartOf\":{\"@id\":\"https:\\\/\\\/eveready.com\\\/lat\\\/chile\\\/#website\"},\"primaryImageOfPage\":{\"@id\":\"https:\\\/\\\/eveready.com\\\/lat\\\/chile\\\/product\\\/eveready-value-rechargable-225\\\/#primaryimage\"},\"image\":{\"@id\":\"https:\\\/\\\/eveready.com\\\/lat\\\/chile\\\/product\\\/eveready-value-rechargable-225\\\/#primaryimage\"},\"thumbnailUrl\":\"https:\\\/\\\/eveready.com\\\/lat\\\/chile\\\/wp-content\\\/uploads\\\/sites\\\/9\\\/2026\\\/01\\\/Eveready\u00ae-VALUE-RECHARGABLE-225.png\",\"datePublished\":\"2026-01-22T08:41:39+00:00\",\"dateModified\":\"2026-02-27T10:08:39+00:00\",\"breadcrumb\":{\"@id\":\"https:\\\/\\\/eveready.com\\\/lat\\\/chile\\\/product\\\/eveready-value-rechargable-225\\\/#breadcrumb\"},\"inLanguage\":\"en-US\",\"potentialAction\":[{\"@type\":\"ReadAction\",\"target\":[\"https:\\\/\\\/eveready.com\\\/lat\\\/chile\\\/product\\\/eveready-value-rechargable-225\\\/\"]}]},{\"@type\":\"ImageObject\",\"inLanguage\":\"en-US\",\"@id\":\"https:\\\/\\\/eveready.com\\\/lat\\\/chile\\\/product\\\/eveready-value-rechargable-225\\\/#primaryimage\",\"url\":\"https:\\\/\\\/eveready.com\\\/lat\\\/chile\\\/wp-content\\\/uploads\\\/sites\\\/9\\\/2026\\\/01\\\/Eveready\u00ae-VALUE-RECHARGABLE-225.png\",\"contentUrl\":\"https:\\\/\\\/eveready.com\\\/lat\\\/chile\\\/wp-content\\\/uploads\\\/sites\\\/9\\\/2026\\\/01\\\/Eveready\u00ae-VALUE-RECHARGABLE-225.png\",\"width\":800,\"height\":800},{\"@type\":\"BreadcrumbList\",\"@id\":\"https:\\\/\\\/eveready.com\\\/lat\\\/chile\\\/product\\\/eveready-value-rechargable-225\\\/#breadcrumb\",\"itemListElement\":[{\"@type\":\"ListItem\",\"position\":1,\"name\":\"Home\",\"item\":\"https:\\\/\\\/eveready.com\\\/lat\\\/chile\\\/\"},{\"@type\":\"ListItem\",\"position\":2,\"name\":\"Products\",\"item\":\"https:\\\/\\\/eveready.com\\\/lat\\\/chile\\\/shop\\\/\"},{\"@type\":\"ListItem\",\"position\":3,\"name\":\"EVEREADY\u00ae VALUE RECARGABLE 225\"}]},{\"@type\":\"WebSite\",\"@id\":\"https:\\\/\\\/eveready.com\\\/lat\\\/chile\\\/#website\",\"url\":\"https:\\\/\\\/eveready.com\\\/lat\\\/chile\\\/\",\"name\":\"Eveready Chile\",\"description\":\"\",\"publisher\":{\"@id\":\"https:\\\/\\\/eveready.com\\\/lat\\\/chile\\\/#organization\"},\"potentialAction\":[{\"@type\":\"SearchAction\",\"target\":{\"@type\":\"EntryPoint\",\"urlTemplate\":\"https:\\\/\\\/eveready.com\\\/lat\\\/chile\\\/?s={search_term_string}\"},\"query-input\":{\"@type\":\"PropertyValueSpecification\",\"valueRequired\":true,\"valueName\":\"search_term_string\"}}],\"inLanguage\":\"en-US\"},{\"@type\":\"Organization\",\"@id\":\"https:\\\/\\\/eveready.com\\\/lat\\\/chile\\\/#organization\",\"name\":\"Eveready Chile\",\"url\":\"https:\\\/\\\/eveready.com\\\/lat\\\/chile\\\/\",\"logo\":{\"@type\":\"ImageObject\",\"inLanguage\":\"en-US\",\"@id\":\"https:\\\/\\\/eveready.com\\\/lat\\\/chile\\\/#\\\/schema\\\/logo\\\/image\\\/\",\"url\":\"https:\\\/\\\/eveready.com\\\/lat\\\/chile\\\/wp-content\\\/uploads\\\/sites\\\/9\\\/2025\\\/08\\\/logo-eveready.png\",\"contentUrl\":\"https:\\\/\\\/eveready.com\\\/lat\\\/chile\\\/wp-content\\\/uploads\\\/sites\\\/9\\\/2025\\\/08\\\/logo-eveready.png\",\"width\":855,\"height\":220,\"caption\":\"Eveready Chile\"},\"image\":{\"@id\":\"https:\\\/\\\/eveready.com\\\/lat\\\/chile\\\/#\\\/schema\\\/logo\\\/image\\\/\"}}]}<\/script>\n<!-- \/ Yoast SEO plugin. -->","yoast_head_json":{"title":"EVEREADY\u00ae VALUE RECARGABLE 225 - Eveready Chile","robots":{"index":"index","follow":"follow","max-snippet":"max-snippet:-1","max-image-preview":"max-image-preview:large","max-video-preview":"max-video-preview:-1"},"canonical":"https:\/\/eveready.com\/lat\/chile\/product\/eveready-value-rechargable-225\/","og_locale":"en_US","og_type":"article","og_title":"EVEREADY\u00ae VALUE RECARGABLE 225 - Eveready Chile","og_description":"Compacta, c\u00f3moda, fiable y f\u00e1cil de usar, esta linterna frontal recargable es una soluci\u00f3n inteligente y manos libres para cualquier actividad en interiores o exteriores. Su elegante dise\u00f1o la convierte en una luz ideal para actividades al aire libre y su potente haz luminoso es perfecto para cualquier proyecto en interiores o de bricolaje. Esta linterna tiene 3 modos de iluminaci\u00f3n (alto, bajo y rojo) e incluye una bater\u00eda recargable y un cable de carga Micro-USB. Se puede recargar directamente mediante un cargador port\u00e1til (power bank), un cargador para auto u otra fuente de energ\u00eda USB cuando se agota, sin necesidad de comprar bater\u00edas adicionales. Su construcci\u00f3n duradera y su cinta ajustable para la cabeza la convierten en una opci\u00f3n vers\u00e1til y fiable.","og_url":"https:\/\/eveready.com\/lat\/chile\/product\/eveready-value-rechargable-225\/","og_site_name":"Eveready Chile","article_modified_time":"2026-02-27T10:08:39+00:00","og_image":[{"width":800,"height":800,"url":"https:\/\/eveready.com\/lat\/chile\/wp-content\/uploads\/sites\/9\/2026\/01\/Eveready\u00ae-VALUE-RECHARGABLE-225.png","type":"image\/png"}],"twitter_card":"summary_large_image","twitter_misc":{"Est. reading time":"1 minute"},"schema":{"@context":"https:\/\/schema.org","@graph":[{"@type":"WebPage","@id":"https:\/\/eveready.com\/lat\/chile\/product\/eveready-value-rechargable-225\/","url":"https:\/\/eveready.com\/lat\/chile\/product\/eveready-value-rechargable-225\/","name":"EVEREADY\u00ae VALUE RECARGABLE 225 - Eveready Chile","isPartOf":{"@id":"https:\/\/eveready.com\/lat\/chile\/#website"},"primaryImageOfPage":{"@id":"https:\/\/eveready.com\/lat\/chile\/product\/eveready-value-rechargable-225\/#primaryimage"},"image":{"@id":"https:\/\/eveready.com\/lat\/chile\/product\/eveready-value-rechargable-225\/#primaryimage"},"thumbnailUrl":"https:\/\/eveready.com\/lat\/chile\/wp-content\/uploads\/sites\/9\/2026\/01\/Eveready\u00ae-VALUE-RECHARGABLE-225.png","datePublished":"2026-01-22T08:41:39+00:00","dateModified":"2026-02-27T10:08:39+00:00","breadcrumb":{"@id":"https:\/\/eveready.com\/lat\/chile\/product\/eveready-value-rechargable-225\/#breadcrumb"},"inLanguage":"en-US","potentialAction":[{"@type":"ReadAction","target":["https:\/\/eveready.com\/lat\/chile\/product\/eveready-value-rechargable-225\/"]}]},{"@type":"ImageObject","inLanguage":"en-US","@id":"https:\/\/eveready.com\/lat\/chile\/product\/eveready-value-rechargable-225\/#primaryimage","url":"https:\/\/eveready.com\/lat\/chile\/wp-content\/uploads\/sites\/9\/2026\/01\/Eveready\u00ae-VALUE-RECHARGABLE-225.png","contentUrl":"https:\/\/eveready.com\/lat\/chile\/wp-content\/uploads\/sites\/9\/2026\/01\/Eveready\u00ae-VALUE-RECHARGABLE-225.png","width":800,"height":800},{"@type":"BreadcrumbList","@id":"https:\/\/eveready.com\/lat\/chile\/product\/eveready-value-rechargable-225\/#breadcrumb","itemListElement":[{"@type":"ListItem","position":1,"name":"Home","item":"https:\/\/eveready.com\/lat\/chile\/"},{"@type":"ListItem","position":2,"name":"Products","item":"https:\/\/eveready.com\/lat\/chile\/shop\/"},{"@type":"ListItem","position":3,"name":"EVEREADY\u00ae VALUE RECARGABLE 225"}]},{"@type":"WebSite","@id":"https:\/\/eveready.com\/lat\/chile\/#website","url":"https:\/\/eveready.com\/lat\/chile\/","name":"Eveready Chile","description":"","publisher":{"@id":"https:\/\/eveready.com\/lat\/chile\/#organization"},"potentialAction":[{"@type":"SearchAction","target":{"@type":"EntryPoint","urlTemplate":"https:\/\/eveready.com\/lat\/chile\/?s={search_term_string}"},"query-input":{"@type":"PropertyValueSpecification","valueRequired":true,"valueName":"search_term_string"}}],"inLanguage":"en-US"},{"@type":"Organization","@id":"https:\/\/eveready.com\/lat\/chile\/#organization","name":"Eveready Chile","url":"https:\/\/eveready.com\/lat\/chile\/","logo":{"@type":"ImageObject","inLanguage":"en-US","@id":"https:\/\/eveready.com\/lat\/chile\/#\/schema\/logo\/image\/","url":"https:\/\/eveready.com\/lat\/chile\/wp-content\/uploads\/sites\/9\/2025\/08\/logo-eveready.png","contentUrl":"https:\/\/eveready.com\/lat\/chile\/wp-content\/uploads\/sites\/9\/2025\/08\/logo-eveready.png","width":855,"height":220,"caption":"Eveready Chile"},"image":{"@id":"https:\/\/eveready.com\/lat\/chile\/#\/schema\/logo\/image\/"}}]}},"acf":[],"_links":{"self":[{"href":"https:\/\/eveready.com\/lat\/chile\/wp-json\/wp\/v2\/product\/5028","targetHints":{"allow":["GET"]}}],"collection":[{"href":"https:\/\/eveready.com\/lat\/chile\/wp-json\/wp\/v2\/product"}],"about":[{"href":"https:\/\/eveready.com\/lat\/chile\/wp-json\/wp\/v2\/types\/product"}],"replies":[{"embeddable":true,"href":"https:\/\/eveready.com\/lat\/chile\/wp-json\/wp\/v2\/comments?post=5028"}],"wp:featuredmedia":[{"embeddable":true,"href":"https:\/\/eveready.com\/lat\/chile\/wp-json\/wp\/v2\/media\/5016"}],"wp:attachment":[{"href":"https:\/\/eveready.com\/lat\/chile\/wp-json\/wp\/v2\/media?parent=5028"}],"wp:term":[{"taxonomy":"product_brand","embeddable":true,"href":"https:\/\/eveready.com\/lat\/chile\/wp-json\/wp\/v2\/product_brand?post=5028"},{"taxonomy":"product_cat","embeddable":true,"href":"https:\/\/eveready.com\/lat\/chile\/wp-json\/wp\/v2\/product_cat?post=5028"},{"taxonomy":"product_tag","embeddable":true,"href":"https:\/\/eveready.com\/lat\/chile\/wp-json\/wp\/v2\/product_tag?post=5028"}],"curies":[{"name":"wp","href":"https:\/\/api.w.org\/{rel}","templated":true}]}}