{"id":4831,"date":"2025-12-11T03:27:07","date_gmt":"2025-12-11T08:27:07","guid":{"rendered":"https:\/\/eveready.com\/lat\/ecuador\/?post_type=product&#038;p=4831"},"modified":"2026-02-11T07:06:54","modified_gmt":"2026-02-11T12:06:54","slug":"eveready-super-heavy-duty-aaa","status":"publish","type":"product","link":"https:\/\/eveready.com\/lat\/ecuador\/product\/eveready-super-heavy-duty-aaa\/","title":{"rendered":"Eveready\u00ae Super Heavy Duty\u2122 AAA"},"content":{"rendered":"<p><strong>Caracter\u00edsticas y Beneficios<\/strong><\/p>\n<ul>\n<li>Paquete de 2&#215;12 pilas Eveready\u00ae Super Heavy Duty\u2122 AAA, Carbon Zinc<\/li>\n<li>Dura hasta 4 a\u00f1os en almacenamiento<\/li>\n<li>Sin aditivos de Mercurio y Cadmio<\/li>\n<li>Dise\u00f1o Anti Derrame<\/li>\n<\/ul>\n","protected":false},"excerpt":{"rendered":"<p>Usa Eveready para alimentar tus dispositivos de uso diario. Las pilas Eveready\u00ae Super Heavy Duty\u2122 AAA ofrecen una calidad confiable a un precio accesible. Las pilas cuentan con un dise\u00f1o resistente a las fugas y est\u00e1n listas para usar hasta 4 a\u00f1os despu\u00e9s de su almacenamiento. Utiliza Eveready para dar energ\u00eda a los dispositivos que usas cada d\u00eda.<\/p>\n","protected":false},"featured_media":4837,"comment_status":"open","ping_status":"closed","template":"","meta":{"_acf_changed":false},"product_brand":[],"product_cat":[38],"product_tag":[],"class_list":{"0":"post-4831","1":"product","2":"type-product","3":"status-publish","4":"has-post-thumbnail","6":"product_cat-eveready-super-heavy-duty","8":"first","9":"instock","10":"shipping-taxable","11":"product-type-simple"},"yoast_head":"<!-- This site is optimized with the Yoast SEO plugin v27.4 - https:\/\/yoast.com\/product\/yoast-seo-wordpress\/ -->\n<title>Eveready\u00ae Super Heavy Duty\u2122 AAA - Eveready Ecuador<\/title>\n<meta name=\"robots\" content=\"index, follow, max-snippet:-1, max-image-preview:large, max-video-preview:-1\" \/>\n<link rel=\"canonical\" href=\"https:\/\/eveready.com\/lat\/ecuador\/product\/eveready-super-heavy-duty-aaa\/\" \/>\n<meta property=\"og:locale\" content=\"en_US\" \/>\n<meta property=\"og:type\" content=\"article\" \/>\n<meta property=\"og:title\" content=\"Eveready\u00ae Super Heavy Duty\u2122 AAA - Eveready Ecuador\" \/>\n<meta property=\"og:description\" content=\"Usa Eveready para alimentar tus dispositivos de uso diario. Las pilas Eveready\u00ae Super Heavy Duty\u2122 AAA ofrecen una calidad confiable a un precio accesible. Las pilas cuentan con un dise\u00f1o resistente a las fugas y est\u00e1n listas para usar hasta 4 a\u00f1os despu\u00e9s de su almacenamiento. Utiliza Eveready para dar energ\u00eda a los dispositivos que usas cada d\u00eda.\" \/>\n<meta property=\"og:url\" content=\"https:\/\/eveready.com\/lat\/ecuador\/product\/eveready-super-heavy-duty-aaa\/\" \/>\n<meta property=\"og:site_name\" content=\"Eveready Ecuador\" \/>\n<meta property=\"article:modified_time\" content=\"2026-02-11T12:06:54+00:00\" \/>\n<meta property=\"og:image\" content=\"https:\/\/eveready.com\/lat\/ecuador\/wp-content\/uploads\/sites\/3\/2025\/12\/evr-AAA2.png\" \/>\n\t<meta property=\"og:image:width\" content=\"800\" \/>\n\t<meta property=\"og:image:height\" content=\"800\" \/>\n\t<meta property=\"og:image:type\" content=\"image\/png\" \/>\n<meta name=\"twitter:card\" content=\"summary_large_image\" \/>\n<meta name=\"twitter:label1\" content=\"Est. reading time\" \/>\n\t<meta name=\"twitter:data1\" content=\"1 minute\" \/>\n<script type=\"application\/ld+json\" class=\"yoast-schema-graph\">{\"@context\":\"https:\\\/\\\/schema.org\",\"@graph\":[{\"@type\":\"WebPage\",\"@id\":\"https:\\\/\\\/eveready.com\\\/lat\\\/ecuador\\\/product\\\/eveready-super-heavy-duty-aaa\\\/\",\"url\":\"https:\\\/\\\/eveready.com\\\/lat\\\/ecuador\\\/product\\\/eveready-super-heavy-duty-aaa\\\/\",\"name\":\"Eveready\u00ae Super Heavy Duty\u2122 AAA - Eveready Ecuador\",\"isPartOf\":{\"@id\":\"https:\\\/\\\/eveready.com\\\/lat\\\/ecuador\\\/#website\"},\"primaryImageOfPage\":{\"@id\":\"https:\\\/\\\/eveready.com\\\/lat\\\/ecuador\\\/product\\\/eveready-super-heavy-duty-aaa\\\/#primaryimage\"},\"image\":{\"@id\":\"https:\\\/\\\/eveready.com\\\/lat\\\/ecuador\\\/product\\\/eveready-super-heavy-duty-aaa\\\/#primaryimage\"},\"thumbnailUrl\":\"https:\\\/\\\/eveready.com\\\/lat\\\/ecuador\\\/wp-content\\\/uploads\\\/sites\\\/3\\\/2025\\\/12\\\/evr-AAA2.png\",\"datePublished\":\"2025-12-11T08:27:07+00:00\",\"dateModified\":\"2026-02-11T12:06:54+00:00\",\"breadcrumb\":{\"@id\":\"https:\\\/\\\/eveready.com\\\/lat\\\/ecuador\\\/product\\\/eveready-super-heavy-duty-aaa\\\/#breadcrumb\"},\"inLanguage\":\"en-US\",\"potentialAction\":[{\"@type\":\"ReadAction\",\"target\":[\"https:\\\/\\\/eveready.com\\\/lat\\\/ecuador\\\/product\\\/eveready-super-heavy-duty-aaa\\\/\"]}]},{\"@type\":\"ImageObject\",\"inLanguage\":\"en-US\",\"@id\":\"https:\\\/\\\/eveready.com\\\/lat\\\/ecuador\\\/product\\\/eveready-super-heavy-duty-aaa\\\/#primaryimage\",\"url\":\"https:\\\/\\\/eveready.com\\\/lat\\\/ecuador\\\/wp-content\\\/uploads\\\/sites\\\/3\\\/2025\\\/12\\\/evr-AAA2.png\",\"contentUrl\":\"https:\\\/\\\/eveready.com\\\/lat\\\/ecuador\\\/wp-content\\\/uploads\\\/sites\\\/3\\\/2025\\\/12\\\/evr-AAA2.png\",\"width\":800,\"height\":800},{\"@type\":\"BreadcrumbList\",\"@id\":\"https:\\\/\\\/eveready.com\\\/lat\\\/ecuador\\\/product\\\/eveready-super-heavy-duty-aaa\\\/#breadcrumb\",\"itemListElement\":[{\"@type\":\"ListItem\",\"position\":1,\"name\":\"Home\",\"item\":\"https:\\\/\\\/eveready.com\\\/lat\\\/ecuador\\\/\"},{\"@type\":\"ListItem\",\"position\":2,\"name\":\"Products\",\"item\":\"https:\\\/\\\/eveready.com\\\/lat\\\/ecuador\\\/shop\\\/\"},{\"@type\":\"ListItem\",\"position\":3,\"name\":\"Eveready\u00ae Super Heavy Duty\u2122 AAA\"}]},{\"@type\":\"WebSite\",\"@id\":\"https:\\\/\\\/eveready.com\\\/lat\\\/ecuador\\\/#website\",\"url\":\"https:\\\/\\\/eveready.com\\\/lat\\\/ecuador\\\/\",\"name\":\"Eveready Ecuador\",\"description\":\"\",\"publisher\":{\"@id\":\"https:\\\/\\\/eveready.com\\\/lat\\\/ecuador\\\/#organization\"},\"potentialAction\":[{\"@type\":\"SearchAction\",\"target\":{\"@type\":\"EntryPoint\",\"urlTemplate\":\"https:\\\/\\\/eveready.com\\\/lat\\\/ecuador\\\/?s={search_term_string}\"},\"query-input\":{\"@type\":\"PropertyValueSpecification\",\"valueRequired\":true,\"valueName\":\"search_term_string\"}}],\"inLanguage\":\"en-US\"},{\"@type\":\"Organization\",\"@id\":\"https:\\\/\\\/eveready.com\\\/lat\\\/ecuador\\\/#organization\",\"name\":\"Eveready Ecuador\",\"url\":\"https:\\\/\\\/eveready.com\\\/lat\\\/ecuador\\\/\",\"logo\":{\"@type\":\"ImageObject\",\"inLanguage\":\"en-US\",\"@id\":\"https:\\\/\\\/eveready.com\\\/lat\\\/ecuador\\\/#\\\/schema\\\/logo\\\/image\\\/\",\"url\":\"https:\\\/\\\/eveready.com\\\/lat\\\/ecuador\\\/wp-content\\\/uploads\\\/sites\\\/3\\\/2025\\\/08\\\/logo-eveready.png\",\"contentUrl\":\"https:\\\/\\\/eveready.com\\\/lat\\\/ecuador\\\/wp-content\\\/uploads\\\/sites\\\/3\\\/2025\\\/08\\\/logo-eveready.png\",\"width\":855,\"height\":220,\"caption\":\"Eveready Ecuador\"},\"image\":{\"@id\":\"https:\\\/\\\/eveready.com\\\/lat\\\/ecuador\\\/#\\\/schema\\\/logo\\\/image\\\/\"}}]}<\/script>\n<!-- \/ Yoast SEO plugin. -->","yoast_head_json":{"title":"Eveready\u00ae Super Heavy Duty\u2122 AAA - Eveready Ecuador","robots":{"index":"index","follow":"follow","max-snippet":"max-snippet:-1","max-image-preview":"max-image-preview:large","max-video-preview":"max-video-preview:-1"},"canonical":"https:\/\/eveready.com\/lat\/ecuador\/product\/eveready-super-heavy-duty-aaa\/","og_locale":"en_US","og_type":"article","og_title":"Eveready\u00ae Super Heavy Duty\u2122 AAA - Eveready Ecuador","og_description":"Usa Eveready para alimentar tus dispositivos de uso diario. Las pilas Eveready\u00ae Super Heavy Duty\u2122 AAA ofrecen una calidad confiable a un precio accesible. Las pilas cuentan con un dise\u00f1o resistente a las fugas y est\u00e1n listas para usar hasta 4 a\u00f1os despu\u00e9s de su almacenamiento. Utiliza Eveready para dar energ\u00eda a los dispositivos que usas cada d\u00eda.","og_url":"https:\/\/eveready.com\/lat\/ecuador\/product\/eveready-super-heavy-duty-aaa\/","og_site_name":"Eveready Ecuador","article_modified_time":"2026-02-11T12:06:54+00:00","og_image":[{"width":800,"height":800,"url":"https:\/\/eveready.com\/lat\/ecuador\/wp-content\/uploads\/sites\/3\/2025\/12\/evr-AAA2.png","type":"image\/png"}],"twitter_card":"summary_large_image","twitter_misc":{"Est. reading time":"1 minute"},"schema":{"@context":"https:\/\/schema.org","@graph":[{"@type":"WebPage","@id":"https:\/\/eveready.com\/lat\/ecuador\/product\/eveready-super-heavy-duty-aaa\/","url":"https:\/\/eveready.com\/lat\/ecuador\/product\/eveready-super-heavy-duty-aaa\/","name":"Eveready\u00ae Super Heavy Duty\u2122 AAA - Eveready Ecuador","isPartOf":{"@id":"https:\/\/eveready.com\/lat\/ecuador\/#website"},"primaryImageOfPage":{"@id":"https:\/\/eveready.com\/lat\/ecuador\/product\/eveready-super-heavy-duty-aaa\/#primaryimage"},"image":{"@id":"https:\/\/eveready.com\/lat\/ecuador\/product\/eveready-super-heavy-duty-aaa\/#primaryimage"},"thumbnailUrl":"https:\/\/eveready.com\/lat\/ecuador\/wp-content\/uploads\/sites\/3\/2025\/12\/evr-AAA2.png","datePublished":"2025-12-11T08:27:07+00:00","dateModified":"2026-02-11T12:06:54+00:00","breadcrumb":{"@id":"https:\/\/eveready.com\/lat\/ecuador\/product\/eveready-super-heavy-duty-aaa\/#breadcrumb"},"inLanguage":"en-US","potentialAction":[{"@type":"ReadAction","target":["https:\/\/eveready.com\/lat\/ecuador\/product\/eveready-super-heavy-duty-aaa\/"]}]},{"@type":"ImageObject","inLanguage":"en-US","@id":"https:\/\/eveready.com\/lat\/ecuador\/product\/eveready-super-heavy-duty-aaa\/#primaryimage","url":"https:\/\/eveready.com\/lat\/ecuador\/wp-content\/uploads\/sites\/3\/2025\/12\/evr-AAA2.png","contentUrl":"https:\/\/eveready.com\/lat\/ecuador\/wp-content\/uploads\/sites\/3\/2025\/12\/evr-AAA2.png","width":800,"height":800},{"@type":"BreadcrumbList","@id":"https:\/\/eveready.com\/lat\/ecuador\/product\/eveready-super-heavy-duty-aaa\/#breadcrumb","itemListElement":[{"@type":"ListItem","position":1,"name":"Home","item":"https:\/\/eveready.com\/lat\/ecuador\/"},{"@type":"ListItem","position":2,"name":"Products","item":"https:\/\/eveready.com\/lat\/ecuador\/shop\/"},{"@type":"ListItem","position":3,"name":"Eveready\u00ae Super Heavy Duty\u2122 AAA"}]},{"@type":"WebSite","@id":"https:\/\/eveready.com\/lat\/ecuador\/#website","url":"https:\/\/eveready.com\/lat\/ecuador\/","name":"Eveready Ecuador","description":"","publisher":{"@id":"https:\/\/eveready.com\/lat\/ecuador\/#organization"},"potentialAction":[{"@type":"SearchAction","target":{"@type":"EntryPoint","urlTemplate":"https:\/\/eveready.com\/lat\/ecuador\/?s={search_term_string}"},"query-input":{"@type":"PropertyValueSpecification","valueRequired":true,"valueName":"search_term_string"}}],"inLanguage":"en-US"},{"@type":"Organization","@id":"https:\/\/eveready.com\/lat\/ecuador\/#organization","name":"Eveready Ecuador","url":"https:\/\/eveready.com\/lat\/ecuador\/","logo":{"@type":"ImageObject","inLanguage":"en-US","@id":"https:\/\/eveready.com\/lat\/ecuador\/#\/schema\/logo\/image\/","url":"https:\/\/eveready.com\/lat\/ecuador\/wp-content\/uploads\/sites\/3\/2025\/08\/logo-eveready.png","contentUrl":"https:\/\/eveready.com\/lat\/ecuador\/wp-content\/uploads\/sites\/3\/2025\/08\/logo-eveready.png","width":855,"height":220,"caption":"Eveready Ecuador"},"image":{"@id":"https:\/\/eveready.com\/lat\/ecuador\/#\/schema\/logo\/image\/"}}]}},"acf":[],"_links":{"self":[{"href":"https:\/\/eveready.com\/lat\/ecuador\/wp-json\/wp\/v2\/product\/4831","targetHints":{"allow":["GET"]}}],"collection":[{"href":"https:\/\/eveready.com\/lat\/ecuador\/wp-json\/wp\/v2\/product"}],"about":[{"href":"https:\/\/eveready.com\/lat\/ecuador\/wp-json\/wp\/v2\/types\/product"}],"replies":[{"embeddable":true,"href":"https:\/\/eveready.com\/lat\/ecuador\/wp-json\/wp\/v2\/comments?post=4831"}],"wp:featuredmedia":[{"embeddable":true,"href":"https:\/\/eveready.com\/lat\/ecuador\/wp-json\/wp\/v2\/media\/4837"}],"wp:attachment":[{"href":"https:\/\/eveready.com\/lat\/ecuador\/wp-json\/wp\/v2\/media?parent=4831"}],"wp:term":[{"taxonomy":"product_brand","embeddable":true,"href":"https:\/\/eveready.com\/lat\/ecuador\/wp-json\/wp\/v2\/product_brand?post=4831"},{"taxonomy":"product_cat","embeddable":true,"href":"https:\/\/eveready.com\/lat\/ecuador\/wp-json\/wp\/v2\/product_cat?post=4831"},{"taxonomy":"product_tag","embeddable":true,"href":"https:\/\/eveready.com\/lat\/ecuador\/wp-json\/wp\/v2\/product_tag?post=4831"}],"curies":[{"name":"wp","href":"https:\/\/api.w.org\/{rel}","templated":true}]}}