{"id":4834,"date":"2025-12-11T03:51:41","date_gmt":"2025-12-11T08:51:41","guid":{"rendered":"https:\/\/eveready.com\/lat\/ecuador\/?post_type=product&#038;p=4834"},"modified":"2026-02-10T07:59:25","modified_gmt":"2026-02-10T12:59:25","slug":"eveready-lampara-de-toque","status":"publish","type":"product","link":"https:\/\/eveready.com\/lat\/ecuador\/product\/eveready-lampara-de-toque\/","title":{"rendered":"EVEREADY\u00ae Tap Light"},"content":{"rendered":"<p><strong>Caracter\u00edsticas y Beneficios<\/strong><\/p>\n<ul>\n<li>Hasta 5 veces m\u00e1s brillante que la tecnolog\u00eda LED est\u00e1ndar<\/li>\n<li>Interruptor t\u00e1ctil f\u00e1cil de usar<\/li>\n<li>Construcci\u00f3n de pol\u00edmero resistente<\/li>\n<li>Funciona con 2 bater\u00edas AAA<\/li>\n<li>Se fija f\u00e1cilmente con adhesivo en la parte posterior<\/li>\n<\/ul>\n","protected":false},"excerpt":{"rendered":"<p>La Eveready\u00ae Tap Light ofrece iluminaci\u00f3n port\u00e1til y f\u00e1cil de instalar para espacios peque\u00f1os o de dif\u00edcil acceso. Cuenta con tecnolog\u00eda LED eficiente en energ\u00eda y respaldo adhesivo que se adhiere f\u00e1cilmente a cualquier superficie. Gracias a la comodidad de la energ\u00eda por pilas (2 AAA), la luz puede instalarse r\u00e1pidamente en armarios, gabinetes o cualquier lugar que necesite iluminaci\u00f3n adicional. La EVEREADY\u00ae Tap Light es muy f\u00e1cil de usar: basta con presionar el centro de la luz para encenderla y apagarla.<\/p>\n","protected":false},"featured_media":4842,"comment_status":"open","ping_status":"closed","template":"","meta":{"_acf_changed":false},"product_brand":[],"product_cat":[41,39],"product_tag":[],"class_list":{"0":"post-4834","1":"product","2":"type-product","3":"status-publish","4":"has-post-thumbnail","6":"product_cat-area-lights","7":"product_cat-lighting","9":"first","10":"instock","11":"shipping-taxable","12":"product-type-simple"},"yoast_head":"<!-- This site is optimized with the Yoast SEO plugin v27.4 - https:\/\/yoast.com\/product\/yoast-seo-wordpress\/ -->\n<title>EVEREADY\u00ae Tap Light - Eveready Ecuador<\/title>\n<meta name=\"robots\" content=\"index, follow, max-snippet:-1, max-image-preview:large, max-video-preview:-1\" \/>\n<link rel=\"canonical\" href=\"https:\/\/eveready.com\/lat\/ecuador\/product\/eveready-lampara-de-toque\/\" \/>\n<meta property=\"og:locale\" content=\"en_US\" \/>\n<meta property=\"og:type\" content=\"article\" \/>\n<meta property=\"og:title\" content=\"EVEREADY\u00ae Tap Light - Eveready Ecuador\" \/>\n<meta property=\"og:description\" content=\"La Eveready\u00ae Tap Light ofrece iluminaci\u00f3n port\u00e1til y f\u00e1cil de instalar para espacios peque\u00f1os o de dif\u00edcil acceso. Cuenta con tecnolog\u00eda LED eficiente en energ\u00eda y respaldo adhesivo que se adhiere f\u00e1cilmente a cualquier superficie. Gracias a la comodidad de la energ\u00eda por pilas (2 AAA), la luz puede instalarse r\u00e1pidamente en armarios, gabinetes o cualquier lugar que necesite iluminaci\u00f3n adicional. La EVEREADY\u00ae Tap Light es muy f\u00e1cil de usar: basta con presionar el centro de la luz para encenderla y apagarla.\" \/>\n<meta property=\"og:url\" content=\"https:\/\/eveready.com\/lat\/ecuador\/product\/eveready-lampara-de-toque\/\" \/>\n<meta property=\"og:site_name\" content=\"Eveready Ecuador\" \/>\n<meta property=\"article:modified_time\" content=\"2026-02-10T12:59:25+00:00\" \/>\n<meta property=\"og:image\" content=\"https:\/\/eveready.com\/lat\/ecuador\/wp-content\/uploads\/sites\/3\/2025\/12\/evr-Eveready\u00ae-EVEREADY\u00ae-Lampara-de-Toque-5x.png\" \/>\n\t<meta property=\"og:image:width\" content=\"800\" \/>\n\t<meta property=\"og:image:height\" content=\"800\" \/>\n\t<meta property=\"og:image:type\" content=\"image\/png\" \/>\n<meta name=\"twitter:card\" content=\"summary_large_image\" \/>\n<meta name=\"twitter:label1\" content=\"Est. reading time\" \/>\n\t<meta name=\"twitter:data1\" content=\"1 minute\" \/>\n<script type=\"application\/ld+json\" class=\"yoast-schema-graph\">{\"@context\":\"https:\\\/\\\/schema.org\",\"@graph\":[{\"@type\":\"WebPage\",\"@id\":\"https:\\\/\\\/eveready.com\\\/lat\\\/ecuador\\\/product\\\/eveready-lampara-de-toque\\\/\",\"url\":\"https:\\\/\\\/eveready.com\\\/lat\\\/ecuador\\\/product\\\/eveready-lampara-de-toque\\\/\",\"name\":\"EVEREADY\u00ae Tap Light - Eveready Ecuador\",\"isPartOf\":{\"@id\":\"https:\\\/\\\/eveready.com\\\/lat\\\/ecuador\\\/#website\"},\"primaryImageOfPage\":{\"@id\":\"https:\\\/\\\/eveready.com\\\/lat\\\/ecuador\\\/product\\\/eveready-lampara-de-toque\\\/#primaryimage\"},\"image\":{\"@id\":\"https:\\\/\\\/eveready.com\\\/lat\\\/ecuador\\\/product\\\/eveready-lampara-de-toque\\\/#primaryimage\"},\"thumbnailUrl\":\"https:\\\/\\\/eveready.com\\\/lat\\\/ecuador\\\/wp-content\\\/uploads\\\/sites\\\/3\\\/2025\\\/12\\\/evr-Eveready\u00ae-EVEREADY\u00ae-Lampara-de-Toque-5x.png\",\"datePublished\":\"2025-12-11T08:51:41+00:00\",\"dateModified\":\"2026-02-10T12:59:25+00:00\",\"breadcrumb\":{\"@id\":\"https:\\\/\\\/eveready.com\\\/lat\\\/ecuador\\\/product\\\/eveready-lampara-de-toque\\\/#breadcrumb\"},\"inLanguage\":\"en-US\",\"potentialAction\":[{\"@type\":\"ReadAction\",\"target\":[\"https:\\\/\\\/eveready.com\\\/lat\\\/ecuador\\\/product\\\/eveready-lampara-de-toque\\\/\"]}]},{\"@type\":\"ImageObject\",\"inLanguage\":\"en-US\",\"@id\":\"https:\\\/\\\/eveready.com\\\/lat\\\/ecuador\\\/product\\\/eveready-lampara-de-toque\\\/#primaryimage\",\"url\":\"https:\\\/\\\/eveready.com\\\/lat\\\/ecuador\\\/wp-content\\\/uploads\\\/sites\\\/3\\\/2025\\\/12\\\/evr-Eveready\u00ae-EVEREADY\u00ae-Lampara-de-Toque-5x.png\",\"contentUrl\":\"https:\\\/\\\/eveready.com\\\/lat\\\/ecuador\\\/wp-content\\\/uploads\\\/sites\\\/3\\\/2025\\\/12\\\/evr-Eveready\u00ae-EVEREADY\u00ae-Lampara-de-Toque-5x.png\",\"width\":800,\"height\":800},{\"@type\":\"BreadcrumbList\",\"@id\":\"https:\\\/\\\/eveready.com\\\/lat\\\/ecuador\\\/product\\\/eveready-lampara-de-toque\\\/#breadcrumb\",\"itemListElement\":[{\"@type\":\"ListItem\",\"position\":1,\"name\":\"Home\",\"item\":\"https:\\\/\\\/eveready.com\\\/lat\\\/ecuador\\\/\"},{\"@type\":\"ListItem\",\"position\":2,\"name\":\"Products\",\"item\":\"https:\\\/\\\/eveready.com\\\/lat\\\/ecuador\\\/shop\\\/\"},{\"@type\":\"ListItem\",\"position\":3,\"name\":\"EVEREADY\u00ae Tap Light\"}]},{\"@type\":\"WebSite\",\"@id\":\"https:\\\/\\\/eveready.com\\\/lat\\\/ecuador\\\/#website\",\"url\":\"https:\\\/\\\/eveready.com\\\/lat\\\/ecuador\\\/\",\"name\":\"Eveready Ecuador\",\"description\":\"\",\"publisher\":{\"@id\":\"https:\\\/\\\/eveready.com\\\/lat\\\/ecuador\\\/#organization\"},\"potentialAction\":[{\"@type\":\"SearchAction\",\"target\":{\"@type\":\"EntryPoint\",\"urlTemplate\":\"https:\\\/\\\/eveready.com\\\/lat\\\/ecuador\\\/?s={search_term_string}\"},\"query-input\":{\"@type\":\"PropertyValueSpecification\",\"valueRequired\":true,\"valueName\":\"search_term_string\"}}],\"inLanguage\":\"en-US\"},{\"@type\":\"Organization\",\"@id\":\"https:\\\/\\\/eveready.com\\\/lat\\\/ecuador\\\/#organization\",\"name\":\"Eveready Ecuador\",\"url\":\"https:\\\/\\\/eveready.com\\\/lat\\\/ecuador\\\/\",\"logo\":{\"@type\":\"ImageObject\",\"inLanguage\":\"en-US\",\"@id\":\"https:\\\/\\\/eveready.com\\\/lat\\\/ecuador\\\/#\\\/schema\\\/logo\\\/image\\\/\",\"url\":\"https:\\\/\\\/eveready.com\\\/lat\\\/ecuador\\\/wp-content\\\/uploads\\\/sites\\\/3\\\/2025\\\/08\\\/logo-eveready.png\",\"contentUrl\":\"https:\\\/\\\/eveready.com\\\/lat\\\/ecuador\\\/wp-content\\\/uploads\\\/sites\\\/3\\\/2025\\\/08\\\/logo-eveready.png\",\"width\":855,\"height\":220,\"caption\":\"Eveready Ecuador\"},\"image\":{\"@id\":\"https:\\\/\\\/eveready.com\\\/lat\\\/ecuador\\\/#\\\/schema\\\/logo\\\/image\\\/\"}}]}<\/script>\n<!-- \/ Yoast SEO plugin. -->","yoast_head_json":{"title":"EVEREADY\u00ae Tap Light - Eveready Ecuador","robots":{"index":"index","follow":"follow","max-snippet":"max-snippet:-1","max-image-preview":"max-image-preview:large","max-video-preview":"max-video-preview:-1"},"canonical":"https:\/\/eveready.com\/lat\/ecuador\/product\/eveready-lampara-de-toque\/","og_locale":"en_US","og_type":"article","og_title":"EVEREADY\u00ae Tap Light - Eveready Ecuador","og_description":"La Eveready\u00ae Tap Light ofrece iluminaci\u00f3n port\u00e1til y f\u00e1cil de instalar para espacios peque\u00f1os o de dif\u00edcil acceso. Cuenta con tecnolog\u00eda LED eficiente en energ\u00eda y respaldo adhesivo que se adhiere f\u00e1cilmente a cualquier superficie. Gracias a la comodidad de la energ\u00eda por pilas (2 AAA), la luz puede instalarse r\u00e1pidamente en armarios, gabinetes o cualquier lugar que necesite iluminaci\u00f3n adicional. La EVEREADY\u00ae Tap Light es muy f\u00e1cil de usar: basta con presionar el centro de la luz para encenderla y apagarla.","og_url":"https:\/\/eveready.com\/lat\/ecuador\/product\/eveready-lampara-de-toque\/","og_site_name":"Eveready Ecuador","article_modified_time":"2026-02-10T12:59:25+00:00","og_image":[{"width":800,"height":800,"url":"https:\/\/eveready.com\/lat\/ecuador\/wp-content\/uploads\/sites\/3\/2025\/12\/evr-Eveready\u00ae-EVEREADY\u00ae-Lampara-de-Toque-5x.png","type":"image\/png"}],"twitter_card":"summary_large_image","twitter_misc":{"Est. reading time":"1 minute"},"schema":{"@context":"https:\/\/schema.org","@graph":[{"@type":"WebPage","@id":"https:\/\/eveready.com\/lat\/ecuador\/product\/eveready-lampara-de-toque\/","url":"https:\/\/eveready.com\/lat\/ecuador\/product\/eveready-lampara-de-toque\/","name":"EVEREADY\u00ae Tap Light - Eveready Ecuador","isPartOf":{"@id":"https:\/\/eveready.com\/lat\/ecuador\/#website"},"primaryImageOfPage":{"@id":"https:\/\/eveready.com\/lat\/ecuador\/product\/eveready-lampara-de-toque\/#primaryimage"},"image":{"@id":"https:\/\/eveready.com\/lat\/ecuador\/product\/eveready-lampara-de-toque\/#primaryimage"},"thumbnailUrl":"https:\/\/eveready.com\/lat\/ecuador\/wp-content\/uploads\/sites\/3\/2025\/12\/evr-Eveready\u00ae-EVEREADY\u00ae-Lampara-de-Toque-5x.png","datePublished":"2025-12-11T08:51:41+00:00","dateModified":"2026-02-10T12:59:25+00:00","breadcrumb":{"@id":"https:\/\/eveready.com\/lat\/ecuador\/product\/eveready-lampara-de-toque\/#breadcrumb"},"inLanguage":"en-US","potentialAction":[{"@type":"ReadAction","target":["https:\/\/eveready.com\/lat\/ecuador\/product\/eveready-lampara-de-toque\/"]}]},{"@type":"ImageObject","inLanguage":"en-US","@id":"https:\/\/eveready.com\/lat\/ecuador\/product\/eveready-lampara-de-toque\/#primaryimage","url":"https:\/\/eveready.com\/lat\/ecuador\/wp-content\/uploads\/sites\/3\/2025\/12\/evr-Eveready\u00ae-EVEREADY\u00ae-Lampara-de-Toque-5x.png","contentUrl":"https:\/\/eveready.com\/lat\/ecuador\/wp-content\/uploads\/sites\/3\/2025\/12\/evr-Eveready\u00ae-EVEREADY\u00ae-Lampara-de-Toque-5x.png","width":800,"height":800},{"@type":"BreadcrumbList","@id":"https:\/\/eveready.com\/lat\/ecuador\/product\/eveready-lampara-de-toque\/#breadcrumb","itemListElement":[{"@type":"ListItem","position":1,"name":"Home","item":"https:\/\/eveready.com\/lat\/ecuador\/"},{"@type":"ListItem","position":2,"name":"Products","item":"https:\/\/eveready.com\/lat\/ecuador\/shop\/"},{"@type":"ListItem","position":3,"name":"EVEREADY\u00ae Tap Light"}]},{"@type":"WebSite","@id":"https:\/\/eveready.com\/lat\/ecuador\/#website","url":"https:\/\/eveready.com\/lat\/ecuador\/","name":"Eveready Ecuador","description":"","publisher":{"@id":"https:\/\/eveready.com\/lat\/ecuador\/#organization"},"potentialAction":[{"@type":"SearchAction","target":{"@type":"EntryPoint","urlTemplate":"https:\/\/eveready.com\/lat\/ecuador\/?s={search_term_string}"},"query-input":{"@type":"PropertyValueSpecification","valueRequired":true,"valueName":"search_term_string"}}],"inLanguage":"en-US"},{"@type":"Organization","@id":"https:\/\/eveready.com\/lat\/ecuador\/#organization","name":"Eveready Ecuador","url":"https:\/\/eveready.com\/lat\/ecuador\/","logo":{"@type":"ImageObject","inLanguage":"en-US","@id":"https:\/\/eveready.com\/lat\/ecuador\/#\/schema\/logo\/image\/","url":"https:\/\/eveready.com\/lat\/ecuador\/wp-content\/uploads\/sites\/3\/2025\/08\/logo-eveready.png","contentUrl":"https:\/\/eveready.com\/lat\/ecuador\/wp-content\/uploads\/sites\/3\/2025\/08\/logo-eveready.png","width":855,"height":220,"caption":"Eveready Ecuador"},"image":{"@id":"https:\/\/eveready.com\/lat\/ecuador\/#\/schema\/logo\/image\/"}}]}},"acf":[],"_links":{"self":[{"href":"https:\/\/eveready.com\/lat\/ecuador\/wp-json\/wp\/v2\/product\/4834","targetHints":{"allow":["GET"]}}],"collection":[{"href":"https:\/\/eveready.com\/lat\/ecuador\/wp-json\/wp\/v2\/product"}],"about":[{"href":"https:\/\/eveready.com\/lat\/ecuador\/wp-json\/wp\/v2\/types\/product"}],"replies":[{"embeddable":true,"href":"https:\/\/eveready.com\/lat\/ecuador\/wp-json\/wp\/v2\/comments?post=4834"}],"wp:featuredmedia":[{"embeddable":true,"href":"https:\/\/eveready.com\/lat\/ecuador\/wp-json\/wp\/v2\/media\/4842"}],"wp:attachment":[{"href":"https:\/\/eveready.com\/lat\/ecuador\/wp-json\/wp\/v2\/media?parent=4834"}],"wp:term":[{"taxonomy":"product_brand","embeddable":true,"href":"https:\/\/eveready.com\/lat\/ecuador\/wp-json\/wp\/v2\/product_brand?post=4834"},{"taxonomy":"product_cat","embeddable":true,"href":"https:\/\/eveready.com\/lat\/ecuador\/wp-json\/wp\/v2\/product_cat?post=4834"},{"taxonomy":"product_tag","embeddable":true,"href":"https:\/\/eveready.com\/lat\/ecuador\/wp-json\/wp\/v2\/product_tag?post=4834"}],"curies":[{"name":"wp","href":"https:\/\/api.w.org\/{rel}","templated":true}]}}