{"id":3667,"date":"2025-09-26T02:16:05","date_gmt":"2025-09-26T06:16:05","guid":{"rendered":"https:\/\/4575d4bec0.nxcli.io\/apac\/australia\/?page_id=3667"},"modified":"2026-03-31T03:15:25","modified_gmt":"2026-03-31T07:15:25","slug":"brand-ambassador","status":"publish","type":"page","link":"https:\/\/eveready.com\/lat\/latino-america\/brand-ambassador\/","title":{"rendered":"Embajador de marca"},"content":{"rendered":"\t\t<div data-elementor-type=\"wp-page\" data-elementor-id=\"3667\" class=\"elementor elementor-3667\" data-elementor-post-type=\"page\">\n\t\t\t\t<div class=\"elementor-element elementor-element-94c7a90 e-flex e-con-boxed e-con e-parent\" data-id=\"94c7a90\" data-element_type=\"container\" data-e-type=\"container\">\n\t\t\t\t\t<div class=\"e-con-inner\">\n\t\t<div class=\"elementor-element elementor-element-8e6b2bb e-con-full e-flex e-con e-child\" data-id=\"8e6b2bb\" data-element_type=\"container\" data-e-type=\"container\">\n\t\t\t\t<div class=\"elementor-element elementor-element-ce945d9 elementor-widget elementor-widget-image\" data-id=\"ce945d9\" data-element_type=\"widget\" data-e-type=\"widget\" data-widget_type=\"image.default\">\n\t\t\t\t\t\t\t\t\t\t\t\t\t\t\t<img fetchpriority=\"high\" decoding=\"async\" width=\"1500\" height=\"650\" src=\"https:\/\/eveready.com\/lat\/latino-america\/wp-content\/uploads\/sites\/5\/2026\/03\/EVR_BALL_LA.jpg\" class=\"attachment-full size-full wp-image-5448\" alt=\"\" srcset=\"https:\/\/eveready.com\/lat\/latino-america\/wp-content\/uploads\/sites\/5\/2026\/03\/EVR_BALL_LA.jpg 1500w, https:\/\/eveready.com\/lat\/latino-america\/wp-content\/uploads\/sites\/5\/2026\/03\/EVR_BALL_LA-300x130.jpg 300w, https:\/\/eveready.com\/lat\/latino-america\/wp-content\/uploads\/sites\/5\/2026\/03\/EVR_BALL_LA-1024x444.jpg 1024w, https:\/\/eveready.com\/lat\/latino-america\/wp-content\/uploads\/sites\/5\/2026\/03\/EVR_BALL_LA-150x65.jpg 150w, https:\/\/eveready.com\/lat\/latino-america\/wp-content\/uploads\/sites\/5\/2026\/03\/EVR_BALL_LA-768x333.jpg 768w, https:\/\/eveready.com\/lat\/latino-america\/wp-content\/uploads\/sites\/5\/2026\/03\/EVR_BALL_LA-600x260.jpg 600w\" sizes=\"(max-width: 1500px) 100vw, 1500px\" \/>\t\t\t\t\t\t\t\t\t\t\t\t\t\t\t<\/div>\n\t\t<div class=\"elementor-element elementor-element-5d4faa3 e-con-full elementor-hidden-desktop elementor-hidden-tablet elementor-hidden-mobile e-flex e-con e-child\" data-id=\"5d4faa3\" data-element_type=\"container\" data-e-type=\"container\">\n\t\t\t\t<div class=\"elementor-element elementor-element-a2924f9 yellow-heading elementor-widget elementor-widget-heading\" data-id=\"a2924f9\" data-element_type=\"widget\" data-e-type=\"widget\" data-widget_type=\"heading.default\">\n\t\t\t\t\t<h2 class=\"elementor-heading-title elementor-size-default\">Brand <\/h2>\t\t\t\t<\/div>\n\t\t\t\t<div class=\"elementor-element elementor-element-6d8b7b8 elementor-widget-divider--view-line elementor-widget elementor-widget-divider\" data-id=\"6d8b7b8\" data-element_type=\"widget\" data-e-type=\"widget\" data-widget_type=\"divider.default\">\n\t\t\t\t\t\t\t<div class=\"elementor-divider\">\n\t\t\t<span class=\"elementor-divider-separator\">\n\t\t\t\t\t\t<\/span>\n\t\t<\/div>\n\t\t\t\t\t\t<\/div>\n\t\t\t\t<div class=\"elementor-element elementor-element-00f7dbb white-heading elementor-widget elementor-widget-heading\" data-id=\"00f7dbb\" data-element_type=\"widget\" data-e-type=\"widget\" data-widget_type=\"heading.default\">\n\t\t\t\t\t<h2 class=\"elementor-heading-title elementor-size-default\">Ambassador<\/h2>\t\t\t\t<\/div>\n\t\t\t\t<\/div>\n\t\t\t\t<\/div>\n\t\t\t\t\t<\/div>\n\t\t\t\t<\/div>\n\t\t<div class=\"elementor-element elementor-element-39930d8 e-flex e-con-boxed e-con e-parent\" data-id=\"39930d8\" data-element_type=\"container\" data-e-type=\"container\">\n\t\t\t\t\t<div class=\"e-con-inner\">\n\t\t\t\t<div class=\"elementor-element elementor-element-62037cf elementor-widget elementor-widget-heading\" data-id=\"62037cf\" data-element_type=\"widget\" data-e-type=\"widget\" data-widget_type=\"heading.default\">\n\t\t\t\t\t<h2 class=\"elementor-heading-title elementor-size-default\">EVEREADY\u00ae ANUNCIA A HARRY KANE COMO EMBAJADOR GLOBAL DE LA MARCA\n<\/h2>\t\t\t\t<\/div>\n\t\t\t\t<div class=\"elementor-element elementor-element-94646d9 elementor-widget__width-initial elementor-widget elementor-widget-text-editor\" data-id=\"94646d9\" data-element_type=\"widget\" data-e-type=\"widget\" data-widget_type=\"text-editor.default\">\n\t\t\t\t\t\t\t\t\t<p>La asociaci\u00f3n con la estrella internacional del f\u00fatbol y hombre de familia forma parte de un esfuerzo de marketing global m\u00e1s amplio para expandir la presencia de la marca en todo el mundo.<\/p>\t\t\t\t\t\t\t\t<\/div>\n\t\t\t\t<div class=\"elementor-element elementor-element-231fbda elementor-widget elementor-widget-text-editor\" data-id=\"231fbda\" data-element_type=\"widget\" data-e-type=\"widget\" data-widget_type=\"text-editor.default\">\n\t\t\t\t\t\t\t\t\t<p><strong>ST. LOUIS, MISSOURI \u2013 1 de octubre de 2025 \u2013<\/strong> EVEREADY\u00ae, una marca l\u00edder en bater\u00edas y productos de iluminaci\u00f3n, anunci\u00f3 al capit\u00e1n de la selecci\u00f3n masculina de Inglaterra y delantero del Bayern M\u00fanich, Harry Kane, como su Embajador Global de Marca.<\/p><p>EVEREADY es la marca en la que la gente conf\u00eda para obtener productos de calidad a un precio asequible, iluminando, protegiendo, entreteniendo y cuidando a las familias. Reconocida y respetada en m\u00faltiples regiones del mundo, EVEREADY se complace en asociarse con Harry mientras la marca acelera sus esfuerzos para hacer que la energ\u00eda asequible est\u00e9 m\u00e1s disponible a nivel global.<\/p><p>A trav\u00e9s de esta asociaci\u00f3n multianual, Harry aparecer\u00e1 en campa\u00f1as internacionales de EVEREADY difundidas en m\u00faltiples canales como redes sociales, plataformas digitales, comercio electr\u00f3nico, publicidad exterior y exhibiciones en tiendas.<\/p><p>\u201cEstamos encantados de construir esta alianza con un verdadero \u00edcono global del f\u00fatbol y damos la bienvenida a Harry Kane como embajador global de EVEREADY\u201d, dijo Lori Shambro, Directora de Marketing de Energizer Holdings. \u201cNuestra colaboraci\u00f3n con Harry representa uno de los muchos esfuerzos de marketing que ayudar\u00e1n a EVEREADY a conectar y atraer a nuevos consumidores en todo el mundo, mostrando c\u00f3mo nuestra gama de productos de alta calidad y precio asequible puede ayudar a las familias a acceder a la energ\u00eda que necesitan para impulsar sus vidas ocupadas y equilibrar sus presupuestos al mismo tiempo.\u201d<\/p><p>\u201cEstoy emocionado y orgulloso de trabajar con EVEREADY\u201d, dijo Harry. \u201cSon una marca global confiable, con reputaci\u00f3n de estar presente cuando m\u00e1s importa, especialmente al mantener todo funcionando sin problemas en casa. Espero trabajar m\u00e1s estrechamente con ellos.\u201d<\/p><p>Harry Kane es una superestrella mundial del f\u00fatbol, capit\u00e1n de la selecci\u00f3n masculina de Inglaterra y delantero del Bayern M\u00fanich. Es el m\u00e1ximo goleador hist\u00f3rico del Tottenham Hotspur y de Inglaterra, ganador de m\u00faltiples Premier League Golden Boots, del premio al m\u00e1ximo goleador de la Bundesliga, de la Bota de Oro del Mundial 2018, de la Bota de Oro Europea y del t\u00edtulo de la Bundesliga. M\u00e1s recientemente, se convirti\u00f3 en el jugador m\u00e1s r\u00e1pido en alcanzar 100 goles en una de las 5 principales ligas europeas. Un goleador prol\u00edfico y un l\u00edder inspirador dentro y fuera del campo.<\/p>\t\t\t\t\t\t\t\t<\/div>\n\t\t\t\t<div class=\"elementor-element elementor-element-df1abad elementor-widget elementor-widget-text-editor\" data-id=\"df1abad\" data-element_type=\"widget\" data-e-type=\"widget\" data-widget_type=\"text-editor.default\">\n\t\t\t\t\t\t\t\t\t<p>EVEREADY es una marca de Energizer Holdings, Inc.. Para m\u00e1s informaci\u00f3n, visita <span style=\"text-decoration: underline;\"><a href=\"https:\/\/eveready.com\/\" target=\"_blank\" rel=\"noopener\">Eveready.com<\/a><\/span>.<\/p>\t\t\t\t\t\t\t\t<\/div>\n\t\t\t\t<div class=\"elementor-element elementor-element-5bca9b4 elementor-widget elementor-widget-text-editor\" data-id=\"5bca9b4\" data-element_type=\"widget\" data-e-type=\"widget\" data-widget_type=\"text-editor.default\">\n\t\t\t\t\t\t\t\t\t<p>Para consultas, contacta al portavoz de Energizer Holdings, John Leiby, en\u00a0<span style=\"text-decoration: underline;\"><a href=\"mailto:John.Leiby@Energizer.com\" rel=\"noopener\">John.Leiby@Energizer.com<\/a><\/span>\u00a0o escribe a\u00a0\u00a0<span style=\"text-decoration: underline;\"><a href=\"mailto:Media@Energizer.com\" rel=\"noopener\">Media@Energizer.com<\/a><\/span>.<\/p>\t\t\t\t\t\t\t\t<\/div>\n\t\t\t\t<div class=\"elementor-element elementor-element-5b3f1bb elementor-widget elementor-widget-heading\" data-id=\"5b3f1bb\" data-element_type=\"widget\" data-e-type=\"widget\" data-widget_type=\"heading.default\">\n\t\t\t\t\t<h3 class=\"elementor-heading-title elementor-size-default\">SOBRE ENERGIZER HOLDINGS<\/h3>\t\t\t\t<\/div>\n\t\t\t\t<div class=\"elementor-element elementor-element-53b39ea elementor-widget elementor-widget-text-editor\" data-id=\"53b39ea\" data-element_type=\"widget\" data-e-type=\"widget\" data-widget_type=\"text-editor.default\">\n\t\t\t\t\t\t\t\t\t<p>Energizer Holdings, con sede en St. Louis, Missouri, EE. UU., es uno de los mayores fabricantes mundiales de bater\u00edas primarias y productos de iluminaci\u00f3n port\u00e1til, respaldado por sus marcas reconocidas globalmente: Energizer, Eveready, Rayovac y Varta.<br \/>Energizer Holdings tambi\u00e9n es un dise\u00f1ador y comercializador l\u00edder de productos de fragancia y apariencia automotriz, con marcas reconocidas como: A\/C Pro, Armor All, Bahama &amp; Co., California Scents, Driven, Eagle One, LEXOL, Nu Finish, Refresh Your Car! y STP.<\/p><p>Como distribuidor global de productos de consumo, nuestra misi\u00f3n es ser l\u00edderes en nuestras categor\u00edas, ofreciendo un mejor servicio a consumidores y clientes.<\/p>\t\t\t\t\t\t\t\t<\/div>\n\t\t\t\t\t<\/div>\n\t\t\t\t<\/div>\n\t\t\t\t<\/div>\n\t\t","protected":false},"excerpt":{"rendered":"<p>Brand Ambassador EVEREADY\u00ae ANUNCIA A HARRY KANE COMO EMBAJADOR GLOBAL DE LA MARCA La asociaci\u00f3n con la estrella internacional del f\u00fatbol y hombre de familia forma parte de un esfuerzo de marketing global m\u00e1s amplio para expandir la presencia de la marca en todo el mundo. ST. LOUIS, MISSOURI \u2013 1 de octubre de 2025 [&hellip;]<\/p>\n","protected":false},"author":3,"featured_media":0,"parent":0,"menu_order":0,"comment_status":"closed","ping_status":"closed","template":"","meta":{"_acf_changed":false,"footnotes":""},"class_list":["post-3667","page","type-page","status-publish","hentry"],"yoast_head":"<!-- This site is optimized with the Yoast SEO plugin v27.4 - https:\/\/yoast.com\/product\/yoast-seo-wordpress\/ -->\n<title>Embajador de marca - Eveready Other LATAM<\/title>\n<meta name=\"robots\" content=\"index, follow, max-snippet:-1, max-image-preview:large, max-video-preview:-1\" \/>\n<link rel=\"canonical\" href=\"https:\/\/eveready.com\/lat\/latino-america\/brand-ambassador\/\" \/>\n<meta property=\"og:locale\" content=\"en_US\" \/>\n<meta property=\"og:type\" content=\"article\" \/>\n<meta property=\"og:title\" content=\"Embajador de marca - Eveready Other LATAM\" \/>\n<meta property=\"og:description\" content=\"Brand Ambassador EVEREADY\u00ae ANUNCIA A HARRY KANE COMO EMBAJADOR GLOBAL DE LA MARCA La asociaci\u00f3n con la estrella internacional del f\u00fatbol y hombre de familia forma parte de un esfuerzo de marketing global m\u00e1s amplio para expandir la presencia de la marca en todo el mundo. ST. LOUIS, MISSOURI \u2013 1 de octubre de 2025 [&hellip;]\" \/>\n<meta property=\"og:url\" content=\"https:\/\/eveready.com\/lat\/latino-america\/brand-ambassador\/\" \/>\n<meta property=\"og:site_name\" content=\"Eveready Other LATAM\" \/>\n<meta property=\"article:modified_time\" content=\"2026-03-31T07:15:25+00:00\" \/>\n<meta property=\"og:image\" content=\"https:\/\/eveready.com\/lat\/latino-america\/wp-content\/uploads\/sites\/5\/2026\/03\/EVR_BALL_LA.jpg\" \/>\n<meta name=\"twitter:card\" content=\"summary_large_image\" \/>\n<meta name=\"twitter:label1\" content=\"Est. reading time\" \/>\n\t<meta name=\"twitter:data1\" content=\"3 minutes\" \/>\n<script type=\"application\/ld+json\" class=\"yoast-schema-graph\">{\"@context\":\"https:\\\/\\\/schema.org\",\"@graph\":[{\"@type\":\"WebPage\",\"@id\":\"https:\\\/\\\/eveready.com\\\/lat\\\/latino-america\\\/brand-ambassador\\\/\",\"url\":\"https:\\\/\\\/eveready.com\\\/lat\\\/latino-america\\\/brand-ambassador\\\/\",\"name\":\"Embajador de marca - Eveready Other LATAM\",\"isPartOf\":{\"@id\":\"https:\\\/\\\/eveready.com\\\/lat\\\/latino-america\\\/#website\"},\"primaryImageOfPage\":{\"@id\":\"https:\\\/\\\/eveready.com\\\/lat\\\/latino-america\\\/brand-ambassador\\\/#primaryimage\"},\"image\":{\"@id\":\"https:\\\/\\\/eveready.com\\\/lat\\\/latino-america\\\/brand-ambassador\\\/#primaryimage\"},\"thumbnailUrl\":\"https:\\\/\\\/eveready.com\\\/lat\\\/latino-america\\\/wp-content\\\/uploads\\\/sites\\\/5\\\/2026\\\/03\\\/EVR_BALL_LA.jpg\",\"datePublished\":\"2025-09-26T06:16:05+00:00\",\"dateModified\":\"2026-03-31T07:15:25+00:00\",\"breadcrumb\":{\"@id\":\"https:\\\/\\\/eveready.com\\\/lat\\\/latino-america\\\/brand-ambassador\\\/#breadcrumb\"},\"inLanguage\":\"en-US\",\"potentialAction\":[{\"@type\":\"ReadAction\",\"target\":[\"https:\\\/\\\/eveready.com\\\/lat\\\/latino-america\\\/brand-ambassador\\\/\"]}]},{\"@type\":\"ImageObject\",\"inLanguage\":\"en-US\",\"@id\":\"https:\\\/\\\/eveready.com\\\/lat\\\/latino-america\\\/brand-ambassador\\\/#primaryimage\",\"url\":\"https:\\\/\\\/eveready.com\\\/lat\\\/latino-america\\\/wp-content\\\/uploads\\\/sites\\\/5\\\/2026\\\/03\\\/EVR_BALL_LA.jpg\",\"contentUrl\":\"https:\\\/\\\/eveready.com\\\/lat\\\/latino-america\\\/wp-content\\\/uploads\\\/sites\\\/5\\\/2026\\\/03\\\/EVR_BALL_LA.jpg\",\"width\":1500,\"height\":650},{\"@type\":\"BreadcrumbList\",\"@id\":\"https:\\\/\\\/eveready.com\\\/lat\\\/latino-america\\\/brand-ambassador\\\/#breadcrumb\",\"itemListElement\":[{\"@type\":\"ListItem\",\"position\":1,\"name\":\"Home\",\"item\":\"https:\\\/\\\/eveready.com\\\/lat\\\/latino-america\\\/\"},{\"@type\":\"ListItem\",\"position\":2,\"name\":\"Embajador de marca\"}]},{\"@type\":\"WebSite\",\"@id\":\"https:\\\/\\\/eveready.com\\\/lat\\\/latino-america\\\/#website\",\"url\":\"https:\\\/\\\/eveready.com\\\/lat\\\/latino-america\\\/\",\"name\":\"Eveready Other LATAM\",\"description\":\"\",\"publisher\":{\"@id\":\"https:\\\/\\\/eveready.com\\\/lat\\\/latino-america\\\/#organization\"},\"potentialAction\":[{\"@type\":\"SearchAction\",\"target\":{\"@type\":\"EntryPoint\",\"urlTemplate\":\"https:\\\/\\\/eveready.com\\\/lat\\\/latino-america\\\/?s={search_term_string}\"},\"query-input\":{\"@type\":\"PropertyValueSpecification\",\"valueRequired\":true,\"valueName\":\"search_term_string\"}}],\"inLanguage\":\"en-US\"},{\"@type\":\"Organization\",\"@id\":\"https:\\\/\\\/eveready.com\\\/lat\\\/latino-america\\\/#organization\",\"name\":\"Eveready Other LATAM\",\"url\":\"https:\\\/\\\/eveready.com\\\/lat\\\/latino-america\\\/\",\"logo\":{\"@type\":\"ImageObject\",\"inLanguage\":\"en-US\",\"@id\":\"https:\\\/\\\/eveready.com\\\/lat\\\/latino-america\\\/#\\\/schema\\\/logo\\\/image\\\/\",\"url\":\"https:\\\/\\\/eveready.com\\\/lat\\\/latino-america\\\/wp-content\\\/uploads\\\/sites\\\/5\\\/2025\\\/08\\\/logo-eveready.png\",\"contentUrl\":\"https:\\\/\\\/eveready.com\\\/lat\\\/latino-america\\\/wp-content\\\/uploads\\\/sites\\\/5\\\/2025\\\/08\\\/logo-eveready.png\",\"width\":855,\"height\":220,\"caption\":\"Eveready Other LATAM \"},\"image\":{\"@id\":\"https:\\\/\\\/eveready.com\\\/lat\\\/latino-america\\\/#\\\/schema\\\/logo\\\/image\\\/\"}}]}<\/script>\n<!-- \/ Yoast SEO plugin. -->","yoast_head_json":{"title":"Embajador de marca - Eveready Other LATAM","robots":{"index":"index","follow":"follow","max-snippet":"max-snippet:-1","max-image-preview":"max-image-preview:large","max-video-preview":"max-video-preview:-1"},"canonical":"https:\/\/eveready.com\/lat\/latino-america\/brand-ambassador\/","og_locale":"en_US","og_type":"article","og_title":"Embajador de marca - Eveready Other LATAM","og_description":"Brand Ambassador EVEREADY\u00ae ANUNCIA A HARRY KANE COMO EMBAJADOR GLOBAL DE LA MARCA La asociaci\u00f3n con la estrella internacional del f\u00fatbol y hombre de familia forma parte de un esfuerzo de marketing global m\u00e1s amplio para expandir la presencia de la marca en todo el mundo. ST. LOUIS, MISSOURI \u2013 1 de octubre de 2025 [&hellip;]","og_url":"https:\/\/eveready.com\/lat\/latino-america\/brand-ambassador\/","og_site_name":"Eveready Other LATAM","article_modified_time":"2026-03-31T07:15:25+00:00","og_image":[{"url":"https:\/\/eveready.com\/lat\/latino-america\/wp-content\/uploads\/sites\/5\/2026\/03\/EVR_BALL_LA.jpg","type":"","width":"","height":""}],"twitter_card":"summary_large_image","twitter_misc":{"Est. reading time":"3 minutes"},"schema":{"@context":"https:\/\/schema.org","@graph":[{"@type":"WebPage","@id":"https:\/\/eveready.com\/lat\/latino-america\/brand-ambassador\/","url":"https:\/\/eveready.com\/lat\/latino-america\/brand-ambassador\/","name":"Embajador de marca - Eveready Other LATAM","isPartOf":{"@id":"https:\/\/eveready.com\/lat\/latino-america\/#website"},"primaryImageOfPage":{"@id":"https:\/\/eveready.com\/lat\/latino-america\/brand-ambassador\/#primaryimage"},"image":{"@id":"https:\/\/eveready.com\/lat\/latino-america\/brand-ambassador\/#primaryimage"},"thumbnailUrl":"https:\/\/eveready.com\/lat\/latino-america\/wp-content\/uploads\/sites\/5\/2026\/03\/EVR_BALL_LA.jpg","datePublished":"2025-09-26T06:16:05+00:00","dateModified":"2026-03-31T07:15:25+00:00","breadcrumb":{"@id":"https:\/\/eveready.com\/lat\/latino-america\/brand-ambassador\/#breadcrumb"},"inLanguage":"en-US","potentialAction":[{"@type":"ReadAction","target":["https:\/\/eveready.com\/lat\/latino-america\/brand-ambassador\/"]}]},{"@type":"ImageObject","inLanguage":"en-US","@id":"https:\/\/eveready.com\/lat\/latino-america\/brand-ambassador\/#primaryimage","url":"https:\/\/eveready.com\/lat\/latino-america\/wp-content\/uploads\/sites\/5\/2026\/03\/EVR_BALL_LA.jpg","contentUrl":"https:\/\/eveready.com\/lat\/latino-america\/wp-content\/uploads\/sites\/5\/2026\/03\/EVR_BALL_LA.jpg","width":1500,"height":650},{"@type":"BreadcrumbList","@id":"https:\/\/eveready.com\/lat\/latino-america\/brand-ambassador\/#breadcrumb","itemListElement":[{"@type":"ListItem","position":1,"name":"Home","item":"https:\/\/eveready.com\/lat\/latino-america\/"},{"@type":"ListItem","position":2,"name":"Embajador de marca"}]},{"@type":"WebSite","@id":"https:\/\/eveready.com\/lat\/latino-america\/#website","url":"https:\/\/eveready.com\/lat\/latino-america\/","name":"Eveready Other LATAM","description":"","publisher":{"@id":"https:\/\/eveready.com\/lat\/latino-america\/#organization"},"potentialAction":[{"@type":"SearchAction","target":{"@type":"EntryPoint","urlTemplate":"https:\/\/eveready.com\/lat\/latino-america\/?s={search_term_string}"},"query-input":{"@type":"PropertyValueSpecification","valueRequired":true,"valueName":"search_term_string"}}],"inLanguage":"en-US"},{"@type":"Organization","@id":"https:\/\/eveready.com\/lat\/latino-america\/#organization","name":"Eveready Other LATAM","url":"https:\/\/eveready.com\/lat\/latino-america\/","logo":{"@type":"ImageObject","inLanguage":"en-US","@id":"https:\/\/eveready.com\/lat\/latino-america\/#\/schema\/logo\/image\/","url":"https:\/\/eveready.com\/lat\/latino-america\/wp-content\/uploads\/sites\/5\/2025\/08\/logo-eveready.png","contentUrl":"https:\/\/eveready.com\/lat\/latino-america\/wp-content\/uploads\/sites\/5\/2025\/08\/logo-eveready.png","width":855,"height":220,"caption":"Eveready Other LATAM "},"image":{"@id":"https:\/\/eveready.com\/lat\/latino-america\/#\/schema\/logo\/image\/"}}]}},"acf":[],"_links":{"self":[{"href":"https:\/\/eveready.com\/lat\/latino-america\/wp-json\/wp\/v2\/pages\/3667","targetHints":{"allow":["GET"]}}],"collection":[{"href":"https:\/\/eveready.com\/lat\/latino-america\/wp-json\/wp\/v2\/pages"}],"about":[{"href":"https:\/\/eveready.com\/lat\/latino-america\/wp-json\/wp\/v2\/types\/page"}],"author":[{"embeddable":true,"href":"https:\/\/eveready.com\/lat\/latino-america\/wp-json\/wp\/v2\/users\/3"}],"replies":[{"embeddable":true,"href":"https:\/\/eveready.com\/lat\/latino-america\/wp-json\/wp\/v2\/comments?post=3667"}],"version-history":[{"count":28,"href":"https:\/\/eveready.com\/lat\/latino-america\/wp-json\/wp\/v2\/pages\/3667\/revisions"}],"predecessor-version":[{"id":5451,"href":"https:\/\/eveready.com\/lat\/latino-america\/wp-json\/wp\/v2\/pages\/3667\/revisions\/5451"}],"wp:attachment":[{"href":"https:\/\/eveready.com\/lat\/latino-america\/wp-json\/wp\/v2\/media?parent=3667"}],"curies":[{"name":"wp","href":"https:\/\/api.w.org\/{rel}","templated":true}]}}