{"id":4846,"date":"2025-12-12T01:48:37","date_gmt":"2025-12-12T06:48:37","guid":{"rendered":"https:\/\/eveready.com\/lat\/latino-america\/?post_type=product&#038;p=4846"},"modified":"2026-02-03T04:13:22","modified_gmt":"2026-02-03T09:13:22","slug":"eveready-linterna-led-5x-60h-de-uso-general","status":"publish","type":"product","link":"https:\/\/eveready.com\/lat\/latino-america\/product\/eveready-linterna-led-5x-60h-de-uso-general\/","title":{"rendered":"EVEREADY\u00ae LINTERNA LED 5X 60H DE USO GENERAL"},"content":{"rendered":"<p><strong>Caracter\u00edsticas y Beneficios<\/strong><\/p>\n<ul>\n<li>Hasta 5 veces m\u00e1s brillante que la tecnolog\u00eda LED com\u00fan<\/li>\n<li>Dise\u00f1o acanalado para un agarre seguro<\/li>\n<li>Interruptor de bot\u00f3n f\u00e1cil de usar<\/li>\n<li>Larga duraci\u00f3n<\/li>\n<li>Funciona con 1 bater\u00edas tipo D<\/li>\n<\/ul>\n","protected":false},"excerpt":{"rendered":"<p>EVEREADY\u00ae ha sido una marca de confianza en todo el mundo para iluminar, proteger, entretener y cuidar a las familias. La linterna LED de uso general es una excelente soluci\u00f3n de iluminaci\u00f3n para necesidades b\u00e1sicas. Con tecnolog\u00eda LED brillante y eficiente en energ\u00eda, hasta 5 veces m\u00e1s potente que la tecnolog\u00eda LED com\u00fan, ofrece un haz luminoso intenso y una duraci\u00f3n prolongada. Su dise\u00f1o acanalado proporciona un agarre firme y antideslizante, mientras que el interruptor de bot\u00f3n permite encender y apagar la luz de manera r\u00e1pida y sencilla. Funciona c\u00f3modamente con solo una bater\u00edas tipo D.<\/p>\n","protected":false},"featured_media":4715,"comment_status":"open","ping_status":"closed","template":"","meta":{"_acf_changed":false},"product_brand":[],"product_cat":[40,39],"product_tag":[],"class_list":{"0":"post-4846","1":"product","2":"type-product","3":"status-publish","4":"has-post-thumbnail","6":"product_cat-handheld-lights","7":"product_cat-lighting","9":"first","10":"instock","11":"shipping-taxable","12":"product-type-simple"},"yoast_head":"<!-- This site is optimized with the Yoast SEO plugin v27.4 - https:\/\/yoast.com\/product\/yoast-seo-wordpress\/ -->\n<title>EVEREADY\u00ae LINTERNA LED 5X 60H DE USO GENERAL - Eveready Other LATAM<\/title>\n<meta name=\"robots\" content=\"index, follow, max-snippet:-1, max-image-preview:large, max-video-preview:-1\" \/>\n<link rel=\"canonical\" href=\"https:\/\/eveready.com\/lat\/latino-america\/product\/eveready-linterna-led-5x-60h-de-uso-general\/\" \/>\n<meta property=\"og:locale\" content=\"en_US\" \/>\n<meta property=\"og:type\" content=\"article\" \/>\n<meta property=\"og:title\" content=\"EVEREADY\u00ae LINTERNA LED 5X 60H DE USO GENERAL - Eveready Other LATAM\" \/>\n<meta property=\"og:description\" content=\"EVEREADY\u00ae ha sido una marca de confianza en todo el mundo para iluminar, proteger, entretener y cuidar a las familias. La linterna LED de uso general es una excelente soluci\u00f3n de iluminaci\u00f3n para necesidades b\u00e1sicas. Con tecnolog\u00eda LED brillante y eficiente en energ\u00eda, hasta 5 veces m\u00e1s potente que la tecnolog\u00eda LED com\u00fan, ofrece un haz luminoso intenso y una duraci\u00f3n prolongada. Su dise\u00f1o acanalado proporciona un agarre firme y antideslizante, mientras que el interruptor de bot\u00f3n permite encender y apagar la luz de manera r\u00e1pida y sencilla. Funciona c\u00f3modamente con solo una bater\u00edas tipo D.\" \/>\n<meta property=\"og:url\" content=\"https:\/\/eveready.com\/lat\/latino-america\/product\/eveready-linterna-led-5x-60h-de-uso-general\/\" \/>\n<meta property=\"og:site_name\" content=\"Eveready Other LATAM\" \/>\n<meta property=\"article:modified_time\" content=\"2026-02-03T09:13:22+00:00\" \/>\n<meta property=\"og:image\" content=\"https:\/\/eveready.com\/lat\/latino-america\/wp-content\/uploads\/sites\/5\/2025\/12\/Eveready\u00ae-LED-1D-5x-Plastic-1.png\" \/>\n\t<meta property=\"og:image:width\" content=\"800\" \/>\n\t<meta property=\"og:image:height\" content=\"800\" \/>\n\t<meta property=\"og:image:type\" content=\"image\/png\" \/>\n<meta name=\"twitter:card\" content=\"summary_large_image\" \/>\n<meta name=\"twitter:label1\" content=\"Est. reading time\" \/>\n\t<meta name=\"twitter:data1\" content=\"1 minute\" \/>\n<script type=\"application\/ld+json\" class=\"yoast-schema-graph\">{\"@context\":\"https:\\\/\\\/schema.org\",\"@graph\":[{\"@type\":\"WebPage\",\"@id\":\"https:\\\/\\\/eveready.com\\\/lat\\\/latino-america\\\/product\\\/eveready-linterna-led-5x-60h-de-uso-general\\\/\",\"url\":\"https:\\\/\\\/eveready.com\\\/lat\\\/latino-america\\\/product\\\/eveready-linterna-led-5x-60h-de-uso-general\\\/\",\"name\":\"EVEREADY\u00ae LINTERNA LED 5X 60H DE USO GENERAL - Eveready Other LATAM\",\"isPartOf\":{\"@id\":\"https:\\\/\\\/eveready.com\\\/lat\\\/latino-america\\\/#website\"},\"primaryImageOfPage\":{\"@id\":\"https:\\\/\\\/eveready.com\\\/lat\\\/latino-america\\\/product\\\/eveready-linterna-led-5x-60h-de-uso-general\\\/#primaryimage\"},\"image\":{\"@id\":\"https:\\\/\\\/eveready.com\\\/lat\\\/latino-america\\\/product\\\/eveready-linterna-led-5x-60h-de-uso-general\\\/#primaryimage\"},\"thumbnailUrl\":\"https:\\\/\\\/eveready.com\\\/lat\\\/latino-america\\\/wp-content\\\/uploads\\\/sites\\\/5\\\/2025\\\/12\\\/Eveready\u00ae-LED-1D-5x-Plastic-1.png\",\"datePublished\":\"2025-12-12T06:48:37+00:00\",\"dateModified\":\"2026-02-03T09:13:22+00:00\",\"breadcrumb\":{\"@id\":\"https:\\\/\\\/eveready.com\\\/lat\\\/latino-america\\\/product\\\/eveready-linterna-led-5x-60h-de-uso-general\\\/#breadcrumb\"},\"inLanguage\":\"en-US\",\"potentialAction\":[{\"@type\":\"ReadAction\",\"target\":[\"https:\\\/\\\/eveready.com\\\/lat\\\/latino-america\\\/product\\\/eveready-linterna-led-5x-60h-de-uso-general\\\/\"]}]},{\"@type\":\"ImageObject\",\"inLanguage\":\"en-US\",\"@id\":\"https:\\\/\\\/eveready.com\\\/lat\\\/latino-america\\\/product\\\/eveready-linterna-led-5x-60h-de-uso-general\\\/#primaryimage\",\"url\":\"https:\\\/\\\/eveready.com\\\/lat\\\/latino-america\\\/wp-content\\\/uploads\\\/sites\\\/5\\\/2025\\\/12\\\/Eveready\u00ae-LED-1D-5x-Plastic-1.png\",\"contentUrl\":\"https:\\\/\\\/eveready.com\\\/lat\\\/latino-america\\\/wp-content\\\/uploads\\\/sites\\\/5\\\/2025\\\/12\\\/Eveready\u00ae-LED-1D-5x-Plastic-1.png\",\"width\":800,\"height\":800},{\"@type\":\"BreadcrumbList\",\"@id\":\"https:\\\/\\\/eveready.com\\\/lat\\\/latino-america\\\/product\\\/eveready-linterna-led-5x-60h-de-uso-general\\\/#breadcrumb\",\"itemListElement\":[{\"@type\":\"ListItem\",\"position\":1,\"name\":\"Home\",\"item\":\"https:\\\/\\\/eveready.com\\\/lat\\\/latino-america\\\/\"},{\"@type\":\"ListItem\",\"position\":2,\"name\":\"Products\",\"item\":\"https:\\\/\\\/eveready.com\\\/lat\\\/latino-america\\\/shop\\\/\"},{\"@type\":\"ListItem\",\"position\":3,\"name\":\"EVEREADY\u00ae LINTERNA LED 5X 60H DE USO GENERAL\"}]},{\"@type\":\"WebSite\",\"@id\":\"https:\\\/\\\/eveready.com\\\/lat\\\/latino-america\\\/#website\",\"url\":\"https:\\\/\\\/eveready.com\\\/lat\\\/latino-america\\\/\",\"name\":\"Eveready Other LATAM\",\"description\":\"\",\"publisher\":{\"@id\":\"https:\\\/\\\/eveready.com\\\/lat\\\/latino-america\\\/#organization\"},\"potentialAction\":[{\"@type\":\"SearchAction\",\"target\":{\"@type\":\"EntryPoint\",\"urlTemplate\":\"https:\\\/\\\/eveready.com\\\/lat\\\/latino-america\\\/?s={search_term_string}\"},\"query-input\":{\"@type\":\"PropertyValueSpecification\",\"valueRequired\":true,\"valueName\":\"search_term_string\"}}],\"inLanguage\":\"en-US\"},{\"@type\":\"Organization\",\"@id\":\"https:\\\/\\\/eveready.com\\\/lat\\\/latino-america\\\/#organization\",\"name\":\"Eveready Other LATAM\",\"url\":\"https:\\\/\\\/eveready.com\\\/lat\\\/latino-america\\\/\",\"logo\":{\"@type\":\"ImageObject\",\"inLanguage\":\"en-US\",\"@id\":\"https:\\\/\\\/eveready.com\\\/lat\\\/latino-america\\\/#\\\/schema\\\/logo\\\/image\\\/\",\"url\":\"https:\\\/\\\/eveready.com\\\/lat\\\/latino-america\\\/wp-content\\\/uploads\\\/sites\\\/5\\\/2025\\\/08\\\/logo-eveready.png\",\"contentUrl\":\"https:\\\/\\\/eveready.com\\\/lat\\\/latino-america\\\/wp-content\\\/uploads\\\/sites\\\/5\\\/2025\\\/08\\\/logo-eveready.png\",\"width\":855,\"height\":220,\"caption\":\"Eveready Other LATAM \"},\"image\":{\"@id\":\"https:\\\/\\\/eveready.com\\\/lat\\\/latino-america\\\/#\\\/schema\\\/logo\\\/image\\\/\"}}]}<\/script>\n<!-- \/ Yoast SEO plugin. -->","yoast_head_json":{"title":"EVEREADY\u00ae LINTERNA LED 5X 60H DE USO GENERAL - Eveready Other LATAM","robots":{"index":"index","follow":"follow","max-snippet":"max-snippet:-1","max-image-preview":"max-image-preview:large","max-video-preview":"max-video-preview:-1"},"canonical":"https:\/\/eveready.com\/lat\/latino-america\/product\/eveready-linterna-led-5x-60h-de-uso-general\/","og_locale":"en_US","og_type":"article","og_title":"EVEREADY\u00ae LINTERNA LED 5X 60H DE USO GENERAL - Eveready Other LATAM","og_description":"EVEREADY\u00ae ha sido una marca de confianza en todo el mundo para iluminar, proteger, entretener y cuidar a las familias. La linterna LED de uso general es una excelente soluci\u00f3n de iluminaci\u00f3n para necesidades b\u00e1sicas. Con tecnolog\u00eda LED brillante y eficiente en energ\u00eda, hasta 5 veces m\u00e1s potente que la tecnolog\u00eda LED com\u00fan, ofrece un haz luminoso intenso y una duraci\u00f3n prolongada. Su dise\u00f1o acanalado proporciona un agarre firme y antideslizante, mientras que el interruptor de bot\u00f3n permite encender y apagar la luz de manera r\u00e1pida y sencilla. Funciona c\u00f3modamente con solo una bater\u00edas tipo D.","og_url":"https:\/\/eveready.com\/lat\/latino-america\/product\/eveready-linterna-led-5x-60h-de-uso-general\/","og_site_name":"Eveready Other LATAM","article_modified_time":"2026-02-03T09:13:22+00:00","og_image":[{"width":800,"height":800,"url":"https:\/\/eveready.com\/lat\/latino-america\/wp-content\/uploads\/sites\/5\/2025\/12\/Eveready\u00ae-LED-1D-5x-Plastic-1.png","type":"image\/png"}],"twitter_card":"summary_large_image","twitter_misc":{"Est. reading time":"1 minute"},"schema":{"@context":"https:\/\/schema.org","@graph":[{"@type":"WebPage","@id":"https:\/\/eveready.com\/lat\/latino-america\/product\/eveready-linterna-led-5x-60h-de-uso-general\/","url":"https:\/\/eveready.com\/lat\/latino-america\/product\/eveready-linterna-led-5x-60h-de-uso-general\/","name":"EVEREADY\u00ae LINTERNA LED 5X 60H DE USO GENERAL - Eveready Other LATAM","isPartOf":{"@id":"https:\/\/eveready.com\/lat\/latino-america\/#website"},"primaryImageOfPage":{"@id":"https:\/\/eveready.com\/lat\/latino-america\/product\/eveready-linterna-led-5x-60h-de-uso-general\/#primaryimage"},"image":{"@id":"https:\/\/eveready.com\/lat\/latino-america\/product\/eveready-linterna-led-5x-60h-de-uso-general\/#primaryimage"},"thumbnailUrl":"https:\/\/eveready.com\/lat\/latino-america\/wp-content\/uploads\/sites\/5\/2025\/12\/Eveready\u00ae-LED-1D-5x-Plastic-1.png","datePublished":"2025-12-12T06:48:37+00:00","dateModified":"2026-02-03T09:13:22+00:00","breadcrumb":{"@id":"https:\/\/eveready.com\/lat\/latino-america\/product\/eveready-linterna-led-5x-60h-de-uso-general\/#breadcrumb"},"inLanguage":"en-US","potentialAction":[{"@type":"ReadAction","target":["https:\/\/eveready.com\/lat\/latino-america\/product\/eveready-linterna-led-5x-60h-de-uso-general\/"]}]},{"@type":"ImageObject","inLanguage":"en-US","@id":"https:\/\/eveready.com\/lat\/latino-america\/product\/eveready-linterna-led-5x-60h-de-uso-general\/#primaryimage","url":"https:\/\/eveready.com\/lat\/latino-america\/wp-content\/uploads\/sites\/5\/2025\/12\/Eveready\u00ae-LED-1D-5x-Plastic-1.png","contentUrl":"https:\/\/eveready.com\/lat\/latino-america\/wp-content\/uploads\/sites\/5\/2025\/12\/Eveready\u00ae-LED-1D-5x-Plastic-1.png","width":800,"height":800},{"@type":"BreadcrumbList","@id":"https:\/\/eveready.com\/lat\/latino-america\/product\/eveready-linterna-led-5x-60h-de-uso-general\/#breadcrumb","itemListElement":[{"@type":"ListItem","position":1,"name":"Home","item":"https:\/\/eveready.com\/lat\/latino-america\/"},{"@type":"ListItem","position":2,"name":"Products","item":"https:\/\/eveready.com\/lat\/latino-america\/shop\/"},{"@type":"ListItem","position":3,"name":"EVEREADY\u00ae LINTERNA LED 5X 60H DE USO GENERAL"}]},{"@type":"WebSite","@id":"https:\/\/eveready.com\/lat\/latino-america\/#website","url":"https:\/\/eveready.com\/lat\/latino-america\/","name":"Eveready Other LATAM","description":"","publisher":{"@id":"https:\/\/eveready.com\/lat\/latino-america\/#organization"},"potentialAction":[{"@type":"SearchAction","target":{"@type":"EntryPoint","urlTemplate":"https:\/\/eveready.com\/lat\/latino-america\/?s={search_term_string}"},"query-input":{"@type":"PropertyValueSpecification","valueRequired":true,"valueName":"search_term_string"}}],"inLanguage":"en-US"},{"@type":"Organization","@id":"https:\/\/eveready.com\/lat\/latino-america\/#organization","name":"Eveready Other LATAM","url":"https:\/\/eveready.com\/lat\/latino-america\/","logo":{"@type":"ImageObject","inLanguage":"en-US","@id":"https:\/\/eveready.com\/lat\/latino-america\/#\/schema\/logo\/image\/","url":"https:\/\/eveready.com\/lat\/latino-america\/wp-content\/uploads\/sites\/5\/2025\/08\/logo-eveready.png","contentUrl":"https:\/\/eveready.com\/lat\/latino-america\/wp-content\/uploads\/sites\/5\/2025\/08\/logo-eveready.png","width":855,"height":220,"caption":"Eveready Other LATAM "},"image":{"@id":"https:\/\/eveready.com\/lat\/latino-america\/#\/schema\/logo\/image\/"}}]}},"acf":[],"_links":{"self":[{"href":"https:\/\/eveready.com\/lat\/latino-america\/wp-json\/wp\/v2\/product\/4846","targetHints":{"allow":["GET"]}}],"collection":[{"href":"https:\/\/eveready.com\/lat\/latino-america\/wp-json\/wp\/v2\/product"}],"about":[{"href":"https:\/\/eveready.com\/lat\/latino-america\/wp-json\/wp\/v2\/types\/product"}],"replies":[{"embeddable":true,"href":"https:\/\/eveready.com\/lat\/latino-america\/wp-json\/wp\/v2\/comments?post=4846"}],"wp:featuredmedia":[{"embeddable":true,"href":"https:\/\/eveready.com\/lat\/latino-america\/wp-json\/wp\/v2\/media\/4715"}],"wp:attachment":[{"href":"https:\/\/eveready.com\/lat\/latino-america\/wp-json\/wp\/v2\/media?parent=4846"}],"wp:term":[{"taxonomy":"product_brand","embeddable":true,"href":"https:\/\/eveready.com\/lat\/latino-america\/wp-json\/wp\/v2\/product_brand?post=4846"},{"taxonomy":"product_cat","embeddable":true,"href":"https:\/\/eveready.com\/lat\/latino-america\/wp-json\/wp\/v2\/product_cat?post=4846"},{"taxonomy":"product_tag","embeddable":true,"href":"https:\/\/eveready.com\/lat\/latino-america\/wp-json\/wp\/v2\/product_tag?post=4846"}],"curies":[{"name":"wp","href":"https:\/\/api.w.org\/{rel}","templated":true}]}}