{"id":4847,"date":"2025-12-12T01:44:38","date_gmt":"2025-12-12T06:44:38","guid":{"rendered":"https:\/\/eveready.com\/lat\/latino-america\/?post_type=product&#038;p=4847"},"modified":"2026-02-02T06:41:20","modified_gmt":"2026-02-02T11:41:20","slug":"eveready-general-purpose-led-torch-5x-120h","status":"publish","type":"product","link":"https:\/\/eveready.com\/lat\/latino-america\/product\/eveready-general-purpose-led-torch-5x-120h\/","title":{"rendered":"EVEREADY\u00ae LINTERNA LED 5X 120H DE USO GENERAL"},"content":{"rendered":"<p><strong>Caracter\u00edsticas y Beneficios<\/strong><\/p>\n<ul>\n<li>Hasta 5 veces m\u00e1s brillante que la tecnolog\u00eda LED com\u00fan<\/li>\n<li>Dise\u00f1o acanalado para un agarre seguro<\/li>\n<li>Con tecnolog\u00eda LED<\/li>\n<li>Larga duraci\u00f3n<\/li>\n<li>Funciona con 2 bater\u00edas tipo D<\/li>\n<\/ul>\n","protected":false},"excerpt":{"rendered":"<p>A lo largo de los a\u00f1os, nuestras linternas han sido reconocidas por ofrecer productos de calidad que iluminan, protegen, entretienen y cuidan a las familias en todo el mundo. La linterna LED de uso general es una gran soluci\u00f3n para necesidades b\u00e1sicas. Con tecnolog\u00eda LED brillante y eficiente en energ\u00eda, hasta 5 veces m\u00e1s potente que la tecnolog\u00eda LED com\u00fan, brinda un haz luminoso intenso y una duraci\u00f3n prolongada. El dise\u00f1o acanalado asegura un agarre firme y antideslizante, mientras que el interruptor de bot\u00f3n facilita su uso. Se alimenta f\u00e1cilmente con dos bater\u00edas tipo D.<\/p>\n","protected":false},"featured_media":4712,"comment_status":"open","ping_status":"closed","template":"","meta":{"_acf_changed":false},"product_brand":[],"product_cat":[40],"product_tag":[],"class_list":{"0":"post-4847","1":"product","2":"type-product","3":"status-publish","4":"has-post-thumbnail","6":"product_cat-handheld-lights","8":"first","9":"instock","10":"shipping-taxable","11":"product-type-simple"},"yoast_head":"<!-- This site is optimized with the Yoast SEO plugin v27.4 - https:\/\/yoast.com\/product\/yoast-seo-wordpress\/ -->\n<title>EVEREADY\u00ae LINTERNA LED 5X 120H DE USO GENERAL - Eveready Other LATAM<\/title>\n<meta name=\"robots\" content=\"index, follow, max-snippet:-1, max-image-preview:large, max-video-preview:-1\" \/>\n<link rel=\"canonical\" href=\"https:\/\/eveready.com\/lat\/latino-america\/product\/eveready-general-purpose-led-torch-5x-120h\/\" \/>\n<meta property=\"og:locale\" content=\"en_US\" \/>\n<meta property=\"og:type\" content=\"article\" \/>\n<meta property=\"og:title\" content=\"EVEREADY\u00ae LINTERNA LED 5X 120H DE USO GENERAL - Eveready Other LATAM\" \/>\n<meta property=\"og:description\" content=\"A lo largo de los a\u00f1os, nuestras linternas han sido reconocidas por ofrecer productos de calidad que iluminan, protegen, entretienen y cuidan a las familias en todo el mundo. La linterna LED de uso general es una gran soluci\u00f3n para necesidades b\u00e1sicas. Con tecnolog\u00eda LED brillante y eficiente en energ\u00eda, hasta 5 veces m\u00e1s potente que la tecnolog\u00eda LED com\u00fan, brinda un haz luminoso intenso y una duraci\u00f3n prolongada. El dise\u00f1o acanalado asegura un agarre firme y antideslizante, mientras que el interruptor de bot\u00f3n facilita su uso. Se alimenta f\u00e1cilmente con dos bater\u00edas tipo D.\" \/>\n<meta property=\"og:url\" content=\"https:\/\/eveready.com\/lat\/latino-america\/product\/eveready-general-purpose-led-torch-5x-120h\/\" \/>\n<meta property=\"og:site_name\" content=\"Eveready Other LATAM\" \/>\n<meta property=\"article:modified_time\" content=\"2026-02-02T11:41:20+00:00\" \/>\n<meta property=\"og:image\" content=\"https:\/\/eveready.com\/lat\/latino-america\/wp-content\/uploads\/sites\/5\/2025\/12\/Eveready\u00ae-LED-2D-5x-Plastic.png\" \/>\n\t<meta property=\"og:image:width\" content=\"800\" \/>\n\t<meta property=\"og:image:height\" content=\"800\" \/>\n\t<meta property=\"og:image:type\" content=\"image\/png\" \/>\n<meta name=\"twitter:card\" content=\"summary_large_image\" \/>\n<meta name=\"twitter:label1\" content=\"Est. reading time\" \/>\n\t<meta name=\"twitter:data1\" content=\"1 minute\" \/>\n<script type=\"application\/ld+json\" class=\"yoast-schema-graph\">{\"@context\":\"https:\\\/\\\/schema.org\",\"@graph\":[{\"@type\":\"WebPage\",\"@id\":\"https:\\\/\\\/eveready.com\\\/lat\\\/latino-america\\\/product\\\/eveready-general-purpose-led-torch-5x-120h\\\/\",\"url\":\"https:\\\/\\\/eveready.com\\\/lat\\\/latino-america\\\/product\\\/eveready-general-purpose-led-torch-5x-120h\\\/\",\"name\":\"EVEREADY\u00ae LINTERNA LED 5X 120H DE USO GENERAL - Eveready Other LATAM\",\"isPartOf\":{\"@id\":\"https:\\\/\\\/eveready.com\\\/lat\\\/latino-america\\\/#website\"},\"primaryImageOfPage\":{\"@id\":\"https:\\\/\\\/eveready.com\\\/lat\\\/latino-america\\\/product\\\/eveready-general-purpose-led-torch-5x-120h\\\/#primaryimage\"},\"image\":{\"@id\":\"https:\\\/\\\/eveready.com\\\/lat\\\/latino-america\\\/product\\\/eveready-general-purpose-led-torch-5x-120h\\\/#primaryimage\"},\"thumbnailUrl\":\"https:\\\/\\\/eveready.com\\\/lat\\\/latino-america\\\/wp-content\\\/uploads\\\/sites\\\/5\\\/2025\\\/12\\\/Eveready\u00ae-LED-2D-5x-Plastic.png\",\"datePublished\":\"2025-12-12T06:44:38+00:00\",\"dateModified\":\"2026-02-02T11:41:20+00:00\",\"breadcrumb\":{\"@id\":\"https:\\\/\\\/eveready.com\\\/lat\\\/latino-america\\\/product\\\/eveready-general-purpose-led-torch-5x-120h\\\/#breadcrumb\"},\"inLanguage\":\"en-US\",\"potentialAction\":[{\"@type\":\"ReadAction\",\"target\":[\"https:\\\/\\\/eveready.com\\\/lat\\\/latino-america\\\/product\\\/eveready-general-purpose-led-torch-5x-120h\\\/\"]}]},{\"@type\":\"ImageObject\",\"inLanguage\":\"en-US\",\"@id\":\"https:\\\/\\\/eveready.com\\\/lat\\\/latino-america\\\/product\\\/eveready-general-purpose-led-torch-5x-120h\\\/#primaryimage\",\"url\":\"https:\\\/\\\/eveready.com\\\/lat\\\/latino-america\\\/wp-content\\\/uploads\\\/sites\\\/5\\\/2025\\\/12\\\/Eveready\u00ae-LED-2D-5x-Plastic.png\",\"contentUrl\":\"https:\\\/\\\/eveready.com\\\/lat\\\/latino-america\\\/wp-content\\\/uploads\\\/sites\\\/5\\\/2025\\\/12\\\/Eveready\u00ae-LED-2D-5x-Plastic.png\",\"width\":800,\"height\":800},{\"@type\":\"BreadcrumbList\",\"@id\":\"https:\\\/\\\/eveready.com\\\/lat\\\/latino-america\\\/product\\\/eveready-general-purpose-led-torch-5x-120h\\\/#breadcrumb\",\"itemListElement\":[{\"@type\":\"ListItem\",\"position\":1,\"name\":\"Home\",\"item\":\"https:\\\/\\\/eveready.com\\\/lat\\\/latino-america\\\/\"},{\"@type\":\"ListItem\",\"position\":2,\"name\":\"Products\",\"item\":\"https:\\\/\\\/eveready.com\\\/lat\\\/latino-america\\\/shop\\\/\"},{\"@type\":\"ListItem\",\"position\":3,\"name\":\"EVEREADY\u00ae LINTERNA LED 5X 120H DE USO GENERAL\"}]},{\"@type\":\"WebSite\",\"@id\":\"https:\\\/\\\/eveready.com\\\/lat\\\/latino-america\\\/#website\",\"url\":\"https:\\\/\\\/eveready.com\\\/lat\\\/latino-america\\\/\",\"name\":\"Eveready Other LATAM\",\"description\":\"\",\"publisher\":{\"@id\":\"https:\\\/\\\/eveready.com\\\/lat\\\/latino-america\\\/#organization\"},\"potentialAction\":[{\"@type\":\"SearchAction\",\"target\":{\"@type\":\"EntryPoint\",\"urlTemplate\":\"https:\\\/\\\/eveready.com\\\/lat\\\/latino-america\\\/?s={search_term_string}\"},\"query-input\":{\"@type\":\"PropertyValueSpecification\",\"valueRequired\":true,\"valueName\":\"search_term_string\"}}],\"inLanguage\":\"en-US\"},{\"@type\":\"Organization\",\"@id\":\"https:\\\/\\\/eveready.com\\\/lat\\\/latino-america\\\/#organization\",\"name\":\"Eveready Other LATAM\",\"url\":\"https:\\\/\\\/eveready.com\\\/lat\\\/latino-america\\\/\",\"logo\":{\"@type\":\"ImageObject\",\"inLanguage\":\"en-US\",\"@id\":\"https:\\\/\\\/eveready.com\\\/lat\\\/latino-america\\\/#\\\/schema\\\/logo\\\/image\\\/\",\"url\":\"https:\\\/\\\/eveready.com\\\/lat\\\/latino-america\\\/wp-content\\\/uploads\\\/sites\\\/5\\\/2025\\\/08\\\/logo-eveready.png\",\"contentUrl\":\"https:\\\/\\\/eveready.com\\\/lat\\\/latino-america\\\/wp-content\\\/uploads\\\/sites\\\/5\\\/2025\\\/08\\\/logo-eveready.png\",\"width\":855,\"height\":220,\"caption\":\"Eveready Other LATAM \"},\"image\":{\"@id\":\"https:\\\/\\\/eveready.com\\\/lat\\\/latino-america\\\/#\\\/schema\\\/logo\\\/image\\\/\"}}]}<\/script>\n<!-- \/ Yoast SEO plugin. -->","yoast_head_json":{"title":"EVEREADY\u00ae LINTERNA LED 5X 120H DE USO GENERAL - Eveready Other LATAM","robots":{"index":"index","follow":"follow","max-snippet":"max-snippet:-1","max-image-preview":"max-image-preview:large","max-video-preview":"max-video-preview:-1"},"canonical":"https:\/\/eveready.com\/lat\/latino-america\/product\/eveready-general-purpose-led-torch-5x-120h\/","og_locale":"en_US","og_type":"article","og_title":"EVEREADY\u00ae LINTERNA LED 5X 120H DE USO GENERAL - Eveready Other LATAM","og_description":"A lo largo de los a\u00f1os, nuestras linternas han sido reconocidas por ofrecer productos de calidad que iluminan, protegen, entretienen y cuidan a las familias en todo el mundo. La linterna LED de uso general es una gran soluci\u00f3n para necesidades b\u00e1sicas. Con tecnolog\u00eda LED brillante y eficiente en energ\u00eda, hasta 5 veces m\u00e1s potente que la tecnolog\u00eda LED com\u00fan, brinda un haz luminoso intenso y una duraci\u00f3n prolongada. El dise\u00f1o acanalado asegura un agarre firme y antideslizante, mientras que el interruptor de bot\u00f3n facilita su uso. Se alimenta f\u00e1cilmente con dos bater\u00edas tipo D.","og_url":"https:\/\/eveready.com\/lat\/latino-america\/product\/eveready-general-purpose-led-torch-5x-120h\/","og_site_name":"Eveready Other LATAM","article_modified_time":"2026-02-02T11:41:20+00:00","og_image":[{"width":800,"height":800,"url":"https:\/\/eveready.com\/lat\/latino-america\/wp-content\/uploads\/sites\/5\/2025\/12\/Eveready\u00ae-LED-2D-5x-Plastic.png","type":"image\/png"}],"twitter_card":"summary_large_image","twitter_misc":{"Est. reading time":"1 minute"},"schema":{"@context":"https:\/\/schema.org","@graph":[{"@type":"WebPage","@id":"https:\/\/eveready.com\/lat\/latino-america\/product\/eveready-general-purpose-led-torch-5x-120h\/","url":"https:\/\/eveready.com\/lat\/latino-america\/product\/eveready-general-purpose-led-torch-5x-120h\/","name":"EVEREADY\u00ae LINTERNA LED 5X 120H DE USO GENERAL - Eveready Other LATAM","isPartOf":{"@id":"https:\/\/eveready.com\/lat\/latino-america\/#website"},"primaryImageOfPage":{"@id":"https:\/\/eveready.com\/lat\/latino-america\/product\/eveready-general-purpose-led-torch-5x-120h\/#primaryimage"},"image":{"@id":"https:\/\/eveready.com\/lat\/latino-america\/product\/eveready-general-purpose-led-torch-5x-120h\/#primaryimage"},"thumbnailUrl":"https:\/\/eveready.com\/lat\/latino-america\/wp-content\/uploads\/sites\/5\/2025\/12\/Eveready\u00ae-LED-2D-5x-Plastic.png","datePublished":"2025-12-12T06:44:38+00:00","dateModified":"2026-02-02T11:41:20+00:00","breadcrumb":{"@id":"https:\/\/eveready.com\/lat\/latino-america\/product\/eveready-general-purpose-led-torch-5x-120h\/#breadcrumb"},"inLanguage":"en-US","potentialAction":[{"@type":"ReadAction","target":["https:\/\/eveready.com\/lat\/latino-america\/product\/eveready-general-purpose-led-torch-5x-120h\/"]}]},{"@type":"ImageObject","inLanguage":"en-US","@id":"https:\/\/eveready.com\/lat\/latino-america\/product\/eveready-general-purpose-led-torch-5x-120h\/#primaryimage","url":"https:\/\/eveready.com\/lat\/latino-america\/wp-content\/uploads\/sites\/5\/2025\/12\/Eveready\u00ae-LED-2D-5x-Plastic.png","contentUrl":"https:\/\/eveready.com\/lat\/latino-america\/wp-content\/uploads\/sites\/5\/2025\/12\/Eveready\u00ae-LED-2D-5x-Plastic.png","width":800,"height":800},{"@type":"BreadcrumbList","@id":"https:\/\/eveready.com\/lat\/latino-america\/product\/eveready-general-purpose-led-torch-5x-120h\/#breadcrumb","itemListElement":[{"@type":"ListItem","position":1,"name":"Home","item":"https:\/\/eveready.com\/lat\/latino-america\/"},{"@type":"ListItem","position":2,"name":"Products","item":"https:\/\/eveready.com\/lat\/latino-america\/shop\/"},{"@type":"ListItem","position":3,"name":"EVEREADY\u00ae LINTERNA LED 5X 120H DE USO GENERAL"}]},{"@type":"WebSite","@id":"https:\/\/eveready.com\/lat\/latino-america\/#website","url":"https:\/\/eveready.com\/lat\/latino-america\/","name":"Eveready Other LATAM","description":"","publisher":{"@id":"https:\/\/eveready.com\/lat\/latino-america\/#organization"},"potentialAction":[{"@type":"SearchAction","target":{"@type":"EntryPoint","urlTemplate":"https:\/\/eveready.com\/lat\/latino-america\/?s={search_term_string}"},"query-input":{"@type":"PropertyValueSpecification","valueRequired":true,"valueName":"search_term_string"}}],"inLanguage":"en-US"},{"@type":"Organization","@id":"https:\/\/eveready.com\/lat\/latino-america\/#organization","name":"Eveready Other LATAM","url":"https:\/\/eveready.com\/lat\/latino-america\/","logo":{"@type":"ImageObject","inLanguage":"en-US","@id":"https:\/\/eveready.com\/lat\/latino-america\/#\/schema\/logo\/image\/","url":"https:\/\/eveready.com\/lat\/latino-america\/wp-content\/uploads\/sites\/5\/2025\/08\/logo-eveready.png","contentUrl":"https:\/\/eveready.com\/lat\/latino-america\/wp-content\/uploads\/sites\/5\/2025\/08\/logo-eveready.png","width":855,"height":220,"caption":"Eveready Other LATAM "},"image":{"@id":"https:\/\/eveready.com\/lat\/latino-america\/#\/schema\/logo\/image\/"}}]}},"acf":[],"_links":{"self":[{"href":"https:\/\/eveready.com\/lat\/latino-america\/wp-json\/wp\/v2\/product\/4847","targetHints":{"allow":["GET"]}}],"collection":[{"href":"https:\/\/eveready.com\/lat\/latino-america\/wp-json\/wp\/v2\/product"}],"about":[{"href":"https:\/\/eveready.com\/lat\/latino-america\/wp-json\/wp\/v2\/types\/product"}],"replies":[{"embeddable":true,"href":"https:\/\/eveready.com\/lat\/latino-america\/wp-json\/wp\/v2\/comments?post=4847"}],"wp:featuredmedia":[{"embeddable":true,"href":"https:\/\/eveready.com\/lat\/latino-america\/wp-json\/wp\/v2\/media\/4712"}],"wp:attachment":[{"href":"https:\/\/eveready.com\/lat\/latino-america\/wp-json\/wp\/v2\/media?parent=4847"}],"wp:term":[{"taxonomy":"product_brand","embeddable":true,"href":"https:\/\/eveready.com\/lat\/latino-america\/wp-json\/wp\/v2\/product_brand?post=4847"},{"taxonomy":"product_cat","embeddable":true,"href":"https:\/\/eveready.com\/lat\/latino-america\/wp-json\/wp\/v2\/product_cat?post=4847"},{"taxonomy":"product_tag","embeddable":true,"href":"https:\/\/eveready.com\/lat\/latino-america\/wp-json\/wp\/v2\/product_tag?post=4847"}],"curies":[{"name":"wp","href":"https:\/\/api.w.org\/{rel}","templated":true}]}}