{"id":4852,"date":"2025-12-12T02:11:39","date_gmt":"2025-12-12T07:11:39","guid":{"rendered":"https:\/\/eveready.com\/lat\/latino-america\/?post_type=product&#038;p=4852"},"modified":"2026-01-29T08:49:49","modified_gmt":"2026-01-29T13:49:49","slug":"eveready-rechargeable-led-flashlight-3m-150","status":"publish","type":"product","link":"https:\/\/eveready.com\/lat\/latino-america\/product\/eveready-rechargeable-led-flashlight-3m-150\/","title":{"rendered":"EVEREADY\u00ae LINTERNA LED 3M 150 RECARGABLE"},"content":{"rendered":"<p><strong>Caracter\u00edsticas y Beneficios<\/strong><\/p>\n<ul>\n<li>Una linterna LED recargable Eveready, el compa\u00f1ero perfecto para tus necesidades de iluminaci\u00f3n<\/li>\n<li>Hasta 5 veces m\u00e1s brillante que la tecnolog\u00eda LED est\u00e1ndar; emite hasta 150 l\u00famenes de luz blanca intensa, con un alcance de hasta 80 m<\/li>\n<li>Ve y hazte ver con los modos Alto, Bajo y Estrobosc\u00f3pico<\/li>\n<li>Alimentada por una bater\u00eda recargable de litio-ion que dura hasta 20 horas con una sola carga; rec\u00e1rgala f\u00e1cilmente con el cable USB incluido \u2014 sin<\/li>\n<li>necesidad de comprar bater\u00edas adicionales<\/li>\n<li>Indicador de carga integrado que te avisa cuando la linterna est\u00e1 lista para usarse<\/li>\n<li>\u00dasala como linterna de camping, linterna de emergencia para cortes de energ\u00eda y m\u00e1s<\/li>\n<\/ul>\n","protected":false},"excerpt":{"rendered":"<p>Ilumina tu camino con confianza y comodidad usando la Linterna Recargable LED Eveready, el compa\u00f1ero perfecto para tus necesidades de iluminaci\u00f3n. Hasta 5 veces m\u00e1s brillante que la tecnolog\u00eda LED est\u00e1ndar, esta linterna recargable emite hasta 150 l\u00famenes de luz blanca intensa, con un alcance de hasta 80 m. Ve y hazte ver con los modos Alto, Bajo y Estrobosc\u00f3pico. Funciona con una bater\u00eda de litio-ion que ofrece hasta 20 horas de uso con una sola carga. Rec\u00e1rgala f\u00e1cilmente con el cable USB incluido a trav\u00e9s de un banco de energ\u00eda, cargador de auto u otra fuente USB, sin necesidad de bater\u00edas adicionales. El indicador de carga integrado te avisa cuando la linterna est\u00e1 lista para usarse. \u00dasala como linterna de camping, linterna de emergencia para cortes de energ\u00eda y m\u00e1s. Mantente preparado para cualquier situaci\u00f3n con la Linterna Recargable LED Eveready.<\/p>\n","protected":false},"featured_media":4859,"comment_status":"open","ping_status":"closed","template":"","meta":{"_acf_changed":false},"product_brand":[],"product_cat":[40,39],"product_tag":[],"class_list":{"0":"post-4852","1":"product","2":"type-product","3":"status-publish","4":"has-post-thumbnail","6":"product_cat-handheld-lights","7":"product_cat-lighting","9":"first","10":"instock","11":"shipping-taxable","12":"product-type-simple"},"yoast_head":"<!-- This site is optimized with the Yoast SEO plugin v27.4 - https:\/\/yoast.com\/product\/yoast-seo-wordpress\/ -->\n<title>EVEREADY\u00ae LINTERNA LED 3M 150 RECARGABLE - Eveready Other LATAM<\/title>\n<meta name=\"robots\" content=\"index, follow, max-snippet:-1, max-image-preview:large, max-video-preview:-1\" \/>\n<link rel=\"canonical\" href=\"https:\/\/eveready.com\/lat\/latino-america\/product\/eveready-rechargeable-led-flashlight-3m-150\/\" \/>\n<meta property=\"og:locale\" content=\"en_US\" \/>\n<meta property=\"og:type\" content=\"article\" \/>\n<meta property=\"og:title\" content=\"EVEREADY\u00ae LINTERNA LED 3M 150 RECARGABLE - Eveready Other LATAM\" \/>\n<meta property=\"og:description\" content=\"Ilumina tu camino con confianza y comodidad usando la Linterna Recargable LED Eveready, el compa\u00f1ero perfecto para tus necesidades de iluminaci\u00f3n. Hasta 5 veces m\u00e1s brillante que la tecnolog\u00eda LED est\u00e1ndar, esta linterna recargable emite hasta 150 l\u00famenes de luz blanca intensa, con un alcance de hasta 80 m. Ve y hazte ver con los modos Alto, Bajo y Estrobosc\u00f3pico. Funciona con una bater\u00eda de litio-ion que ofrece hasta 20 horas de uso con una sola carga. Rec\u00e1rgala f\u00e1cilmente con el cable USB incluido a trav\u00e9s de un banco de energ\u00eda, cargador de auto u otra fuente USB, sin necesidad de bater\u00edas adicionales. El indicador de carga integrado te avisa cuando la linterna est\u00e1 lista para usarse. \u00dasala como linterna de camping, linterna de emergencia para cortes de energ\u00eda y m\u00e1s. Mantente preparado para cualquier situaci\u00f3n con la Linterna Recargable LED Eveready.\" \/>\n<meta property=\"og:url\" content=\"https:\/\/eveready.com\/lat\/latino-america\/product\/eveready-rechargeable-led-flashlight-3m-150\/\" \/>\n<meta property=\"og:site_name\" content=\"Eveready Other LATAM\" \/>\n<meta property=\"article:modified_time\" content=\"2026-01-29T13:49:49+00:00\" \/>\n<meta property=\"og:image\" content=\"https:\/\/eveready.com\/lat\/latino-america\/wp-content\/uploads\/sites\/5\/2025\/12\/evr-Eveready\u00ae-Recargable-3M-150.png\" \/>\n\t<meta property=\"og:image:width\" content=\"800\" \/>\n\t<meta property=\"og:image:height\" content=\"800\" \/>\n\t<meta property=\"og:image:type\" content=\"image\/png\" \/>\n<meta name=\"twitter:card\" content=\"summary_large_image\" \/>\n<meta name=\"twitter:label1\" content=\"Est. reading time\" \/>\n\t<meta name=\"twitter:data1\" content=\"1 minute\" \/>\n<script type=\"application\/ld+json\" class=\"yoast-schema-graph\">{\"@context\":\"https:\\\/\\\/schema.org\",\"@graph\":[{\"@type\":\"WebPage\",\"@id\":\"https:\\\/\\\/eveready.com\\\/lat\\\/latino-america\\\/product\\\/eveready-rechargeable-led-flashlight-3m-150\\\/\",\"url\":\"https:\\\/\\\/eveready.com\\\/lat\\\/latino-america\\\/product\\\/eveready-rechargeable-led-flashlight-3m-150\\\/\",\"name\":\"EVEREADY\u00ae LINTERNA LED 3M 150 RECARGABLE - Eveready Other LATAM\",\"isPartOf\":{\"@id\":\"https:\\\/\\\/eveready.com\\\/lat\\\/latino-america\\\/#website\"},\"primaryImageOfPage\":{\"@id\":\"https:\\\/\\\/eveready.com\\\/lat\\\/latino-america\\\/product\\\/eveready-rechargeable-led-flashlight-3m-150\\\/#primaryimage\"},\"image\":{\"@id\":\"https:\\\/\\\/eveready.com\\\/lat\\\/latino-america\\\/product\\\/eveready-rechargeable-led-flashlight-3m-150\\\/#primaryimage\"},\"thumbnailUrl\":\"https:\\\/\\\/eveready.com\\\/lat\\\/latino-america\\\/wp-content\\\/uploads\\\/sites\\\/5\\\/2025\\\/12\\\/evr-Eveready\u00ae-Recargable-3M-150.png\",\"datePublished\":\"2025-12-12T07:11:39+00:00\",\"dateModified\":\"2026-01-29T13:49:49+00:00\",\"breadcrumb\":{\"@id\":\"https:\\\/\\\/eveready.com\\\/lat\\\/latino-america\\\/product\\\/eveready-rechargeable-led-flashlight-3m-150\\\/#breadcrumb\"},\"inLanguage\":\"en-US\",\"potentialAction\":[{\"@type\":\"ReadAction\",\"target\":[\"https:\\\/\\\/eveready.com\\\/lat\\\/latino-america\\\/product\\\/eveready-rechargeable-led-flashlight-3m-150\\\/\"]}]},{\"@type\":\"ImageObject\",\"inLanguage\":\"en-US\",\"@id\":\"https:\\\/\\\/eveready.com\\\/lat\\\/latino-america\\\/product\\\/eveready-rechargeable-led-flashlight-3m-150\\\/#primaryimage\",\"url\":\"https:\\\/\\\/eveready.com\\\/lat\\\/latino-america\\\/wp-content\\\/uploads\\\/sites\\\/5\\\/2025\\\/12\\\/evr-Eveready\u00ae-Recargable-3M-150.png\",\"contentUrl\":\"https:\\\/\\\/eveready.com\\\/lat\\\/latino-america\\\/wp-content\\\/uploads\\\/sites\\\/5\\\/2025\\\/12\\\/evr-Eveready\u00ae-Recargable-3M-150.png\",\"width\":800,\"height\":800},{\"@type\":\"BreadcrumbList\",\"@id\":\"https:\\\/\\\/eveready.com\\\/lat\\\/latino-america\\\/product\\\/eveready-rechargeable-led-flashlight-3m-150\\\/#breadcrumb\",\"itemListElement\":[{\"@type\":\"ListItem\",\"position\":1,\"name\":\"Home\",\"item\":\"https:\\\/\\\/eveready.com\\\/lat\\\/latino-america\\\/\"},{\"@type\":\"ListItem\",\"position\":2,\"name\":\"Products\",\"item\":\"https:\\\/\\\/eveready.com\\\/lat\\\/latino-america\\\/shop\\\/\"},{\"@type\":\"ListItem\",\"position\":3,\"name\":\"EVEREADY\u00ae LINTERNA LED 3M 150 RECARGABLE\"}]},{\"@type\":\"WebSite\",\"@id\":\"https:\\\/\\\/eveready.com\\\/lat\\\/latino-america\\\/#website\",\"url\":\"https:\\\/\\\/eveready.com\\\/lat\\\/latino-america\\\/\",\"name\":\"Eveready Other LATAM\",\"description\":\"\",\"publisher\":{\"@id\":\"https:\\\/\\\/eveready.com\\\/lat\\\/latino-america\\\/#organization\"},\"potentialAction\":[{\"@type\":\"SearchAction\",\"target\":{\"@type\":\"EntryPoint\",\"urlTemplate\":\"https:\\\/\\\/eveready.com\\\/lat\\\/latino-america\\\/?s={search_term_string}\"},\"query-input\":{\"@type\":\"PropertyValueSpecification\",\"valueRequired\":true,\"valueName\":\"search_term_string\"}}],\"inLanguage\":\"en-US\"},{\"@type\":\"Organization\",\"@id\":\"https:\\\/\\\/eveready.com\\\/lat\\\/latino-america\\\/#organization\",\"name\":\"Eveready Other LATAM\",\"url\":\"https:\\\/\\\/eveready.com\\\/lat\\\/latino-america\\\/\",\"logo\":{\"@type\":\"ImageObject\",\"inLanguage\":\"en-US\",\"@id\":\"https:\\\/\\\/eveready.com\\\/lat\\\/latino-america\\\/#\\\/schema\\\/logo\\\/image\\\/\",\"url\":\"https:\\\/\\\/eveready.com\\\/lat\\\/latino-america\\\/wp-content\\\/uploads\\\/sites\\\/5\\\/2025\\\/08\\\/logo-eveready.png\",\"contentUrl\":\"https:\\\/\\\/eveready.com\\\/lat\\\/latino-america\\\/wp-content\\\/uploads\\\/sites\\\/5\\\/2025\\\/08\\\/logo-eveready.png\",\"width\":855,\"height\":220,\"caption\":\"Eveready Other LATAM \"},\"image\":{\"@id\":\"https:\\\/\\\/eveready.com\\\/lat\\\/latino-america\\\/#\\\/schema\\\/logo\\\/image\\\/\"}}]}<\/script>\n<!-- \/ Yoast SEO plugin. -->","yoast_head_json":{"title":"EVEREADY\u00ae LINTERNA LED 3M 150 RECARGABLE - Eveready Other LATAM","robots":{"index":"index","follow":"follow","max-snippet":"max-snippet:-1","max-image-preview":"max-image-preview:large","max-video-preview":"max-video-preview:-1"},"canonical":"https:\/\/eveready.com\/lat\/latino-america\/product\/eveready-rechargeable-led-flashlight-3m-150\/","og_locale":"en_US","og_type":"article","og_title":"EVEREADY\u00ae LINTERNA LED 3M 150 RECARGABLE - Eveready Other LATAM","og_description":"Ilumina tu camino con confianza y comodidad usando la Linterna Recargable LED Eveready, el compa\u00f1ero perfecto para tus necesidades de iluminaci\u00f3n. Hasta 5 veces m\u00e1s brillante que la tecnolog\u00eda LED est\u00e1ndar, esta linterna recargable emite hasta 150 l\u00famenes de luz blanca intensa, con un alcance de hasta 80 m. Ve y hazte ver con los modos Alto, Bajo y Estrobosc\u00f3pico. Funciona con una bater\u00eda de litio-ion que ofrece hasta 20 horas de uso con una sola carga. Rec\u00e1rgala f\u00e1cilmente con el cable USB incluido a trav\u00e9s de un banco de energ\u00eda, cargador de auto u otra fuente USB, sin necesidad de bater\u00edas adicionales. El indicador de carga integrado te avisa cuando la linterna est\u00e1 lista para usarse. \u00dasala como linterna de camping, linterna de emergencia para cortes de energ\u00eda y m\u00e1s. Mantente preparado para cualquier situaci\u00f3n con la Linterna Recargable LED Eveready.","og_url":"https:\/\/eveready.com\/lat\/latino-america\/product\/eveready-rechargeable-led-flashlight-3m-150\/","og_site_name":"Eveready Other LATAM","article_modified_time":"2026-01-29T13:49:49+00:00","og_image":[{"width":800,"height":800,"url":"https:\/\/eveready.com\/lat\/latino-america\/wp-content\/uploads\/sites\/5\/2025\/12\/evr-Eveready\u00ae-Recargable-3M-150.png","type":"image\/png"}],"twitter_card":"summary_large_image","twitter_misc":{"Est. reading time":"1 minute"},"schema":{"@context":"https:\/\/schema.org","@graph":[{"@type":"WebPage","@id":"https:\/\/eveready.com\/lat\/latino-america\/product\/eveready-rechargeable-led-flashlight-3m-150\/","url":"https:\/\/eveready.com\/lat\/latino-america\/product\/eveready-rechargeable-led-flashlight-3m-150\/","name":"EVEREADY\u00ae LINTERNA LED 3M 150 RECARGABLE - Eveready Other LATAM","isPartOf":{"@id":"https:\/\/eveready.com\/lat\/latino-america\/#website"},"primaryImageOfPage":{"@id":"https:\/\/eveready.com\/lat\/latino-america\/product\/eveready-rechargeable-led-flashlight-3m-150\/#primaryimage"},"image":{"@id":"https:\/\/eveready.com\/lat\/latino-america\/product\/eveready-rechargeable-led-flashlight-3m-150\/#primaryimage"},"thumbnailUrl":"https:\/\/eveready.com\/lat\/latino-america\/wp-content\/uploads\/sites\/5\/2025\/12\/evr-Eveready\u00ae-Recargable-3M-150.png","datePublished":"2025-12-12T07:11:39+00:00","dateModified":"2026-01-29T13:49:49+00:00","breadcrumb":{"@id":"https:\/\/eveready.com\/lat\/latino-america\/product\/eveready-rechargeable-led-flashlight-3m-150\/#breadcrumb"},"inLanguage":"en-US","potentialAction":[{"@type":"ReadAction","target":["https:\/\/eveready.com\/lat\/latino-america\/product\/eveready-rechargeable-led-flashlight-3m-150\/"]}]},{"@type":"ImageObject","inLanguage":"en-US","@id":"https:\/\/eveready.com\/lat\/latino-america\/product\/eveready-rechargeable-led-flashlight-3m-150\/#primaryimage","url":"https:\/\/eveready.com\/lat\/latino-america\/wp-content\/uploads\/sites\/5\/2025\/12\/evr-Eveready\u00ae-Recargable-3M-150.png","contentUrl":"https:\/\/eveready.com\/lat\/latino-america\/wp-content\/uploads\/sites\/5\/2025\/12\/evr-Eveready\u00ae-Recargable-3M-150.png","width":800,"height":800},{"@type":"BreadcrumbList","@id":"https:\/\/eveready.com\/lat\/latino-america\/product\/eveready-rechargeable-led-flashlight-3m-150\/#breadcrumb","itemListElement":[{"@type":"ListItem","position":1,"name":"Home","item":"https:\/\/eveready.com\/lat\/latino-america\/"},{"@type":"ListItem","position":2,"name":"Products","item":"https:\/\/eveready.com\/lat\/latino-america\/shop\/"},{"@type":"ListItem","position":3,"name":"EVEREADY\u00ae LINTERNA LED 3M 150 RECARGABLE"}]},{"@type":"WebSite","@id":"https:\/\/eveready.com\/lat\/latino-america\/#website","url":"https:\/\/eveready.com\/lat\/latino-america\/","name":"Eveready Other LATAM","description":"","publisher":{"@id":"https:\/\/eveready.com\/lat\/latino-america\/#organization"},"potentialAction":[{"@type":"SearchAction","target":{"@type":"EntryPoint","urlTemplate":"https:\/\/eveready.com\/lat\/latino-america\/?s={search_term_string}"},"query-input":{"@type":"PropertyValueSpecification","valueRequired":true,"valueName":"search_term_string"}}],"inLanguage":"en-US"},{"@type":"Organization","@id":"https:\/\/eveready.com\/lat\/latino-america\/#organization","name":"Eveready Other LATAM","url":"https:\/\/eveready.com\/lat\/latino-america\/","logo":{"@type":"ImageObject","inLanguage":"en-US","@id":"https:\/\/eveready.com\/lat\/latino-america\/#\/schema\/logo\/image\/","url":"https:\/\/eveready.com\/lat\/latino-america\/wp-content\/uploads\/sites\/5\/2025\/08\/logo-eveready.png","contentUrl":"https:\/\/eveready.com\/lat\/latino-america\/wp-content\/uploads\/sites\/5\/2025\/08\/logo-eveready.png","width":855,"height":220,"caption":"Eveready Other LATAM "},"image":{"@id":"https:\/\/eveready.com\/lat\/latino-america\/#\/schema\/logo\/image\/"}}]}},"acf":[],"_links":{"self":[{"href":"https:\/\/eveready.com\/lat\/latino-america\/wp-json\/wp\/v2\/product\/4852","targetHints":{"allow":["GET"]}}],"collection":[{"href":"https:\/\/eveready.com\/lat\/latino-america\/wp-json\/wp\/v2\/product"}],"about":[{"href":"https:\/\/eveready.com\/lat\/latino-america\/wp-json\/wp\/v2\/types\/product"}],"replies":[{"embeddable":true,"href":"https:\/\/eveready.com\/lat\/latino-america\/wp-json\/wp\/v2\/comments?post=4852"}],"wp:featuredmedia":[{"embeddable":true,"href":"https:\/\/eveready.com\/lat\/latino-america\/wp-json\/wp\/v2\/media\/4859"}],"wp:attachment":[{"href":"https:\/\/eveready.com\/lat\/latino-america\/wp-json\/wp\/v2\/media?parent=4852"}],"wp:term":[{"taxonomy":"product_brand","embeddable":true,"href":"https:\/\/eveready.com\/lat\/latino-america\/wp-json\/wp\/v2\/product_brand?post=4852"},{"taxonomy":"product_cat","embeddable":true,"href":"https:\/\/eveready.com\/lat\/latino-america\/wp-json\/wp\/v2\/product_cat?post=4852"},{"taxonomy":"product_tag","embeddable":true,"href":"https:\/\/eveready.com\/lat\/latino-america\/wp-json\/wp\/v2\/product_tag?post=4852"}],"curies":[{"name":"wp","href":"https:\/\/api.w.org\/{rel}","templated":true}]}}