{"id":4854,"date":"2025-12-12T02:18:03","date_gmt":"2025-12-12T07:18:03","guid":{"rendered":"https:\/\/eveready.com\/lat\/latino-america\/?post_type=product&#038;p=4854"},"modified":"2026-01-29T08:36:51","modified_gmt":"2026-01-29T13:36:51","slug":"eveready-hybrid-rechargeable-led-latern-3m-110","status":"publish","type":"product","link":"https:\/\/eveready.com\/lat\/latino-america\/product\/eveready-hybrid-rechargeable-led-latern-3m-110\/","title":{"rendered":"EVEREADY\u00ae LINTERNA LED 110 LUMENES H\u00cdBRIDA RECARGABLE"},"content":{"rendered":"<p><strong>Caracter\u00edsticas y Beneficios<\/strong><\/p>\n<ul>\n<li>Una linterna LED h\u00edbrida recargable Eveready, el compa\u00f1ero perfecto para tus necesidades de iluminaci\u00f3n<\/li>\n<li>Linterna h\u00edbrida recargable con la flexibilidad de funcionar con bater\u00eda de litio-ion recargable o con tres pilas AA, asegurando luz confiable siempre que la necesites<\/li>\n<li>Hasta 5 veces m\u00e1s brillante que la tecnolog\u00eda LED est\u00e1ndar; emite hasta 110 l\u00famenes de luz blanca intensa, con un alcance de hasta 250 m<\/li>\n<li>Ve y hazte ver con los modos Alto, Bajo y Estrobosc\u00f3pico<\/li>\n<li>Linterna port\u00e1til con asa ergon\u00f3mica para f\u00e1cil transporte; tambi\u00e9n puede colgarse de un gancho o rama para iluminaci\u00f3n manos libres<\/li>\n<li>\u00a0La bater\u00eda de litio-ion recargable dura hasta 22 horas con una sola carga; rec\u00e1rgala f\u00e1cilmente con el cable USB incluido y utiliza el indicador de carga integrado para monitorear el progreso<\/li>\n<li>\u00b7 \u00dasala como linterna de camping, linterna de emergencia para cortes de energ\u00eda y m\u00e1s<\/li>\n<\/ul>\n","protected":false},"excerpt":{"rendered":"<p>Ilumina tu camino con confianza y comodidad usando la Linterna H\u00edbrida Recargable LED Eveready, el compa\u00f1ero perfecto para tus necesidades de iluminaci\u00f3n. Esta linterna LED recargable ofrece la flexibilidad de funcionar con bater\u00eda de litio-ion recargable o con tres pilas AA, asegurando luz confiable en todo momento. Hasta 5 veces m\u00e1s brillante que la tecnolog\u00eda LED est\u00e1ndar, esta linterna port\u00e1til emite hasta 110 l\u00famenes de luz blanca intensa, con un alcance de hasta 250 m. Ve y hazte ver con los modos Alto, Bajo y Estrobosc\u00f3pico. La bater\u00eda de litio-ion dura hasta 22 horas con una sola carga y se recarga f\u00e1cilmente con el cable USB incluido a trav\u00e9s de un banco de energ\u00eda, cargador de auto u otra fuente USB. El indicador de carga integrado te avisa cuando la linterna est\u00e1 lista para usarse. Con su tama\u00f1o compacto y asa ergon\u00f3mica, es f\u00e1cil de transportar y puede colgarse para iluminaci\u00f3n manos libres. \u00dasala como linterna de camping, linterna de emergencia para cortes de energ\u00eda y m\u00e1s Mantente preparado para cualquier situaci\u00f3n con la Linterna H\u00edbrida Recargable LED Eveready.<\/p>\n","protected":false},"featured_media":4860,"comment_status":"open","ping_status":"closed","template":"","meta":{"_acf_changed":false},"product_brand":[],"product_cat":[40,39],"product_tag":[],"class_list":{"0":"post-4854","1":"product","2":"type-product","3":"status-publish","4":"has-post-thumbnail","6":"product_cat-handheld-lights","7":"product_cat-lighting","9":"first","10":"instock","11":"shipping-taxable","12":"product-type-simple"},"yoast_head":"<!-- This site is optimized with the Yoast SEO plugin v27.4 - https:\/\/yoast.com\/product\/yoast-seo-wordpress\/ -->\n<title>EVEREADY\u00ae LINTERNA LED 110 LUMENES H\u00cdBRIDA RECARGABLE - Eveready Other LATAM<\/title>\n<meta name=\"robots\" content=\"index, follow, max-snippet:-1, max-image-preview:large, max-video-preview:-1\" \/>\n<link rel=\"canonical\" href=\"https:\/\/eveready.com\/lat\/latino-america\/product\/eveready-hybrid-rechargeable-led-latern-3m-110\/\" \/>\n<meta property=\"og:locale\" content=\"en_US\" \/>\n<meta property=\"og:type\" content=\"article\" \/>\n<meta property=\"og:title\" content=\"EVEREADY\u00ae LINTERNA LED 110 LUMENES H\u00cdBRIDA RECARGABLE - Eveready Other LATAM\" \/>\n<meta property=\"og:description\" content=\"Ilumina tu camino con confianza y comodidad usando la Linterna H\u00edbrida Recargable LED Eveready, el compa\u00f1ero perfecto para tus necesidades de iluminaci\u00f3n. Esta linterna LED recargable ofrece la flexibilidad de funcionar con bater\u00eda de litio-ion recargable o con tres pilas AA, asegurando luz confiable en todo momento. Hasta 5 veces m\u00e1s brillante que la tecnolog\u00eda LED est\u00e1ndar, esta linterna port\u00e1til emite hasta 110 l\u00famenes de luz blanca intensa, con un alcance de hasta 250 m. Ve y hazte ver con los modos Alto, Bajo y Estrobosc\u00f3pico. La bater\u00eda de litio-ion dura hasta 22 horas con una sola carga y se recarga f\u00e1cilmente con el cable USB incluido a trav\u00e9s de un banco de energ\u00eda, cargador de auto u otra fuente USB. El indicador de carga integrado te avisa cuando la linterna est\u00e1 lista para usarse. Con su tama\u00f1o compacto y asa ergon\u00f3mica, es f\u00e1cil de transportar y puede colgarse para iluminaci\u00f3n manos libres. \u00dasala como linterna de camping, linterna de emergencia para cortes de energ\u00eda y m\u00e1s Mantente preparado para cualquier situaci\u00f3n con la Linterna H\u00edbrida Recargable LED Eveready.\" \/>\n<meta property=\"og:url\" content=\"https:\/\/eveready.com\/lat\/latino-america\/product\/eveready-hybrid-rechargeable-led-latern-3m-110\/\" \/>\n<meta property=\"og:site_name\" content=\"Eveready Other LATAM\" \/>\n<meta property=\"article:modified_time\" content=\"2026-01-29T13:36:51+00:00\" \/>\n<meta property=\"og:image\" content=\"https:\/\/eveready.com\/lat\/latino-america\/wp-content\/uploads\/sites\/5\/2025\/12\/Eveready\u00ae-Recargable-Value-3M-110.png\" \/>\n\t<meta property=\"og:image:width\" content=\"800\" \/>\n\t<meta property=\"og:image:height\" content=\"800\" \/>\n\t<meta property=\"og:image:type\" content=\"image\/png\" \/>\n<meta name=\"twitter:card\" content=\"summary_large_image\" \/>\n<meta name=\"twitter:label1\" content=\"Est. reading time\" \/>\n\t<meta name=\"twitter:data1\" content=\"1 minute\" \/>\n<script type=\"application\/ld+json\" class=\"yoast-schema-graph\">{\"@context\":\"https:\\\/\\\/schema.org\",\"@graph\":[{\"@type\":\"WebPage\",\"@id\":\"https:\\\/\\\/eveready.com\\\/lat\\\/latino-america\\\/product\\\/eveready-hybrid-rechargeable-led-latern-3m-110\\\/\",\"url\":\"https:\\\/\\\/eveready.com\\\/lat\\\/latino-america\\\/product\\\/eveready-hybrid-rechargeable-led-latern-3m-110\\\/\",\"name\":\"EVEREADY\u00ae LINTERNA LED 110 LUMENES H\u00cdBRIDA RECARGABLE - Eveready Other LATAM\",\"isPartOf\":{\"@id\":\"https:\\\/\\\/eveready.com\\\/lat\\\/latino-america\\\/#website\"},\"primaryImageOfPage\":{\"@id\":\"https:\\\/\\\/eveready.com\\\/lat\\\/latino-america\\\/product\\\/eveready-hybrid-rechargeable-led-latern-3m-110\\\/#primaryimage\"},\"image\":{\"@id\":\"https:\\\/\\\/eveready.com\\\/lat\\\/latino-america\\\/product\\\/eveready-hybrid-rechargeable-led-latern-3m-110\\\/#primaryimage\"},\"thumbnailUrl\":\"https:\\\/\\\/eveready.com\\\/lat\\\/latino-america\\\/wp-content\\\/uploads\\\/sites\\\/5\\\/2025\\\/12\\\/Eveready\u00ae-Recargable-Value-3M-110.png\",\"datePublished\":\"2025-12-12T07:18:03+00:00\",\"dateModified\":\"2026-01-29T13:36:51+00:00\",\"breadcrumb\":{\"@id\":\"https:\\\/\\\/eveready.com\\\/lat\\\/latino-america\\\/product\\\/eveready-hybrid-rechargeable-led-latern-3m-110\\\/#breadcrumb\"},\"inLanguage\":\"en-US\",\"potentialAction\":[{\"@type\":\"ReadAction\",\"target\":[\"https:\\\/\\\/eveready.com\\\/lat\\\/latino-america\\\/product\\\/eveready-hybrid-rechargeable-led-latern-3m-110\\\/\"]}]},{\"@type\":\"ImageObject\",\"inLanguage\":\"en-US\",\"@id\":\"https:\\\/\\\/eveready.com\\\/lat\\\/latino-america\\\/product\\\/eveready-hybrid-rechargeable-led-latern-3m-110\\\/#primaryimage\",\"url\":\"https:\\\/\\\/eveready.com\\\/lat\\\/latino-america\\\/wp-content\\\/uploads\\\/sites\\\/5\\\/2025\\\/12\\\/Eveready\u00ae-Recargable-Value-3M-110.png\",\"contentUrl\":\"https:\\\/\\\/eveready.com\\\/lat\\\/latino-america\\\/wp-content\\\/uploads\\\/sites\\\/5\\\/2025\\\/12\\\/Eveready\u00ae-Recargable-Value-3M-110.png\",\"width\":800,\"height\":800},{\"@type\":\"BreadcrumbList\",\"@id\":\"https:\\\/\\\/eveready.com\\\/lat\\\/latino-america\\\/product\\\/eveready-hybrid-rechargeable-led-latern-3m-110\\\/#breadcrumb\",\"itemListElement\":[{\"@type\":\"ListItem\",\"position\":1,\"name\":\"Home\",\"item\":\"https:\\\/\\\/eveready.com\\\/lat\\\/latino-america\\\/\"},{\"@type\":\"ListItem\",\"position\":2,\"name\":\"Products\",\"item\":\"https:\\\/\\\/eveready.com\\\/lat\\\/latino-america\\\/shop\\\/\"},{\"@type\":\"ListItem\",\"position\":3,\"name\":\"EVEREADY\u00ae LINTERNA LED 110 LUMENES H\u00cdBRIDA RECARGABLE\"}]},{\"@type\":\"WebSite\",\"@id\":\"https:\\\/\\\/eveready.com\\\/lat\\\/latino-america\\\/#website\",\"url\":\"https:\\\/\\\/eveready.com\\\/lat\\\/latino-america\\\/\",\"name\":\"Eveready Other LATAM\",\"description\":\"\",\"publisher\":{\"@id\":\"https:\\\/\\\/eveready.com\\\/lat\\\/latino-america\\\/#organization\"},\"potentialAction\":[{\"@type\":\"SearchAction\",\"target\":{\"@type\":\"EntryPoint\",\"urlTemplate\":\"https:\\\/\\\/eveready.com\\\/lat\\\/latino-america\\\/?s={search_term_string}\"},\"query-input\":{\"@type\":\"PropertyValueSpecification\",\"valueRequired\":true,\"valueName\":\"search_term_string\"}}],\"inLanguage\":\"en-US\"},{\"@type\":\"Organization\",\"@id\":\"https:\\\/\\\/eveready.com\\\/lat\\\/latino-america\\\/#organization\",\"name\":\"Eveready Other LATAM\",\"url\":\"https:\\\/\\\/eveready.com\\\/lat\\\/latino-america\\\/\",\"logo\":{\"@type\":\"ImageObject\",\"inLanguage\":\"en-US\",\"@id\":\"https:\\\/\\\/eveready.com\\\/lat\\\/latino-america\\\/#\\\/schema\\\/logo\\\/image\\\/\",\"url\":\"https:\\\/\\\/eveready.com\\\/lat\\\/latino-america\\\/wp-content\\\/uploads\\\/sites\\\/5\\\/2025\\\/08\\\/logo-eveready.png\",\"contentUrl\":\"https:\\\/\\\/eveready.com\\\/lat\\\/latino-america\\\/wp-content\\\/uploads\\\/sites\\\/5\\\/2025\\\/08\\\/logo-eveready.png\",\"width\":855,\"height\":220,\"caption\":\"Eveready Other LATAM \"},\"image\":{\"@id\":\"https:\\\/\\\/eveready.com\\\/lat\\\/latino-america\\\/#\\\/schema\\\/logo\\\/image\\\/\"}}]}<\/script>\n<!-- \/ Yoast SEO plugin. -->","yoast_head_json":{"title":"EVEREADY\u00ae LINTERNA LED 110 LUMENES H\u00cdBRIDA RECARGABLE - Eveready Other LATAM","robots":{"index":"index","follow":"follow","max-snippet":"max-snippet:-1","max-image-preview":"max-image-preview:large","max-video-preview":"max-video-preview:-1"},"canonical":"https:\/\/eveready.com\/lat\/latino-america\/product\/eveready-hybrid-rechargeable-led-latern-3m-110\/","og_locale":"en_US","og_type":"article","og_title":"EVEREADY\u00ae LINTERNA LED 110 LUMENES H\u00cdBRIDA RECARGABLE - Eveready Other LATAM","og_description":"Ilumina tu camino con confianza y comodidad usando la Linterna H\u00edbrida Recargable LED Eveready, el compa\u00f1ero perfecto para tus necesidades de iluminaci\u00f3n. Esta linterna LED recargable ofrece la flexibilidad de funcionar con bater\u00eda de litio-ion recargable o con tres pilas AA, asegurando luz confiable en todo momento. Hasta 5 veces m\u00e1s brillante que la tecnolog\u00eda LED est\u00e1ndar, esta linterna port\u00e1til emite hasta 110 l\u00famenes de luz blanca intensa, con un alcance de hasta 250 m. Ve y hazte ver con los modos Alto, Bajo y Estrobosc\u00f3pico. La bater\u00eda de litio-ion dura hasta 22 horas con una sola carga y se recarga f\u00e1cilmente con el cable USB incluido a trav\u00e9s de un banco de energ\u00eda, cargador de auto u otra fuente USB. El indicador de carga integrado te avisa cuando la linterna est\u00e1 lista para usarse. Con su tama\u00f1o compacto y asa ergon\u00f3mica, es f\u00e1cil de transportar y puede colgarse para iluminaci\u00f3n manos libres. \u00dasala como linterna de camping, linterna de emergencia para cortes de energ\u00eda y m\u00e1s Mantente preparado para cualquier situaci\u00f3n con la Linterna H\u00edbrida Recargable LED Eveready.","og_url":"https:\/\/eveready.com\/lat\/latino-america\/product\/eveready-hybrid-rechargeable-led-latern-3m-110\/","og_site_name":"Eveready Other LATAM","article_modified_time":"2026-01-29T13:36:51+00:00","og_image":[{"width":800,"height":800,"url":"https:\/\/eveready.com\/lat\/latino-america\/wp-content\/uploads\/sites\/5\/2025\/12\/Eveready\u00ae-Recargable-Value-3M-110.png","type":"image\/png"}],"twitter_card":"summary_large_image","twitter_misc":{"Est. reading time":"1 minute"},"schema":{"@context":"https:\/\/schema.org","@graph":[{"@type":"WebPage","@id":"https:\/\/eveready.com\/lat\/latino-america\/product\/eveready-hybrid-rechargeable-led-latern-3m-110\/","url":"https:\/\/eveready.com\/lat\/latino-america\/product\/eveready-hybrid-rechargeable-led-latern-3m-110\/","name":"EVEREADY\u00ae LINTERNA LED 110 LUMENES H\u00cdBRIDA RECARGABLE - Eveready Other LATAM","isPartOf":{"@id":"https:\/\/eveready.com\/lat\/latino-america\/#website"},"primaryImageOfPage":{"@id":"https:\/\/eveready.com\/lat\/latino-america\/product\/eveready-hybrid-rechargeable-led-latern-3m-110\/#primaryimage"},"image":{"@id":"https:\/\/eveready.com\/lat\/latino-america\/product\/eveready-hybrid-rechargeable-led-latern-3m-110\/#primaryimage"},"thumbnailUrl":"https:\/\/eveready.com\/lat\/latino-america\/wp-content\/uploads\/sites\/5\/2025\/12\/Eveready\u00ae-Recargable-Value-3M-110.png","datePublished":"2025-12-12T07:18:03+00:00","dateModified":"2026-01-29T13:36:51+00:00","breadcrumb":{"@id":"https:\/\/eveready.com\/lat\/latino-america\/product\/eveready-hybrid-rechargeable-led-latern-3m-110\/#breadcrumb"},"inLanguage":"en-US","potentialAction":[{"@type":"ReadAction","target":["https:\/\/eveready.com\/lat\/latino-america\/product\/eveready-hybrid-rechargeable-led-latern-3m-110\/"]}]},{"@type":"ImageObject","inLanguage":"en-US","@id":"https:\/\/eveready.com\/lat\/latino-america\/product\/eveready-hybrid-rechargeable-led-latern-3m-110\/#primaryimage","url":"https:\/\/eveready.com\/lat\/latino-america\/wp-content\/uploads\/sites\/5\/2025\/12\/Eveready\u00ae-Recargable-Value-3M-110.png","contentUrl":"https:\/\/eveready.com\/lat\/latino-america\/wp-content\/uploads\/sites\/5\/2025\/12\/Eveready\u00ae-Recargable-Value-3M-110.png","width":800,"height":800},{"@type":"BreadcrumbList","@id":"https:\/\/eveready.com\/lat\/latino-america\/product\/eveready-hybrid-rechargeable-led-latern-3m-110\/#breadcrumb","itemListElement":[{"@type":"ListItem","position":1,"name":"Home","item":"https:\/\/eveready.com\/lat\/latino-america\/"},{"@type":"ListItem","position":2,"name":"Products","item":"https:\/\/eveready.com\/lat\/latino-america\/shop\/"},{"@type":"ListItem","position":3,"name":"EVEREADY\u00ae LINTERNA LED 110 LUMENES H\u00cdBRIDA RECARGABLE"}]},{"@type":"WebSite","@id":"https:\/\/eveready.com\/lat\/latino-america\/#website","url":"https:\/\/eveready.com\/lat\/latino-america\/","name":"Eveready Other LATAM","description":"","publisher":{"@id":"https:\/\/eveready.com\/lat\/latino-america\/#organization"},"potentialAction":[{"@type":"SearchAction","target":{"@type":"EntryPoint","urlTemplate":"https:\/\/eveready.com\/lat\/latino-america\/?s={search_term_string}"},"query-input":{"@type":"PropertyValueSpecification","valueRequired":true,"valueName":"search_term_string"}}],"inLanguage":"en-US"},{"@type":"Organization","@id":"https:\/\/eveready.com\/lat\/latino-america\/#organization","name":"Eveready Other LATAM","url":"https:\/\/eveready.com\/lat\/latino-america\/","logo":{"@type":"ImageObject","inLanguage":"en-US","@id":"https:\/\/eveready.com\/lat\/latino-america\/#\/schema\/logo\/image\/","url":"https:\/\/eveready.com\/lat\/latino-america\/wp-content\/uploads\/sites\/5\/2025\/08\/logo-eveready.png","contentUrl":"https:\/\/eveready.com\/lat\/latino-america\/wp-content\/uploads\/sites\/5\/2025\/08\/logo-eveready.png","width":855,"height":220,"caption":"Eveready Other LATAM "},"image":{"@id":"https:\/\/eveready.com\/lat\/latino-america\/#\/schema\/logo\/image\/"}}]}},"acf":[],"_links":{"self":[{"href":"https:\/\/eveready.com\/lat\/latino-america\/wp-json\/wp\/v2\/product\/4854","targetHints":{"allow":["GET"]}}],"collection":[{"href":"https:\/\/eveready.com\/lat\/latino-america\/wp-json\/wp\/v2\/product"}],"about":[{"href":"https:\/\/eveready.com\/lat\/latino-america\/wp-json\/wp\/v2\/types\/product"}],"replies":[{"embeddable":true,"href":"https:\/\/eveready.com\/lat\/latino-america\/wp-json\/wp\/v2\/comments?post=4854"}],"wp:featuredmedia":[{"embeddable":true,"href":"https:\/\/eveready.com\/lat\/latino-america\/wp-json\/wp\/v2\/media\/4860"}],"wp:attachment":[{"href":"https:\/\/eveready.com\/lat\/latino-america\/wp-json\/wp\/v2\/media?parent=4854"}],"wp:term":[{"taxonomy":"product_brand","embeddable":true,"href":"https:\/\/eveready.com\/lat\/latino-america\/wp-json\/wp\/v2\/product_brand?post=4854"},{"taxonomy":"product_cat","embeddable":true,"href":"https:\/\/eveready.com\/lat\/latino-america\/wp-json\/wp\/v2\/product_cat?post=4854"},{"taxonomy":"product_tag","embeddable":true,"href":"https:\/\/eveready.com\/lat\/latino-america\/wp-json\/wp\/v2\/product_tag?post=4854"}],"curies":[{"name":"wp","href":"https:\/\/api.w.org\/{rel}","templated":true}]}}