{"id":4861,"date":"2025-12-12T02:37:36","date_gmt":"2025-12-12T07:37:36","guid":{"rendered":"https:\/\/eveready.com\/lat\/latino-america\/?post_type=product&#038;p=4861"},"modified":"2026-01-29T23:36:34","modified_gmt":"2026-01-30T04:36:34","slug":"eveready-compact-led-lantern-250","status":"publish","type":"product","link":"https:\/\/eveready.com\/lat\/latino-america\/product\/eveready-compact-led-lantern-250\/","title":{"rendered":"EVEREADY\u00ae COMPACT LED LANTERN 250"},"content":{"rendered":"<p><strong>Caracter\u00edsticas y Beneficios<\/strong><\/p>\n<ul>\n<li>La linterna compacta LED Eveready funciona con 2 pilas AA o 4 pilas AA para mayor potencia y duraci\u00f3n, gracias a la tecnolog\u00eda ReadyFlex<\/li>\n<li>Emite hasta 250 l\u00famenes* de luz brillante con 4 pilas alcalinas AA<\/li>\n<li>Funciona hasta 100 horas con 4 pilas alcalinas AA \u2014 ideal para viajes de campamento nocturnos, trabajos en casa, suministros para huracanes, accesorios de camping y kits de supervivencia<\/li>\n<li>Construcci\u00f3n resistente al agua IPX4 que soporta salpicaduras y supera la prueba de ca\u00edda de 1 metro<\/li>\n<li>Esta linterna proporciona luz brillante de 360\u00b0, llenando habitaciones o campamentos con facilidad<\/li>\n<li>La tecnolog\u00eda LED ofrece iluminaci\u00f3n de \u00e1rea vibrante y uniforme. Perfecta para cortes de energ\u00eda, tormentas, huracanes, accesorios de camping, senderismo, kits de supervivencia, etc.<\/li>\n<\/ul>\n","protected":false},"excerpt":{"rendered":"<p>Compacta y ligera, la linterna LED Eveready Compact es una gran elecci\u00f3n para iluminaci\u00f3n de \u00e1rea tanto en interiores como exteriores. Dise\u00f1ada para ser f\u00e1cil de transportar, brillante y duradera, ofrece iluminaci\u00f3n de \u00e1rea con un tiempo de funcionamiento excepcional. Tambi\u00e9n cuenta con una construcci\u00f3n resistente que supera la prueba de ca\u00edda de 1 metro.<br \/>\nLa tecnolog\u00eda ReadyFlex permite que esta luz funcione con 2AA o 4AA, optimizando el ahorro de energ\u00eda.<br \/>\n*Salida de luz medida desde el LED. El valor aplica \u00fanicamente al LED. La salida de luz real del dispositivo puede variar.<\/p>\n<p>**Punto final determinado al 1% del valor inicial.<\/p>\n","protected":false},"featured_media":3471,"comment_status":"open","ping_status":"closed","template":"","meta":{"_acf_changed":false},"product_brand":[],"product_cat":[41],"product_tag":[],"class_list":{"0":"post-4861","1":"product","2":"type-product","3":"status-publish","4":"has-post-thumbnail","6":"product_cat-area-lights","8":"first","9":"instock","10":"shipping-taxable","11":"product-type-simple"},"yoast_head":"<!-- This site is optimized with the Yoast SEO plugin v27.4 - https:\/\/yoast.com\/product\/yoast-seo-wordpress\/ -->\n<title>EVEREADY\u00ae COMPACT LED LANTERN 250 - Eveready Other LATAM<\/title>\n<meta name=\"robots\" content=\"index, follow, max-snippet:-1, max-image-preview:large, max-video-preview:-1\" \/>\n<link rel=\"canonical\" href=\"https:\/\/eveready.com\/lat\/latino-america\/product\/eveready-compact-led-lantern-250\/\" \/>\n<meta property=\"og:locale\" content=\"en_US\" \/>\n<meta property=\"og:type\" content=\"article\" \/>\n<meta property=\"og:title\" content=\"EVEREADY\u00ae COMPACT LED LANTERN 250 - Eveready Other LATAM\" \/>\n<meta property=\"og:description\" content=\"Compacta y ligera, la linterna LED Eveready Compact es una gran elecci\u00f3n para iluminaci\u00f3n de \u00e1rea tanto en interiores como exteriores. Dise\u00f1ada para ser f\u00e1cil de transportar, brillante y duradera, ofrece iluminaci\u00f3n de \u00e1rea con un tiempo de funcionamiento excepcional. Tambi\u00e9n cuenta con una construcci\u00f3n resistente que supera la prueba de ca\u00edda de 1 metro. La tecnolog\u00eda ReadyFlex permite que esta luz funcione con 2AA o 4AA, optimizando el ahorro de energ\u00eda. *Salida de luz medida desde el LED. El valor aplica \u00fanicamente al LED. La salida de luz real del dispositivo puede variar.  **Punto final determinado al 1% del valor inicial.\" \/>\n<meta property=\"og:url\" content=\"https:\/\/eveready.com\/lat\/latino-america\/product\/eveready-compact-led-lantern-250\/\" \/>\n<meta property=\"og:site_name\" content=\"Eveready Other LATAM\" \/>\n<meta property=\"article:modified_time\" content=\"2026-01-30T04:36:34+00:00\" \/>\n<meta property=\"og:image\" content=\"https:\/\/eveready.com\/lat\/latino-america\/wp-content\/uploads\/sites\/5\/2025\/09\/EVEREADY-\u00ae-LED-LATERN-250.png\" \/>\n\t<meta property=\"og:image:width\" content=\"800\" \/>\n\t<meta property=\"og:image:height\" content=\"800\" \/>\n\t<meta property=\"og:image:type\" content=\"image\/png\" \/>\n<meta name=\"twitter:card\" content=\"summary_large_image\" \/>\n<meta name=\"twitter:label1\" content=\"Est. reading time\" \/>\n\t<meta name=\"twitter:data1\" content=\"1 minute\" \/>\n<script type=\"application\/ld+json\" class=\"yoast-schema-graph\">{\"@context\":\"https:\\\/\\\/schema.org\",\"@graph\":[{\"@type\":\"WebPage\",\"@id\":\"https:\\\/\\\/eveready.com\\\/lat\\\/latino-america\\\/product\\\/eveready-compact-led-lantern-250\\\/\",\"url\":\"https:\\\/\\\/eveready.com\\\/lat\\\/latino-america\\\/product\\\/eveready-compact-led-lantern-250\\\/\",\"name\":\"EVEREADY\u00ae COMPACT LED LANTERN 250 - Eveready Other LATAM\",\"isPartOf\":{\"@id\":\"https:\\\/\\\/eveready.com\\\/lat\\\/latino-america\\\/#website\"},\"primaryImageOfPage\":{\"@id\":\"https:\\\/\\\/eveready.com\\\/lat\\\/latino-america\\\/product\\\/eveready-compact-led-lantern-250\\\/#primaryimage\"},\"image\":{\"@id\":\"https:\\\/\\\/eveready.com\\\/lat\\\/latino-america\\\/product\\\/eveready-compact-led-lantern-250\\\/#primaryimage\"},\"thumbnailUrl\":\"https:\\\/\\\/eveready.com\\\/lat\\\/latino-america\\\/wp-content\\\/uploads\\\/sites\\\/5\\\/2025\\\/09\\\/EVEREADY-\u00ae-LED-LATERN-250.png\",\"datePublished\":\"2025-12-12T07:37:36+00:00\",\"dateModified\":\"2026-01-30T04:36:34+00:00\",\"breadcrumb\":{\"@id\":\"https:\\\/\\\/eveready.com\\\/lat\\\/latino-america\\\/product\\\/eveready-compact-led-lantern-250\\\/#breadcrumb\"},\"inLanguage\":\"en-US\",\"potentialAction\":[{\"@type\":\"ReadAction\",\"target\":[\"https:\\\/\\\/eveready.com\\\/lat\\\/latino-america\\\/product\\\/eveready-compact-led-lantern-250\\\/\"]}]},{\"@type\":\"ImageObject\",\"inLanguage\":\"en-US\",\"@id\":\"https:\\\/\\\/eveready.com\\\/lat\\\/latino-america\\\/product\\\/eveready-compact-led-lantern-250\\\/#primaryimage\",\"url\":\"https:\\\/\\\/eveready.com\\\/lat\\\/latino-america\\\/wp-content\\\/uploads\\\/sites\\\/5\\\/2025\\\/09\\\/EVEREADY-\u00ae-LED-LATERN-250.png\",\"contentUrl\":\"https:\\\/\\\/eveready.com\\\/lat\\\/latino-america\\\/wp-content\\\/uploads\\\/sites\\\/5\\\/2025\\\/09\\\/EVEREADY-\u00ae-LED-LATERN-250.png\",\"width\":800,\"height\":800},{\"@type\":\"BreadcrumbList\",\"@id\":\"https:\\\/\\\/eveready.com\\\/lat\\\/latino-america\\\/product\\\/eveready-compact-led-lantern-250\\\/#breadcrumb\",\"itemListElement\":[{\"@type\":\"ListItem\",\"position\":1,\"name\":\"Home\",\"item\":\"https:\\\/\\\/eveready.com\\\/lat\\\/latino-america\\\/\"},{\"@type\":\"ListItem\",\"position\":2,\"name\":\"Products\",\"item\":\"https:\\\/\\\/eveready.com\\\/lat\\\/latino-america\\\/shop\\\/\"},{\"@type\":\"ListItem\",\"position\":3,\"name\":\"EVEREADY\u00ae COMPACT LED LANTERN 250\"}]},{\"@type\":\"WebSite\",\"@id\":\"https:\\\/\\\/eveready.com\\\/lat\\\/latino-america\\\/#website\",\"url\":\"https:\\\/\\\/eveready.com\\\/lat\\\/latino-america\\\/\",\"name\":\"Eveready Other LATAM\",\"description\":\"\",\"publisher\":{\"@id\":\"https:\\\/\\\/eveready.com\\\/lat\\\/latino-america\\\/#organization\"},\"potentialAction\":[{\"@type\":\"SearchAction\",\"target\":{\"@type\":\"EntryPoint\",\"urlTemplate\":\"https:\\\/\\\/eveready.com\\\/lat\\\/latino-america\\\/?s={search_term_string}\"},\"query-input\":{\"@type\":\"PropertyValueSpecification\",\"valueRequired\":true,\"valueName\":\"search_term_string\"}}],\"inLanguage\":\"en-US\"},{\"@type\":\"Organization\",\"@id\":\"https:\\\/\\\/eveready.com\\\/lat\\\/latino-america\\\/#organization\",\"name\":\"Eveready Other LATAM\",\"url\":\"https:\\\/\\\/eveready.com\\\/lat\\\/latino-america\\\/\",\"logo\":{\"@type\":\"ImageObject\",\"inLanguage\":\"en-US\",\"@id\":\"https:\\\/\\\/eveready.com\\\/lat\\\/latino-america\\\/#\\\/schema\\\/logo\\\/image\\\/\",\"url\":\"https:\\\/\\\/eveready.com\\\/lat\\\/latino-america\\\/wp-content\\\/uploads\\\/sites\\\/5\\\/2025\\\/08\\\/logo-eveready.png\",\"contentUrl\":\"https:\\\/\\\/eveready.com\\\/lat\\\/latino-america\\\/wp-content\\\/uploads\\\/sites\\\/5\\\/2025\\\/08\\\/logo-eveready.png\",\"width\":855,\"height\":220,\"caption\":\"Eveready Other LATAM \"},\"image\":{\"@id\":\"https:\\\/\\\/eveready.com\\\/lat\\\/latino-america\\\/#\\\/schema\\\/logo\\\/image\\\/\"}}]}<\/script>\n<!-- \/ Yoast SEO plugin. -->","yoast_head_json":{"title":"EVEREADY\u00ae COMPACT LED LANTERN 250 - Eveready Other LATAM","robots":{"index":"index","follow":"follow","max-snippet":"max-snippet:-1","max-image-preview":"max-image-preview:large","max-video-preview":"max-video-preview:-1"},"canonical":"https:\/\/eveready.com\/lat\/latino-america\/product\/eveready-compact-led-lantern-250\/","og_locale":"en_US","og_type":"article","og_title":"EVEREADY\u00ae COMPACT LED LANTERN 250 - Eveready Other LATAM","og_description":"Compacta y ligera, la linterna LED Eveready Compact es una gran elecci\u00f3n para iluminaci\u00f3n de \u00e1rea tanto en interiores como exteriores. Dise\u00f1ada para ser f\u00e1cil de transportar, brillante y duradera, ofrece iluminaci\u00f3n de \u00e1rea con un tiempo de funcionamiento excepcional. Tambi\u00e9n cuenta con una construcci\u00f3n resistente que supera la prueba de ca\u00edda de 1 metro. La tecnolog\u00eda ReadyFlex permite que esta luz funcione con 2AA o 4AA, optimizando el ahorro de energ\u00eda. *Salida de luz medida desde el LED. El valor aplica \u00fanicamente al LED. La salida de luz real del dispositivo puede variar.  **Punto final determinado al 1% del valor inicial.","og_url":"https:\/\/eveready.com\/lat\/latino-america\/product\/eveready-compact-led-lantern-250\/","og_site_name":"Eveready Other LATAM","article_modified_time":"2026-01-30T04:36:34+00:00","og_image":[{"width":800,"height":800,"url":"https:\/\/eveready.com\/lat\/latino-america\/wp-content\/uploads\/sites\/5\/2025\/09\/EVEREADY-\u00ae-LED-LATERN-250.png","type":"image\/png"}],"twitter_card":"summary_large_image","twitter_misc":{"Est. reading time":"1 minute"},"schema":{"@context":"https:\/\/schema.org","@graph":[{"@type":"WebPage","@id":"https:\/\/eveready.com\/lat\/latino-america\/product\/eveready-compact-led-lantern-250\/","url":"https:\/\/eveready.com\/lat\/latino-america\/product\/eveready-compact-led-lantern-250\/","name":"EVEREADY\u00ae COMPACT LED LANTERN 250 - Eveready Other LATAM","isPartOf":{"@id":"https:\/\/eveready.com\/lat\/latino-america\/#website"},"primaryImageOfPage":{"@id":"https:\/\/eveready.com\/lat\/latino-america\/product\/eveready-compact-led-lantern-250\/#primaryimage"},"image":{"@id":"https:\/\/eveready.com\/lat\/latino-america\/product\/eveready-compact-led-lantern-250\/#primaryimage"},"thumbnailUrl":"https:\/\/eveready.com\/lat\/latino-america\/wp-content\/uploads\/sites\/5\/2025\/09\/EVEREADY-\u00ae-LED-LATERN-250.png","datePublished":"2025-12-12T07:37:36+00:00","dateModified":"2026-01-30T04:36:34+00:00","breadcrumb":{"@id":"https:\/\/eveready.com\/lat\/latino-america\/product\/eveready-compact-led-lantern-250\/#breadcrumb"},"inLanguage":"en-US","potentialAction":[{"@type":"ReadAction","target":["https:\/\/eveready.com\/lat\/latino-america\/product\/eveready-compact-led-lantern-250\/"]}]},{"@type":"ImageObject","inLanguage":"en-US","@id":"https:\/\/eveready.com\/lat\/latino-america\/product\/eveready-compact-led-lantern-250\/#primaryimage","url":"https:\/\/eveready.com\/lat\/latino-america\/wp-content\/uploads\/sites\/5\/2025\/09\/EVEREADY-\u00ae-LED-LATERN-250.png","contentUrl":"https:\/\/eveready.com\/lat\/latino-america\/wp-content\/uploads\/sites\/5\/2025\/09\/EVEREADY-\u00ae-LED-LATERN-250.png","width":800,"height":800},{"@type":"BreadcrumbList","@id":"https:\/\/eveready.com\/lat\/latino-america\/product\/eveready-compact-led-lantern-250\/#breadcrumb","itemListElement":[{"@type":"ListItem","position":1,"name":"Home","item":"https:\/\/eveready.com\/lat\/latino-america\/"},{"@type":"ListItem","position":2,"name":"Products","item":"https:\/\/eveready.com\/lat\/latino-america\/shop\/"},{"@type":"ListItem","position":3,"name":"EVEREADY\u00ae COMPACT LED LANTERN 250"}]},{"@type":"WebSite","@id":"https:\/\/eveready.com\/lat\/latino-america\/#website","url":"https:\/\/eveready.com\/lat\/latino-america\/","name":"Eveready Other LATAM","description":"","publisher":{"@id":"https:\/\/eveready.com\/lat\/latino-america\/#organization"},"potentialAction":[{"@type":"SearchAction","target":{"@type":"EntryPoint","urlTemplate":"https:\/\/eveready.com\/lat\/latino-america\/?s={search_term_string}"},"query-input":{"@type":"PropertyValueSpecification","valueRequired":true,"valueName":"search_term_string"}}],"inLanguage":"en-US"},{"@type":"Organization","@id":"https:\/\/eveready.com\/lat\/latino-america\/#organization","name":"Eveready Other LATAM","url":"https:\/\/eveready.com\/lat\/latino-america\/","logo":{"@type":"ImageObject","inLanguage":"en-US","@id":"https:\/\/eveready.com\/lat\/latino-america\/#\/schema\/logo\/image\/","url":"https:\/\/eveready.com\/lat\/latino-america\/wp-content\/uploads\/sites\/5\/2025\/08\/logo-eveready.png","contentUrl":"https:\/\/eveready.com\/lat\/latino-america\/wp-content\/uploads\/sites\/5\/2025\/08\/logo-eveready.png","width":855,"height":220,"caption":"Eveready Other LATAM "},"image":{"@id":"https:\/\/eveready.com\/lat\/latino-america\/#\/schema\/logo\/image\/"}}]}},"acf":[],"_links":{"self":[{"href":"https:\/\/eveready.com\/lat\/latino-america\/wp-json\/wp\/v2\/product\/4861","targetHints":{"allow":["GET"]}}],"collection":[{"href":"https:\/\/eveready.com\/lat\/latino-america\/wp-json\/wp\/v2\/product"}],"about":[{"href":"https:\/\/eveready.com\/lat\/latino-america\/wp-json\/wp\/v2\/types\/product"}],"replies":[{"embeddable":true,"href":"https:\/\/eveready.com\/lat\/latino-america\/wp-json\/wp\/v2\/comments?post=4861"}],"wp:featuredmedia":[{"embeddable":true,"href":"https:\/\/eveready.com\/lat\/latino-america\/wp-json\/wp\/v2\/media\/3471"}],"wp:attachment":[{"href":"https:\/\/eveready.com\/lat\/latino-america\/wp-json\/wp\/v2\/media?parent=4861"}],"wp:term":[{"taxonomy":"product_brand","embeddable":true,"href":"https:\/\/eveready.com\/lat\/latino-america\/wp-json\/wp\/v2\/product_brand?post=4861"},{"taxonomy":"product_cat","embeddable":true,"href":"https:\/\/eveready.com\/lat\/latino-america\/wp-json\/wp\/v2\/product_cat?post=4861"},{"taxonomy":"product_tag","embeddable":true,"href":"https:\/\/eveready.com\/lat\/latino-america\/wp-json\/wp\/v2\/product_tag?post=4861"}],"curies":[{"name":"wp","href":"https:\/\/api.w.org\/{rel}","templated":true}]}}