{"id":3667,"date":"2025-09-26T02:16:05","date_gmt":"2025-09-26T06:16:05","guid":{"rendered":"https:\/\/4575d4bec0.nxcli.io\/apac\/australia\/?page_id=3667"},"modified":"2026-04-01T01:01:51","modified_gmt":"2026-04-01T05:01:51","slug":"brand-ambassador","status":"publish","type":"page","link":"https:\/\/eveready.com\/lat\/mexico\/brand-ambassador\/","title":{"rendered":"Embajador de marca"},"content":{"rendered":"\t\t<div data-elementor-type=\"wp-page\" data-elementor-id=\"3667\" class=\"elementor elementor-3667\" data-elementor-post-type=\"page\">\n\t\t\t\t<div class=\"elementor-element elementor-element-94c7a90 e-flex e-con-boxed e-con e-parent\" data-id=\"94c7a90\" data-element_type=\"container\" data-e-type=\"container\">\n\t\t\t\t\t<div class=\"e-con-inner\">\n\t\t<div class=\"elementor-element elementor-element-8e6b2bb e-con-full e-flex e-con e-child\" data-id=\"8e6b2bb\" data-element_type=\"container\" data-e-type=\"container\">\n\t\t\t\t<div class=\"elementor-element elementor-element-ce945d9 elementor-widget elementor-widget-image\" data-id=\"ce945d9\" data-element_type=\"widget\" data-e-type=\"widget\" data-widget_type=\"image.default\">\n\t\t\t\t\t\t\t\t\t\t\t\t\t\t\t<img fetchpriority=\"high\" decoding=\"async\" width=\"1500\" height=\"650\" src=\"https:\/\/eveready.com\/lat\/mexico\/wp-content\/uploads\/sites\/7\/2026\/04\/HK-banner-Ball-2.jpg\" class=\"attachment-full size-full wp-image-5997\" alt=\"\" srcset=\"https:\/\/eveready.com\/lat\/mexico\/wp-content\/uploads\/sites\/7\/2026\/04\/HK-banner-Ball-2.jpg 1500w, https:\/\/eveready.com\/lat\/mexico\/wp-content\/uploads\/sites\/7\/2026\/04\/HK-banner-Ball-2-300x130.jpg 300w, https:\/\/eveready.com\/lat\/mexico\/wp-content\/uploads\/sites\/7\/2026\/04\/HK-banner-Ball-2-1024x444.jpg 1024w, https:\/\/eveready.com\/lat\/mexico\/wp-content\/uploads\/sites\/7\/2026\/04\/HK-banner-Ball-2-150x65.jpg 150w, https:\/\/eveready.com\/lat\/mexico\/wp-content\/uploads\/sites\/7\/2026\/04\/HK-banner-Ball-2-768x333.jpg 768w, https:\/\/eveready.com\/lat\/mexico\/wp-content\/uploads\/sites\/7\/2026\/04\/HK-banner-Ball-2-600x260.jpg 600w\" sizes=\"(max-width: 1500px) 100vw, 1500px\" \/>\t\t\t\t\t\t\t\t\t\t\t\t\t\t\t<\/div>\n\t\t<div class=\"elementor-element elementor-element-5d4faa3 e-con-full elementor-hidden-desktop elementor-hidden-tablet elementor-hidden-mobile e-flex e-con e-child\" data-id=\"5d4faa3\" data-element_type=\"container\" data-e-type=\"container\">\n\t\t\t\t<div class=\"elementor-element elementor-element-a2924f9 yellow-heading elementor-widget elementor-widget-heading\" data-id=\"a2924f9\" data-element_type=\"widget\" data-e-type=\"widget\" data-widget_type=\"heading.default\">\n\t\t\t\t\t<h2 class=\"elementor-heading-title elementor-size-default\">Brand <\/h2>\t\t\t\t<\/div>\n\t\t\t\t<div class=\"elementor-element elementor-element-6d8b7b8 elementor-widget-divider--view-line elementor-widget elementor-widget-divider\" data-id=\"6d8b7b8\" data-element_type=\"widget\" data-e-type=\"widget\" data-widget_type=\"divider.default\">\n\t\t\t\t\t\t\t<div class=\"elementor-divider\">\n\t\t\t<span class=\"elementor-divider-separator\">\n\t\t\t\t\t\t<\/span>\n\t\t<\/div>\n\t\t\t\t\t\t<\/div>\n\t\t\t\t<div class=\"elementor-element elementor-element-00f7dbb white-heading elementor-widget elementor-widget-heading\" data-id=\"00f7dbb\" data-element_type=\"widget\" data-e-type=\"widget\" data-widget_type=\"heading.default\">\n\t\t\t\t\t<h2 class=\"elementor-heading-title elementor-size-default\">Ambassador<\/h2>\t\t\t\t<\/div>\n\t\t\t\t<\/div>\n\t\t\t\t<\/div>\n\t\t\t\t\t<\/div>\n\t\t\t\t<\/div>\n\t\t<div class=\"elementor-element elementor-element-39930d8 e-flex e-con-boxed e-con e-parent\" data-id=\"39930d8\" data-element_type=\"container\" data-e-type=\"container\">\n\t\t\t\t\t<div class=\"e-con-inner\">\n\t\t\t\t<div class=\"elementor-element elementor-element-62037cf elementor-widget elementor-widget-heading\" data-id=\"62037cf\" data-element_type=\"widget\" data-e-type=\"widget\" data-widget_type=\"heading.default\">\n\t\t\t\t\t<h2 class=\"elementor-heading-title elementor-size-default\">EVEREADY\u00ae ANUNCIA A HARRY KANE COMO EMBAJADOR GLOBAL DE LA MARCA<\/h2>\t\t\t\t<\/div>\n\t\t\t\t<div class=\"elementor-element elementor-element-94646d9 elementor-widget__width-initial elementor-widget elementor-widget-text-editor\" data-id=\"94646d9\" data-element_type=\"widget\" data-e-type=\"widget\" data-widget_type=\"text-editor.default\">\n\t\t\t\t\t\t\t\t\t<p><em>La alianza con la estrella internacional del f\u00fatbol y hombre de familia es parte de un esfuerzo de marketing internacional m\u00e1s amplio para expandir la presencia de la marca en todo el mundo.<\/em><\/p>\t\t\t\t\t\t\t\t<\/div>\n\t\t\t\t<div class=\"elementor-element elementor-element-231fbda elementor-widget elementor-widget-text-editor\" data-id=\"231fbda\" data-element_type=\"widget\" data-e-type=\"widget\" data-widget_type=\"text-editor.default\">\n\t\t\t\t\t\t\t\t\t<p><strong>ST. LOUIS, MISSOURI \u2013 1 de octubre de 2025<\/strong> \u2013 EVEREADY\u00ae, una marca l\u00edder en Pilas y productos de iluminaci\u00f3n, anunci\u00f3 al capit\u00e1n de la selecci\u00f3n masculina de Inglaterra y delantero del Bayern M\u00fanich, Harry Kane, como su Embajador Global de Marca.<\/p><p>EVEREADY\u00ae es la marca en la que la gente conf\u00eda para obtener productos de calidad a un precio accesible, ya que ilumina, protege, entretiene y cuida a las familias. Al ser una marca reconocida y respetada en todo el mundo, EVEREADY\u00ae se entusiasma en asociarse con Harry, mientras la marca acelera sus esfuerzos para que la energ\u00eda accesible est\u00e9 disponible de manera m\u00e1s amplia en todo el planeta.<\/p><p>A trav\u00e9s de esta alianza plurianual, Harry aparecer\u00e1 en las campa\u00f1as de marketing internacionales de EVEREADY\u00ae, difundidas en m\u00faltiples puntos de contacto como redes sociales, canales digitales, comercio electr\u00f3nico (e-commerce), publicidad exterior y exhibiciones en tiendas.<\/p><p>\u201cEstamos encantados de construir esta alianza con un verdadero \u00edcono global del f\u00fatbol y damos la bienvenida a Harry Kane como embajador global de la marca EVEREADY\u00ae\u201d, coment\u00f3 Lori Shambro, Directora de Marketing (CMO) de Energizer\u00ae Holdings. \u201cNuestra colaboraci\u00f3n con Harry representa uno de los muchos esfuerzos de marketing que ayudar\u00e1n a EVEREADY\u00ae a conectar y atraer a nuevos consumidores en todo el mundo, mostrando c\u00f3mo nuestra gama de productos de alta calidad y precio accesible puede ayudar a las familias a acceder a la energ\u00eda que necesitan para impulsar sus vidas activas y, al mismo tiempo, equilibrar sus presupuestos\u201d.<\/p><p>\u201cEstoy emocionado y orgulloso de trabajar con EVEREADY\u00ae\u201d, dijo Harry. \u201cEs una marca global confiable, con la reputaci\u00f3n de estar presente cuando m\u00e1s importa, especialmente para que todo funcione sin problemas en el hogar. \u00a1Espero trabajar m\u00e1s de cerca con ellos!\u201d.<\/p><p>Harry Kane es una superestrella del f\u00fatbol de renombre mundial, capit\u00e1n de la selecci\u00f3n nacional masculina de Inglaterra y delantero del Bayern M\u00fanich. Es el m\u00e1ximo goleador hist\u00f3rico del Tottenham Hotspur y de la selecci\u00f3n de Inglaterra, y ha ganado m\u00faltiples Botas de Oro de la Premier League, premios al M\u00e1ximo Goleador de la Bundesliga, la Bota de Oro del Mundial 2018, la Bota de Oro Europea y el t\u00edtulo de la Bundesliga a lo largo de su impresionante carrera. Recientemente, se convirti\u00f3 en el jugador m\u00e1s r\u00e1pido en una de las 5 ligas principales de Europa en alcanzar los cien goles. Un goleador prol\u00edfico y un l\u00edder inspirador tanto dentro como fuera de la cancha.<\/p>\t\t\t\t\t\t\t\t<\/div>\n\t\t\t\t<div class=\"elementor-element elementor-element-df1abad elementor-widget elementor-widget-text-editor\" data-id=\"df1abad\" data-element_type=\"widget\" data-e-type=\"widget\" data-widget_type=\"text-editor.default\">\n\t\t\t\t\t\t\t\t\t<p>EVEREADY\u00ae es una marca de Energizer\u00ae Holdings, Inc. Para m\u00e1s informaci\u00f3n, visite <span style=\"text-decoration: underline;\"><a href=\"https:\/\/eveready.com\/\" target=\"_blank\" rel=\"noopener\">Eveready.com<\/a><\/span>.<\/p>\t\t\t\t\t\t\t\t<\/div>\n\t\t\t\t<div class=\"elementor-element elementor-element-5bca9b4 elementor-widget elementor-widget-text-editor\" data-id=\"5bca9b4\" data-element_type=\"widget\" data-e-type=\"widget\" data-widget_type=\"text-editor.default\">\n\t\t\t\t\t\t\t\t\t<p>Para cualquier duda, comun\u00edquese con el portavoz de Energizer\u00ae Holdings, John Leiby, en <span style=\"text-decoration: underline;\"><a href=\"mailto:John.Leiby@Energizer.com\">John.Leiby@Energizer.com<\/a><\/span> o escriba a <span style=\"text-decoration: underline;\"><a href=\"mailto:Media@Energizer.com\">Media@Energizer.com<\/a><\/span>.<\/p>\t\t\t\t\t\t\t\t<\/div>\n\t\t\t\t<div class=\"elementor-element elementor-element-5b3f1bb elementor-widget elementor-widget-heading\" data-id=\"5b3f1bb\" data-element_type=\"widget\" data-e-type=\"widget\" data-widget_type=\"heading.default\">\n\t\t\t\t\t<h3 class=\"elementor-heading-title elementor-size-default\">ACERCA DE ENERGIZER\u00ae HOLDINGS<\/h3>\t\t\t\t<\/div>\n\t\t\t\t<div class=\"elementor-element elementor-element-53b39ea elementor-widget elementor-widget-text-editor\" data-id=\"53b39ea\" data-element_type=\"widget\" data-e-type=\"widget\" data-widget_type=\"text-editor.default\">\n\t\t\t\t\t\t\t\t\t<p>Energizer\u00ae Holdings, con sede en St. Louis, Missouri, EE. UU., es uno de los mayores fabricantes mundiales de Pilas y productos de iluminaci\u00f3n port\u00e1til, respaldado por sus marcas reconocidas globalmente: Energizer\u00ae, Eveready\u00ae, Rayovac y Varta. Energizer\u00ae Holdings tambi\u00e9n es l\u00edder en el dise\u00f1o y comercializaci\u00f3n de fragancias y productos para la est\u00e9tica automotriz de marcas reconocidas como A\/C Pro, Armor All, Bahama &amp; Co., California Scents, Driven, Eagle One, LEXOL, Nu Finish, Refresh Your Car! y STP.<\/p><p>Como distribuidor global de productos de consumo, nuestra misi\u00f3n es ser l\u00edderes en nuestras categor\u00edas, brindando un mejor servicio a nuestros consumidores y clientes.<\/p>\t\t\t\t\t\t\t\t<\/div>\n\t\t\t\t\t<\/div>\n\t\t\t\t<\/div>\n\t\t\t\t<\/div>\n\t\t","protected":false},"excerpt":{"rendered":"<p>Brand Ambassador EVEREADY\u00ae ANUNCIA A HARRY KANE COMO EMBAJADOR GLOBAL DE LA MARCA La alianza con la estrella internacional del f\u00fatbol y hombre de familia es parte de un esfuerzo de marketing internacional m\u00e1s amplio para expandir la presencia de la marca en todo el mundo. ST. LOUIS, MISSOURI \u2013 1 de octubre de 2025 [&hellip;]<\/p>\n","protected":false},"author":3,"featured_media":0,"parent":0,"menu_order":0,"comment_status":"closed","ping_status":"closed","template":"","meta":{"_acf_changed":false,"footnotes":""},"class_list":["post-3667","page","type-page","status-publish","hentry"],"yoast_head":"<!-- This site is optimized with the Yoast SEO plugin v27.4 - https:\/\/yoast.com\/product\/yoast-seo-wordpress\/ -->\n<title>Embajador de marca - Eveready Mexico<\/title>\n<meta name=\"robots\" content=\"index, follow, max-snippet:-1, max-image-preview:large, max-video-preview:-1\" \/>\n<link rel=\"canonical\" href=\"https:\/\/eveready.com\/lat\/mexico\/brand-ambassador\/\" \/>\n<meta property=\"og:locale\" content=\"en_US\" \/>\n<meta property=\"og:type\" content=\"article\" \/>\n<meta property=\"og:title\" content=\"Embajador de marca - Eveready Mexico\" \/>\n<meta property=\"og:description\" content=\"Brand Ambassador EVEREADY\u00ae ANUNCIA A HARRY KANE COMO EMBAJADOR GLOBAL DE LA MARCA La alianza con la estrella internacional del f\u00fatbol y hombre de familia es parte de un esfuerzo de marketing internacional m\u00e1s amplio para expandir la presencia de la marca en todo el mundo. ST. LOUIS, MISSOURI \u2013 1 de octubre de 2025 [&hellip;]\" \/>\n<meta property=\"og:url\" content=\"https:\/\/eveready.com\/lat\/mexico\/brand-ambassador\/\" \/>\n<meta property=\"og:site_name\" content=\"Eveready Mexico\" \/>\n<meta property=\"article:modified_time\" content=\"2026-04-01T05:01:51+00:00\" \/>\n<meta property=\"og:image\" content=\"https:\/\/eveready.com\/lat\/mexico\/wp-content\/uploads\/sites\/7\/2026\/04\/HK-banner-Ball-2.jpg\" \/>\n<meta name=\"twitter:card\" content=\"summary_large_image\" \/>\n<meta name=\"twitter:label1\" content=\"Est. reading time\" \/>\n\t<meta name=\"twitter:data1\" content=\"3 minutes\" \/>\n<script type=\"application\/ld+json\" class=\"yoast-schema-graph\">{\"@context\":\"https:\\\/\\\/schema.org\",\"@graph\":[{\"@type\":\"WebPage\",\"@id\":\"https:\\\/\\\/eveready.com\\\/lat\\\/mexico\\\/brand-ambassador\\\/\",\"url\":\"https:\\\/\\\/eveready.com\\\/lat\\\/mexico\\\/brand-ambassador\\\/\",\"name\":\"Embajador de marca - Eveready Mexico\",\"isPartOf\":{\"@id\":\"https:\\\/\\\/eveready.com\\\/lat\\\/mexico\\\/#website\"},\"primaryImageOfPage\":{\"@id\":\"https:\\\/\\\/eveready.com\\\/lat\\\/mexico\\\/brand-ambassador\\\/#primaryimage\"},\"image\":{\"@id\":\"https:\\\/\\\/eveready.com\\\/lat\\\/mexico\\\/brand-ambassador\\\/#primaryimage\"},\"thumbnailUrl\":\"https:\\\/\\\/eveready.com\\\/lat\\\/mexico\\\/wp-content\\\/uploads\\\/sites\\\/7\\\/2026\\\/04\\\/HK-banner-Ball-2.jpg\",\"datePublished\":\"2025-09-26T06:16:05+00:00\",\"dateModified\":\"2026-04-01T05:01:51+00:00\",\"breadcrumb\":{\"@id\":\"https:\\\/\\\/eveready.com\\\/lat\\\/mexico\\\/brand-ambassador\\\/#breadcrumb\"},\"inLanguage\":\"en-US\",\"potentialAction\":[{\"@type\":\"ReadAction\",\"target\":[\"https:\\\/\\\/eveready.com\\\/lat\\\/mexico\\\/brand-ambassador\\\/\"]}]},{\"@type\":\"ImageObject\",\"inLanguage\":\"en-US\",\"@id\":\"https:\\\/\\\/eveready.com\\\/lat\\\/mexico\\\/brand-ambassador\\\/#primaryimage\",\"url\":\"https:\\\/\\\/eveready.com\\\/lat\\\/mexico\\\/wp-content\\\/uploads\\\/sites\\\/7\\\/2026\\\/04\\\/HK-banner-Ball-2.jpg\",\"contentUrl\":\"https:\\\/\\\/eveready.com\\\/lat\\\/mexico\\\/wp-content\\\/uploads\\\/sites\\\/7\\\/2026\\\/04\\\/HK-banner-Ball-2.jpg\",\"width\":1500,\"height\":650},{\"@type\":\"BreadcrumbList\",\"@id\":\"https:\\\/\\\/eveready.com\\\/lat\\\/mexico\\\/brand-ambassador\\\/#breadcrumb\",\"itemListElement\":[{\"@type\":\"ListItem\",\"position\":1,\"name\":\"Home\",\"item\":\"https:\\\/\\\/eveready.com\\\/lat\\\/mexico\\\/\"},{\"@type\":\"ListItem\",\"position\":2,\"name\":\"Embajador de marca\"}]},{\"@type\":\"WebSite\",\"@id\":\"https:\\\/\\\/eveready.com\\\/lat\\\/mexico\\\/#website\",\"url\":\"https:\\\/\\\/eveready.com\\\/lat\\\/mexico\\\/\",\"name\":\"Eveready Mexico\",\"description\":\"\",\"publisher\":{\"@id\":\"https:\\\/\\\/eveready.com\\\/lat\\\/mexico\\\/#organization\"},\"potentialAction\":[{\"@type\":\"SearchAction\",\"target\":{\"@type\":\"EntryPoint\",\"urlTemplate\":\"https:\\\/\\\/eveready.com\\\/lat\\\/mexico\\\/?s={search_term_string}\"},\"query-input\":{\"@type\":\"PropertyValueSpecification\",\"valueRequired\":true,\"valueName\":\"search_term_string\"}}],\"inLanguage\":\"en-US\"},{\"@type\":\"Organization\",\"@id\":\"https:\\\/\\\/eveready.com\\\/lat\\\/mexico\\\/#organization\",\"name\":\"Eveready Mexico\",\"url\":\"https:\\\/\\\/eveready.com\\\/lat\\\/mexico\\\/\",\"logo\":{\"@type\":\"ImageObject\",\"inLanguage\":\"en-US\",\"@id\":\"https:\\\/\\\/eveready.com\\\/lat\\\/mexico\\\/#\\\/schema\\\/logo\\\/image\\\/\",\"url\":\"https:\\\/\\\/eveready.com\\\/lat\\\/mexico\\\/wp-content\\\/uploads\\\/sites\\\/7\\\/2025\\\/08\\\/logo-eveready.png\",\"contentUrl\":\"https:\\\/\\\/eveready.com\\\/lat\\\/mexico\\\/wp-content\\\/uploads\\\/sites\\\/7\\\/2025\\\/08\\\/logo-eveready.png\",\"width\":855,\"height\":220,\"caption\":\"Eveready Mexico\"},\"image\":{\"@id\":\"https:\\\/\\\/eveready.com\\\/lat\\\/mexico\\\/#\\\/schema\\\/logo\\\/image\\\/\"}}]}<\/script>\n<!-- \/ Yoast SEO plugin. -->","yoast_head_json":{"title":"Embajador de marca - Eveready Mexico","robots":{"index":"index","follow":"follow","max-snippet":"max-snippet:-1","max-image-preview":"max-image-preview:large","max-video-preview":"max-video-preview:-1"},"canonical":"https:\/\/eveready.com\/lat\/mexico\/brand-ambassador\/","og_locale":"en_US","og_type":"article","og_title":"Embajador de marca - Eveready Mexico","og_description":"Brand Ambassador EVEREADY\u00ae ANUNCIA A HARRY KANE COMO EMBAJADOR GLOBAL DE LA MARCA La alianza con la estrella internacional del f\u00fatbol y hombre de familia es parte de un esfuerzo de marketing internacional m\u00e1s amplio para expandir la presencia de la marca en todo el mundo. ST. LOUIS, MISSOURI \u2013 1 de octubre de 2025 [&hellip;]","og_url":"https:\/\/eveready.com\/lat\/mexico\/brand-ambassador\/","og_site_name":"Eveready Mexico","article_modified_time":"2026-04-01T05:01:51+00:00","og_image":[{"url":"https:\/\/eveready.com\/lat\/mexico\/wp-content\/uploads\/sites\/7\/2026\/04\/HK-banner-Ball-2.jpg","type":"","width":"","height":""}],"twitter_card":"summary_large_image","twitter_misc":{"Est. reading time":"3 minutes"},"schema":{"@context":"https:\/\/schema.org","@graph":[{"@type":"WebPage","@id":"https:\/\/eveready.com\/lat\/mexico\/brand-ambassador\/","url":"https:\/\/eveready.com\/lat\/mexico\/brand-ambassador\/","name":"Embajador de marca - Eveready Mexico","isPartOf":{"@id":"https:\/\/eveready.com\/lat\/mexico\/#website"},"primaryImageOfPage":{"@id":"https:\/\/eveready.com\/lat\/mexico\/brand-ambassador\/#primaryimage"},"image":{"@id":"https:\/\/eveready.com\/lat\/mexico\/brand-ambassador\/#primaryimage"},"thumbnailUrl":"https:\/\/eveready.com\/lat\/mexico\/wp-content\/uploads\/sites\/7\/2026\/04\/HK-banner-Ball-2.jpg","datePublished":"2025-09-26T06:16:05+00:00","dateModified":"2026-04-01T05:01:51+00:00","breadcrumb":{"@id":"https:\/\/eveready.com\/lat\/mexico\/brand-ambassador\/#breadcrumb"},"inLanguage":"en-US","potentialAction":[{"@type":"ReadAction","target":["https:\/\/eveready.com\/lat\/mexico\/brand-ambassador\/"]}]},{"@type":"ImageObject","inLanguage":"en-US","@id":"https:\/\/eveready.com\/lat\/mexico\/brand-ambassador\/#primaryimage","url":"https:\/\/eveready.com\/lat\/mexico\/wp-content\/uploads\/sites\/7\/2026\/04\/HK-banner-Ball-2.jpg","contentUrl":"https:\/\/eveready.com\/lat\/mexico\/wp-content\/uploads\/sites\/7\/2026\/04\/HK-banner-Ball-2.jpg","width":1500,"height":650},{"@type":"BreadcrumbList","@id":"https:\/\/eveready.com\/lat\/mexico\/brand-ambassador\/#breadcrumb","itemListElement":[{"@type":"ListItem","position":1,"name":"Home","item":"https:\/\/eveready.com\/lat\/mexico\/"},{"@type":"ListItem","position":2,"name":"Embajador de marca"}]},{"@type":"WebSite","@id":"https:\/\/eveready.com\/lat\/mexico\/#website","url":"https:\/\/eveready.com\/lat\/mexico\/","name":"Eveready Mexico","description":"","publisher":{"@id":"https:\/\/eveready.com\/lat\/mexico\/#organization"},"potentialAction":[{"@type":"SearchAction","target":{"@type":"EntryPoint","urlTemplate":"https:\/\/eveready.com\/lat\/mexico\/?s={search_term_string}"},"query-input":{"@type":"PropertyValueSpecification","valueRequired":true,"valueName":"search_term_string"}}],"inLanguage":"en-US"},{"@type":"Organization","@id":"https:\/\/eveready.com\/lat\/mexico\/#organization","name":"Eveready Mexico","url":"https:\/\/eveready.com\/lat\/mexico\/","logo":{"@type":"ImageObject","inLanguage":"en-US","@id":"https:\/\/eveready.com\/lat\/mexico\/#\/schema\/logo\/image\/","url":"https:\/\/eveready.com\/lat\/mexico\/wp-content\/uploads\/sites\/7\/2025\/08\/logo-eveready.png","contentUrl":"https:\/\/eveready.com\/lat\/mexico\/wp-content\/uploads\/sites\/7\/2025\/08\/logo-eveready.png","width":855,"height":220,"caption":"Eveready Mexico"},"image":{"@id":"https:\/\/eveready.com\/lat\/mexico\/#\/schema\/logo\/image\/"}}]}},"acf":[],"_links":{"self":[{"href":"https:\/\/eveready.com\/lat\/mexico\/wp-json\/wp\/v2\/pages\/3667","targetHints":{"allow":["GET"]}}],"collection":[{"href":"https:\/\/eveready.com\/lat\/mexico\/wp-json\/wp\/v2\/pages"}],"about":[{"href":"https:\/\/eveready.com\/lat\/mexico\/wp-json\/wp\/v2\/types\/page"}],"author":[{"embeddable":true,"href":"https:\/\/eveready.com\/lat\/mexico\/wp-json\/wp\/v2\/users\/3"}],"replies":[{"embeddable":true,"href":"https:\/\/eveready.com\/lat\/mexico\/wp-json\/wp\/v2\/comments?post=3667"}],"version-history":[{"count":19,"href":"https:\/\/eveready.com\/lat\/mexico\/wp-json\/wp\/v2\/pages\/3667\/revisions"}],"predecessor-version":[{"id":6024,"href":"https:\/\/eveready.com\/lat\/mexico\/wp-json\/wp\/v2\/pages\/3667\/revisions\/6024"}],"wp:attachment":[{"href":"https:\/\/eveready.com\/lat\/mexico\/wp-json\/wp\/v2\/media?parent=3667"}],"curies":[{"name":"wp","href":"https:\/\/api.w.org\/{rel}","templated":true}]}}