{"id":90,"date":"2025-08-25T02:03:56","date_gmt":"2025-08-25T06:03:56","guid":{"rendered":"https:\/\/4575d4bec0.nxcli.io\/apac\/australia\/?page_id=90"},"modified":"2026-03-24T07:09:40","modified_gmt":"2026-03-24T11:09:40","slug":"about-eveready","status":"publish","type":"page","link":"https:\/\/eveready.com\/lat\/mexico\/about-eveready\/","title":{"rendered":"Nosotros"},"content":{"rendered":"\t\t<div data-elementor-type=\"wp-page\" data-elementor-id=\"90\" class=\"elementor elementor-90\" data-elementor-post-type=\"page\">\n\t\t\t\t<div class=\"elementor-element elementor-element-94c7a90 e-flex e-con-boxed e-con e-parent\" data-id=\"94c7a90\" data-element_type=\"container\" data-e-type=\"container\">\n\t\t\t\t\t<div class=\"e-con-inner\">\n\t\t<div class=\"elementor-element elementor-element-8e6b2bb e-con-full e-flex e-con e-child\" data-id=\"8e6b2bb\" data-element_type=\"container\" data-e-type=\"container\">\n\t\t\t\t<div class=\"elementor-element elementor-element-ce945d9 elementor-widget elementor-widget-image\" data-id=\"ce945d9\" data-element_type=\"widget\" data-e-type=\"widget\" data-widget_type=\"image.default\">\n\t\t\t\t\t\t\t\t\t\t\t\t\t\t\t<img fetchpriority=\"high\" decoding=\"async\" width=\"1500\" height=\"650\" src=\"https:\/\/eveready.com\/lat\/mexico\/wp-content\/uploads\/sites\/7\/2025\/09\/subbanner.png\" class=\"attachment-full size-full wp-image-3648\" alt=\"\" srcset=\"https:\/\/eveready.com\/lat\/mexico\/wp-content\/uploads\/sites\/7\/2025\/09\/subbanner.png 1500w, https:\/\/eveready.com\/lat\/mexico\/wp-content\/uploads\/sites\/7\/2025\/09\/subbanner-300x130.png 300w, https:\/\/eveready.com\/lat\/mexico\/wp-content\/uploads\/sites\/7\/2025\/09\/subbanner-1024x444.png 1024w, https:\/\/eveready.com\/lat\/mexico\/wp-content\/uploads\/sites\/7\/2025\/09\/subbanner-150x65.png 150w, https:\/\/eveready.com\/lat\/mexico\/wp-content\/uploads\/sites\/7\/2025\/09\/subbanner-768x333.png 768w, https:\/\/eveready.com\/lat\/mexico\/wp-content\/uploads\/sites\/7\/2025\/09\/subbanner-600x260.png 600w\" sizes=\"(max-width: 1500px) 100vw, 1500px\" \/>\t\t\t\t\t\t\t\t\t\t\t\t\t\t\t<\/div>\n\t\t<div class=\"elementor-element elementor-element-5d4faa3 e-con-full e-flex e-con e-child\" data-id=\"5d4faa3\" data-element_type=\"container\" data-e-type=\"container\">\n\t\t\t\t<div class=\"elementor-element elementor-element-a2924f9 yellow-heading elementor-widget elementor-widget-heading\" data-id=\"a2924f9\" data-element_type=\"widget\" data-e-type=\"widget\" data-widget_type=\"heading.default\">\n\t\t\t\t\t<h2 class=\"elementor-heading-title elementor-size-default\">NOSOTROS<\/h2>\t\t\t\t<\/div>\n\t\t\t\t<div class=\"elementor-element elementor-element-6d8b7b8 elementor-widget-divider--view-line elementor-widget elementor-widget-divider\" data-id=\"6d8b7b8\" data-element_type=\"widget\" data-e-type=\"widget\" data-widget_type=\"divider.default\">\n\t\t\t\t\t\t\t<div class=\"elementor-divider\">\n\t\t\t<span class=\"elementor-divider-separator\">\n\t\t\t\t\t\t<\/span>\n\t\t<\/div>\n\t\t\t\t\t\t<\/div>\n\t\t\t\t<div class=\"elementor-element elementor-element-00f7dbb white-heading elementor-hidden-desktop elementor-hidden-tablet elementor-hidden-mobile elementor-widget elementor-widget-heading\" data-id=\"00f7dbb\" data-element_type=\"widget\" data-e-type=\"widget\" data-widget_type=\"heading.default\">\n\t\t\t\t\t<h2 class=\"elementor-heading-title elementor-size-default\">US<\/h2>\t\t\t\t<\/div>\n\t\t\t\t<\/div>\n\t\t\t\t<\/div>\n\t\t\t\t\t<\/div>\n\t\t\t\t<\/div>\n\t\t<div class=\"elementor-element elementor-element-df6d546 e-flex e-con-boxed e-con e-parent\" data-id=\"df6d546\" data-element_type=\"container\" data-e-type=\"container\">\n\t\t\t\t\t<div class=\"e-con-inner\">\n\t\t\t\t<div class=\"elementor-element elementor-element-c39dae1 elementor-widget elementor-widget-text-editor\" data-id=\"c39dae1\" data-element_type=\"widget\" data-e-type=\"widget\" data-widget_type=\"text-editor.default\">\n\t\t\t\t\t\t\t\t\t<p>EVEREADY\u00ae comenz\u00f3 a principios del siglo XX, cuando American Eveready Company, desarrolladora de la linterna, uni\u00f3 fuerzas con National Carbon Company, creadora de la primera bater\u00eda seca tama\u00f1o D. En 1907, Eveready\u00ae anunci\u00f3 una nueva bater\u00eda \u2014el tama\u00f1o AA\u2014 e introdujo varios estilos de l\u00e1mparas de bolsillo compactas que utilizaban esta nueva bater\u00eda. La innovaci\u00f3n continu\u00f3 a lo largo de los a\u00f1os con el desarrollo de la bater\u00eda AAA en 1911, la primera bater\u00eda de 9 voltios en 1956 y la primera bater\u00eda alcalina en 1957. Desde entonces, las familias han utilizado las Pilas EVEREADY\u00ae para alimentar sus juguetes, relojes y otros dispositivos cotidianos. El nombre EVEREADY\u00ae sigue siendo sin\u00f3nimo de confianza y seguridad.<\/p>\t\t\t\t\t\t\t\t<\/div>\n\t\t\t\t\t<\/div>\n\t\t\t\t<\/div>\n\t\t\t\t<\/div>\n\t\t","protected":false},"excerpt":{"rendered":"<p>NOSOTROS US EVEREADY\u00ae comenz\u00f3 a principios del siglo XX, cuando American Eveready Company, desarrolladora de la linterna, uni\u00f3 fuerzas con National Carbon Company, creadora de la primera bater\u00eda seca tama\u00f1o D. En 1907, Eveready\u00ae anunci\u00f3 una nueva bater\u00eda \u2014el tama\u00f1o AA\u2014 e introdujo varios estilos de l\u00e1mparas de bolsillo compactas que utilizaban esta nueva bater\u00eda. [&hellip;]<\/p>\n","protected":false},"author":1,"featured_media":0,"parent":0,"menu_order":0,"comment_status":"closed","ping_status":"closed","template":"","meta":{"_acf_changed":false,"footnotes":""},"class_list":["post-90","page","type-page","status-publish","hentry"],"yoast_head":"<!-- This site is optimized with the Yoast SEO plugin v27.4 - https:\/\/yoast.com\/product\/yoast-seo-wordpress\/ -->\n<title>Nosotros - Eveready Mexico<\/title>\n<meta name=\"robots\" content=\"index, follow, max-snippet:-1, max-image-preview:large, max-video-preview:-1\" \/>\n<link rel=\"canonical\" href=\"https:\/\/eveready.com\/lat\/mexico\/about-eveready\/\" \/>\n<meta property=\"og:locale\" content=\"en_US\" \/>\n<meta property=\"og:type\" content=\"article\" \/>\n<meta property=\"og:title\" content=\"Nosotros - Eveready Mexico\" \/>\n<meta property=\"og:description\" content=\"NOSOTROS US EVEREADY\u00ae comenz\u00f3 a principios del siglo XX, cuando American Eveready Company, desarrolladora de la linterna, uni\u00f3 fuerzas con National Carbon Company, creadora de la primera bater\u00eda seca tama\u00f1o D. En 1907, Eveready\u00ae anunci\u00f3 una nueva bater\u00eda \u2014el tama\u00f1o AA\u2014 e introdujo varios estilos de l\u00e1mparas de bolsillo compactas que utilizaban esta nueva bater\u00eda. [&hellip;]\" \/>\n<meta property=\"og:url\" content=\"https:\/\/eveready.com\/lat\/mexico\/about-eveready\/\" \/>\n<meta property=\"og:site_name\" content=\"Eveready Mexico\" \/>\n<meta property=\"article:modified_time\" content=\"2026-03-24T11:09:40+00:00\" \/>\n<meta property=\"og:image\" content=\"https:\/\/eveready.com\/lat\/mexico\/wp-content\/uploads\/sites\/7\/2025\/09\/subbanner.png\" \/>\n\t<meta property=\"og:image:width\" content=\"1500\" \/>\n\t<meta property=\"og:image:height\" content=\"650\" \/>\n\t<meta property=\"og:image:type\" content=\"image\/png\" \/>\n<meta name=\"twitter:card\" content=\"summary_large_image\" \/>\n<meta name=\"twitter:label1\" content=\"Est. reading time\" \/>\n\t<meta name=\"twitter:data1\" content=\"1 minute\" \/>\n<script type=\"application\/ld+json\" class=\"yoast-schema-graph\">{\"@context\":\"https:\\\/\\\/schema.org\",\"@graph\":[{\"@type\":\"WebPage\",\"@id\":\"https:\\\/\\\/eveready.com\\\/lat\\\/mexico\\\/about-eveready\\\/\",\"url\":\"https:\\\/\\\/eveready.com\\\/lat\\\/mexico\\\/about-eveready\\\/\",\"name\":\"Nosotros - Eveready Mexico\",\"isPartOf\":{\"@id\":\"https:\\\/\\\/eveready.com\\\/lat\\\/mexico\\\/#website\"},\"primaryImageOfPage\":{\"@id\":\"https:\\\/\\\/eveready.com\\\/lat\\\/mexico\\\/about-eveready\\\/#primaryimage\"},\"image\":{\"@id\":\"https:\\\/\\\/eveready.com\\\/lat\\\/mexico\\\/about-eveready\\\/#primaryimage\"},\"thumbnailUrl\":\"https:\\\/\\\/eveready.com\\\/lat\\\/mexico\\\/wp-content\\\/uploads\\\/sites\\\/7\\\/2025\\\/09\\\/subbanner.png\",\"datePublished\":\"2025-08-25T06:03:56+00:00\",\"dateModified\":\"2026-03-24T11:09:40+00:00\",\"breadcrumb\":{\"@id\":\"https:\\\/\\\/eveready.com\\\/lat\\\/mexico\\\/about-eveready\\\/#breadcrumb\"},\"inLanguage\":\"en-US\",\"potentialAction\":[{\"@type\":\"ReadAction\",\"target\":[\"https:\\\/\\\/eveready.com\\\/lat\\\/mexico\\\/about-eveready\\\/\"]}]},{\"@type\":\"ImageObject\",\"inLanguage\":\"en-US\",\"@id\":\"https:\\\/\\\/eveready.com\\\/lat\\\/mexico\\\/about-eveready\\\/#primaryimage\",\"url\":\"https:\\\/\\\/eveready.com\\\/lat\\\/mexico\\\/wp-content\\\/uploads\\\/sites\\\/7\\\/2025\\\/09\\\/subbanner.png\",\"contentUrl\":\"https:\\\/\\\/eveready.com\\\/lat\\\/mexico\\\/wp-content\\\/uploads\\\/sites\\\/7\\\/2025\\\/09\\\/subbanner.png\",\"width\":1500,\"height\":650},{\"@type\":\"BreadcrumbList\",\"@id\":\"https:\\\/\\\/eveready.com\\\/lat\\\/mexico\\\/about-eveready\\\/#breadcrumb\",\"itemListElement\":[{\"@type\":\"ListItem\",\"position\":1,\"name\":\"Home\",\"item\":\"https:\\\/\\\/eveready.com\\\/lat\\\/mexico\\\/\"},{\"@type\":\"ListItem\",\"position\":2,\"name\":\"Nosotros\"}]},{\"@type\":\"WebSite\",\"@id\":\"https:\\\/\\\/eveready.com\\\/lat\\\/mexico\\\/#website\",\"url\":\"https:\\\/\\\/eveready.com\\\/lat\\\/mexico\\\/\",\"name\":\"Eveready Mexico\",\"description\":\"\",\"publisher\":{\"@id\":\"https:\\\/\\\/eveready.com\\\/lat\\\/mexico\\\/#organization\"},\"potentialAction\":[{\"@type\":\"SearchAction\",\"target\":{\"@type\":\"EntryPoint\",\"urlTemplate\":\"https:\\\/\\\/eveready.com\\\/lat\\\/mexico\\\/?s={search_term_string}\"},\"query-input\":{\"@type\":\"PropertyValueSpecification\",\"valueRequired\":true,\"valueName\":\"search_term_string\"}}],\"inLanguage\":\"en-US\"},{\"@type\":\"Organization\",\"@id\":\"https:\\\/\\\/eveready.com\\\/lat\\\/mexico\\\/#organization\",\"name\":\"Eveready Mexico\",\"url\":\"https:\\\/\\\/eveready.com\\\/lat\\\/mexico\\\/\",\"logo\":{\"@type\":\"ImageObject\",\"inLanguage\":\"en-US\",\"@id\":\"https:\\\/\\\/eveready.com\\\/lat\\\/mexico\\\/#\\\/schema\\\/logo\\\/image\\\/\",\"url\":\"https:\\\/\\\/eveready.com\\\/lat\\\/mexico\\\/wp-content\\\/uploads\\\/sites\\\/7\\\/2025\\\/08\\\/logo-eveready.png\",\"contentUrl\":\"https:\\\/\\\/eveready.com\\\/lat\\\/mexico\\\/wp-content\\\/uploads\\\/sites\\\/7\\\/2025\\\/08\\\/logo-eveready.png\",\"width\":855,\"height\":220,\"caption\":\"Eveready Mexico\"},\"image\":{\"@id\":\"https:\\\/\\\/eveready.com\\\/lat\\\/mexico\\\/#\\\/schema\\\/logo\\\/image\\\/\"}}]}<\/script>\n<!-- \/ Yoast SEO plugin. -->","yoast_head_json":{"title":"Nosotros - Eveready Mexico","robots":{"index":"index","follow":"follow","max-snippet":"max-snippet:-1","max-image-preview":"max-image-preview:large","max-video-preview":"max-video-preview:-1"},"canonical":"https:\/\/eveready.com\/lat\/mexico\/about-eveready\/","og_locale":"en_US","og_type":"article","og_title":"Nosotros - Eveready Mexico","og_description":"NOSOTROS US EVEREADY\u00ae comenz\u00f3 a principios del siglo XX, cuando American Eveready Company, desarrolladora de la linterna, uni\u00f3 fuerzas con National Carbon Company, creadora de la primera bater\u00eda seca tama\u00f1o D. En 1907, Eveready\u00ae anunci\u00f3 una nueva bater\u00eda \u2014el tama\u00f1o AA\u2014 e introdujo varios estilos de l\u00e1mparas de bolsillo compactas que utilizaban esta nueva bater\u00eda. [&hellip;]","og_url":"https:\/\/eveready.com\/lat\/mexico\/about-eveready\/","og_site_name":"Eveready Mexico","article_modified_time":"2026-03-24T11:09:40+00:00","og_image":[{"width":1500,"height":650,"url":"https:\/\/eveready.com\/lat\/mexico\/wp-content\/uploads\/sites\/7\/2025\/09\/subbanner.png","type":"image\/png"}],"twitter_card":"summary_large_image","twitter_misc":{"Est. reading time":"1 minute"},"schema":{"@context":"https:\/\/schema.org","@graph":[{"@type":"WebPage","@id":"https:\/\/eveready.com\/lat\/mexico\/about-eveready\/","url":"https:\/\/eveready.com\/lat\/mexico\/about-eveready\/","name":"Nosotros - Eveready Mexico","isPartOf":{"@id":"https:\/\/eveready.com\/lat\/mexico\/#website"},"primaryImageOfPage":{"@id":"https:\/\/eveready.com\/lat\/mexico\/about-eveready\/#primaryimage"},"image":{"@id":"https:\/\/eveready.com\/lat\/mexico\/about-eveready\/#primaryimage"},"thumbnailUrl":"https:\/\/eveready.com\/lat\/mexico\/wp-content\/uploads\/sites\/7\/2025\/09\/subbanner.png","datePublished":"2025-08-25T06:03:56+00:00","dateModified":"2026-03-24T11:09:40+00:00","breadcrumb":{"@id":"https:\/\/eveready.com\/lat\/mexico\/about-eveready\/#breadcrumb"},"inLanguage":"en-US","potentialAction":[{"@type":"ReadAction","target":["https:\/\/eveready.com\/lat\/mexico\/about-eveready\/"]}]},{"@type":"ImageObject","inLanguage":"en-US","@id":"https:\/\/eveready.com\/lat\/mexico\/about-eveready\/#primaryimage","url":"https:\/\/eveready.com\/lat\/mexico\/wp-content\/uploads\/sites\/7\/2025\/09\/subbanner.png","contentUrl":"https:\/\/eveready.com\/lat\/mexico\/wp-content\/uploads\/sites\/7\/2025\/09\/subbanner.png","width":1500,"height":650},{"@type":"BreadcrumbList","@id":"https:\/\/eveready.com\/lat\/mexico\/about-eveready\/#breadcrumb","itemListElement":[{"@type":"ListItem","position":1,"name":"Home","item":"https:\/\/eveready.com\/lat\/mexico\/"},{"@type":"ListItem","position":2,"name":"Nosotros"}]},{"@type":"WebSite","@id":"https:\/\/eveready.com\/lat\/mexico\/#website","url":"https:\/\/eveready.com\/lat\/mexico\/","name":"Eveready Mexico","description":"","publisher":{"@id":"https:\/\/eveready.com\/lat\/mexico\/#organization"},"potentialAction":[{"@type":"SearchAction","target":{"@type":"EntryPoint","urlTemplate":"https:\/\/eveready.com\/lat\/mexico\/?s={search_term_string}"},"query-input":{"@type":"PropertyValueSpecification","valueRequired":true,"valueName":"search_term_string"}}],"inLanguage":"en-US"},{"@type":"Organization","@id":"https:\/\/eveready.com\/lat\/mexico\/#organization","name":"Eveready Mexico","url":"https:\/\/eveready.com\/lat\/mexico\/","logo":{"@type":"ImageObject","inLanguage":"en-US","@id":"https:\/\/eveready.com\/lat\/mexico\/#\/schema\/logo\/image\/","url":"https:\/\/eveready.com\/lat\/mexico\/wp-content\/uploads\/sites\/7\/2025\/08\/logo-eveready.png","contentUrl":"https:\/\/eveready.com\/lat\/mexico\/wp-content\/uploads\/sites\/7\/2025\/08\/logo-eveready.png","width":855,"height":220,"caption":"Eveready Mexico"},"image":{"@id":"https:\/\/eveready.com\/lat\/mexico\/#\/schema\/logo\/image\/"}}]}},"acf":[],"_links":{"self":[{"href":"https:\/\/eveready.com\/lat\/mexico\/wp-json\/wp\/v2\/pages\/90","targetHints":{"allow":["GET"]}}],"collection":[{"href":"https:\/\/eveready.com\/lat\/mexico\/wp-json\/wp\/v2\/pages"}],"about":[{"href":"https:\/\/eveready.com\/lat\/mexico\/wp-json\/wp\/v2\/types\/page"}],"author":[{"embeddable":true,"href":"https:\/\/eveready.com\/lat\/mexico\/wp-json\/wp\/v2\/users\/1"}],"replies":[{"embeddable":true,"href":"https:\/\/eveready.com\/lat\/mexico\/wp-json\/wp\/v2\/comments?post=90"}],"version-history":[{"count":13,"href":"https:\/\/eveready.com\/lat\/mexico\/wp-json\/wp\/v2\/pages\/90\/revisions"}],"predecessor-version":[{"id":5713,"href":"https:\/\/eveready.com\/lat\/mexico\/wp-json\/wp\/v2\/pages\/90\/revisions\/5713"}],"wp:attachment":[{"href":"https:\/\/eveready.com\/lat\/mexico\/wp-json\/wp\/v2\/media?parent=90"}],"curies":[{"name":"wp","href":"https:\/\/api.w.org\/{rel}","templated":true}]}}