{"id":4698,"date":"2025-12-10T01:21:42","date_gmt":"2025-12-10T06:21:42","guid":{"rendered":"https:\/\/eveready.com\/lat\/mexico\/?post_type=product&#038;p=4698"},"modified":"2026-03-24T04:15:16","modified_gmt":"2026-03-24T08:15:16","slug":"eveready-gold-alcalina-aaa","status":"publish","type":"product","link":"https:\/\/eveready.com\/lat\/mexico\/product\/eveready-gold-alcalina-aaa\/","title":{"rendered":"EVEREADY GOLD\u00ae Alcalina AAA"},"content":{"rendered":"<p><strong>Caracter\u00edsticas y Ventajas<\/strong><\/p>\n<ul>\n<li>Pilas AAA EVEREADY GOLD\u00ae<\/li>\n<li>Mayor duraci\u00f3n*<\/li>\n<li>Las Pilas EVEREADY GOLD\u00ae alimentan tus dispositivos cotidianos como relojes, radios y juguetes<\/li>\n<li>EVEREADY GOLD\u00ae est\u00e1 lista para usarse hasta por 12 a\u00f1os en almacenamiento<\/li>\n<li>Mantiene tus dispositivos seguros con nuestro Sello de Calidad para una Energ\u00eda Confiable.<\/li>\n<li>Las Pilas EVEREADY GOLD\u00ae no tienen mercurio ni cadmio a\u00f1adidos<\/li>\n<li>Obt\u00e9n un rendimiento integral a un precio econ\u00f3mico con EVEREADY\u00ae<\/li>\n<\/ul>\n<p>*Vs. Eveready\u00ae Super Heavy Duty\u2122<\/p>\n","protected":false},"excerpt":{"rendered":"<p>\u00bfSin energ\u00eda? T\u00fa no. Abast\u00e9cete de la bater\u00eda que siempre ha sido confiable y siempre est\u00e1 lista: EVEREADY GOLD\u00ae. Las Pilas EVEREADY GOLD\u00ae cuentan con un Sello de Calidad para brindarte energ\u00eda en la que puedes confiar. Eso significa que mantienen los dispositivos favoritos de tu familia funcionando con potencia. Las Pilas EVEREADY GOLD\u00ae son la opci\u00f3n ideal para dispositivos de bajo a medio consumo como controles remotos, calculadoras y juguetes. \u00bfTienes algunos de estos en casa? Obt\u00e9n EVEREADY\u00ae para la vida.<\/p>\n","protected":false},"featured_media":4823,"comment_status":"open","ping_status":"closed","template":"","meta":{"_acf_changed":false},"product_brand":[],"product_cat":[36,37],"product_tag":[],"class_list":{"0":"post-4698","1":"product","2":"type-product","3":"status-publish","4":"has-post-thumbnail","6":"product_cat-batteries","7":"product_cat-eveready-gold","9":"first","10":"instock","11":"shipping-taxable","12":"product-type-simple"},"yoast_head":"<!-- This site is optimized with the Yoast SEO plugin v27.4 - https:\/\/yoast.com\/product\/yoast-seo-wordpress\/ -->\n<title>EVEREADY GOLD\u00ae Alcalina AAA - Eveready Mexico<\/title>\n<meta name=\"robots\" content=\"index, follow, max-snippet:-1, max-image-preview:large, max-video-preview:-1\" \/>\n<link rel=\"canonical\" href=\"https:\/\/eveready.com\/lat\/mexico\/product\/eveready-gold-alcalina-aaa\/\" \/>\n<meta property=\"og:locale\" content=\"en_US\" \/>\n<meta property=\"og:type\" content=\"article\" \/>\n<meta property=\"og:title\" content=\"EVEREADY GOLD\u00ae Alcalina AAA - Eveready Mexico\" \/>\n<meta property=\"og:description\" content=\"\u00bfSin energ\u00eda? T\u00fa no. Abast\u00e9cete de la bater\u00eda que siempre ha sido confiable y siempre est\u00e1 lista: EVEREADY GOLD\u00ae. Las Pilas EVEREADY GOLD\u00ae cuentan con un Sello de Calidad para brindarte energ\u00eda en la que puedes confiar. Eso significa que mantienen los dispositivos favoritos de tu familia funcionando con potencia. Las Pilas EVEREADY GOLD\u00ae son la opci\u00f3n ideal para dispositivos de bajo a medio consumo como controles remotos, calculadoras y juguetes. \u00bfTienes algunos de estos en casa? Obt\u00e9n EVEREADY\u00ae para la vida.\" \/>\n<meta property=\"og:url\" content=\"https:\/\/eveready.com\/lat\/mexico\/product\/eveready-gold-alcalina-aaa\/\" \/>\n<meta property=\"og:site_name\" content=\"Eveready Mexico\" \/>\n<meta property=\"article:modified_time\" content=\"2026-03-24T08:15:16+00:00\" \/>\n<meta property=\"og:image\" content=\"https:\/\/eveready.com\/lat\/mexico\/wp-content\/uploads\/sites\/7\/2025\/12\/AAA4gold.png\" \/>\n\t<meta property=\"og:image:width\" content=\"800\" \/>\n\t<meta property=\"og:image:height\" content=\"800\" \/>\n\t<meta property=\"og:image:type\" content=\"image\/png\" \/>\n<meta name=\"twitter:card\" content=\"summary_large_image\" \/>\n<meta name=\"twitter:label1\" content=\"Est. reading time\" \/>\n\t<meta name=\"twitter:data1\" content=\"1 minute\" \/>\n<script type=\"application\/ld+json\" class=\"yoast-schema-graph\">{\"@context\":\"https:\\\/\\\/schema.org\",\"@graph\":[{\"@type\":\"WebPage\",\"@id\":\"https:\\\/\\\/eveready.com\\\/lat\\\/mexico\\\/product\\\/eveready-gold-alcalina-aaa\\\/\",\"url\":\"https:\\\/\\\/eveready.com\\\/lat\\\/mexico\\\/product\\\/eveready-gold-alcalina-aaa\\\/\",\"name\":\"EVEREADY GOLD\u00ae Alcalina AAA - Eveready Mexico\",\"isPartOf\":{\"@id\":\"https:\\\/\\\/eveready.com\\\/lat\\\/mexico\\\/#website\"},\"primaryImageOfPage\":{\"@id\":\"https:\\\/\\\/eveready.com\\\/lat\\\/mexico\\\/product\\\/eveready-gold-alcalina-aaa\\\/#primaryimage\"},\"image\":{\"@id\":\"https:\\\/\\\/eveready.com\\\/lat\\\/mexico\\\/product\\\/eveready-gold-alcalina-aaa\\\/#primaryimage\"},\"thumbnailUrl\":\"https:\\\/\\\/eveready.com\\\/lat\\\/mexico\\\/wp-content\\\/uploads\\\/sites\\\/7\\\/2025\\\/12\\\/AAA4gold.png\",\"datePublished\":\"2025-12-10T06:21:42+00:00\",\"dateModified\":\"2026-03-24T08:15:16+00:00\",\"breadcrumb\":{\"@id\":\"https:\\\/\\\/eveready.com\\\/lat\\\/mexico\\\/product\\\/eveready-gold-alcalina-aaa\\\/#breadcrumb\"},\"inLanguage\":\"en-US\",\"potentialAction\":[{\"@type\":\"ReadAction\",\"target\":[\"https:\\\/\\\/eveready.com\\\/lat\\\/mexico\\\/product\\\/eveready-gold-alcalina-aaa\\\/\"]}]},{\"@type\":\"ImageObject\",\"inLanguage\":\"en-US\",\"@id\":\"https:\\\/\\\/eveready.com\\\/lat\\\/mexico\\\/product\\\/eveready-gold-alcalina-aaa\\\/#primaryimage\",\"url\":\"https:\\\/\\\/eveready.com\\\/lat\\\/mexico\\\/wp-content\\\/uploads\\\/sites\\\/7\\\/2025\\\/12\\\/AAA4gold.png\",\"contentUrl\":\"https:\\\/\\\/eveready.com\\\/lat\\\/mexico\\\/wp-content\\\/uploads\\\/sites\\\/7\\\/2025\\\/12\\\/AAA4gold.png\",\"width\":800,\"height\":800},{\"@type\":\"BreadcrumbList\",\"@id\":\"https:\\\/\\\/eveready.com\\\/lat\\\/mexico\\\/product\\\/eveready-gold-alcalina-aaa\\\/#breadcrumb\",\"itemListElement\":[{\"@type\":\"ListItem\",\"position\":1,\"name\":\"Home\",\"item\":\"https:\\\/\\\/eveready.com\\\/lat\\\/mexico\\\/\"},{\"@type\":\"ListItem\",\"position\":2,\"name\":\"Products\",\"item\":\"https:\\\/\\\/eveready.com\\\/lat\\\/mexico\\\/shop\\\/\"},{\"@type\":\"ListItem\",\"position\":3,\"name\":\"EVEREADY GOLD\u00ae Alcalina AAA\"}]},{\"@type\":\"WebSite\",\"@id\":\"https:\\\/\\\/eveready.com\\\/lat\\\/mexico\\\/#website\",\"url\":\"https:\\\/\\\/eveready.com\\\/lat\\\/mexico\\\/\",\"name\":\"Eveready Mexico\",\"description\":\"\",\"publisher\":{\"@id\":\"https:\\\/\\\/eveready.com\\\/lat\\\/mexico\\\/#organization\"},\"potentialAction\":[{\"@type\":\"SearchAction\",\"target\":{\"@type\":\"EntryPoint\",\"urlTemplate\":\"https:\\\/\\\/eveready.com\\\/lat\\\/mexico\\\/?s={search_term_string}\"},\"query-input\":{\"@type\":\"PropertyValueSpecification\",\"valueRequired\":true,\"valueName\":\"search_term_string\"}}],\"inLanguage\":\"en-US\"},{\"@type\":\"Organization\",\"@id\":\"https:\\\/\\\/eveready.com\\\/lat\\\/mexico\\\/#organization\",\"name\":\"Eveready Mexico\",\"url\":\"https:\\\/\\\/eveready.com\\\/lat\\\/mexico\\\/\",\"logo\":{\"@type\":\"ImageObject\",\"inLanguage\":\"en-US\",\"@id\":\"https:\\\/\\\/eveready.com\\\/lat\\\/mexico\\\/#\\\/schema\\\/logo\\\/image\\\/\",\"url\":\"https:\\\/\\\/eveready.com\\\/lat\\\/mexico\\\/wp-content\\\/uploads\\\/sites\\\/7\\\/2025\\\/08\\\/logo-eveready.png\",\"contentUrl\":\"https:\\\/\\\/eveready.com\\\/lat\\\/mexico\\\/wp-content\\\/uploads\\\/sites\\\/7\\\/2025\\\/08\\\/logo-eveready.png\",\"width\":855,\"height\":220,\"caption\":\"Eveready Mexico\"},\"image\":{\"@id\":\"https:\\\/\\\/eveready.com\\\/lat\\\/mexico\\\/#\\\/schema\\\/logo\\\/image\\\/\"}}]}<\/script>\n<!-- \/ Yoast SEO plugin. -->","yoast_head_json":{"title":"EVEREADY GOLD\u00ae Alcalina AAA - Eveready Mexico","robots":{"index":"index","follow":"follow","max-snippet":"max-snippet:-1","max-image-preview":"max-image-preview:large","max-video-preview":"max-video-preview:-1"},"canonical":"https:\/\/eveready.com\/lat\/mexico\/product\/eveready-gold-alcalina-aaa\/","og_locale":"en_US","og_type":"article","og_title":"EVEREADY GOLD\u00ae Alcalina AAA - Eveready Mexico","og_description":"\u00bfSin energ\u00eda? T\u00fa no. Abast\u00e9cete de la bater\u00eda que siempre ha sido confiable y siempre est\u00e1 lista: EVEREADY GOLD\u00ae. Las Pilas EVEREADY GOLD\u00ae cuentan con un Sello de Calidad para brindarte energ\u00eda en la que puedes confiar. Eso significa que mantienen los dispositivos favoritos de tu familia funcionando con potencia. Las Pilas EVEREADY GOLD\u00ae son la opci\u00f3n ideal para dispositivos de bajo a medio consumo como controles remotos, calculadoras y juguetes. \u00bfTienes algunos de estos en casa? Obt\u00e9n EVEREADY\u00ae para la vida.","og_url":"https:\/\/eveready.com\/lat\/mexico\/product\/eveready-gold-alcalina-aaa\/","og_site_name":"Eveready Mexico","article_modified_time":"2026-03-24T08:15:16+00:00","og_image":[{"width":800,"height":800,"url":"https:\/\/eveready.com\/lat\/mexico\/wp-content\/uploads\/sites\/7\/2025\/12\/AAA4gold.png","type":"image\/png"}],"twitter_card":"summary_large_image","twitter_misc":{"Est. reading time":"1 minute"},"schema":{"@context":"https:\/\/schema.org","@graph":[{"@type":"WebPage","@id":"https:\/\/eveready.com\/lat\/mexico\/product\/eveready-gold-alcalina-aaa\/","url":"https:\/\/eveready.com\/lat\/mexico\/product\/eveready-gold-alcalina-aaa\/","name":"EVEREADY GOLD\u00ae Alcalina AAA - Eveready Mexico","isPartOf":{"@id":"https:\/\/eveready.com\/lat\/mexico\/#website"},"primaryImageOfPage":{"@id":"https:\/\/eveready.com\/lat\/mexico\/product\/eveready-gold-alcalina-aaa\/#primaryimage"},"image":{"@id":"https:\/\/eveready.com\/lat\/mexico\/product\/eveready-gold-alcalina-aaa\/#primaryimage"},"thumbnailUrl":"https:\/\/eveready.com\/lat\/mexico\/wp-content\/uploads\/sites\/7\/2025\/12\/AAA4gold.png","datePublished":"2025-12-10T06:21:42+00:00","dateModified":"2026-03-24T08:15:16+00:00","breadcrumb":{"@id":"https:\/\/eveready.com\/lat\/mexico\/product\/eveready-gold-alcalina-aaa\/#breadcrumb"},"inLanguage":"en-US","potentialAction":[{"@type":"ReadAction","target":["https:\/\/eveready.com\/lat\/mexico\/product\/eveready-gold-alcalina-aaa\/"]}]},{"@type":"ImageObject","inLanguage":"en-US","@id":"https:\/\/eveready.com\/lat\/mexico\/product\/eveready-gold-alcalina-aaa\/#primaryimage","url":"https:\/\/eveready.com\/lat\/mexico\/wp-content\/uploads\/sites\/7\/2025\/12\/AAA4gold.png","contentUrl":"https:\/\/eveready.com\/lat\/mexico\/wp-content\/uploads\/sites\/7\/2025\/12\/AAA4gold.png","width":800,"height":800},{"@type":"BreadcrumbList","@id":"https:\/\/eveready.com\/lat\/mexico\/product\/eveready-gold-alcalina-aaa\/#breadcrumb","itemListElement":[{"@type":"ListItem","position":1,"name":"Home","item":"https:\/\/eveready.com\/lat\/mexico\/"},{"@type":"ListItem","position":2,"name":"Products","item":"https:\/\/eveready.com\/lat\/mexico\/shop\/"},{"@type":"ListItem","position":3,"name":"EVEREADY GOLD\u00ae Alcalina AAA"}]},{"@type":"WebSite","@id":"https:\/\/eveready.com\/lat\/mexico\/#website","url":"https:\/\/eveready.com\/lat\/mexico\/","name":"Eveready Mexico","description":"","publisher":{"@id":"https:\/\/eveready.com\/lat\/mexico\/#organization"},"potentialAction":[{"@type":"SearchAction","target":{"@type":"EntryPoint","urlTemplate":"https:\/\/eveready.com\/lat\/mexico\/?s={search_term_string}"},"query-input":{"@type":"PropertyValueSpecification","valueRequired":true,"valueName":"search_term_string"}}],"inLanguage":"en-US"},{"@type":"Organization","@id":"https:\/\/eveready.com\/lat\/mexico\/#organization","name":"Eveready Mexico","url":"https:\/\/eveready.com\/lat\/mexico\/","logo":{"@type":"ImageObject","inLanguage":"en-US","@id":"https:\/\/eveready.com\/lat\/mexico\/#\/schema\/logo\/image\/","url":"https:\/\/eveready.com\/lat\/mexico\/wp-content\/uploads\/sites\/7\/2025\/08\/logo-eveready.png","contentUrl":"https:\/\/eveready.com\/lat\/mexico\/wp-content\/uploads\/sites\/7\/2025\/08\/logo-eveready.png","width":855,"height":220,"caption":"Eveready Mexico"},"image":{"@id":"https:\/\/eveready.com\/lat\/mexico\/#\/schema\/logo\/image\/"}}]}},"acf":[],"_links":{"self":[{"href":"https:\/\/eveready.com\/lat\/mexico\/wp-json\/wp\/v2\/product\/4698","targetHints":{"allow":["GET"]}}],"collection":[{"href":"https:\/\/eveready.com\/lat\/mexico\/wp-json\/wp\/v2\/product"}],"about":[{"href":"https:\/\/eveready.com\/lat\/mexico\/wp-json\/wp\/v2\/types\/product"}],"replies":[{"embeddable":true,"href":"https:\/\/eveready.com\/lat\/mexico\/wp-json\/wp\/v2\/comments?post=4698"}],"wp:featuredmedia":[{"embeddable":true,"href":"https:\/\/eveready.com\/lat\/mexico\/wp-json\/wp\/v2\/media\/4823"}],"wp:attachment":[{"href":"https:\/\/eveready.com\/lat\/mexico\/wp-json\/wp\/v2\/media?parent=4698"}],"wp:term":[{"taxonomy":"product_brand","embeddable":true,"href":"https:\/\/eveready.com\/lat\/mexico\/wp-json\/wp\/v2\/product_brand?post=4698"},{"taxonomy":"product_cat","embeddable":true,"href":"https:\/\/eveready.com\/lat\/mexico\/wp-json\/wp\/v2\/product_cat?post=4698"},{"taxonomy":"product_tag","embeddable":true,"href":"https:\/\/eveready.com\/lat\/mexico\/wp-json\/wp\/v2\/product_tag?post=4698"}],"curies":[{"name":"wp","href":"https:\/\/api.w.org\/{rel}","templated":true}]}}